{"id":7287,"date":"2026-01-20T16:17:43","date_gmt":"2026-01-20T08:17:43","guid":{"rendered":"https:\/\/ac-truck.com\/?post_type=product&#038;p=7287"},"modified":"2026-01-20T16:17:43","modified_gmt":"2026-01-20T08:17:43","slug":"vacuum-truck-5000l-isuzu","status":"publish","type":"product","link":"https:\/\/ac-truck.com\/fr\/vacuum-truck-5000l-isuzu.html","title":{"rendered":"Camion aspirateur 5000L ISUZU"},"content":{"rendered":"<p><img fetchpriority=\"high\" decoding=\"async\" class=\"aligncenter wp-image-7288\" src=\"https:\/\/ac-truck.com\/wp-content\/uploads\/2026\/01\/\u4ea7\u54c1\u6d77\u62a5_01-12.webp\" alt=\"\" width=\"1234\" height=\"1607\" srcset=\"https:\/\/ac-truck.com\/wp-content\/uploads\/2026\/01\/\u4ea7\u54c1\u6d77\u62a5_01-12.webp 790w, https:\/\/ac-truck.com\/wp-content\/uploads\/2026\/01\/\u4ea7\u54c1\u6d77\u62a5_01-12-230x300.webp 230w, https:\/\/ac-truck.com\/wp-content\/uploads\/2026\/01\/\u4ea7\u54c1\u6d77\u62a5_01-12-786x1024.webp 786w, https:\/\/ac-truck.com\/wp-content\/uploads\/2026\/01\/\u4ea7\u54c1\u6d77\u62a5_01-12-768x1000.webp 768w, https:\/\/ac-truck.com\/wp-content\/uploads\/2026\/01\/\u4ea7\u54c1\u6d77\u62a5_01-12-9x12.webp 9w, https:\/\/ac-truck.com\/wp-content\/uploads\/2026\/01\/\u4ea7\u54c1\u6d77\u62a5_01-12-600x782.webp 600w, https:\/\/ac-truck.com\/wp-content\/uploads\/2026\/01\/\u4ea7\u54c1\u6d77\u62a5_01-12-150x195.webp 150w\" sizes=\"(max-width: 1234px) 100vw, 1234px\" \/><\/p>\n<h1 style=\"text-align: center;\">PARAM\u00c8TRES DU PRODUIT<\/h1>\n<p><img decoding=\"async\" class=\"aligncenter wp-image-7289\" src=\"https:\/\/ac-truck.com\/wp-content\/uploads\/2026\/01\/\u4ea7\u54c1\u6d77\u62a5_03-12.webp\" alt=\"\" width=\"1234\" height=\"486\" srcset=\"https:\/\/ac-truck.com\/wp-content\/uploads\/2026\/01\/\u4ea7\u54c1\u6d77\u62a5_03-12.webp 790w, https:\/\/ac-truck.com\/wp-content\/uploads\/2026\/01\/\u4ea7\u54c1\u6d77\u62a5_03-12-300x118.webp 300w, https:\/\/ac-truck.com\/wp-content\/uploads\/2026\/01\/\u4ea7\u54c1\u6d77\u62a5_03-12-768x302.webp 768w, https:\/\/ac-truck.com\/wp-content\/uploads\/2026\/01\/\u4ea7\u54c1\u6d77\u62a5_03-12-18x7.webp 18w, https:\/\/ac-truck.com\/wp-content\/uploads\/2026\/01\/\u4ea7\u54c1\u6d77\u62a5_03-12-600x236.webp 600w, https:\/\/ac-truck.com\/wp-content\/uploads\/2026\/01\/\u4ea7\u54c1\u6d77\u62a5_03-12-150x59.webp 150w\" sizes=\"(max-width: 1234px) 100vw, 1234px\" \/><\/p>\n<h1 style=\"text-align: center;\">Camion aspirateur 5000L ISUZU<\/h1>\n<table>\n<tbody>\n<tr>\n<td width=\"79\"><strong>projet<\/strong><\/td>\n<td width=\"319\"><strong>Descriptions<\/strong><\/td>\n<td width=\"288\"><strong>Caract\u00e9ristiques<\/strong><\/td>\n<\/tr>\n<tr>\n<td rowspan=\"4\" width=\"79\"><strong>Basique<\/strong><\/td>\n<td width=\"319\"><strong>Dimensions hors tout (mm)<\/strong><\/td>\n<td width=\"288\"><strong>5995\u00d72100\u00d72650<\/strong><\/td>\n<\/tr>\n<tr>\n<td width=\"319\"><strong>poids \u00e0 vide (kg)<\/strong><\/td>\n<td width=\"288\"><strong>2870<\/strong><\/td>\n<\/tr>\n<tr>\n<td width=\"319\"><strong>Capacit\u00e9 de charge (kg)<\/strong><\/td>\n<td width=\"288\"><strong>1495<\/strong><\/td>\n<\/tr>\n<tr>\n<td width=\"319\"><strong>Masse totale (kg)<\/strong><\/td>\n<td width=\"288\"><strong>4495<\/strong><\/td>\n<\/tr>\n<tr>\n<td rowspan=\"4\" width=\"79\"><strong>Corps<\/strong><\/td>\n<td width=\"319\"><strong>Volume total du r\u00e9servoir (L)<\/strong><\/td>\n<td width=\"288\"><strong>3000<\/strong><\/td>\n<\/tr>\n<tr>\n<td width=\"319\"><strong>Volume du r\u00e9servoir d'aspiration (L)<\/strong><\/td>\n<td width=\"288\"><strong>3000<\/strong><\/td>\n<\/tr>\n<tr>\n<td width=\"319\"><strong>Mat\u00e9riau du r\u00e9servoir<\/strong><\/td>\n<td width=\"288\"><strong>Acier au carbone Q235<\/strong><\/td>\n<\/tr>\n<tr>\n<td width=\"319\"><strong>\u00c9paisseur du r\u00e9servoir (mm)<\/strong><\/td>\n<td width=\"288\"><strong>5<\/strong><\/td>\n<\/tr>\n<tr>\n<td rowspan=\"6\" width=\"79\"><strong>Ch\u00e2ssis<\/strong><\/p>\n<p>&nbsp;<\/td>\n<td width=\"319\"><strong>Marque du ch\u00e2ssis<\/strong><\/td>\n<td width=\"288\"><strong>ISUZU<\/strong><\/td>\n<\/tr>\n<tr>\n<td width=\"319\"><strong>Formulaire de conduite<\/strong><\/td>\n<td width=\"288\"><strong>4*2<\/strong><\/td>\n<\/tr>\n<tr>\n<td width=\"319\"><strong>Volant<\/strong><\/td>\n<td width=\"288\"><strong>Conduite \u00e0 gauche<\/strong><\/td>\n<\/tr>\n<tr>\n<td width=\"319\"><strong>Puissance maximale du moteur (kW)<\/strong><\/td>\n<td width=\"288\"><strong>103<\/strong><\/td>\n<\/tr>\n<tr>\n<td width=\"319\"><strong>Normes d&#039;\u00e9mission<\/strong><\/td>\n<td width=\"288\"><strong>Euro 6<\/strong><\/td>\n<\/tr>\n<tr>\n<td width=\"319\"><strong>Bo\u00eete de vitesse<\/strong><\/td>\n<td width=\"288\"><strong>Isuzu MSB 5-speed transmission<\/strong><\/td>\n<\/tr>\n<\/tbody>\n<\/table>\n<h1 style=\"text-align: center;\"><strong>AVANTAGES DU V\u00c9HICULE<\/strong><\/h1>\n<h5 style=\"text-align: center;\">PUISSANTES CAPACIT\u00c9S D'ASPIRATION ET DE DRAINAGE DES EAUX US\u00c9ES<\/h5>\n<p><img decoding=\"async\" class=\"aligncenter wp-image-7253\" src=\"https:\/\/ac-truck.com\/wp-content\/uploads\/2026\/01\/%E6%B8%85%E6%B4%97%E5%90%B8%E6%B1%A1%E8%BD%A6%E8%AF%A6%E6%83%85%E9%A1%B5_05.webp\" sizes=\"(max-width: 1234px) 100vw, 1234px\" srcset=\"https:\/\/ac-truck.com\/wp-content\/uploads\/2026\/01\/\u6e05\u6d17\u5438\u6c61\u8f66\u8be6\u60c5\u9875_05.webp 790w, https:\/\/ac-truck.com\/wp-content\/uploads\/2026\/01\/\u6e05\u6d17\u5438\u6c61\u8f66\u8be6\u60c5\u9875_05-99x300.webp 99w, https:\/\/ac-truck.com\/wp-content\/uploads\/2026\/01\/\u6e05\u6d17\u5438\u6c61\u8f66\u8be6\u60c5\u9875_05-338x1024.webp 338w, https:\/\/ac-truck.com\/wp-content\/uploads\/2026\/01\/\u6e05\u6d17\u5438\u6c61\u8f66\u8be6\u60c5\u9875_05-768x2329.webp 768w, https:\/\/ac-truck.com\/wp-content\/uploads\/2026\/01\/\u6e05\u6d17\u5438\u6c61\u8f66\u8be6\u60c5\u9875_05-506x1536.webp 506w, https:\/\/ac-truck.com\/wp-content\/uploads\/2026\/01\/\u6e05\u6d17\u5438\u6c61\u8f66\u8be6\u60c5\u9875_05-675x2048.webp 675w, https:\/\/ac-truck.com\/wp-content\/uploads\/2026\/01\/\u6e05\u6d17\u5438\u6c61\u8f66\u8be6\u60c5\u9875_05-4x12.webp 4w, https:\/\/ac-truck.com\/wp-content\/uploads\/2026\/01\/\u6e05\u6d17\u5438\u6c61\u8f66\u8be6\u60c5\u9875_05-600x1820.webp 600w, https:\/\/ac-truck.com\/wp-content\/uploads\/2026\/01\/\u6e05\u6d17\u5438\u6c61\u8f66\u8be6\u60c5\u9875_05-150x455.webp 150w\" alt=\"\" width=\"1234\" height=\"3743\" \/><\/p>\n<p><strong>1. Pompe \u00e0 vide \u00e0 cycle d'eau : Elle se caract\u00e9rise par une faible consommation et une grande efficacit\u00e9, avec une puissance d'aspiration forte et stable.<\/strong><br \/>\n<strong>2. Plusieurs orifices d'aspiration : Gr\u00e2ce \u00e0 l'aspiration simultan\u00e9e par plusieurs orifices, l'efficacit\u00e9 op\u00e9rationnelle est doubl\u00e9e.<\/strong><br \/>\n<strong>3. Orifice de d\u00e9charge hydraulique \u00e0 l'arri\u00e8re du r\u00e9servoir : Assist\u00e9 par la puissance hydraulique, la d\u00e9charge est rapide et compl\u00e8te.<\/strong><br \/>\n<strong>4. Orifice de vidange \u00e0 bille au fond du r\u00e9servoir : Command\u00e9 par une vanne \u00e0 bille, il offre une vidange pratique et emp\u00eache les fuites.<\/strong><br \/>\n<strong>5. Tuyau d'aspiration des eaux us\u00e9es : Il est flexible et durable, adapt\u00e9 aux conditions de travail complexes.<\/strong><\/p>\n<h1 style=\"text-align: center;\">CONFIGURATION DE NETTOYAGE HAUTE PRESSION<\/h1>\n<p><img loading=\"lazy\" decoding=\"async\" class=\"aligncenter wp-image-7254\" src=\"https:\/\/ac-truck.com\/wp-content\/uploads\/2026\/01\/%E6%B8%85%E6%B4%97%E5%90%B8%E6%B1%A1%E8%BD%A6%E8%AF%A6%E6%83%85%E9%A1%B5_07.webp\" sizes=\"(max-width: 1234px) 100vw, 1234px\" srcset=\"https:\/\/ac-truck.com\/wp-content\/uploads\/2026\/01\/\u6e05\u6d17\u5438\u6c61\u8f66\u8be6\u60c5\u9875_07.webp 790w, https:\/\/ac-truck.com\/wp-content\/uploads\/2026\/01\/\u6e05\u6d17\u5438\u6c61\u8f66\u8be6\u60c5\u9875_07-134x300.webp 134w, https:\/\/ac-truck.com\/wp-content\/uploads\/2026\/01\/\u6e05\u6d17\u5438\u6c61\u8f66\u8be6\u60c5\u9875_07-457x1024.webp 457w, https:\/\/ac-truck.com\/wp-content\/uploads\/2026\/01\/\u6e05\u6d17\u5438\u6c61\u8f66\u8be6\u60c5\u9875_07-768x1723.webp 768w, https:\/\/ac-truck.com\/wp-content\/uploads\/2026\/01\/\u6e05\u6d17\u5438\u6c61\u8f66\u8be6\u60c5\u9875_07-685x1536.webp 685w, https:\/\/ac-truck.com\/wp-content\/uploads\/2026\/01\/\u6e05\u6d17\u5438\u6c61\u8f66\u8be6\u60c5\u9875_07-5x12.webp 5w, https:\/\/ac-truck.com\/wp-content\/uploads\/2026\/01\/\u6e05\u6d17\u5438\u6c61\u8f66\u8be6\u60c5\u9875_07-600x1346.webp 600w, https:\/\/ac-truck.com\/wp-content\/uploads\/2026\/01\/\u6e05\u6d17\u5438\u6c61\u8f66\u8be6\u60c5\u9875_07-150x336.webp 150w\" alt=\"\" width=\"1234\" height=\"2768\" \/><\/p>\n<p><strong>1. Pompe haute pression : Gr\u00e2ce \u00e0 sa haute pression et \u00e0 ses performances puissantes, elle permet un dragage efficace et \u00e9conome en main-d'\u0153uvre.<\/strong><br \/>\n<strong>2. Pompe \u00e0 piston : R\u00e9sistante \u00e0 la haute pression et \u00e0 l'usure, stable en fonctionnement et durable \u00e0 l'usage.<\/strong><br \/>\n<strong>3. R\u00e9servoir d'eau en circuit ferm\u00e9 : Il assure une alimentation en eau en circuit ferm\u00e9, ce qui est pratique pour \u00e9conomiser l'eau et r\u00e9duire la consommation d'\u00e9nergie.<\/strong><br \/>\n<strong>4. Entr\u00e9es d'eau des deux c\u00f4t\u00e9s du r\u00e9servoir d'eau : Gr\u00e2ce aux entr\u00e9es d'eau des deux c\u00f4t\u00e9s, le remplissage d'eau est rapide et pratique.<\/strong><br \/>\n<strong>5. Entr\u00e9e et sortie d'eau propre : L'entr\u00e9e et la sortie ne sont pas obstru\u00e9es, ce qui rend le fonctionnement simple et sans souci.<\/strong><\/p>\n<h1 style=\"text-align: center;\">R\u00c9SERVOIR DE STOCKAGE HAUTE R\u00c9SISTANCE<\/h1>\n<p><img loading=\"lazy\" decoding=\"async\" class=\"aligncenter wp-image-7255\" src=\"https:\/\/ac-truck.com\/wp-content\/uploads\/2026\/01\/%E6%B8%85%E6%B4%97%E5%90%B8%E6%B1%A1%E8%BD%A6%E8%AF%A6%E6%83%85%E9%A1%B5_09.webp\" sizes=\"(max-width: 1234px) 100vw, 1234px\" srcset=\"https:\/\/ac-truck.com\/wp-content\/uploads\/2026\/01\/\u6e05\u6d17\u5438\u6c61\u8f66\u8be6\u60c5\u9875_09.webp 790w, https:\/\/ac-truck.com\/wp-content\/uploads\/2026\/01\/\u6e05\u6d17\u5438\u6c61\u8f66\u8be6\u60c5\u9875_09-145x300.webp 145w, https:\/\/ac-truck.com\/wp-content\/uploads\/2026\/01\/\u6e05\u6d17\u5438\u6c61\u8f66\u8be6\u60c5\u9875_09-493x1024.webp 493w, https:\/\/ac-truck.com\/wp-content\/uploads\/2026\/01\/\u6e05\u6d17\u5438\u6c61\u8f66\u8be6\u60c5\u9875_09-768x1594.webp 768w, https:\/\/ac-truck.com\/wp-content\/uploads\/2026\/01\/\u6e05\u6d17\u5438\u6c61\u8f66\u8be6\u60c5\u9875_09-740x1536.webp 740w, https:\/\/ac-truck.com\/wp-content\/uploads\/2026\/01\/\u6e05\u6d17\u5438\u6c61\u8f66\u8be6\u60c5\u9875_09-6x12.webp 6w, https:\/\/ac-truck.com\/wp-content\/uploads\/2026\/01\/\u6e05\u6d17\u5438\u6c61\u8f66\u8be6\u60c5\u9875_09-600x1246.webp 600w, https:\/\/ac-truck.com\/wp-content\/uploads\/2026\/01\/\u6e05\u6d17\u5438\u6c61\u8f66\u8be6\u60c5\u9875_09-150x311.webp 150w\" alt=\"\" width=\"1234\" height=\"2562\" \/><\/p>\n<p><strong>1. R\u00e9servoir de stockage haute r\u00e9sistance : Il est r\u00e9sistant \u00e0 la pression et \u00e0 la corrosion, robuste, durable et capable de r\u00e9sister \u00e0 des conditions difficiles.<\/strong><br \/>\n<strong>2. Interconnexion entre le r\u00e9servoir d'eau propre et le r\u00e9servoir d'eaux us\u00e9es : L'interconnexion est fluide, ce qui permet d'\u00e9conomiser l'eau, est efficace et pratique.<\/strong><br \/>\n<strong>3. Dispositif de verrouillage : Il se verrouille fermement et assure une \u00e9tanch\u00e9it\u00e9 fiable pour \u00e9viter les fuites.<\/strong><\/p>\n<h1 style=\"text-align: center;\">AUTRES D\u00c9TAILS<\/h1>\n<p><img loading=\"lazy\" decoding=\"async\" class=\"aligncenter wp-image-7256\" src=\"https:\/\/ac-truck.com\/wp-content\/uploads\/2026\/01\/%E6%B8%85%E6%B4%97%E5%90%B8%E6%B1%A1%E8%BD%A6%E8%AF%A6%E6%83%85%E9%A1%B5_11.webp\" sizes=\"(max-width: 1234px) 100vw, 1234px\" srcset=\"https:\/\/ac-truck.com\/wp-content\/uploads\/2026\/01\/\u6e05\u6d17\u5438\u6c61\u8f66\u8be6\u60c5\u9875_11.webp 790w, https:\/\/ac-truck.com\/wp-content\/uploads\/2026\/01\/\u6e05\u6d17\u5438\u6c61\u8f66\u8be6\u60c5\u9875_11-167x300.webp 167w, https:\/\/ac-truck.com\/wp-content\/uploads\/2026\/01\/\u6e05\u6d17\u5438\u6c61\u8f66\u8be6\u60c5\u9875_11-570x1024.webp 570w, https:\/\/ac-truck.com\/wp-content\/uploads\/2026\/01\/\u6e05\u6d17\u5438\u6c61\u8f66\u8be6\u60c5\u9875_11-768x1380.webp 768w, https:\/\/ac-truck.com\/wp-content\/uploads\/2026\/01\/\u6e05\u6d17\u5438\u6c61\u8f66\u8be6\u60c5\u9875_11-7x12.webp 7w, https:\/\/ac-truck.com\/wp-content\/uploads\/2026\/01\/\u6e05\u6d17\u5438\u6c61\u8f66\u8be6\u60c5\u9875_11-600x1078.webp 600w, https:\/\/ac-truck.com\/wp-content\/uploads\/2026\/01\/\u6e05\u6d17\u5438\u6c61\u8f66\u8be6\u60c5\u9875_11-150x270.webp 150w\" alt=\"\" width=\"1234\" height=\"2218\" \/><\/p>\n<p><strong>bobine de 1,180 pouce<\/strong><br \/>\n<strong>2. Tube de volume d'eaux us\u00e9es visibles<\/strong><br \/>\n<strong>3. \u00c9chelle<\/strong><br \/>\n<strong>4. Bo\u00eete \u00e0 outils<\/strong><br \/>\n<strong>5. Tige de commande manuelle<\/strong><br \/>\n<strong>6. Grand manom\u00e8tre<\/strong><br \/>\n<strong>7. D\u00e9flecteur anti-pollution<\/strong><br \/>\n<strong>8. Dispositif de lavage des mains<\/strong><\/p>\n<h1 style=\"text-align: center;\">PROCESSUS DE PRODUCTION<\/h1>\n<p><img loading=\"lazy\" decoding=\"async\" class=\"aligncenter wp-image-7257\" src=\"https:\/\/ac-truck.com\/wp-content\/uploads\/2026\/01\/%E6%B8%85%E6%B4%97%E5%90%B8%E6%B1%A1%E8%BD%A6%E8%AF%A6%E6%83%85%E9%A1%B5_13.webp\" sizes=\"(max-width: 1234px) 100vw, 1234px\" srcset=\"https:\/\/ac-truck.com\/wp-content\/uploads\/2026\/01\/\u6e05\u6d17\u5438\u6c61\u8f66\u8be6\u60c5\u9875_13.webp 790w, https:\/\/ac-truck.com\/wp-content\/uploads\/2026\/01\/\u6e05\u6d17\u5438\u6c61\u8f66\u8be6\u60c5\u9875_13-93x300.webp 93w, https:\/\/ac-truck.com\/wp-content\/uploads\/2026\/01\/\u6e05\u6d17\u5438\u6c61\u8f66\u8be6\u60c5\u9875_13-316x1024.webp 316w, https:\/\/ac-truck.com\/wp-content\/uploads\/2026\/01\/\u6e05\u6d17\u5438\u6c61\u8f66\u8be6\u60c5\u9875_13-768x2485.webp 768w, https:\/\/ac-truck.com\/wp-content\/uploads\/2026\/01\/\u6e05\u6d17\u5438\u6c61\u8f66\u8be6\u60c5\u9875_13-475x1536.webp 475w, https:\/\/ac-truck.com\/wp-content\/uploads\/2026\/01\/\u6e05\u6d17\u5438\u6c61\u8f66\u8be6\u60c5\u9875_13-633x2048.webp 633w, https:\/\/ac-truck.com\/wp-content\/uploads\/2026\/01\/\u6e05\u6d17\u5438\u6c61\u8f66\u8be6\u60c5\u9875_13-4x12.webp 4w, https:\/\/ac-truck.com\/wp-content\/uploads\/2026\/01\/\u6e05\u6d17\u5438\u6c61\u8f66\u8be6\u60c5\u9875_13-600x1941.webp 600w, https:\/\/ac-truck.com\/wp-content\/uploads\/2026\/01\/\u6e05\u6d17\u5438\u6c61\u8f66\u8be6\u60c5\u9875_13-150x485.webp 150w\" alt=\"\" width=\"1234\" height=\"3993\" \/><\/p>\n<p><strong>1. Laminage de plaques pour la formation de r\u00e9servoirs<\/strong><br \/>\n<strong>2. Soudage du r\u00e9servoir<\/strong><br \/>\n<strong>3. Soudage de d\u00e9tail du corps du r\u00e9servoir<\/strong><br \/>\n<strong>4. Montage du corps du char sur le ch\u00e2ssis<\/strong><br \/>\n<strong>5. Traitement anticorrosion par pulv\u00e9risation du corps du r\u00e9servoir<\/strong><br \/>\n<strong>6. Ach\u00e8vement de l'installation de la partie sup\u00e9rieure de la carrosserie du v\u00e9hicule<\/strong><\/p>\n<h1 style=\"text-align: center;\">SC\u00c9NARIOS D'APPLICATION<\/h1>\n<p><img loading=\"lazy\" decoding=\"async\" class=\"aligncenter wp-image-7258\" src=\"https:\/\/ac-truck.com\/wp-content\/uploads\/2026\/01\/%E6%B8%85%E6%B4%97%E5%90%B8%E6%B1%A1%E8%BD%A6%E8%AF%A6%E6%83%85%E9%A1%B5_15.webp\" sizes=\"(max-width: 1234px) 100vw, 1234px\" srcset=\"https:\/\/ac-truck.com\/wp-content\/uploads\/2026\/01\/\u6e05\u6d17\u5438\u6c61\u8f66\u8be6\u60c5\u9875_15.webp 790w, https:\/\/ac-truck.com\/wp-content\/uploads\/2026\/01\/\u6e05\u6d17\u5438\u6c61\u8f66\u8be6\u60c5\u9875_15-162x300.webp 162w, https:\/\/ac-truck.com\/wp-content\/uploads\/2026\/01\/\u6e05\u6d17\u5438\u6c61\u8f66\u8be6\u60c5\u9875_15-554x1024.webp 554w, https:\/\/ac-truck.com\/wp-content\/uploads\/2026\/01\/\u6e05\u6d17\u5438\u6c61\u8f66\u8be6\u60c5\u9875_15-768x1419.webp 768w, https:\/\/ac-truck.com\/wp-content\/uploads\/2026\/01\/\u6e05\u6d17\u5438\u6c61\u8f66\u8be6\u60c5\u9875_15-6x12.webp 6w, https:\/\/ac-truck.com\/wp-content\/uploads\/2026\/01\/\u6e05\u6d17\u5438\u6c61\u8f66\u8be6\u60c5\u9875_15-600x1109.webp 600w, https:\/\/ac-truck.com\/wp-content\/uploads\/2026\/01\/\u6e05\u6d17\u5438\u6c61\u8f66\u8be6\u60c5\u9875_15-150x277.webp 150w\" alt=\"\" width=\"1234\" height=\"2281\" \/><\/p>\n<h1 style=\"text-align: center;\">EMBALLAGE ET TRANSPORT<\/h1>\n<p><img loading=\"lazy\" decoding=\"async\" class=\"aligncenter wp-image-7259\" src=\"https:\/\/ac-truck.com\/wp-content\/uploads\/2026\/01\/%E6%B8%85%E6%B4%97%E5%90%B8%E6%B1%A1%E8%BD%A6%E8%AF%A6%E6%83%85%E9%A1%B5_17.webp\" sizes=\"(max-width: 1234px) 100vw, 1234px\" srcset=\"https:\/\/ac-truck.com\/wp-content\/uploads\/2026\/01\/\u6e05\u6d17\u5438\u6c61\u8f66\u8be6\u60c5\u9875_17.webp 790w, https:\/\/ac-truck.com\/wp-content\/uploads\/2026\/01\/\u6e05\u6d17\u5438\u6c61\u8f66\u8be6\u60c5\u9875_17-120x300.webp 120w, https:\/\/ac-truck.com\/wp-content\/uploads\/2026\/01\/\u6e05\u6d17\u5438\u6c61\u8f66\u8be6\u60c5\u9875_17-409x1024.webp 409w, https:\/\/ac-truck.com\/wp-content\/uploads\/2026\/01\/\u6e05\u6d17\u5438\u6c61\u8f66\u8be6\u60c5\u9875_17-768x1921.webp 768w, https:\/\/ac-truck.com\/wp-content\/uploads\/2026\/01\/\u6e05\u6d17\u5438\u6c61\u8f66\u8be6\u60c5\u9875_17-614x1536.webp 614w, https:\/\/ac-truck.com\/wp-content\/uploads\/2026\/01\/\u6e05\u6d17\u5438\u6c61\u8f66\u8be6\u60c5\u9875_17-5x12.webp 5w, https:\/\/ac-truck.com\/wp-content\/uploads\/2026\/01\/\u6e05\u6d17\u5438\u6c61\u8f66\u8be6\u60c5\u9875_17-600x1501.webp 600w, https:\/\/ac-truck.com\/wp-content\/uploads\/2026\/01\/\u6e05\u6d17\u5438\u6c61\u8f66\u8be6\u60c5\u9875_17-150x375.webp 150w\" alt=\"\" width=\"1234\" height=\"3087\" \/><\/p>","protected":false},"excerpt":{"rendered":"<p>PRODUCT PARAMETERS Vacuum Truck 5000L ISUZU project Descriptions Specifications Basic Overall dimensions(mm) 5995\u00d72100\u00d72650 curb weight(Kg) 2870 Loading capacity(Kg) 1495 Total<\/p>","protected":false},"featured_media":7290,"template":"","meta":[],"product_brand":[213],"product_cat":[194],"product_tag":[231,232],"class_list":{"0":"post-7287","1":"product","2":"type-product","3":"status-publish","4":"has-post-thumbnail","6":"product_brand-isuzu","7":"product_cat-septic-trucks","8":"product_tag-septic-truck","9":"product_tag-vacuum-truck","11":"first","12":"instock","13":"shipping-taxable","14":"product-type-simple"},"_links":{"self":[{"href":"https:\/\/ac-truck.com\/fr\/wp-json\/wp\/v2\/product\/7287","targetHints":{"allow":["GET"]}}],"collection":[{"href":"https:\/\/ac-truck.com\/fr\/wp-json\/wp\/v2\/product"}],"about":[{"href":"https:\/\/ac-truck.com\/fr\/wp-json\/wp\/v2\/types\/product"}],"version-history":[{"count":1,"href":"https:\/\/ac-truck.com\/fr\/wp-json\/wp\/v2\/product\/7287\/revisions"}],"predecessor-version":[{"id":7296,"href":"https:\/\/ac-truck.com\/fr\/wp-json\/wp\/v2\/product\/7287\/revisions\/7296"}],"wp:featuredmedia":[{"embeddable":true,"href":"https:\/\/ac-truck.com\/fr\/wp-json\/wp\/v2\/media\/7290"}],"wp:attachment":[{"href":"https:\/\/ac-truck.com\/fr\/wp-json\/wp\/v2\/media?parent=7287"}],"wp:term":[{"taxonomy":"product_brand","embeddable":true,"href":"https:\/\/ac-truck.com\/fr\/wp-json\/wp\/v2\/product_brand?post=7287"},{"taxonomy":"product_cat","embeddable":true,"href":"https:\/\/ac-truck.com\/fr\/wp-json\/wp\/v2\/product_cat?post=7287"},{"taxonomy":"product_tag","embeddable":true,"href":"https:\/\/ac-truck.com\/fr\/wp-json\/wp\/v2\/product_tag?post=7287"}],"curies":[{"name":"wp","href":"https:\/\/api.w.org\/{rel}","templated":true}]}}