{"id":7347,"date":"2026-01-21T16:31:21","date_gmt":"2026-01-21T08:31:21","guid":{"rendered":"https:\/\/ac-truck.com\/?post_type=product&#038;p=7347"},"modified":"2026-01-21T16:31:22","modified_gmt":"2026-01-21T08:31:22","slug":"ambulance-jmc","status":"publish","type":"product","link":"https:\/\/ac-truck.com\/fr\/ambulance-jmc.html","title":{"rendered":"Ambulance JMC"},"content":{"rendered":"<p><img fetchpriority=\"high\" decoding=\"async\" class=\"aligncenter wp-image-7348\" src=\"https:\/\/ac-truck.com\/wp-content\/uploads\/2026\/01\/\u6551\u62a4\u8f66\u8be6\u60c5\u9875_01.webp\" alt=\"\" width=\"1234\" height=\"1620\" srcset=\"https:\/\/ac-truck.com\/wp-content\/uploads\/2026\/01\/\u6551\u62a4\u8f66\u8be6\u60c5\u9875_01.webp 790w, https:\/\/ac-truck.com\/wp-content\/uploads\/2026\/01\/\u6551\u62a4\u8f66\u8be6\u60c5\u9875_01-229x300.webp 229w, https:\/\/ac-truck.com\/wp-content\/uploads\/2026\/01\/\u6551\u62a4\u8f66\u8be6\u60c5\u9875_01-780x1024.webp 780w, https:\/\/ac-truck.com\/wp-content\/uploads\/2026\/01\/\u6551\u62a4\u8f66\u8be6\u60c5\u9875_01-768x1008.webp 768w, https:\/\/ac-truck.com\/wp-content\/uploads\/2026\/01\/\u6551\u62a4\u8f66\u8be6\u60c5\u9875_01-9x12.webp 9w, https:\/\/ac-truck.com\/wp-content\/uploads\/2026\/01\/\u6551\u62a4\u8f66\u8be6\u60c5\u9875_01-600x788.webp 600w, https:\/\/ac-truck.com\/wp-content\/uploads\/2026\/01\/\u6551\u62a4\u8f66\u8be6\u60c5\u9875_01-150x197.webp 150w\" sizes=\"(max-width: 1234px) 100vw, 1234px\" \/><\/p>\n<h1 style=\"text-align: center;\">PARAM\u00c8TRES DU PRODUIT<\/h1>\n<p><img decoding=\"async\" class=\"aligncenter wp-image-7349\" src=\"https:\/\/ac-truck.com\/wp-content\/uploads\/2026\/01\/\u6551\u62a4\u8f66\u8be6\u60c5\u9875_03.webp\" alt=\"\" width=\"1234\" height=\"505\" srcset=\"https:\/\/ac-truck.com\/wp-content\/uploads\/2026\/01\/\u6551\u62a4\u8f66\u8be6\u60c5\u9875_03.webp 790w, https:\/\/ac-truck.com\/wp-content\/uploads\/2026\/01\/\u6551\u62a4\u8f66\u8be6\u60c5\u9875_03-300x123.webp 300w, https:\/\/ac-truck.com\/wp-content\/uploads\/2026\/01\/\u6551\u62a4\u8f66\u8be6\u60c5\u9875_03-768x314.webp 768w, https:\/\/ac-truck.com\/wp-content\/uploads\/2026\/01\/\u6551\u62a4\u8f66\u8be6\u60c5\u9875_03-18x7.webp 18w, https:\/\/ac-truck.com\/wp-content\/uploads\/2026\/01\/\u6551\u62a4\u8f66\u8be6\u60c5\u9875_03-600x245.webp 600w, https:\/\/ac-truck.com\/wp-content\/uploads\/2026\/01\/\u6551\u62a4\u8f66\u8be6\u60c5\u9875_03-150x61.webp 150w\" sizes=\"(max-width: 1234px) 100vw, 1234px\" \/><\/p>\n<h2 style=\"text-align: center;\">Ambulance JMC<\/h2>\n<table>\n<tbody>\n<tr>\n<td width=\"114\"><strong>projet<\/strong><\/td>\n<td width=\"290\"><strong>Descriptions<\/strong><\/td>\n<td width=\"295\"><strong>Caract\u00e9ristiques<\/strong><\/td>\n<\/tr>\n<tr>\n<td rowspan=\"3\" width=\"114\"><strong>G\u00e9n\u00e9ral<\/strong><\/td>\n<td width=\"290\"><strong>Dimensions hors tout (mm)<\/strong><\/td>\n<td width=\"295\"><strong>5670 x 1974 x 2380<\/strong><\/td>\n<\/tr>\n<tr>\n<td width=\"290\"><strong>Masse totale (kg)<\/strong><\/td>\n<td width=\"295\"><strong>3550<\/strong><\/td>\n<\/tr>\n<tr>\n<td width=\"290\"><strong>poids \u00e0 vide (kg)<\/strong><\/td>\n<td width=\"295\"><strong>2720<\/strong><\/td>\n<\/tr>\n<tr>\n<td rowspan=\"2\" width=\"114\"><strong>Corps<\/strong><\/p>\n<p>&nbsp;<\/td>\n<td width=\"290\"><strong>brancard automatique (ensemble)<\/strong><\/td>\n<td width=\"295\"><strong>1<\/strong><\/td>\n<\/tr>\n<tr>\n<td width=\"290\"><strong>Bouteille d'oxyg\u00e8ne de 10 L (ensemble)<\/strong><\/td>\n<td width=\"295\"><strong>2<\/strong><\/td>\n<\/tr>\n<tr>\n<td rowspan=\"10\" width=\"114\"><strong>Ch\u00e2ssis<\/strong><\/td>\n<td width=\"290\"><strong>Nom de marque<\/strong><\/td>\n<td width=\"295\"><strong>JMC<\/strong><\/td>\n<\/tr>\n<tr>\n<td width=\"290\"><strong>Formulaire de conduite<\/strong><\/td>\n<td width=\"295\"><strong>4X2<\/strong><\/td>\n<\/tr>\n<tr>\n<td width=\"290\"><strong>Volant<\/strong><\/td>\n<td width=\"295\"><strong>Left rudder<\/strong><\/td>\n<\/tr>\n<tr>\n<td width=\"290\"><strong>Mod\u00e8le de moteur<\/strong><\/td>\n<td width=\"295\"><strong>JX4D20A6H<\/strong><\/td>\n<\/tr>\n<tr>\n<td width=\"290\"><strong>Puissance maximale du moteur (kW)<\/strong><\/td>\n<td width=\"295\"><strong>107<\/strong><\/td>\n<\/tr>\n<tr>\n<td width=\"290\"><strong>Cylindr\u00e9e du moteur (ml)<\/strong><\/td>\n<td width=\"295\"><strong>2000<\/strong><\/td>\n<\/tr>\n<tr>\n<td width=\"290\"><strong>norme d'\u00e9mission des moteurs<\/strong><\/td>\n<td width=\"295\"><strong>Euro 5<\/strong><\/td>\n<\/tr>\n<tr>\n<td width=\"290\"><strong>Type de carburant<\/strong><\/td>\n<td width=\"295\"><strong>carburant diesel<\/strong><\/td>\n<\/tr>\n<tr>\n<td width=\"290\"><strong>Bo\u00eete de vitesse<\/strong><\/td>\n<td width=\"295\"><strong>6-speed gearbox<\/strong><\/td>\n<\/tr>\n<tr>\n<td width=\"290\"><strong>Dimensions des roues et des pneus<\/strong><\/td>\n<td width=\"295\"><strong>4(215\/75R16LT)<\/strong><\/td>\n<\/tr>\n<\/tbody>\n<\/table>\n<h1 style=\"text-align: center;\">AVANTAGES DU V\u00c9HICULE<\/h1>\n<h2 style=\"text-align: center;\">S\u00c9LECTION DU MOD\u00c8LE DE V\u00c9HICULE<\/h2>\n<p><img decoding=\"async\" class=\"aligncenter wp-image-7350\" src=\"https:\/\/ac-truck.com\/wp-content\/uploads\/2026\/01\/\u6551\u62a4\u8f66\u8be6\u60c5\u9875_05.webp\" alt=\"\" width=\"1234\" height=\"1620\" srcset=\"https:\/\/ac-truck.com\/wp-content\/uploads\/2026\/01\/\u6551\u62a4\u8f66\u8be6\u60c5\u9875_05.webp 790w, https:\/\/ac-truck.com\/wp-content\/uploads\/2026\/01\/\u6551\u62a4\u8f66\u8be6\u60c5\u9875_05-229x300.webp 229w, https:\/\/ac-truck.com\/wp-content\/uploads\/2026\/01\/\u6551\u62a4\u8f66\u8be6\u60c5\u9875_05-780x1024.webp 780w, https:\/\/ac-truck.com\/wp-content\/uploads\/2026\/01\/\u6551\u62a4\u8f66\u8be6\u60c5\u9875_05-768x1008.webp 768w, https:\/\/ac-truck.com\/wp-content\/uploads\/2026\/01\/\u6551\u62a4\u8f66\u8be6\u60c5\u9875_05-9x12.webp 9w, https:\/\/ac-truck.com\/wp-content\/uploads\/2026\/01\/\u6551\u62a4\u8f66\u8be6\u60c5\u9875_05-600x788.webp 600w, https:\/\/ac-truck.com\/wp-content\/uploads\/2026\/01\/\u6551\u62a4\u8f66\u8be6\u60c5\u9875_05-150x197.webp 150w\" sizes=\"(max-width: 1234px) 100vw, 1234px\" \/><\/p>\n<p><strong>1. Transfer &#8211; type ambulance truck: With basic medical equipment and large space, it is used for the transfer of ordinarypatients and the pick -up and drop &#8211; off of discharged pa-tients.<\/strong><br \/>\n<strong>2. Monitoring-type ambulance truck: Equipped with a fullset of first &#8211; aid equipment and a negative &#8211; pressure cabin, itis suitable for emergency treatment and the transfer of criti-cally ill patients.<\/strong><br \/>\n<strong>3.Negative &#8211; pressure -type ambulance truck: Equipped witha negative &#8211; pressure isolation system to prevent the spread,it is used for the transfer of patients with infectious diseasesand epidemic prevention and control.<\/strong><\/p>\n<h1 style=\"text-align: center;\">CONFIGURATION DE S\u00c9CURIT\u00c9 DE BASE<\/h1>\n<p><img loading=\"lazy\" decoding=\"async\" class=\"aligncenter wp-image-7351\" src=\"https:\/\/ac-truck.com\/wp-content\/uploads\/2026\/01\/\u6551\u62a4\u8f66\u8be6\u60c5\u9875_07.webp\" alt=\"\" width=\"1234\" height=\"2484\" srcset=\"https:\/\/ac-truck.com\/wp-content\/uploads\/2026\/01\/\u6551\u62a4\u8f66\u8be6\u60c5\u9875_07.webp 790w, https:\/\/ac-truck.com\/wp-content\/uploads\/2026\/01\/\u6551\u62a4\u8f66\u8be6\u60c5\u9875_07-149x300.webp 149w, https:\/\/ac-truck.com\/wp-content\/uploads\/2026\/01\/\u6551\u62a4\u8f66\u8be6\u60c5\u9875_07-509x1024.webp 509w, https:\/\/ac-truck.com\/wp-content\/uploads\/2026\/01\/\u6551\u62a4\u8f66\u8be6\u60c5\u9875_07-768x1546.webp 768w, https:\/\/ac-truck.com\/wp-content\/uploads\/2026\/01\/\u6551\u62a4\u8f66\u8be6\u60c5\u9875_07-763x1536.webp 763w, https:\/\/ac-truck.com\/wp-content\/uploads\/2026\/01\/\u6551\u62a4\u8f66\u8be6\u60c5\u9875_07-6x12.webp 6w, https:\/\/ac-truck.com\/wp-content\/uploads\/2026\/01\/\u6551\u62a4\u8f66\u8be6\u60c5\u9875_07-600x1208.webp 600w, https:\/\/ac-truck.com\/wp-content\/uploads\/2026\/01\/\u6551\u62a4\u8f66\u8be6\u60c5\u9875_07-150x302.webp 150w\" sizes=\"(max-width: 1234px) 100vw, 1234px\" \/><\/p>\n<p><strong>1. Cloison de cabine m\u00e9dicale (antibact\u00e9rienne et ignifug\u00e9e)<\/strong><br \/>\n<strong>2.Floor (anti &#8211; slip and antibacterial medical floor leather)<\/strong><br \/>\n<strong>3. Rambarde (rampe antibact\u00e9rienne)<\/strong><br \/>\n<strong>4. Ceintures de s\u00e9curit\u00e9 (ceintures de s\u00e9curit\u00e9 pour le personnel m\u00e9dical)<\/strong><br \/>\n<strong>5. Extincteur<\/strong><br \/>\n<strong>6. Marteau de s\u00e9curit\u00e9<\/strong><\/p>\n<h1 style=\"text-align: center;\">CONFIGURATION M\u00c9DICALE DE BASE<\/h1>\n<p><img loading=\"lazy\" decoding=\"async\" class=\"aligncenter wp-image-7352\" src=\"https:\/\/ac-truck.com\/wp-content\/uploads\/2026\/01\/\u6551\u62a4\u8f66\u8be6\u60c5\u9875_09.webp\" alt=\"\" width=\"1234\" height=\"2124\" srcset=\"https:\/\/ac-truck.com\/wp-content\/uploads\/2026\/01\/\u6551\u62a4\u8f66\u8be6\u60c5\u9875_09.webp 790w, https:\/\/ac-truck.com\/wp-content\/uploads\/2026\/01\/\u6551\u62a4\u8f66\u8be6\u60c5\u9875_09-174x300.webp 174w, https:\/\/ac-truck.com\/wp-content\/uploads\/2026\/01\/\u6551\u62a4\u8f66\u8be6\u60c5\u9875_09-595x1024.webp 595w, https:\/\/ac-truck.com\/wp-content\/uploads\/2026\/01\/\u6551\u62a4\u8f66\u8be6\u60c5\u9875_09-768x1322.webp 768w, https:\/\/ac-truck.com\/wp-content\/uploads\/2026\/01\/\u6551\u62a4\u8f66\u8be6\u60c5\u9875_09-7x12.webp 7w, https:\/\/ac-truck.com\/wp-content\/uploads\/2026\/01\/\u6551\u62a4\u8f66\u8be6\u60c5\u9875_09-600x1033.webp 600w, https:\/\/ac-truck.com\/wp-content\/uploads\/2026\/01\/\u6551\u62a4\u8f66\u8be6\u60c5\u9875_09-150x258.webp 150w\" sizes=\"(max-width: 1234px) 100vw, 1234px\" \/><\/p>\n<p><strong>1. Oxygen cylinder: Sufficient capacity, providing stable andlong &#8211; lasting oxygen supply.<\/strong><br \/>\n<strong>2.24V socket and oxygen supplyinterface: Dual &#8211; use inter-face with strong adaptability.<\/strong><br \/>\n<strong>3. Onduleur : Conversion \u00e0 haut rendement et fonctionnement stable.<\/strong><br \/>\n<strong>4. Projecteurs : Lumi\u00e8re concentr\u00e9e, assurant une vue d\u00e9gag\u00e9e pour les op\u00e9rations.<\/strong><br \/>\n<strong>5. Civi\u00e8re : Hauteur r\u00e9glable, \u00e9vitant les blessures secondaires lors du transfert.<\/strong><br \/>\n<strong>6. Dispositif de fixation de civi\u00e8re : Verrouillage s\u00e9curis\u00e9, emp\u00eachant le d\u00e9placement.<\/strong><br \/>\n<strong>placement d\u00fb aux bosses.<\/strong><br \/>\n<strong>7. Stretcher slide: Smooth push &#8211; and &#8211; pull, saving effort and<\/strong><br \/>\n<strong>vitesse croissante.<\/strong><br \/>\n<strong>8. Supports pour \u00e9quipements : Supports sp\u00e9ciaux pour moniteurs \/ d\u00e9fibrillateurs \/ ventilateurs<\/strong><br \/>\n<strong>9. Support de perfusion : R\u00e9glable, permettant un r\u00e9glage flexible de la hauteur de perfusion.<\/strong><\/p>\n<h1 style=\"text-align: center;\">CONFORT ET COMMODIT\u00c9 CONFIGURATIONS<\/h1>\n<p><img loading=\"lazy\" decoding=\"async\" class=\"aligncenter wp-image-7353\" src=\"https:\/\/ac-truck.com\/wp-content\/uploads\/2026\/01\/\u6551\u62a4\u8f66\u8be6\u60c5\u9875_11.webp\" alt=\"\" width=\"1234\" height=\"3930\" srcset=\"https:\/\/ac-truck.com\/wp-content\/uploads\/2026\/01\/\u6551\u62a4\u8f66\u8be6\u60c5\u9875_11.webp 790w, https:\/\/ac-truck.com\/wp-content\/uploads\/2026\/01\/\u6551\u62a4\u8f66\u8be6\u60c5\u9875_11-94x300.webp 94w, https:\/\/ac-truck.com\/wp-content\/uploads\/2026\/01\/\u6551\u62a4\u8f66\u8be6\u60c5\u9875_11-322x1024.webp 322w, https:\/\/ac-truck.com\/wp-content\/uploads\/2026\/01\/\u6551\u62a4\u8f66\u8be6\u60c5\u9875_11-768x2446.webp 768w, https:\/\/ac-truck.com\/wp-content\/uploads\/2026\/01\/\u6551\u62a4\u8f66\u8be6\u60c5\u9875_11-482x1536.webp 482w, https:\/\/ac-truck.com\/wp-content\/uploads\/2026\/01\/\u6551\u62a4\u8f66\u8be6\u60c5\u9875_11-643x2048.webp 643w, https:\/\/ac-truck.com\/wp-content\/uploads\/2026\/01\/\u6551\u62a4\u8f66\u8be6\u60c5\u9875_11-4x12.webp 4w, https:\/\/ac-truck.com\/wp-content\/uploads\/2026\/01\/\u6551\u62a4\u8f66\u8be6\u60c5\u9875_11-600x1911.webp 600w, https:\/\/ac-truck.com\/wp-content\/uploads\/2026\/01\/\u6551\u62a4\u8f66\u8be6\u60c5\u9875_11-150x478.webp 150w\" sizes=\"(max-width: 1234px) 100vw, 1234px\" \/><\/p>\n<p><strong>1. Bouches d'a\u00e9ration du climatiseur et lampe de d\u00e9sinfection<\/strong><br \/>\n<strong>2. Ventilateur d'extraction<\/strong><br \/>\n<strong>3. Projecteurs<\/strong><br \/>\n<strong>4. Si\u00e8ges du personnel m\u00e9dical<\/strong><br \/>\n<strong>5. Armoires de rangement<\/strong><br \/>\n<strong>6. Panneau de commande<\/strong><br \/>\n<strong>7. T\u00e9l\u00e9commande<\/strong><br \/>\n<strong>8. Interphone<\/strong><br \/>\n<strong>9. Poubelle<\/strong><\/p>\n<h1 style=\"text-align: center;\">AUTRES D\u00c9TAILS<\/h1>\n<p><img loading=\"lazy\" decoding=\"async\" class=\"aligncenter wp-image-7354\" src=\"https:\/\/ac-truck.com\/wp-content\/uploads\/2026\/01\/\u6551\u62a4\u8f66\u8be6\u60c5\u9875_13.webp\" alt=\"\" width=\"1234\" height=\"1393\" srcset=\"https:\/\/ac-truck.com\/wp-content\/uploads\/2026\/01\/\u6551\u62a4\u8f66\u8be6\u60c5\u9875_13.webp 790w, https:\/\/ac-truck.com\/wp-content\/uploads\/2026\/01\/\u6551\u62a4\u8f66\u8be6\u60c5\u9875_13-266x300.webp 266w, https:\/\/ac-truck.com\/wp-content\/uploads\/2026\/01\/\u6551\u62a4\u8f66\u8be6\u60c5\u9875_13-768x867.webp 768w, https:\/\/ac-truck.com\/wp-content\/uploads\/2026\/01\/\u6551\u62a4\u8f66\u8be6\u60c5\u9875_13-11x12.webp 11w, https:\/\/ac-truck.com\/wp-content\/uploads\/2026\/01\/\u6551\u62a4\u8f66\u8be6\u60c5\u9875_13-600x677.webp 600w, https:\/\/ac-truck.com\/wp-content\/uploads\/2026\/01\/\u6551\u62a4\u8f66\u8be6\u60c5\u9875_13-150x169.webp 150w\" sizes=\"(max-width: 1234px) 100vw, 1234px\" \/><\/p>\n<p><strong>1. Lumi\u00e8res d'alarme<\/strong><br \/>\n<strong>2. luces estrobosc\u00f3picas<\/strong><br \/>\n<strong>3. Feux de position lat\u00e9raux<\/strong><\/p>\n<h1 style=\"text-align: center;\">PROCESSUS DE PRODUCTION<\/h1>\n<p><img loading=\"lazy\" decoding=\"async\" class=\"aligncenter wp-image-7355\" src=\"https:\/\/ac-truck.com\/wp-content\/uploads\/2026\/01\/\u6551\u62a4\u8f66\u8be6\u60c5\u9875_15.webp\" alt=\"\" width=\"1234\" height=\"3377\" srcset=\"https:\/\/ac-truck.com\/wp-content\/uploads\/2026\/01\/\u6551\u62a4\u8f66\u8be6\u60c5\u9875_15.webp 790w, https:\/\/ac-truck.com\/wp-content\/uploads\/2026\/01\/\u6551\u62a4\u8f66\u8be6\u60c5\u9875_15-110x300.webp 110w, https:\/\/ac-truck.com\/wp-content\/uploads\/2026\/01\/\u6551\u62a4\u8f66\u8be6\u60c5\u9875_15-374x1024.webp 374w, https:\/\/ac-truck.com\/wp-content\/uploads\/2026\/01\/\u6551\u62a4\u8f66\u8be6\u60c5\u9875_15-768x2102.webp 768w, https:\/\/ac-truck.com\/wp-content\/uploads\/2026\/01\/\u6551\u62a4\u8f66\u8be6\u60c5\u9875_15-561x1536.webp 561w, https:\/\/ac-truck.com\/wp-content\/uploads\/2026\/01\/\u6551\u62a4\u8f66\u8be6\u60c5\u9875_15-748x2048.webp 748w, https:\/\/ac-truck.com\/wp-content\/uploads\/2026\/01\/\u6551\u62a4\u8f66\u8be6\u60c5\u9875_15-4x12.webp 4w, https:\/\/ac-truck.com\/wp-content\/uploads\/2026\/01\/\u6551\u62a4\u8f66\u8be6\u60c5\u9875_15-600x1642.webp 600w, https:\/\/ac-truck.com\/wp-content\/uploads\/2026\/01\/\u6551\u62a4\u8f66\u8be6\u60c5\u9875_15-150x411.webp 150w\" sizes=\"(max-width: 1234px) 100vw, 1234px\" \/> <img loading=\"lazy\" decoding=\"async\" class=\"aligncenter wp-image-7356\" src=\"https:\/\/ac-truck.com\/wp-content\/uploads\/2026\/01\/\u6551\u62a4\u8f66\u8be6\u60c5\u9875_16.webp\" alt=\"\" width=\"1234\" height=\"2535\" srcset=\"https:\/\/ac-truck.com\/wp-content\/uploads\/2026\/01\/\u6551\u62a4\u8f66\u8be6\u60c5\u9875_16.webp 790w, https:\/\/ac-truck.com\/wp-content\/uploads\/2026\/01\/\u6551\u62a4\u8f66\u8be6\u60c5\u9875_16-146x300.webp 146w, https:\/\/ac-truck.com\/wp-content\/uploads\/2026\/01\/\u6551\u62a4\u8f66\u8be6\u60c5\u9875_16-498x1024.webp 498w, https:\/\/ac-truck.com\/wp-content\/uploads\/2026\/01\/\u6551\u62a4\u8f66\u8be6\u60c5\u9875_16-768x1578.webp 768w, https:\/\/ac-truck.com\/wp-content\/uploads\/2026\/01\/\u6551\u62a4\u8f66\u8be6\u60c5\u9875_16-748x1536.webp 748w, https:\/\/ac-truck.com\/wp-content\/uploads\/2026\/01\/\u6551\u62a4\u8f66\u8be6\u60c5\u9875_16-6x12.webp 6w, https:\/\/ac-truck.com\/wp-content\/uploads\/2026\/01\/\u6551\u62a4\u8f66\u8be6\u60c5\u9875_16-600x1233.webp 600w, https:\/\/ac-truck.com\/wp-content\/uploads\/2026\/01\/\u6551\u62a4\u8f66\u8be6\u60c5\u9875_16-150x308.webp 150w\" sizes=\"(max-width: 1234px) 100vw, 1234px\" \/><\/p>\n<p><strong>1. Pr\u00e9paration du lot de mati\u00e8res premi\u00e8res<\/strong><br \/>\n<strong>2. Sheet material processing by die &#8211; loading machine<\/strong><br \/>\n<strong>3. Construction et \u00e9tanch\u00e9it\u00e9 de la structure de la cabine m\u00e9dicale<\/strong><br \/>\n<strong>4. Am\u00e9nagement int\u00e9rieur et construction des \u00e9l\u00e9ments fonctionnels de base de la cabine m\u00e9dicale<\/strong><br \/>\n<strong>5. Installation du syst\u00e8me m\u00e9dical central<\/strong><br \/>\n<strong>6. Finition ext\u00e9rieure et installation du syst\u00e8me d'avertissement<\/strong><br \/>\n<strong>7. Completion of the vehicle&#8217;s upper &#8211; body installation<\/strong><\/p>\n<h1 style=\"text-align: center;\">SC\u00c9NARIOS D'APPLICATION<\/h1>\n<p><img loading=\"lazy\" decoding=\"async\" class=\"aligncenter wp-image-7357\" src=\"https:\/\/ac-truck.com\/wp-content\/uploads\/2026\/01\/\u6551\u62a4\u8f66\u8be6\u60c5\u9875_18.webp\" alt=\"\" width=\"1234\" height=\"1918\" srcset=\"https:\/\/ac-truck.com\/wp-content\/uploads\/2026\/01\/\u6551\u62a4\u8f66\u8be6\u60c5\u9875_18.webp 790w, https:\/\/ac-truck.com\/wp-content\/uploads\/2026\/01\/\u6551\u62a4\u8f66\u8be6\u60c5\u9875_18-193x300.webp 193w, https:\/\/ac-truck.com\/wp-content\/uploads\/2026\/01\/\u6551\u62a4\u8f66\u8be6\u60c5\u9875_18-659x1024.webp 659w, https:\/\/ac-truck.com\/wp-content\/uploads\/2026\/01\/\u6551\u62a4\u8f66\u8be6\u60c5\u9875_18-768x1194.webp 768w, https:\/\/ac-truck.com\/wp-content\/uploads\/2026\/01\/\u6551\u62a4\u8f66\u8be6\u60c5\u9875_18-8x12.webp 8w, https:\/\/ac-truck.com\/wp-content\/uploads\/2026\/01\/\u6551\u62a4\u8f66\u8be6\u60c5\u9875_18-600x933.webp 600w, https:\/\/ac-truck.com\/wp-content\/uploads\/2026\/01\/\u6551\u62a4\u8f66\u8be6\u60c5\u9875_18-150x233.webp 150w\" sizes=\"(max-width: 1234px) 100vw, 1234px\" \/><\/p>\n<h1 style=\"text-align: center;\">EMBALLAGE ET TRANSPORT<\/h1>\n<p><img loading=\"lazy\" decoding=\"async\" class=\"aligncenter wp-image-7358\" src=\"https:\/\/ac-truck.com\/wp-content\/uploads\/2026\/01\/\u6551\u62a4\u8f66\u8be6\u60c5\u9875_20.webp\" alt=\"\" width=\"1234\" height=\"1726\" srcset=\"https:\/\/ac-truck.com\/wp-content\/uploads\/2026\/01\/\u6551\u62a4\u8f66\u8be6\u60c5\u9875_20.webp 790w, https:\/\/ac-truck.com\/wp-content\/uploads\/2026\/01\/\u6551\u62a4\u8f66\u8be6\u60c5\u9875_20-214x300.webp 214w, https:\/\/ac-truck.com\/wp-content\/uploads\/2026\/01\/\u6551\u62a4\u8f66\u8be6\u60c5\u9875_20-732x1024.webp 732w, https:\/\/ac-truck.com\/wp-content\/uploads\/2026\/01\/\u6551\u62a4\u8f66\u8be6\u60c5\u9875_20-768x1074.webp 768w, https:\/\/ac-truck.com\/wp-content\/uploads\/2026\/01\/\u6551\u62a4\u8f66\u8be6\u60c5\u9875_20-9x12.webp 9w, https:\/\/ac-truck.com\/wp-content\/uploads\/2026\/01\/\u6551\u62a4\u8f66\u8be6\u60c5\u9875_20-600x839.webp 600w, https:\/\/ac-truck.com\/wp-content\/uploads\/2026\/01\/\u6551\u62a4\u8f66\u8be6\u60c5\u9875_20-150x210.webp 150w\" sizes=\"(max-width: 1234px) 100vw, 1234px\" \/><\/p>","protected":false},"excerpt":{"rendered":"<p>PRODUCT PARAMETERS Ambulance JMC project Descriptions Specifications General Overall dimensions(mm) 5670 x 1974 x 2380 Total mass(Kg) 3550 curb weight(Kg)<\/p>","protected":false},"featured_media":7359,"template":"","meta":[],"product_brand":[211],"product_cat":[183],"product_tag":[370,371,372],"class_list":{"0":"post-7347","1":"product","2":"type-product","3":"status-publish","4":"has-post-thumbnail","6":"product_brand-jmc","7":"product_cat-ambulance","8":"product_tag-ambulance","9":"product_tag-emergency-ambulance","10":"product_tag-medical-ambulance","12":"first","13":"instock","14":"shipping-taxable","15":"product-type-simple"},"_links":{"self":[{"href":"https:\/\/ac-truck.com\/fr\/wp-json\/wp\/v2\/product\/7347","targetHints":{"allow":["GET"]}}],"collection":[{"href":"https:\/\/ac-truck.com\/fr\/wp-json\/wp\/v2\/product"}],"about":[{"href":"https:\/\/ac-truck.com\/fr\/wp-json\/wp\/v2\/types\/product"}],"version-history":[{"count":1,"href":"https:\/\/ac-truck.com\/fr\/wp-json\/wp\/v2\/product\/7347\/revisions"}],"predecessor-version":[{"id":7365,"href":"https:\/\/ac-truck.com\/fr\/wp-json\/wp\/v2\/product\/7347\/revisions\/7365"}],"wp:featuredmedia":[{"embeddable":true,"href":"https:\/\/ac-truck.com\/fr\/wp-json\/wp\/v2\/media\/7359"}],"wp:attachment":[{"href":"https:\/\/ac-truck.com\/fr\/wp-json\/wp\/v2\/media?parent=7347"}],"wp:term":[{"taxonomy":"product_brand","embeddable":true,"href":"https:\/\/ac-truck.com\/fr\/wp-json\/wp\/v2\/product_brand?post=7347"},{"taxonomy":"product_cat","embeddable":true,"href":"https:\/\/ac-truck.com\/fr\/wp-json\/wp\/v2\/product_cat?post=7347"},{"taxonomy":"product_tag","embeddable":true,"href":"https:\/\/ac-truck.com\/fr\/wp-json\/wp\/v2\/product_tag?post=7347"}],"curies":[{"name":"wp","href":"https:\/\/api.w.org\/{rel}","templated":true}]}}