{"id":7517,"date":"2026-01-23T11:31:40","date_gmt":"2026-01-23T03:31:40","guid":{"rendered":"https:\/\/ac-truck.com\/?post_type=product&#038;p=7517"},"modified":"2026-01-23T11:31:41","modified_gmt":"2026-01-23T03:31:41","slug":"emergency-ambulanc-foton","status":"publish","type":"product","link":"https:\/\/ac-truck.com\/fr\/emergency-ambulanc-foton.html","title":{"rendered":"Ambulance d'urgence FOTON"},"content":{"rendered":"<p><img fetchpriority=\"high\" decoding=\"async\" class=\"aligncenter wp-image-7518\" src=\"https:\/\/ac-truck.com\/wp-content\/uploads\/2026\/01\/1\u4ea7\u54c1\u6d77\u62a5_01-10.webp\" alt=\"\" width=\"1234\" height=\"1617\" srcset=\"https:\/\/ac-truck.com\/wp-content\/uploads\/2026\/01\/1\u4ea7\u54c1\u6d77\u62a5_01-10.webp 790w, https:\/\/ac-truck.com\/wp-content\/uploads\/2026\/01\/1\u4ea7\u54c1\u6d77\u62a5_01-10-229x300.webp 229w, https:\/\/ac-truck.com\/wp-content\/uploads\/2026\/01\/1\u4ea7\u54c1\u6d77\u62a5_01-10-782x1024.webp 782w, https:\/\/ac-truck.com\/wp-content\/uploads\/2026\/01\/1\u4ea7\u54c1\u6d77\u62a5_01-10-768x1006.webp 768w, https:\/\/ac-truck.com\/wp-content\/uploads\/2026\/01\/1\u4ea7\u54c1\u6d77\u62a5_01-10-9x12.webp 9w, https:\/\/ac-truck.com\/wp-content\/uploads\/2026\/01\/1\u4ea7\u54c1\u6d77\u62a5_01-10-600x786.webp 600w, https:\/\/ac-truck.com\/wp-content\/uploads\/2026\/01\/1\u4ea7\u54c1\u6d77\u62a5_01-10-150x197.webp 150w\" sizes=\"(max-width: 1234px) 100vw, 1234px\" \/><\/p>\n<h1 style=\"text-align: center;\">PARAM\u00c8TRES DU PRODUIT<\/h1>\n<p><img decoding=\"async\" class=\"aligncenter wp-image-7519\" src=\"https:\/\/ac-truck.com\/wp-content\/uploads\/2026\/01\/1\u4ea7\u54c1\u6d77\u62a5_03-10.webp\" alt=\"\" width=\"1234\" height=\"483\" srcset=\"https:\/\/ac-truck.com\/wp-content\/uploads\/2026\/01\/1\u4ea7\u54c1\u6d77\u62a5_03-10.webp 790w, https:\/\/ac-truck.com\/wp-content\/uploads\/2026\/01\/1\u4ea7\u54c1\u6d77\u62a5_03-10-300x117.webp 300w, https:\/\/ac-truck.com\/wp-content\/uploads\/2026\/01\/1\u4ea7\u54c1\u6d77\u62a5_03-10-768x300.webp 768w, https:\/\/ac-truck.com\/wp-content\/uploads\/2026\/01\/1\u4ea7\u54c1\u6d77\u62a5_03-10-18x7.webp 18w, https:\/\/ac-truck.com\/wp-content\/uploads\/2026\/01\/1\u4ea7\u54c1\u6d77\u62a5_03-10-600x235.webp 600w, https:\/\/ac-truck.com\/wp-content\/uploads\/2026\/01\/1\u4ea7\u54c1\u6d77\u62a5_03-10-150x59.webp 150w\" sizes=\"(max-width: 1234px) 100vw, 1234px\" \/><\/p>\n<h2 style=\"text-align: center;\">Ambulance d'urgence FOTON<\/h2>\n<table>\n<tbody>\n<tr>\n<td width=\"114\"><strong>projet<\/strong><\/td>\n<td width=\"290\"><strong>Descriptions<\/strong><\/td>\n<td width=\"295\"><strong>Caract\u00e9ristiques<\/strong><\/td>\n<\/tr>\n<tr>\n<td rowspan=\"3\" width=\"114\"><strong>G\u00e9n\u00e9ral<\/strong><\/td>\n<td width=\"290\"><strong>Dimensions hors tout (mm)<\/strong><\/td>\n<td width=\"295\"><strong>5380X1920X2285<\/strong><\/td>\n<\/tr>\n<tr>\n<td width=\"290\"><strong>Masse totale (kg)<\/strong><\/td>\n<td width=\"295\"><strong>3400<\/strong><\/td>\n<\/tr>\n<tr>\n<td width=\"290\"><strong>poids \u00e0 vide (kg)<\/strong><\/td>\n<td width=\"295\"><strong>2160<\/strong><\/td>\n<\/tr>\n<tr>\n<td rowspan=\"2\" width=\"114\"><strong>Corps<\/strong><\/p>\n<p>&nbsp;<\/td>\n<td width=\"290\"><strong>brancard automatique (ensemble)<\/strong><\/td>\n<td width=\"295\"><strong>1<\/strong><\/td>\n<\/tr>\n<tr>\n<td width=\"290\"><strong>Bouteille d'oxyg\u00e8ne de 10 L (ensemble)<\/strong><\/td>\n<td width=\"295\"><strong>2<\/strong><\/td>\n<\/tr>\n<tr>\n<td rowspan=\"10\" width=\"114\"><strong>Ch\u00e2ssis<\/strong><\/td>\n<td width=\"290\"><strong>Nom de marque<\/strong><\/td>\n<td width=\"295\"><strong>Foton G9<\/strong><\/td>\n<\/tr>\n<tr>\n<td width=\"290\"><strong>Formulaire de conduite<\/strong><\/td>\n<td width=\"295\"><strong>4X2<\/strong><\/td>\n<\/tr>\n<tr>\n<td width=\"290\"><strong>Volant<\/strong><\/td>\n<td width=\"295\"><strong>right rudder<\/strong><\/td>\n<\/tr>\n<tr>\n<td width=\"290\"><strong>Mod\u00e8le de moteur<\/strong><\/td>\n<td width=\"295\"><strong>3TZ<\/strong><\/td>\n<\/tr>\n<tr>\n<td width=\"290\"><strong>Puissance maximale du moteur (kW)<\/strong><\/td>\n<td width=\"295\"><strong>120<\/strong><\/td>\n<\/tr>\n<tr>\n<td width=\"290\"><strong>Cylindr\u00e9e du moteur (ml)<\/strong><\/td>\n<td width=\"295\"><strong>2693<\/strong><\/td>\n<\/tr>\n<tr>\n<td width=\"290\"><strong>norme d'\u00e9mission des moteurs<\/strong><\/td>\n<td width=\"295\"><strong>Euro 3<\/strong><\/td>\n<\/tr>\n<tr>\n<td width=\"290\"><strong>Type de carburant<\/strong><\/td>\n<td width=\"295\"><strong>Diesel oil<\/strong><\/td>\n<\/tr>\n<tr>\n<td width=\"290\"><strong>Bo\u00eete de vitesse<\/strong><\/td>\n<td width=\"295\"><strong>Five-speed manual transmission<\/strong><\/td>\n<\/tr>\n<tr>\n<td width=\"290\"><strong>Dimensions des roues et des pneus<\/strong><\/td>\n<td width=\"295\"><strong>4\/(195R15C)<\/strong><\/td>\n<\/tr>\n<\/tbody>\n<\/table>\n<h1 style=\"text-align: center;\">AVANTAGES DU V\u00c9HICULE<\/h1>\n<h2 style=\"text-align: center;\">S\u00c9LECTION DU MOD\u00c8LE DE V\u00c9HICULE<\/h2>\n<p><img decoding=\"async\" class=\"aligncenter wp-image-7350\" src=\"https:\/\/ac-truck.com\/wp-content\/uploads\/2026\/01\/%E6%95%91%E6%8A%A4%E8%BD%A6%E8%AF%A6%E6%83%85%E9%A1%B5_05.webp\" sizes=\"(max-width: 1234px) 100vw, 1234px\" srcset=\"https:\/\/ac-truck.com\/wp-content\/uploads\/2026\/01\/\u6551\u62a4\u8f66\u8be6\u60c5\u9875_05.webp 790w, https:\/\/ac-truck.com\/wp-content\/uploads\/2026\/01\/\u6551\u62a4\u8f66\u8be6\u60c5\u9875_05-229x300.webp 229w, https:\/\/ac-truck.com\/wp-content\/uploads\/2026\/01\/\u6551\u62a4\u8f66\u8be6\u60c5\u9875_05-780x1024.webp 780w, https:\/\/ac-truck.com\/wp-content\/uploads\/2026\/01\/\u6551\u62a4\u8f66\u8be6\u60c5\u9875_05-768x1008.webp 768w, https:\/\/ac-truck.com\/wp-content\/uploads\/2026\/01\/\u6551\u62a4\u8f66\u8be6\u60c5\u9875_05-9x12.webp 9w, https:\/\/ac-truck.com\/wp-content\/uploads\/2026\/01\/\u6551\u62a4\u8f66\u8be6\u60c5\u9875_05-600x788.webp 600w, https:\/\/ac-truck.com\/wp-content\/uploads\/2026\/01\/\u6551\u62a4\u8f66\u8be6\u60c5\u9875_05-150x197.webp 150w\" alt=\"\" width=\"1234\" height=\"1620\" \/><\/p>\n<p><strong>1. Camion-ambulance de transfert : Dot\u00e9 d'un \u00e9quipement m\u00e9dical de base et d'un grand espace, il est utilis\u00e9 pour le transfert des patients ordinaires et la prise en charge et la d\u00e9pose des patients sortis de l'h\u00f4pital.<\/strong><br \/>\n<strong>2. Camion ambulance de type surveillance : \u00c9quip\u00e9 d'un ensemble complet d'\u00e9quipement de premiers secours et d'une cabine \u00e0 pression n\u00e9gative, il convient aux traitements d'urgence et au transfert des patients gravement malades.<\/strong><br \/>\n<strong>3. Camion ambulance \u00e0 pression n\u00e9gative : \u00c9quip\u00e9 d'un syst\u00e8me d'isolation \u00e0 pression n\u00e9gative pour emp\u00eacher la propagation, il est utilis\u00e9 pour le transfert de patients atteints de maladies infectieuses et pour la pr\u00e9vention et le contr\u00f4le des \u00e9pid\u00e9mies.<\/strong><\/p>\n<h1 style=\"text-align: center;\">CONFIGURATION DE S\u00c9CURIT\u00c9 DE BASE<\/h1>\n<p><img loading=\"lazy\" decoding=\"async\" class=\"aligncenter wp-image-7351\" src=\"https:\/\/ac-truck.com\/wp-content\/uploads\/2026\/01\/%E6%95%91%E6%8A%A4%E8%BD%A6%E8%AF%A6%E6%83%85%E9%A1%B5_07.webp\" sizes=\"(max-width: 1234px) 100vw, 1234px\" srcset=\"https:\/\/ac-truck.com\/wp-content\/uploads\/2026\/01\/\u6551\u62a4\u8f66\u8be6\u60c5\u9875_07.webp 790w, https:\/\/ac-truck.com\/wp-content\/uploads\/2026\/01\/\u6551\u62a4\u8f66\u8be6\u60c5\u9875_07-149x300.webp 149w, https:\/\/ac-truck.com\/wp-content\/uploads\/2026\/01\/\u6551\u62a4\u8f66\u8be6\u60c5\u9875_07-509x1024.webp 509w, https:\/\/ac-truck.com\/wp-content\/uploads\/2026\/01\/\u6551\u62a4\u8f66\u8be6\u60c5\u9875_07-768x1546.webp 768w, https:\/\/ac-truck.com\/wp-content\/uploads\/2026\/01\/\u6551\u62a4\u8f66\u8be6\u60c5\u9875_07-763x1536.webp 763w, https:\/\/ac-truck.com\/wp-content\/uploads\/2026\/01\/\u6551\u62a4\u8f66\u8be6\u60c5\u9875_07-6x12.webp 6w, https:\/\/ac-truck.com\/wp-content\/uploads\/2026\/01\/\u6551\u62a4\u8f66\u8be6\u60c5\u9875_07-600x1208.webp 600w, https:\/\/ac-truck.com\/wp-content\/uploads\/2026\/01\/\u6551\u62a4\u8f66\u8be6\u60c5\u9875_07-150x302.webp 150w\" alt=\"\" width=\"1234\" height=\"2484\" \/><\/p>\n<p><strong>1. Cloison de cabine m\u00e9dicale (antibact\u00e9rienne et ignifug\u00e9e)<\/strong><br \/>\n<strong>2. Sol (cuir m\u00e9dical antid\u00e9rapant et antibact\u00e9rien)<\/strong><br \/>\n<strong>3. Rambarde (rampe antibact\u00e9rienne)<\/strong><br \/>\n<strong>4. Ceintures de s\u00e9curit\u00e9 (ceintures de s\u00e9curit\u00e9 pour le personnel m\u00e9dical)<\/strong><br \/>\n<strong>5. Extincteur<\/strong><br \/>\n<strong>6. Marteau de s\u00e9curit\u00e9<\/strong><\/p>\n<h1 style=\"text-align: center;\">CONFIGURATION M\u00c9DICALE DE BASE<\/h1>\n<p><img loading=\"lazy\" decoding=\"async\" class=\"aligncenter wp-image-7352\" src=\"https:\/\/ac-truck.com\/wp-content\/uploads\/2026\/01\/%E6%95%91%E6%8A%A4%E8%BD%A6%E8%AF%A6%E6%83%85%E9%A1%B5_09.webp\" sizes=\"(max-width: 1234px) 100vw, 1234px\" srcset=\"https:\/\/ac-truck.com\/wp-content\/uploads\/2026\/01\/\u6551\u62a4\u8f66\u8be6\u60c5\u9875_09.webp 790w, https:\/\/ac-truck.com\/wp-content\/uploads\/2026\/01\/\u6551\u62a4\u8f66\u8be6\u60c5\u9875_09-174x300.webp 174w, https:\/\/ac-truck.com\/wp-content\/uploads\/2026\/01\/\u6551\u62a4\u8f66\u8be6\u60c5\u9875_09-595x1024.webp 595w, https:\/\/ac-truck.com\/wp-content\/uploads\/2026\/01\/\u6551\u62a4\u8f66\u8be6\u60c5\u9875_09-768x1322.webp 768w, https:\/\/ac-truck.com\/wp-content\/uploads\/2026\/01\/\u6551\u62a4\u8f66\u8be6\u60c5\u9875_09-7x12.webp 7w, https:\/\/ac-truck.com\/wp-content\/uploads\/2026\/01\/\u6551\u62a4\u8f66\u8be6\u60c5\u9875_09-600x1033.webp 600w, https:\/\/ac-truck.com\/wp-content\/uploads\/2026\/01\/\u6551\u62a4\u8f66\u8be6\u60c5\u9875_09-150x258.webp 150w\" alt=\"\" width=\"1234\" height=\"2124\" \/><\/p>\n<p><strong>1. Bouteille d'oxyg\u00e8ne : Capacit\u00e9 suffisante, assurant un approvisionnement en oxyg\u00e8ne stable et durable.<\/strong><br \/>\n<strong>2. Prise 24V et interface d'alimentation en oxyg\u00e8ne : Interface \u00e0 double usage avec une grande adaptabilit\u00e9.<\/strong><br \/>\n<strong>3. Onduleur : Conversion \u00e0 haut rendement et fonctionnement stable.<\/strong><br \/>\n<strong>4. Projecteurs : Lumi\u00e8re concentr\u00e9e, assurant une vue d\u00e9gag\u00e9e pour les op\u00e9rations.<\/strong><br \/>\n<strong>5. Civi\u00e8re : Hauteur r\u00e9glable, \u00e9vitant les blessures secondaires lors du transfert.<\/strong><br \/>\n<strong>6. Dispositif de fixation de civi\u00e8re : Verrouillage s\u00e9curis\u00e9, emp\u00eachant le d\u00e9placement.<\/strong><br \/>\n<strong>placement d\u00fb aux bosses.<\/strong><br \/>\n<strong>7. Glissi\u00e8re pour brancard : Pouss\u00e9e et traction fluides, \u00e9conomisant les efforts et<\/strong><br \/>\n<strong>vitesse croissante.<\/strong><br \/>\n<strong>8. Supports pour \u00e9quipements : Supports sp\u00e9ciaux pour moniteurs \/ d\u00e9fibrillateurs \/ ventilateurs<\/strong><br \/>\n<strong>9. Support de perfusion : R\u00e9glable, permettant un r\u00e9glage flexible de la hauteur de perfusion.<\/strong><\/p>\n<h1 style=\"text-align: center;\">CONFORT ET COMMODIT\u00c9 CONFIGURATIONS<\/h1>\n<p><img loading=\"lazy\" decoding=\"async\" class=\"aligncenter wp-image-7353\" src=\"https:\/\/ac-truck.com\/wp-content\/uploads\/2026\/01\/%E6%95%91%E6%8A%A4%E8%BD%A6%E8%AF%A6%E6%83%85%E9%A1%B5_11.webp\" sizes=\"(max-width: 1234px) 100vw, 1234px\" srcset=\"https:\/\/ac-truck.com\/wp-content\/uploads\/2026\/01\/\u6551\u62a4\u8f66\u8be6\u60c5\u9875_11.webp 790w, https:\/\/ac-truck.com\/wp-content\/uploads\/2026\/01\/\u6551\u62a4\u8f66\u8be6\u60c5\u9875_11-94x300.webp 94w, https:\/\/ac-truck.com\/wp-content\/uploads\/2026\/01\/\u6551\u62a4\u8f66\u8be6\u60c5\u9875_11-322x1024.webp 322w, https:\/\/ac-truck.com\/wp-content\/uploads\/2026\/01\/\u6551\u62a4\u8f66\u8be6\u60c5\u9875_11-768x2446.webp 768w, https:\/\/ac-truck.com\/wp-content\/uploads\/2026\/01\/\u6551\u62a4\u8f66\u8be6\u60c5\u9875_11-482x1536.webp 482w, https:\/\/ac-truck.com\/wp-content\/uploads\/2026\/01\/\u6551\u62a4\u8f66\u8be6\u60c5\u9875_11-643x2048.webp 643w, https:\/\/ac-truck.com\/wp-content\/uploads\/2026\/01\/\u6551\u62a4\u8f66\u8be6\u60c5\u9875_11-4x12.webp 4w, https:\/\/ac-truck.com\/wp-content\/uploads\/2026\/01\/\u6551\u62a4\u8f66\u8be6\u60c5\u9875_11-600x1911.webp 600w, https:\/\/ac-truck.com\/wp-content\/uploads\/2026\/01\/\u6551\u62a4\u8f66\u8be6\u60c5\u9875_11-150x478.webp 150w\" alt=\"\" width=\"1234\" height=\"3930\" \/><\/p>\n<p><strong>1. Bouches d'a\u00e9ration du climatiseur et lampe de d\u00e9sinfection<\/strong><br \/>\n<strong>2. Ventilateur d'extraction<\/strong><br \/>\n<strong>3. Projecteurs<\/strong><br \/>\n<strong>4. Si\u00e8ges du personnel m\u00e9dical<\/strong><br \/>\n<strong>5. Armoires de rangement<\/strong><br \/>\n<strong>6. Panneau de commande<\/strong><br \/>\n<strong>7. T\u00e9l\u00e9commande<\/strong><br \/>\n<strong>8. Interphone<\/strong><br \/>\n<strong>9. Poubelle<\/strong><\/p>\n<h1 style=\"text-align: center;\">AUTRES D\u00c9TAILS<\/h1>\n<p><img loading=\"lazy\" decoding=\"async\" class=\"aligncenter wp-image-7354\" src=\"https:\/\/ac-truck.com\/wp-content\/uploads\/2026\/01\/%E6%95%91%E6%8A%A4%E8%BD%A6%E8%AF%A6%E6%83%85%E9%A1%B5_13.webp\" sizes=\"(max-width: 1234px) 100vw, 1234px\" srcset=\"https:\/\/ac-truck.com\/wp-content\/uploads\/2026\/01\/\u6551\u62a4\u8f66\u8be6\u60c5\u9875_13.webp 790w, https:\/\/ac-truck.com\/wp-content\/uploads\/2026\/01\/\u6551\u62a4\u8f66\u8be6\u60c5\u9875_13-266x300.webp 266w, https:\/\/ac-truck.com\/wp-content\/uploads\/2026\/01\/\u6551\u62a4\u8f66\u8be6\u60c5\u9875_13-768x867.webp 768w, https:\/\/ac-truck.com\/wp-content\/uploads\/2026\/01\/\u6551\u62a4\u8f66\u8be6\u60c5\u9875_13-11x12.webp 11w, https:\/\/ac-truck.com\/wp-content\/uploads\/2026\/01\/\u6551\u62a4\u8f66\u8be6\u60c5\u9875_13-600x677.webp 600w, https:\/\/ac-truck.com\/wp-content\/uploads\/2026\/01\/\u6551\u62a4\u8f66\u8be6\u60c5\u9875_13-150x169.webp 150w\" alt=\"\" width=\"1234\" height=\"1393\" \/><\/p>\n<p><strong>1. Lumi\u00e8res d'alarme<\/strong><br \/>\n<strong>2. luces estrobosc\u00f3picas<\/strong><br \/>\n<strong>3. Feux de position lat\u00e9raux<\/strong><\/p>\n<h1 style=\"text-align: center;\">PROCESSUS DE PRODUCTION<\/h1>\n<p><img loading=\"lazy\" decoding=\"async\" class=\"aligncenter wp-image-7355\" src=\"https:\/\/ac-truck.com\/wp-content\/uploads\/2026\/01\/%E6%95%91%E6%8A%A4%E8%BD%A6%E8%AF%A6%E6%83%85%E9%A1%B5_15.webp\" sizes=\"(max-width: 1234px) 100vw, 1234px\" srcset=\"https:\/\/ac-truck.com\/wp-content\/uploads\/2026\/01\/\u6551\u62a4\u8f66\u8be6\u60c5\u9875_15.webp 790w, https:\/\/ac-truck.com\/wp-content\/uploads\/2026\/01\/\u6551\u62a4\u8f66\u8be6\u60c5\u9875_15-110x300.webp 110w, https:\/\/ac-truck.com\/wp-content\/uploads\/2026\/01\/\u6551\u62a4\u8f66\u8be6\u60c5\u9875_15-374x1024.webp 374w, https:\/\/ac-truck.com\/wp-content\/uploads\/2026\/01\/\u6551\u62a4\u8f66\u8be6\u60c5\u9875_15-768x2102.webp 768w, https:\/\/ac-truck.com\/wp-content\/uploads\/2026\/01\/\u6551\u62a4\u8f66\u8be6\u60c5\u9875_15-561x1536.webp 561w, https:\/\/ac-truck.com\/wp-content\/uploads\/2026\/01\/\u6551\u62a4\u8f66\u8be6\u60c5\u9875_15-748x2048.webp 748w, https:\/\/ac-truck.com\/wp-content\/uploads\/2026\/01\/\u6551\u62a4\u8f66\u8be6\u60c5\u9875_15-4x12.webp 4w, https:\/\/ac-truck.com\/wp-content\/uploads\/2026\/01\/\u6551\u62a4\u8f66\u8be6\u60c5\u9875_15-600x1642.webp 600w, https:\/\/ac-truck.com\/wp-content\/uploads\/2026\/01\/\u6551\u62a4\u8f66\u8be6\u60c5\u9875_15-150x411.webp 150w\" alt=\"\" width=\"1234\" height=\"3377\" \/><img loading=\"lazy\" decoding=\"async\" class=\"aligncenter wp-image-7356\" src=\"https:\/\/ac-truck.com\/wp-content\/uploads\/2026\/01\/%E6%95%91%E6%8A%A4%E8%BD%A6%E8%AF%A6%E6%83%85%E9%A1%B5_16.webp\" sizes=\"(max-width: 1234px) 100vw, 1234px\" srcset=\"https:\/\/ac-truck.com\/wp-content\/uploads\/2026\/01\/\u6551\u62a4\u8f66\u8be6\u60c5\u9875_16.webp 790w, https:\/\/ac-truck.com\/wp-content\/uploads\/2026\/01\/\u6551\u62a4\u8f66\u8be6\u60c5\u9875_16-146x300.webp 146w, https:\/\/ac-truck.com\/wp-content\/uploads\/2026\/01\/\u6551\u62a4\u8f66\u8be6\u60c5\u9875_16-498x1024.webp 498w, https:\/\/ac-truck.com\/wp-content\/uploads\/2026\/01\/\u6551\u62a4\u8f66\u8be6\u60c5\u9875_16-768x1578.webp 768w, https:\/\/ac-truck.com\/wp-content\/uploads\/2026\/01\/\u6551\u62a4\u8f66\u8be6\u60c5\u9875_16-748x1536.webp 748w, https:\/\/ac-truck.com\/wp-content\/uploads\/2026\/01\/\u6551\u62a4\u8f66\u8be6\u60c5\u9875_16-6x12.webp 6w, https:\/\/ac-truck.com\/wp-content\/uploads\/2026\/01\/\u6551\u62a4\u8f66\u8be6\u60c5\u9875_16-600x1233.webp 600w, https:\/\/ac-truck.com\/wp-content\/uploads\/2026\/01\/\u6551\u62a4\u8f66\u8be6\u60c5\u9875_16-150x308.webp 150w\" alt=\"\" width=\"1234\" height=\"2535\" \/><\/p>\n<p><strong>1. Pr\u00e9paration du lot de mati\u00e8res premi\u00e8res<\/strong><br \/>\n<strong>2. Traitement des mat\u00e9riaux en feuilles par machine de chargement de matrices<\/strong><br \/>\n<strong>3. Construction et \u00e9tanch\u00e9it\u00e9 de la structure de la cabine m\u00e9dicale<\/strong><br \/>\n<strong>4. Am\u00e9nagement int\u00e9rieur et construction des \u00e9l\u00e9ments fonctionnels de base de la cabine m\u00e9dicale<\/strong><br \/>\n<strong>5. Installation du syst\u00e8me m\u00e9dical central<\/strong><br \/>\n<strong>6. Finition ext\u00e9rieure et installation du syst\u00e8me d'avertissement<\/strong><br \/>\n<strong>7. Ach\u00e8vement de l'installation de la partie sup\u00e9rieure de la carrosserie du v\u00e9hicule<\/strong><\/p>\n<h1 style=\"text-align: center;\">SC\u00c9NARIOS D'APPLICATION<\/h1>\n<p><img loading=\"lazy\" decoding=\"async\" class=\"aligncenter wp-image-7357\" src=\"https:\/\/ac-truck.com\/wp-content\/uploads\/2026\/01\/%E6%95%91%E6%8A%A4%E8%BD%A6%E8%AF%A6%E6%83%85%E9%A1%B5_18.webp\" sizes=\"(max-width: 1234px) 100vw, 1234px\" srcset=\"https:\/\/ac-truck.com\/wp-content\/uploads\/2026\/01\/\u6551\u62a4\u8f66\u8be6\u60c5\u9875_18.webp 790w, https:\/\/ac-truck.com\/wp-content\/uploads\/2026\/01\/\u6551\u62a4\u8f66\u8be6\u60c5\u9875_18-193x300.webp 193w, https:\/\/ac-truck.com\/wp-content\/uploads\/2026\/01\/\u6551\u62a4\u8f66\u8be6\u60c5\u9875_18-659x1024.webp 659w, https:\/\/ac-truck.com\/wp-content\/uploads\/2026\/01\/\u6551\u62a4\u8f66\u8be6\u60c5\u9875_18-768x1194.webp 768w, https:\/\/ac-truck.com\/wp-content\/uploads\/2026\/01\/\u6551\u62a4\u8f66\u8be6\u60c5\u9875_18-8x12.webp 8w, https:\/\/ac-truck.com\/wp-content\/uploads\/2026\/01\/\u6551\u62a4\u8f66\u8be6\u60c5\u9875_18-600x933.webp 600w, https:\/\/ac-truck.com\/wp-content\/uploads\/2026\/01\/\u6551\u62a4\u8f66\u8be6\u60c5\u9875_18-150x233.webp 150w\" alt=\"\" width=\"1234\" height=\"1918\" \/><\/p>\n<h1 style=\"text-align: center;\">EMBALLAGE ET TRANSPORT<\/h1>\n<p><img loading=\"lazy\" decoding=\"async\" class=\"aligncenter wp-image-7358\" src=\"https:\/\/ac-truck.com\/wp-content\/uploads\/2026\/01\/%E6%95%91%E6%8A%A4%E8%BD%A6%E8%AF%A6%E6%83%85%E9%A1%B5_20.webp\" sizes=\"(max-width: 1234px) 100vw, 1234px\" srcset=\"https:\/\/ac-truck.com\/wp-content\/uploads\/2026\/01\/\u6551\u62a4\u8f66\u8be6\u60c5\u9875_20.webp 790w, https:\/\/ac-truck.com\/wp-content\/uploads\/2026\/01\/\u6551\u62a4\u8f66\u8be6\u60c5\u9875_20-214x300.webp 214w, https:\/\/ac-truck.com\/wp-content\/uploads\/2026\/01\/\u6551\u62a4\u8f66\u8be6\u60c5\u9875_20-732x1024.webp 732w, https:\/\/ac-truck.com\/wp-content\/uploads\/2026\/01\/\u6551\u62a4\u8f66\u8be6\u60c5\u9875_20-768x1074.webp 768w, https:\/\/ac-truck.com\/wp-content\/uploads\/2026\/01\/\u6551\u62a4\u8f66\u8be6\u60c5\u9875_20-9x12.webp 9w, https:\/\/ac-truck.com\/wp-content\/uploads\/2026\/01\/\u6551\u62a4\u8f66\u8be6\u60c5\u9875_20-600x839.webp 600w, https:\/\/ac-truck.com\/wp-content\/uploads\/2026\/01\/\u6551\u62a4\u8f66\u8be6\u60c5\u9875_20-150x210.webp 150w\" alt=\"\" width=\"1234\" height=\"1726\" \/><\/p>","protected":false},"excerpt":{"rendered":"<p>PRODUCT PARAMETERS Emergency Ambulanc FOTON project Descriptions Specifications General Overall dimensions(mm) 5380X1920X2285 Total mass(Kg) 3400 curb weight(Kg) 2160 Body &nbsp;<\/p>","protected":false},"featured_media":7520,"template":"","meta":[],"product_brand":[234],"product_cat":[183],"product_tag":[370,371,372,373],"class_list":{"0":"post-7517","1":"product","2":"type-product","3":"status-publish","4":"has-post-thumbnail","6":"product_brand-foton","7":"product_cat-ambulance","8":"product_tag-ambulance","9":"product_tag-emergency-ambulance","10":"product_tag-medical-ambulance","11":"product_tag-monitoring-ambulance","13":"first","14":"instock","15":"shipping-taxable","16":"product-type-simple"},"_links":{"self":[{"href":"https:\/\/ac-truck.com\/fr\/wp-json\/wp\/v2\/product\/7517","targetHints":{"allow":["GET"]}}],"collection":[{"href":"https:\/\/ac-truck.com\/fr\/wp-json\/wp\/v2\/product"}],"about":[{"href":"https:\/\/ac-truck.com\/fr\/wp-json\/wp\/v2\/types\/product"}],"version-history":[{"count":1,"href":"https:\/\/ac-truck.com\/fr\/wp-json\/wp\/v2\/product\/7517\/revisions"}],"predecessor-version":[{"id":7526,"href":"https:\/\/ac-truck.com\/fr\/wp-json\/wp\/v2\/product\/7517\/revisions\/7526"}],"wp:featuredmedia":[{"embeddable":true,"href":"https:\/\/ac-truck.com\/fr\/wp-json\/wp\/v2\/media\/7520"}],"wp:attachment":[{"href":"https:\/\/ac-truck.com\/fr\/wp-json\/wp\/v2\/media?parent=7517"}],"wp:term":[{"taxonomy":"product_brand","embeddable":true,"href":"https:\/\/ac-truck.com\/fr\/wp-json\/wp\/v2\/product_brand?post=7517"},{"taxonomy":"product_cat","embeddable":true,"href":"https:\/\/ac-truck.com\/fr\/wp-json\/wp\/v2\/product_cat?post=7517"},{"taxonomy":"product_tag","embeddable":true,"href":"https:\/\/ac-truck.com\/fr\/wp-json\/wp\/v2\/product_tag?post=7517"}],"curies":[{"name":"wp","href":"https:\/\/api.w.org\/{rel}","templated":true}]}}