{"id":7641,"date":"2026-01-27T16:09:50","date_gmt":"2026-01-27T08:09:50","guid":{"rendered":"https:\/\/ac-truck.com\/?post_type=product&#038;p=7641"},"modified":"2026-04-08T14:35:29","modified_gmt":"2026-04-08T06:35:29","slug":"skip-loader-truck-4m%c2%b3-howo","status":"publish","type":"product","link":"https:\/\/ac-truck.com\/fr\/skip-loader-truck-4m%C2%B3-howo.html","title":{"rendered":"Camion-benne HOWO 4 m\u00b3"},"content":{"rendered":"<div style=\"width: 1920px;\" class=\"wp-video\"><!--[if lt IE 9]><script>document.createElement('video');<\/script><![endif]-->\n<video class=\"wp-video-shortcode\" id=\"video-7641-1\" width=\"1920\" height=\"1080\" preload=\"metadata\" controls=\"controls\"><source type=\"video\/mp4\" src=\"https:\/\/ac-truck.com\/wp-content\/uploads\/2025\/12\/\u538b\u7f29\u65e0\u6c34\u5370.mp4?_=1\" \/><a href=\"https:\/\/ac-truck.com\/wp-content\/uploads\/2025\/12\/\u538b\u7f29\u65e0\u6c34\u5370.mp4\">https:\/\/ac-truck.com\/wp-content\/uploads\/2025\/12\/\u538b\u7f29\u65e0\u6c34\u5370.mp4<\/a><\/video><\/div>\n<p><img fetchpriority=\"high\" decoding=\"async\" class=\"aligncenter wp-image-7642\" src=\"https:\/\/ac-truck.com\/wp-content\/uploads\/2026\/01\/\u6446\u81c2\u5783\u573e\u8f66\u8be6\u60c5\u9875_01.webp\" alt=\"\" width=\"1234\" height=\"1598\" srcset=\"https:\/\/ac-truck.com\/wp-content\/uploads\/2026\/01\/\u6446\u81c2\u5783\u573e\u8f66\u8be6\u60c5\u9875_01.webp 790w, https:\/\/ac-truck.com\/wp-content\/uploads\/2026\/01\/\u6446\u81c2\u5783\u573e\u8f66\u8be6\u60c5\u9875_01-232x300.webp 232w, https:\/\/ac-truck.com\/wp-content\/uploads\/2026\/01\/\u6446\u81c2\u5783\u573e\u8f66\u8be6\u60c5\u9875_01-768x995.webp 768w, https:\/\/ac-truck.com\/wp-content\/uploads\/2026\/01\/\u6446\u81c2\u5783\u573e\u8f66\u8be6\u60c5\u9875_01-9x12.webp 9w, https:\/\/ac-truck.com\/wp-content\/uploads\/2026\/01\/\u6446\u81c2\u5783\u573e\u8f66\u8be6\u60c5\u9875_01-600x777.webp 600w, https:\/\/ac-truck.com\/wp-content\/uploads\/2026\/01\/\u6446\u81c2\u5783\u573e\u8f66\u8be6\u60c5\u9875_01-150x194.webp 150w\" sizes=\"(max-width: 1234px) 100vw, 1234px\" \/><\/p>\n<h1 style=\"text-align: center;\">PARAM\u00c8TRES DU PRODUIT<\/h1>\n<p><img decoding=\"async\" class=\"aligncenter wp-image-7643\" src=\"https:\/\/ac-truck.com\/wp-content\/uploads\/2026\/01\/\u6446\u81c2\u5783\u573e\u8f66\u8be6\u60c5\u9875_03.webp\" alt=\"\" width=\"1234\" height=\"487\" srcset=\"https:\/\/ac-truck.com\/wp-content\/uploads\/2026\/01\/\u6446\u81c2\u5783\u573e\u8f66\u8be6\u60c5\u9875_03.webp 790w, https:\/\/ac-truck.com\/wp-content\/uploads\/2026\/01\/\u6446\u81c2\u5783\u573e\u8f66\u8be6\u60c5\u9875_03-300x118.webp 300w, https:\/\/ac-truck.com\/wp-content\/uploads\/2026\/01\/\u6446\u81c2\u5783\u573e\u8f66\u8be6\u60c5\u9875_03-768x303.webp 768w, https:\/\/ac-truck.com\/wp-content\/uploads\/2026\/01\/\u6446\u81c2\u5783\u573e\u8f66\u8be6\u60c5\u9875_03-18x7.webp 18w, https:\/\/ac-truck.com\/wp-content\/uploads\/2026\/01\/\u6446\u81c2\u5783\u573e\u8f66\u8be6\u60c5\u9875_03-600x237.webp 600w, https:\/\/ac-truck.com\/wp-content\/uploads\/2026\/01\/\u6446\u81c2\u5783\u573e\u8f66\u8be6\u60c5\u9875_03-150x59.webp 150w\" sizes=\"(max-width: 1234px) 100vw, 1234px\" \/><\/p>\n<h2 style=\"text-align: center;\">Camion-benne HOWO 4 m\u00b3<\/h2>\n<table>\n<tbody>\n<tr>\n<td width=\"126\"><strong>projet<\/strong><\/td>\n<td width=\"269\"><strong>Descriptions<\/strong><\/td>\n<td width=\"303\"><strong>Caract\u00e9ristiques<\/strong><\/td>\n<\/tr>\n<tr>\n<td rowspan=\"7\" width=\"126\"><strong>G\u00e9n\u00e9ral\u00a0<\/strong><\/td>\n<td width=\"269\"><strong>Dimensions hors tout (mm)<\/strong><\/td>\n<td width=\"303\"><strong>5995\u00d72500\u00d73350<\/strong><\/td>\n<\/tr>\n<tr>\n<td width=\"269\"><strong>poids \u00e0 vide (kg)<\/strong><\/td>\n<td width=\"303\"><strong>3800<\/strong><\/td>\n<\/tr>\n<tr>\n<td width=\"269\"><strong>Capacit\u00e9 de charge (kg)<\/strong><\/td>\n<td width=\"303\"><strong>565<\/strong><\/td>\n<\/tr>\n<tr>\n<td width=\"269\"><strong>Masse totale (kg)<\/strong><\/td>\n<td width=\"303\"><strong>4495<\/strong><\/td>\n<\/tr>\n<tr>\n<td width=\"269\"><strong>Volume du conteneur \u00e0 d\u00e9chets (m\u00b3)<\/strong><\/td>\n<td width=\"303\"><strong>4<\/strong><\/td>\n<\/tr>\n<tr>\n<td width=\"269\"><strong>Mat\u00e9riau des conteneurs \u00e0 d\u00e9chets<\/strong><\/td>\n<td width=\"303\"><strong>Acier au carbone Q235<\/strong><\/td>\n<\/tr>\n<tr>\n<td width=\"269\"><strong>Conteneur \u00e0 ordures (mm)<\/strong><\/td>\n<td width=\"303\"><strong>C\u00f4t\u00e9 : 3 mm, fond : 5 mm<\/strong><\/td>\n<\/tr>\n<tr>\n<td rowspan=\"8\" width=\"126\"><strong>Ch\u00e2ssis<\/strong><\/p>\n<p>&nbsp;<\/p>\n<p>&nbsp;<\/td>\n<td width=\"269\"><strong>Marque du ch\u00e2ssis<\/strong><\/td>\n<td width=\"303\"><strong>HOWO<\/strong><\/td>\n<\/tr>\n<tr>\n<td width=\"269\"><strong>Formulaire de conducteur<\/strong><\/td>\n<td width=\"303\"><strong>4*2<\/strong><\/td>\n<\/tr>\n<tr>\n<td width=\"269\"><strong>Volant<\/strong><\/td>\n<td width=\"303\"><strong>Conduite \u00e0 gauche<\/strong><\/td>\n<\/tr>\n<tr>\n<td width=\"269\"><strong>Marque et mod\u00e8le du moteur<\/strong><\/td>\n<td width=\"303\"><strong>YN4100QBZL<\/strong><\/td>\n<\/tr>\n<tr>\n<td width=\"269\"><strong>Puissance maximale du moteur (kW)<\/strong><\/td>\n<td width=\"303\"><strong>80<\/strong><\/td>\n<\/tr>\n<tr>\n<td width=\"269\"><strong>Normes d&#039;\u00e9mission<\/strong><\/td>\n<td width=\"303\"><strong>Euro 3<\/strong><\/td>\n<\/tr>\n<tr>\n<td width=\"269\"><strong>Bo\u00eete de vitesse<\/strong><\/td>\n<td width=\"303\"><strong>6-speed gearbox<\/strong><\/td>\n<\/tr>\n<tr>\n<td width=\"269\"><strong>Essieu avant\/arri\u00e8re(t)<\/strong><\/td>\n<td width=\"303\"><strong>2\/3.5<\/strong><\/td>\n<\/tr>\n<\/tbody>\n<\/table>\n<h1 style=\"text-align: center;\">AVANTAGES DU V\u00c9HICULE<\/h1>\n<h4 style=\"text-align: center;\">STRUCTURE DE BRAS OSCILLANT \u00c0 SIR\u00c8NE HAUTE LONGUEUR<\/h4>\n<p><img decoding=\"async\" class=\"aligncenter wp-image-7644\" src=\"https:\/\/ac-truck.com\/wp-content\/uploads\/2026\/01\/\u6446\u81c2\u5783\u573e\u8f66\u8be6\u60c5\u9875_05.webp\" alt=\"\" width=\"1234\" height=\"1234\" srcset=\"https:\/\/ac-truck.com\/wp-content\/uploads\/2026\/01\/\u6446\u81c2\u5783\u573e\u8f66\u8be6\u60c5\u9875_05.webp 790w, https:\/\/ac-truck.com\/wp-content\/uploads\/2026\/01\/\u6446\u81c2\u5783\u573e\u8f66\u8be6\u60c5\u9875_05-300x300.webp 300w, https:\/\/ac-truck.com\/wp-content\/uploads\/2026\/01\/\u6446\u81c2\u5783\u573e\u8f66\u8be6\u60c5\u9875_05-150x150.webp 150w, https:\/\/ac-truck.com\/wp-content\/uploads\/2026\/01\/\u6446\u81c2\u5783\u573e\u8f66\u8be6\u60c5\u9875_05-768x768.webp 768w, https:\/\/ac-truck.com\/wp-content\/uploads\/2026\/01\/\u6446\u81c2\u5783\u573e\u8f66\u8be6\u60c5\u9875_05-12x12.webp 12w, https:\/\/ac-truck.com\/wp-content\/uploads\/2026\/01\/\u6446\u81c2\u5783\u573e\u8f66\u8be6\u60c5\u9875_05-600x600.webp 600w\" sizes=\"(max-width: 1234px) 100vw, 1234px\" \/><\/p>\n<h1 style=\"text-align: center;\">D\u00c9TAILS DU PROCESSUS<\/h1>\n<p><img loading=\"lazy\" decoding=\"async\" class=\"aligncenter wp-image-7645\" src=\"https:\/\/ac-truck.com\/wp-content\/uploads\/2026\/01\/\u6446\u81c2\u5783\u573e\u8f66\u8be6\u60c5\u9875_07.webp\" alt=\"\" width=\"1234\" height=\"1503\" srcset=\"https:\/\/ac-truck.com\/wp-content\/uploads\/2026\/01\/\u6446\u81c2\u5783\u573e\u8f66\u8be6\u60c5\u9875_07.webp 790w, https:\/\/ac-truck.com\/wp-content\/uploads\/2026\/01\/\u6446\u81c2\u5783\u573e\u8f66\u8be6\u60c5\u9875_07-246x300.webp 246w, https:\/\/ac-truck.com\/wp-content\/uploads\/2026\/01\/\u6446\u81c2\u5783\u573e\u8f66\u8be6\u60c5\u9875_07-768x935.webp 768w, https:\/\/ac-truck.com\/wp-content\/uploads\/2026\/01\/\u6446\u81c2\u5783\u573e\u8f66\u8be6\u60c5\u9875_07-10x12.webp 10w, https:\/\/ac-truck.com\/wp-content\/uploads\/2026\/01\/\u6446\u81c2\u5783\u573e\u8f66\u8be6\u60c5\u9875_07-600x731.webp 600w, https:\/\/ac-truck.com\/wp-content\/uploads\/2026\/01\/\u6446\u81c2\u5783\u573e\u8f66\u8be6\u60c5\u9875_07-150x183.webp 150w\" sizes=\"(max-width: 1234px) 100vw, 1234px\" \/><\/p>\n<p><strong>1. The main arm is made of high &#8211; strength steel, with an integrated, re-inforced, thickened and strengthened design,ensuring it won&#8217;t deform or break.<\/strong><br \/>\n<strong>2. Pour le v\u00e9rin hydraulique du bras principal, la plaque de pivot est soud\u00e9e avec un renfort et un renforcement en acier.<\/strong><br \/>\n<strong>3. Le support du v\u00e9rin hydraulique principal est renforc\u00e9 et consolid\u00e9 pour assurer un support stable.<\/strong><br \/>\n<strong>4. Les v\u00e9rins hydrauliques principaux fonctionnent avec un syst\u00e8me \u00e0 double v\u00e9rin. Le diam\u00e8tre du v\u00e9rin est augment\u00e9, ce qui permet une force de levage plus importante.<\/strong><br \/>\n<strong>5. Il y a deux stabilisateurs hydrauliques \u00e0 l'arri\u00e8re du v\u00e9hicule, qui assurent un support stable et ont une grande r\u00e9sistance.<\/strong><br \/>\n<strong>6. Les pieds des stabilisateurs sont \u00e9quip\u00e9s de graisseurs et peuvent s'adapter automatiquement au sol, ayant une grande surface de contact.<\/strong><br \/>\n<strong>7. The alloy steel lifting lugs of the main arm are highly wear &#8211; resistant,with a through -type welding design, resulting in high strength.<\/strong><br \/>\n<strong>8. La cha\u00eene \u00e9paissie avec des trous de grands et petits trous et les anneaux de levage ne sont pas faciles \u00e0 d\u00e9tacher ou \u00e0 d\u00e9former.<\/strong><\/p>\n<h1 style=\"text-align: center;\">POUBELLES DE DIFF\u00c9RENTES SP\u00c9CIFICATIONS<\/h1>\n<p><img loading=\"lazy\" decoding=\"async\" class=\"aligncenter wp-image-7646\" src=\"https:\/\/ac-truck.com\/wp-content\/uploads\/2026\/01\/\u6446\u81c2\u5783\u573e\u8f66\u8be6\u60c5\u9875_09.webp\" alt=\"\" width=\"1234\" height=\"3180\" srcset=\"https:\/\/ac-truck.com\/wp-content\/uploads\/2026\/01\/\u6446\u81c2\u5783\u573e\u8f66\u8be6\u60c5\u9875_09.webp 790w, https:\/\/ac-truck.com\/wp-content\/uploads\/2026\/01\/\u6446\u81c2\u5783\u573e\u8f66\u8be6\u60c5\u9875_09-116x300.webp 116w, https:\/\/ac-truck.com\/wp-content\/uploads\/2026\/01\/\u6446\u81c2\u5783\u573e\u8f66\u8be6\u60c5\u9875_09-397x1024.webp 397w, https:\/\/ac-truck.com\/wp-content\/uploads\/2026\/01\/\u6446\u81c2\u5783\u573e\u8f66\u8be6\u60c5\u9875_09-768x1979.webp 768w, https:\/\/ac-truck.com\/wp-content\/uploads\/2026\/01\/\u6446\u81c2\u5783\u573e\u8f66\u8be6\u60c5\u9875_09-596x1536.webp 596w, https:\/\/ac-truck.com\/wp-content\/uploads\/2026\/01\/\u6446\u81c2\u5783\u573e\u8f66\u8be6\u60c5\u9875_09-5x12.webp 5w, https:\/\/ac-truck.com\/wp-content\/uploads\/2026\/01\/\u6446\u81c2\u5783\u573e\u8f66\u8be6\u60c5\u9875_09-600x1546.webp 600w, https:\/\/ac-truck.com\/wp-content\/uploads\/2026\/01\/\u6446\u81c2\u5783\u573e\u8f66\u8be6\u60c5\u9875_09-150x387.webp 150w\" sizes=\"(max-width: 1234px) 100vw, 1234px\" \/><\/p>\n<p><strong>1. Poubelle en forme de bateau : Avec un dessus ouvert, elle est plac\u00e9e au sol pour collecter les d\u00e9chets.<\/strong><br \/>\n<strong>2. Poubelle carr\u00e9e : \u00c9quip\u00e9e en option d'un couvercle, elle est plac\u00e9e dans une fosse pour collecter les d\u00e9chets.<\/strong><br \/>\n<strong>3. Poubelle ferm\u00e9e : Dot\u00e9e d'une fen\u00eatre \u00e0 chargement par le haut, elle est plac\u00e9e au sol pour collecter les ordures.<\/strong><\/p>\n<h1 style=\"text-align: center;\">SYST\u00c8ME HYDRAULIQUE \u00c0 HAUTE EFFICACIT\u00c9<\/h1>\n<p><img loading=\"lazy\" decoding=\"async\" class=\"aligncenter wp-image-7647\" src=\"https:\/\/ac-truck.com\/wp-content\/uploads\/2026\/01\/\u6446\u81c2\u5783\u573e\u8f66\u8be6\u60c5\u9875_11.webp\" alt=\"\" width=\"1234\" height=\"1917\" srcset=\"https:\/\/ac-truck.com\/wp-content\/uploads\/2026\/01\/\u6446\u81c2\u5783\u573e\u8f66\u8be6\u60c5\u9875_11.webp 790w, https:\/\/ac-truck.com\/wp-content\/uploads\/2026\/01\/\u6446\u81c2\u5783\u573e\u8f66\u8be6\u60c5\u9875_11-193x300.webp 193w, https:\/\/ac-truck.com\/wp-content\/uploads\/2026\/01\/\u6446\u81c2\u5783\u573e\u8f66\u8be6\u60c5\u9875_11-659x1024.webp 659w, https:\/\/ac-truck.com\/wp-content\/uploads\/2026\/01\/\u6446\u81c2\u5783\u573e\u8f66\u8be6\u60c5\u9875_11-768x1193.webp 768w, https:\/\/ac-truck.com\/wp-content\/uploads\/2026\/01\/\u6446\u81c2\u5783\u573e\u8f66\u8be6\u60c5\u9875_11-8x12.webp 8w, https:\/\/ac-truck.com\/wp-content\/uploads\/2026\/01\/\u6446\u81c2\u5783\u573e\u8f66\u8be6\u60c5\u9875_11-600x932.webp 600w, https:\/\/ac-truck.com\/wp-content\/uploads\/2026\/01\/\u6446\u81c2\u5783\u573e\u8f66\u8be6\u60c5\u9875_11-150x233.webp 150w\" sizes=\"(max-width: 1234px) 100vw, 1234px\" \/><\/p>\n<p><strong>1. R\u00e9servoir d'huile hydraulique<\/strong><br \/>\n<strong>2. Pompe \u00e0 huile hydraulique<\/strong><br \/>\n<strong>3. V\u00e9rin hydraulique<\/strong><br \/>\n<strong>4. Hydraulic multi &#8211; way control valve<\/strong><br \/>\n<strong>5. Soupape d'\u00e9quilibrage CAMION<\/strong><br \/>\n<strong>6. Manom\u00e8tre hydraulique<\/strong><br \/>\n<strong>7. Tuyau d'huile hydraulique<\/strong><\/p>\n<h1 style=\"text-align: center;\">PROCESSUS DE PRODUCTION<\/h1>\n<p><img loading=\"lazy\" decoding=\"async\" class=\"aligncenter wp-image-7648\" src=\"https:\/\/ac-truck.com\/wp-content\/uploads\/2026\/01\/\u6446\u81c2\u5783\u573e\u8f66\u8be6\u60c5\u9875_13.webp\" alt=\"\" width=\"1234\" height=\"1988\" srcset=\"https:\/\/ac-truck.com\/wp-content\/uploads\/2026\/01\/\u6446\u81c2\u5783\u573e\u8f66\u8be6\u60c5\u9875_13.webp 790w, https:\/\/ac-truck.com\/wp-content\/uploads\/2026\/01\/\u6446\u81c2\u5783\u573e\u8f66\u8be6\u60c5\u9875_13-186x300.webp 186w, https:\/\/ac-truck.com\/wp-content\/uploads\/2026\/01\/\u6446\u81c2\u5783\u573e\u8f66\u8be6\u60c5\u9875_13-635x1024.webp 635w, https:\/\/ac-truck.com\/wp-content\/uploads\/2026\/01\/\u6446\u81c2\u5783\u573e\u8f66\u8be6\u60c5\u9875_13-768x1238.webp 768w, https:\/\/ac-truck.com\/wp-content\/uploads\/2026\/01\/\u6446\u81c2\u5783\u573e\u8f66\u8be6\u60c5\u9875_13-7x12.webp 7w, https:\/\/ac-truck.com\/wp-content\/uploads\/2026\/01\/\u6446\u81c2\u5783\u573e\u8f66\u8be6\u60c5\u9875_13-600x967.webp 600w, https:\/\/ac-truck.com\/wp-content\/uploads\/2026\/01\/\u6446\u81c2\u5783\u573e\u8f66\u8be6\u60c5\u9875_13-150x242.webp 150w\" sizes=\"(max-width: 1234px) 100vw, 1234px\" \/> <img loading=\"lazy\" decoding=\"async\" class=\"aligncenter wp-image-7649\" src=\"https:\/\/ac-truck.com\/wp-content\/uploads\/2026\/01\/\u6446\u81c2\u5783\u573e\u8f66\u8be6\u60c5\u9875_14.webp\" alt=\"\" width=\"1234\" height=\"2063\" srcset=\"https:\/\/ac-truck.com\/wp-content\/uploads\/2026\/01\/\u6446\u81c2\u5783\u573e\u8f66\u8be6\u60c5\u9875_14.webp 790w, https:\/\/ac-truck.com\/wp-content\/uploads\/2026\/01\/\u6446\u81c2\u5783\u573e\u8f66\u8be6\u60c5\u9875_14-179x300.webp 179w, https:\/\/ac-truck.com\/wp-content\/uploads\/2026\/01\/\u6446\u81c2\u5783\u573e\u8f66\u8be6\u60c5\u9875_14-612x1024.webp 612w, https:\/\/ac-truck.com\/wp-content\/uploads\/2026\/01\/\u6446\u81c2\u5783\u573e\u8f66\u8be6\u60c5\u9875_14-768x1284.webp 768w, https:\/\/ac-truck.com\/wp-content\/uploads\/2026\/01\/\u6446\u81c2\u5783\u573e\u8f66\u8be6\u60c5\u9875_14-7x12.webp 7w, https:\/\/ac-truck.com\/wp-content\/uploads\/2026\/01\/\u6446\u81c2\u5783\u573e\u8f66\u8be6\u60c5\u9875_14-600x1003.webp 600w, https:\/\/ac-truck.com\/wp-content\/uploads\/2026\/01\/\u6446\u81c2\u5783\u573e\u8f66\u8be6\u60c5\u9875_14-150x251.webp 150w\" sizes=\"(max-width: 1234px) 100vw, 1234px\" \/><\/p>\n<p><strong>1. D\u00e9coupe de l'acier pour le d\u00e9coupage<\/strong><br \/>\n<strong>2. Estampage et formage des composants <\/strong><br \/>\n<strong>3. Soudage et assemblage du ch\u00e2ssis du v\u00e9hicule <\/strong><br \/>\n<strong>4. Pre &#8211; installation of the hydraulic system<\/strong><br \/>\n<strong>5. Application d'un traitement anticorrosion sur la carrosserie du v\u00e9hicule<\/strong><br \/>\n<strong>6. Ach\u00e8vement de l'installation de la superstructure du v\u00e9hicule <\/strong><\/p>\n<h1 style=\"text-align: center;\">SC\u00c9NARIOS D'APPLICATION<\/h1>\n<p><img loading=\"lazy\" decoding=\"async\" class=\"aligncenter wp-image-7650\" src=\"https:\/\/ac-truck.com\/wp-content\/uploads\/2026\/01\/\u6446\u81c2\u5783\u573e\u8f66\u8be6\u60c5\u9875_16.webp\" alt=\"\" width=\"1234\" height=\"1682\" srcset=\"https:\/\/ac-truck.com\/wp-content\/uploads\/2026\/01\/\u6446\u81c2\u5783\u573e\u8f66\u8be6\u60c5\u9875_16.webp 790w, https:\/\/ac-truck.com\/wp-content\/uploads\/2026\/01\/\u6446\u81c2\u5783\u573e\u8f66\u8be6\u60c5\u9875_16-220x300.webp 220w, https:\/\/ac-truck.com\/wp-content\/uploads\/2026\/01\/\u6446\u81c2\u5783\u573e\u8f66\u8be6\u60c5\u9875_16-751x1024.webp 751w, https:\/\/ac-truck.com\/wp-content\/uploads\/2026\/01\/\u6446\u81c2\u5783\u573e\u8f66\u8be6\u60c5\u9875_16-768x1047.webp 768w, https:\/\/ac-truck.com\/wp-content\/uploads\/2026\/01\/\u6446\u81c2\u5783\u573e\u8f66\u8be6\u60c5\u9875_16-9x12.webp 9w, https:\/\/ac-truck.com\/wp-content\/uploads\/2026\/01\/\u6446\u81c2\u5783\u573e\u8f66\u8be6\u60c5\u9875_16-600x818.webp 600w, https:\/\/ac-truck.com\/wp-content\/uploads\/2026\/01\/\u6446\u81c2\u5783\u573e\u8f66\u8be6\u60c5\u9875_16-150x204.webp 150w\" sizes=\"(max-width: 1234px) 100vw, 1234px\" \/><\/p>\n<h1 style=\"text-align: center;\">EMBALLAGE ET TRANSPORT<\/h1>\n<p><img loading=\"lazy\" decoding=\"async\" class=\"aligncenter wp-image-7651\" src=\"https:\/\/ac-truck.com\/wp-content\/uploads\/2026\/01\/\u6446\u81c2\u5783\u573e\u8f66\u8be6\u60c5\u9875_18.webp\" alt=\"\" width=\"1234\" height=\"2354\" srcset=\"https:\/\/ac-truck.com\/wp-content\/uploads\/2026\/01\/\u6446\u81c2\u5783\u573e\u8f66\u8be6\u60c5\u9875_18.webp 790w, https:\/\/ac-truck.com\/wp-content\/uploads\/2026\/01\/\u6446\u81c2\u5783\u573e\u8f66\u8be6\u60c5\u9875_18-157x300.webp 157w, https:\/\/ac-truck.com\/wp-content\/uploads\/2026\/01\/\u6446\u81c2\u5783\u573e\u8f66\u8be6\u60c5\u9875_18-537x1024.webp 537w, https:\/\/ac-truck.com\/wp-content\/uploads\/2026\/01\/\u6446\u81c2\u5783\u573e\u8f66\u8be6\u60c5\u9875_18-768x1465.webp 768w, https:\/\/ac-truck.com\/wp-content\/uploads\/2026\/01\/\u6446\u81c2\u5783\u573e\u8f66\u8be6\u60c5\u9875_18-6x12.webp 6w, https:\/\/ac-truck.com\/wp-content\/uploads\/2026\/01\/\u6446\u81c2\u5783\u573e\u8f66\u8be6\u60c5\u9875_18-600x1145.webp 600w, https:\/\/ac-truck.com\/wp-content\/uploads\/2026\/01\/\u6446\u81c2\u5783\u573e\u8f66\u8be6\u60c5\u9875_18-150x286.webp 150w\" sizes=\"(max-width: 1234px) 100vw, 1234px\" \/><\/p>","protected":false},"excerpt":{"rendered":"<p>PRODUCT PARAMETERS Skip Loader Truck 4m\u00b3 HOWO project Descriptions Specifications General\u00a0 Overall dimensions(mm) 5995\u00d72500\u00d73350 curb weight(Kg) 3800 Loading capacity(Kg) 565<\/p>","protected":false},"featured_media":7652,"template":"","meta":[],"product_brand":[220],"product_cat":[192],"product_tag":[379,380,381],"class_list":{"0":"post-7641","1":"product","2":"type-product","3":"status-publish","4":"has-post-thumbnail","6":"product_brand-howo","7":"product_cat-garbage-trucks","8":"product_tag-skip-loader-truck","9":"product_tag-skip-loader","10":"product_tag-skip-truck","12":"first","13":"instock","14":"shipping-taxable","15":"product-type-simple"},"_links":{"self":[{"href":"https:\/\/ac-truck.com\/fr\/wp-json\/wp\/v2\/product\/7641","targetHints":{"allow":["GET"]}}],"collection":[{"href":"https:\/\/ac-truck.com\/fr\/wp-json\/wp\/v2\/product"}],"about":[{"href":"https:\/\/ac-truck.com\/fr\/wp-json\/wp\/v2\/types\/product"}],"version-history":[{"count":2,"href":"https:\/\/ac-truck.com\/fr\/wp-json\/wp\/v2\/product\/7641\/revisions"}],"predecessor-version":[{"id":7912,"href":"https:\/\/ac-truck.com\/fr\/wp-json\/wp\/v2\/product\/7641\/revisions\/7912"}],"wp:featuredmedia":[{"embeddable":true,"href":"https:\/\/ac-truck.com\/fr\/wp-json\/wp\/v2\/media\/7652"}],"wp:attachment":[{"href":"https:\/\/ac-truck.com\/fr\/wp-json\/wp\/v2\/media?parent=7641"}],"wp:term":[{"taxonomy":"product_brand","embeddable":true,"href":"https:\/\/ac-truck.com\/fr\/wp-json\/wp\/v2\/product_brand?post=7641"},{"taxonomy":"product_cat","embeddable":true,"href":"https:\/\/ac-truck.com\/fr\/wp-json\/wp\/v2\/product_cat?post=7641"},{"taxonomy":"product_tag","embeddable":true,"href":"https:\/\/ac-truck.com\/fr\/wp-json\/wp\/v2\/product_tag?post=7641"}],"curies":[{"name":"wp","href":"https:\/\/api.w.org\/{rel}","templated":true}]}}