{"id":7709,"date":"2026-02-05T11:09:11","date_gmt":"2026-02-05T03:09:11","guid":{"rendered":"https:\/\/ac-truck.com\/?post_type=product&#038;p=7709"},"modified":"2026-02-05T11:09:11","modified_gmt":"2026-02-05T03:09:11","slug":"60m%c2%b3-bulk-feed-trailer","status":"publish","type":"product","link":"https:\/\/ac-truck.com\/fr\/60m%C2%B3-bulk-feed-trailer.html","title":{"rendered":"Remorque de transport d'aliments en vrac de 60 m\u00b3"},"content":{"rendered":"<p><img fetchpriority=\"high\" decoding=\"async\" class=\"aligncenter wp-image-7710\" src=\"https:\/\/ac-truck.com\/wp-content\/uploads\/2026\/02\/\u9972\u6599\u8fd0\u8f93\u8f66\u8be6\u60c5\u9875_01.webp\" alt=\"\" width=\"1234\" height=\"1651\" srcset=\"https:\/\/ac-truck.com\/wp-content\/uploads\/2026\/02\/\u9972\u6599\u8fd0\u8f93\u8f66\u8be6\u60c5\u9875_01.webp 790w, https:\/\/ac-truck.com\/wp-content\/uploads\/2026\/02\/\u9972\u6599\u8fd0\u8f93\u8f66\u8be6\u60c5\u9875_01-224x300.webp 224w, https:\/\/ac-truck.com\/wp-content\/uploads\/2026\/02\/\u9972\u6599\u8fd0\u8f93\u8f66\u8be6\u60c5\u9875_01-765x1024.webp 765w, https:\/\/ac-truck.com\/wp-content\/uploads\/2026\/02\/\u9972\u6599\u8fd0\u8f93\u8f66\u8be6\u60c5\u9875_01-768x1028.webp 768w, https:\/\/ac-truck.com\/wp-content\/uploads\/2026\/02\/\u9972\u6599\u8fd0\u8f93\u8f66\u8be6\u60c5\u9875_01-9x12.webp 9w, https:\/\/ac-truck.com\/wp-content\/uploads\/2026\/02\/\u9972\u6599\u8fd0\u8f93\u8f66\u8be6\u60c5\u9875_01-600x803.webp 600w, https:\/\/ac-truck.com\/wp-content\/uploads\/2026\/02\/\u9972\u6599\u8fd0\u8f93\u8f66\u8be6\u60c5\u9875_01-150x201.webp 150w\" sizes=\"(max-width: 1234px) 100vw, 1234px\" \/><\/p>\n<h1 style=\"text-align: center;\">PARAM\u00c8TRES DU PRODUIT<\/h1>\n<p><img decoding=\"async\" class=\"aligncenter wp-image-7711\" src=\"https:\/\/ac-truck.com\/wp-content\/uploads\/2026\/02\/\u9972\u6599\u8fd0\u8f93\u8f66\u8be6\u60c5\u9875_03.webp\" alt=\"\" width=\"1234\" height=\"478\" srcset=\"https:\/\/ac-truck.com\/wp-content\/uploads\/2026\/02\/\u9972\u6599\u8fd0\u8f93\u8f66\u8be6\u60c5\u9875_03.webp 790w, https:\/\/ac-truck.com\/wp-content\/uploads\/2026\/02\/\u9972\u6599\u8fd0\u8f93\u8f66\u8be6\u60c5\u9875_03-300x116.webp 300w, https:\/\/ac-truck.com\/wp-content\/uploads\/2026\/02\/\u9972\u6599\u8fd0\u8f93\u8f66\u8be6\u60c5\u9875_03-768x297.webp 768w, https:\/\/ac-truck.com\/wp-content\/uploads\/2026\/02\/\u9972\u6599\u8fd0\u8f93\u8f66\u8be6\u60c5\u9875_03-18x7.webp 18w, https:\/\/ac-truck.com\/wp-content\/uploads\/2026\/02\/\u9972\u6599\u8fd0\u8f93\u8f66\u8be6\u60c5\u9875_03-600x232.webp 600w, https:\/\/ac-truck.com\/wp-content\/uploads\/2026\/02\/\u9972\u6599\u8fd0\u8f93\u8f66\u8be6\u60c5\u9875_03-150x58.webp 150w\" sizes=\"(max-width: 1234px) 100vw, 1234px\" \/><\/p>\n<h2 style=\"text-align: center;\">Remorque de transport d'aliments en vrac de 60 m\u00b3<\/h2>\n<table>\n<tbody>\n<tr>\n<td width=\"79\"><strong>projet<\/strong><\/td>\n<td width=\"319\"><strong>Descriptions<\/strong><\/td>\n<td width=\"288\"><strong>Caract\u00e9ristiques<\/strong><\/td>\n<\/tr>\n<tr>\n<td rowspan=\"4\" width=\"79\"><strong>Basique<\/strong><\/td>\n<td width=\"319\"><strong>Dimensions hors tout (mm)<\/strong><\/td>\n<td width=\"288\"><strong>13750\u00d72550\u00d74000<\/strong><\/td>\n<\/tr>\n<tr>\n<td width=\"319\"><strong>poids \u00e0 vide (kg)<\/strong><\/td>\n<td width=\"288\"><strong>12700<\/strong><\/td>\n<\/tr>\n<tr>\n<td width=\"319\"><strong>Capacit\u00e9 de charge (kg)<\/strong><\/td>\n<td width=\"288\"><strong>27290<\/strong><\/td>\n<\/tr>\n<tr>\n<td width=\"319\"><strong>Masse totale (kg)<\/strong><\/td>\n<td width=\"288\"><strong>40000<\/strong><\/td>\n<\/tr>\n<tr>\n<td rowspan=\"4\" width=\"79\"><strong>Corps<\/strong><\/td>\n<td width=\"319\"><strong>Dimensions du r\u00e9servoir (mm)<\/strong><\/td>\n<td width=\"288\"><strong>13000\u00d72550\u00d72640<\/strong><\/td>\n<\/tr>\n<tr>\n<td width=\"319\"><strong>Volume du r\u00e9servoir (m\u00b3)<\/strong><\/td>\n<td width=\"288\"><strong>60<\/strong><\/td>\n<\/tr>\n<tr>\n<td width=\"319\"><strong>Mat\u00e9riau du corps du r\u00e9servoir<\/strong><\/td>\n<td width=\"288\"><strong>Acier au carbone<\/strong><\/td>\n<\/tr>\n<tr>\n<td width=\"319\"><strong>\u00c9paisseur du r\u00e9servoir (mm)<\/strong><\/td>\n<td width=\"288\"><strong>4<\/strong><\/td>\n<\/tr>\n<tr>\n<td width=\"79\"><strong>Ch\u00e2ssis<\/strong><\/td>\n<td width=\"319\"><strong>Marque du ch\u00e2ssis<\/strong><\/td>\n<td width=\"288\"><strong>Howo<\/strong><\/td>\n<\/tr>\n<\/tbody>\n<\/table>\n<h1 style=\"text-align: center;\">AVANTAGES DU V\u00c9HICULE<\/h1>\n<h4 style=\"text-align: center;\">Processus de fabrication de la citerne<\/h4>\n<p><img decoding=\"async\" class=\"aligncenter wp-image-7712\" src=\"https:\/\/ac-truck.com\/wp-content\/uploads\/2026\/02\/\u9972\u6599\u8fd0\u8f93\u8f66\u8be6\u60c5\u9875_05.webp\" alt=\"\" width=\"1234\" height=\"1453\" srcset=\"https:\/\/ac-truck.com\/wp-content\/uploads\/2026\/02\/\u9972\u6599\u8fd0\u8f93\u8f66\u8be6\u60c5\u9875_05.webp 790w, https:\/\/ac-truck.com\/wp-content\/uploads\/2026\/02\/\u9972\u6599\u8fd0\u8f93\u8f66\u8be6\u60c5\u9875_05-255x300.webp 255w, https:\/\/ac-truck.com\/wp-content\/uploads\/2026\/02\/\u9972\u6599\u8fd0\u8f93\u8f66\u8be6\u60c5\u9875_05-768x904.webp 768w, https:\/\/ac-truck.com\/wp-content\/uploads\/2026\/02\/\u9972\u6599\u8fd0\u8f93\u8f66\u8be6\u60c5\u9875_05-10x12.webp 10w, https:\/\/ac-truck.com\/wp-content\/uploads\/2026\/02\/\u9972\u6599\u8fd0\u8f93\u8f66\u8be6\u60c5\u9875_05-600x706.webp 600w, https:\/\/ac-truck.com\/wp-content\/uploads\/2026\/02\/\u9972\u6599\u8fd0\u8f93\u8f66\u8be6\u60c5\u9875_05-150x177.webp 150w\" sizes=\"(max-width: 1234px) 100vw, 1234px\" \/> <img loading=\"lazy\" decoding=\"async\" class=\"aligncenter wp-image-7713\" src=\"https:\/\/ac-truck.com\/wp-content\/uploads\/2026\/02\/\u9972\u6599\u8fd0\u8f93\u8f66\u8be6\u60c5\u9875_06.webp\" alt=\"\" width=\"1234\" height=\"1412\" srcset=\"https:\/\/ac-truck.com\/wp-content\/uploads\/2026\/02\/\u9972\u6599\u8fd0\u8f93\u8f66\u8be6\u60c5\u9875_06.webp 790w, https:\/\/ac-truck.com\/wp-content\/uploads\/2026\/02\/\u9972\u6599\u8fd0\u8f93\u8f66\u8be6\u60c5\u9875_06-262x300.webp 262w, https:\/\/ac-truck.com\/wp-content\/uploads\/2026\/02\/\u9972\u6599\u8fd0\u8f93\u8f66\u8be6\u60c5\u9875_06-768x879.webp 768w, https:\/\/ac-truck.com\/wp-content\/uploads\/2026\/02\/\u9972\u6599\u8fd0\u8f93\u8f66\u8be6\u60c5\u9875_06-10x12.webp 10w, https:\/\/ac-truck.com\/wp-content\/uploads\/2026\/02\/\u9972\u6599\u8fd0\u8f93\u8f66\u8be6\u60c5\u9875_06-600x687.webp 600w, https:\/\/ac-truck.com\/wp-content\/uploads\/2026\/02\/\u9972\u6599\u8fd0\u8f93\u8f66\u8be6\u60c5\u9875_06-150x172.webp 150w\" sizes=\"(max-width: 1234px) 100vw, 1234px\" \/><\/p>\n<p><strong>1\/2\/3. S\u00e9lection des mat\u00e9riaux : Le corps de la cuve est principalement constitu\u00e9 de t\u00f4les en acier au carbone de haute qualit\u00e9 et \u00e0 haute r\u00e9sistance (telles que le Q345) ou de t\u00f4les galvanis\u00e9es. La r\u00e9sistance \u00e0 la rouille et \u00e0 la corrosion des t\u00f4les galvanis\u00e9es est nettement sup\u00e9rieure \u00e0 celle des t\u00f4les en acier ordinaire peintes. Ce choix permet d'emp\u00eacher efficacement l'humidit\u00e9 d'alt\u00e9rer l'aliment et de corroder la structure de la cuve, prolongeant ainsi sa dur\u00e9e de vie ; cette solution est particuli\u00e8rement adapt\u00e9e aux environnements humides. Processus de peinture : Le corps de la cuve b\u00e9n\u00e9ficie g\u00e9n\u00e9ralement d'un traitement par \u00e9lectrophor\u00e8se et cuisson au four, garantissant une excellente adh\u00e9rence de la peinture et une grande durabilit\u00e9.<\/strong><br \/>\n<strong>4\/5. Forming process: The cross-section of the tank body mostly adopts thedesign of &#8220;square circle&#8221; or &#8220;polygonal&#8221;. This design ensures the effectivevolume, increases the structural strength, and facilitates the feed to con-centrate towards the discharge auger outlet under the action of gravity, re-ducing residue.<\/strong><br \/>\n<strong>6\/7. Traitement de lissage : Les soudures \u00e0 l'int\u00e9rieur de la cuve sont polies pour \u00eatre planes, et la paroi interne est liss\u00e9e afin de r\u00e9duire l'adh\u00e9rence du produit aux parois ainsi que la formation de r\u00e9sidus.<\/strong><br \/>\n<strong>8. Compartment design: The partition process is mature, and it can be divid-ed into 2 &#8211; 4 independent compartments as required. The partitions arewelded tightly to the tank body to ensure that the feeds in each compart-ment do not mix.<\/strong><br \/>\n<strong>9\/10. Conception anti-accumulation : la jonction entre le fond de la cuve et les parois lat\u00e9rales adopte une transition en arc de cercle afin d'\u00e9liminer les zones mortes et de faciliter l'\u00e9coulement de l'alimentation.<\/strong><\/p>\n<h1 style=\"text-align: center;\">Processus du syst\u00e8me de convoyage<\/h1>\n<p><img loading=\"lazy\" decoding=\"async\" class=\"aligncenter wp-image-7714\" src=\"https:\/\/ac-truck.com\/wp-content\/uploads\/2026\/02\/\u9972\u6599\u8fd0\u8f93\u8f66\u8be6\u60c5\u9875_08.webp\" alt=\"\" width=\"1234\" height=\"1421\" srcset=\"https:\/\/ac-truck.com\/wp-content\/uploads\/2026\/02\/\u9972\u6599\u8fd0\u8f93\u8f66\u8be6\u60c5\u9875_08.webp 790w, https:\/\/ac-truck.com\/wp-content\/uploads\/2026\/02\/\u9972\u6599\u8fd0\u8f93\u8f66\u8be6\u60c5\u9875_08-260x300.webp 260w, https:\/\/ac-truck.com\/wp-content\/uploads\/2026\/02\/\u9972\u6599\u8fd0\u8f93\u8f66\u8be6\u60c5\u9875_08-768x885.webp 768w, https:\/\/ac-truck.com\/wp-content\/uploads\/2026\/02\/\u9972\u6599\u8fd0\u8f93\u8f66\u8be6\u60c5\u9875_08-10x12.webp 10w, https:\/\/ac-truck.com\/wp-content\/uploads\/2026\/02\/\u9972\u6599\u8fd0\u8f93\u8f66\u8be6\u60c5\u9875_08-600x691.webp 600w, https:\/\/ac-truck.com\/wp-content\/uploads\/2026\/02\/\u9972\u6599\u8fd0\u8f93\u8f66\u8be6\u60c5\u9875_08-150x173.webp 150w\" sizes=\"(max-width: 1234px) 100vw, 1234px\" \/> <img loading=\"lazy\" decoding=\"async\" class=\"aligncenter wp-image-7715\" src=\"https:\/\/ac-truck.com\/wp-content\/uploads\/2026\/02\/\u9972\u6599\u8fd0\u8f93\u8f66\u8be6\u60c5\u9875_09.webp\" alt=\"\" width=\"1234\" height=\"2323\" srcset=\"https:\/\/ac-truck.com\/wp-content\/uploads\/2026\/02\/\u9972\u6599\u8fd0\u8f93\u8f66\u8be6\u60c5\u9875_09.webp 790w, https:\/\/ac-truck.com\/wp-content\/uploads\/2026\/02\/\u9972\u6599\u8fd0\u8f93\u8f66\u8be6\u60c5\u9875_09-159x300.webp 159w, https:\/\/ac-truck.com\/wp-content\/uploads\/2026\/02\/\u9972\u6599\u8fd0\u8f93\u8f66\u8be6\u60c5\u9875_09-544x1024.webp 544w, https:\/\/ac-truck.com\/wp-content\/uploads\/2026\/02\/\u9972\u6599\u8fd0\u8f93\u8f66\u8be6\u60c5\u9875_09-768x1446.webp 768w, https:\/\/ac-truck.com\/wp-content\/uploads\/2026\/02\/\u9972\u6599\u8fd0\u8f93\u8f66\u8be6\u60c5\u9875_09-6x12.webp 6w, https:\/\/ac-truck.com\/wp-content\/uploads\/2026\/02\/\u9972\u6599\u8fd0\u8f93\u8f66\u8be6\u60c5\u9875_09-600x1129.webp 600w, https:\/\/ac-truck.com\/wp-content\/uploads\/2026\/02\/\u9972\u6599\u8fd0\u8f93\u8f66\u8be6\u60c5\u9875_09-150x282.webp 150w\" sizes=\"(max-width: 1234px) 100vw, 1234px\" \/><\/p>\n<p><strong>Utilisation principalement du transport par vis sans fin :<\/strong><br \/>\n<strong>1. Les pales de la vis sans fin sont fabriqu\u00e9es en acier alli\u00e9 \u00e0 haute r\u00e9sistance, offrant une excellente r\u00e9sistance \u00e0 l'usure. Le jeu entre les pales et la paroi du tube est rigoureusement contr\u00f4l\u00e9 afin de garantir l'efficacit\u00e9 du transport, tout en \u00e9vitant une extrusion excessive et tout dommage aux mat\u00e9riaux granulaires.<\/strong><br \/>\n<strong>2. Processus d'\u00e9tanch\u00e9it\u00e9 multicouche : Au niveau des points critiques, tels que les paliers de la vis sans fin et les brides de raccordement, des joints d'huile multiples ou des joints combin\u00e9s sont utilis\u00e9s pour emp\u00eacher toute fuite d'huile hydraulique susceptible de contaminer l'aliment, ainsi que l'infiltration de poussi\u00e8re risquant d'entra\u00eener l'usure des composants.<\/strong><\/p>\n<h1 style=\"text-align: center;\">Syst\u00e8me de commande \u00e9lectrohydraulique<\/h1>\n<p><img loading=\"lazy\" decoding=\"async\" class=\"aligncenter wp-image-7716\" src=\"https:\/\/ac-truck.com\/wp-content\/uploads\/2026\/02\/\u9972\u6599\u8fd0\u8f93\u8f66\u8be6\u60c5\u9875_11.webp\" alt=\"\" width=\"1234\" height=\"1337\" srcset=\"https:\/\/ac-truck.com\/wp-content\/uploads\/2026\/02\/\u9972\u6599\u8fd0\u8f93\u8f66\u8be6\u60c5\u9875_11.webp 790w, https:\/\/ac-truck.com\/wp-content\/uploads\/2026\/02\/\u9972\u6599\u8fd0\u8f93\u8f66\u8be6\u60c5\u9875_11-277x300.webp 277w, https:\/\/ac-truck.com\/wp-content\/uploads\/2026\/02\/\u9972\u6599\u8fd0\u8f93\u8f66\u8be6\u60c5\u9875_11-768x832.webp 768w, https:\/\/ac-truck.com\/wp-content\/uploads\/2026\/02\/\u9972\u6599\u8fd0\u8f93\u8f66\u8be6\u60c5\u9875_11-11x12.webp 11w, https:\/\/ac-truck.com\/wp-content\/uploads\/2026\/02\/\u9972\u6599\u8fd0\u8f93\u8f66\u8be6\u60c5\u9875_11-600x650.webp 600w, https:\/\/ac-truck.com\/wp-content\/uploads\/2026\/02\/\u9972\u6599\u8fd0\u8f93\u8f66\u8be6\u60c5\u9875_11-150x163.webp 150w\" sizes=\"(max-width: 1234px) 100vw, 1234px\" \/> <img loading=\"lazy\" decoding=\"async\" class=\"aligncenter wp-image-7717\" src=\"https:\/\/ac-truck.com\/wp-content\/uploads\/2026\/02\/\u9972\u6599\u8fd0\u8f93\u8f66\u8be6\u60c5\u9875_12.webp\" alt=\"\" width=\"1234\" height=\"1343\" srcset=\"https:\/\/ac-truck.com\/wp-content\/uploads\/2026\/02\/\u9972\u6599\u8fd0\u8f93\u8f66\u8be6\u60c5\u9875_12.webp 790w, https:\/\/ac-truck.com\/wp-content\/uploads\/2026\/02\/\u9972\u6599\u8fd0\u8f93\u8f66\u8be6\u60c5\u9875_12-276x300.webp 276w, https:\/\/ac-truck.com\/wp-content\/uploads\/2026\/02\/\u9972\u6599\u8fd0\u8f93\u8f66\u8be6\u60c5\u9875_12-768x836.webp 768w, https:\/\/ac-truck.com\/wp-content\/uploads\/2026\/02\/\u9972\u6599\u8fd0\u8f93\u8f66\u8be6\u60c5\u9875_12-11x12.webp 11w, https:\/\/ac-truck.com\/wp-content\/uploads\/2026\/02\/\u9972\u6599\u8fd0\u8f93\u8f66\u8be6\u60c5\u9875_12-600x653.webp 600w, https:\/\/ac-truck.com\/wp-content\/uploads\/2026\/02\/\u9972\u6599\u8fd0\u8f93\u8f66\u8be6\u60c5\u9875_12-150x163.webp 150w\" sizes=\"(max-width: 1234px) 100vw, 1234px\" \/><\/p>\n<p><strong>1. R\u00e9servoir d'huile hydraulique : stocke l'huile destin\u00e9e au syst\u00e8me hydraulique.<\/strong><br \/>\n<strong>2. Jauge de niveau d'huile : Affiche le niveau d'huile dans le r\u00e9servoir en temps r\u00e9el.<\/strong><br \/>\n<strong>3. Pompe hydraulique : Fournit la puissance au syst\u00e8me hydraulique.<\/strong><br \/>\n<strong>4. Moteur hydraulique : convertit l'\u00e9nergie hydraulique en \u00e9nergie m\u00e9canique.<\/strong><br \/>\n<strong>5. Hydraulic multi &#8211; way valve: Controls the on off and direction of the hy-draulic oil circuit.<\/strong><br \/>\n<strong>6. Radiateur : Refroidit l'huile hydraulique pour assurer le fonctionnement du syst\u00e8me.<\/strong><br \/>\n<strong>7. Moteur de la vis sans fin : entra\u00eene la vis sans fin pour transporter l'aliment.<\/strong><br \/>\n<strong>8. Moteur de la vis sans fin : assiste la vis sans fin dans le transport de l'alimentation.<\/strong><br \/>\n<strong>9. Moteur de rotation : entra\u00eene le m\u00e9canisme pour assurer l'action de d\u00e9chargement rotatif.<\/strong><br \/>\n<strong>10. Vis sans fin et roue \u00e0 vis sans fin \u00e0 360\u00b0 : Permet un r\u00e9glage de la rotation du m\u00e9canisme sur 360\u00b0.<\/strong><br \/>\n<strong>11. Vanne de r\u00e9gulation de d\u00e9bit : ajuste avec pr\u00e9cision le d\u00e9bit de l'huile hydraulique.<\/strong><br \/>\n<strong>12. Levier de commande manuel : commande manuellement les actions du syst\u00e8me hydraulique.<\/strong><\/p>\n<h1 style=\"text-align: center;\">PROCESSUS DE PRODUCTION<\/h1>\n<p><img loading=\"lazy\" decoding=\"async\" class=\"aligncenter wp-image-7718\" src=\"https:\/\/ac-truck.com\/wp-content\/uploads\/2026\/02\/\u9972\u6599\u8fd0\u8f93\u8f66\u8be6\u60c5\u9875_14.webp\" alt=\"\" width=\"1234\" height=\"2315\" srcset=\"https:\/\/ac-truck.com\/wp-content\/uploads\/2026\/02\/\u9972\u6599\u8fd0\u8f93\u8f66\u8be6\u60c5\u9875_14.webp 790w, https:\/\/ac-truck.com\/wp-content\/uploads\/2026\/02\/\u9972\u6599\u8fd0\u8f93\u8f66\u8be6\u60c5\u9875_14-160x300.webp 160w, https:\/\/ac-truck.com\/wp-content\/uploads\/2026\/02\/\u9972\u6599\u8fd0\u8f93\u8f66\u8be6\u60c5\u9875_14-546x1024.webp 546w, https:\/\/ac-truck.com\/wp-content\/uploads\/2026\/02\/\u9972\u6599\u8fd0\u8f93\u8f66\u8be6\u60c5\u9875_14-768x1441.webp 768w, https:\/\/ac-truck.com\/wp-content\/uploads\/2026\/02\/\u9972\u6599\u8fd0\u8f93\u8f66\u8be6\u60c5\u9875_14-6x12.webp 6w, https:\/\/ac-truck.com\/wp-content\/uploads\/2026\/02\/\u9972\u6599\u8fd0\u8f93\u8f66\u8be6\u60c5\u9875_14-600x1126.webp 600w, https:\/\/ac-truck.com\/wp-content\/uploads\/2026\/02\/\u9972\u6599\u8fd0\u8f93\u8f66\u8be6\u60c5\u9875_14-150x281.webp 150w\" sizes=\"(max-width: 1234px) 100vw, 1234px\" \/> <img loading=\"lazy\" decoding=\"async\" class=\"aligncenter wp-image-7719\" src=\"https:\/\/ac-truck.com\/wp-content\/uploads\/2026\/02\/\u9972\u6599\u8fd0\u8f93\u8f66\u8be6\u60c5\u9875_15.webp\" alt=\"\" width=\"1234\" height=\"2312\" srcset=\"https:\/\/ac-truck.com\/wp-content\/uploads\/2026\/02\/\u9972\u6599\u8fd0\u8f93\u8f66\u8be6\u60c5\u9875_15.webp 790w, https:\/\/ac-truck.com\/wp-content\/uploads\/2026\/02\/\u9972\u6599\u8fd0\u8f93\u8f66\u8be6\u60c5\u9875_15-160x300.webp 160w, https:\/\/ac-truck.com\/wp-content\/uploads\/2026\/02\/\u9972\u6599\u8fd0\u8f93\u8f66\u8be6\u60c5\u9875_15-547x1024.webp 547w, https:\/\/ac-truck.com\/wp-content\/uploads\/2026\/02\/\u9972\u6599\u8fd0\u8f93\u8f66\u8be6\u60c5\u9875_15-768x1439.webp 768w, https:\/\/ac-truck.com\/wp-content\/uploads\/2026\/02\/\u9972\u6599\u8fd0\u8f93\u8f66\u8be6\u60c5\u9875_15-6x12.webp 6w, https:\/\/ac-truck.com\/wp-content\/uploads\/2026\/02\/\u9972\u6599\u8fd0\u8f93\u8f66\u8be6\u60c5\u9875_15-600x1124.webp 600w, https:\/\/ac-truck.com\/wp-content\/uploads\/2026\/02\/\u9972\u6599\u8fd0\u8f93\u8f66\u8be6\u60c5\u9875_15-150x281.webp 150w\" sizes=\"(max-width: 1234px) 100vw, 1234px\" \/><\/p>\n<p><strong>1. Conception des dessins pr\u00e9liminaires<\/strong><br \/>\n<strong>2. Pr\u00e9paration des mat\u00e9riaux avant la production<\/strong><br \/>\n<strong>3. Soudage du corps de la cuve<\/strong><br \/>\n<strong>4. Montage du corps du char sur le ch\u00e2ssis<\/strong><br \/>\n<strong>5. Pr\u00e9traitement anticorrosion et antirouille<\/strong><br \/>\n<strong>6. Completion of the painting of the entire vehicle&#8217;s superstructure<\/strong><\/p>\n<h1 style=\"text-align: center;\">SC\u00c9NARIOS D'APPLICATION<\/h1>\n<p><img loading=\"lazy\" decoding=\"async\" class=\"aligncenter wp-image-7720\" src=\"https:\/\/ac-truck.com\/wp-content\/uploads\/2026\/02\/\u9972\u6599\u8fd0\u8f93\u8f66\u8be6\u60c5\u9875_17.webp\" alt=\"\" width=\"1234\" height=\"2362\" srcset=\"https:\/\/ac-truck.com\/wp-content\/uploads\/2026\/02\/\u9972\u6599\u8fd0\u8f93\u8f66\u8be6\u60c5\u9875_17.webp 790w, https:\/\/ac-truck.com\/wp-content\/uploads\/2026\/02\/\u9972\u6599\u8fd0\u8f93\u8f66\u8be6\u60c5\u9875_17-157x300.webp 157w, https:\/\/ac-truck.com\/wp-content\/uploads\/2026\/02\/\u9972\u6599\u8fd0\u8f93\u8f66\u8be6\u60c5\u9875_17-535x1024.webp 535w, https:\/\/ac-truck.com\/wp-content\/uploads\/2026\/02\/\u9972\u6599\u8fd0\u8f93\u8f66\u8be6\u60c5\u9875_17-768x1470.webp 768w, https:\/\/ac-truck.com\/wp-content\/uploads\/2026\/02\/\u9972\u6599\u8fd0\u8f93\u8f66\u8be6\u60c5\u9875_17-6x12.webp 6w, https:\/\/ac-truck.com\/wp-content\/uploads\/2026\/02\/\u9972\u6599\u8fd0\u8f93\u8f66\u8be6\u60c5\u9875_17-600x1148.webp 600w, https:\/\/ac-truck.com\/wp-content\/uploads\/2026\/02\/\u9972\u6599\u8fd0\u8f93\u8f66\u8be6\u60c5\u9875_17-150x287.webp 150w\" sizes=\"(max-width: 1234px) 100vw, 1234px\" \/><\/p>\n<h1 style=\"text-align: center;\">EMBALLAGE ET TRANSPORT<\/h1>\n<p><img loading=\"lazy\" decoding=\"async\" class=\"aligncenter wp-image-7721\" src=\"https:\/\/ac-truck.com\/wp-content\/uploads\/2026\/02\/\u9972\u6599\u8fd0\u8f93\u8f66\u8be6\u60c5\u9875_19.webp\" alt=\"\" width=\"1234\" height=\"2585\" srcset=\"https:\/\/ac-truck.com\/wp-content\/uploads\/2026\/02\/\u9972\u6599\u8fd0\u8f93\u8f66\u8be6\u60c5\u9875_19.webp 790w, https:\/\/ac-truck.com\/wp-content\/uploads\/2026\/02\/\u9972\u6599\u8fd0\u8f93\u8f66\u8be6\u60c5\u9875_19-143x300.webp 143w, https:\/\/ac-truck.com\/wp-content\/uploads\/2026\/02\/\u9972\u6599\u8fd0\u8f93\u8f66\u8be6\u60c5\u9875_19-489x1024.webp 489w, https:\/\/ac-truck.com\/wp-content\/uploads\/2026\/02\/\u9972\u6599\u8fd0\u8f93\u8f66\u8be6\u60c5\u9875_19-768x1609.webp 768w, https:\/\/ac-truck.com\/wp-content\/uploads\/2026\/02\/\u9972\u6599\u8fd0\u8f93\u8f66\u8be6\u60c5\u9875_19-733x1536.webp 733w, https:\/\/ac-truck.com\/wp-content\/uploads\/2026\/02\/\u9972\u6599\u8fd0\u8f93\u8f66\u8be6\u60c5\u9875_19-6x12.webp 6w, https:\/\/ac-truck.com\/wp-content\/uploads\/2026\/02\/\u9972\u6599\u8fd0\u8f93\u8f66\u8be6\u60c5\u9875_19-600x1257.webp 600w, https:\/\/ac-truck.com\/wp-content\/uploads\/2026\/02\/\u9972\u6599\u8fd0\u8f93\u8f66\u8be6\u60c5\u9875_19-150x314.webp 150w\" sizes=\"(max-width: 1234px) 100vw, 1234px\" \/><\/p>","protected":false},"excerpt":{"rendered":"<p>PRODUCT PARAMETERS 60m\u00b3 Bulk Feed Trailer project Descriptions Specifications Basic Overall dimensions(mm) 13750\u00d72550\u00d74000 curb weight(Kg) 12700 Loading capacity(Kg) 27290 Total<\/p>","protected":false},"featured_media":7722,"template":"","meta":[],"product_brand":[352],"product_cat":[179],"product_tag":[],"class_list":{"0":"post-7709","1":"product","2":"type-product","3":"status-publish","4":"has-post-thumbnail","6":"product_brand-semi-trailer","7":"product_cat-bulk-feed-trucks","9":"first","10":"instock","11":"shipping-taxable","12":"product-type-simple"},"_links":{"self":[{"href":"https:\/\/ac-truck.com\/fr\/wp-json\/wp\/v2\/product\/7709","targetHints":{"allow":["GET"]}}],"collection":[{"href":"https:\/\/ac-truck.com\/fr\/wp-json\/wp\/v2\/product"}],"about":[{"href":"https:\/\/ac-truck.com\/fr\/wp-json\/wp\/v2\/types\/product"}],"version-history":[{"count":1,"href":"https:\/\/ac-truck.com\/fr\/wp-json\/wp\/v2\/product\/7709\/revisions"}],"predecessor-version":[{"id":7728,"href":"https:\/\/ac-truck.com\/fr\/wp-json\/wp\/v2\/product\/7709\/revisions\/7728"}],"wp:featuredmedia":[{"embeddable":true,"href":"https:\/\/ac-truck.com\/fr\/wp-json\/wp\/v2\/media\/7722"}],"wp:attachment":[{"href":"https:\/\/ac-truck.com\/fr\/wp-json\/wp\/v2\/media?parent=7709"}],"wp:term":[{"taxonomy":"product_brand","embeddable":true,"href":"https:\/\/ac-truck.com\/fr\/wp-json\/wp\/v2\/product_brand?post=7709"},{"taxonomy":"product_cat","embeddable":true,"href":"https:\/\/ac-truck.com\/fr\/wp-json\/wp\/v2\/product_cat?post=7709"},{"taxonomy":"product_tag","embeddable":true,"href":"https:\/\/ac-truck.com\/fr\/wp-json\/wp\/v2\/product_tag?post=7709"}],"curies":[{"name":"wp","href":"https:\/\/api.w.org\/{rel}","templated":true}]}}