{"id":7768,"date":"2026-02-07T17:49:05","date_gmt":"2026-02-07T09:49:05","guid":{"rendered":"https:\/\/ac-truck.com\/?post_type=product&#038;p=7768"},"modified":"2026-02-07T17:49:05","modified_gmt":"2026-02-07T09:49:05","slug":"bulk-feed-semi-trailer-50m%c2%b3","status":"publish","type":"product","link":"https:\/\/ac-truck.com\/fr\/bulk-feed-semi-trailer-50m%C2%B3.html","title":{"rendered":"Semi-remorque pour aliments en vrac 50 m\u00b3"},"content":{"rendered":"<p><img fetchpriority=\"high\" decoding=\"async\" class=\"aligncenter wp-image-7769\" src=\"https:\/\/ac-truck.com\/wp-content\/uploads\/2026\/02\/\u4ea7\u54c1\u6d77\u62a5_01-4.webp\" alt=\"\" width=\"1234\" height=\"1645\" srcset=\"https:\/\/ac-truck.com\/wp-content\/uploads\/2026\/02\/\u4ea7\u54c1\u6d77\u62a5_01-4.webp 790w, https:\/\/ac-truck.com\/wp-content\/uploads\/2026\/02\/\u4ea7\u54c1\u6d77\u62a5_01-4-225x300.webp 225w, https:\/\/ac-truck.com\/wp-content\/uploads\/2026\/02\/\u4ea7\u54c1\u6d77\u62a5_01-4-768x1024.webp 768w, https:\/\/ac-truck.com\/wp-content\/uploads\/2026\/02\/\u4ea7\u54c1\u6d77\u62a5_01-4-9x12.webp 9w, https:\/\/ac-truck.com\/wp-content\/uploads\/2026\/02\/\u4ea7\u54c1\u6d77\u62a5_01-4-600x800.webp 600w, https:\/\/ac-truck.com\/wp-content\/uploads\/2026\/02\/\u4ea7\u54c1\u6d77\u62a5_01-4-150x200.webp 150w\" sizes=\"(max-width: 1234px) 100vw, 1234px\" \/><\/p>\n<h1 style=\"text-align: center;\">PARAM\u00c8TRES DU PRODUIT<\/h1>\n<p><img decoding=\"async\" class=\"aligncenter wp-image-7770\" src=\"https:\/\/ac-truck.com\/wp-content\/uploads\/2026\/02\/\u4ea7\u54c1\u6d77\u62a5_03-4.webp\" alt=\"\" width=\"1234\" height=\"489\" srcset=\"https:\/\/ac-truck.com\/wp-content\/uploads\/2026\/02\/\u4ea7\u54c1\u6d77\u62a5_03-4.webp 790w, https:\/\/ac-truck.com\/wp-content\/uploads\/2026\/02\/\u4ea7\u54c1\u6d77\u62a5_03-4-300x119.webp 300w, https:\/\/ac-truck.com\/wp-content\/uploads\/2026\/02\/\u4ea7\u54c1\u6d77\u62a5_03-4-768x304.webp 768w, https:\/\/ac-truck.com\/wp-content\/uploads\/2026\/02\/\u4ea7\u54c1\u6d77\u62a5_03-4-18x7.webp 18w, https:\/\/ac-truck.com\/wp-content\/uploads\/2026\/02\/\u4ea7\u54c1\u6d77\u62a5_03-4-600x238.webp 600w, https:\/\/ac-truck.com\/wp-content\/uploads\/2026\/02\/\u4ea7\u54c1\u6d77\u62a5_03-4-150x59.webp 150w\" sizes=\"(max-width: 1234px) 100vw, 1234px\" \/><\/p>\n<h2 style=\"text-align: center;\">Semi-remorque pour aliments en vrac 50 m\u00b3<\/h2>\n<table>\n<tbody>\n<tr>\n<td width=\"79\"><strong>projet<\/strong><\/td>\n<td width=\"319\"><strong>Descriptions<\/strong><\/td>\n<td width=\"288\"><strong>Caract\u00e9ristiques<\/strong><\/td>\n<\/tr>\n<tr>\n<td rowspan=\"4\" width=\"79\"><strong>Basique<\/strong><\/td>\n<td width=\"319\"><strong>Dimensions hors tout (mm)<\/strong><\/td>\n<td width=\"288\"><strong>12000\u00d72550\u00d73950<\/strong><\/td>\n<\/tr>\n<tr>\n<td width=\"319\"><strong>poids \u00e0 vide (kg)<\/strong><\/td>\n<td width=\"288\"><strong>11400<\/strong><\/td>\n<\/tr>\n<tr>\n<td width=\"319\"><strong>Capacit\u00e9 de charge (kg)<\/strong><\/td>\n<td width=\"288\"><strong>28600<\/strong><\/td>\n<\/tr>\n<tr>\n<td width=\"319\"><strong>Masse totale (kg)<\/strong><\/td>\n<td width=\"288\"><strong>40000<\/strong><\/td>\n<\/tr>\n<tr>\n<td rowspan=\"4\" width=\"79\"><strong>Corps<\/strong><\/td>\n<td width=\"319\"><strong>Dimensions du r\u00e9servoir (mm)<\/strong><\/td>\n<td width=\"288\"><strong>11000\u00d72550\u00d72640<\/strong><\/td>\n<\/tr>\n<tr>\n<td width=\"319\"><strong>Volume du r\u00e9servoir (m\u00b3)<\/strong><\/td>\n<td width=\"288\"><strong>50<\/strong><\/td>\n<\/tr>\n<tr>\n<td width=\"319\"><strong>Mat\u00e9riau du corps du r\u00e9servoir<\/strong><\/td>\n<td width=\"288\"><strong>aluminum alloy<\/strong><\/td>\n<\/tr>\n<tr>\n<td width=\"319\"><strong>\u00c9paisseur du r\u00e9servoir (mm)<\/strong><\/td>\n<td width=\"288\"><strong>5<\/strong><\/td>\n<\/tr>\n<tr>\n<td width=\"79\"><strong>Ch\u00e2ssis<\/strong><\/p>\n<p>&nbsp;<\/td>\n<td width=\"319\"><strong>Marque du ch\u00e2ssis<\/strong><\/td>\n<td width=\"288\"><strong>Howo<\/strong><\/td>\n<\/tr>\n<\/tbody>\n<\/table>\n<h1 style=\"text-align: center;\">AVANTAGES DU V\u00c9HICULE<\/h1>\n<h4 style=\"text-align: center;\">Processus de fabrication de la citerne<\/h4>\n<p><img decoding=\"async\" class=\"aligncenter wp-image-7712\" src=\"https:\/\/ac-truck.com\/wp-content\/uploads\/2026\/02\/%E9%A5%B2%E6%96%99%E8%BF%90%E8%BE%93%E8%BD%A6%E8%AF%A6%E6%83%85%E9%A1%B5_05.webp\" sizes=\"(max-width: 1234px) 100vw, 1234px\" srcset=\"https:\/\/ac-truck.com\/wp-content\/uploads\/2026\/02\/\u9972\u6599\u8fd0\u8f93\u8f66\u8be6\u60c5\u9875_05.webp 790w, https:\/\/ac-truck.com\/wp-content\/uploads\/2026\/02\/\u9972\u6599\u8fd0\u8f93\u8f66\u8be6\u60c5\u9875_05-255x300.webp 255w, https:\/\/ac-truck.com\/wp-content\/uploads\/2026\/02\/\u9972\u6599\u8fd0\u8f93\u8f66\u8be6\u60c5\u9875_05-768x904.webp 768w, https:\/\/ac-truck.com\/wp-content\/uploads\/2026\/02\/\u9972\u6599\u8fd0\u8f93\u8f66\u8be6\u60c5\u9875_05-10x12.webp 10w, https:\/\/ac-truck.com\/wp-content\/uploads\/2026\/02\/\u9972\u6599\u8fd0\u8f93\u8f66\u8be6\u60c5\u9875_05-600x706.webp 600w, https:\/\/ac-truck.com\/wp-content\/uploads\/2026\/02\/\u9972\u6599\u8fd0\u8f93\u8f66\u8be6\u60c5\u9875_05-150x177.webp 150w\" alt=\"\" width=\"1234\" height=\"1453\" \/><img loading=\"lazy\" decoding=\"async\" class=\"aligncenter wp-image-7713\" src=\"https:\/\/ac-truck.com\/wp-content\/uploads\/2026\/02\/%E9%A5%B2%E6%96%99%E8%BF%90%E8%BE%93%E8%BD%A6%E8%AF%A6%E6%83%85%E9%A1%B5_06.webp\" sizes=\"(max-width: 1234px) 100vw, 1234px\" srcset=\"https:\/\/ac-truck.com\/wp-content\/uploads\/2026\/02\/\u9972\u6599\u8fd0\u8f93\u8f66\u8be6\u60c5\u9875_06.webp 790w, https:\/\/ac-truck.com\/wp-content\/uploads\/2026\/02\/\u9972\u6599\u8fd0\u8f93\u8f66\u8be6\u60c5\u9875_06-262x300.webp 262w, https:\/\/ac-truck.com\/wp-content\/uploads\/2026\/02\/\u9972\u6599\u8fd0\u8f93\u8f66\u8be6\u60c5\u9875_06-768x879.webp 768w, https:\/\/ac-truck.com\/wp-content\/uploads\/2026\/02\/\u9972\u6599\u8fd0\u8f93\u8f66\u8be6\u60c5\u9875_06-10x12.webp 10w, https:\/\/ac-truck.com\/wp-content\/uploads\/2026\/02\/\u9972\u6599\u8fd0\u8f93\u8f66\u8be6\u60c5\u9875_06-600x687.webp 600w, https:\/\/ac-truck.com\/wp-content\/uploads\/2026\/02\/\u9972\u6599\u8fd0\u8f93\u8f66\u8be6\u60c5\u9875_06-150x172.webp 150w\" alt=\"\" width=\"1234\" height=\"1412\" \/><\/p>\n<p><strong>1\/2\/3. S\u00e9lection des mat\u00e9riaux : Le corps de la cuve est principalement constitu\u00e9 de t\u00f4les en acier au carbone de haute qualit\u00e9 et \u00e0 haute r\u00e9sistance (telles que le Q345) ou de t\u00f4les galvanis\u00e9es. La r\u00e9sistance \u00e0 la rouille et \u00e0 la corrosion des t\u00f4les galvanis\u00e9es est nettement sup\u00e9rieure \u00e0 celle des t\u00f4les en acier ordinaire peintes. Ce choix permet d'emp\u00eacher efficacement l'humidit\u00e9 d'alt\u00e9rer l'aliment et de corroder la structure de la cuve, prolongeant ainsi sa dur\u00e9e de vie ; cette solution est particuli\u00e8rement adapt\u00e9e aux environnements humides. Processus de peinture : Le corps de la cuve b\u00e9n\u00e9ficie g\u00e9n\u00e9ralement d'un traitement par \u00e9lectrophor\u00e8se et cuisson au four, garantissant une excellente adh\u00e9rence de la peinture et une grande durabilit\u00e9.<\/strong><br \/>\n<strong>4\/5. Proc\u00e9d\u00e9 de formage : La section transversale du corps de la cuve adopte principalement une conception de type \u00ab carr\u00e9-cercle \u00bb ou \u00ab polygonale \u00bb. Cette conception garantit un volume utile optimal, accro\u00eet la r\u00e9sistance structurelle et favorise la concentration du produit vers la sortie de la vis de d\u00e9charge sous l'effet de la gravit\u00e9, r\u00e9duisant ainsi les r\u00e9sidus.<\/strong><br \/>\n<strong>6\/7. Traitement de lissage : Les soudures \u00e0 l'int\u00e9rieur de la cuve sont polies pour \u00eatre planes, et la paroi interne est liss\u00e9e afin de r\u00e9duire l'adh\u00e9rence du produit aux parois ainsi que la formation de r\u00e9sidus.<\/strong><br \/>\n<strong>8. Conception des compartiments : Le processus de cloisonnement est \u00e9prouv\u00e9 ; la citerne peut \u00eatre divis\u00e9e en 2 \u00e0 4 compartiments ind\u00e9pendants, selon les besoins. Les cloisons sont solidement soud\u00e9es \u00e0 la cuve afin de garantir que les produits contenus dans chaque compartiment ne se m\u00e9langent pas.<\/strong><br \/>\n<strong>9\/10. Conception anti-accumulation : la jonction entre le fond de la cuve et les parois lat\u00e9rales adopte une transition en arc de cercle afin d'\u00e9liminer les zones mortes et de faciliter l'\u00e9coulement de l'alimentation.<\/strong><\/p>\n<h1 style=\"text-align: center;\">Processus du syst\u00e8me de convoyage<\/h1>\n<p><img loading=\"lazy\" decoding=\"async\" class=\"aligncenter wp-image-7714\" src=\"https:\/\/ac-truck.com\/wp-content\/uploads\/2026\/02\/%E9%A5%B2%E6%96%99%E8%BF%90%E8%BE%93%E8%BD%A6%E8%AF%A6%E6%83%85%E9%A1%B5_08.webp\" sizes=\"(max-width: 1234px) 100vw, 1234px\" srcset=\"https:\/\/ac-truck.com\/wp-content\/uploads\/2026\/02\/\u9972\u6599\u8fd0\u8f93\u8f66\u8be6\u60c5\u9875_08.webp 790w, https:\/\/ac-truck.com\/wp-content\/uploads\/2026\/02\/\u9972\u6599\u8fd0\u8f93\u8f66\u8be6\u60c5\u9875_08-260x300.webp 260w, https:\/\/ac-truck.com\/wp-content\/uploads\/2026\/02\/\u9972\u6599\u8fd0\u8f93\u8f66\u8be6\u60c5\u9875_08-768x885.webp 768w, https:\/\/ac-truck.com\/wp-content\/uploads\/2026\/02\/\u9972\u6599\u8fd0\u8f93\u8f66\u8be6\u60c5\u9875_08-10x12.webp 10w, https:\/\/ac-truck.com\/wp-content\/uploads\/2026\/02\/\u9972\u6599\u8fd0\u8f93\u8f66\u8be6\u60c5\u9875_08-600x691.webp 600w, https:\/\/ac-truck.com\/wp-content\/uploads\/2026\/02\/\u9972\u6599\u8fd0\u8f93\u8f66\u8be6\u60c5\u9875_08-150x173.webp 150w\" alt=\"\" width=\"1234\" height=\"1421\" \/><img loading=\"lazy\" decoding=\"async\" class=\"aligncenter wp-image-7715\" src=\"https:\/\/ac-truck.com\/wp-content\/uploads\/2026\/02\/%E9%A5%B2%E6%96%99%E8%BF%90%E8%BE%93%E8%BD%A6%E8%AF%A6%E6%83%85%E9%A1%B5_09.webp\" sizes=\"(max-width: 1234px) 100vw, 1234px\" srcset=\"https:\/\/ac-truck.com\/wp-content\/uploads\/2026\/02\/\u9972\u6599\u8fd0\u8f93\u8f66\u8be6\u60c5\u9875_09.webp 790w, https:\/\/ac-truck.com\/wp-content\/uploads\/2026\/02\/\u9972\u6599\u8fd0\u8f93\u8f66\u8be6\u60c5\u9875_09-159x300.webp 159w, https:\/\/ac-truck.com\/wp-content\/uploads\/2026\/02\/\u9972\u6599\u8fd0\u8f93\u8f66\u8be6\u60c5\u9875_09-544x1024.webp 544w, https:\/\/ac-truck.com\/wp-content\/uploads\/2026\/02\/\u9972\u6599\u8fd0\u8f93\u8f66\u8be6\u60c5\u9875_09-768x1446.webp 768w, https:\/\/ac-truck.com\/wp-content\/uploads\/2026\/02\/\u9972\u6599\u8fd0\u8f93\u8f66\u8be6\u60c5\u9875_09-6x12.webp 6w, https:\/\/ac-truck.com\/wp-content\/uploads\/2026\/02\/\u9972\u6599\u8fd0\u8f93\u8f66\u8be6\u60c5\u9875_09-600x1129.webp 600w, https:\/\/ac-truck.com\/wp-content\/uploads\/2026\/02\/\u9972\u6599\u8fd0\u8f93\u8f66\u8be6\u60c5\u9875_09-150x282.webp 150w\" alt=\"\" width=\"1234\" height=\"2323\" \/><\/p>\n<p><strong>Utilisation principalement du transport par vis sans fin :<\/strong><br \/>\n<strong>1. Les pales de la vis sans fin sont fabriqu\u00e9es en acier alli\u00e9 \u00e0 haute r\u00e9sistance, offrant une excellente r\u00e9sistance \u00e0 l'usure. Le jeu entre les pales et la paroi du tube est rigoureusement contr\u00f4l\u00e9 afin de garantir l'efficacit\u00e9 du transport, tout en \u00e9vitant une extrusion excessive et tout dommage aux mat\u00e9riaux granulaires.<\/strong><br \/>\n<strong>2. Processus d'\u00e9tanch\u00e9it\u00e9 multicouche : Au niveau des points critiques, tels que les paliers de la vis sans fin et les brides de raccordement, des joints d'huile multiples ou des joints combin\u00e9s sont utilis\u00e9s pour emp\u00eacher toute fuite d'huile hydraulique susceptible de contaminer l'aliment, ainsi que l'infiltration de poussi\u00e8re risquant d'entra\u00eener l'usure des composants.<\/strong><\/p>\n<h1 style=\"text-align: center;\">Syst\u00e8me de commande \u00e9lectrohydraulique<\/h1>\n<p><img loading=\"lazy\" decoding=\"async\" class=\"aligncenter wp-image-7716\" src=\"https:\/\/ac-truck.com\/wp-content\/uploads\/2026\/02\/%E9%A5%B2%E6%96%99%E8%BF%90%E8%BE%93%E8%BD%A6%E8%AF%A6%E6%83%85%E9%A1%B5_11.webp\" sizes=\"(max-width: 1234px) 100vw, 1234px\" srcset=\"https:\/\/ac-truck.com\/wp-content\/uploads\/2026\/02\/\u9972\u6599\u8fd0\u8f93\u8f66\u8be6\u60c5\u9875_11.webp 790w, https:\/\/ac-truck.com\/wp-content\/uploads\/2026\/02\/\u9972\u6599\u8fd0\u8f93\u8f66\u8be6\u60c5\u9875_11-277x300.webp 277w, https:\/\/ac-truck.com\/wp-content\/uploads\/2026\/02\/\u9972\u6599\u8fd0\u8f93\u8f66\u8be6\u60c5\u9875_11-768x832.webp 768w, https:\/\/ac-truck.com\/wp-content\/uploads\/2026\/02\/\u9972\u6599\u8fd0\u8f93\u8f66\u8be6\u60c5\u9875_11-11x12.webp 11w, https:\/\/ac-truck.com\/wp-content\/uploads\/2026\/02\/\u9972\u6599\u8fd0\u8f93\u8f66\u8be6\u60c5\u9875_11-600x650.webp 600w, https:\/\/ac-truck.com\/wp-content\/uploads\/2026\/02\/\u9972\u6599\u8fd0\u8f93\u8f66\u8be6\u60c5\u9875_11-150x163.webp 150w\" alt=\"\" width=\"1234\" height=\"1337\" \/><img loading=\"lazy\" decoding=\"async\" class=\"aligncenter wp-image-7717\" src=\"https:\/\/ac-truck.com\/wp-content\/uploads\/2026\/02\/%E9%A5%B2%E6%96%99%E8%BF%90%E8%BE%93%E8%BD%A6%E8%AF%A6%E6%83%85%E9%A1%B5_12.webp\" sizes=\"(max-width: 1234px) 100vw, 1234px\" srcset=\"https:\/\/ac-truck.com\/wp-content\/uploads\/2026\/02\/\u9972\u6599\u8fd0\u8f93\u8f66\u8be6\u60c5\u9875_12.webp 790w, https:\/\/ac-truck.com\/wp-content\/uploads\/2026\/02\/\u9972\u6599\u8fd0\u8f93\u8f66\u8be6\u60c5\u9875_12-276x300.webp 276w, https:\/\/ac-truck.com\/wp-content\/uploads\/2026\/02\/\u9972\u6599\u8fd0\u8f93\u8f66\u8be6\u60c5\u9875_12-768x836.webp 768w, https:\/\/ac-truck.com\/wp-content\/uploads\/2026\/02\/\u9972\u6599\u8fd0\u8f93\u8f66\u8be6\u60c5\u9875_12-11x12.webp 11w, https:\/\/ac-truck.com\/wp-content\/uploads\/2026\/02\/\u9972\u6599\u8fd0\u8f93\u8f66\u8be6\u60c5\u9875_12-600x653.webp 600w, https:\/\/ac-truck.com\/wp-content\/uploads\/2026\/02\/\u9972\u6599\u8fd0\u8f93\u8f66\u8be6\u60c5\u9875_12-150x163.webp 150w\" alt=\"\" width=\"1234\" height=\"1343\" \/><\/p>\n<p><strong>1. R\u00e9servoir d'huile hydraulique : stocke l'huile destin\u00e9e au syst\u00e8me hydraulique.<\/strong><br \/>\n<strong>2. Jauge de niveau d'huile : Affiche le niveau d'huile dans le r\u00e9servoir en temps r\u00e9el.<\/strong><br \/>\n<strong>3. Pompe hydraulique : Fournit la puissance au syst\u00e8me hydraulique.<\/strong><br \/>\n<strong>4. Moteur hydraulique : convertit l'\u00e9nergie hydraulique en \u00e9nergie m\u00e9canique.<\/strong><br \/>\n<strong>5. Distributeur hydraulique multivoies : contr\u00f4le l'ouverture, la fermeture et la direction du circuit d'huile hydraulique.<\/strong><br \/>\n<strong>6. Radiateur : Refroidit l'huile hydraulique pour assurer le fonctionnement du syst\u00e8me.<\/strong><br \/>\n<strong>7. Moteur de la vis sans fin : entra\u00eene la vis sans fin pour transporter l'aliment.<\/strong><br \/>\n<strong>8. Moteur de la vis sans fin : assiste la vis sans fin dans le transport de l'alimentation.<\/strong><br \/>\n<strong>9. Moteur de rotation : entra\u00eene le m\u00e9canisme pour assurer l'action de d\u00e9chargement rotatif.<\/strong><br \/>\n<strong>10. Vis sans fin et roue \u00e0 vis sans fin \u00e0 360\u00b0 : Permet un r\u00e9glage de la rotation du m\u00e9canisme sur 360\u00b0.<\/strong><br \/>\n<strong>11. Vanne de r\u00e9gulation de d\u00e9bit : ajuste avec pr\u00e9cision le d\u00e9bit de l'huile hydraulique.<\/strong><br \/>\n<strong>12. Levier de commande manuel : commande manuellement les actions du syst\u00e8me hydraulique.<\/strong><\/p>\n<h1 style=\"text-align: center;\">PROCESSUS DE PRODUCTION<\/h1>\n<p><img loading=\"lazy\" decoding=\"async\" class=\"aligncenter wp-image-7718\" src=\"https:\/\/ac-truck.com\/wp-content\/uploads\/2026\/02\/%E9%A5%B2%E6%96%99%E8%BF%90%E8%BE%93%E8%BD%A6%E8%AF%A6%E6%83%85%E9%A1%B5_14.webp\" sizes=\"(max-width: 1234px) 100vw, 1234px\" srcset=\"https:\/\/ac-truck.com\/wp-content\/uploads\/2026\/02\/\u9972\u6599\u8fd0\u8f93\u8f66\u8be6\u60c5\u9875_14.webp 790w, https:\/\/ac-truck.com\/wp-content\/uploads\/2026\/02\/\u9972\u6599\u8fd0\u8f93\u8f66\u8be6\u60c5\u9875_14-160x300.webp 160w, https:\/\/ac-truck.com\/wp-content\/uploads\/2026\/02\/\u9972\u6599\u8fd0\u8f93\u8f66\u8be6\u60c5\u9875_14-546x1024.webp 546w, https:\/\/ac-truck.com\/wp-content\/uploads\/2026\/02\/\u9972\u6599\u8fd0\u8f93\u8f66\u8be6\u60c5\u9875_14-768x1441.webp 768w, https:\/\/ac-truck.com\/wp-content\/uploads\/2026\/02\/\u9972\u6599\u8fd0\u8f93\u8f66\u8be6\u60c5\u9875_14-6x12.webp 6w, https:\/\/ac-truck.com\/wp-content\/uploads\/2026\/02\/\u9972\u6599\u8fd0\u8f93\u8f66\u8be6\u60c5\u9875_14-600x1126.webp 600w, https:\/\/ac-truck.com\/wp-content\/uploads\/2026\/02\/\u9972\u6599\u8fd0\u8f93\u8f66\u8be6\u60c5\u9875_14-150x281.webp 150w\" alt=\"\" width=\"1234\" height=\"2315\" \/><img loading=\"lazy\" decoding=\"async\" class=\"aligncenter wp-image-7719\" src=\"https:\/\/ac-truck.com\/wp-content\/uploads\/2026\/02\/%E9%A5%B2%E6%96%99%E8%BF%90%E8%BE%93%E8%BD%A6%E8%AF%A6%E6%83%85%E9%A1%B5_15.webp\" sizes=\"(max-width: 1234px) 100vw, 1234px\" srcset=\"https:\/\/ac-truck.com\/wp-content\/uploads\/2026\/02\/\u9972\u6599\u8fd0\u8f93\u8f66\u8be6\u60c5\u9875_15.webp 790w, https:\/\/ac-truck.com\/wp-content\/uploads\/2026\/02\/\u9972\u6599\u8fd0\u8f93\u8f66\u8be6\u60c5\u9875_15-160x300.webp 160w, https:\/\/ac-truck.com\/wp-content\/uploads\/2026\/02\/\u9972\u6599\u8fd0\u8f93\u8f66\u8be6\u60c5\u9875_15-547x1024.webp 547w, https:\/\/ac-truck.com\/wp-content\/uploads\/2026\/02\/\u9972\u6599\u8fd0\u8f93\u8f66\u8be6\u60c5\u9875_15-768x1439.webp 768w, https:\/\/ac-truck.com\/wp-content\/uploads\/2026\/02\/\u9972\u6599\u8fd0\u8f93\u8f66\u8be6\u60c5\u9875_15-6x12.webp 6w, https:\/\/ac-truck.com\/wp-content\/uploads\/2026\/02\/\u9972\u6599\u8fd0\u8f93\u8f66\u8be6\u60c5\u9875_15-600x1124.webp 600w, https:\/\/ac-truck.com\/wp-content\/uploads\/2026\/02\/\u9972\u6599\u8fd0\u8f93\u8f66\u8be6\u60c5\u9875_15-150x281.webp 150w\" alt=\"\" width=\"1234\" height=\"2312\" \/><\/p>\n<p><strong>1. Conception des dessins pr\u00e9liminaires<\/strong><br \/>\n<strong>2. Pr\u00e9paration des mat\u00e9riaux avant la production<\/strong><br \/>\n<strong>3. Soudage du corps de la cuve<\/strong><br \/>\n<strong>4. Montage du corps du char sur le ch\u00e2ssis<\/strong><br \/>\n<strong>5. Pr\u00e9traitement anticorrosion et antirouille<\/strong><br \/>\n<strong>6. Ach\u00e8vement de la peinture de l'ensemble de la superstructure du v\u00e9hicule.<\/strong><\/p>\n<h1 style=\"text-align: center;\">SC\u00c9NARIOS D'APPLICATION<\/h1>\n<p><img loading=\"lazy\" decoding=\"async\" class=\"aligncenter wp-image-7720\" src=\"https:\/\/ac-truck.com\/wp-content\/uploads\/2026\/02\/%E9%A5%B2%E6%96%99%E8%BF%90%E8%BE%93%E8%BD%A6%E8%AF%A6%E6%83%85%E9%A1%B5_17.webp\" sizes=\"(max-width: 1234px) 100vw, 1234px\" srcset=\"https:\/\/ac-truck.com\/wp-content\/uploads\/2026\/02\/\u9972\u6599\u8fd0\u8f93\u8f66\u8be6\u60c5\u9875_17.webp 790w, https:\/\/ac-truck.com\/wp-content\/uploads\/2026\/02\/\u9972\u6599\u8fd0\u8f93\u8f66\u8be6\u60c5\u9875_17-157x300.webp 157w, https:\/\/ac-truck.com\/wp-content\/uploads\/2026\/02\/\u9972\u6599\u8fd0\u8f93\u8f66\u8be6\u60c5\u9875_17-535x1024.webp 535w, https:\/\/ac-truck.com\/wp-content\/uploads\/2026\/02\/\u9972\u6599\u8fd0\u8f93\u8f66\u8be6\u60c5\u9875_17-768x1470.webp 768w, https:\/\/ac-truck.com\/wp-content\/uploads\/2026\/02\/\u9972\u6599\u8fd0\u8f93\u8f66\u8be6\u60c5\u9875_17-6x12.webp 6w, https:\/\/ac-truck.com\/wp-content\/uploads\/2026\/02\/\u9972\u6599\u8fd0\u8f93\u8f66\u8be6\u60c5\u9875_17-600x1148.webp 600w, https:\/\/ac-truck.com\/wp-content\/uploads\/2026\/02\/\u9972\u6599\u8fd0\u8f93\u8f66\u8be6\u60c5\u9875_17-150x287.webp 150w\" alt=\"\" width=\"1234\" height=\"2362\" \/><\/p>\n<h1 style=\"text-align: center;\">EMBALLAGE ET TRANSPORT<\/h1>\n<p><img loading=\"lazy\" decoding=\"async\" class=\"aligncenter wp-image-7721\" src=\"https:\/\/ac-truck.com\/wp-content\/uploads\/2026\/02\/%E9%A5%B2%E6%96%99%E8%BF%90%E8%BE%93%E8%BD%A6%E8%AF%A6%E6%83%85%E9%A1%B5_19.webp\" sizes=\"(max-width: 1234px) 100vw, 1234px\" srcset=\"https:\/\/ac-truck.com\/wp-content\/uploads\/2026\/02\/\u9972\u6599\u8fd0\u8f93\u8f66\u8be6\u60c5\u9875_19.webp 790w, https:\/\/ac-truck.com\/wp-content\/uploads\/2026\/02\/\u9972\u6599\u8fd0\u8f93\u8f66\u8be6\u60c5\u9875_19-143x300.webp 143w, https:\/\/ac-truck.com\/wp-content\/uploads\/2026\/02\/\u9972\u6599\u8fd0\u8f93\u8f66\u8be6\u60c5\u9875_19-489x1024.webp 489w, https:\/\/ac-truck.com\/wp-content\/uploads\/2026\/02\/\u9972\u6599\u8fd0\u8f93\u8f66\u8be6\u60c5\u9875_19-768x1609.webp 768w, https:\/\/ac-truck.com\/wp-content\/uploads\/2026\/02\/\u9972\u6599\u8fd0\u8f93\u8f66\u8be6\u60c5\u9875_19-733x1536.webp 733w, https:\/\/ac-truck.com\/wp-content\/uploads\/2026\/02\/\u9972\u6599\u8fd0\u8f93\u8f66\u8be6\u60c5\u9875_19-6x12.webp 6w, https:\/\/ac-truck.com\/wp-content\/uploads\/2026\/02\/\u9972\u6599\u8fd0\u8f93\u8f66\u8be6\u60c5\u9875_19-600x1257.webp 600w, https:\/\/ac-truck.com\/wp-content\/uploads\/2026\/02\/\u9972\u6599\u8fd0\u8f93\u8f66\u8be6\u60c5\u9875_19-150x314.webp 150w\" alt=\"\" width=\"1234\" height=\"2585\" \/><\/p>","protected":false},"excerpt":{"rendered":"<p>PRODUCT PARAMETERS Bulk Feed Semi-trailer 50m\u00b3 project Descriptions Specifications Basic Overall dimensions(mm) 12000\u00d72550\u00d73950 curb weight(Kg) 11400 Loading capacity(Kg) 28600 Total<\/p>","protected":false},"featured_media":7771,"template":"","meta":[],"product_brand":[352],"product_cat":[179],"product_tag":[],"class_list":{"0":"post-7768","1":"product","2":"type-product","3":"status-publish","4":"has-post-thumbnail","6":"product_brand-semi-trailer","7":"product_cat-bulk-feed-trucks","9":"first","10":"instock","11":"shipping-taxable","12":"product-type-simple"},"_links":{"self":[{"href":"https:\/\/ac-truck.com\/fr\/wp-json\/wp\/v2\/product\/7768","targetHints":{"allow":["GET"]}}],"collection":[{"href":"https:\/\/ac-truck.com\/fr\/wp-json\/wp\/v2\/product"}],"about":[{"href":"https:\/\/ac-truck.com\/fr\/wp-json\/wp\/v2\/types\/product"}],"version-history":[{"count":1,"href":"https:\/\/ac-truck.com\/fr\/wp-json\/wp\/v2\/product\/7768\/revisions"}],"predecessor-version":[{"id":7777,"href":"https:\/\/ac-truck.com\/fr\/wp-json\/wp\/v2\/product\/7768\/revisions\/7777"}],"wp:featuredmedia":[{"embeddable":true,"href":"https:\/\/ac-truck.com\/fr\/wp-json\/wp\/v2\/media\/7771"}],"wp:attachment":[{"href":"https:\/\/ac-truck.com\/fr\/wp-json\/wp\/v2\/media?parent=7768"}],"wp:term":[{"taxonomy":"product_brand","embeddable":true,"href":"https:\/\/ac-truck.com\/fr\/wp-json\/wp\/v2\/product_brand?post=7768"},{"taxonomy":"product_cat","embeddable":true,"href":"https:\/\/ac-truck.com\/fr\/wp-json\/wp\/v2\/product_cat?post=7768"},{"taxonomy":"product_tag","embeddable":true,"href":"https:\/\/ac-truck.com\/fr\/wp-json\/wp\/v2\/product_tag?post=7768"}],"curies":[{"name":"wp","href":"https:\/\/api.w.org\/{rel}","templated":true}]}}