{"id":7879,"date":"2026-03-17T11:01:34","date_gmt":"2026-03-17T03:01:34","guid":{"rendered":"https:\/\/ac-truck.com\/?post_type=product&#038;p=7879"},"modified":"2026-03-17T11:01:35","modified_gmt":"2026-03-17T03:01:35","slug":"asphalt-synchronous-chip-seal-truck-howo-8x4","status":"publish","type":"product","link":"https:\/\/ac-truck.com\/fr\/asphalt-synchronous-chip-seal-truck-howo-8x4.html","title":{"rendered":"Camion d'enrobage superficiel synchrone HOWO 8\u00d74"},"content":{"rendered":"<h1 style=\"text-align: center;\"><img fetchpriority=\"high\" decoding=\"async\" class=\"aligncenter wp-image-7880\" src=\"https:\/\/ac-truck.com\/wp-content\/uploads\/2026\/03\/\u4ea7\u54c1\u6d77\u62a5_01-3.webp\" alt=\"\" width=\"1234\" height=\"1539\" srcset=\"https:\/\/ac-truck.com\/wp-content\/uploads\/2026\/03\/\u4ea7\u54c1\u6d77\u62a5_01-3.webp 790w, https:\/\/ac-truck.com\/wp-content\/uploads\/2026\/03\/\u4ea7\u54c1\u6d77\u62a5_01-3-241x300.webp 241w, https:\/\/ac-truck.com\/wp-content\/uploads\/2026\/03\/\u4ea7\u54c1\u6d77\u62a5_01-3-768x958.webp 768w, https:\/\/ac-truck.com\/wp-content\/uploads\/2026\/03\/\u4ea7\u54c1\u6d77\u62a5_01-3-10x12.webp 10w, https:\/\/ac-truck.com\/wp-content\/uploads\/2026\/03\/\u4ea7\u54c1\u6d77\u62a5_01-3-600x748.webp 600w, https:\/\/ac-truck.com\/wp-content\/uploads\/2026\/03\/\u4ea7\u54c1\u6d77\u62a5_01-3-150x187.webp 150w\" sizes=\"(max-width: 1234px) 100vw, 1234px\" \/> PARAM\u00c8TRES DU PRODUIT<img decoding=\"async\" class=\"aligncenter wp-image-7881\" src=\"https:\/\/ac-truck.com\/wp-content\/uploads\/2026\/03\/\u4ea7\u54c1\u6d77\u62a5_03-3.webp\" alt=\"\" width=\"1234\" height=\"481\" srcset=\"https:\/\/ac-truck.com\/wp-content\/uploads\/2026\/03\/\u4ea7\u54c1\u6d77\u62a5_03-3.webp 790w, https:\/\/ac-truck.com\/wp-content\/uploads\/2026\/03\/\u4ea7\u54c1\u6d77\u62a5_03-3-300x117.webp 300w, https:\/\/ac-truck.com\/wp-content\/uploads\/2026\/03\/\u4ea7\u54c1\u6d77\u62a5_03-3-768x299.webp 768w, https:\/\/ac-truck.com\/wp-content\/uploads\/2026\/03\/\u4ea7\u54c1\u6d77\u62a5_03-3-18x7.webp 18w, https:\/\/ac-truck.com\/wp-content\/uploads\/2026\/03\/\u4ea7\u54c1\u6d77\u62a5_03-3-600x234.webp 600w, https:\/\/ac-truck.com\/wp-content\/uploads\/2026\/03\/\u4ea7\u54c1\u6d77\u62a5_03-3-150x58.webp 150w\" sizes=\"(max-width: 1234px) 100vw, 1234px\" \/><\/h1>\n<h2 style=\"text-align: center;\">Camion d'enrobage superficiel synchrone HOWO 8\u00d74<\/h2>\n<table>\n<tbody>\n<tr>\n<td width=\"79\"><strong>projet<\/strong><\/td>\n<td width=\"319\"><strong>Descriptions<\/strong><\/td>\n<td width=\"288\"><strong>Caract\u00e9ristiques<\/strong><\/td>\n<\/tr>\n<tr>\n<td rowspan=\"4\" width=\"79\"><strong>Basique<\/strong><\/td>\n<td width=\"319\"><strong>Dimensions hors tout (mm)<\/strong><\/td>\n<td width=\"288\"><strong>11880*2550*3870<\/strong><\/td>\n<\/tr>\n<tr>\n<td width=\"319\"><strong>poids \u00e0 vide (kg)<\/strong><\/td>\n<td width=\"288\"><strong>21000<\/strong><\/td>\n<\/tr>\n<tr>\n<td width=\"319\"><strong>Capacit\u00e9 de charge (kg)<\/strong><\/td>\n<td width=\"288\"><strong>10000<\/strong><\/td>\n<\/tr>\n<tr>\n<td width=\"319\"><strong>Masse totale (kg)<\/strong><\/td>\n<td width=\"288\"><strong>31000<\/strong><\/td>\n<\/tr>\n<tr>\n<td rowspan=\"4\" width=\"79\"><strong>Corps<\/strong><\/td>\n<td width=\"319\"><strong>Volume du r\u00e9servoir d'asphalte (m\u00b3)<\/strong><\/td>\n<td width=\"288\"><strong>11<\/strong><\/td>\n<\/tr>\n<tr>\n<td width=\"319\"><strong>Capacit\u00e9 du conteneur \u00e0 pierres (m\u00b3)<\/strong><\/td>\n<td width=\"288\"><strong>15<\/strong><\/td>\n<\/tr>\n<tr>\n<td width=\"319\"><strong>Mat\u00e9riau du r\u00e9servoir<\/strong><\/td>\n<td width=\"288\"><strong>Q235carbon steel<\/strong><\/td>\n<\/tr>\n<tr>\n<td width=\"319\"><strong>Habillage de char<\/strong><\/td>\n<td width=\"288\"><strong>Acier inoxydable (1 mm)<\/strong><\/td>\n<\/tr>\n<tr>\n<td rowspan=\"7\" width=\"79\"><strong>Ch\u00e2ssis<\/strong><\/p>\n<p>&nbsp;<\/td>\n<td width=\"319\"><strong>Marque du ch\u00e2ssis<\/strong><\/td>\n<td width=\"288\"><strong>HOWO<\/strong><\/td>\n<\/tr>\n<tr>\n<td width=\"319\"><strong>Formulaire de conduite<\/strong><\/td>\n<td width=\"288\"><strong>8*4<\/strong><\/td>\n<\/tr>\n<tr>\n<td width=\"319\"><strong>Volant<\/strong><\/td>\n<td width=\"288\"><strong>Conduite \u00e0 gauche<\/strong><\/td>\n<\/tr>\n<tr>\n<td width=\"319\"><strong>Marque et mod\u00e8le du moteur<\/strong><\/td>\n<td width=\"288\"><strong>MC07H.35-60<\/strong><\/td>\n<\/tr>\n<tr>\n<td width=\"319\"><strong>Puissance maximale du moteur (kW)<\/strong><\/td>\n<td width=\"288\"><strong>257<\/strong><\/td>\n<\/tr>\n<tr>\n<td width=\"319\"><strong>norme d'\u00e9mission des moteurs<\/strong><\/td>\n<td width=\"288\"><strong>Euro 6<\/strong><\/td>\n<\/tr>\n<tr>\n<td width=\"319\"><strong>Bo\u00eete de vitesse<\/strong><\/td>\n<td width=\"288\"><strong>12-Speed Manual<\/strong><\/td>\n<\/tr>\n<\/tbody>\n<\/table>\n<h1 style=\"text-align: center;\">AVANTAGES DU V\u00c9HICULE<\/h1>\n<h1 style=\"text-align: center;\">Syst\u00e8me d'\u00e9pandage d'asphalte<\/h1>\n<p><img decoding=\"async\" class=\"aligncenter wp-image-7835\" src=\"https:\/\/ac-truck.com\/wp-content\/uploads\/2026\/03\/%E5%90%8C%E6%AD%A5%E7%A2%8E%E7%9F%B3%E5%B0%81%E5%B1%82%E8%AF%A6%E6%83%85%E9%A1%B5_05.webp\" sizes=\"(max-width: 1234px) 100vw, 1234px\" srcset=\"https:\/\/ac-truck.com\/wp-content\/uploads\/2026\/03\/\u540c\u6b65\u788e\u77f3\u5c01\u5c42\u8be6\u60c5\u9875_05.webp 790w, https:\/\/ac-truck.com\/wp-content\/uploads\/2026\/03\/\u540c\u6b65\u788e\u77f3\u5c01\u5c42\u8be6\u60c5\u9875_05-110x300.webp 110w, https:\/\/ac-truck.com\/wp-content\/uploads\/2026\/03\/\u540c\u6b65\u788e\u77f3\u5c01\u5c42\u8be6\u60c5\u9875_05-374x1024.webp 374w, https:\/\/ac-truck.com\/wp-content\/uploads\/2026\/03\/\u540c\u6b65\u788e\u77f3\u5c01\u5c42\u8be6\u60c5\u9875_05-768x2104.webp 768w, https:\/\/ac-truck.com\/wp-content\/uploads\/2026\/03\/\u540c\u6b65\u788e\u77f3\u5c01\u5c42\u8be6\u60c5\u9875_05-561x1536.webp 561w, https:\/\/ac-truck.com\/wp-content\/uploads\/2026\/03\/\u540c\u6b65\u788e\u77f3\u5c01\u5c42\u8be6\u60c5\u9875_05-748x2048.webp 748w, https:\/\/ac-truck.com\/wp-content\/uploads\/2026\/03\/\u540c\u6b65\u788e\u77f3\u5c01\u5c42\u8be6\u60c5\u9875_05-4x12.webp 4w, https:\/\/ac-truck.com\/wp-content\/uploads\/2026\/03\/\u540c\u6b65\u788e\u77f3\u5c01\u5c42\u8be6\u60c5\u9875_05-600x1644.webp 600w, https:\/\/ac-truck.com\/wp-content\/uploads\/2026\/03\/\u540c\u6b65\u788e\u77f3\u5c01\u5c42\u8be6\u60c5\u9875_05-150x411.webp 150w\" alt=\"\" width=\"1234\" height=\"3380\" \/><\/p>\n<p><strong>1. Pompe \u00e0 asphalte : R\u00e9sistante \u00e0 l'abrasion et \u00e0 la pression, elle assure le transport stable et efficace de l'asphalte, sans fuite.<\/strong><br \/>\n<strong>2. Dispositif d'\u00e9pandage d'asphalte : la largeur d'\u00e9pandage est r\u00e9glable et la d\u00e9charge du mat\u00e9riau est uniforme et pr\u00e9cise, garantissant un rev\u00eatement d'\u00e9tanch\u00e9it\u00e9 routier de haute qualit\u00e9.<\/strong><br \/>\n<strong>3. Dispositif de chauffage : Il permet d'augmenter rapidement et uniform\u00e9ment la temp\u00e9rature, gr\u00e2ce \u00e0 une r\u00e9gulation thermique stable garantissant que la viscosit\u00e9 de l'asphalte lors de la mise en \u0153uvre est conforme aux normes.<\/strong><br \/>\n<strong>4. Sortie d'huile de chauffage : gr\u00e2ce \u00e0 un d\u00e9bit stable, l'huile caloporteuse circule de mani\u00e8re fluide, assurant ainsi un excellent effet de chauffage.<\/strong><br \/>\n<strong>5. Entr\u00e9e et sortie de la pompe \u00e0 asphalte : Con\u00e7ues pour r\u00e9sister au colmatage et \u00e0 l'abrasion, elles assurent une excellente fluidit\u00e9, garantissant ainsi un transport de l'asphalte fluide et sans blocage.<\/strong><br \/>\n<strong>6. Capteur de temp\u00e9rature : Il offre une r\u00e9ponse sensible et une mesure pr\u00e9cise de la temp\u00e9rature, fournissant des donn\u00e9es fiables pour le contr\u00f4le de la temp\u00e9rature de construction.<\/strong><\/p>\n<h1 style=\"text-align: center;\">Syst\u00e8me d'\u00e9pandage de gravillons<\/h1>\n<p><img loading=\"lazy\" decoding=\"async\" class=\"aligncenter wp-image-7836\" src=\"https:\/\/ac-truck.com\/wp-content\/uploads\/2026\/03\/%E5%90%8C%E6%AD%A5%E7%A2%8E%E7%9F%B3%E5%B0%81%E5%B1%82%E8%AF%A6%E6%83%85%E9%A1%B5_07.webp\" sizes=\"(max-width: 1234px) 100vw, 1234px\" srcset=\"https:\/\/ac-truck.com\/wp-content\/uploads\/2026\/03\/\u540c\u6b65\u788e\u77f3\u5c01\u5c42\u8be6\u60c5\u9875_07.webp 790w, https:\/\/ac-truck.com\/wp-content\/uploads\/2026\/03\/\u540c\u6b65\u788e\u77f3\u5c01\u5c42\u8be6\u60c5\u9875_07-214x300.webp 214w, https:\/\/ac-truck.com\/wp-content\/uploads\/2026\/03\/\u540c\u6b65\u788e\u77f3\u5c01\u5c42\u8be6\u60c5\u9875_07-731x1024.webp 731w, https:\/\/ac-truck.com\/wp-content\/uploads\/2026\/03\/\u540c\u6b65\u788e\u77f3\u5c01\u5c42\u8be6\u60c5\u9875_07-768x1076.webp 768w, https:\/\/ac-truck.com\/wp-content\/uploads\/2026\/03\/\u540c\u6b65\u788e\u77f3\u5c01\u5c42\u8be6\u60c5\u9875_07-9x12.webp 9w, https:\/\/ac-truck.com\/wp-content\/uploads\/2026\/03\/\u540c\u6b65\u788e\u77f3\u5c01\u5c42\u8be6\u60c5\u9875_07-600x841.webp 600w, https:\/\/ac-truck.com\/wp-content\/uploads\/2026\/03\/\u540c\u6b65\u788e\u77f3\u5c01\u5c42\u8be6\u60c5\u9875_07-150x210.webp 150w\" alt=\"\" width=\"1234\" height=\"1729\" \/><\/p>\n<p><strong>1. Orifice d'\u00e9pandage des pierres : il assure une d\u00e9charge uniforme des mat\u00e9riaux et offre une largeur r\u00e9glable, garantissant un niveau \u00e9lev\u00e9 de plan\u00e9it\u00e9 lors de l'\u00e9pandage des pierres.<\/strong><br \/>\n<strong>2. Orifice de d\u00e9charge du gravier : Il est anti-colmatage et r\u00e9sistant \u00e0 l'abrasion, assurant un \u00e9coulement fluide du mat\u00e9riau et garantissant ainsi une bonne continuit\u00e9 dans l'\u00e9pandage du gravier.<\/strong><\/p>\n<h1 style=\"text-align: center;\">Structure du bac<\/h1>\n<p><img loading=\"lazy\" decoding=\"async\" class=\"aligncenter wp-image-7837\" src=\"https:\/\/ac-truck.com\/wp-content\/uploads\/2026\/03\/%E5%90%8C%E6%AD%A5%E7%A2%8E%E7%9F%B3%E5%B0%81%E5%B1%82%E8%AF%A6%E6%83%85%E9%A1%B5_09.webp\" sizes=\"(max-width: 1234px) 100vw, 1234px\" srcset=\"https:\/\/ac-truck.com\/wp-content\/uploads\/2026\/03\/\u540c\u6b65\u788e\u77f3\u5c01\u5c42\u8be6\u60c5\u9875_09.webp 790w, https:\/\/ac-truck.com\/wp-content\/uploads\/2026\/03\/\u540c\u6b65\u788e\u77f3\u5c01\u5c42\u8be6\u60c5\u9875_09-217x300.webp 217w, https:\/\/ac-truck.com\/wp-content\/uploads\/2026\/03\/\u540c\u6b65\u788e\u77f3\u5c01\u5c42\u8be6\u60c5\u9875_09-740x1024.webp 740w, https:\/\/ac-truck.com\/wp-content\/uploads\/2026\/03\/\u540c\u6b65\u788e\u77f3\u5c01\u5c42\u8be6\u60c5\u9875_09-768x1063.webp 768w, https:\/\/ac-truck.com\/wp-content\/uploads\/2026\/03\/\u540c\u6b65\u788e\u77f3\u5c01\u5c42\u8be6\u60c5\u9875_09-9x12.webp 9w, https:\/\/ac-truck.com\/wp-content\/uploads\/2026\/03\/\u540c\u6b65\u788e\u77f3\u5c01\u5c42\u8be6\u60c5\u9875_09-600x830.webp 600w, https:\/\/ac-truck.com\/wp-content\/uploads\/2026\/03\/\u540c\u6b65\u788e\u77f3\u5c01\u5c42\u8be6\u60c5\u9875_09-150x208.webp 150w\" alt=\"\" width=\"1234\" height=\"1707\" \/><\/p>\n<p><strong>1. R\u00e9servoir \u00e0 asphalte : Il offre de bonnes performances de conservation de la chaleur et r\u00e9siste \u00e0 la corrosion, garantissant ainsi efficacement la temp\u00e9rature de stockage et la propret\u00e9 de l'asphalte.<\/strong><br \/>\n<strong>2. R\u00e9servoir \u00e0 gravier : Dot\u00e9 d'une structure robuste, il est anti-colmatage et durable, assurant un stockage et un d\u00e9chargement du gravier fluides et efficaces.<\/strong><\/p>\n<h1 style=\"text-align: center;\">Syst\u00e8me de commande<\/h1>\n<p><img loading=\"lazy\" decoding=\"async\" class=\"aligncenter wp-image-7838\" src=\"https:\/\/ac-truck.com\/wp-content\/uploads\/2026\/03\/%E5%90%8C%E6%AD%A5%E7%A2%8E%E7%9F%B3%E5%B0%81%E5%B1%82%E8%AF%A6%E6%83%85%E9%A1%B5_11.webp\" sizes=\"(max-width: 1234px) 100vw, 1234px\" srcset=\"https:\/\/ac-truck.com\/wp-content\/uploads\/2026\/03\/\u540c\u6b65\u788e\u77f3\u5c01\u5c42\u8be6\u60c5\u9875_11.webp 790w, https:\/\/ac-truck.com\/wp-content\/uploads\/2026\/03\/\u540c\u6b65\u788e\u77f3\u5c01\u5c42\u8be6\u60c5\u9875_11-300x213.webp 300w, https:\/\/ac-truck.com\/wp-content\/uploads\/2026\/03\/\u540c\u6b65\u788e\u77f3\u5c01\u5c42\u8be6\u60c5\u9875_11-768x546.webp 768w, https:\/\/ac-truck.com\/wp-content\/uploads\/2026\/03\/\u540c\u6b65\u788e\u77f3\u5c01\u5c42\u8be6\u60c5\u9875_11-18x12.webp 18w, https:\/\/ac-truck.com\/wp-content\/uploads\/2026\/03\/\u540c\u6b65\u788e\u77f3\u5c01\u5c42\u8be6\u60c5\u9875_11-600x427.webp 600w, https:\/\/ac-truck.com\/wp-content\/uploads\/2026\/03\/\u540c\u6b65\u788e\u77f3\u5c01\u5c42\u8be6\u60c5\u9875_11-150x107.webp 150w\" alt=\"\" width=\"1234\" height=\"878\" \/><\/p>\n<p><strong>Grand \u00e9cran d'affichage en cabine et boutons de commande : l'\u00e9cran offre un affichage clair et des donn\u00e9es compl\u00e8tes, rendant les param\u00e8tres de construction parfaitement lisibles. Les boutons sont dispos\u00e9s de mani\u00e8re ergonomique et r\u00e9agissent avec une grande sensibilit\u00e9 \u00e0 la pression, assurant ainsi une conduite des op\u00e9rations de construction \u00e0 la fois pratique et efficace.<\/strong><\/p>\n<h1 style=\"text-align: center;\">SC\u00c9NARIOS D'APPLICATION<\/h1>\n<p><img loading=\"lazy\" decoding=\"async\" class=\"aligncenter wp-image-7839\" src=\"https:\/\/ac-truck.com\/wp-content\/uploads\/2026\/03\/%E5%90%8C%E6%AD%A5%E7%A2%8E%E7%9F%B3%E5%B0%81%E5%B1%82%E8%AF%A6%E6%83%85%E9%A1%B5_15.webp\" sizes=\"(max-width: 1234px) 100vw, 1234px\" srcset=\"https:\/\/ac-truck.com\/wp-content\/uploads\/2026\/03\/\u540c\u6b65\u788e\u77f3\u5c01\u5c42\u8be6\u60c5\u9875_15.webp 790w, https:\/\/ac-truck.com\/wp-content\/uploads\/2026\/03\/\u540c\u6b65\u788e\u77f3\u5c01\u5c42\u8be6\u60c5\u9875_15-120x300.webp 120w, https:\/\/ac-truck.com\/wp-content\/uploads\/2026\/03\/\u540c\u6b65\u788e\u77f3\u5c01\u5c42\u8be6\u60c5\u9875_15-411x1024.webp 411w, https:\/\/ac-truck.com\/wp-content\/uploads\/2026\/03\/\u540c\u6b65\u788e\u77f3\u5c01\u5c42\u8be6\u60c5\u9875_15-768x1912.webp 768w, https:\/\/ac-truck.com\/wp-content\/uploads\/2026\/03\/\u540c\u6b65\u788e\u77f3\u5c01\u5c42\u8be6\u60c5\u9875_15-617x1536.webp 617w, https:\/\/ac-truck.com\/wp-content\/uploads\/2026\/03\/\u540c\u6b65\u788e\u77f3\u5c01\u5c42\u8be6\u60c5\u9875_15-5x12.webp 5w, https:\/\/ac-truck.com\/wp-content\/uploads\/2026\/03\/\u540c\u6b65\u788e\u77f3\u5c01\u5c42\u8be6\u60c5\u9875_15-600x1494.webp 600w, https:\/\/ac-truck.com\/wp-content\/uploads\/2026\/03\/\u540c\u6b65\u788e\u77f3\u5c01\u5c42\u8be6\u60c5\u9875_15-150x373.webp 150w\" alt=\"\" width=\"1234\" height=\"3073\" \/><\/p>\n<h1 style=\"text-align: center;\">EMBALLAGE ET TRANSPORT<\/h1>\n<p><img loading=\"lazy\" decoding=\"async\" class=\"aligncenter wp-image-7840\" src=\"https:\/\/ac-truck.com\/wp-content\/uploads\/2026\/03\/%E5%90%8C%E6%AD%A5%E7%A2%8E%E7%9F%B3%E5%B0%81%E5%B1%82%E8%AF%A6%E6%83%85%E9%A1%B5_17.webp\" sizes=\"(max-width: 1234px) 100vw, 1234px\" srcset=\"https:\/\/ac-truck.com\/wp-content\/uploads\/2026\/03\/\u540c\u6b65\u788e\u77f3\u5c01\u5c42\u8be6\u60c5\u9875_17.webp 790w, https:\/\/ac-truck.com\/wp-content\/uploads\/2026\/03\/\u540c\u6b65\u788e\u77f3\u5c01\u5c42\u8be6\u60c5\u9875_17-196x300.webp 196w, https:\/\/ac-truck.com\/wp-content\/uploads\/2026\/03\/\u540c\u6b65\u788e\u77f3\u5c01\u5c42\u8be6\u60c5\u9875_17-668x1024.webp 668w, https:\/\/ac-truck.com\/wp-content\/uploads\/2026\/03\/\u540c\u6b65\u788e\u77f3\u5c01\u5c42\u8be6\u60c5\u9875_17-768x1177.webp 768w, https:\/\/ac-truck.com\/wp-content\/uploads\/2026\/03\/\u540c\u6b65\u788e\u77f3\u5c01\u5c42\u8be6\u60c5\u9875_17-8x12.webp 8w, https:\/\/ac-truck.com\/wp-content\/uploads\/2026\/03\/\u540c\u6b65\u788e\u77f3\u5c01\u5c42\u8be6\u60c5\u9875_17-600x920.webp 600w, https:\/\/ac-truck.com\/wp-content\/uploads\/2026\/03\/\u540c\u6b65\u788e\u77f3\u5c01\u5c42\u8be6\u60c5\u9875_17-150x230.webp 150w\" alt=\"\" width=\"1234\" height=\"1892\" \/><\/p>","protected":false},"excerpt":{"rendered":"<p>PRODUCT PARAMETERS Asphalt Synchronous Chip Seal Truck HOWO 8&#215;4 project Descriptions Specifications Basic Overall dimensions(mm) 11880*2550*3870 curb weight(Kg) 21000 Loading<\/p>","protected":false},"featured_media":7882,"template":"","meta":[],"product_brand":[217,220],"product_cat":[375],"product_tag":[383,384,385],"class_list":{"0":"post-7879","1":"product","2":"type-product","3":"status-publish","4":"has-post-thumbnail","6":"product_brand-sinotruk","7":"product_brand-howo","8":"product_cat-road-machinery","9":"product_tag-chipsealer","10":"product_tag-synchronous-chip-sealer","11":"product_tag-chip-seal-truck","13":"first","14":"instock","15":"shipping-taxable","16":"product-type-simple"},"_links":{"self":[{"href":"https:\/\/ac-truck.com\/fr\/wp-json\/wp\/v2\/product\/7879","targetHints":{"allow":["GET"]}}],"collection":[{"href":"https:\/\/ac-truck.com\/fr\/wp-json\/wp\/v2\/product"}],"about":[{"href":"https:\/\/ac-truck.com\/fr\/wp-json\/wp\/v2\/types\/product"}],"version-history":[{"count":1,"href":"https:\/\/ac-truck.com\/fr\/wp-json\/wp\/v2\/product\/7879\/revisions"}],"predecessor-version":[{"id":7888,"href":"https:\/\/ac-truck.com\/fr\/wp-json\/wp\/v2\/product\/7879\/revisions\/7888"}],"wp:featuredmedia":[{"embeddable":true,"href":"https:\/\/ac-truck.com\/fr\/wp-json\/wp\/v2\/media\/7882"}],"wp:attachment":[{"href":"https:\/\/ac-truck.com\/fr\/wp-json\/wp\/v2\/media?parent=7879"}],"wp:term":[{"taxonomy":"product_brand","embeddable":true,"href":"https:\/\/ac-truck.com\/fr\/wp-json\/wp\/v2\/product_brand?post=7879"},{"taxonomy":"product_cat","embeddable":true,"href":"https:\/\/ac-truck.com\/fr\/wp-json\/wp\/v2\/product_cat?post=7879"},{"taxonomy":"product_tag","embeddable":true,"href":"https:\/\/ac-truck.com\/fr\/wp-json\/wp\/v2\/product_tag?post=7879"}],"curies":[{"name":"wp","href":"https:\/\/api.w.org\/{rel}","templated":true}]}}