{"id":3886,"date":"2025-09-02T17:36:00","date_gmt":"2025-09-02T09:36:00","guid":{"rendered":"https:\/\/ac-truck.com\/?post_type=product&#038;p=3886"},"modified":"2026-04-08T14:44:41","modified_gmt":"2026-04-08T06:44:41","slug":"foton-14m%c2%b3-garbage-truck-for-sale","status":"publish","type":"product","link":"https:\/\/ac-truck.com\/pt\/foton-14m%C2%B3-garbage-truck-for-sale.html","title":{"rendered":"Caminh\u00e3o de lixo Foton 14m\u00b3 \u00e0 venda"},"content":{"rendered":"<div style=\"width: 1920px;\" class=\"wp-video\"><!--[if lt IE 9]><script>document.createElement('video');<\/script><![endif]-->\n<video class=\"wp-video-shortcode\" id=\"video-3886-1\" width=\"1920\" height=\"1080\" preload=\"metadata\" controls=\"controls\"><source type=\"video\/mp4\" src=\"https:\/\/ac-truck.com\/wp-content\/uploads\/2025\/12\/\u538b\u7f29\u65e0\u6c34\u5370.mp4?_=1\" \/><a href=\"https:\/\/ac-truck.com\/wp-content\/uploads\/2025\/12\/\u538b\u7f29\u65e0\u6c34\u5370.mp4\">https:\/\/ac-truck.com\/wp-content\/uploads\/2025\/12\/\u538b\u7f29\u65e0\u6c34\u5370.mp4<\/a><\/video><\/div>\n<table>\n<tbody>\n<tr class=\"firstRow\">\n<td valign=\"top\" width=\"743\"><strong>Marca<\/strong><\/td>\n<td align=\"center\" valign=\"top\" width=\"743\"><a href=\"http:\/\/www.foton.com\"><strong>F\u00d3TON<\/strong><\/a><\/td>\n<\/tr>\n<tr>\n<td valign=\"top\" width=\"743\"><strong>Dimens\u00f5es totais (mm)<\/strong><\/td>\n<td align=\"center\" valign=\"top\" width=\"743\"><strong>8365X2550X3250<\/strong><\/td>\n<\/tr>\n<tr>\n<td colspan=\"1\" rowspan=\"1\" valign=\"top\"><strong>Dist\u00e2ncia entre eixos (mm)<\/strong><\/td>\n<td colspan=\"1\" rowspan=\"1\" align=\"center\" valign=\"top\"><strong>4500<\/strong><\/td>\n<\/tr>\n<tr>\n<td valign=\"top\" width=\"743\"><strong>Volume da caixa (m\u00b3)<\/strong><\/td>\n<td align=\"center\" valign=\"top\" width=\"743\"><strong>14<\/strong><\/td>\n<\/tr>\n<tr>\n<td colspan=\"1\" rowspan=\"1\" valign=\"top\"><strong>Um ciclo de alimenta\u00e7\u00e3o (s)<\/strong><\/td>\n<td colspan=\"1\" rowspan=\"1\" align=\"center\" valign=\"top\"><strong>\u226416<\/strong><\/td>\n<\/tr>\n<tr>\n<td colspan=\"1\" rowspan=\"1\" valign=\"top\"><strong>Tempo de descarga (s)<\/strong><\/td>\n<td colspan=\"1\" rowspan=\"1\" align=\"center\" valign=\"top\"><strong>\u226460<\/strong><\/td>\n<\/tr>\n<tr>\n<td colspan=\"1\" rowspan=\"1\" valign=\"top\"><strong>Modo de opera\u00e7\u00e3o<\/strong><\/td>\n<td colspan=\"1\" rowspan=\"1\" align=\"center\" valign=\"top\"><strong>Controle el\u00e9trico\/manual\/controle remoto<\/strong><\/td>\n<\/tr>\n<tr>\n<td colspan=\"1\" rowspan=\"1\" valign=\"top\"><strong>Estrutura da cauda<\/strong><\/td>\n<td colspan=\"1\" rowspan=\"1\" align=\"center\" valign=\"top\"><strong>Placa basculante\/balde triangular\/balde de piso\/bra\u00e7o oscilante<\/strong><\/td>\n<\/tr>\n<tr>\n<td colspan=\"1\" rowspan=\"1\" valign=\"top\"><strong>Tipo de balde<\/strong><\/td>\n<td colspan=\"1\" rowspan=\"1\" align=\"center\" valign=\"top\"><strong>120L\/240L (pode ser adicionado um rack de 660L)<\/strong><\/td>\n<\/tr>\n<tr>\n<td colspan=\"1\" rowspan=\"1\" valign=\"top\"><strong>Pot\u00eancia do motor (kw)<\/strong><\/td>\n<td colspan=\"1\" rowspan=\"1\" align=\"center\" valign=\"top\"><a href=\"https:\/\/ac-truck.com\/pt\/product-category\/sanitation-equipment\/garbage-trucks.html\/\"><strong>180 kW<\/strong><\/a><\/td>\n<\/tr>\n<tr>\n<td colspan=\"1\" rowspan=\"1\" valign=\"top\"><strong>Cilindrada do motor (m)<\/strong><\/td>\n<td colspan=\"1\" rowspan=\"1\" align=\"center\" valign=\"top\"><strong>6234<\/strong><\/td>\n<\/tr>\n<tr>\n<td colspan=\"1\" rowspan=\"1\" valign=\"top\"><strong>Caixa de engrenagens<\/strong><\/td>\n<td colspan=\"1\" rowspan=\"1\" align=\"center\" valign=\"top\"><strong>Autom\u00e1tico de 8 velocidades<\/strong><\/td>\n<\/tr>\n<tr>\n<td valign=\"top\" width=\"743\"><strong>Massa total (kg)<\/strong><\/td>\n<td align=\"center\" valign=\"top\" width=\"743\"><strong>18000<\/strong><\/td>\n<\/tr>\n<tr>\n<td valign=\"top\" width=\"743\"><strong>Peso do meio-fio (kg)<\/strong><\/td>\n<td align=\"center\" valign=\"top\" width=\"743\"><strong>9190<\/strong><\/td>\n<\/tr>\n<tr>\n<td colspan=\"1\" rowspan=\"1\" valign=\"top\"><strong>Velocidade m\u00e1xima (km\/h)<\/strong><\/td>\n<td colspan=\"1\" rowspan=\"1\" align=\"center\" valign=\"top\"><strong>90<\/strong><\/td>\n<\/tr>\n<tr>\n<td colspan=\"1\" rowspan=\"1\" valign=\"top\"><strong>Especifica\u00e7\u00f5es dos pneus<\/strong><\/td>\n<td colspan=\"1\" rowspan=\"1\" align=\"center\" valign=\"top\"><strong>10,00R20 18PR<\/strong><\/td>\n<\/tr>\n<\/tbody>\n<\/table>\n<p><img fetchpriority=\"high\" decoding=\"async\" class=\"aligncenter wp-image-3950 size-full\" title=\"Diagrama de caminh\u00e3o de lixo\" src=\"https:\/\/ac-truck.com\/wp-content\/uploads\/2025\/09\/6-250F3160504a8.png\" alt=\"Diagrama de caminh\u00e3o de lixo\" width=\"1884\" height=\"1214\" srcset=\"https:\/\/ac-truck.com\/wp-content\/uploads\/2025\/09\/6-250F3160504a8.png 1884w, https:\/\/ac-truck.com\/wp-content\/uploads\/2025\/09\/6-250F3160504a8-300x193.png 300w, https:\/\/ac-truck.com\/wp-content\/uploads\/2025\/09\/6-250F3160504a8-1024x660.png 1024w, https:\/\/ac-truck.com\/wp-content\/uploads\/2025\/09\/6-250F3160504a8-768x495.png 768w, https:\/\/ac-truck.com\/wp-content\/uploads\/2025\/09\/6-250F3160504a8-1536x990.png 1536w, https:\/\/ac-truck.com\/wp-content\/uploads\/2025\/09\/6-250F3160504a8-18x12.png 18w, https:\/\/ac-truck.com\/wp-content\/uploads\/2025\/09\/6-250F3160504a8-600x387.png 600w, https:\/\/ac-truck.com\/wp-content\/uploads\/2025\/09\/6-250F3160504a8-150x97.png 150w\" sizes=\"(max-width: 1884px) 100vw, 1884px\" \/><\/p>\n<p><img decoding=\"async\" class=\"wp-image-3904 size-full\" title=\"Pe\u00e7as de caminh\u00e3o de lixo\" src=\"https:\/\/ac-truck.com\/wp-content\/uploads\/2025\/09\/6-250F3160519143-1-scaled.png\" alt=\"Pe\u00e7as de caminh\u00e3o de lixo\" width=\"2560\" height=\"1790\" srcset=\"https:\/\/ac-truck.com\/wp-content\/uploads\/2025\/09\/6-250F3160519143-1-scaled.png 2560w, https:\/\/ac-truck.com\/wp-content\/uploads\/2025\/09\/6-250F3160519143-1-300x210.png 300w, https:\/\/ac-truck.com\/wp-content\/uploads\/2025\/09\/6-250F3160519143-1-1024x716.png 1024w, https:\/\/ac-truck.com\/wp-content\/uploads\/2025\/09\/6-250F3160519143-1-768x537.png 768w, https:\/\/ac-truck.com\/wp-content\/uploads\/2025\/09\/6-250F3160519143-1-1536x1074.png 1536w, https:\/\/ac-truck.com\/wp-content\/uploads\/2025\/09\/6-250F3160519143-1-2048x1432.png 2048w, https:\/\/ac-truck.com\/wp-content\/uploads\/2025\/09\/6-250F3160519143-1-18x12.png 18w, https:\/\/ac-truck.com\/wp-content\/uploads\/2025\/09\/6-250F3160519143-1-600x419.png 600w, https:\/\/ac-truck.com\/wp-content\/uploads\/2025\/09\/6-250F3160519143-1-150x105.png 150w\" sizes=\"(max-width: 2560px) 100vw, 2560px\" \/><\/p>\n<p><img decoding=\"async\" class=\"aligncenter wp-image-3949\" title=\"Processo de produ\u00e7\u00e3o de caminh\u00e3o de lixo\" src=\"https:\/\/ac-truck.com\/wp-content\/uploads\/2025\/09\/6-250F316053X57.png\" alt=\"Processo de produ\u00e7\u00e3o de caminh\u00e3o de lixo\" width=\"1353\" height=\"1794\" srcset=\"https:\/\/ac-truck.com\/wp-content\/uploads\/2025\/09\/6-250F316053X57.png 1075w, https:\/\/ac-truck.com\/wp-content\/uploads\/2025\/09\/6-250F316053X57-226x300.png 226w, https:\/\/ac-truck.com\/wp-content\/uploads\/2025\/09\/6-250F316053X57-772x1024.png 772w, https:\/\/ac-truck.com\/wp-content\/uploads\/2025\/09\/6-250F316053X57-768x1019.png 768w, https:\/\/ac-truck.com\/wp-content\/uploads\/2025\/09\/6-250F316053X57-9x12.png 9w, https:\/\/ac-truck.com\/wp-content\/uploads\/2025\/09\/6-250F316053X57-600x796.png 600w, https:\/\/ac-truck.com\/wp-content\/uploads\/2025\/09\/6-250F316053X57-150x199.png 150w\" sizes=\"(max-width: 1353px) 100vw, 1353px\" \/><img loading=\"lazy\" decoding=\"async\" class=\"aligncenter wp-image-3951\" title=\"Fotos de caminh\u00e3o de lixo em funcionamento\" src=\"https:\/\/ac-truck.com\/wp-content\/uploads\/2025\/09\/6-250F3160601F8.png\" alt=\"Fotos de caminh\u00e3o de lixo em funcionamento\" width=\"1315\" height=\"1772\" srcset=\"https:\/\/ac-truck.com\/wp-content\/uploads\/2025\/09\/6-250F3160601F8.png 1102w, https:\/\/ac-truck.com\/wp-content\/uploads\/2025\/09\/6-250F3160601F8-223x300.png 223w, https:\/\/ac-truck.com\/wp-content\/uploads\/2025\/09\/6-250F3160601F8-760x1024.png 760w, https:\/\/ac-truck.com\/wp-content\/uploads\/2025\/09\/6-250F3160601F8-768x1035.png 768w, https:\/\/ac-truck.com\/wp-content\/uploads\/2025\/09\/6-250F3160601F8-9x12.png 9w, https:\/\/ac-truck.com\/wp-content\/uploads\/2025\/09\/6-250F3160601F8-600x809.png 600w, https:\/\/ac-truck.com\/wp-content\/uploads\/2025\/09\/6-250F3160601F8-150x202.png 150w\" sizes=\"(max-width: 1315px) 100vw, 1315px\" \/><\/p>\n<p><img loading=\"lazy\" decoding=\"async\" class=\"aligncenter wp-image-3952\" title=\"Processo de produ\u00e7\u00e3o de caminh\u00e3o de lixo\" src=\"https:\/\/ac-truck.com\/wp-content\/uploads\/2025\/09\/6-250F31636114V.png\" alt=\"Processo de produ\u00e7\u00e3o de caminh\u00e3o de lixo\" width=\"1302\" height=\"1747\" srcset=\"https:\/\/ac-truck.com\/wp-content\/uploads\/2025\/09\/6-250F31636114V.png 1103w, https:\/\/ac-truck.com\/wp-content\/uploads\/2025\/09\/6-250F31636114V-224x300.png 224w, https:\/\/ac-truck.com\/wp-content\/uploads\/2025\/09\/6-250F31636114V-763x1024.png 763w, https:\/\/ac-truck.com\/wp-content\/uploads\/2025\/09\/6-250F31636114V-768x1030.png 768w, https:\/\/ac-truck.com\/wp-content\/uploads\/2025\/09\/6-250F31636114V-9x12.png 9w, https:\/\/ac-truck.com\/wp-content\/uploads\/2025\/09\/6-250F31636114V-600x805.png 600w, https:\/\/ac-truck.com\/wp-content\/uploads\/2025\/09\/6-250F31636114V-150x201.png 150w\" sizes=\"(max-width: 1302px) 100vw, 1302px\" \/><\/p>\n<p>&nbsp;<\/p>\n<p>&nbsp;<\/p>\n<p>&nbsp;<\/p>\n<p>&nbsp;<\/p>","protected":false},"excerpt":{"rendered":"<p>Brand name FOTON Overall Dimensions\uff08mm\uff09 8365X2550X3250 Wheelbase\uff08mm\uff09 4500 Box volume\uff08m\u00b3\uff09 14 One feeding cycle time\uff08s\uff09 \u226416 Unloading time\uff08s\uff09 \u226460 Operation<\/p>","protected":false},"featured_media":3887,"template":"","meta":[],"product_brand":[],"product_cat":[192],"product_tag":[195,196,197],"class_list":{"0":"post-3886","1":"product","2":"type-product","3":"status-publish","4":"has-post-thumbnail","6":"product_cat-garbage-trucks","7":"product_tag-garbage-truck","8":"product_tag-14m","9":"product_tag-10-tons","11":"first","12":"instock","13":"shipping-taxable","14":"product-type-simple"},"_links":{"self":[{"href":"https:\/\/ac-truck.com\/pt\/wp-json\/wp\/v2\/product\/3886","targetHints":{"allow":["GET"]}}],"collection":[{"href":"https:\/\/ac-truck.com\/pt\/wp-json\/wp\/v2\/product"}],"about":[{"href":"https:\/\/ac-truck.com\/pt\/wp-json\/wp\/v2\/types\/product"}],"version-history":[{"count":5,"href":"https:\/\/ac-truck.com\/pt\/wp-json\/wp\/v2\/product\/3886\/revisions"}],"predecessor-version":[{"id":7929,"href":"https:\/\/ac-truck.com\/pt\/wp-json\/wp\/v2\/product\/3886\/revisions\/7929"}],"wp:featuredmedia":[{"embeddable":true,"href":"https:\/\/ac-truck.com\/pt\/wp-json\/wp\/v2\/media\/3887"}],"wp:attachment":[{"href":"https:\/\/ac-truck.com\/pt\/wp-json\/wp\/v2\/media?parent=3886"}],"wp:term":[{"taxonomy":"product_brand","embeddable":true,"href":"https:\/\/ac-truck.com\/pt\/wp-json\/wp\/v2\/product_brand?post=3886"},{"taxonomy":"product_cat","embeddable":true,"href":"https:\/\/ac-truck.com\/pt\/wp-json\/wp\/v2\/product_cat?post=3886"},{"taxonomy":"product_tag","embeddable":true,"href":"https:\/\/ac-truck.com\/pt\/wp-json\/wp\/v2\/product_tag?post=3886"}],"curies":[{"name":"wp","href":"https:\/\/api.w.org\/{rel}","templated":true}]}}