{"id":4013,"date":"2025-09-04T17:17:52","date_gmt":"2025-09-04T09:17:52","guid":{"rendered":"https:\/\/ac-truck.com\/?post_type=product&#038;p=4013"},"modified":"2026-04-08T14:41:27","modified_gmt":"2026-04-08T06:41:27","slug":"skiploader-garbage-truck-dongfeng-10m%c2%b3","status":"publish","type":"product","link":"https:\/\/ac-truck.com\/pt\/skiploader-garbage-truck-dongfeng-10m%C2%B3.html","title":{"rendered":"Caminh\u00e3o de lixo com p\u00e1 carregadeira Dongfeng 10m\u00b3"},"content":{"rendered":"<div style=\"width: 1920px;\" class=\"wp-video\"><!--[if lt IE 9]><script>document.createElement('video');<\/script><![endif]-->\n<video class=\"wp-video-shortcode\" id=\"video-4013-1\" width=\"1920\" height=\"1080\" preload=\"metadata\" controls=\"controls\"><source type=\"video\/mp4\" src=\"https:\/\/ac-truck.com\/wp-content\/uploads\/2025\/12\/\u538b\u7f29\u65e0\u6c34\u5370.mp4?_=1\" \/><a href=\"https:\/\/ac-truck.com\/wp-content\/uploads\/2025\/12\/\u538b\u7f29\u65e0\u6c34\u5370.mp4\">https:\/\/ac-truck.com\/wp-content\/uploads\/2025\/12\/\u538b\u7f29\u65e0\u6c34\u5370.mp4<\/a><\/video><\/div>\n<table>\n<tbody>\n<tr class=\"ue-table-interlace-color-single firstRow\">\n<td valign=\"top\" width=\"743\"><strong>Marca<\/strong><\/td>\n<td align=\"center\" valign=\"top\" width=\"743\"><a href=\"http:\/\/dongfeng.com\"><strong>Dong Feng<\/strong><\/a><\/td>\n<\/tr>\n<tr class=\"ue-table-interlace-color-double\">\n<td valign=\"top\" width=\"743\"><strong>\u00a0 Dimens\u00f5es totais (mm)<\/strong><\/td>\n<td align=\"center\" valign=\"top\" width=\"743\"><strong>9800\u00d72550\u00d73355<\/strong><\/td>\n<\/tr>\n<tr class=\"ue-table-interlace-color-single\">\n<td valign=\"top\" width=\"743\"><strong>\u00a0 Volume da caixa de coleta de lixo correspondente (m\u00b3)<\/strong><\/td>\n<td align=\"center\" valign=\"top\" width=\"743\"><strong>8-10<\/strong><\/td>\n<\/tr>\n<tr class=\"ue-table-interlace-color-double\">\n<td colspan=\"1\" rowspan=\"1\" valign=\"top\"><strong>\u00a0 Tempo de ciclo \u00fanico (s)<\/strong><\/td>\n<td colspan=\"1\" rowspan=\"1\" align=\"center\" valign=\"top\"><strong>Para cima e para baixo uma vez, tempo de ciclo de trabalho \u2264 60S<\/strong><\/td>\n<\/tr>\n<tr class=\"ue-table-interlace-color-single\">\n<td colspan=\"1\" rowspan=\"1\" valign=\"top\"><strong>\u00a0 Tempo de descarga (s)<\/strong><\/td>\n<td colspan=\"1\" rowspan=\"1\" align=\"center\" valign=\"top\"><strong>\u226440<\/strong><\/td>\n<\/tr>\n<tr class=\"ue-table-interlace-color-double\">\n<td colspan=\"1\" rowspan=\"1\" valign=\"top\"><strong>\u00a0 Configura\u00e7\u00e3o padr\u00e3o<\/strong><\/td>\n<td colspan=\"1\" rowspan=\"1\" align=\"center\" valign=\"top\"><strong>Cilindro de barra dupla, v\u00e1lvula multivias de controle hidr\u00e1ulico<\/strong><\/td>\n<\/tr>\n<tr class=\"ue-table-interlace-color-single\">\n<td colspan=\"1\" rowspan=\"1\" valign=\"top\"><strong>\u00a0 Sistema de controle<\/strong><\/td>\n<td colspan=\"1\" rowspan=\"1\" align=\"center\" valign=\"top\"><strong>Controle manual (opera\u00e7\u00e3o manual autom\u00e1tica opcional)<\/strong><\/td>\n<\/tr>\n<tr class=\"ue-table-interlace-color-double\">\n<td colspan=\"1\" rowspan=\"1\" valign=\"top\"><strong>\u00a0 Capacidade de carga nominal (kg)<\/strong><\/td>\n<td colspan=\"1\" rowspan=\"1\" align=\"center\" valign=\"top\"><strong>9620<\/strong><\/td>\n<\/tr>\n<tr class=\"ue-table-interlace-color-single\">\n<td colspan=\"1\" rowspan=\"1\" valign=\"top\"><strong>\u00a0 <a href=\"http:\/\/ac-truck.com\/pt\/\">Caixa de engrenagens<\/a><\/strong><\/td>\n<td colspan=\"1\" rowspan=\"1\" align=\"center\" valign=\"top\"><strong>Autom\u00e1tico de 8 velocidades<\/strong><\/td>\n<\/tr>\n<tr class=\"ue-table-interlace-color-double\">\n<td valign=\"top\" width=\"743\"><strong>\u00a0 Massa total (kg)<\/strong><\/td>\n<td align=\"center\" valign=\"top\" width=\"743\"><strong>16200<\/strong><\/td>\n<\/tr>\n<tr class=\"ue-table-interlace-color-single\">\n<td valign=\"top\" width=\"743\"><strong>\u00a0 Peso do meio-fio (kg)<\/strong><\/td>\n<td align=\"center\" valign=\"top\" width=\"743\"><strong>6450<\/strong><\/td>\n<\/tr>\n<tr class=\"ue-table-interlace-color-double\">\n<td colspan=\"1\" rowspan=\"1\" valign=\"top\"><strong>\u00a0 Velocidade m\u00e1xima (km\/h)<\/strong><\/td>\n<td colspan=\"1\" rowspan=\"1\" align=\"center\" valign=\"top\"><strong>105<\/strong><\/td>\n<\/tr>\n<tr class=\"ue-table-interlace-color-single\">\n<td colspan=\"1\" rowspan=\"1\" valign=\"top\"><strong>\u00a0 Especifica\u00e7\u00f5es dos pneus<\/strong><\/td>\n<td colspan=\"1\" rowspan=\"1\" align=\"center\" valign=\"top\"><strong>9,00R20 16PR<\/strong><\/td>\n<\/tr>\n<\/tbody>\n<\/table>\n<p><img fetchpriority=\"high\" decoding=\"async\" class=\"aligncenter wp-image-3967 size-full\" src=\"https:\/\/ac-truck.com\/wp-content\/uploads\/2025\/09\/6-250FQA100620.png\" alt=\"Diagrama de an\u00e1lise de cont\u00eaineres de salto\" width=\"1555\" height=\"1071\" srcset=\"https:\/\/ac-truck.com\/wp-content\/uploads\/2025\/09\/6-250FQA100620.png 1555w, https:\/\/ac-truck.com\/wp-content\/uploads\/2025\/09\/6-250FQA100620-300x207.png 300w, https:\/\/ac-truck.com\/wp-content\/uploads\/2025\/09\/6-250FQA100620-1024x705.png 1024w, https:\/\/ac-truck.com\/wp-content\/uploads\/2025\/09\/6-250FQA100620-768x529.png 768w, https:\/\/ac-truck.com\/wp-content\/uploads\/2025\/09\/6-250FQA100620-1536x1058.png 1536w, https:\/\/ac-truck.com\/wp-content\/uploads\/2025\/09\/6-250FQA100620-18x12.png 18w, https:\/\/ac-truck.com\/wp-content\/uploads\/2025\/09\/6-250FQA100620-600x413.png 600w, https:\/\/ac-truck.com\/wp-content\/uploads\/2025\/09\/6-250FQA100620-150x103.png 150w\" sizes=\"(max-width: 1555px) 100vw, 1555px\" \/> <img decoding=\"async\" class=\"aligncenter wp-image-3965 size-full\" src=\"https:\/\/ac-truck.com\/wp-content\/uploads\/2025\/09\/6-250FQ45533542.png\" alt=\"gr\u00e1fico de cena de cont\u00eaineres de salto\" width=\"1555\" height=\"2161\" srcset=\"https:\/\/ac-truck.com\/wp-content\/uploads\/2025\/09\/6-250FQ45533542.png 1555w, https:\/\/ac-truck.com\/wp-content\/uploads\/2025\/09\/6-250FQ45533542-216x300.png 216w, https:\/\/ac-truck.com\/wp-content\/uploads\/2025\/09\/6-250FQ45533542-737x1024.png 737w, https:\/\/ac-truck.com\/wp-content\/uploads\/2025\/09\/6-250FQ45533542-768x1067.png 768w, https:\/\/ac-truck.com\/wp-content\/uploads\/2025\/09\/6-250FQ45533542-1105x1536.png 1105w, https:\/\/ac-truck.com\/wp-content\/uploads\/2025\/09\/6-250FQ45533542-1474x2048.png 1474w, https:\/\/ac-truck.com\/wp-content\/uploads\/2025\/09\/6-250FQ45533542-9x12.png 9w, https:\/\/ac-truck.com\/wp-content\/uploads\/2025\/09\/6-250FQ45533542-600x834.png 600w, https:\/\/ac-truck.com\/wp-content\/uploads\/2025\/09\/6-250FQ45533542-150x208.png 150w\" sizes=\"(max-width: 1555px) 100vw, 1555px\" \/> <img decoding=\"async\" class=\"aligncenter wp-image-3966 size-full\" src=\"https:\/\/ac-truck.com\/wp-content\/uploads\/2025\/09\/6-250FQ45541553.png\" alt=\"Pe\u00e7as para cont\u00eaineres de lixo\" width=\"1555\" height=\"2039\" srcset=\"https:\/\/ac-truck.com\/wp-content\/uploads\/2025\/09\/6-250FQ45541553.png 1555w, https:\/\/ac-truck.com\/wp-content\/uploads\/2025\/09\/6-250FQ45541553-229x300.png 229w, https:\/\/ac-truck.com\/wp-content\/uploads\/2025\/09\/6-250FQ45541553-781x1024.png 781w, https:\/\/ac-truck.com\/wp-content\/uploads\/2025\/09\/6-250FQ45541553-768x1007.png 768w, https:\/\/ac-truck.com\/wp-content\/uploads\/2025\/09\/6-250FQ45541553-1171x1536.png 1171w, https:\/\/ac-truck.com\/wp-content\/uploads\/2025\/09\/6-250FQ45541553-9x12.png 9w, https:\/\/ac-truck.com\/wp-content\/uploads\/2025\/09\/6-250FQ45541553-600x787.png 600w, https:\/\/ac-truck.com\/wp-content\/uploads\/2025\/09\/6-250FQ45541553-150x197.png 150w\" sizes=\"(max-width: 1555px) 100vw, 1555px\" \/> <img loading=\"lazy\" decoding=\"async\" class=\"aligncenter wp-image-3964 size-full\" src=\"https:\/\/ac-truck.com\/wp-content\/uploads\/2025\/09\/6-250F2103405637.png\" alt=\"Processo de produ\u00e7\u00e3o de cont\u00eaineres de ca\u00e7amba\" width=\"1555\" height=\"2086\" srcset=\"https:\/\/ac-truck.com\/wp-content\/uploads\/2025\/09\/6-250F2103405637.png 1555w, https:\/\/ac-truck.com\/wp-content\/uploads\/2025\/09\/6-250F2103405637-224x300.png 224w, https:\/\/ac-truck.com\/wp-content\/uploads\/2025\/09\/6-250F2103405637-763x1024.png 763w, https:\/\/ac-truck.com\/wp-content\/uploads\/2025\/09\/6-250F2103405637-768x1030.png 768w, https:\/\/ac-truck.com\/wp-content\/uploads\/2025\/09\/6-250F2103405637-1145x1536.png 1145w, https:\/\/ac-truck.com\/wp-content\/uploads\/2025\/09\/6-250F2103405637-1527x2048.png 1527w, https:\/\/ac-truck.com\/wp-content\/uploads\/2025\/09\/6-250F2103405637-9x12.png 9w, https:\/\/ac-truck.com\/wp-content\/uploads\/2025\/09\/6-250F2103405637-600x805.png 600w, https:\/\/ac-truck.com\/wp-content\/uploads\/2025\/09\/6-250F2103405637-150x201.png 150w\" sizes=\"(max-width: 1555px) 100vw, 1555px\" \/><\/p>","protected":false},"excerpt":{"rendered":"<p>Brand name Dong Feng \u00a0 Overall Dimensions\uff08mm\uff09 9800\u00d72550\u00d73355 \u00a0 Matching garbage collection box volume (m\u00b3) 8-10 \u00a0 Single cycle time\uff08s\uff09<\/p>","protected":false},"featured_media":4019,"template":"","meta":[],"product_brand":[],"product_cat":[192],"product_tag":[203,204,205],"class_list":{"0":"post-4013","1":"product","2":"type-product","3":"status-publish","4":"has-post-thumbnail","6":"product_cat-garbage-trucks","7":"product_tag-dongfeng","8":"product_tag-skiploader","9":"product_tag-10m","11":"first","12":"instock","13":"shipping-taxable","14":"product-type-simple"},"_links":{"self":[{"href":"https:\/\/ac-truck.com\/pt\/wp-json\/wp\/v2\/product\/4013","targetHints":{"allow":["GET"]}}],"collection":[{"href":"https:\/\/ac-truck.com\/pt\/wp-json\/wp\/v2\/product"}],"about":[{"href":"https:\/\/ac-truck.com\/pt\/wp-json\/wp\/v2\/types\/product"}],"version-history":[{"count":2,"href":"https:\/\/ac-truck.com\/pt\/wp-json\/wp\/v2\/product\/4013\/revisions"}],"predecessor-version":[{"id":7924,"href":"https:\/\/ac-truck.com\/pt\/wp-json\/wp\/v2\/product\/4013\/revisions\/7924"}],"wp:featuredmedia":[{"embeddable":true,"href":"https:\/\/ac-truck.com\/pt\/wp-json\/wp\/v2\/media\/4019"}],"wp:attachment":[{"href":"https:\/\/ac-truck.com\/pt\/wp-json\/wp\/v2\/media?parent=4013"}],"wp:term":[{"taxonomy":"product_brand","embeddable":true,"href":"https:\/\/ac-truck.com\/pt\/wp-json\/wp\/v2\/product_brand?post=4013"},{"taxonomy":"product_cat","embeddable":true,"href":"https:\/\/ac-truck.com\/pt\/wp-json\/wp\/v2\/product_cat?post=4013"},{"taxonomy":"product_tag","embeddable":true,"href":"https:\/\/ac-truck.com\/pt\/wp-json\/wp\/v2\/product_tag?post=4013"}],"curies":[{"name":"wp","href":"https:\/\/api.w.org\/{rel}","templated":true}]}}