{"id":4201,"date":"2025-09-08T17:19:42","date_gmt":"2025-09-08T09:19:42","guid":{"rendered":"https:\/\/ac-truck.com\/?post_type=product&#038;p=4201"},"modified":"2025-09-08T17:19:43","modified_gmt":"2025-09-08T09:19:43","slug":"water-truck-12m%c2%b3-faw","status":"publish","type":"product","link":"https:\/\/ac-truck.com\/pt\/water-truck-12m%C2%B3-faw.html","title":{"rendered":"Caminh\u00e3o Pipa 12m\u00b3 FAW"},"content":{"rendered":"<table>\n<tbody>\n<tr class=\"firstRow\">\n<td valign=\"top\" width=\"672\"><strong>Marca do chassi<\/strong><\/td>\n<td align=\"center\" valign=\"top\" width=\"814\"><strong><a href=\"http:\/\/FAW.COM\">FAW<\/a>\u00a0<\/strong><\/td>\n<\/tr>\n<tr>\n<td colspan=\"1\" rowspan=\"1\" valign=\"top\" width=\"672\"><strong>Dimens\u00f5es gerais: C*L*A(mm)<\/strong><\/td>\n<td colspan=\"1\" rowspan=\"1\" align=\"center\" valign=\"top\" width=\"71\"><strong>8050*2500*3300<\/strong><\/td>\n<\/tr>\n<tr>\n<td colspan=\"1\" rowspan=\"1\" valign=\"top\" width=\"672\"><strong><a href=\"http:\/\/AC-TRUCK.COM\">Tanque de \u00e1gua<\/a> tamanho (mm)<\/strong><\/td>\n<td colspan=\"1\" rowspan=\"1\" align=\"center\" valign=\"top\" width=\"71\"><strong>4600*2350*1450<\/strong><\/td>\n<\/tr>\n<tr>\n<td colspan=\"1\" rowspan=\"1\" valign=\"top\" width=\"672\"><strong>Volume do tanque (L)<\/strong><\/td>\n<td colspan=\"1\" rowspan=\"1\" align=\"center\" valign=\"top\" width=\"71\"><strong>11000L<\/strong><\/td>\n<\/tr>\n<tr>\n<td colspan=\"1\" rowspan=\"1\" valign=\"top\" width=\"672\"><strong>Massa total (kg)<\/strong><\/td>\n<td colspan=\"1\" rowspan=\"1\" align=\"center\" valign=\"top\" width=\"71\"><strong>18000<\/strong><\/td>\n<\/tr>\n<tr>\n<td colspan=\"1\" rowspan=\"1\" valign=\"top\" width=\"672\"><strong>Massa do ve\u00edculo vazio (kg)<\/strong><\/td>\n<td colspan=\"1\" rowspan=\"1\" align=\"center\" valign=\"top\" width=\"71\"><strong>6910<\/strong><\/td>\n<\/tr>\n<tr>\n<td colspan=\"1\" rowspan=\"1\" valign=\"top\" width=\"672\"><strong>Massa de carga nominal (kg)<\/strong><\/td>\n<td colspan=\"1\" rowspan=\"1\" align=\"center\" valign=\"top\" width=\"71\"><strong>10960<\/strong><\/td>\n<\/tr>\n<tr>\n<td colspan=\"1\" rowspan=\"1\" valign=\"top\" width=\"672\"><strong>Dist\u00e2ncia entre eixos (mm)<\/strong><\/td>\n<td colspan=\"1\" rowspan=\"1\" align=\"center\" valign=\"top\" width=\"71\"><strong>5300<\/strong><\/td>\n<\/tr>\n<tr>\n<td colspan=\"1\" rowspan=\"1\" valign=\"top\" width=\"672\"><strong>Modelo do motor<\/strong><\/td>\n<td colspan=\"1\" rowspan=\"1\" align=\"center\" valign=\"top\" width=\"71\"><strong>CA6DH1-22E6, 165 kW<br \/>\n<\/strong><\/td>\n<\/tr>\n<tr>\n<td colspan=\"1\" rowspan=\"1\" valign=\"top\" width=\"672\"><strong>Cilindrada do motor (ml)<\/strong><\/td>\n<td colspan=\"1\" rowspan=\"1\" align=\"center\" valign=\"top\" width=\"71\"><strong>4800<\/strong><\/td>\n<\/tr>\n<tr>\n<td colspan=\"1\" rowspan=\"1\" valign=\"top\" width=\"672\"><strong>Caixa de engrenagens<\/strong><\/td>\n<td colspan=\"1\" rowspan=\"1\" align=\"center\" valign=\"top\" width=\"71\"><strong>CA6T138, 6 velocidades<\/strong><\/td>\n<\/tr>\n<tr>\n<td colspan=\"1\" rowspan=\"1\" valign=\"top\" width=\"672\"><strong>Eixos traseiros (T)<\/strong><\/td>\n<td colspan=\"1\" rowspan=\"1\" align=\"center\" valign=\"top\" width=\"71\"><strong>13<\/strong><\/td>\n<\/tr>\n<tr>\n<td colspan=\"1\" rowspan=\"1\" valign=\"top\" width=\"672\"><strong>Freio<\/strong><\/td>\n<td colspan=\"1\" rowspan=\"1\" align=\"center\" valign=\"top\" width=\"71\"><strong>Freio a ar<\/strong><\/td>\n<\/tr>\n<tr>\n<td colspan=\"1\" rowspan=\"1\" valign=\"top\" width=\"672\"><strong>Padr\u00f5es de emiss\u00e3o<\/strong><\/td>\n<td colspan=\"1\" rowspan=\"1\" align=\"center\" valign=\"top\" width=\"71\"><strong>Euro 6 (\u00e9 poss\u00edvel selecionar Euro 2~5)<\/strong><\/td>\n<\/tr>\n<tr>\n<td colspan=\"1\" rowspan=\"1\" valign=\"top\" width=\"672\"><strong>Alcance do canh\u00e3o de \u00e1gua (m)<\/strong><\/td>\n<td colspan=\"1\" rowspan=\"1\" align=\"center\" valign=\"top\" width=\"71\"><strong>30<\/strong><\/td>\n<\/tr>\n<tr>\n<td colspan=\"1\" rowspan=\"1\" valign=\"top\" width=\"672\"><strong>Largura do aspersor (m)<\/strong><\/td>\n<td colspan=\"1\" rowspan=\"1\" align=\"center\" valign=\"top\" width=\"71\"><strong>15<\/strong><\/td>\n<\/tr>\n<tr>\n<td colspan=\"1\" rowspan=\"1\" valign=\"top\" width=\"672\"><strong>Eleva\u00e7\u00e3o de suc\u00e7\u00e3o vertical (m)<\/strong><\/td>\n<td colspan=\"1\" rowspan=\"1\" align=\"center\" valign=\"top\" width=\"71\"><strong>7<\/strong><\/td>\n<\/tr>\n<tr>\n<td colspan=\"1\" rowspan=\"1\" valign=\"top\" width=\"672\"><strong>vaz\u00e3o da bomba de \u00e1gua (m\u00b3\/h)<\/strong><\/td>\n<td colspan=\"1\" rowspan=\"1\" align=\"center\" valign=\"top\" width=\"71\"><strong>20<\/strong><\/td>\n<\/tr>\n<tr>\n<td colspan=\"1\" rowspan=\"1\" valign=\"top\" width=\"672\"><strong>alcance da bomba de \u00e1gua (m)<\/strong><\/td>\n<td colspan=\"1\" rowspan=\"1\" align=\"center\" valign=\"top\" width=\"71\"><strong>30~35<\/strong><\/td>\n<\/tr>\n<tr>\n<td colspan=\"1\" rowspan=\"1\" valign=\"top\" width=\"672\"><strong>Tamanho do pneu<\/strong><\/td>\n<td colspan=\"1\" rowspan=\"1\" align=\"center\" valign=\"top\" width=\"71\"><strong>10,00R20<\/strong><\/td>\n<\/tr>\n<tr>\n<td colspan=\"1\" rowspan=\"1\" valign=\"top\" width=\"672\"><strong>Configura\u00e7\u00e3o padr\u00e3o:<\/strong><\/td>\n<td colspan=\"1\" rowspan=\"1\" align=\"center\" valign=\"top\" width=\"71\"><strong>O corpo do tanque \u00e9 feito de a\u00e7o de alta qualidade de 4 mm, com bomba de aspers\u00e3o, canh\u00e3o de aspers\u00e3o, plataforma de trabalho, tomada de for\u00e7a, descarga frontal, aspersor traseiro, bico universal, v\u00e1lvula de gravidade, filtro, v\u00e1lvula de distribui\u00e7\u00e3o, cabe\u00e7ote de aspers\u00e3o, com fun\u00e7\u00e3o autoescorvante e autodrenagem.<\/strong><\/td>\n<\/tr>\n<tr>\n<td colspan=\"1\" rowspan=\"1\" valign=\"top\" width=\"672\"><strong>Equipamento opcional:<\/strong><\/td>\n<td colspan=\"1\" rowspan=\"1\" align=\"center\" valign=\"top\" width=\"71\"><strong>Bandeja de pulveriza\u00e7\u00e3o de po\u00e7\u00e3o, bomba de po\u00e7\u00e3o, anticorros\u00e3o e antiferrugem dentro do tanque de \u00e1gua, juntas multidirecionais de entrada e sa\u00edda de \u00e1gua, v\u00e1lvulas solenoides, v\u00e1lvulas pneum\u00e1ticas, etc. para atender \u00e0s necessidades de diferentes usu\u00e1rios.<\/strong><\/td>\n<\/tr>\n<\/tbody>\n<\/table>\n<p><img fetchpriority=\"high\" decoding=\"async\" class=\"aligncenter wp-image-4180\" src=\"https:\/\/ac-truck.com\/wp-content\/uploads\/2025\/09\/6-250320154049D4-scaled.png\" alt=\"Water truck working diagram\" width=\"1242\" height=\"4555\" srcset=\"https:\/\/ac-truck.com\/wp-content\/uploads\/2025\/09\/6-250320154049D4-scaled.png 698w, https:\/\/ac-truck.com\/wp-content\/uploads\/2025\/09\/6-250320154049D4-82x300.png 82w, https:\/\/ac-truck.com\/wp-content\/uploads\/2025\/09\/6-250320154049D4-279x1024.png 279w, https:\/\/ac-truck.com\/wp-content\/uploads\/2025\/09\/6-250320154049D4-768x2818.png 768w, https:\/\/ac-truck.com\/wp-content\/uploads\/2025\/09\/6-250320154049D4-419x1536.png 419w, https:\/\/ac-truck.com\/wp-content\/uploads\/2025\/09\/6-250320154049D4-3x12.png 3w, https:\/\/ac-truck.com\/wp-content\/uploads\/2025\/09\/6-250320154049D4-600x2201.png 600w, https:\/\/ac-truck.com\/wp-content\/uploads\/2025\/09\/6-250320154049D4-150x550.png 150w\" sizes=\"(max-width: 1242px) 100vw, 1242px\" \/> <img decoding=\"async\" class=\"aligncenter wp-image-4181\" src=\"https:\/\/ac-truck.com\/wp-content\/uploads\/2025\/09\/6-250320154320W8-scaled.png\" alt=\"Water truck structure diagram\" width=\"1242\" height=\"4760\" srcset=\"https:\/\/ac-truck.com\/wp-content\/uploads\/2025\/09\/6-250320154320W8-scaled.png 668w, https:\/\/ac-truck.com\/wp-content\/uploads\/2025\/09\/6-250320154320W8-78x300.png 78w, https:\/\/ac-truck.com\/wp-content\/uploads\/2025\/09\/6-250320154320W8-267x1024.png 267w, https:\/\/ac-truck.com\/wp-content\/uploads\/2025\/09\/6-250320154320W8-768x2944.png 768w, https:\/\/ac-truck.com\/wp-content\/uploads\/2025\/09\/6-250320154320W8-401x1536.png 401w, https:\/\/ac-truck.com\/wp-content\/uploads\/2025\/09\/6-250320154320W8-534x2048.png 534w, https:\/\/ac-truck.com\/wp-content\/uploads\/2025\/09\/6-250320154320W8-3x12.png 3w, https:\/\/ac-truck.com\/wp-content\/uploads\/2025\/09\/6-250320154320W8-600x2300.png 600w, https:\/\/ac-truck.com\/wp-content\/uploads\/2025\/09\/6-250320154320W8-150x575.png 150w\" sizes=\"(max-width: 1242px) 100vw, 1242px\" \/><\/p>","protected":false},"excerpt":{"rendered":"<p>Chassis brand FAW\u00a0 Overall dimensions: L*W*H(mm) 8050*2500*3300 Water tank size(mm) 4600*2350*1450 Tank volume(L) 11000L Total mass(kg) 18000 Empty vehicle mass(kg)<\/p>","protected":false},"featured_media":4208,"template":"","meta":[],"product_brand":[221],"product_cat":[191],"product_tag":[214,219,222],"class_list":{"0":"post-4201","1":"product","2":"type-product","3":"status-publish","4":"has-post-thumbnail","6":"product_brand-faw","7":"product_cat-water-trucks","8":"product_tag-water-truck","9":"product_tag-sprinkler-truck","10":"product_tag-12m","12":"first","13":"instock","14":"shipping-taxable","15":"product-type-simple"},"_links":{"self":[{"href":"https:\/\/ac-truck.com\/pt\/wp-json\/wp\/v2\/product\/4201","targetHints":{"allow":["GET"]}}],"collection":[{"href":"https:\/\/ac-truck.com\/pt\/wp-json\/wp\/v2\/product"}],"about":[{"href":"https:\/\/ac-truck.com\/pt\/wp-json\/wp\/v2\/types\/product"}],"version-history":[{"count":1,"href":"https:\/\/ac-truck.com\/pt\/wp-json\/wp\/v2\/product\/4201\/revisions"}],"predecessor-version":[{"id":4209,"href":"https:\/\/ac-truck.com\/pt\/wp-json\/wp\/v2\/product\/4201\/revisions\/4209"}],"wp:featuredmedia":[{"embeddable":true,"href":"https:\/\/ac-truck.com\/pt\/wp-json\/wp\/v2\/media\/4208"}],"wp:attachment":[{"href":"https:\/\/ac-truck.com\/pt\/wp-json\/wp\/v2\/media?parent=4201"}],"wp:term":[{"taxonomy":"product_brand","embeddable":true,"href":"https:\/\/ac-truck.com\/pt\/wp-json\/wp\/v2\/product_brand?post=4201"},{"taxonomy":"product_cat","embeddable":true,"href":"https:\/\/ac-truck.com\/pt\/wp-json\/wp\/v2\/product_cat?post=4201"},{"taxonomy":"product_tag","embeddable":true,"href":"https:\/\/ac-truck.com\/pt\/wp-json\/wp\/v2\/product_tag?post=4201"}],"curies":[{"name":"wp","href":"https:\/\/api.w.org\/{rel}","templated":true}]}}