{"id":4220,"date":"2025-09-09T10:01:20","date_gmt":"2025-09-09T02:01:20","guid":{"rendered":"https:\/\/ac-truck.com\/?post_type=product&#038;p=4220"},"modified":"2025-09-09T10:01:20","modified_gmt":"2025-09-09T02:01:20","slug":"truck-mounted-sweepers-isuzu-600p","status":"publish","type":"product","link":"https:\/\/ac-truck.com\/pt\/truck-mounted-sweepers-isuzu-600p.html","title":{"rendered":"Varredoras montadas em caminh\u00e3o ISUZU 600P"},"content":{"rendered":"<table>\n<tbody>\n<tr class=\"firstRow\">\n<td valign=\"top\" width=\"743\"><strong><a href=\"http:\/\/ac-truck.com\/pt\/\">Caminh\u00e3o<\/a> Marca<\/strong><\/td>\n<td align=\"center\" valign=\"top\" width=\"743\"><a href=\"http:\/\/isuzu.com\"><strong>ISUZU<\/strong><\/a><\/td>\n<\/tr>\n<tr>\n<td valign=\"top\" width=\"743\"><strong>Dimens\u00f5es totais (mm)<\/strong><\/td>\n<td align=\"center\" valign=\"top\" width=\"743\"><strong>6180X2000X2600<\/strong><\/td>\n<\/tr>\n<tr>\n<td valign=\"top\" width=\"743\"><strong>Massa total (kg)<\/strong><\/td>\n<td align=\"center\" valign=\"top\" width=\"743\"><strong>7300<br \/>\n<\/strong><\/td>\n<\/tr>\n<tr>\n<td valign=\"top\" width=\"743\"><strong>Peso bruto (kg)<\/strong><\/td>\n<td align=\"center\" valign=\"top\" width=\"743\"><strong>5700<\/strong><\/td>\n<\/tr>\n<tr>\n<td valign=\"top\" width=\"743\"><strong>Capacidade do tanque de \u00e1gua doce (L)<\/strong><\/td>\n<td align=\"center\" valign=\"top\" width=\"743\"><strong>1000<br \/>\n<\/strong><\/td>\n<\/tr>\n<tr>\n<td valign=\"top\" width=\"743\"><strong>Volume da caixa de p\u00f3 (L)<\/strong><\/td>\n<td align=\"center\" valign=\"top\" width=\"743\"><strong>5000<\/strong><\/td>\n<\/tr>\n<tr>\n<td colspan=\"1\" rowspan=\"1\" valign=\"top\"><strong>Di\u00e2metro m\u00e1ximo de suc\u00e7\u00e3o (mm)<\/strong><\/td>\n<td colspan=\"1\" rowspan=\"1\" align=\"center\" valign=\"top\"><strong>70<\/strong><\/td>\n<\/tr>\n<tr>\n<td valign=\"top\" width=\"743\"><strong>Limpeza do disco principal (m)<\/strong><\/td>\n<td align=\"center\" valign=\"top\" width=\"743\"><strong>1.9<br \/>\n<\/strong><\/td>\n<\/tr>\n<tr>\n<td colspan=\"1\" rowspan=\"1\" valign=\"top\"><strong>N\u00famero de discos escaneados<\/strong><\/td>\n<td colspan=\"1\" rowspan=\"1\" align=\"center\" valign=\"top\"><strong>2<\/strong><\/td>\n<\/tr>\n<tr>\n<td colspan=\"1\" rowspan=\"1\" valign=\"top\"><strong>Posi\u00e7\u00e3o da ventosa<\/strong><\/td>\n<td colspan=\"1\" rowspan=\"1\" align=\"center\" valign=\"top\"><strong>montado no meio<\/strong><\/td>\n<\/tr>\n<tr>\n<td valign=\"top\" width=\"743\"><strong>Capacidade M\u00e1xima de Limpeza(<\/strong><strong>\u33a1<\/strong><strong>\/h)<\/strong><\/td>\n<td align=\"center\" valign=\"top\" width=\"743\"><strong>\u226560.000<\/strong><\/td>\n<\/tr>\n<tr>\n<td valign=\"top\" width=\"743\"><strong>Press\u00e3o da \u00e1gua de limpeza (Mpa)<\/strong><\/td>\n<td align=\"center\" valign=\"top\" width=\"743\"><strong>16<\/strong><\/td>\n<\/tr>\n<tr>\n<td valign=\"top\" width=\"743\"><strong>Fluxo da bomba de \u00e1gua (L\/min)<\/strong><\/td>\n<td align=\"center\" valign=\"top\" width=\"743\"><strong>122<\/strong><\/td>\n<\/tr>\n<tr>\n<td colspan=\"1\" rowspan=\"1\" valign=\"top\"><strong>Pot\u00eancia do motor (kw)<\/strong><\/td>\n<td colspan=\"1\" rowspan=\"1\" align=\"center\" valign=\"top\"><strong>120<\/strong><\/td>\n<\/tr>\n<tr>\n<td colspan=\"1\" rowspan=\"1\" valign=\"top\"><strong>Cilindrada do motor (ml)<\/strong><\/td>\n<td colspan=\"1\" rowspan=\"1\" align=\"center\" valign=\"top\"><strong>2999<\/strong><\/td>\n<\/tr>\n<tr>\n<td colspan=\"1\" rowspan=\"1\" valign=\"top\"><strong>Dist\u00e2ncia entre eixos (mm)<\/strong><\/td>\n<td colspan=\"1\" rowspan=\"1\" align=\"center\" valign=\"top\"><strong>3360<\/strong><\/td>\n<\/tr>\n<tr>\n<td colspan=\"1\" rowspan=\"1\" valign=\"top\"><strong>freio<\/strong><\/td>\n<td colspan=\"1\" rowspan=\"1\" align=\"center\" valign=\"top\"><strong>Freio a ar<\/strong><\/td>\n<\/tr>\n<tr>\n<td colspan=\"1\" rowspan=\"1\" valign=\"top\"><strong>Tamanho do pneu<\/strong><\/td>\n<td colspan=\"1\" rowspan=\"1\" align=\"center\" valign=\"top\"><strong>7,00R16 14PR<\/strong><\/td>\n<\/tr>\n<\/tbody>\n<\/table>\n<p><img fetchpriority=\"high\" decoding=\"async\" class=\"aligncenter wp-image-4228 size-full\" src=\"https:\/\/ac-truck.com\/wp-content\/uploads\/2025\/09\/6-250402144102930.png\" alt=\"Road sweeper analysis diagram\" width=\"1242\" height=\"827\" srcset=\"https:\/\/ac-truck.com\/wp-content\/uploads\/2025\/09\/6-250402144102930.png 1242w, https:\/\/ac-truck.com\/wp-content\/uploads\/2025\/09\/6-250402144102930-300x200.png 300w, https:\/\/ac-truck.com\/wp-content\/uploads\/2025\/09\/6-250402144102930-1024x682.png 1024w, https:\/\/ac-truck.com\/wp-content\/uploads\/2025\/09\/6-250402144102930-768x511.png 768w, https:\/\/ac-truck.com\/wp-content\/uploads\/2025\/09\/6-250402144102930-18x12.png 18w, https:\/\/ac-truck.com\/wp-content\/uploads\/2025\/09\/6-250402144102930-600x400.png 600w, https:\/\/ac-truck.com\/wp-content\/uploads\/2025\/09\/6-250402144102930-150x100.png 150w\" sizes=\"(max-width: 1242px) 100vw, 1242px\" \/> <img decoding=\"async\" class=\"aligncenter wp-image-4229 size-full\" src=\"https:\/\/ac-truck.com\/wp-content\/uploads\/2025\/09\/6-250402144320943.png\" alt=\"Road sweeper working scene picture\" width=\"1242\" height=\"2399\" srcset=\"https:\/\/ac-truck.com\/wp-content\/uploads\/2025\/09\/6-250402144320943.png 1242w, https:\/\/ac-truck.com\/wp-content\/uploads\/2025\/09\/6-250402144320943-155x300.png 155w, https:\/\/ac-truck.com\/wp-content\/uploads\/2025\/09\/6-250402144320943-530x1024.png 530w, https:\/\/ac-truck.com\/wp-content\/uploads\/2025\/09\/6-250402144320943-768x1483.png 768w, https:\/\/ac-truck.com\/wp-content\/uploads\/2025\/09\/6-250402144320943-795x1536.png 795w, https:\/\/ac-truck.com\/wp-content\/uploads\/2025\/09\/6-250402144320943-1060x2048.png 1060w, https:\/\/ac-truck.com\/wp-content\/uploads\/2025\/09\/6-250402144320943-6x12.png 6w, https:\/\/ac-truck.com\/wp-content\/uploads\/2025\/09\/6-250402144320943-600x1159.png 600w, https:\/\/ac-truck.com\/wp-content\/uploads\/2025\/09\/6-250402144320943-150x290.png 150w\" sizes=\"(max-width: 1242px) 100vw, 1242px\" \/><\/p>","protected":false},"excerpt":{"rendered":"<p>Truck Brand ISUZU Overall dimensions(mm) 6180X2000X2600 Total mass (kg) 7300 Curb weight (kg) 5700 Fresh Water Tank Capacity(L) 1000 Dust<\/p>","protected":false},"featured_media":4227,"template":"","meta":[],"product_brand":[213],"product_cat":[193],"product_tag":[224,225,226],"class_list":{"0":"post-4220","1":"product","2":"type-product","3":"status-publish","4":"has-post-thumbnail","6":"product_brand-isuzu","7":"product_cat-road-sweeper","8":"product_tag-truck-mounted-sweepers","9":"product_tag-road-sweeper","10":"product_tag-5m","12":"first","13":"instock","14":"shipping-taxable","15":"product-type-simple"},"_links":{"self":[{"href":"https:\/\/ac-truck.com\/pt\/wp-json\/wp\/v2\/product\/4220","targetHints":{"allow":["GET"]}}],"collection":[{"href":"https:\/\/ac-truck.com\/pt\/wp-json\/wp\/v2\/product"}],"about":[{"href":"https:\/\/ac-truck.com\/pt\/wp-json\/wp\/v2\/types\/product"}],"version-history":[{"count":1,"href":"https:\/\/ac-truck.com\/pt\/wp-json\/wp\/v2\/product\/4220\/revisions"}],"predecessor-version":[{"id":4230,"href":"https:\/\/ac-truck.com\/pt\/wp-json\/wp\/v2\/product\/4220\/revisions\/4230"}],"wp:featuredmedia":[{"embeddable":true,"href":"https:\/\/ac-truck.com\/pt\/wp-json\/wp\/v2\/media\/4227"}],"wp:attachment":[{"href":"https:\/\/ac-truck.com\/pt\/wp-json\/wp\/v2\/media?parent=4220"}],"wp:term":[{"taxonomy":"product_brand","embeddable":true,"href":"https:\/\/ac-truck.com\/pt\/wp-json\/wp\/v2\/product_brand?post=4220"},{"taxonomy":"product_cat","embeddable":true,"href":"https:\/\/ac-truck.com\/pt\/wp-json\/wp\/v2\/product_cat?post=4220"},{"taxonomy":"product_tag","embeddable":true,"href":"https:\/\/ac-truck.com\/pt\/wp-json\/wp\/v2\/product_tag?post=4220"}],"curies":[{"name":"wp","href":"https:\/\/api.w.org\/{rel}","templated":true}]}}