{"id":4468,"date":"2025-09-13T15:37:34","date_gmt":"2025-09-13T07:37:34","guid":{"rendered":"https:\/\/ac-truck.com\/?post_type=product&#038;p=4468"},"modified":"2025-09-13T15:48:19","modified_gmt":"2025-09-13T07:48:19","slug":"airport-fire-truck-man-6x6","status":"publish","type":"product","link":"https:\/\/ac-truck.com\/pt\/airport-fire-truck-man-6x6.html","title":{"rendered":"Cami\u00e3o de bombeiros do aeroporto MAN 6X6"},"content":{"rendered":"<table data-sort=\"sortDisabled\">\n<tbody>\n<tr class=\"firstRow\">\n<td colspan=\"1\" rowspan=\"1\" align=\"center\" valign=\"top\"><strong>Modelo de chassis<\/strong><\/td>\n<td colspan=\"1\" rowspan=\"1\" align=\"center\" valign=\"top\"><a href=\"http:\/\/man.com\">MAN<\/a> TGS 33.510 6\u00d76 all-wheel drive<\/td>\n<\/tr>\n<tr>\n<td colspan=\"1\" rowspan=\"1\" align=\"center\" valign=\"top\"><strong>Modelo\/tipo de motor<\/strong><\/td>\n<td colspan=\"1\" rowspan=\"1\" align=\"center\" valign=\"top\">D2676LF98\/motor diesel turboalimentado de 6 cilindros em linha com intercooler<\/td>\n<\/tr>\n<tr>\n<td colspan=\"1\" rowspan=\"1\" align=\"center\" valign=\"top\"><strong>Deslocamento<\/strong><\/td>\n<td colspan=\"1\" rowspan=\"1\" align=\"center\" valign=\"top\">12.4 liters<\/td>\n<\/tr>\n<tr>\n<td colspan=\"1\" rowspan=\"1\" align=\"center\" valign=\"top\"><strong>Pot\u00eancia l\u00edquida m\u00e1xima do motor<\/strong><\/td>\n<td colspan=\"1\" rowspan=\"1\" align=\"center\" valign=\"top\">375 kW\/510 hp<\/td>\n<\/tr>\n<tr>\n<td colspan=\"1\" rowspan=\"1\" align=\"center\" valign=\"top\"><strong>Bin\u00e1rio m\u00e1ximo do motor<\/strong><\/td>\n<td colspan=\"1\" rowspan=\"1\" align=\"center\" valign=\"top\">2600Nm\/930-1350rpm<\/td>\n<\/tr>\n<tr>\n<td colspan=\"1\" rowspan=\"1\" align=\"center\" valign=\"top\"><strong>Velocidade m\u00e1xima de carga total<\/strong><\/td>\n<td colspan=\"1\" rowspan=\"1\" align=\"center\" valign=\"top\">100km\/h<\/td>\n<\/tr>\n<tr>\n<td colspan=\"1\" rowspan=\"1\" align=\"center\" valign=\"top\"><strong>Emiss\u00e3o<\/strong><\/td>\n<td colspan=\"1\" rowspan=\"1\" align=\"center\" valign=\"top\">Euro VI<\/td>\n<\/tr>\n<tr>\n<td align=\"center\" valign=\"top\" width=\"760\"><strong>Transmiss\u00e3o<\/strong><\/td>\n<td align=\"center\" valign=\"top\" width=\"760\">Transmiss\u00e3o manual MAN TipMatic\u00ae, disposi\u00e7\u00e3o das engrenagens: 12 velocidades para a frente + 2 velocidades para tr\u00e1s, caixa de transfer\u00eancia: G172<\/td>\n<\/tr>\n<tr>\n<td align=\"center\" valign=\"top\" width=\"760\"><strong>Dist\u00e2ncia entre eixos<\/strong><\/td>\n<td align=\"center\" valign=\"top\" width=\"760\">4200mm+1400mm<\/td>\n<\/tr>\n<tr>\n<td align=\"center\" valign=\"top\" width=\"760\"><strong>Desempenho de acelera\u00e7\u00e3o<\/strong><\/td>\n<td align=\"center\" valign=\"top\" width=\"760\">carga total 0~80 km\/h tempo de acelera\u00e7\u00e3o \u226435 segundos<\/td>\n<\/tr>\n<tr>\n<td align=\"center\" valign=\"top\" width=\"760\"><strong>Capacidade l\u00edquida<\/strong><\/td>\n<td align=\"center\" valign=\"top\" width=\"760\">\u00e1gua 11000L, espuma 2000L<\/td>\n<\/tr>\n<tr>\n<td align=\"center\" valign=\"top\" width=\"760\"><a href=\"https:\/\/ac-truck.com\/pt\/product-category\/emergency-rescue\/fire-trucks.html\/\"><strong>Bomba de inc\u00eandio<\/strong><\/a><\/td>\n<td align=\"center\" valign=\"top\" width=\"760\">Bomba de inc\u00eandio USA Hill CB10\/100-RSD<\/td>\n<\/tr>\n<tr>\n<td align=\"center\" valign=\"top\" width=\"760\"><strong>Fluxo da bomba<\/strong><\/td>\n<td align=\"center\" valign=\"top\" width=\"760\">6000L\/min, press\u00e3o: 1,0MPa<\/td>\n<\/tr>\n<tr>\n<td align=\"center\" valign=\"top\" width=\"760\"><strong>Canh\u00e3o de fogo de telhado<\/strong><\/td>\n<td align=\"center\" valign=\"top\" width=\"760\">Canh\u00e3o de inc\u00eandio el\u00e9trico de teto com comando \u00e0 dist\u00e2ncia USA Elk PLKD10\/80-7200EXM<\/td>\n<\/tr>\n<tr>\n<td align=\"center\" valign=\"top\" width=\"760\"><strong>Campo de tiro de canh\u00e3o de telhado<\/strong><\/td>\n<td align=\"center\" valign=\"top\" width=\"760\">\u00e1gua \u226585m, espuma \u226575m<\/td>\n<\/tr>\n<tr>\n<td align=\"center\" valign=\"top\" width=\"760\"><strong>Canh\u00e3o de fogo frontal<\/strong><\/td>\n<td align=\"center\" valign=\"top\" width=\"760\">Canh\u00e3o de fogo frontal el\u00e9trico com comando \u00e0 dist\u00e2ncia USA Elk PLKD10\/24-7100EXM<\/td>\n<\/tr>\n<tr>\n<td align=\"center\" valign=\"top\" width=\"760\"><strong>Campo de tiro de canh\u00e3o frontal<\/strong><\/td>\n<td align=\"center\" valign=\"top\" width=\"760\">\u00e1gua \u226555m, espuma \u226542m<\/td>\n<\/tr>\n<tr>\n<td colspan=\"2\" rowspan=\"1\" align=\"center\" valign=\"top\"><strong>outro<\/strong>O principal cami\u00e3o de bombeiros de espuma do aeroporto foi concebido de forma inovadora, combinando conceitos avan\u00e7ados de design nacionais e internacionais com as necessidades reais de combate a inc\u00eandios.<\/p>\n<p>Todo o ve\u00edculo possui m\u00faltiplas medidas de prote\u00e7\u00e3o de seguran\u00e7a, e os seus par\u00e2metros t\u00e9cnicos e de desempenho est\u00e3o num n\u00edvel avan\u00e7ado.<\/p>\n<p>Utiliza um chassis off-road Mercedes-Benz 6x6 com tra\u00e7\u00e3o \u00e0s quatro rodas, tem uma grande capacidade de fluido e est\u00e1 equipado com um sistema de espuma convencional Classe B, especialmente desenvolvido para combater inc\u00eandios de Classe A e Classe B em aeroportos. O ve\u00edculo apresenta um excelente desempenho de acelera\u00e7\u00e3o (tempo de acelera\u00e7\u00e3o dos 0 aos 80 km\/h com mudan\u00e7a cont\u00ednua de velocidades \u2264 35 segundos) e o habit\u00e1culo possui um sistema de controlo r\u00e1pido de \u00e1gua e espuma com um bot\u00e3o; a carro\u00e7aria totalmente em liga de alum\u00ednio \u00e9 leve, altamente resistente e resistente \u00e0 corros\u00e3o. Pode transportar uma variedade de equipamentos de resgate de emerg\u00eancia; \u00e9 a primeira escolha para a extin\u00e7\u00e3o de inc\u00eandios em aeroportos.<\/td>\n<\/tr>\n<\/tbody>\n<\/table>\n<p><img fetchpriority=\"high\" decoding=\"async\" class=\"aligncenter wp-image-4718 size-full\" src=\"https:\/\/ac-truck.com\/wp-content\/uploads\/2025\/09\/6-250F111125X09.jpg\" alt=\"cami\u00e3o de bombeiros\" width=\"1400\" height=\"766\" srcset=\"https:\/\/ac-truck.com\/wp-content\/uploads\/2025\/09\/6-250F111125X09.jpg 1400w, https:\/\/ac-truck.com\/wp-content\/uploads\/2025\/09\/6-250F111125X09-300x164.jpg 300w, https:\/\/ac-truck.com\/wp-content\/uploads\/2025\/09\/6-250F111125X09-1024x560.jpg 1024w, https:\/\/ac-truck.com\/wp-content\/uploads\/2025\/09\/6-250F111125X09-768x420.jpg 768w, https:\/\/ac-truck.com\/wp-content\/uploads\/2025\/09\/6-250F111125X09-18x10.jpg 18w, https:\/\/ac-truck.com\/wp-content\/uploads\/2025\/09\/6-250F111125X09-600x328.jpg 600w, https:\/\/ac-truck.com\/wp-content\/uploads\/2025\/09\/6-250F111125X09-150x82.jpg 150w\" sizes=\"(max-width: 1400px) 100vw, 1400px\" \/> <img decoding=\"async\" class=\"aligncenter wp-image-4720\" src=\"https:\/\/ac-truck.com\/wp-content\/uploads\/2025\/09\/6-250F11113032S.png\" alt=\"Fire truck key components\" width=\"1400\" height=\"1316\" srcset=\"https:\/\/ac-truck.com\/wp-content\/uploads\/2025\/09\/6-250F11113032S.png 1230w, https:\/\/ac-truck.com\/wp-content\/uploads\/2025\/09\/6-250F11113032S-300x282.png 300w, https:\/\/ac-truck.com\/wp-content\/uploads\/2025\/09\/6-250F11113032S-1024x962.png 1024w, https:\/\/ac-truck.com\/wp-content\/uploads\/2025\/09\/6-250F11113032S-768x722.png 768w, https:\/\/ac-truck.com\/wp-content\/uploads\/2025\/09\/6-250F11113032S-13x12.png 13w, https:\/\/ac-truck.com\/wp-content\/uploads\/2025\/09\/6-250F11113032S-600x564.png 600w, https:\/\/ac-truck.com\/wp-content\/uploads\/2025\/09\/6-250F11113032S-150x141.png 150w\" sizes=\"(max-width: 1400px) 100vw, 1400px\" \/> <img decoding=\"async\" class=\"aligncenter wp-image-4719\" src=\"https:\/\/ac-truck.com\/wp-content\/uploads\/2025\/09\/6-250F111130W19.png\" alt=\"Fire truck key components\" width=\"1400\" height=\"1298\" srcset=\"https:\/\/ac-truck.com\/wp-content\/uploads\/2025\/09\/6-250F111130W19.png 1230w, https:\/\/ac-truck.com\/wp-content\/uploads\/2025\/09\/6-250F111130W19-300x278.png 300w, https:\/\/ac-truck.com\/wp-content\/uploads\/2025\/09\/6-250F111130W19-1024x949.png 1024w, https:\/\/ac-truck.com\/wp-content\/uploads\/2025\/09\/6-250F111130W19-768x712.png 768w, https:\/\/ac-truck.com\/wp-content\/uploads\/2025\/09\/6-250F111130W19-13x12.png 13w, https:\/\/ac-truck.com\/wp-content\/uploads\/2025\/09\/6-250F111130W19-600x556.png 600w, https:\/\/ac-truck.com\/wp-content\/uploads\/2025\/09\/6-250F111130W19-150x139.png 150w\" sizes=\"(max-width: 1400px) 100vw, 1400px\" \/> <img loading=\"lazy\" decoding=\"async\" class=\"aligncenter wp-image-4721\" src=\"https:\/\/ac-truck.com\/wp-content\/uploads\/2025\/09\/6-250F11113131Y.png\" alt=\"Fire truck key components\" width=\"1400\" height=\"1298\" srcset=\"https:\/\/ac-truck.com\/wp-content\/uploads\/2025\/09\/6-250F11113131Y.png 1230w, https:\/\/ac-truck.com\/wp-content\/uploads\/2025\/09\/6-250F11113131Y-300x278.png 300w, https:\/\/ac-truck.com\/wp-content\/uploads\/2025\/09\/6-250F11113131Y-1024x949.png 1024w, https:\/\/ac-truck.com\/wp-content\/uploads\/2025\/09\/6-250F11113131Y-768x712.png 768w, https:\/\/ac-truck.com\/wp-content\/uploads\/2025\/09\/6-250F11113131Y-13x12.png 13w, https:\/\/ac-truck.com\/wp-content\/uploads\/2025\/09\/6-250F11113131Y-600x556.png 600w, https:\/\/ac-truck.com\/wp-content\/uploads\/2025\/09\/6-250F11113131Y-150x139.png 150w\" sizes=\"(max-width: 1400px) 100vw, 1400px\" \/> <img loading=\"lazy\" decoding=\"async\" class=\"aligncenter wp-image-4722 size-full\" src=\"https:\/\/ac-truck.com\/wp-content\/uploads\/2025\/09\/6-2506301K125131.jpg\" alt=\"Fire truck operation panel\" width=\"1400\" height=\"852\" srcset=\"https:\/\/ac-truck.com\/wp-content\/uploads\/2025\/09\/6-2506301K125131.jpg 1400w, https:\/\/ac-truck.com\/wp-content\/uploads\/2025\/09\/6-2506301K125131-300x183.jpg 300w, https:\/\/ac-truck.com\/wp-content\/uploads\/2025\/09\/6-2506301K125131-1024x623.jpg 1024w, https:\/\/ac-truck.com\/wp-content\/uploads\/2025\/09\/6-2506301K125131-768x467.jpg 768w, https:\/\/ac-truck.com\/wp-content\/uploads\/2025\/09\/6-2506301K125131-18x12.jpg 18w, https:\/\/ac-truck.com\/wp-content\/uploads\/2025\/09\/6-2506301K125131-600x365.jpg 600w, https:\/\/ac-truck.com\/wp-content\/uploads\/2025\/09\/6-2506301K125131-150x91.jpg 150w\" sizes=\"(max-width: 1400px) 100vw, 1400px\" \/><\/p>","protected":false},"excerpt":{"rendered":"<p>Chassis model MAN TGS 33.510 6\u00d76 all-wheel drive Engine model\/type D2676LF98\/inline 6-cylinder turbocharged intercooled diesel engine Displacement 12.4 liters Engine<\/p>","protected":false},"featured_media":4723,"template":"","meta":[],"product_brand":[257],"product_cat":[182],"product_tag":[258,259,260],"class_list":{"0":"post-4468","1":"product","2":"type-product","3":"status-publish","4":"has-post-thumbnail","6":"product_brand-man","7":"product_cat-fire-trucks","8":"product_tag-airport-fire-truck","9":"product_tag-fire-truck","10":"product_tag-6x6","12":"first","13":"instock","14":"shipping-taxable","15":"product-type-simple"},"_links":{"self":[{"href":"https:\/\/ac-truck.com\/pt\/wp-json\/wp\/v2\/product\/4468","targetHints":{"allow":["GET"]}}],"collection":[{"href":"https:\/\/ac-truck.com\/pt\/wp-json\/wp\/v2\/product"}],"about":[{"href":"https:\/\/ac-truck.com\/pt\/wp-json\/wp\/v2\/types\/product"}],"version-history":[{"count":2,"href":"https:\/\/ac-truck.com\/pt\/wp-json\/wp\/v2\/product\/4468\/revisions"}],"predecessor-version":[{"id":4736,"href":"https:\/\/ac-truck.com\/pt\/wp-json\/wp\/v2\/product\/4468\/revisions\/4736"}],"wp:featuredmedia":[{"embeddable":true,"href":"https:\/\/ac-truck.com\/pt\/wp-json\/wp\/v2\/media\/4723"}],"wp:attachment":[{"href":"https:\/\/ac-truck.com\/pt\/wp-json\/wp\/v2\/media?parent=4468"}],"wp:term":[{"taxonomy":"product_brand","embeddable":true,"href":"https:\/\/ac-truck.com\/pt\/wp-json\/wp\/v2\/product_brand?post=4468"},{"taxonomy":"product_cat","embeddable":true,"href":"https:\/\/ac-truck.com\/pt\/wp-json\/wp\/v2\/product_cat?post=4468"},{"taxonomy":"product_tag","embeddable":true,"href":"https:\/\/ac-truck.com\/pt\/wp-json\/wp\/v2\/product_tag?post=4468"}],"curies":[{"name":"wp","href":"https:\/\/api.w.org\/{rel}","templated":true}]}}