{"id":4503,"date":"2025-09-11T17:39:10","date_gmt":"2025-09-11T09:39:10","guid":{"rendered":"https:\/\/ac-truck.com\/?post_type=product&#038;p=4503"},"modified":"2025-09-11T17:39:13","modified_gmt":"2025-09-11T09:39:13","slug":"oil-tanker-truck-sinotruk-26000l","status":"publish","type":"product","link":"https:\/\/ac-truck.com\/pt\/oil-tanker-truck-sinotruk-26000l.html","title":{"rendered":"Caminh\u00e3o-tanque de \u00f3leo Sinotruk 26000L"},"content":{"rendered":"<table>\n<tbody>\n<tr class=\"firstRow\">\n<td colspan=\"1\" rowspan=\"1\" valign=\"top\" width=\"700\"><strong>Marca do chassi<\/strong><\/td>\n<td colspan=\"1\" rowspan=\"1\" align=\"center\" valign=\"top\" width=\"43\"><strong>Sinotruk<\/strong><\/td>\n<\/tr>\n<tr>\n<td colspan=\"1\" rowspan=\"1\" valign=\"top\" width=\"700\"><strong>Dimens\u00f5es do corpo (mm)<\/strong><\/td>\n<td colspan=\"1\" rowspan=\"1\" align=\"center\" valign=\"top\" width=\"43\"><strong>11850*2500*3450<\/strong><\/td>\n<\/tr>\n<tr>\n<td colspan=\"1\" rowspan=\"1\" valign=\"top\" width=\"700\"><strong>Tamanho do tanque (mm)<\/strong><\/td>\n<td colspan=\"1\" rowspan=\"1\" align=\"center\" valign=\"top\" width=\"43\"><strong>9200*2350*1500<\/strong><\/td>\n<\/tr>\n<tr>\n<td colspan=\"1\" rowspan=\"1\" valign=\"top\" width=\"700\"><strong>Massa total (kg)<\/strong><\/td>\n<td colspan=\"1\" rowspan=\"1\" align=\"center\" valign=\"top\" width=\"43\"><strong>32000<\/strong><\/td>\n<\/tr>\n<tr>\n<td colspan=\"1\" rowspan=\"1\" valign=\"top\" width=\"700\"><strong>Qualidade do ve\u00edculo (kg)<\/strong><\/td>\n<td colspan=\"1\" rowspan=\"1\" align=\"center\" valign=\"top\" width=\"43\"><strong>11270<\/strong><\/td>\n<\/tr>\n<tr>\n<td colspan=\"1\" rowspan=\"1\" valign=\"top\" width=\"700\"><strong>Massa de carga nominal (kg)<\/strong><\/td>\n<td colspan=\"1\" rowspan=\"1\" align=\"center\" valign=\"top\" width=\"43\"><strong>20600<\/strong><\/td>\n<\/tr>\n<tr>\n<td colspan=\"1\" rowspan=\"1\" valign=\"top\" width=\"700\"><strong>Modelo do motor<\/strong><\/td>\n<td colspan=\"1\" rowspan=\"1\" align=\"center\" valign=\"top\" width=\"43\"><strong>Sinotruk MC07.34-60,251kw<\/strong><\/td>\n<\/tr>\n<tr>\n<td colspan=\"1\" rowspan=\"1\" valign=\"top\" width=\"700\"><strong>Cilindrada do motor (ml)<\/strong><\/td>\n<td colspan=\"1\" rowspan=\"1\" align=\"center\" valign=\"top\" width=\"43\"><strong>6870<\/strong><\/td>\n<\/tr>\n<tr>\n<td colspan=\"1\" rowspan=\"1\" valign=\"top\" width=\"700\"><strong>Caixa de engrenagens<\/strong><\/td>\n<td colspan=\"1\" rowspan=\"1\" align=\"center\" valign=\"top\" width=\"43\"><strong>Sinotruk 8 velocidades<\/strong><\/td>\n<\/tr>\n<tr>\n<td colspan=\"1\" rowspan=\"1\" valign=\"top\" width=\"700\"><strong>Dist\u00e2ncia entre eixos (mm)<\/strong><\/td>\n<td colspan=\"1\" rowspan=\"1\" align=\"center\" valign=\"top\" width=\"43\"><strong>1800+4575+1400<\/strong><\/td>\n<\/tr>\n<tr>\n<td colspan=\"1\" rowspan=\"1\" valign=\"top\" width=\"700\"><strong>N\u00famero de folhas de primavera:<\/strong><\/td>\n<td colspan=\"1\" rowspan=\"1\" align=\"center\" valign=\"top\" width=\"43\"><strong>Suspens\u00e3o a ar\u00a0<\/strong><\/td>\n<\/tr>\n<tr>\n<td colspan=\"1\" rowspan=\"1\" valign=\"top\" width=\"700\"><strong>Frenagem da roda dianteira<\/strong><\/td>\n<td colspan=\"1\" rowspan=\"1\" align=\"center\" valign=\"top\" width=\"43\"><strong>Freios a disco<\/strong><\/td>\n<\/tr>\n<tr>\n<td colspan=\"1\" rowspan=\"1\" valign=\"top\" width=\"700\"><strong>Especifica\u00e7\u00f5es dos pneus:<\/strong><\/td>\n<td colspan=\"1\" rowspan=\"1\" align=\"center\" valign=\"top\" width=\"43\"><strong>315\/80R22.5 18PR<\/strong><\/td>\n<\/tr>\n<tr>\n<td valign=\"top\" width=\"700\"><strong>Volume do tanque (m\u00b3)<\/strong><\/td>\n<td align=\"center\" valign=\"top\" width=\"786\"><strong>26000L<\/strong><\/td>\n<\/tr>\n<tr>\n<td colspan=\"1\" rowspan=\"1\" valign=\"top\" width=\"700\"><strong>Espessura do tanque (mm)<\/strong><\/td>\n<td colspan=\"1\" rowspan=\"1\" align=\"center\" valign=\"top\" width=\"43\"><strong>5\u00a0<\/strong><\/td>\n<\/tr>\n<tr>\n<td colspan=\"1\" rowspan=\"1\" valign=\"top\" width=\"700\"><strong>Material do corpo do tanque<\/strong><\/td>\n<td colspan=\"1\" rowspan=\"1\" align=\"center\" valign=\"top\" width=\"43\"><strong>Liga de alum\u00ednio 512<\/strong><\/td>\n<\/tr>\n<tr>\n<td colspan=\"1\" rowspan=\"1\" valign=\"top\" width=\"700\"><strong>placa anti-onda<\/strong><\/td>\n<td colspan=\"1\" rowspan=\"1\" align=\"center\" valign=\"top\" width=\"43\"><strong>Sim<\/strong><\/td>\n<\/tr>\n<tr>\n<td colspan=\"1\" rowspan=\"1\" valign=\"top\" width=\"700\"><strong>Unidade de recupera\u00e7\u00e3o de g\u00e1s de petr\u00f3leo<\/strong><\/td>\n<td colspan=\"1\" rowspan=\"1\" align=\"center\" valign=\"top\" width=\"43\"><strong>Sim<\/strong><\/td>\n<\/tr>\n<tr>\n<td colspan=\"1\" rowspan=\"1\" valign=\"top\" width=\"700\"><strong>V\u00e1lvula de desligamento de emerg\u00eancia<\/strong><\/td>\n<td colspan=\"1\" rowspan=\"1\" align=\"center\" valign=\"top\" width=\"43\"><strong>Sim<\/strong><\/td>\n<\/tr>\n<tr>\n<td colspan=\"1\" rowspan=\"1\" valign=\"top\" width=\"700\"><strong>Dispositivo de alarme anti-transbordamento<\/strong><\/td>\n<td colspan=\"1\" rowspan=\"1\" align=\"center\" valign=\"top\" width=\"43\"><strong>Sim<\/strong><\/td>\n<\/tr>\n<tr>\n<td colspan=\"1\" rowspan=\"1\" valign=\"top\" width=\"700\"><strong>Temperatura ambiente de opera\u00e7\u00e3o (\u00b0C)<\/strong><\/td>\n<td colspan=\"1\" rowspan=\"1\" align=\"center\" valign=\"top\" width=\"43\"><strong>-20~~45<\/strong><\/td>\n<\/tr>\n<tr>\n<td colspan=\"1\" rowspan=\"1\" valign=\"top\" width=\"700\"><strong>Fluxo da bomba de \u00f3leo de engrenagem (m\u00b3\/h)<\/strong><\/td>\n<td colspan=\"1\" rowspan=\"1\" align=\"center\" valign=\"top\" width=\"43\"><strong>60<\/strong><\/td>\n<\/tr>\n<tr>\n<td colspan=\"1\" rowspan=\"1\" valign=\"top\" width=\"700\"><strong>M\u00e9todo de carregamento de combust\u00edvel<\/strong><\/td>\n<td colspan=\"1\" rowspan=\"1\" align=\"center\" valign=\"top\" width=\"43\"><strong>Enchimento inferior<\/strong><\/td>\n<\/tr>\n<tr>\n<td colspan=\"1\" rowspan=\"1\" valign=\"top\" width=\"700\"><strong>Caixa de ferramentas<\/strong><\/td>\n<td colspan=\"1\" rowspan=\"1\" align=\"center\" valign=\"top\" width=\"43\"><strong>Personalizado de acordo com suas necessidades<\/strong><\/td>\n<\/tr>\n<tr>\n<td colspan=\"1\" rowspan=\"1\" valign=\"top\" width=\"700\"><strong>Boca do tanque<\/strong><\/td>\n<td colspan=\"1\" rowspan=\"1\" align=\"center\" valign=\"top\" width=\"43\"><strong>Padr\u00e3o europeu<\/strong><\/td>\n<\/tr>\n<tr>\n<td colspan=\"1\" rowspan=\"1\" valign=\"top\" width=\"700\"><strong>Velocidade m\u00e1xima (km\/h)<\/strong><\/td>\n<td colspan=\"1\" rowspan=\"1\" align=\"center\" valign=\"top\" width=\"43\"><strong>80<\/strong><\/td>\n<\/tr>\n<\/tbody>\n<\/table>\n<p><img fetchpriority=\"high\" decoding=\"async\" class=\"aligncenter wp-image-4418\" src=\"https:\/\/ac-truck.com\/wp-content\/uploads\/2025\/09\/6-250315122149409-scaled.png\" alt=\"Tank truck structure diagram\" width=\"1242\" height=\"4854\" srcset=\"https:\/\/ac-truck.com\/wp-content\/uploads\/2025\/09\/6-250315122149409-scaled.png 655w, https:\/\/ac-truck.com\/wp-content\/uploads\/2025\/09\/6-250315122149409-77x300.png 77w, https:\/\/ac-truck.com\/wp-content\/uploads\/2025\/09\/6-250315122149409-262x1024.png 262w, https:\/\/ac-truck.com\/wp-content\/uploads\/2025\/09\/6-250315122149409-768x3003.png 768w, https:\/\/ac-truck.com\/wp-content\/uploads\/2025\/09\/6-250315122149409-393x1536.png 393w, https:\/\/ac-truck.com\/wp-content\/uploads\/2025\/09\/6-250315122149409-524x2048.png 524w, https:\/\/ac-truck.com\/wp-content\/uploads\/2025\/09\/6-250315122149409-3x12.png 3w, https:\/\/ac-truck.com\/wp-content\/uploads\/2025\/09\/6-250315122149409-600x2346.png 600w, https:\/\/ac-truck.com\/wp-content\/uploads\/2025\/09\/6-250315122149409-150x587.png 150w\" sizes=\"(max-width: 1242px) 100vw, 1242px\" \/> <img decoding=\"async\" class=\"aligncenter wp-image-4420\" src=\"https:\/\/ac-truck.com\/wp-content\/uploads\/2025\/09\/6-250315122301305-scaled.png\" alt=\"Tank truck manufacturing process\" width=\"1242\" height=\"4478\" srcset=\"https:\/\/ac-truck.com\/wp-content\/uploads\/2025\/09\/6-250315122301305-scaled.png 710w, https:\/\/ac-truck.com\/wp-content\/uploads\/2025\/09\/6-250315122301305-83x300.png 83w, https:\/\/ac-truck.com\/wp-content\/uploads\/2025\/09\/6-250315122301305-284x1024.png 284w, https:\/\/ac-truck.com\/wp-content\/uploads\/2025\/09\/6-250315122301305-768x2768.png 768w, https:\/\/ac-truck.com\/wp-content\/uploads\/2025\/09\/6-250315122301305-426x1536.png 426w, https:\/\/ac-truck.com\/wp-content\/uploads\/2025\/09\/6-250315122301305-568x2048.png 568w, https:\/\/ac-truck.com\/wp-content\/uploads\/2025\/09\/6-250315122301305-3x12.png 3w, https:\/\/ac-truck.com\/wp-content\/uploads\/2025\/09\/6-250315122301305-600x2163.png 600w, https:\/\/ac-truck.com\/wp-content\/uploads\/2025\/09\/6-250315122301305-150x541.png 150w\" sizes=\"(max-width: 1242px) 100vw, 1242px\" \/><\/p>","protected":false},"excerpt":{"rendered":"<p>Chassis brand Sinotruk Body dimensions(mm) 11850*2500*3450 Tank size(mm) 9200*2350*1500 Total mass(kg) 32000 Vehicle quality(kg) 11270 Rated load mass(kg) 20600 Engine<\/p>","protected":false},"featured_media":4508,"template":"","meta":[],"product_brand":[220],"product_cat":[176],"product_tag":[242,243,250],"class_list":{"0":"post-4503","1":"product","2":"type-product","3":"status-publish","4":"has-post-thumbnail","6":"product_brand-howo","7":"product_cat-tanker-trucks","8":"product_tag-fuel-tanker","9":"product_tag-oil-tanker-truck","10":"product_tag-26000l","12":"first","13":"instock","14":"shipping-taxable","15":"product-type-simple"},"_links":{"self":[{"href":"https:\/\/ac-truck.com\/pt\/wp-json\/wp\/v2\/product\/4503","targetHints":{"allow":["GET"]}}],"collection":[{"href":"https:\/\/ac-truck.com\/pt\/wp-json\/wp\/v2\/product"}],"about":[{"href":"https:\/\/ac-truck.com\/pt\/wp-json\/wp\/v2\/types\/product"}],"version-history":[{"count":1,"href":"https:\/\/ac-truck.com\/pt\/wp-json\/wp\/v2\/product\/4503\/revisions"}],"predecessor-version":[{"id":4511,"href":"https:\/\/ac-truck.com\/pt\/wp-json\/wp\/v2\/product\/4503\/revisions\/4511"}],"wp:featuredmedia":[{"embeddable":true,"href":"https:\/\/ac-truck.com\/pt\/wp-json\/wp\/v2\/media\/4508"}],"wp:attachment":[{"href":"https:\/\/ac-truck.com\/pt\/wp-json\/wp\/v2\/media?parent=4503"}],"wp:term":[{"taxonomy":"product_brand","embeddable":true,"href":"https:\/\/ac-truck.com\/pt\/wp-json\/wp\/v2\/product_brand?post=4503"},{"taxonomy":"product_cat","embeddable":true,"href":"https:\/\/ac-truck.com\/pt\/wp-json\/wp\/v2\/product_cat?post=4503"},{"taxonomy":"product_tag","embeddable":true,"href":"https:\/\/ac-truck.com\/pt\/wp-json\/wp\/v2\/product_tag?post=4503"}],"curies":[{"name":"wp","href":"https:\/\/api.w.org\/{rel}","templated":true}]}}