{"id":4600,"date":"2025-09-12T11:35:06","date_gmt":"2025-09-12T03:35:06","guid":{"rendered":"https:\/\/ac-truck.com\/?post_type=product&#038;p=4600"},"modified":"2025-09-12T16:39:21","modified_gmt":"2025-09-12T08:39:21","slug":"rollback-truck-isuzu-3-ton","status":"publish","type":"product","link":"https:\/\/ac-truck.com\/pt\/rollback-truck-isuzu-3-ton.html","title":{"rendered":"Caminh\u00e3o basculante ISUZU 3 toneladas"},"content":{"rendered":"<table align=\"center\">\n<tbody>\n<tr class=\"firstRow\">\n<td valign=\"top\" width=\"653\"><strong>Nome do produto<\/strong><\/td>\n<td align=\"center\" valign=\"top\" width=\"597\">\n<p dir=\"ltr\"><strong><a href=\"http:\/\/isuzu.com\">ISUZU<\/a>\u00a0<a href=\"http:\/\/ac-truck.com\/pt\/\">Destruidor<\/a><\/strong><\/p>\n<\/td>\n<\/tr>\n<tr>\n<td valign=\"top\" width=\"653\"><strong>Dimens\u00f5es totais (mm)<\/strong><\/td>\n<td align=\"center\" valign=\"top\" width=\"597\">\n<p dir=\"ltr\"><strong>7305x2480x2290<\/strong><\/p>\n<\/td>\n<\/tr>\n<tr>\n<td valign=\"top\" width=\"653\"><strong>Comprimento da laje (mm)<\/strong><\/td>\n<td align=\"center\" valign=\"top\" width=\"597\">\n<p dir=\"ltr\"><strong>5600<\/strong><\/p>\n<\/td>\n<\/tr>\n<tr>\n<td valign=\"top\" width=\"653\"><strong>Largura da plataforma (mm)<\/strong><\/td>\n<td align=\"center\" valign=\"top\" width=\"597\">\n<p dir=\"ltr\"><strong>2400<\/strong><\/p>\n<\/td>\n<\/tr>\n<tr>\n<td valign=\"top\" width=\"653\"><strong>Peso do rolamento da placa (t)<\/strong><\/td>\n<td align=\"center\" valign=\"top\" width=\"597\">\n<p dir=\"ltr\"><strong>3<\/strong><\/p>\n<\/td>\n<\/tr>\n<tr>\n<td valign=\"top\" width=\"653\"><strong>For\u00e7a de tra\u00e7\u00e3o do guincho (t)<\/strong><\/td>\n<td align=\"center\" valign=\"top\" width=\"597\">\n<p dir=\"ltr\"><strong>4<\/strong><\/p>\n<\/td>\n<\/tr>\n<tr>\n<td valign=\"top\" width=\"653\"><strong>O bra\u00e7o do suporte traseiro carrega o peso (t)<\/strong><\/td>\n<td align=\"center\" valign=\"top\" width=\"597\">\n<p dir=\"ltr\"><strong>3<\/strong><\/p>\n<\/td>\n<\/tr>\n<tr>\n<td valign=\"top\" width=\"653\"><strong>Comprimento total do cabo de a\u00e7o (m)<\/strong><\/td>\n<td align=\"center\" valign=\"top\" width=\"597\">\n<p dir=\"ltr\"><strong>21<\/strong><\/p>\n<\/td>\n<\/tr>\n<tr>\n<td valign=\"top\" width=\"653\"><strong>Roda Auxiliar<\/strong><\/td>\n<td align=\"center\" valign=\"top\" width=\"597\">\n<p dir=\"ltr\"><strong>Um par<\/strong><\/p>\n<\/td>\n<\/tr>\n<tr>\n<td colspan=\"1\" rowspan=\"1\" valign=\"top\" width=\"619\"><strong>Massa total (kg)<\/strong><\/td>\n<td colspan=\"1\" rowspan=\"1\" align=\"center\" valign=\"top\" width=\"532\">\n<p dir=\"ltr\"><strong>7300<\/strong><\/p>\n<\/td>\n<\/tr>\n<tr>\n<td colspan=\"1\" rowspan=\"1\" valign=\"top\" width=\"619\"><strong>Peso do meio-fio (kg)<\/strong><\/td>\n<td colspan=\"1\" rowspan=\"1\" align=\"center\" valign=\"top\" width=\"532\">\n<p dir=\"ltr\"><strong>4980<\/strong><\/p>\n<\/td>\n<\/tr>\n<tr>\n<td colspan=\"1\" rowspan=\"1\" valign=\"top\" width=\"619\"><strong>Pot\u00eancia do motor (kw)<\/strong><\/td>\n<td colspan=\"1\" rowspan=\"1\" align=\"center\" valign=\"top\" width=\"532\">\n<p dir=\"ltr\"><strong>96 kW<\/strong><\/p>\n<\/td>\n<\/tr>\n<tr>\n<td colspan=\"1\" rowspan=\"1\" valign=\"top\" width=\"619\"><strong>Caixa de engrenagens<\/strong><\/td>\n<td colspan=\"1\" rowspan=\"1\" align=\"center\" valign=\"top\" width=\"532\">\n<p dir=\"ltr\"><strong>Transmiss\u00e3o manual de 5 velocidades<\/strong><\/p>\n<\/td>\n<\/tr>\n<tr>\n<td colspan=\"1\" rowspan=\"1\" valign=\"top\" width=\"619\"><strong>Dist\u00e2ncia entre eixos (mm)<\/strong><\/td>\n<td colspan=\"1\" rowspan=\"1\" align=\"center\" valign=\"top\" width=\"532\">\n<p dir=\"ltr\"><strong>3815<\/strong><\/p>\n<\/td>\n<\/tr>\n<tr>\n<td colspan=\"1\" rowspan=\"1\" valign=\"top\" width=\"619\"><strong>Eixo dianteiro e traseiro (t)<\/strong><\/td>\n<td colspan=\"1\" rowspan=\"1\" align=\"right\" valign=\"top\" width=\"532\">\n<p dir=\"ltr\" style=\"text-align: left;\"><strong>3\/5<\/strong><\/p>\n<\/td>\n<\/tr>\n<tr>\n<td colspan=\"1\" rowspan=\"1\" valign=\"top\" width=\"619\"><strong>Freio<\/strong><\/td>\n<td colspan=\"1\" rowspan=\"1\" align=\"right\" valign=\"top\" width=\"532\">\n<p dir=\"ltr\" style=\"text-align: left;\"><strong>Freio de corte de ar autom\u00e1tico<\/strong><\/p>\n<\/td>\n<\/tr>\n<tr>\n<td colspan=\"1\" rowspan=\"1\" valign=\"top\" width=\"619\"><strong>Especifica\u00e7\u00e3o do pneu<\/strong><\/td>\n<td colspan=\"1\" rowspan=\"1\" align=\"right\" valign=\"top\" width=\"532\">\n<p dir=\"ltr\" style=\"text-align: left;\"><strong>7,00R16<\/strong><\/p>\n<\/td>\n<\/tr>\n<\/tbody>\n<\/table>\n<p><img fetchpriority=\"high\" decoding=\"async\" class=\"aligncenter wp-image-4639\" src=\"https:\/\/ac-truck.com\/wp-content\/uploads\/2025\/09\/6-25032Q24G6292.png\" alt=\"Rollback truck structure diagram\" width=\"1317\" height=\"1281\" srcset=\"https:\/\/ac-truck.com\/wp-content\/uploads\/2025\/09\/6-25032Q24G6292.png 1806w, https:\/\/ac-truck.com\/wp-content\/uploads\/2025\/09\/6-25032Q24G6292-300x292.png 300w, https:\/\/ac-truck.com\/wp-content\/uploads\/2025\/09\/6-25032Q24G6292-1024x996.png 1024w, https:\/\/ac-truck.com\/wp-content\/uploads\/2025\/09\/6-25032Q24G6292-768x747.png 768w, https:\/\/ac-truck.com\/wp-content\/uploads\/2025\/09\/6-25032Q24G6292-1536x1493.png 1536w, https:\/\/ac-truck.com\/wp-content\/uploads\/2025\/09\/6-25032Q24G6292-12x12.png 12w, https:\/\/ac-truck.com\/wp-content\/uploads\/2025\/09\/6-25032Q24G6292-600x583.png 600w, https:\/\/ac-truck.com\/wp-content\/uploads\/2025\/09\/6-25032Q24G6292-150x146.png 150w\" sizes=\"(max-width: 1317px) 100vw, 1317px\" \/> <img decoding=\"async\" class=\"aligncenter wp-image-4640\" src=\"https:\/\/ac-truck.com\/wp-content\/uploads\/2025\/09\/6-25032Q24HHa-scaled.png\" alt=\"Rollback truck details\" width=\"1317\" height=\"3476\" srcset=\"https:\/\/ac-truck.com\/wp-content\/uploads\/2025\/09\/6-25032Q24HHa-scaled.png 970w, https:\/\/ac-truck.com\/wp-content\/uploads\/2025\/09\/6-25032Q24HHa-114x300.png 114w, https:\/\/ac-truck.com\/wp-content\/uploads\/2025\/09\/6-25032Q24HHa-388x1024.png 388w, https:\/\/ac-truck.com\/wp-content\/uploads\/2025\/09\/6-25032Q24HHa-768x2027.png 768w, https:\/\/ac-truck.com\/wp-content\/uploads\/2025\/09\/6-25032Q24HHa-582x1536.png 582w, https:\/\/ac-truck.com\/wp-content\/uploads\/2025\/09\/6-25032Q24HHa-776x2048.png 776w, https:\/\/ac-truck.com\/wp-content\/uploads\/2025\/09\/6-25032Q24HHa-5x12.png 5w, https:\/\/ac-truck.com\/wp-content\/uploads\/2025\/09\/6-25032Q24HHa-600x1584.png 600w, https:\/\/ac-truck.com\/wp-content\/uploads\/2025\/09\/6-25032Q24HHa-150x396.png 150w\" sizes=\"(max-width: 1317px) 100vw, 1317px\" \/> <img decoding=\"async\" class=\"aligncenter wp-image-4641\" src=\"https:\/\/ac-truck.com\/wp-content\/uploads\/2025\/09\/6-25032Q24IK18-scaled.png\" alt=\"Rollback truck details\" width=\"1317\" height=\"2796\" srcset=\"https:\/\/ac-truck.com\/wp-content\/uploads\/2025\/09\/6-25032Q24IK18-scaled.png 1206w, https:\/\/ac-truck.com\/wp-content\/uploads\/2025\/09\/6-25032Q24IK18-141x300.png 141w, https:\/\/ac-truck.com\/wp-content\/uploads\/2025\/09\/6-25032Q24IK18-482x1024.png 482w, https:\/\/ac-truck.com\/wp-content\/uploads\/2025\/09\/6-25032Q24IK18-768x1630.png 768w, https:\/\/ac-truck.com\/wp-content\/uploads\/2025\/09\/6-25032Q24IK18-724x1536.png 724w, https:\/\/ac-truck.com\/wp-content\/uploads\/2025\/09\/6-25032Q24IK18-965x2048.png 965w, https:\/\/ac-truck.com\/wp-content\/uploads\/2025\/09\/6-25032Q24IK18-6x12.png 6w, https:\/\/ac-truck.com\/wp-content\/uploads\/2025\/09\/6-25032Q24IK18-600x1273.png 600w, https:\/\/ac-truck.com\/wp-content\/uploads\/2025\/09\/6-25032Q24IK18-150x318.png 150w\" sizes=\"(max-width: 1317px) 100vw, 1317px\" \/><\/p>","protected":false},"excerpt":{"rendered":"<p>Product Name ISUZU\u00a0Wrecker Overall dimensions\uff08mm\uff09 7305x2480x2290 Slab Length\uff08mm\uff09 5600 Flatbed width\uff08mm\uff09 2400 Plate Bearing Weight\uff08t\uff09 3 Winch pulling force\uff08t\uff09 4<\/p>","protected":false},"featured_media":4638,"template":"","meta":[],"product_brand":[213],"product_cat":[174],"product_tag":[253,254,255,256],"class_list":{"0":"post-4600","1":"product","2":"type-product","3":"status-publish","4":"has-post-thumbnail","6":"product_brand-isuzu","7":"product_cat-tow-trucks","8":"product_tag-car-recovery","9":"product_tag-rollback-truck","10":"product_tag-wrecker","11":"product_tag-3-ton","13":"first","14":"instock","15":"shipping-taxable","16":"product-type-simple"},"_links":{"self":[{"href":"https:\/\/ac-truck.com\/pt\/wp-json\/wp\/v2\/product\/4600","targetHints":{"allow":["GET"]}}],"collection":[{"href":"https:\/\/ac-truck.com\/pt\/wp-json\/wp\/v2\/product"}],"about":[{"href":"https:\/\/ac-truck.com\/pt\/wp-json\/wp\/v2\/types\/product"}],"version-history":[{"count":2,"href":"https:\/\/ac-truck.com\/pt\/wp-json\/wp\/v2\/product\/4600\/revisions"}],"predecessor-version":[{"id":4662,"href":"https:\/\/ac-truck.com\/pt\/wp-json\/wp\/v2\/product\/4600\/revisions\/4662"}],"wp:featuredmedia":[{"embeddable":true,"href":"https:\/\/ac-truck.com\/pt\/wp-json\/wp\/v2\/media\/4638"}],"wp:attachment":[{"href":"https:\/\/ac-truck.com\/pt\/wp-json\/wp\/v2\/media?parent=4600"}],"wp:term":[{"taxonomy":"product_brand","embeddable":true,"href":"https:\/\/ac-truck.com\/pt\/wp-json\/wp\/v2\/product_brand?post=4600"},{"taxonomy":"product_cat","embeddable":true,"href":"https:\/\/ac-truck.com\/pt\/wp-json\/wp\/v2\/product_cat?post=4600"},{"taxonomy":"product_tag","embeddable":true,"href":"https:\/\/ac-truck.com\/pt\/wp-json\/wp\/v2\/product_tag?post=4600"}],"curies":[{"name":"wp","href":"https:\/\/api.w.org\/{rel}","templated":true}]}}