{"id":4667,"date":"2025-09-12T15:15:47","date_gmt":"2025-09-12T07:15:47","guid":{"rendered":"https:\/\/ac-truck.com\/?post_type=product&#038;p=4667"},"modified":"2025-09-12T15:15:52","modified_gmt":"2025-09-12T07:15:52","slug":"tow-truck-jmc-3-ton","status":"publish","type":"product","link":"https:\/\/ac-truck.com\/pt\/tow-truck-jmc-3-ton.html","title":{"rendered":"Caminh\u00e3o de reboque JMC 3 toneladas"},"content":{"rendered":"<table>\n<tbody>\n<tr class=\"firstRow\">\n<td valign=\"top\" width=\"734\"><strong>Nome do produto<\/strong><\/td>\n<td align=\"center\" valign=\"top\" width=\"752\"><strong>JMC <a href=\"https:\/\/ac-truck.com\/pt\/product-category\/engineering-equipment\/tow-trucks.html\/\">Caminh\u00e3o de reboque<\/a><\/strong><\/td>\n<\/tr>\n<tr>\n<td valign=\"top\" width=\"734\"><strong>Dimens\u00f5es totais (mm)<\/strong><\/td>\n<td align=\"center\" valign=\"top\" width=\"752\"><strong>5995x2400x2320<\/strong><\/td>\n<\/tr>\n<tr>\n<td valign=\"top\" width=\"734\"><strong>Comprimento da laje (mm)<\/strong><\/td>\n<td align=\"center\" valign=\"top\" width=\"752\"><strong>5600<\/strong><\/td>\n<\/tr>\n<tr>\n<td valign=\"top\" width=\"734\"><strong>Largura da plataforma (mm)<\/strong><\/td>\n<td align=\"center\" valign=\"top\" width=\"752\"><strong>2350<\/strong><\/td>\n<\/tr>\n<tr>\n<td valign=\"top\" width=\"734\"><strong>Peso do rolamento da placa (t)<\/strong><\/td>\n<td align=\"center\" valign=\"top\" width=\"752\"><strong>4<\/strong><\/td>\n<\/tr>\n<tr>\n<td valign=\"top\" width=\"734\"><strong>For\u00e7a de tra\u00e7\u00e3o do guincho (t)<\/strong><\/td>\n<td align=\"center\" valign=\"top\" width=\"752\"><strong>4<\/strong><\/td>\n<\/tr>\n<tr>\n<td valign=\"top\" width=\"734\"><strong>O bra\u00e7o do suporte traseiro carrega o peso (t)<\/strong><\/td>\n<td align=\"center\" valign=\"top\" width=\"752\"><strong>3<\/strong><\/td>\n<\/tr>\n<tr>\n<td valign=\"top\" width=\"734\"><strong>Comprimento total do cabo de a\u00e7o (m)<\/strong><\/td>\n<td align=\"center\" valign=\"top\" width=\"752\"><strong>21<\/strong><\/td>\n<\/tr>\n<tr>\n<td valign=\"top\" width=\"734\"><strong>Roda Auxiliar<\/strong><\/td>\n<td align=\"center\" valign=\"top\" width=\"752\"><strong>Um par<\/strong><\/td>\n<\/tr>\n<tr>\n<td colspan=\"1\" rowspan=\"1\" valign=\"top\" width=\"734\"><strong>Massa total (kg)<\/strong><\/td>\n<td colspan=\"1\" rowspan=\"1\" align=\"center\" valign=\"top\" width=\"9\"><strong>4495<\/strong><\/td>\n<\/tr>\n<tr>\n<td colspan=\"1\" rowspan=\"1\" valign=\"top\" width=\"734\"><strong>Peso do meio-fio (kg)<\/strong><\/td>\n<td colspan=\"1\" rowspan=\"1\" align=\"center\" valign=\"top\" width=\"9\"><strong>2800<\/strong><\/td>\n<\/tr>\n<tr>\n<td colspan=\"1\" rowspan=\"1\" valign=\"top\" width=\"734\"><strong>Pot\u00eancia do motor (kw)<\/strong><\/td>\n<td colspan=\"1\" rowspan=\"1\" align=\"center\" valign=\"top\" width=\"9\"><strong>112 kW<\/strong><\/td>\n<\/tr>\n<tr>\n<td colspan=\"1\" rowspan=\"1\" valign=\"top\" width=\"734\"><strong>Caixa de engrenagens<\/strong><\/td>\n<td colspan=\"1\" rowspan=\"1\" align=\"center\" valign=\"top\" width=\"9\"><strong>Transmiss\u00e3o manual de 6 velocidades<\/strong><\/td>\n<\/tr>\n<tr>\n<td colspan=\"1\" rowspan=\"1\" valign=\"top\" width=\"734\"><strong>Dist\u00e2ncia entre eixos (mm)<\/strong><\/td>\n<td colspan=\"1\" rowspan=\"1\" align=\"center\" valign=\"top\" width=\"9\"><strong>3365<\/strong><\/td>\n<\/tr>\n<tr>\n<td colspan=\"1\" rowspan=\"1\" valign=\"top\" width=\"734\"><strong>Eixo dianteiro e traseiro (t)<\/strong><\/td>\n<td colspan=\"1\" rowspan=\"1\" align=\"center\" valign=\"top\" width=\"9\"><strong>3\/5<\/strong><\/td>\n<\/tr>\n<tr>\n<td colspan=\"1\" rowspan=\"1\" valign=\"top\" width=\"734\"><strong>Freio<\/strong><\/td>\n<td colspan=\"1\" rowspan=\"1\" align=\"center\" valign=\"top\" width=\"9\"><strong>Freio de corte de ar autom\u00e1tico<\/strong><\/td>\n<\/tr>\n<tr>\n<td colspan=\"1\" rowspan=\"1\" valign=\"top\" width=\"734\"><strong>Especifica\u00e7\u00e3o do pneu<\/strong><\/td>\n<td colspan=\"1\" rowspan=\"1\" align=\"center\" valign=\"top\" width=\"9\"><strong>7,00R16<\/strong><\/td>\n<\/tr>\n<\/tbody>\n<\/table>","protected":false},"excerpt":{"rendered":"<p>Product Name JMC Tow Truck Overall dimensions\uff08mm\uff09 5995x2400x2320 Slab Length\uff08mm\uff09 5600 Flatbed width\uff08mm\uff09 2350 Plate Bearing Weight\uff08t\uff09 4 Winch pulling<\/p>","protected":false},"featured_media":4672,"template":"","meta":[],"product_brand":[211],"product_cat":[174],"product_tag":[253,254,255,256],"class_list":{"0":"post-4667","1":"product","2":"type-product","3":"status-publish","4":"has-post-thumbnail","6":"product_brand-jmc","7":"product_cat-tow-trucks","8":"product_tag-car-recovery","9":"product_tag-rollback-truck","10":"product_tag-wrecker","11":"product_tag-3-ton","13":"first","14":"instock","15":"shipping-taxable","16":"product-type-simple"},"_links":{"self":[{"href":"https:\/\/ac-truck.com\/pt\/wp-json\/wp\/v2\/product\/4667","targetHints":{"allow":["GET"]}}],"collection":[{"href":"https:\/\/ac-truck.com\/pt\/wp-json\/wp\/v2\/product"}],"about":[{"href":"https:\/\/ac-truck.com\/pt\/wp-json\/wp\/v2\/types\/product"}],"version-history":[{"count":1,"href":"https:\/\/ac-truck.com\/pt\/wp-json\/wp\/v2\/product\/4667\/revisions"}],"predecessor-version":[{"id":4675,"href":"https:\/\/ac-truck.com\/pt\/wp-json\/wp\/v2\/product\/4667\/revisions\/4675"}],"wp:featuredmedia":[{"embeddable":true,"href":"https:\/\/ac-truck.com\/pt\/wp-json\/wp\/v2\/media\/4672"}],"wp:attachment":[{"href":"https:\/\/ac-truck.com\/pt\/wp-json\/wp\/v2\/media?parent=4667"}],"wp:term":[{"taxonomy":"product_brand","embeddable":true,"href":"https:\/\/ac-truck.com\/pt\/wp-json\/wp\/v2\/product_brand?post=4667"},{"taxonomy":"product_cat","embeddable":true,"href":"https:\/\/ac-truck.com\/pt\/wp-json\/wp\/v2\/product_cat?post=4667"},{"taxonomy":"product_tag","embeddable":true,"href":"https:\/\/ac-truck.com\/pt\/wp-json\/wp\/v2\/product_tag?post=4667"}],"curies":[{"name":"wp","href":"https:\/\/api.w.org\/{rel}","templated":true}]}}