{"id":4726,"date":"2025-09-13T15:35:54","date_gmt":"2025-09-13T07:35:54","guid":{"rendered":"https:\/\/ac-truck.com\/?post_type=product&#038;p=4726"},"modified":"2025-09-16T15:15:25","modified_gmt":"2025-09-16T07:15:25","slug":"4x4-all-terrain-off-road-fire-truck-shacman","status":"publish","type":"product","link":"https:\/\/ac-truck.com\/pt\/4x4-all-terrain-off-road-fire-truck-shacman.html","title":{"rendered":"Cami\u00e3o de bombeiros todo-terreno 4X4 SHACMAN"},"content":{"rendered":"<table data-sort=\"sortDisabled\">\n<tbody>\n<tr class=\"firstRow\">\n<td align=\"center\" valign=\"top\" width=\"760\"><strong>Dimens\u00f5es<\/strong><\/td>\n<td align=\"center\" valign=\"top\" width=\"760\">\u22646400\u00d72400\u00d73200mm<\/td>\n<\/tr>\n<tr>\n<td align=\"center\" valign=\"top\" width=\"760\"><strong>Velocidade m\u00e1xima<\/strong><\/td>\n<td align=\"center\" valign=\"top\" width=\"760\">100km\/h<\/td>\n<\/tr>\n<tr>\n<td align=\"center\" valign=\"top\" width=\"760\"><strong>\u00c2ngulo de aproxima\u00e7\u00e3o\/\u00e2ngulo de sa\u00edda<\/strong><\/td>\n<td align=\"center\" valign=\"top\" width=\"760\">\u226545\/45m<\/td>\n<\/tr>\n<tr>\n<td align=\"center\" valign=\"top\" width=\"760\"><strong>Maximum wading depth<\/strong><\/td>\n<td align=\"center\" valign=\"top\" width=\"760\">\u2265800L\/min<\/td>\n<\/tr>\n<tr>\n<td align=\"center\" valign=\"top\" width=\"760\"><strong>Capacidade do dep\u00f3sito de \u00e1gua<\/strong><\/td>\n<td align=\"center\" valign=\"top\" width=\"760\">3000L<\/td>\n<\/tr>\n<tr>\n<td align=\"center\" valign=\"top\" width=\"760\"><strong>Capacidade do dep\u00f3sito de espuma<\/strong><\/td>\n<td align=\"center\" valign=\"top\" width=\"760\">300L<\/td>\n<\/tr>\n<tr>\n<td align=\"center\" valign=\"top\" width=\"760\"><strong>Caudal da bomba\/pistola<\/strong><\/td>\n<td align=\"center\" valign=\"top\" width=\"760\">30L\/s\u00a0 1.0Mpa<\/td>\n<\/tr>\n<tr>\n<td align=\"center\" valign=\"top\" width=\"760\"><strong>Propor\u00e7\u00e3o de espuma<\/strong><\/td>\n<td align=\"center\" valign=\"top\" width=\"760\">0.1~3%<\/td>\n<\/tr>\n<tr>\n<td align=\"center\" valign=\"top\" width=\"760\"><strong>For\u00e7a m\u00e1xima de tra\u00e7\u00e3o<\/strong><\/td>\n<td align=\"center\" valign=\"top\" width=\"760\">50kN<\/td>\n<\/tr>\n<tr>\n<td colspan=\"2\" rowspan=\"1\" align=\"center\" valign=\"top\"><strong>outro<\/strong><\/p>\n<p>O carro de bombeiros de resposta r\u00e1pida todo-terreno \u00e9 um ve\u00edculo de resgate digital especial, desenvolvido especialmente para estradas em mau estado, espa\u00e7os estreitos e carros de bombeiros comuns, de dif\u00edcil acesso a tempo. Possui suspens\u00e3o independente e tra\u00e7\u00e3o \u00e0s quatro rodas, com uma excelente capacidade de travessia a vau, forte capacidade de transposi\u00e7\u00e3o de obst\u00e1culos, elevada pot\u00eancia, aspeto compacto e boa manobrabilidade. A parte superior do ve\u00edculo possui um sistema compacto de espuma de ar comprimido com um consumo m\u00ednimo de \u00e1gua, equipado com fun\u00e7\u00f5es de articula\u00e7\u00e3o e ilumina\u00e7\u00e3o, adequado para opera\u00e7\u00f5es de resgate e combate a inc\u00eandios em todas as condi\u00e7\u00f5es meteorol\u00f3gicas e todo-o-terreno.<\/p>\n<p>Devido \u00e0 sua excelente capacidade todo-o-terreno e \u00e0s excelentes fun\u00e7\u00f5es de combate a inc\u00eandios e resgate, \u00e9 muito adequado para o combate a inc\u00eandios em florestas e pastagens, transporte de materiais e resgate, podendo tamb\u00e9m ser utilizado para resgate em locais com m\u00e1s condi\u00e7\u00f5es de estrada, como vias urbanas, estradas inundadas e cruzamentos urbano-rurais.<\/td>\n<\/tr>\n<tr>\n<td colspan=\"2\" rowspan=\"1\" align=\"center\" valign=\"top\">Este chassis Shacman 4\u00d74 pode ser modificado em: cami\u00e3o de bombeiros, reboque, ve\u00edculo de resgate, etc.<\/p>\n<p>Pode ser personalizado de acordo com as necessidades do cliente<\/p>\n<p>Cabines de fila \u00fanica e dupla est\u00e3o dispon\u00edveis<\/td>\n<\/tr>\n<\/tbody>\n<\/table>","protected":false},"excerpt":{"rendered":"<p>Dimensions \u22646400\u00d72400\u00d73200mm Maximum speed 100km\/h Approach angle\/departure angle \u226545\/45m Maximum wading depth \u2265800L\/min Water tank capacity 3000L Foam tank capacity<\/p>","protected":false},"featured_media":4727,"template":"","meta":[],"product_brand":[247],"product_cat":[182],"product_tag":[259,278,279],"class_list":{"0":"post-4726","1":"product","2":"type-product","3":"status-publish","4":"has-post-thumbnail","6":"product_brand-shacman","7":"product_cat-fire-trucks","8":"product_tag-fire-truck","9":"product_tag-4x4","10":"product_tag-fire-engine","12":"first","13":"instock","14":"shipping-taxable","15":"product-type-simple"},"_links":{"self":[{"href":"https:\/\/ac-truck.com\/pt\/wp-json\/wp\/v2\/product\/4726","targetHints":{"allow":["GET"]}}],"collection":[{"href":"https:\/\/ac-truck.com\/pt\/wp-json\/wp\/v2\/product"}],"about":[{"href":"https:\/\/ac-truck.com\/pt\/wp-json\/wp\/v2\/types\/product"}],"version-history":[{"count":1,"href":"https:\/\/ac-truck.com\/pt\/wp-json\/wp\/v2\/product\/4726\/revisions"}],"predecessor-version":[{"id":4734,"href":"https:\/\/ac-truck.com\/pt\/wp-json\/wp\/v2\/product\/4726\/revisions\/4734"}],"wp:featuredmedia":[{"embeddable":true,"href":"https:\/\/ac-truck.com\/pt\/wp-json\/wp\/v2\/media\/4727"}],"wp:attachment":[{"href":"https:\/\/ac-truck.com\/pt\/wp-json\/wp\/v2\/media?parent=4726"}],"wp:term":[{"taxonomy":"product_brand","embeddable":true,"href":"https:\/\/ac-truck.com\/pt\/wp-json\/wp\/v2\/product_brand?post=4726"},{"taxonomy":"product_cat","embeddable":true,"href":"https:\/\/ac-truck.com\/pt\/wp-json\/wp\/v2\/product_cat?post=4726"},{"taxonomy":"product_tag","embeddable":true,"href":"https:\/\/ac-truck.com\/pt\/wp-json\/wp\/v2\/product_tag?post=4726"}],"curies":[{"name":"wp","href":"https:\/\/api.w.org\/{rel}","templated":true}]}}