{"id":4747,"date":"2025-09-13T15:51:23","date_gmt":"2025-09-13T07:51:23","guid":{"rendered":"https:\/\/ac-truck.com\/?post_type=product&#038;p=4747"},"modified":"2025-09-16T17:04:28","modified_gmt":"2025-09-16T09:04:28","slug":"4x2-foam-fire-truck-man","status":"publish","type":"product","link":"https:\/\/ac-truck.com\/pt\/fire-engine-truck-man.html","title":{"rendered":"Cami\u00f3n de bomberos MAN"},"content":{"rendered":"<table data-sort=\"sortDisabled\">\n<tbody>\n<tr class=\"firstRow\">\n<td align=\"center\" valign=\"top\" width=\"760\"><strong>Modelo de chassis<\/strong><\/td>\n<td align=\"center\" valign=\"top\" width=\"760\">MAN TGM18.290 4\u00d72 BB<\/td>\n<\/tr>\n<tr>\n<td align=\"center\" valign=\"top\" width=\"760\"><strong>Modelo do motor<\/strong><\/td>\n<td align=\"center\" valign=\"top\" width=\"760\">D0836LFLBG<\/td>\n<\/tr>\n<tr>\n<td align=\"center\" valign=\"top\" width=\"760\"><strong>Deslocamento<\/strong><\/td>\n<td align=\"center\" valign=\"top\" width=\"760\">6.87L<\/td>\n<\/tr>\n<tr>\n<td align=\"center\" valign=\"top\" width=\"760\"><strong>Pot\u00eancia l\u00edquida m\u00e1xima do motor<\/strong><\/td>\n<td align=\"center\" valign=\"top\" width=\"760\">215kW<\/td>\n<\/tr>\n<tr>\n<td align=\"center\" valign=\"top\" width=\"760\"><strong>Capacidade l\u00edquida<\/strong><\/td>\n<td align=\"center\" valign=\"top\" width=\"760\">5000L de \u00e1gua, 1000L de espuma<\/td>\n<\/tr>\n<tr>\n<td align=\"center\" valign=\"top\" width=\"760\"><strong>Fluxo da bomba<\/strong><\/td>\n<td align=\"center\" valign=\"top\" width=\"760\">60 L\/s 1.0 MPa<\/td>\n<\/tr>\n<tr>\n<td align=\"center\" valign=\"top\" width=\"760\"><strong>Monitor de inc\u00eandio<\/strong><\/td>\n<td align=\"center\" valign=\"top\" width=\"760\">32L\/s 0.8MPa<\/td>\n<\/tr>\n<tr>\n<td align=\"center\" valign=\"top\" width=\"760\"><strong>Alcance do monitor de inc\u00eandio<\/strong><\/td>\n<td align=\"center\" valign=\"top\" width=\"760\">\u00c1gua \u226555m Espuma \u226550m<\/td>\n<\/tr>\n<tr>\n<td colspan=\"2\" rowspan=\"1\" align=\"center\" valign=\"top\"><strong>outro<\/strong><\/p>\n<p>O cami\u00e3o de bombeiros de espuma foi concebido combinando os conceitos avan\u00e7ados dos cami\u00f5es de bombeiros nacionais e estrangeiros com pr\u00e1ticas inovadoras de combate a inc\u00eandios. Possui potentes fun\u00e7\u00f5es de combate a inc\u00eandios e capacidades de resgate abrangentes. O ve\u00edculo possui uma estrutura compacta, \u00e9 flex\u00edvel e manobr\u00e1vel, e a sua operacionalidade, seguran\u00e7a e controlo inteligente est\u00e3o no n\u00edvel nacional avan\u00e7ado.<\/p>\n<p>O ve\u00edculo est\u00e1 equipado com um sistema de espuma avan\u00e7ado e um painel de controlo integrado, que oferece caracter\u00edsticas de funcionamento convenientes e r\u00e1pidas, elevada efici\u00eancia de combate a inc\u00eandios e prote\u00e7\u00e3o ambiental. A caixa de equipamento \u00e9 constitu\u00edda por pain\u00e9is de prateleiras especiais em liga de alum\u00ednio, que podem ser ajustados livremente para cima e para baixo, proporcionando um elevado aproveitamento de espa\u00e7o, uma grande quantidade de equipamento e um f\u00e1cil acesso. Est\u00e1 equipado com diversas medidas de prote\u00e7\u00e3o de seguran\u00e7a para garantir a prote\u00e7\u00e3o completa e a fiabilidade do ve\u00edculo.<\/td>\n<\/tr>\n<\/tbody>\n<\/table>\n<p><img fetchpriority=\"high\" decoding=\"async\" class=\"alignnone size-full wp-image-4718\" src=\"https:\/\/ac-truck.com\/wp-content\/uploads\/2025\/09\/6-250F111125X09.jpg\" alt=\"cami\u00e3o de bombeiros\" width=\"1400\" height=\"766\" srcset=\"https:\/\/ac-truck.com\/wp-content\/uploads\/2025\/09\/6-250F111125X09.jpg 1400w, https:\/\/ac-truck.com\/wp-content\/uploads\/2025\/09\/6-250F111125X09-300x164.jpg 300w, https:\/\/ac-truck.com\/wp-content\/uploads\/2025\/09\/6-250F111125X09-1024x560.jpg 1024w, https:\/\/ac-truck.com\/wp-content\/uploads\/2025\/09\/6-250F111125X09-768x420.jpg 768w, https:\/\/ac-truck.com\/wp-content\/uploads\/2025\/09\/6-250F111125X09-18x10.jpg 18w, https:\/\/ac-truck.com\/wp-content\/uploads\/2025\/09\/6-250F111125X09-600x328.jpg 600w, https:\/\/ac-truck.com\/wp-content\/uploads\/2025\/09\/6-250F111125X09-150x82.jpg 150w\" sizes=\"(max-width: 1400px) 100vw, 1400px\" \/> <img decoding=\"async\" class=\"alignnone wp-image-4724\" src=\"https:\/\/ac-truck.com\/wp-content\/uploads\/2025\/09\/4105-202412191703232285.jpg\" alt=\"Fire truck structure diagram\" width=\"1400\" height=\"1015\" srcset=\"https:\/\/ac-truck.com\/wp-content\/uploads\/2025\/09\/4105-202412191703232285.jpg 1440w, https:\/\/ac-truck.com\/wp-content\/uploads\/2025\/09\/4105-202412191703232285-300x218.jpg 300w, https:\/\/ac-truck.com\/wp-content\/uploads\/2025\/09\/4105-202412191703232285-1024x742.jpg 1024w, https:\/\/ac-truck.com\/wp-content\/uploads\/2025\/09\/4105-202412191703232285-768x557.jpg 768w, https:\/\/ac-truck.com\/wp-content\/uploads\/2025\/09\/4105-202412191703232285-18x12.jpg 18w, https:\/\/ac-truck.com\/wp-content\/uploads\/2025\/09\/4105-202412191703232285-600x435.jpg 600w, https:\/\/ac-truck.com\/wp-content\/uploads\/2025\/09\/4105-202412191703232285-150x109.jpg 150w\" sizes=\"(max-width: 1400px) 100vw, 1400px\" \/> <img decoding=\"async\" class=\"alignnone wp-image-4720\" src=\"https:\/\/ac-truck.com\/wp-content\/uploads\/2025\/09\/6-250F11113032S.png\" alt=\"Fire truck key components\" width=\"1400\" height=\"1316\" srcset=\"https:\/\/ac-truck.com\/wp-content\/uploads\/2025\/09\/6-250F11113032S.png 1230w, https:\/\/ac-truck.com\/wp-content\/uploads\/2025\/09\/6-250F11113032S-300x282.png 300w, https:\/\/ac-truck.com\/wp-content\/uploads\/2025\/09\/6-250F11113032S-1024x962.png 1024w, https:\/\/ac-truck.com\/wp-content\/uploads\/2025\/09\/6-250F11113032S-768x722.png 768w, https:\/\/ac-truck.com\/wp-content\/uploads\/2025\/09\/6-250F11113032S-13x12.png 13w, https:\/\/ac-truck.com\/wp-content\/uploads\/2025\/09\/6-250F11113032S-600x564.png 600w, https:\/\/ac-truck.com\/wp-content\/uploads\/2025\/09\/6-250F11113032S-150x141.png 150w\" sizes=\"(max-width: 1400px) 100vw, 1400px\" \/> <img loading=\"lazy\" decoding=\"async\" class=\"alignnone wp-image-4719\" src=\"https:\/\/ac-truck.com\/wp-content\/uploads\/2025\/09\/6-250F111130W19.png\" alt=\"Fire truck key components\" width=\"1400\" height=\"1298\" srcset=\"https:\/\/ac-truck.com\/wp-content\/uploads\/2025\/09\/6-250F111130W19.png 1230w, https:\/\/ac-truck.com\/wp-content\/uploads\/2025\/09\/6-250F111130W19-300x278.png 300w, https:\/\/ac-truck.com\/wp-content\/uploads\/2025\/09\/6-250F111130W19-1024x949.png 1024w, https:\/\/ac-truck.com\/wp-content\/uploads\/2025\/09\/6-250F111130W19-768x712.png 768w, https:\/\/ac-truck.com\/wp-content\/uploads\/2025\/09\/6-250F111130W19-13x12.png 13w, https:\/\/ac-truck.com\/wp-content\/uploads\/2025\/09\/6-250F111130W19-600x556.png 600w, https:\/\/ac-truck.com\/wp-content\/uploads\/2025\/09\/6-250F111130W19-150x139.png 150w\" sizes=\"(max-width: 1400px) 100vw, 1400px\" \/> <img loading=\"lazy\" decoding=\"async\" class=\"alignnone wp-image-4721\" src=\"https:\/\/ac-truck.com\/wp-content\/uploads\/2025\/09\/6-250F11113131Y.png\" alt=\"Fire truck key components\" width=\"1400\" height=\"1298\" srcset=\"https:\/\/ac-truck.com\/wp-content\/uploads\/2025\/09\/6-250F11113131Y.png 1230w, https:\/\/ac-truck.com\/wp-content\/uploads\/2025\/09\/6-250F11113131Y-300x278.png 300w, https:\/\/ac-truck.com\/wp-content\/uploads\/2025\/09\/6-250F11113131Y-1024x949.png 1024w, https:\/\/ac-truck.com\/wp-content\/uploads\/2025\/09\/6-250F11113131Y-768x712.png 768w, https:\/\/ac-truck.com\/wp-content\/uploads\/2025\/09\/6-250F11113131Y-13x12.png 13w, https:\/\/ac-truck.com\/wp-content\/uploads\/2025\/09\/6-250F11113131Y-600x556.png 600w, https:\/\/ac-truck.com\/wp-content\/uploads\/2025\/09\/6-250F11113131Y-150x139.png 150w\" sizes=\"(max-width: 1400px) 100vw, 1400px\" \/> <img loading=\"lazy\" decoding=\"async\" class=\"alignnone size-full wp-image-4722\" src=\"https:\/\/ac-truck.com\/wp-content\/uploads\/2025\/09\/6-2506301K125131.jpg\" alt=\"Fire truck operation panel\" width=\"1400\" height=\"852\" srcset=\"https:\/\/ac-truck.com\/wp-content\/uploads\/2025\/09\/6-2506301K125131.jpg 1400w, https:\/\/ac-truck.com\/wp-content\/uploads\/2025\/09\/6-2506301K125131-300x183.jpg 300w, https:\/\/ac-truck.com\/wp-content\/uploads\/2025\/09\/6-2506301K125131-1024x623.jpg 1024w, https:\/\/ac-truck.com\/wp-content\/uploads\/2025\/09\/6-2506301K125131-768x467.jpg 768w, https:\/\/ac-truck.com\/wp-content\/uploads\/2025\/09\/6-2506301K125131-18x12.jpg 18w, https:\/\/ac-truck.com\/wp-content\/uploads\/2025\/09\/6-2506301K125131-600x365.jpg 600w, https:\/\/ac-truck.com\/wp-content\/uploads\/2025\/09\/6-2506301K125131-150x91.jpg 150w\" sizes=\"(max-width: 1400px) 100vw, 1400px\" \/><\/p>","protected":false},"excerpt":{"rendered":"<p>Chassis model MAN TGM18.290 4\u00d72 BB Engine model D0836LFLBG Displacement 6.87L Maximum net engine power 215kW Liquid capacity 5000L water,<\/p>","protected":false},"featured_media":4749,"template":"","meta":[],"product_brand":[257],"product_cat":[182],"product_tag":[259,279],"class_list":{"0":"post-4747","1":"product","2":"type-product","3":"status-publish","4":"has-post-thumbnail","6":"product_brand-man","7":"product_cat-fire-trucks","8":"product_tag-fire-truck","9":"product_tag-fire-engine","11":"first","12":"instock","13":"shipping-taxable","14":"product-type-simple"},"_links":{"self":[{"href":"https:\/\/ac-truck.com\/pt\/wp-json\/wp\/v2\/product\/4747","targetHints":{"allow":["GET"]}}],"collection":[{"href":"https:\/\/ac-truck.com\/pt\/wp-json\/wp\/v2\/product"}],"about":[{"href":"https:\/\/ac-truck.com\/pt\/wp-json\/wp\/v2\/types\/product"}],"version-history":[{"count":3,"href":"https:\/\/ac-truck.com\/pt\/wp-json\/wp\/v2\/product\/4747\/revisions"}],"predecessor-version":[{"id":4995,"href":"https:\/\/ac-truck.com\/pt\/wp-json\/wp\/v2\/product\/4747\/revisions\/4995"}],"wp:featuredmedia":[{"embeddable":true,"href":"https:\/\/ac-truck.com\/pt\/wp-json\/wp\/v2\/media\/4749"}],"wp:attachment":[{"href":"https:\/\/ac-truck.com\/pt\/wp-json\/wp\/v2\/media?parent=4747"}],"wp:term":[{"taxonomy":"product_brand","embeddable":true,"href":"https:\/\/ac-truck.com\/pt\/wp-json\/wp\/v2\/product_brand?post=4747"},{"taxonomy":"product_cat","embeddable":true,"href":"https:\/\/ac-truck.com\/pt\/wp-json\/wp\/v2\/product_cat?post=4747"},{"taxonomy":"product_tag","embeddable":true,"href":"https:\/\/ac-truck.com\/pt\/wp-json\/wp\/v2\/product_tag?post=4747"}],"curies":[{"name":"wp","href":"https:\/\/api.w.org\/{rel}","templated":true}]}}