{"id":4757,"date":"2025-09-13T15:57:59","date_gmt":"2025-09-13T07:57:59","guid":{"rendered":"https:\/\/ac-truck.com\/?post_type=product&#038;p=4757"},"modified":"2025-09-16T17:27:50","modified_gmt":"2025-09-16T09:27:50","slug":"8x4-foam-fire-truck-mercedes-benz","status":"publish","type":"product","link":"https:\/\/ac-truck.com\/pt\/foam-fire-truck-mercedes-benz.html","title":{"rendered":"Cami\u00e3o de bombeiros de espuma Mercedes Benz"},"content":{"rendered":"<table data-sort=\"sortDisabled\">\n<tbody>\n<tr class=\"firstRow\">\n<td colspan=\"1\" rowspan=\"1\" align=\"center\" valign=\"top\"><strong>Modelo de chassis<\/strong><\/td>\n<td colspan=\"1\" rowspan=\"1\" align=\"center\" valign=\"top\">Mercedes-Benz Arocs 4158 8\u00d74<\/td>\n<\/tr>\n<tr>\n<td colspan=\"1\" rowspan=\"1\" align=\"center\" valign=\"top\"><strong>Modelo\/tipo de motor<\/strong><\/td>\n<td colspan=\"1\" rowspan=\"1\" align=\"center\" valign=\"top\">Motor diesel intercooler turboalimentado Mercedes-Benz OM473 LA\/6 cilindros em linha<\/td>\n<\/tr>\n<tr>\n<td align=\"center\" valign=\"top\" width=\"760\"><strong>Deslocamento<\/strong><\/td>\n<td align=\"center\" valign=\"top\" width=\"760\">15.6 liters<\/td>\n<\/tr>\n<tr>\n<td align=\"center\" valign=\"top\" width=\"760\"><strong>Pot\u00eancia l\u00edquida m\u00e1xima do motor<\/strong><\/td>\n<td align=\"center\" valign=\"top\" width=\"760\">425 kW\/578 hp at 1600 rpm<\/td>\n<\/tr>\n<tr>\n<td align=\"center\" valign=\"top\" width=\"760\"><strong>Bin\u00e1rio m\u00e1ximo do motor<\/strong><\/td>\n<td align=\"center\" valign=\"top\" width=\"760\">2800 Nm\/(at 1100 r\/min)<\/td>\n<\/tr>\n<tr>\n<td align=\"center\" valign=\"top\" width=\"760\"><strong>Velocidade m\u00e1xima de carga total<\/strong><\/td>\n<td align=\"center\" valign=\"top\" width=\"760\">110 km\/h<\/td>\n<\/tr>\n<tr>\n<td align=\"center\" valign=\"top\" width=\"760\"><strong>Emiss\u00e3o<\/strong><\/td>\n<td align=\"center\" valign=\"top\" width=\"760\">Euro VI<\/td>\n<\/tr>\n<tr>\n<td align=\"center\" valign=\"top\" width=\"760\"><strong>Caixa de engrenagens<\/strong><\/td>\n<td align=\"center\" valign=\"top\" width=\"760\">Mercedes-Benz G280-16, caixa de velocidades inteligente totalmente autom\u00e1tica, 16 velocidades para a frente, rela\u00e7\u00e3o de velocidades 11,7-0,69; 4 marchas \u00e0 r\u00e9<\/td>\n<\/tr>\n<tr>\n<td colspan=\"1\" rowspan=\"1\" align=\"center\" valign=\"top\"><strong>Capacidade de transporte de l\u00edquidos<\/strong><\/td>\n<td colspan=\"1\" rowspan=\"1\" align=\"center\" valign=\"top\">\u00e1gua 14000L, espuma 4000<\/td>\n<\/tr>\n<tr>\n<td align=\"center\" valign=\"top\" width=\"760\"><strong>Bomba de inc\u00eandio\/caudal\/press\u00e3o<\/strong><\/td>\n<td align=\"center\" valign=\"top\" width=\"760\">Moradia\/ 150 L\/s@1,0 Mpa<\/td>\n<\/tr>\n<tr>\n<td align=\"center\" valign=\"top\" width=\"760\"><strong>Fluxo da bomba<\/strong><\/td>\n<td align=\"center\" valign=\"top\" width=\"760\">150 L\/s@1.0 Mpa<\/td>\n<\/tr>\n<tr>\n<td align=\"center\" valign=\"top\" width=\"760\"><strong>Canh\u00e3o de fogo<\/strong><\/td>\n<td align=\"center\" valign=\"top\" width=\"760\">EUA Amilon<\/td>\n<\/tr>\n<tr>\n<td align=\"center\" valign=\"top\" width=\"760\"><strong>Campo de tiro de canh\u00e3o<\/strong><\/td>\n<td align=\"center\" valign=\"top\" width=\"760\">alcance da \u00e1gua \u226585 m, alcance da espuma \u226570 m<\/td>\n<\/tr>\n<tr>\n<td colspan=\"2\" rowspan=\"1\" align=\"center\" valign=\"top\"><strong>outro<\/strong><\/p>\n<p>O cami\u00e3o de bombeiros de espuma \u00e9 um cami\u00e3o de bombeiros de servi\u00e7o pesado com grande capacidade de carga e v\u00e1rios tripulantes. Este produto n\u00e3o s\u00f3 possui a fun\u00e7\u00e3o de combate de baixa press\u00e3o e alto fluxo com um \u00fanico soldado, ideal para o combate a inc\u00eandios em cidades, minas, f\u00e1bricas, docas e, especialmente, armaz\u00e9ns log\u00edsticos, como tamb\u00e9m pode ser equipado com um cami\u00e3o de bombeiros de grande altura e utilizado em conjunto para combater inc\u00eandios em edif\u00edcios altos.<\/td>\n<\/tr>\n<\/tbody>\n<\/table>\n<p><img fetchpriority=\"high\" decoding=\"async\" class=\"alignnone size-full wp-image-4718\" src=\"https:\/\/ac-truck.com\/wp-content\/uploads\/2025\/09\/6-250F111125X09.jpg\" alt=\"cami\u00e3o de bombeiros\" width=\"1400\" height=\"766\" srcset=\"https:\/\/ac-truck.com\/wp-content\/uploads\/2025\/09\/6-250F111125X09.jpg 1400w, https:\/\/ac-truck.com\/wp-content\/uploads\/2025\/09\/6-250F111125X09-300x164.jpg 300w, https:\/\/ac-truck.com\/wp-content\/uploads\/2025\/09\/6-250F111125X09-1024x560.jpg 1024w, https:\/\/ac-truck.com\/wp-content\/uploads\/2025\/09\/6-250F111125X09-768x420.jpg 768w, https:\/\/ac-truck.com\/wp-content\/uploads\/2025\/09\/6-250F111125X09-18x10.jpg 18w, https:\/\/ac-truck.com\/wp-content\/uploads\/2025\/09\/6-250F111125X09-600x328.jpg 600w, https:\/\/ac-truck.com\/wp-content\/uploads\/2025\/09\/6-250F111125X09-150x82.jpg 150w\" sizes=\"(max-width: 1400px) 100vw, 1400px\" \/> <img decoding=\"async\" class=\"alignnone wp-image-4724\" src=\"https:\/\/ac-truck.com\/wp-content\/uploads\/2025\/09\/4105-202412191703232285.jpg\" alt=\"Fire truck structure diagram\" width=\"1400\" height=\"1015\" srcset=\"https:\/\/ac-truck.com\/wp-content\/uploads\/2025\/09\/4105-202412191703232285.jpg 1440w, https:\/\/ac-truck.com\/wp-content\/uploads\/2025\/09\/4105-202412191703232285-300x218.jpg 300w, https:\/\/ac-truck.com\/wp-content\/uploads\/2025\/09\/4105-202412191703232285-1024x742.jpg 1024w, https:\/\/ac-truck.com\/wp-content\/uploads\/2025\/09\/4105-202412191703232285-768x557.jpg 768w, https:\/\/ac-truck.com\/wp-content\/uploads\/2025\/09\/4105-202412191703232285-18x12.jpg 18w, https:\/\/ac-truck.com\/wp-content\/uploads\/2025\/09\/4105-202412191703232285-600x435.jpg 600w, https:\/\/ac-truck.com\/wp-content\/uploads\/2025\/09\/4105-202412191703232285-150x109.jpg 150w\" sizes=\"(max-width: 1400px) 100vw, 1400px\" \/> <img decoding=\"async\" class=\"alignnone wp-image-4720\" src=\"https:\/\/ac-truck.com\/wp-content\/uploads\/2025\/09\/6-250F11113032S.png\" alt=\"Fire truck key components\" width=\"1400\" height=\"1316\" srcset=\"https:\/\/ac-truck.com\/wp-content\/uploads\/2025\/09\/6-250F11113032S.png 1230w, https:\/\/ac-truck.com\/wp-content\/uploads\/2025\/09\/6-250F11113032S-300x282.png 300w, https:\/\/ac-truck.com\/wp-content\/uploads\/2025\/09\/6-250F11113032S-1024x962.png 1024w, https:\/\/ac-truck.com\/wp-content\/uploads\/2025\/09\/6-250F11113032S-768x722.png 768w, https:\/\/ac-truck.com\/wp-content\/uploads\/2025\/09\/6-250F11113032S-13x12.png 13w, https:\/\/ac-truck.com\/wp-content\/uploads\/2025\/09\/6-250F11113032S-600x564.png 600w, https:\/\/ac-truck.com\/wp-content\/uploads\/2025\/09\/6-250F11113032S-150x141.png 150w\" sizes=\"(max-width: 1400px) 100vw, 1400px\" \/> <img loading=\"lazy\" decoding=\"async\" class=\"alignnone wp-image-4719\" src=\"https:\/\/ac-truck.com\/wp-content\/uploads\/2025\/09\/6-250F111130W19.png\" alt=\"Fire truck key components\" width=\"1400\" height=\"1298\" srcset=\"https:\/\/ac-truck.com\/wp-content\/uploads\/2025\/09\/6-250F111130W19.png 1230w, https:\/\/ac-truck.com\/wp-content\/uploads\/2025\/09\/6-250F111130W19-300x278.png 300w, https:\/\/ac-truck.com\/wp-content\/uploads\/2025\/09\/6-250F111130W19-1024x949.png 1024w, https:\/\/ac-truck.com\/wp-content\/uploads\/2025\/09\/6-250F111130W19-768x712.png 768w, https:\/\/ac-truck.com\/wp-content\/uploads\/2025\/09\/6-250F111130W19-13x12.png 13w, https:\/\/ac-truck.com\/wp-content\/uploads\/2025\/09\/6-250F111130W19-600x556.png 600w, https:\/\/ac-truck.com\/wp-content\/uploads\/2025\/09\/6-250F111130W19-150x139.png 150w\" sizes=\"(max-width: 1400px) 100vw, 1400px\" \/> <img loading=\"lazy\" decoding=\"async\" class=\"alignnone wp-image-4721\" src=\"https:\/\/ac-truck.com\/wp-content\/uploads\/2025\/09\/6-250F11113131Y.png\" alt=\"Fire truck key components\" width=\"1400\" height=\"1298\" srcset=\"https:\/\/ac-truck.com\/wp-content\/uploads\/2025\/09\/6-250F11113131Y.png 1230w, https:\/\/ac-truck.com\/wp-content\/uploads\/2025\/09\/6-250F11113131Y-300x278.png 300w, https:\/\/ac-truck.com\/wp-content\/uploads\/2025\/09\/6-250F11113131Y-1024x949.png 1024w, https:\/\/ac-truck.com\/wp-content\/uploads\/2025\/09\/6-250F11113131Y-768x712.png 768w, https:\/\/ac-truck.com\/wp-content\/uploads\/2025\/09\/6-250F11113131Y-13x12.png 13w, https:\/\/ac-truck.com\/wp-content\/uploads\/2025\/09\/6-250F11113131Y-600x556.png 600w, https:\/\/ac-truck.com\/wp-content\/uploads\/2025\/09\/6-250F11113131Y-150x139.png 150w\" sizes=\"(max-width: 1400px) 100vw, 1400px\" \/> <img loading=\"lazy\" decoding=\"async\" class=\"alignnone size-full wp-image-4722\" src=\"https:\/\/ac-truck.com\/wp-content\/uploads\/2025\/09\/6-2506301K125131.jpg\" alt=\"Fire truck operation panel\" width=\"1400\" height=\"852\" srcset=\"https:\/\/ac-truck.com\/wp-content\/uploads\/2025\/09\/6-2506301K125131.jpg 1400w, https:\/\/ac-truck.com\/wp-content\/uploads\/2025\/09\/6-2506301K125131-300x183.jpg 300w, https:\/\/ac-truck.com\/wp-content\/uploads\/2025\/09\/6-2506301K125131-1024x623.jpg 1024w, https:\/\/ac-truck.com\/wp-content\/uploads\/2025\/09\/6-2506301K125131-768x467.jpg 768w, https:\/\/ac-truck.com\/wp-content\/uploads\/2025\/09\/6-2506301K125131-18x12.jpg 18w, https:\/\/ac-truck.com\/wp-content\/uploads\/2025\/09\/6-2506301K125131-600x365.jpg 600w, https:\/\/ac-truck.com\/wp-content\/uploads\/2025\/09\/6-2506301K125131-150x91.jpg 150w\" sizes=\"(max-width: 1400px) 100vw, 1400px\" \/><\/p>","protected":false},"excerpt":{"rendered":"<p>Chassis model Mercedes-Benz Arocs4158 8\u00d74 Engine model\/type Mercedes-Benz OM473 LA\/inline 6-cylinder turbocharged intercooled diesel engine Displacement 15.6 liters Engine maximum<\/p>","protected":false},"featured_media":4768,"template":"","meta":[],"product_brand":[261],"product_cat":[182],"product_tag":[259,279,280],"class_list":{"0":"post-4757","1":"product","2":"type-product","3":"status-publish","4":"has-post-thumbnail","6":"product_brand-mercedes-benz","7":"product_cat-fire-trucks","8":"product_tag-fire-truck","9":"product_tag-fire-engine","10":"product_tag-foam-fire-truck","12":"first","13":"instock","14":"shipping-taxable","15":"product-type-simple"},"_links":{"self":[{"href":"https:\/\/ac-truck.com\/pt\/wp-json\/wp\/v2\/product\/4757","targetHints":{"allow":["GET"]}}],"collection":[{"href":"https:\/\/ac-truck.com\/pt\/wp-json\/wp\/v2\/product"}],"about":[{"href":"https:\/\/ac-truck.com\/pt\/wp-json\/wp\/v2\/types\/product"}],"version-history":[{"count":5,"href":"https:\/\/ac-truck.com\/pt\/wp-json\/wp\/v2\/product\/4757\/revisions"}],"predecessor-version":[{"id":4997,"href":"https:\/\/ac-truck.com\/pt\/wp-json\/wp\/v2\/product\/4757\/revisions\/4997"}],"wp:featuredmedia":[{"embeddable":true,"href":"https:\/\/ac-truck.com\/pt\/wp-json\/wp\/v2\/media\/4768"}],"wp:attachment":[{"href":"https:\/\/ac-truck.com\/pt\/wp-json\/wp\/v2\/media?parent=4757"}],"wp:term":[{"taxonomy":"product_brand","embeddable":true,"href":"https:\/\/ac-truck.com\/pt\/wp-json\/wp\/v2\/product_brand?post=4757"},{"taxonomy":"product_cat","embeddable":true,"href":"https:\/\/ac-truck.com\/pt\/wp-json\/wp\/v2\/product_cat?post=4757"},{"taxonomy":"product_tag","embeddable":true,"href":"https:\/\/ac-truck.com\/pt\/wp-json\/wp\/v2\/product_tag?post=4757"}],"curies":[{"name":"wp","href":"https:\/\/api.w.org\/{rel}","templated":true}]}}