{"id":5971,"date":"2025-12-27T00:06:46","date_gmt":"2025-12-26T16:06:46","guid":{"rendered":"https:\/\/ac-truck.com\/?post_type=product&#038;p=5971"},"modified":"2026-04-08T11:58:37","modified_gmt":"2026-04-08T03:58:37","slug":"21m%c2%b3garbage-compression-truck-isuzu","status":"publish","type":"product","link":"https:\/\/ac-truck.com\/pt\/21m%C2%B3garbage-compression-truck-isuzu.html","title":{"rendered":"Cami\u00e3o compactador de lixo ISUZU de 21m\u00b3"},"content":{"rendered":"<div style=\"width: 1920px;\" class=\"wp-video\"><!--[if lt IE 9]><script>document.createElement('video');<\/script><![endif]-->\n<video class=\"wp-video-shortcode\" id=\"video-5971-1\" width=\"1920\" height=\"1080\" preload=\"metadata\" controls=\"controls\"><source type=\"video\/mp4\" src=\"https:\/\/ac-truck.com\/wp-content\/uploads\/2025\/12\/\u538b\u7f29\u65e0\u6c34\u5370.mp4?_=1\" \/><a href=\"https:\/\/ac-truck.com\/wp-content\/uploads\/2025\/12\/\u538b\u7f29\u65e0\u6c34\u5370.mp4\">https:\/\/ac-truck.com\/wp-content\/uploads\/2025\/12\/\u538b\u7f29\u65e0\u6c34\u5370.mp4<\/a><\/video><\/div>\n<p><strong><img fetchpriority=\"high\" decoding=\"async\" class=\"aligncenter wp-image-5972\" src=\"https:\/\/ac-truck.com\/wp-content\/uploads\/2025\/11\/1\u4ea7\u54c1\u6d77\u62a5_01-9.webp\" alt=\"\" width=\"1234\" height=\"1601\" srcset=\"https:\/\/ac-truck.com\/wp-content\/uploads\/2025\/11\/1\u4ea7\u54c1\u6d77\u62a5_01-9.webp 790w, https:\/\/ac-truck.com\/wp-content\/uploads\/2025\/11\/1\u4ea7\u54c1\u6d77\u62a5_01-9-231x300.webp 231w, https:\/\/ac-truck.com\/wp-content\/uploads\/2025\/11\/1\u4ea7\u54c1\u6d77\u62a5_01-9-768x996.webp 768w, https:\/\/ac-truck.com\/wp-content\/uploads\/2025\/11\/1\u4ea7\u54c1\u6d77\u62a5_01-9-9x12.webp 9w, https:\/\/ac-truck.com\/wp-content\/uploads\/2025\/11\/1\u4ea7\u54c1\u6d77\u62a5_01-9-600x778.webp 600w, https:\/\/ac-truck.com\/wp-content\/uploads\/2025\/11\/1\u4ea7\u54c1\u6d77\u62a5_01-9-150x195.webp 150w\" sizes=\"(max-width: 1234px) 100vw, 1234px\" \/><\/strong><\/p>\n<h1 style=\"text-align: center;\"><strong>PAR\u00c2METROS DO PRODUTO<\/strong><\/h1>\n<p><strong><img decoding=\"async\" class=\"aligncenter wp-image-5973\" src=\"https:\/\/ac-truck.com\/wp-content\/uploads\/2025\/11\/1\u4ea7\u54c1\u6d77\u62a5_03-9.webp\" alt=\"\" width=\"1234\" height=\"486\" srcset=\"https:\/\/ac-truck.com\/wp-content\/uploads\/2025\/11\/1\u4ea7\u54c1\u6d77\u62a5_03-9.webp 790w, https:\/\/ac-truck.com\/wp-content\/uploads\/2025\/11\/1\u4ea7\u54c1\u6d77\u62a5_03-9-300x118.webp 300w, https:\/\/ac-truck.com\/wp-content\/uploads\/2025\/11\/1\u4ea7\u54c1\u6d77\u62a5_03-9-768x302.webp 768w, https:\/\/ac-truck.com\/wp-content\/uploads\/2025\/11\/1\u4ea7\u54c1\u6d77\u62a5_03-9-18x7.webp 18w, https:\/\/ac-truck.com\/wp-content\/uploads\/2025\/11\/1\u4ea7\u54c1\u6d77\u62a5_03-9-600x236.webp 600w, https:\/\/ac-truck.com\/wp-content\/uploads\/2025\/11\/1\u4ea7\u54c1\u6d77\u62a5_03-9-150x59.webp 150w\" sizes=\"(max-width: 1234px) 100vw, 1234px\" \/><\/strong><\/p>\n<h2 style=\"text-align: center;\"><strong>Cami\u00e3o compactador de lixo ISUZU de 21m\u00b3 <\/strong><\/h2>\n<table>\n<tbody>\n<tr>\n<td width=\"85\"><strong>projeto<\/strong><\/td>\n<td width=\"296\"><strong>Descri\u00e7\u00f5es<\/strong><\/td>\n<td width=\"317\"><strong>Especifica\u00e7\u00f5es<\/strong><\/td>\n<\/tr>\n<tr>\n<td rowspan=\"4\" width=\"85\"><strong>General\u00a0<\/strong><\/td>\n<td width=\"296\"><strong>Dimens\u00f5es totais (mm)<\/strong><\/td>\n<td width=\"317\"><strong>10270*2545*3380<\/strong><\/td>\n<\/tr>\n<tr>\n<td width=\"296\"><strong>peso bruto (kg)<\/strong><\/td>\n<td width=\"317\"><strong>14200<\/strong><\/td>\n<\/tr>\n<tr>\n<td width=\"296\"><strong>Capacidade de carga (Kg)<\/strong><\/td>\n<td width=\"317\"><strong>10670<\/strong><\/td>\n<\/tr>\n<tr>\n<td width=\"296\"><strong>Massa total (Kg)<\/strong><\/td>\n<td width=\"317\"><strong>25000<\/strong><\/td>\n<\/tr>\n<tr>\n<td rowspan=\"3\" width=\"85\"><strong>Corpo<\/strong><\/td>\n<td width=\"296\"><strong>Volume da caixa (m\u00b3)<\/strong><\/td>\n<td width=\"317\"><strong>21<\/strong><\/td>\n<\/tr>\n<tr>\n<td width=\"296\"><strong>Espessura da caixa<\/strong><\/td>\n<td width=\"317\"><strong>Chapa de a\u00e7o mangan\u00eas Q235 (Q355 opcional)<\/strong><\/td>\n<\/tr>\n<tr>\n<td width=\"296\"><strong>Espessura da caixa (mm)<\/strong><\/td>\n<td width=\"317\"><strong>Side 4 bottom 5<\/strong><\/td>\n<\/tr>\n<tr>\n<td rowspan=\"8\" width=\"85\"><strong>Chassis<\/strong><\/p>\n<p>&nbsp;<\/td>\n<td width=\"296\"><strong>Marca do chassi<\/strong><\/td>\n<td width=\"317\"><strong>ISUZU<\/strong><\/td>\n<\/tr>\n<tr>\n<td width=\"296\"><strong>Formul\u00e1rio do motorista<\/strong><\/td>\n<td width=\"317\"><strong>6*4<\/strong><\/td>\n<\/tr>\n<tr>\n<td width=\"296\"><strong>Volante<\/strong><\/td>\n<td width=\"317\"><strong>Dire\u00e7\u00e3o \u00e0 esquerda<\/strong><\/td>\n<\/tr>\n<tr>\n<td width=\"296\"><strong>Dist\u00e2ncia entre eixos (mm)<\/strong><\/td>\n<td width=\"317\"><strong>4600+1370<\/strong><\/td>\n<\/tr>\n<tr>\n<td width=\"296\"><strong>Marca e modelo do motor<\/strong><\/td>\n<td width=\"317\"><strong>6UZ1-TCG61<\/strong><\/td>\n<\/tr>\n<tr>\n<td width=\"296\"><strong>Pot\u00eancia m\u00e1xima do motor (kW)<\/strong><\/td>\n<td width=\"317\"><strong>279<\/strong><\/td>\n<\/tr>\n<tr>\n<td width=\"296\"><strong>Padr\u00f5es de emiss\u00e3o<\/strong><\/td>\n<td width=\"317\"><strong>Euro 6<\/strong><\/td>\n<\/tr>\n<tr>\n<td width=\"296\"><strong>Caixa de engrenagens<\/strong><\/td>\n<td width=\"317\"><strong>Caixa de velocidades de 12 velocidades<\/strong><\/td>\n<\/tr>\n<\/tbody>\n<\/table>\n<h1 style=\"text-align: center;\"><strong>VANTAGENS DOS CAMINH\u00d5ES<\/strong><\/h1>\n<h5 style=\"text-align: center;\"><strong>ACESS\u00d3RIOS PRINCIPAIS DO SISTEMA HIDR\u00c1ULICO<\/strong><\/h5>\n<p><strong><img decoding=\"async\" class=\"aligncenter wp-image-5881\" src=\"https:\/\/ac-truck.com\/wp-content\/uploads\/2025\/11\/%E5%8E%8B%E7%BC%A9%E5%9E%83%E5%9C%BE%E8%BD%A6%E8%AF%A6%E6%83%85%E9%A1%B5_05.webp\" sizes=\"(max-width: 1234px) 100vw, 1234px\" srcset=\"https:\/\/ac-truck.com\/wp-content\/uploads\/2025\/11\/\u538b\u7f29\u5783\u573e\u8f66\u8be6\u60c5\u9875_05.webp 752w, https:\/\/ac-truck.com\/wp-content\/uploads\/2025\/11\/\u538b\u7f29\u5783\u573e\u8f66\u8be6\u60c5\u9875_05-157x300.webp 157w, https:\/\/ac-truck.com\/wp-content\/uploads\/2025\/11\/\u538b\u7f29\u5783\u573e\u8f66\u8be6\u60c5\u9875_05-537x1024.webp 537w, https:\/\/ac-truck.com\/wp-content\/uploads\/2025\/11\/\u538b\u7f29\u5783\u573e\u8f66\u8be6\u60c5\u9875_05-6x12.webp 6w, https:\/\/ac-truck.com\/wp-content\/uploads\/2025\/11\/\u538b\u7f29\u5783\u573e\u8f66\u8be6\u60c5\u9875_05-600x1144.webp 600w, https:\/\/ac-truck.com\/wp-content\/uploads\/2025\/11\/\u538b\u7f29\u5783\u573e\u8f66\u8be6\u60c5\u9875_05-150x286.webp 150w\" alt=\"\" width=\"1234\" height=\"2353\" \/><\/strong><\/p>\n<p><strong>1. Cilindro hidr\u00e1ulico: Os cilindros de m\u00faltiplas sec\u00e7\u00f5es estendem-se sequencialmente para proporcionar um maior curso de compress\u00e3o, permitindo m\u00faltiplas compress\u00f5es do lixo.<\/strong><br \/>\n<strong>2. Bomba de \u00f3leo hidr\u00e1ulico: Fornece \u00f3leo hidr\u00e1ulico de alto caudal para garantir uma resposta r\u00e1pida \u00e0 a\u00e7\u00e3o de compress\u00e3o.<\/strong><br \/>\n<strong>3. Coletor de Press\u00e3o de \u00d3leo: Ajusta a velocidade telesc\u00f3pica do cilindro. Opera a baixa velocidade e alta press\u00e3o durante a compress\u00e3o e a alta velocidade e baixa press\u00e3o durante o curso de retorno para otimizar a efici\u00eancia do ciclo.<\/strong><br \/>\n<strong>4. V\u00e1lvula de contrapress\u00e3o: Estabiliza a press\u00e3o do sistema hidr\u00e1ulico, melhora a efici\u00eancia da compacta\u00e7\u00e3o do lixo e protege os componentes hidr\u00e1ulicos e o sistema.<\/strong><br \/>\n<strong>5.\u00ba Dep\u00f3sito de \u00f3leo hidr\u00e1ulico especial: O dep\u00f3sito de grande capacidade est\u00e1 equipado com um dispositivo eficiente de dissipa\u00e7\u00e3o de calor (arrefecido a ar\/arrefecido a \u00e1gua) para garantir a temperatura est\u00e1vel do \u00f3leo hidr\u00e1ulico durante o funcionamento cont\u00ednuo.<\/strong><\/p>\n<h1 style=\"text-align: center;\"><strong>ACESS\u00d3RIOS PARA ESTRUTURAS DE COMPRESS\u00c3O<\/strong><\/h1>\n<p><strong><img loading=\"lazy\" decoding=\"async\" class=\"aligncenter wp-image-5882\" src=\"https:\/\/ac-truck.com\/wp-content\/uploads\/2025\/11\/%E5%8E%8B%E7%BC%A9%E5%9E%83%E5%9C%BE%E8%BD%A6%E8%AF%A6%E6%83%85%E9%A1%B5_07.webp\" sizes=\"(max-width: 1234px) 100vw, 1234px\" srcset=\"https:\/\/ac-truck.com\/wp-content\/uploads\/2025\/11\/\u538b\u7f29\u5783\u573e\u8f66\u8be6\u60c5\u9875_07.webp 752w, https:\/\/ac-truck.com\/wp-content\/uploads\/2025\/11\/\u538b\u7f29\u5783\u573e\u8f66\u8be6\u60c5\u9875_07-168x300.webp 168w, https:\/\/ac-truck.com\/wp-content\/uploads\/2025\/11\/\u538b\u7f29\u5783\u573e\u8f66\u8be6\u60c5\u9875_07-575x1024.webp 575w, https:\/\/ac-truck.com\/wp-content\/uploads\/2025\/11\/\u538b\u7f29\u5783\u573e\u8f66\u8be6\u60c5\u9875_07-7x12.webp 7w, https:\/\/ac-truck.com\/wp-content\/uploads\/2025\/11\/\u538b\u7f29\u5783\u573e\u8f66\u8be6\u60c5\u9875_07-600x1069.webp 600w, https:\/\/ac-truck.com\/wp-content\/uploads\/2025\/11\/\u538b\u7f29\u5783\u573e\u8f66\u8be6\u60c5\u9875_07-150x267.webp 150w\" alt=\"\" width=\"1234\" height=\"2199\" \/><\/strong><\/p>\n<p><strong>Placa de press\u00e3o de alta resist\u00eancia<\/strong><br \/>\n<strong>Dispositivo de raspagem ligado<\/strong><br \/>\n<strong>C\u00e2mara de Compress\u00e3o<\/strong><br \/>\n<strong>Plano \u2013 empurrar Cilindro principal<\/strong><br \/>\n<strong>Movimento para a frente da base do cilindro da p\u00e1 de empurrar<\/strong><\/p>\n<h1 style=\"text-align: center;\"><strong>LIXEIRA<\/strong><\/h1>\n<p><strong><img loading=\"lazy\" decoding=\"async\" class=\"aligncenter wp-image-5883\" src=\"https:\/\/ac-truck.com\/wp-content\/uploads\/2025\/11\/%E5%8E%8B%E7%BC%A9%E5%9E%83%E5%9C%BE%E8%BD%A6%E8%AF%A6%E6%83%85%E9%A1%B5_09.webp\" sizes=\"(max-width: 1234px) 100vw, 1234px\" srcset=\"https:\/\/ac-truck.com\/wp-content\/uploads\/2025\/11\/\u538b\u7f29\u5783\u573e\u8f66\u8be6\u60c5\u9875_09.webp 752w, https:\/\/ac-truck.com\/wp-content\/uploads\/2025\/11\/\u538b\u7f29\u5783\u573e\u8f66\u8be6\u60c5\u9875_09-300x146.webp 300w, https:\/\/ac-truck.com\/wp-content\/uploads\/2025\/11\/\u538b\u7f29\u5783\u573e\u8f66\u8be6\u60c5\u9875_09-18x9.webp 18w, https:\/\/ac-truck.com\/wp-content\/uploads\/2025\/11\/\u538b\u7f29\u5783\u573e\u8f66\u8be6\u60c5\u9875_09-600x292.webp 600w, https:\/\/ac-truck.com\/wp-content\/uploads\/2025\/11\/\u538b\u7f29\u5783\u573e\u8f66\u8be6\u60c5\u9875_09-150x73.webp 150w\" alt=\"\" width=\"1234\" height=\"601\" \/><\/strong><\/p>\n<p><strong>Caixa em forma de arco: O interior da papeleira \u00e9 fabricado em a\u00e7o de alta resist\u00eancia e a sua superf\u00edcie recebe tratamento anticorrosivo (como pulveriza\u00e7\u00e3o, revestimento electrofor\u00e9tico, etc.) para prolongar a sua vida \u00fatil.<\/strong><\/p>\n<h1 style=\"text-align: center;\"><strong>ESTRUTURA DE CARREGAMENTO TRASEIRA<\/strong><\/h1>\n<p><strong><img loading=\"lazy\" decoding=\"async\" class=\"aligncenter wp-image-5884\" src=\"https:\/\/ac-truck.com\/wp-content\/uploads\/2025\/11\/%E5%8E%8B%E7%BC%A9%E5%9E%83%E5%9C%BE%E8%BD%A6%E8%AF%A6%E6%83%85%E9%A1%B5_11.webp\" sizes=\"(max-width: 1234px) 100vw, 1234px\" srcset=\"https:\/\/ac-truck.com\/wp-content\/uploads\/2025\/11\/\u538b\u7f29\u5783\u573e\u8f66\u8be6\u60c5\u9875_11.webp 752w, https:\/\/ac-truck.com\/wp-content\/uploads\/2025\/11\/\u538b\u7f29\u5783\u573e\u8f66\u8be6\u60c5\u9875_11-300x247.webp 300w, https:\/\/ac-truck.com\/wp-content\/uploads\/2025\/11\/\u538b\u7f29\u5783\u573e\u8f66\u8be6\u60c5\u9875_11-15x12.webp 15w, https:\/\/ac-truck.com\/wp-content\/uploads\/2025\/11\/\u538b\u7f29\u5783\u573e\u8f66\u8be6\u60c5\u9875_11-600x493.webp 600w, https:\/\/ac-truck.com\/wp-content\/uploads\/2025\/11\/\u538b\u7f29\u5783\u573e\u8f66\u8be6\u60c5\u9875_11-150x123.webp 150w\" alt=\"\" width=\"1234\" height=\"1014\" \/><\/strong><\/p>\n<p><strong>Estrutura da ca\u00e7amba basculante traseira<\/strong><br \/>\n<strong>Estrutura traseira triangular tipo balde<\/strong><br \/>\n<strong>Balde cheio \u2013 piso<\/strong><br \/>\n<strong>Estrutura do bra\u00e7o oscilante traseiro<\/strong><\/p>\n<h1 style=\"text-align: center;\"><strong>REDUZIR A POLUI\u00c7\u00c3O SECUND\u00c1RIA<\/strong><\/h1>\n<p><strong><img loading=\"lazy\" decoding=\"async\" class=\"aligncenter wp-image-5885\" src=\"https:\/\/ac-truck.com\/wp-content\/uploads\/2025\/11\/%E5%8E%8B%E7%BC%A9%E5%9E%83%E5%9C%BE%E8%BD%A6%E8%AF%A6%E6%83%85%E9%A1%B5_13.webp\" sizes=\"(max-width: 1234px) 100vw, 1234px\" srcset=\"https:\/\/ac-truck.com\/wp-content\/uploads\/2025\/11\/\u538b\u7f29\u5783\u573e\u8f66\u8be6\u60c5\u9875_13.webp 752w, https:\/\/ac-truck.com\/wp-content\/uploads\/2025\/11\/\u538b\u7f29\u5783\u573e\u8f66\u8be6\u60c5\u9875_13-300x181.webp 300w, https:\/\/ac-truck.com\/wp-content\/uploads\/2025\/11\/\u538b\u7f29\u5783\u573e\u8f66\u8be6\u60c5\u9875_13-18x12.webp 18w, https:\/\/ac-truck.com\/wp-content\/uploads\/2025\/11\/\u538b\u7f29\u5783\u573e\u8f66\u8be6\u60c5\u9875_13-600x361.webp 600w, https:\/\/ac-truck.com\/wp-content\/uploads\/2025\/11\/\u538b\u7f29\u5783\u573e\u8f66\u8be6\u60c5\u9875_13-150x90.webp 150w\" alt=\"\" width=\"1234\" height=\"743\" \/><\/strong><\/p>\n<p><strong>Fita de veda\u00e7\u00e3o<\/strong><br \/>\n<strong>Projeto do Sistema de Esgotos<\/strong><\/p>\n<h1 style=\"text-align: center;\"><strong>OPERA\u00c7\u00c3O SIMPLES<\/strong><\/h1>\n<p><strong><img loading=\"lazy\" decoding=\"async\" class=\"aligncenter wp-image-5886\" src=\"https:\/\/ac-truck.com\/wp-content\/uploads\/2025\/11\/%E5%8E%8B%E7%BC%A9%E5%9E%83%E5%9C%BE%E8%BD%A6%E8%AF%A6%E6%83%85%E9%A1%B5_15.webp\" sizes=\"(max-width: 1234px) 100vw, 1234px\" srcset=\"https:\/\/ac-truck.com\/wp-content\/uploads\/2025\/11\/\u538b\u7f29\u5783\u573e\u8f66\u8be6\u60c5\u9875_15.webp 752w, https:\/\/ac-truck.com\/wp-content\/uploads\/2025\/11\/\u538b\u7f29\u5783\u573e\u8f66\u8be6\u60c5\u9875_15-300x122.webp 300w, https:\/\/ac-truck.com\/wp-content\/uploads\/2025\/11\/\u538b\u7f29\u5783\u573e\u8f66\u8be6\u60c5\u9875_15-18x7.webp 18w, https:\/\/ac-truck.com\/wp-content\/uploads\/2025\/11\/\u538b\u7f29\u5783\u573e\u8f66\u8be6\u60c5\u9875_15-600x244.webp 600w, https:\/\/ac-truck.com\/wp-content\/uploads\/2025\/11\/\u538b\u7f29\u5783\u573e\u8f66\u8be6\u60c5\u9875_15-150x61.webp 150w\" alt=\"\" width=\"1234\" height=\"502\" \/><\/strong><\/p>\n<p><strong>Permite alternar entre os modos \u201cautom\u00e1tico\u201d e \u201cmanual\u201d.<\/strong><br \/>\n<strong>No modo autom\u00e1tico, pode operar num ciclo autom\u00e1tico de acordo com par\u00e2metros predefinidos, melhorando a efici\u00eancia da opera\u00e7\u00e3o.<\/strong><\/p>\n<h1 style=\"text-align: center;\"><strong>DESIGN DE PROTE\u00c7\u00c3O DE SEGURAN\u00c7A<\/strong><\/h1>\n<p><strong><img loading=\"lazy\" decoding=\"async\" class=\"aligncenter wp-image-5887\" src=\"https:\/\/ac-truck.com\/wp-content\/uploads\/2025\/11\/%E5%8E%8B%E7%BC%A9%E5%9E%83%E5%9C%BE%E8%BD%A6%E8%AF%A6%E6%83%85%E9%A1%B5_17.webp\" sizes=\"(max-width: 1234px) 100vw, 1234px\" srcset=\"https:\/\/ac-truck.com\/wp-content\/uploads\/2025\/11\/\u538b\u7f29\u5783\u573e\u8f66\u8be6\u60c5\u9875_17.webp 752w, https:\/\/ac-truck.com\/wp-content\/uploads\/2025\/11\/\u538b\u7f29\u5783\u573e\u8f66\u8be6\u60c5\u9875_17-300x141.webp 300w, https:\/\/ac-truck.com\/wp-content\/uploads\/2025\/11\/\u538b\u7f29\u5783\u573e\u8f66\u8be6\u60c5\u9875_17-18x8.webp 18w, https:\/\/ac-truck.com\/wp-content\/uploads\/2025\/11\/\u538b\u7f29\u5783\u573e\u8f66\u8be6\u60c5\u9875_17-600x282.webp 600w, https:\/\/ac-truck.com\/wp-content\/uploads\/2025\/11\/\u538b\u7f29\u5783\u573e\u8f66\u8be6\u60c5\u9875_17-150x70.webp 150w\" alt=\"\" width=\"1234\" height=\"579\" \/><\/strong><\/p>\n<p><strong>Bot\u00e3o de Paragem de Emerg\u00eancia: Responde rapidamente em caso de emerg\u00eancias para garantir a seguran\u00e7a.<\/strong><br \/>\n<strong>V\u00e1lvula de equil\u00edbrio bidirecional: Permite o equil\u00edbrio de carga bidirecional e o bloqueio de seguran\u00e7a bidirecional.<\/strong><\/p>\n<h1 style=\"text-align: center;\"><strong>OUTRAS CONFIGURA\u00c7\u00d5ES<\/strong><\/h1>\n<p><strong><img loading=\"lazy\" decoding=\"async\" class=\"aligncenter wp-image-5888\" src=\"https:\/\/ac-truck.com\/wp-content\/uploads\/2025\/11\/%E5%8E%8B%E7%BC%A9%E5%9E%83%E5%9C%BE%E8%BD%A6%E8%AF%A6%E6%83%85%E9%A1%B5_19.webp\" sizes=\"(max-width: 1234px) 100vw, 1234px\" srcset=\"https:\/\/ac-truck.com\/wp-content\/uploads\/2025\/11\/\u538b\u7f29\u5783\u573e\u8f66\u8be6\u60c5\u9875_19.webp 752w, https:\/\/ac-truck.com\/wp-content\/uploads\/2025\/11\/\u538b\u7f29\u5783\u573e\u8f66\u8be6\u60c5\u9875_19-300x86.webp 300w, https:\/\/ac-truck.com\/wp-content\/uploads\/2025\/11\/\u538b\u7f29\u5783\u573e\u8f66\u8be6\u60c5\u9875_19-18x5.webp 18w, https:\/\/ac-truck.com\/wp-content\/uploads\/2025\/11\/\u538b\u7f29\u5783\u573e\u8f66\u8be6\u60c5\u9875_19-600x172.webp 600w, https:\/\/ac-truck.com\/wp-content\/uploads\/2025\/11\/\u538b\u7f29\u5783\u573e\u8f66\u8be6\u60c5\u9875_19-150x43.webp 150w\" alt=\"\" width=\"1234\" height=\"354\" \/><\/strong><\/p>\n<p><strong>1. Tubo de \u00f3leo hidr\u00e1ulico: Apresenta uma excelente resist\u00eancia ao \u00f3leo, \u00e0 corros\u00e3o e \u00e0 temperatura, elevada capacidade de suportar press\u00e3o e flexibilidade de curvatura.<\/strong><br \/>\n<strong>2. Medidor de \u00d3leo Hidr\u00e1ulico: Monitoriza os principais par\u00e2metros do sistema hidr\u00e1ulico em tempo real, fornece alertas antecipados de avarias e reduz as perdas por tempo de paragem.<\/strong><br \/>\n<strong>3. Bico de Massa: Possui uma interface padronizada, proporciona uma lubrifica\u00e7\u00e3o selada e prolonga a vida \u00fatil dos componentes.<\/strong><\/p>\n<h1 style=\"text-align: center;\"><strong>PROCESSO DE PRODU\u00c7\u00c3O<\/strong><\/h1>\n<p><strong><img loading=\"lazy\" decoding=\"async\" class=\"aligncenter wp-image-5889\" src=\"https:\/\/ac-truck.com\/wp-content\/uploads\/2025\/11\/%E5%8E%8B%E7%BC%A9%E5%9E%83%E5%9C%BE%E8%BD%A6%E8%AF%A6%E6%83%85%E9%A1%B5_21.webp\" sizes=\"(max-width: 1234px) 100vw, 1234px\" srcset=\"https:\/\/ac-truck.com\/wp-content\/uploads\/2025\/11\/\u538b\u7f29\u5783\u573e\u8f66\u8be6\u60c5\u9875_21.webp 752w, https:\/\/ac-truck.com\/wp-content\/uploads\/2025\/11\/\u538b\u7f29\u5783\u573e\u8f66\u8be6\u60c5\u9875_21-122x300.webp 122w, https:\/\/ac-truck.com\/wp-content\/uploads\/2025\/11\/\u538b\u7f29\u5783\u573e\u8f66\u8be6\u60c5\u9875_21-415x1024.webp 415w, https:\/\/ac-truck.com\/wp-content\/uploads\/2025\/11\/\u538b\u7f29\u5783\u573e\u8f66\u8be6\u60c5\u9875_21-623x1536.webp 623w, https:\/\/ac-truck.com\/wp-content\/uploads\/2025\/11\/\u538b\u7f29\u5783\u573e\u8f66\u8be6\u60c5\u9875_21-5x12.webp 5w, https:\/\/ac-truck.com\/wp-content\/uploads\/2025\/11\/\u538b\u7f29\u5783\u573e\u8f66\u8be6\u60c5\u9875_21-600x1479.webp 600w, https:\/\/ac-truck.com\/wp-content\/uploads\/2025\/11\/\u538b\u7f29\u5783\u573e\u8f66\u8be6\u60c5\u9875_21-150x370.webp 150w\" alt=\"\" width=\"1234\" height=\"3042\" \/><img loading=\"lazy\" decoding=\"async\" class=\"aligncenter wp-image-5890\" src=\"https:\/\/ac-truck.com\/wp-content\/uploads\/2025\/11\/%E5%8E%8B%E7%BC%A9%E5%9E%83%E5%9C%BE%E8%BD%A6%E8%AF%A6%E6%83%85%E9%A1%B5_22.webp\" sizes=\"(max-width: 1234px) 100vw, 1234px\" srcset=\"https:\/\/ac-truck.com\/wp-content\/uploads\/2025\/11\/\u538b\u7f29\u5783\u573e\u8f66\u8be6\u60c5\u9875_22.webp 752w, https:\/\/ac-truck.com\/wp-content\/uploads\/2025\/11\/\u538b\u7f29\u5783\u573e\u8f66\u8be6\u60c5\u9875_22-121x300.webp 121w, https:\/\/ac-truck.com\/wp-content\/uploads\/2025\/11\/\u538b\u7f29\u5783\u573e\u8f66\u8be6\u60c5\u9875_22-415x1024.webp 415w, https:\/\/ac-truck.com\/wp-content\/uploads\/2025\/11\/\u538b\u7f29\u5783\u573e\u8f66\u8be6\u60c5\u9875_22-622x1536.webp 622w, https:\/\/ac-truck.com\/wp-content\/uploads\/2025\/11\/\u538b\u7f29\u5783\u573e\u8f66\u8be6\u60c5\u9875_22-5x12.webp 5w, https:\/\/ac-truck.com\/wp-content\/uploads\/2025\/11\/\u538b\u7f29\u5783\u573e\u8f66\u8be6\u60c5\u9875_22-600x1482.webp 600w, https:\/\/ac-truck.com\/wp-content\/uploads\/2025\/11\/\u538b\u7f29\u5783\u573e\u8f66\u8be6\u60c5\u9875_22-150x370.webp 150w\" alt=\"\" width=\"1234\" height=\"3047\" \/><\/strong><\/p>\n<p><strong>1. Corte de material de produ\u00e7\u00e3o<\/strong><br \/>\n<strong>2. Soldadura com material de enchimento<\/strong><br \/>\n<strong>3. Soldadura da carro\u00e7aria<\/strong><br \/>\n<strong>4. Montagem da Carro\u00e7aria<\/strong><br \/>\n<strong>5. Conjunto de enchimento<\/strong><br \/>\n<strong>6. Montagem da carro\u00e7aria no chassis<\/strong><br \/>\n<strong>7. Prepara\u00e7\u00e3o para a Pintura<\/strong><br \/>\n<strong>8. Conclus\u00e3o do Ve\u00edculo Completo<\/strong><\/p>\n<h1 style=\"text-align: center;\"><strong>CEN\u00c1RIOS PR\u00c1TICOS<\/strong><\/h1>\n<p><strong><img loading=\"lazy\" decoding=\"async\" class=\"aligncenter wp-image-5891\" src=\"https:\/\/ac-truck.com\/wp-content\/uploads\/2025\/11\/%E5%8E%8B%E7%BC%A9%E5%9E%83%E5%9C%BE%E8%BD%A6%E8%AF%A6%E6%83%85%E9%A1%B5_24.webp\" sizes=\"(max-width: 1234px) 100vw, 1234px\" srcset=\"https:\/\/ac-truck.com\/wp-content\/uploads\/2025\/11\/\u538b\u7f29\u5783\u573e\u8f66\u8be6\u60c5\u9875_24.webp 752w, https:\/\/ac-truck.com\/wp-content\/uploads\/2025\/11\/\u538b\u7f29\u5783\u573e\u8f66\u8be6\u60c5\u9875_24-300x300.webp 300w, https:\/\/ac-truck.com\/wp-content\/uploads\/2025\/11\/\u538b\u7f29\u5783\u573e\u8f66\u8be6\u60c5\u9875_24-150x150.webp 150w, https:\/\/ac-truck.com\/wp-content\/uploads\/2025\/11\/\u538b\u7f29\u5783\u573e\u8f66\u8be6\u60c5\u9875_24-12x12.webp 12w, https:\/\/ac-truck.com\/wp-content\/uploads\/2025\/11\/\u538b\u7f29\u5783\u573e\u8f66\u8be6\u60c5\u9875_24-600x602.webp 600w\" alt=\"\" width=\"1234\" height=\"1237\" \/><\/strong><\/p>\n<h1 style=\"text-align: center;\"><strong>EMBALAMENTO E TRANSPORTE<\/strong><\/h1>\n<p><strong><img loading=\"lazy\" decoding=\"async\" class=\"aligncenter wp-image-5892\" src=\"https:\/\/ac-truck.com\/wp-content\/uploads\/2025\/11\/%E5%8E%8B%E7%BC%A9%E5%9E%83%E5%9C%BE%E8%BD%A6%E8%AF%A6%E6%83%85%E9%A1%B5_26.webp\" sizes=\"(max-width: 1234px) 100vw, 1234px\" srcset=\"https:\/\/ac-truck.com\/wp-content\/uploads\/2025\/11\/\u538b\u7f29\u5783\u573e\u8f66\u8be6\u60c5\u9875_26.webp 752w, https:\/\/ac-truck.com\/wp-content\/uploads\/2025\/11\/\u538b\u7f29\u5783\u573e\u8f66\u8be6\u60c5\u9875_26-192x300.webp 192w, https:\/\/ac-truck.com\/wp-content\/uploads\/2025\/11\/\u538b\u7f29\u5783\u573e\u8f66\u8be6\u60c5\u9875_26-657x1024.webp 657w, https:\/\/ac-truck.com\/wp-content\/uploads\/2025\/11\/\u538b\u7f29\u5783\u573e\u8f66\u8be6\u60c5\u9875_26-8x12.webp 8w, https:\/\/ac-truck.com\/wp-content\/uploads\/2025\/11\/\u538b\u7f29\u5783\u573e\u8f66\u8be6\u60c5\u9875_26-600x935.webp 600w, https:\/\/ac-truck.com\/wp-content\/uploads\/2025\/11\/\u538b\u7f29\u5783\u573e\u8f66\u8be6\u60c5\u9875_26-150x234.webp 150w\" alt=\"\" width=\"1234\" height=\"1923\" \/><\/strong><\/p>","protected":false},"excerpt":{"rendered":"<p>PRODUCT PARAMETERS 21m\u00b3garbage compression truck ISUZU project Descriptions Specifications General\u00a0 Overall dimensions(mm) 10270*2545*3380 curb weight(Kg) 14200 Loading capacity(Kg) 10670 Total<\/p>","protected":false},"featured_media":5974,"template":"","meta":[],"product_brand":[213],"product_cat":[192],"product_tag":[195,309],"class_list":{"0":"post-5971","1":"product","2":"type-product","3":"status-publish","4":"has-post-thumbnail","6":"product_brand-isuzu","7":"product_cat-garbage-trucks","8":"product_tag-garbage-truck","9":"product_tag-21m","11":"first","12":"instock","13":"shipping-taxable","14":"product-type-simple"},"_links":{"self":[{"href":"https:\/\/ac-truck.com\/pt\/wp-json\/wp\/v2\/product\/5971","targetHints":{"allow":["GET"]}}],"collection":[{"href":"https:\/\/ac-truck.com\/pt\/wp-json\/wp\/v2\/product"}],"about":[{"href":"https:\/\/ac-truck.com\/pt\/wp-json\/wp\/v2\/types\/product"}],"version-history":[{"count":3,"href":"https:\/\/ac-truck.com\/pt\/wp-json\/wp\/v2\/product\/5971\/revisions"}],"predecessor-version":[{"id":7892,"href":"https:\/\/ac-truck.com\/pt\/wp-json\/wp\/v2\/product\/5971\/revisions\/7892"}],"wp:featuredmedia":[{"embeddable":true,"href":"https:\/\/ac-truck.com\/pt\/wp-json\/wp\/v2\/media\/5974"}],"wp:attachment":[{"href":"https:\/\/ac-truck.com\/pt\/wp-json\/wp\/v2\/media?parent=5971"}],"wp:term":[{"taxonomy":"product_brand","embeddable":true,"href":"https:\/\/ac-truck.com\/pt\/wp-json\/wp\/v2\/product_brand?post=5971"},{"taxonomy":"product_cat","embeddable":true,"href":"https:\/\/ac-truck.com\/pt\/wp-json\/wp\/v2\/product_cat?post=5971"},{"taxonomy":"product_tag","embeddable":true,"href":"https:\/\/ac-truck.com\/pt\/wp-json\/wp\/v2\/product_tag?post=5971"}],"curies":[{"name":"wp","href":"https:\/\/api.w.org\/{rel}","templated":true}]}}