{"id":6229,"date":"2025-11-22T12:08:21","date_gmt":"2025-11-22T04:08:21","guid":{"rendered":"https:\/\/ac-truck.com\/?post_type=product&#038;p=6229"},"modified":"2025-12-20T14:02:22","modified_gmt":"2025-12-20T06:02:22","slug":"6300-liters-water-tank-fire-truck-isuzu","status":"publish","type":"product","link":"https:\/\/ac-truck.com\/pt\/6300-liters-water-tank-fire-truck-isuzu.html","title":{"rendered":"Caminh\u00e3o de bombeiro ISUZU com tanque de \u00e1gua de 6300 litros"},"content":{"rendered":"<p><img fetchpriority=\"high\" decoding=\"async\" class=\"aligncenter wp-image-6230\" src=\"https:\/\/ac-truck.com\/wp-content\/uploads\/2025\/11\/\u4ea7\u54c1\u6d77\u62a5_01-15.webp\" alt=\"\" width=\"1234\" height=\"1601\" srcset=\"https:\/\/ac-truck.com\/wp-content\/uploads\/2025\/11\/\u4ea7\u54c1\u6d77\u62a5_01-15.webp 790w, https:\/\/ac-truck.com\/wp-content\/uploads\/2025\/11\/\u4ea7\u54c1\u6d77\u62a5_01-15-231x300.webp 231w, https:\/\/ac-truck.com\/wp-content\/uploads\/2025\/11\/\u4ea7\u54c1\u6d77\u62a5_01-15-768x996.webp 768w, https:\/\/ac-truck.com\/wp-content\/uploads\/2025\/11\/\u4ea7\u54c1\u6d77\u62a5_01-15-9x12.webp 9w, https:\/\/ac-truck.com\/wp-content\/uploads\/2025\/11\/\u4ea7\u54c1\u6d77\u62a5_01-15-600x778.webp 600w, https:\/\/ac-truck.com\/wp-content\/uploads\/2025\/11\/\u4ea7\u54c1\u6d77\u62a5_01-15-150x195.webp 150w\" sizes=\"(max-width: 1234px) 100vw, 1234px\" \/><\/p>\n<h1 style=\"text-align: center;\">PAR\u00c2METROS DO PRODUTO<\/h1>\n<p><img decoding=\"async\" class=\"aligncenter wp-image-6231\" src=\"https:\/\/ac-truck.com\/wp-content\/uploads\/2025\/11\/\u4ea7\u54c1\u6d77\u62a5_03-15.webp\" alt=\"\" width=\"1234\" height=\"481\" srcset=\"https:\/\/ac-truck.com\/wp-content\/uploads\/2025\/11\/\u4ea7\u54c1\u6d77\u62a5_03-15.webp 790w, https:\/\/ac-truck.com\/wp-content\/uploads\/2025\/11\/\u4ea7\u54c1\u6d77\u62a5_03-15-300x117.webp 300w, https:\/\/ac-truck.com\/wp-content\/uploads\/2025\/11\/\u4ea7\u54c1\u6d77\u62a5_03-15-768x299.webp 768w, https:\/\/ac-truck.com\/wp-content\/uploads\/2025\/11\/\u4ea7\u54c1\u6d77\u62a5_03-15-18x7.webp 18w, https:\/\/ac-truck.com\/wp-content\/uploads\/2025\/11\/\u4ea7\u54c1\u6d77\u62a5_03-15-600x234.webp 600w, https:\/\/ac-truck.com\/wp-content\/uploads\/2025\/11\/\u4ea7\u54c1\u6d77\u62a5_03-15-150x58.webp 150w\" sizes=\"(max-width: 1234px) 100vw, 1234px\" \/><\/p>\n<h2 style=\"text-align: center;\">Caminh\u00e3o de bombeiro ISUZU com tanque de \u00e1gua de 6300 litros<\/h2>\n<table>\n<tbody>\n<tr>\n<td width=\"85\"><strong>projeto<\/strong><\/td>\n<td colspan=\"2\" width=\"296\"><strong>Descri\u00e7\u00f5es<\/strong><\/td>\n<td width=\"317\"><strong>Especifica\u00e7\u00f5es<\/strong><\/td>\n<\/tr>\n<tr>\n<td rowspan=\"4\" width=\"85\"><strong>B\u00e1sico<\/strong><\/td>\n<td colspan=\"2\" width=\"296\"><strong>Dimens\u00f5es totais (mm)<\/strong><\/td>\n<td width=\"317\"><strong>8110\u00d72540\u00d73600<\/strong><\/td>\n<\/tr>\n<tr>\n<td colspan=\"2\" width=\"296\"><strong>peso bruto (kg)<\/strong><\/td>\n<td width=\"317\"><strong>10250<\/strong><\/td>\n<\/tr>\n<tr>\n<td colspan=\"2\" width=\"296\"><strong>Capacidade de carga (Kg)<\/strong><\/td>\n<td width=\"317\"><strong>6300<\/strong><\/td>\n<\/tr>\n<tr>\n<td colspan=\"2\" width=\"296\"><strong>Massa total (Kg)<\/strong><\/td>\n<td width=\"317\"><strong>16925<\/strong><\/td>\n<\/tr>\n<tr>\n<td rowspan=\"5\" width=\"85\"><strong>Corpo<\/strong><\/td>\n<td colspan=\"2\" width=\"296\"><strong>Volume do dep\u00f3sito (m\u00b3)<\/strong><\/td>\n<td width=\"317\"><strong>6.3Water<\/strong><\/td>\n<\/tr>\n<tr>\n<td colspan=\"2\" width=\"296\"><strong>Material do tanque<\/strong><\/td>\n<td width=\"317\"><strong>A\u00e7o carbono Q235 (a\u00e7o inoxid\u00e1vel opcional)<\/strong><\/td>\n<\/tr>\n<tr>\n<td width=\"83\"><strong>Fire pumps<\/strong><\/td>\n<td width=\"214\"><strong>Fire Pump Model<\/strong><\/td>\n<td width=\"317\"><strong>CB10\/40 normal pressure vehicle fire pump<\/strong><\/td>\n<\/tr>\n<tr>\n<td width=\"83\"><strong>Monitor de inc\u00eandio<\/strong><\/td>\n<td width=\"214\"><strong>Modelo de monitor de inc\u00eandio<\/strong><\/td>\n<td width=\"317\"><strong>PS8\/40W<\/strong><\/td>\n<\/tr>\n<tr>\n<td width=\"83\"><strong>Tomada de for\u00e7a<\/strong><\/td>\n<td width=\"214\"><strong>Tipo de tomada de for\u00e7a<\/strong><\/td>\n<td width=\"317\"><strong>Sandu\u00edche (Pot\u00eancia M\u00e1xima)<\/strong><\/td>\n<\/tr>\n<tr>\n<td rowspan=\"6\" width=\"85\"><strong>Chassis<\/strong><\/p>\n<p>&nbsp;<\/td>\n<td colspan=\"2\" width=\"296\"><strong>Marca do chassi<\/strong><\/td>\n<td width=\"317\"><strong>ISUZU<\/strong><\/td>\n<\/tr>\n<tr>\n<td colspan=\"2\" width=\"296\"><strong>Formul\u00e1rio do motorista<\/strong><\/td>\n<td width=\"317\"><strong>4*2<\/strong><\/td>\n<\/tr>\n<tr>\n<td colspan=\"2\" width=\"296\"><strong>Volante<\/strong><\/td>\n<td width=\"317\"><strong>Dire\u00e7\u00e3o \u00e0 esquerda<\/strong><\/td>\n<\/tr>\n<tr>\n<td colspan=\"2\" width=\"296\"><strong>Marca e modelo do motor<\/strong><\/td>\n<td width=\"317\"><strong>6HK1-TCG61<\/strong><\/td>\n<\/tr>\n<tr>\n<td colspan=\"2\" width=\"296\"><strong>Pot\u00eancia do motor (cv)<\/strong><\/td>\n<td width=\"317\"><strong>240<\/strong><\/td>\n<\/tr>\n<tr>\n<td colspan=\"2\" width=\"296\"><strong>Caixa de engrenagens<\/strong><\/td>\n<td width=\"317\"><strong>6-speed gearbox<\/strong><\/td>\n<\/tr>\n<\/tbody>\n<\/table>\n<h1 style=\"text-align: center;\">VANTAGENS DO VE\u00cdCULO<\/h1>\n<h2 style=\"text-align: center;\">MOTOR POWEREUI<br \/>\nSUPORTE EST\u00c1VEL<\/h2>\n<p><img decoding=\"async\" class=\"aligncenter wp-image-6150\" src=\"https:\/\/ac-truck.com\/wp-content\/uploads\/2025\/11\/%E6%B6%88%E9%98%B2%E8%BD%A6%E8%AF%A6%E6%83%85%E9%A1%B5_05.webp\" sizes=\"(max-width: 1234px) 100vw, 1234px\" srcset=\"https:\/\/ac-truck.com\/wp-content\/uploads\/2025\/11\/\u6d88\u9632\u8f66\u8be6\u60c5\u9875_05.webp 790w, https:\/\/ac-truck.com\/wp-content\/uploads\/2025\/11\/\u6d88\u9632\u8f66\u8be6\u60c5\u9875_05-234x300.webp 234w, https:\/\/ac-truck.com\/wp-content\/uploads\/2025\/11\/\u6d88\u9632\u8f66\u8be6\u60c5\u9875_05-768x984.webp 768w, https:\/\/ac-truck.com\/wp-content\/uploads\/2025\/11\/\u6d88\u9632\u8f66\u8be6\u60c5\u9875_05-9x12.webp 9w, https:\/\/ac-truck.com\/wp-content\/uploads\/2025\/11\/\u6d88\u9632\u8f66\u8be6\u60c5\u9875_05-600x769.webp 600w, https:\/\/ac-truck.com\/wp-content\/uploads\/2025\/11\/\u6d88\u9632\u8f66\u8be6\u60c5\u9875_05-150x192.webp 150w\" alt=\"\" width=\"1234\" height=\"1581\" \/><\/p>\n<p><strong>High \u2013 power engine: With dual protection, it has stronger adaptabilityTransmission PTO: lt enables efficient power transmission with a fastresponse speed.<\/strong><\/p>\n<h1 style=\"text-align: center;\">EXTIN\u00c7\u00c3O DE INC\u00caNDIO EM TODA A REGI\u00c3O<br \/>\nOPERA\u00c7\u00c3O DE ALTA EFICI\u00caNCIA<\/h1>\n<p><img loading=\"lazy\" decoding=\"async\" class=\"aligncenter wp-image-6151\" src=\"https:\/\/ac-truck.com\/wp-content\/uploads\/2025\/11\/%E6%B6%88%E9%98%B2%E8%BD%A6%E8%AF%A6%E6%83%85%E9%A1%B5_07.webp\" sizes=\"(max-width: 1234px) 100vw, 1234px\" srcset=\"https:\/\/ac-truck.com\/wp-content\/uploads\/2025\/11\/\u6d88\u9632\u8f66\u8be6\u60c5\u9875_07.webp 790w, https:\/\/ac-truck.com\/wp-content\/uploads\/2025\/11\/\u6d88\u9632\u8f66\u8be6\u60c5\u9875_07-161x300.webp 161w, https:\/\/ac-truck.com\/wp-content\/uploads\/2025\/11\/\u6d88\u9632\u8f66\u8be6\u60c5\u9875_07-548x1024.webp 548w, https:\/\/ac-truck.com\/wp-content\/uploads\/2025\/11\/\u6d88\u9632\u8f66\u8be6\u60c5\u9875_07-768x1435.webp 768w, https:\/\/ac-truck.com\/wp-content\/uploads\/2025\/11\/\u6d88\u9632\u8f66\u8be6\u60c5\u9875_07-6x12.webp 6w, https:\/\/ac-truck.com\/wp-content\/uploads\/2025\/11\/\u6d88\u9632\u8f66\u8be6\u60c5\u9875_07-600x1121.webp 600w, https:\/\/ac-truck.com\/wp-content\/uploads\/2025\/11\/\u6d88\u9632\u8f66\u8be6\u60c5\u9875_07-150x280.webp 150w\" alt=\"\" width=\"1234\" height=\"2306\" \/><\/p>\n<p><strong>1. Bomba de inc\u00eandio dedicada: Com uma aspira\u00e7\u00e3o super forte, \u00e9 compat\u00edvel com diversos agentes.<\/strong><br \/>\n<strong>2. Entrada da bomba de inc\u00eandio: Design de canal duplo com tecnologia anti-bloqueio.<\/strong><br \/>\n<strong>3. Sa\u00edda da bomba de inc\u00eandio: Sa\u00edda de alta press\u00e3o com interfaces de liga\u00e7\u00e3o r\u00e1pida.<\/strong><br \/>\n<strong>4. Monitor de inc\u00eandio: Controlo inteligente para pulveriza\u00e7\u00e3o multifuncional.<\/strong><br \/>\n<strong>5.\u00ba Tanque de p\u00f3 qu\u00edmico seco: Extin\u00e7\u00e3o de inc\u00eandios de alta efici\u00eancia com materiais ecol\u00f3gicos.<\/strong><br \/>\n<strong>6. Controlador do tanque de p\u00f3 seco: Acionamento com um \u00fanico bot\u00e3o para uma dosagem precisa.<\/strong><\/p>\n<h1 style=\"text-align: center;\">VISOR DE FUN\u00c7\u00d5ES<\/h1>\n<p><img loading=\"lazy\" decoding=\"async\" class=\"aligncenter wp-image-6152\" src=\"https:\/\/ac-truck.com\/wp-content\/uploads\/2025\/11\/%E6%B6%88%E9%98%B2%E8%BD%A6%E8%AF%A6%E6%83%85%E9%A1%B5_09.webp\" sizes=\"(max-width: 1234px) 100vw, 1234px\" srcset=\"https:\/\/ac-truck.com\/wp-content\/uploads\/2025\/11\/\u6d88\u9632\u8f66\u8be6\u60c5\u9875_09.webp 790w, https:\/\/ac-truck.com\/wp-content\/uploads\/2025\/11\/\u6d88\u9632\u8f66\u8be6\u60c5\u9875_09-149x300.webp 149w, https:\/\/ac-truck.com\/wp-content\/uploads\/2025\/11\/\u6d88\u9632\u8f66\u8be6\u60c5\u9875_09-508x1024.webp 508w, https:\/\/ac-truck.com\/wp-content\/uploads\/2025\/11\/\u6d88\u9632\u8f66\u8be6\u60c5\u9875_09-768x1550.webp 768w, https:\/\/ac-truck.com\/wp-content\/uploads\/2025\/11\/\u6d88\u9632\u8f66\u8be6\u60c5\u9875_09-761x1536.webp 761w, https:\/\/ac-truck.com\/wp-content\/uploads\/2025\/11\/\u6d88\u9632\u8f66\u8be6\u60c5\u9875_09-6x12.webp 6w, https:\/\/ac-truck.com\/wp-content\/uploads\/2025\/11\/\u6d88\u9632\u8f66\u8be6\u60c5\u9875_09-600x1211.webp 600w, https:\/\/ac-truck.com\/wp-content\/uploads\/2025\/11\/\u6d88\u9632\u8f66\u8be6\u60c5\u9875_09-150x303.webp 150w\" alt=\"\" width=\"1234\" height=\"2490\" \/><\/p>\n<p><strong>aspers\u00e3o de inc\u00eandio em tanque de \u00e1gua<\/strong><br \/>\n<strong>pulveriza\u00e7\u00e3o de inc\u00eandio com dep\u00f3sito de espuma<\/strong><br \/>\n<strong>pulveriza\u00e7\u00e3o de inc\u00eandio em tanque de p\u00f3 seco<\/strong><\/p>\n<h1 style=\"text-align: center;\">INTEGRA\u00c7\u00c3O INTELIGENTE<br \/>\nCONTROLO DE UM BOT\u00c3O<\/h1>\n<p><img loading=\"lazy\" decoding=\"async\" class=\"aligncenter wp-image-6153\" src=\"https:\/\/ac-truck.com\/wp-content\/uploads\/2025\/11\/%E6%B6%88%E9%98%B2%E8%BD%A6%E8%AF%A6%E6%83%85%E9%A1%B5_11.webp\" sizes=\"(max-width: 1234px) 100vw, 1234px\" srcset=\"https:\/\/ac-truck.com\/wp-content\/uploads\/2025\/11\/\u6d88\u9632\u8f66\u8be6\u60c5\u9875_11.webp 790w, https:\/\/ac-truck.com\/wp-content\/uploads\/2025\/11\/\u6d88\u9632\u8f66\u8be6\u60c5\u9875_11-251x300.webp 251w, https:\/\/ac-truck.com\/wp-content\/uploads\/2025\/11\/\u6d88\u9632\u8f66\u8be6\u60c5\u9875_11-768x918.webp 768w, https:\/\/ac-truck.com\/wp-content\/uploads\/2025\/11\/\u6d88\u9632\u8f66\u8be6\u60c5\u9875_11-10x12.webp 10w, https:\/\/ac-truck.com\/wp-content\/uploads\/2025\/11\/\u6d88\u9632\u8f66\u8be6\u60c5\u9875_11-600x717.webp 600w, https:\/\/ac-truck.com\/wp-content\/uploads\/2025\/11\/\u6d88\u9632\u8f66\u8be6\u60c5\u9875_11-150x179.webp 150w\" alt=\"\" width=\"1234\" height=\"1475\" \/><\/p>\n<p><strong>1. Controlo de acionamento do chassis por chave: Alterne o modo de acionamento do chassis com um \u00fanico bot\u00e3o para se adaptar a diferentes condi\u00e7\u00f5es de estrada.<\/strong><br \/>\n<strong>2.\u00ba Controlo por chave da tomada de for\u00e7a (TDF): Controlo integrado da tomada de for\u00e7a, que pode ser acionada com um \u00fanico bot\u00e3o.<\/strong><br \/>\n<strong>3.\u00ba Painel de controlo de inc\u00eandio: Sem necessidade de opera\u00e7\u00f5es complexas, alterne as fun\u00e7\u00f5es com um \u00fanico bot\u00e3o.<\/strong><br \/>\n<strong>4.\u00ba Visor de caudal m\u00e9dio: Monitorize em tempo real e mostre os dados de caudal m\u00e9dio.<\/strong><\/p>\n<h1 style=\"text-align: center;\">FUN\u00c7\u00d5ES APRIMORADAS<br \/>\nCAPACIDADES DE RESGATE INTEGRAL<\/h1>\n<p><img loading=\"lazy\" decoding=\"async\" class=\"aligncenter wp-image-6154\" src=\"https:\/\/ac-truck.com\/wp-content\/uploads\/2025\/11\/%E6%B6%88%E9%98%B2%E8%BD%A6%E8%AF%A6%E6%83%85%E9%A1%B5_13.webp\" sizes=\"(max-width: 1234px) 100vw, 1234px\" srcset=\"https:\/\/ac-truck.com\/wp-content\/uploads\/2025\/11\/\u6d88\u9632\u8f66\u8be6\u60c5\u9875_13.webp 790w, https:\/\/ac-truck.com\/wp-content\/uploads\/2025\/11\/\u6d88\u9632\u8f66\u8be6\u60c5\u9875_13-135x300.webp 135w, https:\/\/ac-truck.com\/wp-content\/uploads\/2025\/11\/\u6d88\u9632\u8f66\u8be6\u60c5\u9875_13-462x1024.webp 462w, https:\/\/ac-truck.com\/wp-content\/uploads\/2025\/11\/\u6d88\u9632\u8f66\u8be6\u60c5\u9875_13-768x1701.webp 768w, https:\/\/ac-truck.com\/wp-content\/uploads\/2025\/11\/\u6d88\u9632\u8f66\u8be6\u60c5\u9875_13-693x1536.webp 693w, https:\/\/ac-truck.com\/wp-content\/uploads\/2025\/11\/\u6d88\u9632\u8f66\u8be6\u60c5\u9875_13-5x12.webp 5w, https:\/\/ac-truck.com\/wp-content\/uploads\/2025\/11\/\u6d88\u9632\u8f66\u8be6\u60c5\u9875_13-600x1329.webp 600w, https:\/\/ac-truck.com\/wp-content\/uploads\/2025\/11\/\u6d88\u9632\u8f66\u8be6\u60c5\u9875_13-150x332.webp 150w\" alt=\"\" width=\"1234\" height=\"2734\" \/><\/p>\n<p><strong>1. Inc\u00eandio \u2013 equipamento de combate a inc\u00eandios<\/strong><br \/>\n<strong>2. Equipamento de resgate de emerg\u00eancia<\/strong><br \/>\n<strong>3. Mangueira de inc\u00eandio<\/strong><br \/>\n<strong>L\u00e2mpada de ilumina\u00e7\u00e3o de emerg\u00eancia de 4.360\u00b0<\/strong><br \/>\n<strong>5. Luz de aviso de inc\u00eandio<\/strong><\/p>\n<h1 style=\"text-align: center;\">SEGURO E EST\u00c1VEL<br \/>\nDUR\u00c1VEL E DE LONGA DURA\u00c7\u00c3O<\/h1>\n<p><img loading=\"lazy\" decoding=\"async\" class=\"aligncenter wp-image-6155\" src=\"https:\/\/ac-truck.com\/wp-content\/uploads\/2025\/11\/%E6%B6%88%E9%98%B2%E8%BD%A6%E8%AF%A6%E6%83%85%E9%A1%B5_15.webp\" sizes=\"(max-width: 1234px) 100vw, 1234px\" srcset=\"https:\/\/ac-truck.com\/wp-content\/uploads\/2025\/11\/\u6d88\u9632\u8f66\u8be6\u60c5\u9875_15.webp 790w, https:\/\/ac-truck.com\/wp-content\/uploads\/2025\/11\/\u6d88\u9632\u8f66\u8be6\u60c5\u9875_15-178x300.webp 178w, https:\/\/ac-truck.com\/wp-content\/uploads\/2025\/11\/\u6d88\u9632\u8f66\u8be6\u60c5\u9875_15-606x1024.webp 606w, https:\/\/ac-truck.com\/wp-content\/uploads\/2025\/11\/\u6d88\u9632\u8f66\u8be6\u60c5\u9875_15-768x1297.webp 768w, https:\/\/ac-truck.com\/wp-content\/uploads\/2025\/11\/\u6d88\u9632\u8f66\u8be6\u60c5\u9875_15-7x12.webp 7w, https:\/\/ac-truck.com\/wp-content\/uploads\/2025\/11\/\u6d88\u9632\u8f66\u8be6\u60c5\u9875_15-600x1013.webp 600w, https:\/\/ac-truck.com\/wp-content\/uploads\/2025\/11\/\u6d88\u9632\u8f66\u8be6\u60c5\u9875_15-150x253.webp 150w\" alt=\"\" width=\"1234\" height=\"2084\" \/><\/p>\n<p><strong>Fechadura para porta de enrolar<\/strong><br \/>\n<strong>Pedal antiderrapante<\/strong><br \/>\n<strong>Escada telesc\u00f3pica<\/strong><br \/>\n<strong>Placa superior antiderrapante quadriculada<\/strong><\/p>\n<h1 style=\"text-align: center;\">PROCESSO DE PRODU\u00c7\u00c3O<\/h1>\n<p><img loading=\"lazy\" decoding=\"async\" class=\"aligncenter wp-image-6156\" src=\"https:\/\/ac-truck.com\/wp-content\/uploads\/2025\/11\/%E6%B6%88%E9%98%B2%E8%BD%A6%E8%AF%A6%E6%83%85%E9%A1%B5_17.webp\" sizes=\"(max-width: 1234px) 100vw, 1234px\" srcset=\"https:\/\/ac-truck.com\/wp-content\/uploads\/2025\/11\/\u6d88\u9632\u8f66\u8be6\u60c5\u9875_17.webp 790w, https:\/\/ac-truck.com\/wp-content\/uploads\/2025\/11\/\u6d88\u9632\u8f66\u8be6\u60c5\u9875_17-124x300.webp 124w, https:\/\/ac-truck.com\/wp-content\/uploads\/2025\/11\/\u6d88\u9632\u8f66\u8be6\u60c5\u9875_17-425x1024.webp 425w, https:\/\/ac-truck.com\/wp-content\/uploads\/2025\/11\/\u6d88\u9632\u8f66\u8be6\u60c5\u9875_17-768x1851.webp 768w, https:\/\/ac-truck.com\/wp-content\/uploads\/2025\/11\/\u6d88\u9632\u8f66\u8be6\u60c5\u9875_17-637x1536.webp 637w, https:\/\/ac-truck.com\/wp-content\/uploads\/2025\/11\/\u6d88\u9632\u8f66\u8be6\u60c5\u9875_17-5x12.webp 5w, https:\/\/ac-truck.com\/wp-content\/uploads\/2025\/11\/\u6d88\u9632\u8f66\u8be6\u60c5\u9875_17-600x1446.webp 600w, https:\/\/ac-truck.com\/wp-content\/uploads\/2025\/11\/\u6d88\u9632\u8f66\u8be6\u60c5\u9875_17-150x362.webp 150w\" alt=\"\" width=\"1234\" height=\"2974\" \/><img loading=\"lazy\" decoding=\"async\" class=\"aligncenter wp-image-6157\" src=\"https:\/\/ac-truck.com\/wp-content\/uploads\/2025\/11\/%E6%B6%88%E9%98%B2%E8%BD%A6%E8%AF%A6%E6%83%85%E9%A1%B5_18.webp\" sizes=\"(max-width: 1234px) 100vw, 1234px\" srcset=\"https:\/\/ac-truck.com\/wp-content\/uploads\/2025\/11\/\u6d88\u9632\u8f66\u8be6\u60c5\u9875_18.webp 790w, https:\/\/ac-truck.com\/wp-content\/uploads\/2025\/11\/\u6d88\u9632\u8f66\u8be6\u60c5\u9875_18-125x300.webp 125w, https:\/\/ac-truck.com\/wp-content\/uploads\/2025\/11\/\u6d88\u9632\u8f66\u8be6\u60c5\u9875_18-426x1024.webp 426w, https:\/\/ac-truck.com\/wp-content\/uploads\/2025\/11\/\u6d88\u9632\u8f66\u8be6\u60c5\u9875_18-768x1847.webp 768w, https:\/\/ac-truck.com\/wp-content\/uploads\/2025\/11\/\u6d88\u9632\u8f66\u8be6\u60c5\u9875_18-639x1536.webp 639w, https:\/\/ac-truck.com\/wp-content\/uploads\/2025\/11\/\u6d88\u9632\u8f66\u8be6\u60c5\u9875_18-5x12.webp 5w, https:\/\/ac-truck.com\/wp-content\/uploads\/2025\/11\/\u6d88\u9632\u8f66\u8be6\u60c5\u9875_18-600x1443.webp 600w, https:\/\/ac-truck.com\/wp-content\/uploads\/2025\/11\/\u6d88\u9632\u8f66\u8be6\u60c5\u9875_18-150x361.webp 150w\" alt=\"\" width=\"1234\" height=\"2968\" \/><\/p>\n<p><strong>1. Prepara\u00e7\u00e3o do material de produ\u00e7\u00e3o<\/strong><br \/>\n<strong>2. Soldadura em caixa<\/strong><br \/>\n<strong>3. Soldadura e conforma\u00e7\u00e3o de caixas<\/strong><br \/>\n<strong>4. Montagem da caixa no chassis<\/strong><br \/>\n<strong>5. Montagem detalhada do interior<\/strong><br \/>\n<strong>6. Conclus\u00e3o do primer<\/strong><br \/>\n<strong>7. Acabamento com pintura \u00e0 prova de fogo<\/strong><br \/>\n<strong>8. Conclus\u00e3o da produ\u00e7\u00e3o do ve\u00edculo<\/strong><\/p>\n<h1 style=\"text-align: center;\">CEN\u00c1RIOS DE APLICA\u00c7\u00c3O<\/h1>\n<p><img loading=\"lazy\" decoding=\"async\" class=\"aligncenter wp-image-6158\" src=\"https:\/\/ac-truck.com\/wp-content\/uploads\/2025\/11\/%E6%B6%88%E9%98%B2%E8%BD%A6%E8%AF%A6%E6%83%85%E9%A1%B5_20.webp\" sizes=\"(max-width: 1234px) 100vw, 1234px\" srcset=\"https:\/\/ac-truck.com\/wp-content\/uploads\/2025\/11\/\u6d88\u9632\u8f66\u8be6\u60c5\u9875_20.webp 790w, https:\/\/ac-truck.com\/wp-content\/uploads\/2025\/11\/\u6d88\u9632\u8f66\u8be6\u60c5\u9875_20-150x300.webp 150w, https:\/\/ac-truck.com\/wp-content\/uploads\/2025\/11\/\u6d88\u9632\u8f66\u8be6\u60c5\u9875_20-512x1024.webp 512w, https:\/\/ac-truck.com\/wp-content\/uploads\/2025\/11\/\u6d88\u9632\u8f66\u8be6\u60c5\u9875_20-768x1536.webp 768w, https:\/\/ac-truck.com\/wp-content\/uploads\/2025\/11\/\u6d88\u9632\u8f66\u8be6\u60c5\u9875_20-6x12.webp 6w, https:\/\/ac-truck.com\/wp-content\/uploads\/2025\/11\/\u6d88\u9632\u8f66\u8be6\u60c5\u9875_20-600x1200.webp 600w\" alt=\"\" width=\"1234\" height=\"2468\" \/><\/p>\n<h1 style=\"text-align: center;\">EMBALAMENTO E TRANSPORTE<\/h1>\n<p><img loading=\"lazy\" decoding=\"async\" class=\"aligncenter wp-image-6159\" src=\"https:\/\/ac-truck.com\/wp-content\/uploads\/2025\/11\/%E6%B6%88%E9%98%B2%E8%BD%A6%E8%AF%A6%E6%83%85%E9%A1%B5_22.webp\" sizes=\"(max-width: 1234px) 100vw, 1234px\" srcset=\"https:\/\/ac-truck.com\/wp-content\/uploads\/2025\/11\/\u6d88\u9632\u8f66\u8be6\u60c5\u9875_22.webp 790w, https:\/\/ac-truck.com\/wp-content\/uploads\/2025\/11\/\u6d88\u9632\u8f66\u8be6\u60c5\u9875_22-157x300.webp 157w, https:\/\/ac-truck.com\/wp-content\/uploads\/2025\/11\/\u6d88\u9632\u8f66\u8be6\u60c5\u9875_22-538x1024.webp 538w, https:\/\/ac-truck.com\/wp-content\/uploads\/2025\/11\/\u6d88\u9632\u8f66\u8be6\u60c5\u9875_22-768x1463.webp 768w, https:\/\/ac-truck.com\/wp-content\/uploads\/2025\/11\/\u6d88\u9632\u8f66\u8be6\u60c5\u9875_22-6x12.webp 6w, https:\/\/ac-truck.com\/wp-content\/uploads\/2025\/11\/\u6d88\u9632\u8f66\u8be6\u60c5\u9875_22-600x1143.webp 600w, https:\/\/ac-truck.com\/wp-content\/uploads\/2025\/11\/\u6d88\u9632\u8f66\u8be6\u60c5\u9875_22-150x286.webp 150w\" alt=\"\" width=\"1234\" height=\"2351\" \/><\/p>","protected":false},"excerpt":{"rendered":"<p>PRODUCTPARAMETERS 6300 Liters Water Tank Fire Truck ISUZU project Descriptions Specifications Basic Overall dimensions(mm) 8110\u00d72540\u00d73600 curb weight(Kg) 10250 Loading capacity(Kg)<\/p>","protected":false},"featured_media":6232,"template":"","meta":[],"product_brand":[213],"product_cat":[182],"product_tag":[259,279,282,323],"class_list":{"0":"post-6229","1":"product","2":"type-product","3":"status-publish","4":"has-post-thumbnail","6":"product_brand-isuzu","7":"product_cat-fire-trucks","8":"product_tag-fire-truck","9":"product_tag-fire-engine","10":"product_tag-water-tank-fire-truck","11":"product_tag-6300l","13":"first","14":"instock","15":"shipping-taxable","16":"product-type-simple"},"_links":{"self":[{"href":"https:\/\/ac-truck.com\/pt\/wp-json\/wp\/v2\/product\/6229","targetHints":{"allow":["GET"]}}],"collection":[{"href":"https:\/\/ac-truck.com\/pt\/wp-json\/wp\/v2\/product"}],"about":[{"href":"https:\/\/ac-truck.com\/pt\/wp-json\/wp\/v2\/types\/product"}],"version-history":[{"count":2,"href":"https:\/\/ac-truck.com\/pt\/wp-json\/wp\/v2\/product\/6229\/revisions"}],"predecessor-version":[{"id":6683,"href":"https:\/\/ac-truck.com\/pt\/wp-json\/wp\/v2\/product\/6229\/revisions\/6683"}],"wp:featuredmedia":[{"embeddable":true,"href":"https:\/\/ac-truck.com\/pt\/wp-json\/wp\/v2\/media\/6232"}],"wp:attachment":[{"href":"https:\/\/ac-truck.com\/pt\/wp-json\/wp\/v2\/media?parent=6229"}],"wp:term":[{"taxonomy":"product_brand","embeddable":true,"href":"https:\/\/ac-truck.com\/pt\/wp-json\/wp\/v2\/product_brand?post=6229"},{"taxonomy":"product_cat","embeddable":true,"href":"https:\/\/ac-truck.com\/pt\/wp-json\/wp\/v2\/product_cat?post=6229"},{"taxonomy":"product_tag","embeddable":true,"href":"https:\/\/ac-truck.com\/pt\/wp-json\/wp\/v2\/product_tag?post=6229"}],"curies":[{"name":"wp","href":"https:\/\/api.w.org\/{rel}","templated":true}]}}