{"id":6372,"date":"2025-12-02T11:33:43","date_gmt":"2025-12-02T03:33:43","guid":{"rendered":"https:\/\/ac-truck.com\/?post_type=product&#038;p=6372"},"modified":"2025-12-20T11:22:25","modified_gmt":"2025-12-20T03:22:25","slug":"7-5m%c2%b3-refueling-truck-jac","status":"publish","type":"product","link":"https:\/\/ac-truck.com\/pt\/7-5m%C2%B3-refueling-truck-jac.html","title":{"rendered":"Cami\u00e3o de reabastecimento JAC de 7,5 m\u00b3"},"content":{"rendered":"<p><img fetchpriority=\"high\" decoding=\"async\" class=\"aligncenter wp-image-6373\" src=\"https:\/\/ac-truck.com\/wp-content\/uploads\/2025\/12\/\u6cb9\u7f50\u8f66\u8be6\u60c5\u8f66_01.webp\" alt=\"\" width=\"1234\" height=\"1607\" srcset=\"https:\/\/ac-truck.com\/wp-content\/uploads\/2025\/12\/\u6cb9\u7f50\u8f66\u8be6\u60c5\u8f66_01.webp 790w, https:\/\/ac-truck.com\/wp-content\/uploads\/2025\/12\/\u6cb9\u7f50\u8f66\u8be6\u60c5\u8f66_01-230x300.webp 230w, https:\/\/ac-truck.com\/wp-content\/uploads\/2025\/12\/\u6cb9\u7f50\u8f66\u8be6\u60c5\u8f66_01-786x1024.webp 786w, https:\/\/ac-truck.com\/wp-content\/uploads\/2025\/12\/\u6cb9\u7f50\u8f66\u8be6\u60c5\u8f66_01-768x1000.webp 768w, https:\/\/ac-truck.com\/wp-content\/uploads\/2025\/12\/\u6cb9\u7f50\u8f66\u8be6\u60c5\u8f66_01-9x12.webp 9w, https:\/\/ac-truck.com\/wp-content\/uploads\/2025\/12\/\u6cb9\u7f50\u8f66\u8be6\u60c5\u8f66_01-600x782.webp 600w, https:\/\/ac-truck.com\/wp-content\/uploads\/2025\/12\/\u6cb9\u7f50\u8f66\u8be6\u60c5\u8f66_01-150x195.webp 150w\" sizes=\"(max-width: 1234px) 100vw, 1234px\" \/><\/p>\n<h1 style=\"text-align: center;\">PAR\u00c2METROS DO PRODUTO<\/h1>\n<p><img decoding=\"async\" class=\"aligncenter wp-image-6374\" src=\"https:\/\/ac-truck.com\/wp-content\/uploads\/2025\/12\/\u6cb9\u7f50\u8f66\u8be6\u60c5\u8f66_03.webp\" alt=\"\" width=\"1234\" height=\"475\" srcset=\"https:\/\/ac-truck.com\/wp-content\/uploads\/2025\/12\/\u6cb9\u7f50\u8f66\u8be6\u60c5\u8f66_03.webp 790w, https:\/\/ac-truck.com\/wp-content\/uploads\/2025\/12\/\u6cb9\u7f50\u8f66\u8be6\u60c5\u8f66_03-300x115.webp 300w, https:\/\/ac-truck.com\/wp-content\/uploads\/2025\/12\/\u6cb9\u7f50\u8f66\u8be6\u60c5\u8f66_03-768x296.webp 768w, https:\/\/ac-truck.com\/wp-content\/uploads\/2025\/12\/\u6cb9\u7f50\u8f66\u8be6\u60c5\u8f66_03-18x7.webp 18w, https:\/\/ac-truck.com\/wp-content\/uploads\/2025\/12\/\u6cb9\u7f50\u8f66\u8be6\u60c5\u8f66_03-600x231.webp 600w, https:\/\/ac-truck.com\/wp-content\/uploads\/2025\/12\/\u6cb9\u7f50\u8f66\u8be6\u60c5\u8f66_03-150x58.webp 150w\" sizes=\"(max-width: 1234px) 100vw, 1234px\" \/><\/p>\n<h2 style=\"text-align: center;\">Cami\u00e3o de reabastecimento JAC de 7,5 m\u00b3<\/h2>\n<table>\n<tbody>\n<tr>\n<td width=\"86\"><strong>projeto<\/strong><\/td>\n<td width=\"296\"><strong>Descri\u00e7\u00f5es<\/strong><\/td>\n<td width=\"317\"><strong>Especifica\u00e7\u00f5es<\/strong><\/td>\n<\/tr>\n<tr>\n<td rowspan=\"4\" width=\"86\"><strong>General<\/strong><\/td>\n<td width=\"296\"><strong>Dimens\u00f5es totais (mm)<\/strong><\/td>\n<td width=\"317\"><strong>6100\u00d72150\u00d72650<\/strong><\/td>\n<\/tr>\n<tr>\n<td width=\"296\"><strong>peso bruto (kg)<\/strong><\/td>\n<td width=\"317\"><strong>3900<\/strong><\/td>\n<\/tr>\n<tr>\n<td width=\"296\"><strong>Capacidade de carga (Kg)<\/strong><\/td>\n<td width=\"317\"><strong>5005<\/strong><\/td>\n<\/tr>\n<tr>\n<td width=\"296\"><strong>Massa total (Kg)<\/strong><\/td>\n<td width=\"317\"><strong>9100<\/strong><\/td>\n<\/tr>\n<tr>\n<td rowspan=\"4\" width=\"86\"><strong>Corpo<\/strong><\/td>\n<td width=\"296\"><strong>Tamanho do dep\u00f3sito<\/strong><\/td>\n<td width=\"317\"><strong>3800\u00d71950\u00d71290<\/strong><\/td>\n<\/tr>\n<tr>\n<td width=\"296\"><strong>Material do tanque<\/strong><\/td>\n<td width=\"317\"><strong>Q235<\/strong><\/td>\n<\/tr>\n<tr>\n<td width=\"296\"><strong>\u00a0Espessura do tanque (mm)<\/strong><\/td>\n<td width=\"317\"><strong>5<\/strong><\/td>\n<\/tr>\n<tr>\n<td width=\"296\"><strong>Volume do tanque (L)<\/strong><\/td>\n<td width=\"317\"><strong>7500<\/strong><\/td>\n<\/tr>\n<tr>\n<td rowspan=\"6\" width=\"86\"><strong>Chassis<\/strong><\/p>\n<p>&nbsp;<\/td>\n<td width=\"296\"><strong>Marca do chassi<\/strong><\/td>\n<td width=\"317\"><strong>JAC<\/strong><\/td>\n<\/tr>\n<tr>\n<td width=\"296\"><strong>Formul\u00e1rio do motorista<\/strong><\/td>\n<td width=\"317\"><strong>4\u00d72<\/strong><\/td>\n<\/tr>\n<tr>\n<td width=\"296\"><strong>Volante<\/strong><\/td>\n<td width=\"317\"><strong>Dire\u00e7\u00e3o \u00e0 esquerda<\/strong><\/td>\n<\/tr>\n<tr>\n<td width=\"296\"><strong>Marca e modelo do motor<\/strong><\/td>\n<td width=\"317\"><strong>YCF25160-66A<\/strong><\/td>\n<\/tr>\n<tr>\n<td width=\"296\"><strong>Pot\u00eancia m\u00e1xima do motor (kW)<\/strong><\/td>\n<td width=\"317\"><strong>116<\/strong><\/td>\n<\/tr>\n<tr>\n<td width=\"296\"><strong>Caixa de engrenagens<\/strong><\/td>\n<td width=\"317\"><strong>6-speed gearbox<\/strong><\/td>\n<\/tr>\n<\/tbody>\n<\/table>\n<h1 style=\"text-align: center;\">VANTAGENS DO VE\u00cdCULO<\/h1>\n<h4 style=\"text-align: center;\">MATERIAL E DESIGN DA CAIXA<\/h4>\n<p><img decoding=\"async\" class=\"aligncenter wp-image-6375\" src=\"https:\/\/ac-truck.com\/wp-content\/uploads\/2025\/12\/\u6cb9\u7f50\u8f66\u8be6\u60c5\u8f66_05.webp\" alt=\"\" width=\"1234\" height=\"2927\" srcset=\"https:\/\/ac-truck.com\/wp-content\/uploads\/2025\/12\/\u6cb9\u7f50\u8f66\u8be6\u60c5\u8f66_05.webp 790w, https:\/\/ac-truck.com\/wp-content\/uploads\/2025\/12\/\u6cb9\u7f50\u8f66\u8be6\u60c5\u8f66_05-126x300.webp 126w, https:\/\/ac-truck.com\/wp-content\/uploads\/2025\/12\/\u6cb9\u7f50\u8f66\u8be6\u60c5\u8f66_05-432x1024.webp 432w, https:\/\/ac-truck.com\/wp-content\/uploads\/2025\/12\/\u6cb9\u7f50\u8f66\u8be6\u60c5\u8f66_05-768x1822.webp 768w, https:\/\/ac-truck.com\/wp-content\/uploads\/2025\/12\/\u6cb9\u7f50\u8f66\u8be6\u60c5\u8f66_05-648x1536.webp 648w, https:\/\/ac-truck.com\/wp-content\/uploads\/2025\/12\/\u6cb9\u7f50\u8f66\u8be6\u60c5\u8f66_05-5x12.webp 5w, https:\/\/ac-truck.com\/wp-content\/uploads\/2025\/12\/\u6cb9\u7f50\u8f66\u8be6\u60c5\u8f66_05-600x1423.webp 600w, https:\/\/ac-truck.com\/wp-content\/uploads\/2025\/12\/\u6cb9\u7f50\u8f66\u8be6\u60c5\u8f66_05-150x356.webp 150w\" sizes=\"(max-width: 1234px) 100vw, 1234px\" \/><\/p>\n<p><strong>1. A\u00e7o de alta resist\u00eancia: pode suportar a press\u00e3o do \u00f3leo durante o transporte e poss\u00edveis impactos externos.<\/strong><br \/>\n<strong>2.Non &#8211; circular cross -section design: lt is less likely tobreak when subjected to external impacts and reduces thevehicle&#8217;s center of gravity.<\/strong><br \/>\n<strong>3.Transverse corrugated partitions: They reduce the slosh-ing of the liquid during driving and prevent roll &#8211; over.Explosion &#8211; proof effect: They reduce the static electricity accumulation caused by the violent sloshing of the liquid.<\/strong><\/p>\n<h2 style=\"text-align: center;\">ACESS\u00d3RIOS PRINCIPAIS PARA PROTE\u00c7\u00c3O CONTRA EXPLOS\u00d5ES E FUGAS<\/h2>\n<p><img loading=\"lazy\" decoding=\"async\" class=\"aligncenter wp-image-6376\" src=\"https:\/\/ac-truck.com\/wp-content\/uploads\/2025\/12\/\u6cb9\u7f50\u8f66\u8be6\u60c5\u8f66_07-scaled.webp\" alt=\"\" width=\"1234\" height=\"4758\" srcset=\"https:\/\/ac-truck.com\/wp-content\/uploads\/2025\/12\/\u6cb9\u7f50\u8f66\u8be6\u60c5\u8f66_07-scaled.webp 664w, https:\/\/ac-truck.com\/wp-content\/uploads\/2025\/12\/\u6cb9\u7f50\u8f66\u8be6\u60c5\u8f66_07-78x300.webp 78w, https:\/\/ac-truck.com\/wp-content\/uploads\/2025\/12\/\u6cb9\u7f50\u8f66\u8be6\u60c5\u8f66_07-768x2960.webp 768w, https:\/\/ac-truck.com\/wp-content\/uploads\/2025\/12\/\u6cb9\u7f50\u8f66\u8be6\u60c5\u8f66_07-531x2048.webp 531w, https:\/\/ac-truck.com\/wp-content\/uploads\/2025\/12\/\u6cb9\u7f50\u8f66\u8be6\u60c5\u8f66_07-3x12.webp 3w, https:\/\/ac-truck.com\/wp-content\/uploads\/2025\/12\/\u6cb9\u7f50\u8f66\u8be6\u60c5\u8f66_07-600x2313.webp 600w, https:\/\/ac-truck.com\/wp-content\/uploads\/2025\/12\/\u6cb9\u7f50\u8f66\u8be6\u60c5\u8f66_07-150x578.webp 150w\" sizes=\"(max-width: 1234px) 100vw, 1234px\" \/><\/p>\n<p><strong>1. Bocal de enchimento padr\u00e3o europeu: possui fun\u00e7\u00f5es integradas de ventila\u00e7\u00e3o e exaust\u00e3o de emerg\u00eancia. Mant\u00e9m o equil\u00edbrio de press\u00e3o dentro e fora do dep\u00f3sito, evita o desperd\u00edcio de \u00f3leo e liberta a press\u00e3o interna em caso de emerg\u00eancia.<\/strong><br \/>\n<strong>2. Submarine valve: Also known as the emergency shut &#8211; offvalve, it is installed at the bottom of the tank and is used forbottom &#8211; loading oil. When an accident occurs to the oiltank, the vehicle pipeline and the tank will automaticallydisconnect.<\/strong><br \/>\n<strong>3. Corta-chamas: Impede a entrada de chamas externas ou evita a propaga\u00e7\u00e3o de chamas entre equipamentos e tubagens que contenham gases inflam\u00e1veis \u200b\u200be explosivos.<\/strong><br \/>\n<strong>4. Sistema de paragem de emerg\u00eancia: Pode ser operado manualmente, automaticamente ou remotamente. Quando o ve\u00edculo tomba e ocorre a rutura da tubagem, o sistema corta imediatamente o circuito de \u00f3leo para evitar fugas.<\/strong><br \/>\n<strong>5.Anti &#8211; overflow probe rod and oil and gas recovery device:During the oil injection process, when the liquid level reach.es the set position, it will automatically alarm and stop oilinjection to prevent oil overflow.<\/strong><\/p>\n<h1 style=\"text-align: center;\">SISTEMA EL\u00c9TRICO \u00c0 PROVA DE EXPLOS\u00c3O<\/h1>\n<p><img loading=\"lazy\" decoding=\"async\" class=\"aligncenter wp-image-6377\" src=\"https:\/\/ac-truck.com\/wp-content\/uploads\/2025\/12\/\u6cb9\u7f50\u8f66\u8be6\u60c5\u8f66_09.webp\" alt=\"\" width=\"1234\" height=\"1715\" srcset=\"https:\/\/ac-truck.com\/wp-content\/uploads\/2025\/12\/\u6cb9\u7f50\u8f66\u8be6\u60c5\u8f66_09.webp 790w, https:\/\/ac-truck.com\/wp-content\/uploads\/2025\/12\/\u6cb9\u7f50\u8f66\u8be6\u60c5\u8f66_09-216x300.webp 216w, https:\/\/ac-truck.com\/wp-content\/uploads\/2025\/12\/\u6cb9\u7f50\u8f66\u8be6\u60c5\u8f66_09-737x1024.webp 737w, https:\/\/ac-truck.com\/wp-content\/uploads\/2025\/12\/\u6cb9\u7f50\u8f66\u8be6\u60c5\u8f66_09-768x1067.webp 768w, https:\/\/ac-truck.com\/wp-content\/uploads\/2025\/12\/\u6cb9\u7f50\u8f66\u8be6\u60c5\u8f66_09-9x12.webp 9w, https:\/\/ac-truck.com\/wp-content\/uploads\/2025\/12\/\u6cb9\u7f50\u8f66\u8be6\u60c5\u8f66_09-600x834.webp 600w, https:\/\/ac-truck.com\/wp-content\/uploads\/2025\/12\/\u6cb9\u7f50\u8f66\u8be6\u60c5\u8f66_09-150x208.webp 150w\" sizes=\"(max-width: 1234px) 100vw, 1234px\" \/><\/p>\n<p><strong>1. Fita condutora est\u00e1tica<\/strong><br \/>\n<strong>2. Carretel est\u00e1tico<\/strong><br \/>\n<strong>3. Revestimento antiest\u00e1tico<\/strong><br \/>\n<strong>4.Explosion &#8211; proofnylon oil pump<\/strong><\/p>\n<h1 style=\"text-align: center;\">STANDARDIZED ACCESSORIES<\/h1>\n<p><img loading=\"lazy\" decoding=\"async\" class=\"aligncenter wp-image-6378\" src=\"https:\/\/ac-truck.com\/wp-content\/uploads\/2025\/12\/\u6cb9\u7f50\u8f66\u8be6\u60c5\u8f66_11.webp\" alt=\"\" width=\"1234\" height=\"1776\" srcset=\"https:\/\/ac-truck.com\/wp-content\/uploads\/2025\/12\/\u6cb9\u7f50\u8f66\u8be6\u60c5\u8f66_11.webp 790w, https:\/\/ac-truck.com\/wp-content\/uploads\/2025\/12\/\u6cb9\u7f50\u8f66\u8be6\u60c5\u8f66_11-208x300.webp 208w, https:\/\/ac-truck.com\/wp-content\/uploads\/2025\/12\/\u6cb9\u7f50\u8f66\u8be6\u60c5\u8f66_11-711x1024.webp 711w, https:\/\/ac-truck.com\/wp-content\/uploads\/2025\/12\/\u6cb9\u7f50\u8f66\u8be6\u60c5\u8f66_11-768x1105.webp 768w, https:\/\/ac-truck.com\/wp-content\/uploads\/2025\/12\/\u6cb9\u7f50\u8f66\u8be6\u60c5\u8f66_11-8x12.webp 8w, https:\/\/ac-truck.com\/wp-content\/uploads\/2025\/12\/\u6cb9\u7f50\u8f66\u8be6\u60c5\u8f66_11-600x864.webp 600w, https:\/\/ac-truck.com\/wp-content\/uploads\/2025\/12\/\u6cb9\u7f50\u8f66\u8be6\u60c5\u8f66_11-150x216.webp 150w\" sizes=\"(max-width: 1234px) 100vw, 1234px\" \/><\/p>\n<p><strong>1. Seguran\u00e7a refor\u00e7ada<\/strong><br \/>\n<strong>2. Alta universalidade<\/strong><br \/>\n<strong>3. Redu\u00e7\u00e3o dos custos de manuten\u00e7\u00e3o<\/strong><br \/>\n<strong>4. Melhoria da efici\u00eancia operacional<\/strong><\/p>\n<h1 style=\"text-align: center;\">Outros detalhes<\/h1>\n<p><img loading=\"lazy\" decoding=\"async\" class=\"aligncenter wp-image-6379\" src=\"https:\/\/ac-truck.com\/wp-content\/uploads\/2025\/12\/\u6cb9\u7f50\u8f66\u8be6\u60c5\u8f66_13.webp\" alt=\"\" width=\"1234\" height=\"2460\" srcset=\"https:\/\/ac-truck.com\/wp-content\/uploads\/2025\/12\/\u6cb9\u7f50\u8f66\u8be6\u60c5\u8f66_13.webp 790w, https:\/\/ac-truck.com\/wp-content\/uploads\/2025\/12\/\u6cb9\u7f50\u8f66\u8be6\u60c5\u8f66_13-150x299.webp 150w, https:\/\/ac-truck.com\/wp-content\/uploads\/2025\/12\/\u6cb9\u7f50\u8f66\u8be6\u60c5\u8f66_13-514x1024.webp 514w, https:\/\/ac-truck.com\/wp-content\/uploads\/2025\/12\/\u6cb9\u7f50\u8f66\u8be6\u60c5\u8f66_13-768x1531.webp 768w, https:\/\/ac-truck.com\/wp-content\/uploads\/2025\/12\/\u6cb9\u7f50\u8f66\u8be6\u60c5\u8f66_13-770x1536.webp 770w, https:\/\/ac-truck.com\/wp-content\/uploads\/2025\/12\/\u6cb9\u7f50\u8f66\u8be6\u60c5\u8f66_13-6x12.webp 6w, https:\/\/ac-truck.com\/wp-content\/uploads\/2025\/12\/\u6cb9\u7f50\u8f66\u8be6\u60c5\u8f66_13-600x1196.webp 600w\" sizes=\"(max-width: 1234px) 100vw, 1234px\" \/><\/p>\n<p><strong>1. V\u00e1lvula APL: Possui fun\u00e7\u00f5es integradas de respira\u00e7\u00e3o e exaust\u00e3o de emerg\u00eancia, que podem manter o equil\u00edbrio de press\u00e3o dentro e fora do tanque, evitar o desperd\u00edcio de \u00f3leo e libertar a press\u00e3o no tanque em caso de emerg\u00eancia.<\/strong><br \/>\n<strong>2. Donaldson fueling reel: lt provides double protectionagainst leakage and pollution, is anti &#8211; static and suitable forhazardous environments, and the automatic re &#8211; windingfeature saves labor and effort.<\/strong><br \/>\n<strong>3. Painel de controlo integrado: oferece um funcionamento conveniente e maior seguran\u00e7a.<\/strong><br \/>\n<strong>4. Liquid &#8211; level float gauge: lt accurately monitors the liquidlevel.<\/strong><br \/>\n<strong>5.Anti &#8211; slip walkway: lt reduces the risk of slipping andcomprehensivelyensures the safety of personnel.<\/strong><\/p>\n<h1 style=\"text-align: center;\">PROCESSO DE PRODU\u00c7\u00c3O<\/h1>\n<p data-wp-editing=\"1\"><img loading=\"lazy\" decoding=\"async\" class=\"aligncenter wp-image-6380\" src=\"https:\/\/ac-truck.com\/wp-content\/uploads\/2025\/12\/\u6cb9\u7f50\u8f66\u8be6\u60c5\u8f66_15.webp\" alt=\"\" width=\"1234\" height=\"3355\" srcset=\"https:\/\/ac-truck.com\/wp-content\/uploads\/2025\/12\/\u6cb9\u7f50\u8f66\u8be6\u60c5\u8f66_15.webp 790w, https:\/\/ac-truck.com\/wp-content\/uploads\/2025\/12\/\u6cb9\u7f50\u8f66\u8be6\u60c5\u8f66_15-110x300.webp 110w, https:\/\/ac-truck.com\/wp-content\/uploads\/2025\/12\/\u6cb9\u7f50\u8f66\u8be6\u60c5\u8f66_15-377x1024.webp 377w, https:\/\/ac-truck.com\/wp-content\/uploads\/2025\/12\/\u6cb9\u7f50\u8f66\u8be6\u60c5\u8f66_15-768x2088.webp 768w, https:\/\/ac-truck.com\/wp-content\/uploads\/2025\/12\/\u6cb9\u7f50\u8f66\u8be6\u60c5\u8f66_15-565x1536.webp 565w, https:\/\/ac-truck.com\/wp-content\/uploads\/2025\/12\/\u6cb9\u7f50\u8f66\u8be6\u60c5\u8f66_15-753x2048.webp 753w, https:\/\/ac-truck.com\/wp-content\/uploads\/2025\/12\/\u6cb9\u7f50\u8f66\u8be6\u60c5\u8f66_15-4x12.webp 4w, https:\/\/ac-truck.com\/wp-content\/uploads\/2025\/12\/\u6cb9\u7f50\u8f66\u8be6\u60c5\u8f66_15-600x1631.webp 600w, https:\/\/ac-truck.com\/wp-content\/uploads\/2025\/12\/\u6cb9\u7f50\u8f66\u8be6\u60c5\u8f66_15-150x408.webp 150w\" sizes=\"(max-width: 1234px) 100vw, 1234px\" \/> <img loading=\"lazy\" decoding=\"async\" class=\"aligncenter wp-image-6381\" src=\"https:\/\/ac-truck.com\/wp-content\/uploads\/2025\/12\/\u6cb9\u7f50\u8f66\u8be6\u60c5\u8f66_16.webp\" alt=\"\" width=\"1234\" height=\"3326\" srcset=\"https:\/\/ac-truck.com\/wp-content\/uploads\/2025\/12\/\u6cb9\u7f50\u8f66\u8be6\u60c5\u8f66_16.webp 790w, https:\/\/ac-truck.com\/wp-content\/uploads\/2025\/12\/\u6cb9\u7f50\u8f66\u8be6\u60c5\u8f66_16-111x300.webp 111w, https:\/\/ac-truck.com\/wp-content\/uploads\/2025\/12\/\u6cb9\u7f50\u8f66\u8be6\u60c5\u8f66_16-380x1024.webp 380w, https:\/\/ac-truck.com\/wp-content\/uploads\/2025\/12\/\u6cb9\u7f50\u8f66\u8be6\u60c5\u8f66_16-768x2070.webp 768w, https:\/\/ac-truck.com\/wp-content\/uploads\/2025\/12\/\u6cb9\u7f50\u8f66\u8be6\u60c5\u8f66_16-570x1536.webp 570w, https:\/\/ac-truck.com\/wp-content\/uploads\/2025\/12\/\u6cb9\u7f50\u8f66\u8be6\u60c5\u8f66_16-760x2048.webp 760w, https:\/\/ac-truck.com\/wp-content\/uploads\/2025\/12\/\u6cb9\u7f50\u8f66\u8be6\u60c5\u8f66_16-4x12.webp 4w, https:\/\/ac-truck.com\/wp-content\/uploads\/2025\/12\/\u6cb9\u7f50\u8f66\u8be6\u60c5\u8f66_16-600x1617.webp 600w, https:\/\/ac-truck.com\/wp-content\/uploads\/2025\/12\/\u6cb9\u7f50\u8f66\u8be6\u60c5\u8f66_16-150x404.webp 150w\" sizes=\"(max-width: 1234px) 100vw, 1234px\" \/><\/p>\n<p data-wp-editing=\"1\"><strong>1. Corte a laser: apresenta uma elevada precis\u00e3o de corte, costuras suaves e uma elevada velocidade de corte.<\/strong><br \/>\n<strong>2.\u00ba Processamento em laminador: oferece uma elevada precis\u00e3o de lamina\u00e7\u00e3o, curvatura uniforme, garante uma qualidade de conforma\u00e7\u00e3o est\u00e1vel e melhora a resist\u00eancia estrutural global e o desempenho de veda\u00e7\u00e3o do dep\u00f3sito de combust\u00edvel.<\/strong><br \/>\n<strong>3. Guia de ondas de barra de a\u00e7o: Refor\u00e7a a resist\u00eancia estrutural, impedindo que o corpo do tanque se deforme e rache devido a solavancos e impactos de l\u00edquidos, melhorando assim a sua durabilidade.<\/strong><br \/>\n<strong>load &#8211; bearing capacity.<\/strong><br \/>\n<strong>4. Soldadura autom\u00e1tica CNC do corpo do tanque: Possui uma elevada precis\u00e3o de soldadura, forma\u00e7\u00e3o de soldadura uniforme e soldadura est\u00e1vel.<\/strong><br \/>\n<strong>velocidade crescente.<\/strong><br \/>\n<strong>5.Tank &#8211; body completion: This ensures the quality of weldseams and prevents cracks or leaks.<\/strong><br \/>\n<strong>6. Ajuste estrutural do chassis: Ajuste a estrutura do chassis de acordo com o tamanho e o peso do dep\u00f3sito de \u00f3leo.<\/strong><br \/>\n<strong>7. Montagem do corpo do tanque no chassis: Aplicar revestimentos multicamadas resistentes \u00e0 corros\u00e3o e ao desgaste para melhorar o desempenho de prote\u00e7\u00e3o e salvaguardar o tanque de armazenamento e a carro\u00e7aria do ve\u00edculo.<\/strong><br \/>\n<strong>8. Conclus\u00e3o da montagem do ve\u00edculo: Ap\u00f3s a montagem, devem ser realizados testes abrangentes, tais como testes de veda\u00e7\u00e3o, testes de resist\u00eancia, testes de dispositivos de seguran\u00e7a e testes de estrada, para garantir a seguran\u00e7a e a fiabilidade do cami\u00e3o-cisterna.<\/strong><\/p>\n<h1 style=\"text-align: center;\" data-wp-editing=\"1\">CEN\u00c1RIOS DE APLICA\u00c7\u00c3O<\/h1>\n<p data-wp-editing=\"1\"><img loading=\"lazy\" decoding=\"async\" class=\"aligncenter wp-image-6382\" src=\"https:\/\/ac-truck.com\/wp-content\/uploads\/2025\/12\/\u6cb9\u7f50\u8f66\u8be6\u60c5\u8f66_18.webp\" alt=\"\" width=\"1234\" height=\"2587\" srcset=\"https:\/\/ac-truck.com\/wp-content\/uploads\/2025\/12\/\u6cb9\u7f50\u8f66\u8be6\u60c5\u8f66_18.webp 790w, https:\/\/ac-truck.com\/wp-content\/uploads\/2025\/12\/\u6cb9\u7f50\u8f66\u8be6\u60c5\u8f66_18-143x300.webp 143w, https:\/\/ac-truck.com\/wp-content\/uploads\/2025\/12\/\u6cb9\u7f50\u8f66\u8be6\u60c5\u8f66_18-489x1024.webp 489w, https:\/\/ac-truck.com\/wp-content\/uploads\/2025\/12\/\u6cb9\u7f50\u8f66\u8be6\u60c5\u8f66_18-768x1610.webp 768w, https:\/\/ac-truck.com\/wp-content\/uploads\/2025\/12\/\u6cb9\u7f50\u8f66\u8be6\u60c5\u8f66_18-733x1536.webp 733w, https:\/\/ac-truck.com\/wp-content\/uploads\/2025\/12\/\u6cb9\u7f50\u8f66\u8be6\u60c5\u8f66_18-6x12.webp 6w, https:\/\/ac-truck.com\/wp-content\/uploads\/2025\/12\/\u6cb9\u7f50\u8f66\u8be6\u60c5\u8f66_18-600x1258.webp 600w, https:\/\/ac-truck.com\/wp-content\/uploads\/2025\/12\/\u6cb9\u7f50\u8f66\u8be6\u60c5\u8f66_18-150x314.webp 150w\" sizes=\"(max-width: 1234px) 100vw, 1234px\" \/><\/p>\n<h1 style=\"text-align: center;\" data-wp-editing=\"1\">EMBALAMENTO E TRANSPORTE<\/h1>\n<p data-wp-editing=\"1\"><img loading=\"lazy\" decoding=\"async\" class=\"aligncenter wp-image-6383\" src=\"https:\/\/ac-truck.com\/wp-content\/uploads\/2025\/12\/\u6cb9\u7f50\u8f66\u8be6\u60c5\u8f66_20.webp\" alt=\"\" width=\"1234\" height=\"2568\" srcset=\"https:\/\/ac-truck.com\/wp-content\/uploads\/2025\/12\/\u6cb9\u7f50\u8f66\u8be6\u60c5\u8f66_20.webp 790w, https:\/\/ac-truck.com\/wp-content\/uploads\/2025\/12\/\u6cb9\u7f50\u8f66\u8be6\u60c5\u8f66_20-144x300.webp 144w, https:\/\/ac-truck.com\/wp-content\/uploads\/2025\/12\/\u6cb9\u7f50\u8f66\u8be6\u60c5\u8f66_20-492x1024.webp 492w, https:\/\/ac-truck.com\/wp-content\/uploads\/2025\/12\/\u6cb9\u7f50\u8f66\u8be6\u60c5\u8f66_20-768x1598.webp 768w, https:\/\/ac-truck.com\/wp-content\/uploads\/2025\/12\/\u6cb9\u7f50\u8f66\u8be6\u60c5\u8f66_20-738x1536.webp 738w, https:\/\/ac-truck.com\/wp-content\/uploads\/2025\/12\/\u6cb9\u7f50\u8f66\u8be6\u60c5\u8f66_20-6x12.webp 6w, https:\/\/ac-truck.com\/wp-content\/uploads\/2025\/12\/\u6cb9\u7f50\u8f66\u8be6\u60c5\u8f66_20-600x1249.webp 600w, https:\/\/ac-truck.com\/wp-content\/uploads\/2025\/12\/\u6cb9\u7f50\u8f66\u8be6\u60c5\u8f66_20-150x312.webp 150w\" sizes=\"(max-width: 1234px) 100vw, 1234px\" \/><\/p>","protected":false},"excerpt":{"rendered":"<p>PRODUCT PARAMETERS 7.5m\u00b3 Refueling Truck JAC project Descriptions Specifications General Overall dimensions(mm) 6100\u00d72150\u00d72650 curb weight(Kg) 3900 Loading capacity(Kg) 5005 Total<\/p>","protected":false},"featured_media":6389,"template":"","meta":[],"product_brand":[227],"product_cat":[176],"product_tag":[242,243,249,251,332],"class_list":{"0":"post-6372","1":"product","2":"type-product","3":"status-publish","4":"has-post-thumbnail","6":"product_brand-jac","7":"product_cat-tanker-trucks","8":"product_tag-fuel-tanker","9":"product_tag-oil-tanker-truck","10":"product_tag-tanker-truck","11":"product_tag-refueling-truck","12":"product_tag-7500l","14":"first","15":"instock","16":"shipping-taxable","17":"product-type-simple"},"_links":{"self":[{"href":"https:\/\/ac-truck.com\/pt\/wp-json\/wp\/v2\/product\/6372","targetHints":{"allow":["GET"]}}],"collection":[{"href":"https:\/\/ac-truck.com\/pt\/wp-json\/wp\/v2\/product"}],"about":[{"href":"https:\/\/ac-truck.com\/pt\/wp-json\/wp\/v2\/types\/product"}],"version-history":[{"count":2,"href":"https:\/\/ac-truck.com\/pt\/wp-json\/wp\/v2\/product\/6372\/revisions"}],"predecessor-version":[{"id":6681,"href":"https:\/\/ac-truck.com\/pt\/wp-json\/wp\/v2\/product\/6372\/revisions\/6681"}],"wp:featuredmedia":[{"embeddable":true,"href":"https:\/\/ac-truck.com\/pt\/wp-json\/wp\/v2\/media\/6389"}],"wp:attachment":[{"href":"https:\/\/ac-truck.com\/pt\/wp-json\/wp\/v2\/media?parent=6372"}],"wp:term":[{"taxonomy":"product_brand","embeddable":true,"href":"https:\/\/ac-truck.com\/pt\/wp-json\/wp\/v2\/product_brand?post=6372"},{"taxonomy":"product_cat","embeddable":true,"href":"https:\/\/ac-truck.com\/pt\/wp-json\/wp\/v2\/product_cat?post=6372"},{"taxonomy":"product_tag","embeddable":true,"href":"https:\/\/ac-truck.com\/pt\/wp-json\/wp\/v2\/product_tag?post=6372"}],"curies":[{"name":"wp","href":"https:\/\/api.w.org\/{rel}","templated":true}]}}