{"id":6431,"date":"2025-12-02T15:20:45","date_gmt":"2025-12-02T07:20:45","guid":{"rendered":"https:\/\/ac-truck.com\/?post_type=product&#038;p=6431"},"modified":"2025-12-20T11:05:03","modified_gmt":"2025-12-20T03:05:03","slug":"20000l-tanker-truck-isuzu","status":"publish","type":"product","link":"https:\/\/ac-truck.com\/pt\/20000l-tanker-truck-isuzu.html","title":{"rendered":"Cami\u00e3o-cisterna ISUZU de 20.000 litros"},"content":{"rendered":"<p><img fetchpriority=\"high\" decoding=\"async\" class=\"aligncenter wp-image-6432\" src=\"https:\/\/ac-truck.com\/wp-content\/uploads\/2025\/12\/\u6574\u8f66\u6d77\u62a5_01-4.webp\" alt=\"\" width=\"1234\" height=\"1595\" srcset=\"https:\/\/ac-truck.com\/wp-content\/uploads\/2025\/12\/\u6574\u8f66\u6d77\u62a5_01-4.webp 790w, https:\/\/ac-truck.com\/wp-content\/uploads\/2025\/12\/\u6574\u8f66\u6d77\u62a5_01-4-232x300.webp 232w, https:\/\/ac-truck.com\/wp-content\/uploads\/2025\/12\/\u6574\u8f66\u6d77\u62a5_01-4-768x993.webp 768w, https:\/\/ac-truck.com\/wp-content\/uploads\/2025\/12\/\u6574\u8f66\u6d77\u62a5_01-4-9x12.webp 9w, https:\/\/ac-truck.com\/wp-content\/uploads\/2025\/12\/\u6574\u8f66\u6d77\u62a5_01-4-600x775.webp 600w, https:\/\/ac-truck.com\/wp-content\/uploads\/2025\/12\/\u6574\u8f66\u6d77\u62a5_01-4-150x194.webp 150w\" sizes=\"(max-width: 1234px) 100vw, 1234px\" \/><\/p>\n<h1 style=\"text-align: center;\">PAR\u00c2METROS DO PRODUTO<\/h1>\n<p><img decoding=\"async\" class=\"aligncenter wp-image-6433\" src=\"https:\/\/ac-truck.com\/wp-content\/uploads\/2025\/12\/\u6574\u8f66\u6d77\u62a5_03-4.webp\" alt=\"\" width=\"1234\" height=\"486\" srcset=\"https:\/\/ac-truck.com\/wp-content\/uploads\/2025\/12\/\u6574\u8f66\u6d77\u62a5_03-4.webp 790w, https:\/\/ac-truck.com\/wp-content\/uploads\/2025\/12\/\u6574\u8f66\u6d77\u62a5_03-4-300x118.webp 300w, https:\/\/ac-truck.com\/wp-content\/uploads\/2025\/12\/\u6574\u8f66\u6d77\u62a5_03-4-768x302.webp 768w, https:\/\/ac-truck.com\/wp-content\/uploads\/2025\/12\/\u6574\u8f66\u6d77\u62a5_03-4-18x7.webp 18w, https:\/\/ac-truck.com\/wp-content\/uploads\/2025\/12\/\u6574\u8f66\u6d77\u62a5_03-4-600x236.webp 600w, https:\/\/ac-truck.com\/wp-content\/uploads\/2025\/12\/\u6574\u8f66\u6d77\u62a5_03-4-150x59.webp 150w\" sizes=\"(max-width: 1234px) 100vw, 1234px\" \/><\/p>\n<h2 style=\"text-align: center;\">Cami\u00e3o-cisterna ISUZU de 20.000 litros<\/h2>\n<table>\n<tbody>\n<tr>\n<td width=\"86\"><strong>projeto<\/strong><\/td>\n<td width=\"296\"><strong>Descri\u00e7\u00f5es<\/strong><\/td>\n<td width=\"317\"><strong>Especifica\u00e7\u00f5es<\/strong><\/td>\n<\/tr>\n<tr>\n<td rowspan=\"4\" width=\"86\"><strong>General<\/strong><\/td>\n<td width=\"296\"><strong>Dimens\u00f5es totais (mm)<\/strong><\/td>\n<td width=\"317\"><strong>9700\u00d72550\u00d73450<\/strong><\/td>\n<\/tr>\n<tr>\n<td width=\"296\"><strong>peso bruto (kg)<\/strong><\/td>\n<td width=\"317\"><strong>10205<\/strong><\/td>\n<\/tr>\n<tr>\n<td width=\"296\"><strong>Capacidade de carga (Kg)<\/strong><\/td>\n<td width=\"317\"><strong>15665<\/strong><\/td>\n<\/tr>\n<tr>\n<td width=\"296\"><strong>Massa total (Kg)<\/strong><\/td>\n<td width=\"317\"><strong>26000<\/strong><\/td>\n<\/tr>\n<tr>\n<td rowspan=\"4\" width=\"86\"><strong>Corpo<\/strong><\/td>\n<td width=\"296\"><strong>Tamanho do dep\u00f3sito<\/strong><\/td>\n<td width=\"317\"><strong>5800\u00d72200\u00d71480<\/strong><\/td>\n<\/tr>\n<tr>\n<td width=\"296\"><strong>Material do tanque<\/strong><\/td>\n<td width=\"317\"><strong>Q235<\/strong><\/td>\n<\/tr>\n<tr>\n<td width=\"296\"><strong>\u00a0Espessura do tanque (mm)<\/strong><\/td>\n<td width=\"317\"><strong>5<\/strong><\/td>\n<\/tr>\n<tr>\n<td width=\"296\"><strong>Volume do tanque (L)<\/strong><\/td>\n<td width=\"317\"><strong>20000<\/strong><\/td>\n<\/tr>\n<tr>\n<td rowspan=\"6\" width=\"86\"><strong>Chassis<\/strong><\/p>\n<p>&nbsp;<\/td>\n<td width=\"296\"><strong>Marca do chassi<\/strong><\/td>\n<td width=\"317\"><strong>ISUZU<\/strong><\/td>\n<\/tr>\n<tr>\n<td width=\"296\"><strong>Formul\u00e1rio do motorista<\/strong><\/td>\n<td width=\"317\"><strong>6\u00d74<\/strong><\/td>\n<\/tr>\n<tr>\n<td width=\"296\"><strong>Volante<\/strong><\/td>\n<td width=\"317\"><strong>Dire\u00e7\u00e3o \u00e0 esquerda<\/strong><\/td>\n<\/tr>\n<tr>\n<td width=\"296\"><strong>Marca e modelo do motor<\/strong><\/td>\n<td width=\"317\"><strong>6HK1-TCG60<\/strong><\/td>\n<\/tr>\n<tr>\n<td width=\"296\"><strong>Pot\u00eancia m\u00e1xima do motor (kW)<\/strong><\/td>\n<td width=\"317\"><strong>220<\/strong><\/td>\n<\/tr>\n<tr>\n<td width=\"296\"><strong>Caixa de engrenagens<\/strong><\/td>\n<td width=\"317\"><strong>Caixa de velocidades de 9 velocidades<\/strong><\/td>\n<\/tr>\n<\/tbody>\n<\/table>\n<h1 style=\"text-align: center;\">VANTAGENS DO VE\u00cdCULO<\/h1>\n<h4 style=\"text-align: center;\">MATERIAL E DESIGN DA CAIXA<\/h4>\n<p><img decoding=\"async\" class=\"aligncenter wp-image-6375\" src=\"https:\/\/ac-truck.com\/wp-content\/uploads\/2025\/12\/%E6%B2%B9%E7%BD%90%E8%BD%A6%E8%AF%A6%E6%83%85%E8%BD%A6_05.webp\" sizes=\"(max-width: 1234px) 100vw, 1234px\" srcset=\"https:\/\/ac-truck.com\/wp-content\/uploads\/2025\/12\/\u6cb9\u7f50\u8f66\u8be6\u60c5\u8f66_05.webp 790w, https:\/\/ac-truck.com\/wp-content\/uploads\/2025\/12\/\u6cb9\u7f50\u8f66\u8be6\u60c5\u8f66_05-126x300.webp 126w, https:\/\/ac-truck.com\/wp-content\/uploads\/2025\/12\/\u6cb9\u7f50\u8f66\u8be6\u60c5\u8f66_05-432x1024.webp 432w, https:\/\/ac-truck.com\/wp-content\/uploads\/2025\/12\/\u6cb9\u7f50\u8f66\u8be6\u60c5\u8f66_05-768x1822.webp 768w, https:\/\/ac-truck.com\/wp-content\/uploads\/2025\/12\/\u6cb9\u7f50\u8f66\u8be6\u60c5\u8f66_05-648x1536.webp 648w, https:\/\/ac-truck.com\/wp-content\/uploads\/2025\/12\/\u6cb9\u7f50\u8f66\u8be6\u60c5\u8f66_05-5x12.webp 5w, https:\/\/ac-truck.com\/wp-content\/uploads\/2025\/12\/\u6cb9\u7f50\u8f66\u8be6\u60c5\u8f66_05-600x1423.webp 600w, https:\/\/ac-truck.com\/wp-content\/uploads\/2025\/12\/\u6cb9\u7f50\u8f66\u8be6\u60c5\u8f66_05-150x356.webp 150w\" alt=\"\" width=\"1234\" height=\"2927\" \/><\/p>\n<p><strong>1. A\u00e7o de alta resist\u00eancia: pode suportar a press\u00e3o do \u00f3leo durante o transporte e poss\u00edveis impactos externos.<\/strong><br \/>\n<strong>2.\u00ba Design com sec\u00e7\u00e3o transversal n\u00e3o circular: \u00c9 menos propenso a partir quando sujeito a impactos externos e reduz o centro de gravidade do ve\u00edculo.<\/strong><br \/>\n<strong>3. Divis\u00f3rias transversais onduladas: Reduzem o movimento do l\u00edquido durante a condu\u00e7\u00e3o e evitam o capotamento. Efeito \u00e0 prova de explos\u00e3o: Reduzem a acumula\u00e7\u00e3o de eletricidade est\u00e1tica provocada pelo movimento violento do l\u00edquido.<\/strong><\/p>\n<h2 style=\"text-align: center;\">ACESS\u00d3RIOS PRINCIPAIS PARA PROTE\u00c7\u00c3O CONTRA EXPLOS\u00d5ES E FUGAS<\/h2>\n<p><img loading=\"lazy\" decoding=\"async\" class=\"aligncenter wp-image-6376\" src=\"https:\/\/ac-truck.com\/wp-content\/uploads\/2025\/12\/%E6%B2%B9%E7%BD%90%E8%BD%A6%E8%AF%A6%E6%83%85%E8%BD%A6_07-scaled.webp\" sizes=\"(max-width: 1234px) 100vw, 1234px\" srcset=\"https:\/\/ac-truck.com\/wp-content\/uploads\/2025\/12\/\u6cb9\u7f50\u8f66\u8be6\u60c5\u8f66_07-scaled.webp 664w, https:\/\/ac-truck.com\/wp-content\/uploads\/2025\/12\/\u6cb9\u7f50\u8f66\u8be6\u60c5\u8f66_07-78x300.webp 78w, https:\/\/ac-truck.com\/wp-content\/uploads\/2025\/12\/\u6cb9\u7f50\u8f66\u8be6\u60c5\u8f66_07-768x2960.webp 768w, https:\/\/ac-truck.com\/wp-content\/uploads\/2025\/12\/\u6cb9\u7f50\u8f66\u8be6\u60c5\u8f66_07-531x2048.webp 531w, https:\/\/ac-truck.com\/wp-content\/uploads\/2025\/12\/\u6cb9\u7f50\u8f66\u8be6\u60c5\u8f66_07-3x12.webp 3w, https:\/\/ac-truck.com\/wp-content\/uploads\/2025\/12\/\u6cb9\u7f50\u8f66\u8be6\u60c5\u8f66_07-600x2313.webp 600w, https:\/\/ac-truck.com\/wp-content\/uploads\/2025\/12\/\u6cb9\u7f50\u8f66\u8be6\u60c5\u8f66_07-150x578.webp 150w\" alt=\"\" width=\"1234\" height=\"4758\" \/><\/p>\n<p><strong>1. Bocal de enchimento padr\u00e3o europeu: possui fun\u00e7\u00f5es integradas de ventila\u00e7\u00e3o e exaust\u00e3o de emerg\u00eancia. Mant\u00e9m o equil\u00edbrio de press\u00e3o dentro e fora do dep\u00f3sito, evita o desperd\u00edcio de \u00f3leo e liberta a press\u00e3o interna em caso de emerg\u00eancia.<\/strong><br \/>\n<strong>2. V\u00e1lvula submarina: Tamb\u00e9m conhecida como v\u00e1lvula de corte de emerg\u00eancia, \u00e9 instalada no fundo do tanque e utilizada para o carregamento de petr\u00f3leo pelo fundo. Quando ocorre um acidente com o dep\u00f3sito de petr\u00f3leo, a tubagem do ve\u00edculo e o dep\u00f3sito desligam-se automaticamente.<\/strong><br \/>\n<strong>3. Corta-chamas: Impede a entrada de chamas externas ou evita a propaga\u00e7\u00e3o de chamas entre equipamentos e tubagens que contenham gases inflam\u00e1veis \u200b\u200be explosivos.<\/strong><br \/>\n<strong>4. Sistema de paragem de emerg\u00eancia: Pode ser operado manualmente, automaticamente ou remotamente. Quando o ve\u00edculo tomba e ocorre a rutura da tubagem, o sistema corta imediatamente o circuito de \u00f3leo para evitar fugas.<\/strong><br \/>\n<strong>5. Haste da sonda anti-transbordamento e dispositivo de recupera\u00e7\u00e3o de \u00f3leo e g\u00e1s: Durante o processo de inje\u00e7\u00e3o de \u00f3leo, quando o n\u00edvel do l\u00edquido atinge a posi\u00e7\u00e3o definida, \u00e9 automaticamente acionado um alarme e a inje\u00e7\u00e3o de \u00f3leo \u00e9 interrompida para evitar o transbordamento.<\/strong><\/p>\n<h1 style=\"text-align: center;\">SISTEMA EL\u00c9TRICO \u00c0 PROVA DE EXPLOS\u00c3O<\/h1>\n<p><img loading=\"lazy\" decoding=\"async\" class=\"aligncenter wp-image-6377\" src=\"https:\/\/ac-truck.com\/wp-content\/uploads\/2025\/12\/%E6%B2%B9%E7%BD%90%E8%BD%A6%E8%AF%A6%E6%83%85%E8%BD%A6_09.webp\" sizes=\"(max-width: 1234px) 100vw, 1234px\" srcset=\"https:\/\/ac-truck.com\/wp-content\/uploads\/2025\/12\/\u6cb9\u7f50\u8f66\u8be6\u60c5\u8f66_09.webp 790w, https:\/\/ac-truck.com\/wp-content\/uploads\/2025\/12\/\u6cb9\u7f50\u8f66\u8be6\u60c5\u8f66_09-216x300.webp 216w, https:\/\/ac-truck.com\/wp-content\/uploads\/2025\/12\/\u6cb9\u7f50\u8f66\u8be6\u60c5\u8f66_09-737x1024.webp 737w, https:\/\/ac-truck.com\/wp-content\/uploads\/2025\/12\/\u6cb9\u7f50\u8f66\u8be6\u60c5\u8f66_09-768x1067.webp 768w, https:\/\/ac-truck.com\/wp-content\/uploads\/2025\/12\/\u6cb9\u7f50\u8f66\u8be6\u60c5\u8f66_09-9x12.webp 9w, https:\/\/ac-truck.com\/wp-content\/uploads\/2025\/12\/\u6cb9\u7f50\u8f66\u8be6\u60c5\u8f66_09-600x834.webp 600w, https:\/\/ac-truck.com\/wp-content\/uploads\/2025\/12\/\u6cb9\u7f50\u8f66\u8be6\u60c5\u8f66_09-150x208.webp 150w\" alt=\"\" width=\"1234\" height=\"1715\" \/><\/p>\n<p><strong>1. Fita condutora est\u00e1tica<\/strong><br \/>\n<strong>2. Carretel est\u00e1tico<\/strong><br \/>\n<strong>3. Revestimento antiest\u00e1tico<\/strong><br \/>\n<strong>4. Bomba de \u00f3leo de nylon \u00e0 prova de explos\u00e3o<\/strong><\/p>\n<h1 style=\"text-align: center;\">STANDARDIZED ACCESSORIES<\/h1>\n<p><img loading=\"lazy\" decoding=\"async\" class=\"aligncenter wp-image-6378\" src=\"https:\/\/ac-truck.com\/wp-content\/uploads\/2025\/12\/%E6%B2%B9%E7%BD%90%E8%BD%A6%E8%AF%A6%E6%83%85%E8%BD%A6_11.webp\" sizes=\"(max-width: 1234px) 100vw, 1234px\" srcset=\"https:\/\/ac-truck.com\/wp-content\/uploads\/2025\/12\/\u6cb9\u7f50\u8f66\u8be6\u60c5\u8f66_11.webp 790w, https:\/\/ac-truck.com\/wp-content\/uploads\/2025\/12\/\u6cb9\u7f50\u8f66\u8be6\u60c5\u8f66_11-208x300.webp 208w, https:\/\/ac-truck.com\/wp-content\/uploads\/2025\/12\/\u6cb9\u7f50\u8f66\u8be6\u60c5\u8f66_11-711x1024.webp 711w, https:\/\/ac-truck.com\/wp-content\/uploads\/2025\/12\/\u6cb9\u7f50\u8f66\u8be6\u60c5\u8f66_11-768x1105.webp 768w, https:\/\/ac-truck.com\/wp-content\/uploads\/2025\/12\/\u6cb9\u7f50\u8f66\u8be6\u60c5\u8f66_11-8x12.webp 8w, https:\/\/ac-truck.com\/wp-content\/uploads\/2025\/12\/\u6cb9\u7f50\u8f66\u8be6\u60c5\u8f66_11-600x864.webp 600w, https:\/\/ac-truck.com\/wp-content\/uploads\/2025\/12\/\u6cb9\u7f50\u8f66\u8be6\u60c5\u8f66_11-150x216.webp 150w\" alt=\"\" width=\"1234\" height=\"1776\" \/><\/p>\n<p><strong>1. Seguran\u00e7a refor\u00e7ada<\/strong><br \/>\n<strong>2. Alta universalidade<\/strong><br \/>\n<strong>3. Redu\u00e7\u00e3o dos custos de manuten\u00e7\u00e3o<\/strong><br \/>\n<strong>4. Melhoria da efici\u00eancia operacional<\/strong><\/p>\n<h1 style=\"text-align: center;\">Outros detalhes<\/h1>\n<p><img loading=\"lazy\" decoding=\"async\" class=\"aligncenter wp-image-6379\" src=\"https:\/\/ac-truck.com\/wp-content\/uploads\/2025\/12\/%E6%B2%B9%E7%BD%90%E8%BD%A6%E8%AF%A6%E6%83%85%E8%BD%A6_13.webp\" sizes=\"(max-width: 1234px) 100vw, 1234px\" srcset=\"https:\/\/ac-truck.com\/wp-content\/uploads\/2025\/12\/\u6cb9\u7f50\u8f66\u8be6\u60c5\u8f66_13.webp 790w, https:\/\/ac-truck.com\/wp-content\/uploads\/2025\/12\/\u6cb9\u7f50\u8f66\u8be6\u60c5\u8f66_13-150x299.webp 150w, https:\/\/ac-truck.com\/wp-content\/uploads\/2025\/12\/\u6cb9\u7f50\u8f66\u8be6\u60c5\u8f66_13-514x1024.webp 514w, https:\/\/ac-truck.com\/wp-content\/uploads\/2025\/12\/\u6cb9\u7f50\u8f66\u8be6\u60c5\u8f66_13-768x1531.webp 768w, https:\/\/ac-truck.com\/wp-content\/uploads\/2025\/12\/\u6cb9\u7f50\u8f66\u8be6\u60c5\u8f66_13-770x1536.webp 770w, https:\/\/ac-truck.com\/wp-content\/uploads\/2025\/12\/\u6cb9\u7f50\u8f66\u8be6\u60c5\u8f66_13-6x12.webp 6w, https:\/\/ac-truck.com\/wp-content\/uploads\/2025\/12\/\u6cb9\u7f50\u8f66\u8be6\u60c5\u8f66_13-600x1196.webp 600w\" alt=\"\" width=\"1234\" height=\"2460\" \/><\/p>\n<p><strong>1. V\u00e1lvula APL: Possui fun\u00e7\u00f5es integradas de respira\u00e7\u00e3o e exaust\u00e3o de emerg\u00eancia, que podem manter o equil\u00edbrio de press\u00e3o dentro e fora do tanque, evitar o desperd\u00edcio de \u00f3leo e libertar a press\u00e3o no tanque em caso de emerg\u00eancia.<\/strong><br \/>\n<strong>2.\u00ba Carretel de abastecimento Donaldson: oferece dupla prote\u00e7\u00e3o contra fugas e contamina\u00e7\u00e3o, \u00e9 antiest\u00e1tico e adequado para ambientes perigosos, e a funcionalidade de enrolamento autom\u00e1tico poupa m\u00e3o-de-obra e esfor\u00e7o.<\/strong><br \/>\n<strong>3. Painel de controlo integrado: oferece um funcionamento conveniente e maior seguran\u00e7a.<\/strong><br \/>\n<strong>4.\u00ba Medidor de n\u00edvel de l\u00edquido com flutuador: monitoriza com precis\u00e3o o n\u00edvel do l\u00edquido.<\/strong><br \/>\n<strong>5. Passarela antiderrapante: reduz o risco de escorregamento e garante integralmente a seguran\u00e7a das pessoas.<\/strong><\/p>\n<h1 style=\"text-align: center;\">PROCESSO DE PRODU\u00c7\u00c3O<\/h1>\n<p data-wp-editing=\"1\"><img loading=\"lazy\" decoding=\"async\" class=\"aligncenter wp-image-6380\" src=\"https:\/\/ac-truck.com\/wp-content\/uploads\/2025\/12\/%E6%B2%B9%E7%BD%90%E8%BD%A6%E8%AF%A6%E6%83%85%E8%BD%A6_15.webp\" sizes=\"(max-width: 1234px) 100vw, 1234px\" srcset=\"https:\/\/ac-truck.com\/wp-content\/uploads\/2025\/12\/\u6cb9\u7f50\u8f66\u8be6\u60c5\u8f66_15.webp 790w, https:\/\/ac-truck.com\/wp-content\/uploads\/2025\/12\/\u6cb9\u7f50\u8f66\u8be6\u60c5\u8f66_15-110x300.webp 110w, https:\/\/ac-truck.com\/wp-content\/uploads\/2025\/12\/\u6cb9\u7f50\u8f66\u8be6\u60c5\u8f66_15-377x1024.webp 377w, https:\/\/ac-truck.com\/wp-content\/uploads\/2025\/12\/\u6cb9\u7f50\u8f66\u8be6\u60c5\u8f66_15-768x2088.webp 768w, https:\/\/ac-truck.com\/wp-content\/uploads\/2025\/12\/\u6cb9\u7f50\u8f66\u8be6\u60c5\u8f66_15-565x1536.webp 565w, https:\/\/ac-truck.com\/wp-content\/uploads\/2025\/12\/\u6cb9\u7f50\u8f66\u8be6\u60c5\u8f66_15-753x2048.webp 753w, https:\/\/ac-truck.com\/wp-content\/uploads\/2025\/12\/\u6cb9\u7f50\u8f66\u8be6\u60c5\u8f66_15-4x12.webp 4w, https:\/\/ac-truck.com\/wp-content\/uploads\/2025\/12\/\u6cb9\u7f50\u8f66\u8be6\u60c5\u8f66_15-600x1631.webp 600w, https:\/\/ac-truck.com\/wp-content\/uploads\/2025\/12\/\u6cb9\u7f50\u8f66\u8be6\u60c5\u8f66_15-150x408.webp 150w\" alt=\"\" width=\"1234\" height=\"3355\" \/><img loading=\"lazy\" decoding=\"async\" class=\"aligncenter wp-image-6381\" src=\"https:\/\/ac-truck.com\/wp-content\/uploads\/2025\/12\/%E6%B2%B9%E7%BD%90%E8%BD%A6%E8%AF%A6%E6%83%85%E8%BD%A6_16.webp\" sizes=\"(max-width: 1234px) 100vw, 1234px\" srcset=\"https:\/\/ac-truck.com\/wp-content\/uploads\/2025\/12\/\u6cb9\u7f50\u8f66\u8be6\u60c5\u8f66_16.webp 790w, https:\/\/ac-truck.com\/wp-content\/uploads\/2025\/12\/\u6cb9\u7f50\u8f66\u8be6\u60c5\u8f66_16-111x300.webp 111w, https:\/\/ac-truck.com\/wp-content\/uploads\/2025\/12\/\u6cb9\u7f50\u8f66\u8be6\u60c5\u8f66_16-380x1024.webp 380w, https:\/\/ac-truck.com\/wp-content\/uploads\/2025\/12\/\u6cb9\u7f50\u8f66\u8be6\u60c5\u8f66_16-768x2070.webp 768w, https:\/\/ac-truck.com\/wp-content\/uploads\/2025\/12\/\u6cb9\u7f50\u8f66\u8be6\u60c5\u8f66_16-570x1536.webp 570w, https:\/\/ac-truck.com\/wp-content\/uploads\/2025\/12\/\u6cb9\u7f50\u8f66\u8be6\u60c5\u8f66_16-760x2048.webp 760w, https:\/\/ac-truck.com\/wp-content\/uploads\/2025\/12\/\u6cb9\u7f50\u8f66\u8be6\u60c5\u8f66_16-4x12.webp 4w, https:\/\/ac-truck.com\/wp-content\/uploads\/2025\/12\/\u6cb9\u7f50\u8f66\u8be6\u60c5\u8f66_16-600x1617.webp 600w, https:\/\/ac-truck.com\/wp-content\/uploads\/2025\/12\/\u6cb9\u7f50\u8f66\u8be6\u60c5\u8f66_16-150x404.webp 150w\" alt=\"\" width=\"1234\" height=\"3326\" \/><\/p>\n<p data-wp-editing=\"1\"><strong>1. Corte a laser: apresenta uma elevada precis\u00e3o de corte, costuras suaves e uma elevada velocidade de corte.<\/strong><br \/>\n<strong>2.\u00ba Processamento em laminador: oferece uma elevada precis\u00e3o de lamina\u00e7\u00e3o, curvatura uniforme, garante uma qualidade de conforma\u00e7\u00e3o est\u00e1vel e melhora a resist\u00eancia estrutural global e o desempenho de veda\u00e7\u00e3o do dep\u00f3sito de combust\u00edvel.<\/strong><br \/>\n<strong>3. Guia de ondas de barra de a\u00e7o: Refor\u00e7a a resist\u00eancia estrutural, impedindo que o corpo do tanque se deforme e rache devido a solavancos e impactos de l\u00edquidos, melhorando assim a sua durabilidade.<\/strong><br \/>\n<strong>capacidade de carga.<\/strong><br \/>\n<strong>4. Soldadura autom\u00e1tica CNC do corpo do tanque: Possui uma elevada precis\u00e3o de soldadura, forma\u00e7\u00e3o de soldadura uniforme e soldadura est\u00e1vel.<\/strong><br \/>\n<strong>velocidade crescente.<\/strong><br \/>\n<strong>5.\u00ba Acabamento do dep\u00f3sito e da carro\u00e7aria: Esta etapa garante a qualidade das juntas de soldadura e evita fissuras ou fugas.<\/strong><br \/>\n<strong>6. Ajuste estrutural do chassis: Ajuste a estrutura do chassis de acordo com o tamanho e o peso do dep\u00f3sito de \u00f3leo.<\/strong><br \/>\n<strong>7. Montagem do corpo do tanque no chassis: Aplicar revestimentos multicamadas resistentes \u00e0 corros\u00e3o e ao desgaste para melhorar o desempenho de prote\u00e7\u00e3o e salvaguardar o tanque de armazenamento e a carro\u00e7aria do ve\u00edculo.<\/strong><br \/>\n<strong>8. Conclus\u00e3o da montagem do ve\u00edculo: Ap\u00f3s a montagem, devem ser realizados testes abrangentes, tais como testes de veda\u00e7\u00e3o, testes de resist\u00eancia, testes de dispositivos de seguran\u00e7a e testes de estrada, para garantir a seguran\u00e7a e a fiabilidade do cami\u00e3o-cisterna.<\/strong><\/p>\n<h1 style=\"text-align: center;\" data-wp-editing=\"1\">CEN\u00c1RIOS DE APLICA\u00c7\u00c3O<\/h1>\n<p data-wp-editing=\"1\"><img loading=\"lazy\" decoding=\"async\" class=\"aligncenter wp-image-6382\" src=\"https:\/\/ac-truck.com\/wp-content\/uploads\/2025\/12\/%E6%B2%B9%E7%BD%90%E8%BD%A6%E8%AF%A6%E6%83%85%E8%BD%A6_18.webp\" sizes=\"(max-width: 1234px) 100vw, 1234px\" srcset=\"https:\/\/ac-truck.com\/wp-content\/uploads\/2025\/12\/\u6cb9\u7f50\u8f66\u8be6\u60c5\u8f66_18.webp 790w, https:\/\/ac-truck.com\/wp-content\/uploads\/2025\/12\/\u6cb9\u7f50\u8f66\u8be6\u60c5\u8f66_18-143x300.webp 143w, https:\/\/ac-truck.com\/wp-content\/uploads\/2025\/12\/\u6cb9\u7f50\u8f66\u8be6\u60c5\u8f66_18-489x1024.webp 489w, https:\/\/ac-truck.com\/wp-content\/uploads\/2025\/12\/\u6cb9\u7f50\u8f66\u8be6\u60c5\u8f66_18-768x1610.webp 768w, https:\/\/ac-truck.com\/wp-content\/uploads\/2025\/12\/\u6cb9\u7f50\u8f66\u8be6\u60c5\u8f66_18-733x1536.webp 733w, https:\/\/ac-truck.com\/wp-content\/uploads\/2025\/12\/\u6cb9\u7f50\u8f66\u8be6\u60c5\u8f66_18-6x12.webp 6w, https:\/\/ac-truck.com\/wp-content\/uploads\/2025\/12\/\u6cb9\u7f50\u8f66\u8be6\u60c5\u8f66_18-600x1258.webp 600w, https:\/\/ac-truck.com\/wp-content\/uploads\/2025\/12\/\u6cb9\u7f50\u8f66\u8be6\u60c5\u8f66_18-150x314.webp 150w\" alt=\"\" width=\"1234\" height=\"2587\" \/><\/p>\n<h1 style=\"text-align: center;\" data-wp-editing=\"1\">EMBALAMENTO E TRANSPORTE<\/h1>\n<p data-wp-editing=\"1\"><img loading=\"lazy\" decoding=\"async\" class=\"aligncenter wp-image-6383\" src=\"https:\/\/ac-truck.com\/wp-content\/uploads\/2025\/12\/%E6%B2%B9%E7%BD%90%E8%BD%A6%E8%AF%A6%E6%83%85%E8%BD%A6_20.webp\" sizes=\"(max-width: 1234px) 100vw, 1234px\" srcset=\"https:\/\/ac-truck.com\/wp-content\/uploads\/2025\/12\/\u6cb9\u7f50\u8f66\u8be6\u60c5\u8f66_20.webp 790w, https:\/\/ac-truck.com\/wp-content\/uploads\/2025\/12\/\u6cb9\u7f50\u8f66\u8be6\u60c5\u8f66_20-144x300.webp 144w, https:\/\/ac-truck.com\/wp-content\/uploads\/2025\/12\/\u6cb9\u7f50\u8f66\u8be6\u60c5\u8f66_20-492x1024.webp 492w, https:\/\/ac-truck.com\/wp-content\/uploads\/2025\/12\/\u6cb9\u7f50\u8f66\u8be6\u60c5\u8f66_20-768x1598.webp 768w, https:\/\/ac-truck.com\/wp-content\/uploads\/2025\/12\/\u6cb9\u7f50\u8f66\u8be6\u60c5\u8f66_20-738x1536.webp 738w, https:\/\/ac-truck.com\/wp-content\/uploads\/2025\/12\/\u6cb9\u7f50\u8f66\u8be6\u60c5\u8f66_20-6x12.webp 6w, https:\/\/ac-truck.com\/wp-content\/uploads\/2025\/12\/\u6cb9\u7f50\u8f66\u8be6\u60c5\u8f66_20-600x1249.webp 600w, https:\/\/ac-truck.com\/wp-content\/uploads\/2025\/12\/\u6cb9\u7f50\u8f66\u8be6\u60c5\u8f66_20-150x312.webp 150w\" alt=\"\" width=\"1234\" height=\"2568\" \/><\/p>","protected":false},"excerpt":{"rendered":"<p>PRODUCT PARAMETERS 20000L Tanker Truck ISUZU project Descriptions Specifications General Overall dimensions(mm) 9700\u00d72550\u00d73450 curb weight(Kg) 10205 Loading capacity(Kg) 15665 Total<\/p>","protected":false},"featured_media":6434,"template":"","meta":[],"product_brand":[213],"product_cat":[176],"product_tag":[242,243,246,249],"class_list":{"0":"post-6431","1":"product","2":"type-product","3":"status-publish","4":"has-post-thumbnail","6":"product_brand-isuzu","7":"product_cat-tanker-trucks","8":"product_tag-fuel-tanker","9":"product_tag-oil-tanker-truck","10":"product_tag-20000l","11":"product_tag-tanker-truck","13":"first","14":"instock","15":"shipping-taxable","16":"product-type-simple"},"_links":{"self":[{"href":"https:\/\/ac-truck.com\/pt\/wp-json\/wp\/v2\/product\/6431","targetHints":{"allow":["GET"]}}],"collection":[{"href":"https:\/\/ac-truck.com\/pt\/wp-json\/wp\/v2\/product"}],"about":[{"href":"https:\/\/ac-truck.com\/pt\/wp-json\/wp\/v2\/types\/product"}],"version-history":[{"count":2,"href":"https:\/\/ac-truck.com\/pt\/wp-json\/wp\/v2\/product\/6431\/revisions"}],"predecessor-version":[{"id":6675,"href":"https:\/\/ac-truck.com\/pt\/wp-json\/wp\/v2\/product\/6431\/revisions\/6675"}],"wp:featuredmedia":[{"embeddable":true,"href":"https:\/\/ac-truck.com\/pt\/wp-json\/wp\/v2\/media\/6434"}],"wp:attachment":[{"href":"https:\/\/ac-truck.com\/pt\/wp-json\/wp\/v2\/media?parent=6431"}],"wp:term":[{"taxonomy":"product_brand","embeddable":true,"href":"https:\/\/ac-truck.com\/pt\/wp-json\/wp\/v2\/product_brand?post=6431"},{"taxonomy":"product_cat","embeddable":true,"href":"https:\/\/ac-truck.com\/pt\/wp-json\/wp\/v2\/product_cat?post=6431"},{"taxonomy":"product_tag","embeddable":true,"href":"https:\/\/ac-truck.com\/pt\/wp-json\/wp\/v2\/product_tag?post=6431"}],"curies":[{"name":"wp","href":"https:\/\/api.w.org\/{rel}","templated":true}]}}