{"id":6463,"date":"2025-12-11T11:04:11","date_gmt":"2025-12-11T03:04:11","guid":{"rendered":"https:\/\/ac-truck.com\/?post_type=product&#038;p=6463"},"modified":"2025-12-11T11:05:09","modified_gmt":"2025-12-11T03:05:09","slug":"5t-tow-truck-with-crane-howo","status":"publish","type":"product","link":"https:\/\/ac-truck.com\/pt\/5t-tow-truck-with-crane-howo.html","title":{"rendered":"Cami\u00e3o guincho de 5 toneladas com grua HOWO"},"content":{"rendered":"<p><img fetchpriority=\"high\" decoding=\"async\" class=\"aligncenter wp-image-6464\" src=\"https:\/\/ac-truck.com\/wp-content\/uploads\/2025\/12\/\u6e05\u969c\u8f66\u8be6\u60c5\u9875_01.webp\" alt=\"\" width=\"1234\" height=\"1609\" srcset=\"https:\/\/ac-truck.com\/wp-content\/uploads\/2025\/12\/\u6e05\u969c\u8f66\u8be6\u60c5\u9875_01.webp 790w, https:\/\/ac-truck.com\/wp-content\/uploads\/2025\/12\/\u6e05\u969c\u8f66\u8be6\u60c5\u9875_01-230x300.webp 230w, https:\/\/ac-truck.com\/wp-content\/uploads\/2025\/12\/\u6e05\u969c\u8f66\u8be6\u60c5\u9875_01-785x1024.webp 785w, https:\/\/ac-truck.com\/wp-content\/uploads\/2025\/12\/\u6e05\u969c\u8f66\u8be6\u60c5\u9875_01-768x1001.webp 768w, https:\/\/ac-truck.com\/wp-content\/uploads\/2025\/12\/\u6e05\u969c\u8f66\u8be6\u60c5\u9875_01-9x12.webp 9w, https:\/\/ac-truck.com\/wp-content\/uploads\/2025\/12\/\u6e05\u969c\u8f66\u8be6\u60c5\u9875_01-600x782.webp 600w, https:\/\/ac-truck.com\/wp-content\/uploads\/2025\/12\/\u6e05\u969c\u8f66\u8be6\u60c5\u9875_01-150x196.webp 150w\" sizes=\"(max-width: 1234px) 100vw, 1234px\" \/><\/p>\n<h1 style=\"text-align: center;\">PAR\u00c2METROS DO PRODUTO<\/h1>\n<p><img decoding=\"async\" class=\"aligncenter wp-image-6465\" src=\"https:\/\/ac-truck.com\/wp-content\/uploads\/2025\/12\/\u6e05\u969c\u8f66\u8be6\u60c5\u9875_03.webp\" alt=\"\" width=\"1234\" height=\"481\" srcset=\"https:\/\/ac-truck.com\/wp-content\/uploads\/2025\/12\/\u6e05\u969c\u8f66\u8be6\u60c5\u9875_03.webp 790w, https:\/\/ac-truck.com\/wp-content\/uploads\/2025\/12\/\u6e05\u969c\u8f66\u8be6\u60c5\u9875_03-300x117.webp 300w, https:\/\/ac-truck.com\/wp-content\/uploads\/2025\/12\/\u6e05\u969c\u8f66\u8be6\u60c5\u9875_03-768x299.webp 768w, https:\/\/ac-truck.com\/wp-content\/uploads\/2025\/12\/\u6e05\u969c\u8f66\u8be6\u60c5\u9875_03-18x7.webp 18w, https:\/\/ac-truck.com\/wp-content\/uploads\/2025\/12\/\u6e05\u969c\u8f66\u8be6\u60c5\u9875_03-600x234.webp 600w, https:\/\/ac-truck.com\/wp-content\/uploads\/2025\/12\/\u6e05\u969c\u8f66\u8be6\u60c5\u9875_03-150x58.webp 150w\" sizes=\"(max-width: 1234px) 100vw, 1234px\" \/><\/p>\n<h2 style=\"text-align: center;\">Cami\u00e3o guincho de 5 toneladas com grua HOWO<\/h2>\n<table>\n<tbody>\n<tr>\n<td width=\"86\"><strong>projeto<\/strong><\/td>\n<td width=\"308\"><strong>Descri\u00e7\u00f5es<\/strong><\/td>\n<td width=\"305\"><strong>Especifica\u00e7\u00f5es<\/strong><\/td>\n<\/tr>\n<tr>\n<td rowspan=\"3\" width=\"86\"><strong>General<\/strong><\/td>\n<td width=\"308\"><strong>Dimens\u00f5es totais (mm)<\/strong><\/td>\n<td width=\"305\"><strong>11030x2550x3780<\/strong><\/td>\n<\/tr>\n<tr>\n<td width=\"308\"><strong>peso bruto (kg)<\/strong><\/td>\n<td width=\"305\"><strong>15500<\/strong><\/td>\n<\/tr>\n<tr>\n<td width=\"308\"><strong>Massa total (Kg)<\/strong><\/td>\n<td width=\"305\"><strong>25800<\/strong><\/td>\n<\/tr>\n<tr>\n<td rowspan=\"6\" width=\"86\"><strong>Corpo<\/strong><\/td>\n<td width=\"308\"><strong>Dimens\u00f5es da cama plana (mm)<\/strong><\/td>\n<td width=\"305\"><strong>7200&#215;2550<\/strong><\/td>\n<\/tr>\n<tr>\n<td width=\"308\"><strong>Material de plataforma<\/strong><\/td>\n<td width=\"305\"><strong>Q235<\/strong><\/td>\n<\/tr>\n<tr>\n<td width=\"308\"><strong>\u00a0Espessura da placa de padr\u00e3o (mm)<\/strong><\/td>\n<td width=\"305\"><strong>8<\/strong><\/td>\n<\/tr>\n<tr>\n<td width=\"308\"><strong>Carga m\u00e1xima da plataforma (kg)<\/strong><\/td>\n<td width=\"305\"><strong>10000<\/strong><\/td>\n<\/tr>\n<tr>\n<td width=\"308\"><strong>Capacidade m\u00e1xima de eleva\u00e7\u00e3o (kg)<\/strong><\/td>\n<td width=\"305\"><strong>10000<\/strong><\/td>\n<\/tr>\n<tr>\n<td width=\"308\"><strong>Capacidade de tra\u00e7\u00e3o do guincho (kg)<\/strong><\/td>\n<td width=\"305\"><strong>8000<\/strong><\/td>\n<\/tr>\n<tr>\n<td rowspan=\"7\" width=\"86\"><strong>Chassis<\/strong><\/p>\n<p>&nbsp;<\/td>\n<td width=\"308\"><strong>Marca do chassi<\/strong><\/td>\n<td width=\"305\"><strong>COMO<\/strong><\/td>\n<\/tr>\n<tr>\n<td width=\"308\"><strong>Formul\u00e1rio do motorista<\/strong><\/td>\n<td width=\"305\"><strong>4\u00d72<\/strong><\/td>\n<\/tr>\n<tr>\n<td width=\"308\"><strong>Volante<\/strong><\/td>\n<td width=\"305\"><strong>Dire\u00e7\u00e3o \u00e0 esquerda<\/strong><\/td>\n<\/tr>\n<tr>\n<td width=\"308\"><strong>Marca e modelo do motor<\/strong><\/td>\n<td width=\"305\"><strong>Weichai\u00a0 WP6H245E61<\/strong><\/td>\n<\/tr>\n<tr>\n<td width=\"308\"><strong>Pot\u00eancia m\u00e1xima do motor (kW)<\/strong><\/td>\n<td width=\"305\"><strong>180<\/strong><\/td>\n<\/tr>\n<tr>\n<td width=\"308\"><strong>Padr\u00f5es de emiss\u00e3o<\/strong><\/td>\n<td width=\"305\"><strong>Euro 4<\/strong><\/td>\n<\/tr>\n<tr>\n<td width=\"308\"><strong>Caixa de engrenagens<\/strong><\/td>\n<td width=\"305\"><strong>8-speed gearbox<\/strong><\/td>\n<\/tr>\n<\/tbody>\n<\/table>\n<h1 style=\"text-align: center;\">VANTAGENS DO VE\u00cdCULO<\/h1>\n<h2 style=\"text-align: center;\">CONFIGURA\u00c7\u00c3O DE REBOQUE POTENTE<\/h2>\n<p><img decoding=\"async\" class=\"aligncenter wp-image-6466\" src=\"https:\/\/ac-truck.com\/wp-content\/uploads\/2025\/12\/\u6e05\u969c\u8f66\u8be6\u60c5\u9875_05.webp\" alt=\"\" width=\"1234\" height=\"2024\" srcset=\"https:\/\/ac-truck.com\/wp-content\/uploads\/2025\/12\/\u6e05\u969c\u8f66\u8be6\u60c5\u9875_05.webp 790w, https:\/\/ac-truck.com\/wp-content\/uploads\/2025\/12\/\u6e05\u969c\u8f66\u8be6\u60c5\u9875_05-183x300.webp 183w, https:\/\/ac-truck.com\/wp-content\/uploads\/2025\/12\/\u6e05\u969c\u8f66\u8be6\u60c5\u9875_05-624x1024.webp 624w, https:\/\/ac-truck.com\/wp-content\/uploads\/2025\/12\/\u6e05\u969c\u8f66\u8be6\u60c5\u9875_05-768x1260.webp 768w, https:\/\/ac-truck.com\/wp-content\/uploads\/2025\/12\/\u6e05\u969c\u8f66\u8be6\u60c5\u9875_05-7x12.webp 7w, https:\/\/ac-truck.com\/wp-content\/uploads\/2025\/12\/\u6e05\u969c\u8f66\u8be6\u60c5\u9875_05-600x984.webp 600w, https:\/\/ac-truck.com\/wp-content\/uploads\/2025\/12\/\u6e05\u969c\u8f66\u8be6\u60c5\u9875_05-150x246.webp 150w\" sizes=\"(max-width: 1234px) 100vw, 1234px\" \/><\/p>\n<p>1. Estrutura de fixa\u00e7\u00e3o com fio de a\u00e7o<br \/>\n2. Guincho hidr\u00e1ulico<br \/>\n3. Polia de fio de a\u00e7o<br \/>\n4. Roda guia em arame de a\u00e7o<br \/>\n5. Gancho principal<br \/>\n6. Bra\u00e7o de reboque traseiro<\/p>\n<h1 style=\"text-align: center;\">SISTEMA HIDR\u00c1ULICO<\/h1>\n<p><img loading=\"lazy\" decoding=\"async\" class=\"aligncenter wp-image-6467\" src=\"https:\/\/ac-truck.com\/wp-content\/uploads\/2025\/12\/\u6e05\u969c\u8f66\u8be6\u60c5\u9875_07.webp\" alt=\"\" width=\"1234\" height=\"1906\" srcset=\"https:\/\/ac-truck.com\/wp-content\/uploads\/2025\/12\/\u6e05\u969c\u8f66\u8be6\u60c5\u9875_07.webp 790w, https:\/\/ac-truck.com\/wp-content\/uploads\/2025\/12\/\u6e05\u969c\u8f66\u8be6\u60c5\u9875_07-194x300.webp 194w, https:\/\/ac-truck.com\/wp-content\/uploads\/2025\/12\/\u6e05\u969c\u8f66\u8be6\u60c5\u9875_07-663x1024.webp 663w, https:\/\/ac-truck.com\/wp-content\/uploads\/2025\/12\/\u6e05\u969c\u8f66\u8be6\u60c5\u9875_07-768x1186.webp 768w, https:\/\/ac-truck.com\/wp-content\/uploads\/2025\/12\/\u6e05\u969c\u8f66\u8be6\u60c5\u9875_07-8x12.webp 8w, https:\/\/ac-truck.com\/wp-content\/uploads\/2025\/12\/\u6e05\u969c\u8f66\u8be6\u60c5\u9875_07-600x927.webp 600w, https:\/\/ac-truck.com\/wp-content\/uploads\/2025\/12\/\u6e05\u969c\u8f66\u8be6\u60c5\u9875_07-150x232.webp 150w\" sizes=\"(max-width: 1234px) 100vw, 1234px\" \/><\/p>\n<p>1. Bomba de \u00f3leo hidr\u00e1ulico: Resistente a impactos e a altas press\u00f5es, possui uma sa\u00edda de pot\u00eancia est\u00e1vel e responde rapidamente aos comandos do guincho e do bra\u00e7o de reboque, evitando bloqueios operacionais.<br \/>\n2. Reservat\u00f3rio de \u00f3leo hidr\u00e1ulico: Equipado com uma rede de filtro interna e um elemento filtrante de aspira\u00e7\u00e3o de \u00f3leo para evitar a entrada de impurezas no circuito de \u00f3leo.<br \/>\n3. Hydraulic cylinder: lt has excellent sealing performance, is wear &#8211; resis-tant and corrosion &#8211; resistant, can withstand the high pressure and impactforce during operation, and ensures smooth and precise lifting and towingactions.<br \/>\nTRUG<br \/>\n4. Hydraulic oil pipe: High &#8211; pressure steel &#8211; wire braided rubber hoses areused, and some outer layers are equipped with protective sleeves to en-hance durability.<br \/>\n5.High &#8211; quality multi -way valve: The operation is smooth withoutjam-ming, and it can achieve fine &#8211; control adjustment of actions. lt has excellentsealing performance, is resistant to high pressure and wear &#8211; resistant, andR0has a long service life.<\/p>\n<h1 style=\"text-align: center;\">PODER INCR\u00cdVEL<\/h1>\n<p><img loading=\"lazy\" decoding=\"async\" class=\"aligncenter wp-image-6468\" src=\"https:\/\/ac-truck.com\/wp-content\/uploads\/2025\/12\/\u6e05\u969c\u8f66\u8be6\u60c5\u9875_09.webp\" alt=\"\" width=\"1234\" height=\"1731\" srcset=\"https:\/\/ac-truck.com\/wp-content\/uploads\/2025\/12\/\u6e05\u969c\u8f66\u8be6\u60c5\u9875_09.webp 790w, https:\/\/ac-truck.com\/wp-content\/uploads\/2025\/12\/\u6e05\u969c\u8f66\u8be6\u60c5\u9875_09-214x300.webp 214w, https:\/\/ac-truck.com\/wp-content\/uploads\/2025\/12\/\u6e05\u969c\u8f66\u8be6\u60c5\u9875_09-730x1024.webp 730w, https:\/\/ac-truck.com\/wp-content\/uploads\/2025\/12\/\u6e05\u969c\u8f66\u8be6\u60c5\u9875_09-768x1077.webp 768w, https:\/\/ac-truck.com\/wp-content\/uploads\/2025\/12\/\u6e05\u969c\u8f66\u8be6\u60c5\u9875_09-9x12.webp 9w, https:\/\/ac-truck.com\/wp-content\/uploads\/2025\/12\/\u6e05\u969c\u8f66\u8be6\u60c5\u9875_09-600x842.webp 600w, https:\/\/ac-truck.com\/wp-content\/uploads\/2025\/12\/\u6e05\u969c\u8f66\u8be6\u60c5\u9875_09-150x210.webp 150w\" sizes=\"(max-width: 1234px) 100vw, 1234px\" \/><\/p>\n<p>1.Full &#8211; power power take &#8211; off: lt offers more sufficient power output, hasprecise linkage with the hydraulic system, is convenient to operate and hasa low failure rate.<br \/>\n2.\u00ba Motor de alta pot\u00eancia: o seu elevado bin\u00e1rio proporciona uma base de pot\u00eancia ampla para a tomada de for\u00e7a e o sistema hidr\u00e1ulico, permitindo um reboque e uma eleva\u00e7\u00e3o mais potentes.<\/p>\n<h1 style=\"text-align: center;\">DIVERSIDADE DE ESTRUTURAS DE PLACAS PLANAS<\/h1>\n<p><img loading=\"lazy\" decoding=\"async\" class=\"aligncenter wp-image-6469\" src=\"https:\/\/ac-truck.com\/wp-content\/uploads\/2025\/12\/\u6e05\u969c\u8f66\u8be6\u60c5\u9875_11.webp\" alt=\"\" width=\"1234\" height=\"956\" srcset=\"https:\/\/ac-truck.com\/wp-content\/uploads\/2025\/12\/\u6e05\u969c\u8f66\u8be6\u60c5\u9875_11.webp 790w, https:\/\/ac-truck.com\/wp-content\/uploads\/2025\/12\/\u6e05\u969c\u8f66\u8be6\u60c5\u9875_11-300x232.webp 300w, https:\/\/ac-truck.com\/wp-content\/uploads\/2025\/12\/\u6e05\u969c\u8f66\u8be6\u60c5\u9875_11-768x595.webp 768w, https:\/\/ac-truck.com\/wp-content\/uploads\/2025\/12\/\u6e05\u969c\u8f66\u8be6\u60c5\u9875_11-15x12.webp 15w, https:\/\/ac-truck.com\/wp-content\/uploads\/2025\/12\/\u6e05\u969c\u8f66\u8be6\u60c5\u9875_11-600x465.webp 600w, https:\/\/ac-truck.com\/wp-content\/uploads\/2025\/12\/\u6e05\u969c\u8f66\u8be6\u60c5\u9875_11-150x116.webp 150w\" sizes=\"(max-width: 1234px) 100vw, 1234px\" \/><\/p>\n<p>1. Full &#8211; landing flat &#8211; bed tow truck: The flat bed can fully land on theground. When rescuing vehicles with a low chassis, it reduces the difficultyfor the vehicle to get onto the flat bed and minimizes damage to the faultyvehicle.<br \/>\n2. Flat &#8211; bed tow truck with a tail -board: Aretractable tail &#8211; board is addedat the rear. lt can reduce the slope between the flat bed and the ground,making it easier for the faulty vehicle to get onto the flat bed.<br \/>\n3. Flat &#8211; bed tow truck with a crane: A crane is installed, which can be usedto lift faulty vehicles that have fallen into ditches or rivers and are difficultto handle with the flat &#8211; bed towing method.<br \/>\n4. Flat &#8211; bed tow truck: lt is used to tow or carry faulty vehicles through theflat bed. The flat bed can be lifted and tilted through the hydraulic system, fRucfacilitating the vehicle to get on and off the flat bed.<\/p>\n<h1 style=\"text-align: center;\">F\u00c1CIL DE OPERAR<\/h1>\n<p><img loading=\"lazy\" decoding=\"async\" class=\"aligncenter wp-image-6470\" src=\"https:\/\/ac-truck.com\/wp-content\/uploads\/2025\/12\/\u6e05\u969c\u8f66\u8be6\u60c5\u9875_13.webp\" alt=\"\" width=\"1234\" height=\"1418\" srcset=\"https:\/\/ac-truck.com\/wp-content\/uploads\/2025\/12\/\u6e05\u969c\u8f66\u8be6\u60c5\u9875_13.webp 790w, https:\/\/ac-truck.com\/wp-content\/uploads\/2025\/12\/\u6e05\u969c\u8f66\u8be6\u60c5\u9875_13-261x300.webp 261w, https:\/\/ac-truck.com\/wp-content\/uploads\/2025\/12\/\u6e05\u969c\u8f66\u8be6\u60c5\u9875_13-768x883.webp 768w, https:\/\/ac-truck.com\/wp-content\/uploads\/2025\/12\/\u6e05\u969c\u8f66\u8be6\u60c5\u9875_13-10x12.webp 10w, https:\/\/ac-truck.com\/wp-content\/uploads\/2025\/12\/\u6e05\u969c\u8f66\u8be6\u60c5\u9875_13-600x690.webp 600w, https:\/\/ac-truck.com\/wp-content\/uploads\/2025\/12\/\u6e05\u969c\u8f66\u8be6\u60c5\u9875_13-150x172.webp 150w\" sizes=\"(max-width: 1234px) 100vw, 1234px\" \/><\/p>\n<p>1. Alavanca de opera\u00e7\u00e3o direta: O design da alavanca de opera\u00e7\u00e3o \u00e9 ergon\u00f3mico, com uma pega confort\u00e1vel e um curso adequado. Permite controlar com precis\u00e3o a amplitude da a\u00e7\u00e3o e evitar impactos durante a opera\u00e7\u00e3o.<br \/>\n2.\u00ba Controlo remoto sem fios: Os operadores podem manter-se afastados da \u00e1rea de opera\u00e7\u00e3o perigosa para evitar riscos. T\u00eam um campo de vis\u00e3o mais amplo, o que \u00e9 conveniente para observar detalhes da opera\u00e7\u00e3o e melhorar a precis\u00e3o.<\/p>\n<h1 style=\"text-align: center;\">PROCESSO DE PRODU\u00c7\u00c3O<\/h1>\n<p><img loading=\"lazy\" decoding=\"async\" class=\"aligncenter wp-image-6471\" src=\"https:\/\/ac-truck.com\/wp-content\/uploads\/2025\/12\/\u6e05\u969c\u8f66\u8be6\u60c5\u9875_15.webp\" alt=\"\" width=\"1234\" height=\"2812\" srcset=\"https:\/\/ac-truck.com\/wp-content\/uploads\/2025\/12\/\u6e05\u969c\u8f66\u8be6\u60c5\u9875_15.webp 790w, https:\/\/ac-truck.com\/wp-content\/uploads\/2025\/12\/\u6e05\u969c\u8f66\u8be6\u60c5\u9875_15-132x300.webp 132w, https:\/\/ac-truck.com\/wp-content\/uploads\/2025\/12\/\u6e05\u969c\u8f66\u8be6\u60c5\u9875_15-449x1024.webp 449w, https:\/\/ac-truck.com\/wp-content\/uploads\/2025\/12\/\u6e05\u969c\u8f66\u8be6\u60c5\u9875_15-768x1750.webp 768w, https:\/\/ac-truck.com\/wp-content\/uploads\/2025\/12\/\u6e05\u969c\u8f66\u8be6\u60c5\u9875_15-674x1536.webp 674w, https:\/\/ac-truck.com\/wp-content\/uploads\/2025\/12\/\u6e05\u969c\u8f66\u8be6\u60c5\u9875_15-5x12.webp 5w, https:\/\/ac-truck.com\/wp-content\/uploads\/2025\/12\/\u6e05\u969c\u8f66\u8be6\u60c5\u9875_15-600x1367.webp 600w, https:\/\/ac-truck.com\/wp-content\/uploads\/2025\/12\/\u6e05\u969c\u8f66\u8be6\u60c5\u9875_15-150x342.webp 150w\" sizes=\"(max-width: 1234px) 100vw, 1234px\" \/> <img loading=\"lazy\" decoding=\"async\" class=\"aligncenter wp-image-6472\" src=\"https:\/\/ac-truck.com\/wp-content\/uploads\/2025\/12\/\u6e05\u969c\u8f66\u8be6\u60c5\u9875_16.webp\" alt=\"\" width=\"1234\" height=\"3786\" srcset=\"https:\/\/ac-truck.com\/wp-content\/uploads\/2025\/12\/\u6e05\u969c\u8f66\u8be6\u60c5\u9875_16.webp 790w, https:\/\/ac-truck.com\/wp-content\/uploads\/2025\/12\/\u6e05\u969c\u8f66\u8be6\u60c5\u9875_16-98x300.webp 98w, https:\/\/ac-truck.com\/wp-content\/uploads\/2025\/12\/\u6e05\u969c\u8f66\u8be6\u60c5\u9875_16-334x1024.webp 334w, https:\/\/ac-truck.com\/wp-content\/uploads\/2025\/12\/\u6e05\u969c\u8f66\u8be6\u60c5\u9875_16-768x2356.webp 768w, https:\/\/ac-truck.com\/wp-content\/uploads\/2025\/12\/\u6e05\u969c\u8f66\u8be6\u60c5\u9875_16-501x1536.webp 501w, https:\/\/ac-truck.com\/wp-content\/uploads\/2025\/12\/\u6e05\u969c\u8f66\u8be6\u60c5\u9875_16-4x12.webp 4w, https:\/\/ac-truck.com\/wp-content\/uploads\/2025\/12\/\u6e05\u969c\u8f66\u8be6\u60c5\u9875_16-600x1841.webp 600w, https:\/\/ac-truck.com\/wp-content\/uploads\/2025\/12\/\u6e05\u969c\u8f66\u8be6\u60c5\u9875_16-150x460.webp 150w\" sizes=\"(max-width: 1234px) 100vw, 1234px\" \/><\/p>\n<p>1. Preparation of sub &#8211; frame, gantry frame and tow arm materials<br \/>\n2. Preparation of flat &#8211; bed materials<br \/>\n3.\u00ba Prepara\u00e7\u00e3o e produ\u00e7\u00e3o de prote\u00e7\u00f5es laterais, guarda-lamas e materiais acess\u00f3rios.<br \/>\n4. Welding of flat &#8211; bed and gantry frame<br \/>\n5. Assembly of sub &#8211; frame, rear tow arm and accessories<br \/>\n6. Instala\u00e7\u00e3o da superestrutura da plataforma plana<br \/>\n7. Pintura de todo o ve\u00edculo<br \/>\n8. Conclus\u00e3o da produ\u00e7\u00e3o do ve\u00edculo<\/p>\n<h1 style=\"text-align: center;\">CEN\u00c1RIOS DE APLICA\u00c7\u00c3O<\/h1>\n<p><img loading=\"lazy\" decoding=\"async\" class=\"aligncenter wp-image-6473\" src=\"https:\/\/ac-truck.com\/wp-content\/uploads\/2025\/12\/\u6e05\u969c\u8f66\u8be6\u60c5\u9875_18.webp\" alt=\"\" width=\"1234\" height=\"2374\" srcset=\"https:\/\/ac-truck.com\/wp-content\/uploads\/2025\/12\/\u6e05\u969c\u8f66\u8be6\u60c5\u9875_18.webp 790w, https:\/\/ac-truck.com\/wp-content\/uploads\/2025\/12\/\u6e05\u969c\u8f66\u8be6\u60c5\u9875_18-156x300.webp 156w, https:\/\/ac-truck.com\/wp-content\/uploads\/2025\/12\/\u6e05\u969c\u8f66\u8be6\u60c5\u9875_18-532x1024.webp 532w, https:\/\/ac-truck.com\/wp-content\/uploads\/2025\/12\/\u6e05\u969c\u8f66\u8be6\u60c5\u9875_18-768x1478.webp 768w, https:\/\/ac-truck.com\/wp-content\/uploads\/2025\/12\/\u6e05\u969c\u8f66\u8be6\u60c5\u9875_18-6x12.webp 6w, https:\/\/ac-truck.com\/wp-content\/uploads\/2025\/12\/\u6e05\u969c\u8f66\u8be6\u60c5\u9875_18-600x1154.webp 600w, https:\/\/ac-truck.com\/wp-content\/uploads\/2025\/12\/\u6e05\u969c\u8f66\u8be6\u60c5\u9875_18-150x289.webp 150w\" sizes=\"(max-width: 1234px) 100vw, 1234px\" \/><\/p>\n<h1 style=\"text-align: center;\">EMBALAMENTO E TRANSPORTE<\/h1>\n<p><img loading=\"lazy\" decoding=\"async\" class=\"aligncenter wp-image-6474\" src=\"https:\/\/ac-truck.com\/wp-content\/uploads\/2025\/12\/\u6e05\u969c\u8f66\u8be6\u60c5\u9875_20.webp\" alt=\"\" width=\"1234\" height=\"2577\" srcset=\"https:\/\/ac-truck.com\/wp-content\/uploads\/2025\/12\/\u6e05\u969c\u8f66\u8be6\u60c5\u9875_20.webp 790w, https:\/\/ac-truck.com\/wp-content\/uploads\/2025\/12\/\u6e05\u969c\u8f66\u8be6\u60c5\u9875_20-144x300.webp 144w, https:\/\/ac-truck.com\/wp-content\/uploads\/2025\/12\/\u6e05\u969c\u8f66\u8be6\u60c5\u9875_20-490x1024.webp 490w, https:\/\/ac-truck.com\/wp-content\/uploads\/2025\/12\/\u6e05\u969c\u8f66\u8be6\u60c5\u9875_20-768x1604.webp 768w, https:\/\/ac-truck.com\/wp-content\/uploads\/2025\/12\/\u6e05\u969c\u8f66\u8be6\u60c5\u9875_20-735x1536.webp 735w, https:\/\/ac-truck.com\/wp-content\/uploads\/2025\/12\/\u6e05\u969c\u8f66\u8be6\u60c5\u9875_20-6x12.webp 6w, https:\/\/ac-truck.com\/wp-content\/uploads\/2025\/12\/\u6e05\u969c\u8f66\u8be6\u60c5\u9875_20-600x1253.webp 600w, https:\/\/ac-truck.com\/wp-content\/uploads\/2025\/12\/\u6e05\u969c\u8f66\u8be6\u60c5\u9875_20-150x313.webp 150w\" sizes=\"(max-width: 1234px) 100vw, 1234px\" \/><\/p>","protected":false},"excerpt":{"rendered":"<p>PRODUCT PARAMETERS 5T Tow Truck With Crane HOWO project Descriptions Specifications General Overall dimensions(mm) 11030x2550x3780 curb weight(Kg) 15500 Total mass(Kg)<\/p>","protected":false},"featured_media":6475,"template":"","meta":[],"product_brand":[217,220],"product_cat":[174],"product_tag":[253,254,337],"class_list":{"0":"post-6463","1":"product","2":"type-product","3":"status-publish","4":"has-post-thumbnail","6":"product_brand-sinotruk","7":"product_brand-howo","8":"product_cat-tow-trucks","9":"product_tag-car-recovery","10":"product_tag-rollback-truck","11":"product_tag-wrecker-truck","13":"first","14":"instock","15":"shipping-taxable","16":"product-type-simple"},"_links":{"self":[{"href":"https:\/\/ac-truck.com\/pt\/wp-json\/wp\/v2\/product\/6463","targetHints":{"allow":["GET"]}}],"collection":[{"href":"https:\/\/ac-truck.com\/pt\/wp-json\/wp\/v2\/product"}],"about":[{"href":"https:\/\/ac-truck.com\/pt\/wp-json\/wp\/v2\/types\/product"}],"version-history":[{"count":1,"href":"https:\/\/ac-truck.com\/pt\/wp-json\/wp\/v2\/product\/6463\/revisions"}],"predecessor-version":[{"id":6481,"href":"https:\/\/ac-truck.com\/pt\/wp-json\/wp\/v2\/product\/6463\/revisions\/6481"}],"wp:featuredmedia":[{"embeddable":true,"href":"https:\/\/ac-truck.com\/pt\/wp-json\/wp\/v2\/media\/6475"}],"wp:attachment":[{"href":"https:\/\/ac-truck.com\/pt\/wp-json\/wp\/v2\/media?parent=6463"}],"wp:term":[{"taxonomy":"product_brand","embeddable":true,"href":"https:\/\/ac-truck.com\/pt\/wp-json\/wp\/v2\/product_brand?post=6463"},{"taxonomy":"product_cat","embeddable":true,"href":"https:\/\/ac-truck.com\/pt\/wp-json\/wp\/v2\/product_cat?post=6463"},{"taxonomy":"product_tag","embeddable":true,"href":"https:\/\/ac-truck.com\/pt\/wp-json\/wp\/v2\/product_tag?post=6463"}],"curies":[{"name":"wp","href":"https:\/\/api.w.org\/{rel}","templated":true}]}}