{"id":6562,"date":"2025-12-11T14:45:48","date_gmt":"2025-12-11T06:45:48","guid":{"rendered":"https:\/\/ac-truck.com\/?post_type=product&#038;p=6562"},"modified":"2025-12-11T14:45:48","modified_gmt":"2025-12-11T06:45:48","slug":"4t-tow-truck-isuzu","status":"publish","type":"product","link":"https:\/\/ac-truck.com\/pt\/4t-tow-truck-isuzu.html","title":{"rendered":"Cami\u00e3o guincho 4T ISUZU"},"content":{"rendered":"<p><img fetchpriority=\"high\" decoding=\"async\" class=\"aligncenter wp-image-6563\" src=\"https:\/\/ac-truck.com\/wp-content\/uploads\/2025\/12\/\u4ea7\u54c1\u6d77\u62a5_01-8.webp\" alt=\"\" width=\"1234\" height=\"1617\" srcset=\"https:\/\/ac-truck.com\/wp-content\/uploads\/2025\/12\/\u4ea7\u54c1\u6d77\u62a5_01-8.webp 790w, https:\/\/ac-truck.com\/wp-content\/uploads\/2025\/12\/\u4ea7\u54c1\u6d77\u62a5_01-8-229x300.webp 229w, https:\/\/ac-truck.com\/wp-content\/uploads\/2025\/12\/\u4ea7\u54c1\u6d77\u62a5_01-8-782x1024.webp 782w, https:\/\/ac-truck.com\/wp-content\/uploads\/2025\/12\/\u4ea7\u54c1\u6d77\u62a5_01-8-768x1006.webp 768w, https:\/\/ac-truck.com\/wp-content\/uploads\/2025\/12\/\u4ea7\u54c1\u6d77\u62a5_01-8-9x12.webp 9w, https:\/\/ac-truck.com\/wp-content\/uploads\/2025\/12\/\u4ea7\u54c1\u6d77\u62a5_01-8-600x786.webp 600w, https:\/\/ac-truck.com\/wp-content\/uploads\/2025\/12\/\u4ea7\u54c1\u6d77\u62a5_01-8-150x197.webp 150w\" sizes=\"(max-width: 1234px) 100vw, 1234px\" \/><\/p>\n<h1 style=\"text-align: center;\">PAR\u00c2METROS DO PRODUTO<\/h1>\n<p><img decoding=\"async\" class=\"aligncenter wp-image-6564\" src=\"https:\/\/ac-truck.com\/wp-content\/uploads\/2025\/12\/\u4ea7\u54c1\u6d77\u62a5_03-8.webp\" alt=\"\" width=\"1234\" height=\"480\" srcset=\"https:\/\/ac-truck.com\/wp-content\/uploads\/2025\/12\/\u4ea7\u54c1\u6d77\u62a5_03-8.webp 790w, https:\/\/ac-truck.com\/wp-content\/uploads\/2025\/12\/\u4ea7\u54c1\u6d77\u62a5_03-8-300x117.webp 300w, https:\/\/ac-truck.com\/wp-content\/uploads\/2025\/12\/\u4ea7\u54c1\u6d77\u62a5_03-8-768x298.webp 768w, https:\/\/ac-truck.com\/wp-content\/uploads\/2025\/12\/\u4ea7\u54c1\u6d77\u62a5_03-8-18x7.webp 18w, https:\/\/ac-truck.com\/wp-content\/uploads\/2025\/12\/\u4ea7\u54c1\u6d77\u62a5_03-8-600x233.webp 600w, https:\/\/ac-truck.com\/wp-content\/uploads\/2025\/12\/\u4ea7\u54c1\u6d77\u62a5_03-8-150x58.webp 150w\" sizes=\"(max-width: 1234px) 100vw, 1234px\" \/><\/p>\n<h2 style=\"text-align: center;\">Cami\u00e3o guincho 4T ISUZU<\/h2>\n<table>\n<tbody>\n<tr>\n<td width=\"86\"><strong>projeto<\/strong><\/td>\n<td width=\"296\"><strong>Descri\u00e7\u00f5es<\/strong><\/td>\n<td width=\"316\"><strong>Especifica\u00e7\u00f5es<\/strong><\/td>\n<\/tr>\n<tr>\n<td rowspan=\"3\" width=\"86\"><strong>General<\/strong><\/td>\n<td width=\"296\"><strong>Dimens\u00f5es totais (mm)<\/strong><\/td>\n<td width=\"316\"><strong>5995\u00d72300\u00d72300<\/strong><\/td>\n<\/tr>\n<tr>\n<td width=\"296\"><strong>peso bruto (kg)<\/strong><\/td>\n<td width=\"316\"><strong>2800<\/strong><\/td>\n<\/tr>\n<tr>\n<td width=\"296\"><strong>Massa total (Kg)<\/strong><\/td>\n<td width=\"316\"><strong>6900<\/strong><\/td>\n<\/tr>\n<tr>\n<td rowspan=\"6\" width=\"86\"><strong>Corpo<\/strong><\/td>\n<td width=\"296\"><strong>Dimens\u00f5es da cama plana (mm)<\/strong><\/td>\n<td width=\"316\"><strong>5600&#215;2300<\/strong><\/td>\n<\/tr>\n<tr>\n<td width=\"296\"><strong>Material de plataforma<\/strong><\/td>\n<td width=\"316\"><strong>Q235<\/strong><\/td>\n<\/tr>\n<tr>\n<td width=\"296\"><strong>\u00a0Espessura da placa de padr\u00e3o (mm)<\/strong><\/td>\n<td width=\"316\"><strong>5<\/strong><\/td>\n<\/tr>\n<tr>\n<td width=\"296\"><strong>Carga m\u00e1xima da plataforma (kg)<\/strong><\/td>\n<td width=\"316\"><strong>4000<\/strong><\/td>\n<\/tr>\n<tr>\n<td width=\"296\"><strong>Capacidade m\u00e1xima de eleva\u00e7\u00e3o (kg)<\/strong><\/td>\n<td width=\"316\"><strong>3000<\/strong><\/td>\n<\/tr>\n<tr>\n<td width=\"296\"><strong>Capacidade de tra\u00e7\u00e3o do guincho (kg)<\/strong><\/td>\n<td width=\"316\"><strong>4000<\/strong><\/td>\n<\/tr>\n<tr>\n<td rowspan=\"7\" width=\"86\"><strong>Chassis<\/strong><\/p>\n<p>&nbsp;<\/td>\n<td width=\"296\"><strong>Marca do chassi<\/strong><\/td>\n<td width=\"316\"><strong>ISUZU<\/strong><\/td>\n<\/tr>\n<tr>\n<td width=\"296\"><strong>Formul\u00e1rio do motorista<\/strong><\/td>\n<td width=\"316\"><strong>4\u00d72<\/strong><\/td>\n<\/tr>\n<tr>\n<td width=\"296\"><strong>Volante<\/strong><\/td>\n<td width=\"316\"><strong>Dire\u00e7\u00e3o \u00e0 esquerda<\/strong><\/td>\n<\/tr>\n<tr>\n<td width=\"296\"><strong>Marca e modelo do motor<\/strong><\/td>\n<td width=\"316\"><strong>ISUZU\u00a0\u00a0 4KH1-TCG61<\/strong><\/td>\n<\/tr>\n<tr>\n<td width=\"296\"><strong>Pot\u00eancia m\u00e1xima do motor (kW)<\/strong><\/td>\n<td width=\"316\"><strong>88<\/strong><\/td>\n<\/tr>\n<tr>\n<td width=\"296\"><strong>Padr\u00f5es de emiss\u00e3o<\/strong><\/td>\n<td width=\"316\"><strong>Euro 4<\/strong><\/td>\n<\/tr>\n<tr>\n<td width=\"296\"><strong>Caixa de engrenagens<\/strong><\/td>\n<td width=\"316\"><strong>5-speed gearbox<\/strong><\/td>\n<\/tr>\n<\/tbody>\n<\/table>\n<h1 style=\"text-align: center;\">VANTAGENS DO VE\u00cdCULO<\/h1>\n<h2 style=\"text-align: center;\">CONFIGURA\u00c7\u00c3O DE REBOQUE POTENTE<\/h2>\n<p><img decoding=\"async\" class=\"aligncenter wp-image-6466\" src=\"https:\/\/ac-truck.com\/wp-content\/uploads\/2025\/12\/%E6%B8%85%E9%9A%9C%E8%BD%A6%E8%AF%A6%E6%83%85%E9%A1%B5_05.webp\" sizes=\"(max-width: 1234px) 100vw, 1234px\" srcset=\"https:\/\/ac-truck.com\/wp-content\/uploads\/2025\/12\/\u6e05\u969c\u8f66\u8be6\u60c5\u9875_05.webp 790w, https:\/\/ac-truck.com\/wp-content\/uploads\/2025\/12\/\u6e05\u969c\u8f66\u8be6\u60c5\u9875_05-183x300.webp 183w, https:\/\/ac-truck.com\/wp-content\/uploads\/2025\/12\/\u6e05\u969c\u8f66\u8be6\u60c5\u9875_05-624x1024.webp 624w, https:\/\/ac-truck.com\/wp-content\/uploads\/2025\/12\/\u6e05\u969c\u8f66\u8be6\u60c5\u9875_05-768x1260.webp 768w, https:\/\/ac-truck.com\/wp-content\/uploads\/2025\/12\/\u6e05\u969c\u8f66\u8be6\u60c5\u9875_05-7x12.webp 7w, https:\/\/ac-truck.com\/wp-content\/uploads\/2025\/12\/\u6e05\u969c\u8f66\u8be6\u60c5\u9875_05-600x984.webp 600w, https:\/\/ac-truck.com\/wp-content\/uploads\/2025\/12\/\u6e05\u969c\u8f66\u8be6\u60c5\u9875_05-150x246.webp 150w\" alt=\"\" width=\"1234\" height=\"2024\" \/><\/p>\n<p><strong>1. Estrutura de fixa\u00e7\u00e3o com fio de a\u00e7o<\/strong><br \/>\n<strong>2. Guincho hidr\u00e1ulico<\/strong><br \/>\n<strong>3. Polia de fio de a\u00e7o<\/strong><br \/>\n<strong>4. Roda guia em arame de a\u00e7o<\/strong><br \/>\n<strong>5. Gancho principal<\/strong><br \/>\n<strong>6. Bra\u00e7o de reboque traseiro<\/strong><\/p>\n<h1 style=\"text-align: center;\">SISTEMA HIDR\u00c1ULICO<\/h1>\n<p><img loading=\"lazy\" decoding=\"async\" class=\"aligncenter wp-image-6467\" src=\"https:\/\/ac-truck.com\/wp-content\/uploads\/2025\/12\/%E6%B8%85%E9%9A%9C%E8%BD%A6%E8%AF%A6%E6%83%85%E9%A1%B5_07.webp\" sizes=\"(max-width: 1234px) 100vw, 1234px\" srcset=\"https:\/\/ac-truck.com\/wp-content\/uploads\/2025\/12\/\u6e05\u969c\u8f66\u8be6\u60c5\u9875_07.webp 790w, https:\/\/ac-truck.com\/wp-content\/uploads\/2025\/12\/\u6e05\u969c\u8f66\u8be6\u60c5\u9875_07-194x300.webp 194w, https:\/\/ac-truck.com\/wp-content\/uploads\/2025\/12\/\u6e05\u969c\u8f66\u8be6\u60c5\u9875_07-663x1024.webp 663w, https:\/\/ac-truck.com\/wp-content\/uploads\/2025\/12\/\u6e05\u969c\u8f66\u8be6\u60c5\u9875_07-768x1186.webp 768w, https:\/\/ac-truck.com\/wp-content\/uploads\/2025\/12\/\u6e05\u969c\u8f66\u8be6\u60c5\u9875_07-8x12.webp 8w, https:\/\/ac-truck.com\/wp-content\/uploads\/2025\/12\/\u6e05\u969c\u8f66\u8be6\u60c5\u9875_07-600x927.webp 600w, https:\/\/ac-truck.com\/wp-content\/uploads\/2025\/12\/\u6e05\u969c\u8f66\u8be6\u60c5\u9875_07-150x232.webp 150w\" alt=\"\" width=\"1234\" height=\"1906\" \/><\/p>\n<p><strong>1. Bomba de \u00f3leo hidr\u00e1ulico: Resistente a impactos e a altas press\u00f5es, possui uma sa\u00edda de pot\u00eancia est\u00e1vel e responde rapidamente aos comandos do guincho e do bra\u00e7o de reboque, evitando bloqueios operacionais.<\/strong><br \/>\n<strong>2. Reservat\u00f3rio de \u00f3leo hidr\u00e1ulico: Equipado com uma rede de filtro interna e um elemento filtrante de aspira\u00e7\u00e3o de \u00f3leo para evitar a entrada de impurezas no circuito de \u00f3leo.<\/strong><br \/>\n<strong>3. Cilindro hidr\u00e1ulico: Possui um excelente desempenho de veda\u00e7\u00e3o, \u00e9 resistente ao desgaste e \u00e0 corros\u00e3o, suporta alta press\u00e3o e for\u00e7a de impacto durante a opera\u00e7\u00e3o e garante a\u00e7\u00f5es de eleva\u00e7\u00e3o e reboque suaves e precisas.<\/strong><br \/>\n<strong>TRUG<\/strong><br \/>\n<strong>4. Tubagem de \u00f3leo hidr\u00e1ulico: S\u00e3o utilizadas mangueiras de borracha entran\u00e7ada com fio de a\u00e7o de alta press\u00e3o, e algumas camadas exteriores est\u00e3o equipadas com capas de prote\u00e7\u00e3o para aumentar a durabilidade.<\/strong><br \/>\n<strong>5. V\u00e1lvula multivias de alta qualidade: O funcionamento \u00e9 suave, sem bloqueios, e permite um ajuste preciso das a\u00e7\u00f5es. Possui uma excelente veda\u00e7\u00e3o, \u00e9 resistente a altas press\u00f5es e ao desgaste, e tem uma longa vida \u00fatil.<\/strong><\/p>\n<h1 style=\"text-align: center;\">PODER INCR\u00cdVEL<\/h1>\n<p><img loading=\"lazy\" decoding=\"async\" class=\"aligncenter wp-image-6468\" src=\"https:\/\/ac-truck.com\/wp-content\/uploads\/2025\/12\/%E6%B8%85%E9%9A%9C%E8%BD%A6%E8%AF%A6%E6%83%85%E9%A1%B5_09.webp\" sizes=\"(max-width: 1234px) 100vw, 1234px\" srcset=\"https:\/\/ac-truck.com\/wp-content\/uploads\/2025\/12\/\u6e05\u969c\u8f66\u8be6\u60c5\u9875_09.webp 790w, https:\/\/ac-truck.com\/wp-content\/uploads\/2025\/12\/\u6e05\u969c\u8f66\u8be6\u60c5\u9875_09-214x300.webp 214w, https:\/\/ac-truck.com\/wp-content\/uploads\/2025\/12\/\u6e05\u969c\u8f66\u8be6\u60c5\u9875_09-730x1024.webp 730w, https:\/\/ac-truck.com\/wp-content\/uploads\/2025\/12\/\u6e05\u969c\u8f66\u8be6\u60c5\u9875_09-768x1077.webp 768w, https:\/\/ac-truck.com\/wp-content\/uploads\/2025\/12\/\u6e05\u969c\u8f66\u8be6\u60c5\u9875_09-9x12.webp 9w, https:\/\/ac-truck.com\/wp-content\/uploads\/2025\/12\/\u6e05\u969c\u8f66\u8be6\u60c5\u9875_09-600x842.webp 600w, https:\/\/ac-truck.com\/wp-content\/uploads\/2025\/12\/\u6e05\u969c\u8f66\u8be6\u60c5\u9875_09-150x210.webp 150w\" alt=\"\" width=\"1234\" height=\"1731\" \/><\/p>\n<p><strong>1. Tomada de for\u00e7a total: oferece uma sa\u00edda de pot\u00eancia mais suficiente, tem uma liga\u00e7\u00e3o precisa com o sistema hidr\u00e1ulico, \u00e9 conveniente de operar e tem uma baixa taxa de avarias.<\/strong><br \/>\n<strong>2.\u00ba Motor de alta pot\u00eancia: o seu elevado bin\u00e1rio proporciona uma base de pot\u00eancia ampla para a tomada de for\u00e7a e o sistema hidr\u00e1ulico, permitindo um reboque e uma eleva\u00e7\u00e3o mais potentes.<\/strong><\/p>\n<h1 style=\"text-align: center;\">DIVERSIDADE DE ESTRUTURAS DE PLACAS PLANAS<\/h1>\n<p><img loading=\"lazy\" decoding=\"async\" class=\"aligncenter wp-image-6469\" src=\"https:\/\/ac-truck.com\/wp-content\/uploads\/2025\/12\/%E6%B8%85%E9%9A%9C%E8%BD%A6%E8%AF%A6%E6%83%85%E9%A1%B5_11.webp\" sizes=\"(max-width: 1234px) 100vw, 1234px\" srcset=\"https:\/\/ac-truck.com\/wp-content\/uploads\/2025\/12\/\u6e05\u969c\u8f66\u8be6\u60c5\u9875_11.webp 790w, https:\/\/ac-truck.com\/wp-content\/uploads\/2025\/12\/\u6e05\u969c\u8f66\u8be6\u60c5\u9875_11-300x232.webp 300w, https:\/\/ac-truck.com\/wp-content\/uploads\/2025\/12\/\u6e05\u969c\u8f66\u8be6\u60c5\u9875_11-768x595.webp 768w, https:\/\/ac-truck.com\/wp-content\/uploads\/2025\/12\/\u6e05\u969c\u8f66\u8be6\u60c5\u9875_11-15x12.webp 15w, https:\/\/ac-truck.com\/wp-content\/uploads\/2025\/12\/\u6e05\u969c\u8f66\u8be6\u60c5\u9875_11-600x465.webp 600w, https:\/\/ac-truck.com\/wp-content\/uploads\/2025\/12\/\u6e05\u969c\u8f66\u8be6\u60c5\u9875_11-150x116.webp 150w\" alt=\"\" width=\"1234\" height=\"956\" \/><\/p>\n<p><strong>1. Cami\u00e3o guincho com plataforma plana: A plataforma plana pode aterrar completamente no solo. Ao resgatar ve\u00edculos com chassis baixo, isto reduz a dificuldade de entrada do ve\u00edculo na plataforma e minimiza os danos no ve\u00edculo avariado.<\/strong><br \/>\n<strong>2.\u00ba Cami\u00e3o guincho plataforma com plataforma traseira retr\u00e1til: \u00c9 adicionada uma plataforma traseira retr\u00e1til na parte traseira. Pode reduzir a inclina\u00e7\u00e3o entre a plataforma e o solo, facilitando a entrada do ve\u00edculo avariado na plataforma.<\/strong><br \/>\n<strong>3. Cami\u00e3o guincho plataforma com grua: \u00c9 instalado um guindaste, podendo ser utilizado para elevar ve\u00edculos avariados que ca\u00edram em valas ou rios e s\u00e3o dif\u00edceis de manobrar com o m\u00e9todo de reboque plataforma.<\/strong><br \/>\n<strong>4. Cami\u00e3o guincho plataforma: \u00c9 utilizado para rebocar ou transportar ve\u00edculos avariados atrav\u00e9s da plataforma. A plataforma pode ser elevada e inclinada atrav\u00e9s de um sistema hidr\u00e1ulico, facilitando a entrada e sa\u00edda do ve\u00edculo.<\/strong><\/p>\n<h1 style=\"text-align: center;\">F\u00c1CIL DE OPERAR<\/h1>\n<p><img loading=\"lazy\" decoding=\"async\" class=\"aligncenter wp-image-6470\" src=\"https:\/\/ac-truck.com\/wp-content\/uploads\/2025\/12\/%E6%B8%85%E9%9A%9C%E8%BD%A6%E8%AF%A6%E6%83%85%E9%A1%B5_13.webp\" sizes=\"(max-width: 1234px) 100vw, 1234px\" srcset=\"https:\/\/ac-truck.com\/wp-content\/uploads\/2025\/12\/\u6e05\u969c\u8f66\u8be6\u60c5\u9875_13.webp 790w, https:\/\/ac-truck.com\/wp-content\/uploads\/2025\/12\/\u6e05\u969c\u8f66\u8be6\u60c5\u9875_13-261x300.webp 261w, https:\/\/ac-truck.com\/wp-content\/uploads\/2025\/12\/\u6e05\u969c\u8f66\u8be6\u60c5\u9875_13-768x883.webp 768w, https:\/\/ac-truck.com\/wp-content\/uploads\/2025\/12\/\u6e05\u969c\u8f66\u8be6\u60c5\u9875_13-10x12.webp 10w, https:\/\/ac-truck.com\/wp-content\/uploads\/2025\/12\/\u6e05\u969c\u8f66\u8be6\u60c5\u9875_13-600x690.webp 600w, https:\/\/ac-truck.com\/wp-content\/uploads\/2025\/12\/\u6e05\u969c\u8f66\u8be6\u60c5\u9875_13-150x172.webp 150w\" alt=\"\" width=\"1234\" height=\"1418\" \/><\/p>\n<p><strong>1. Alavanca de opera\u00e7\u00e3o direta: O design da alavanca de opera\u00e7\u00e3o \u00e9 ergon\u00f3mico, com uma pega confort\u00e1vel e um curso adequado. Permite controlar com precis\u00e3o a amplitude da a\u00e7\u00e3o e evitar impactos durante a opera\u00e7\u00e3o.<\/strong><br \/>\n<strong>2.\u00ba Controlo remoto sem fios: Os operadores podem manter-se afastados da \u00e1rea de opera\u00e7\u00e3o perigosa para evitar riscos. T\u00eam um campo de vis\u00e3o mais amplo, o que \u00e9 conveniente para observar detalhes da opera\u00e7\u00e3o e melhorar a precis\u00e3o.<\/strong><\/p>\n<h1 style=\"text-align: center;\">PROCESSO DE PRODU\u00c7\u00c3O<\/h1>\n<p><img loading=\"lazy\" decoding=\"async\" class=\"aligncenter wp-image-6471\" src=\"https:\/\/ac-truck.com\/wp-content\/uploads\/2025\/12\/%E6%B8%85%E9%9A%9C%E8%BD%A6%E8%AF%A6%E6%83%85%E9%A1%B5_15.webp\" sizes=\"(max-width: 1234px) 100vw, 1234px\" srcset=\"https:\/\/ac-truck.com\/wp-content\/uploads\/2025\/12\/\u6e05\u969c\u8f66\u8be6\u60c5\u9875_15.webp 790w, https:\/\/ac-truck.com\/wp-content\/uploads\/2025\/12\/\u6e05\u969c\u8f66\u8be6\u60c5\u9875_15-132x300.webp 132w, https:\/\/ac-truck.com\/wp-content\/uploads\/2025\/12\/\u6e05\u969c\u8f66\u8be6\u60c5\u9875_15-449x1024.webp 449w, https:\/\/ac-truck.com\/wp-content\/uploads\/2025\/12\/\u6e05\u969c\u8f66\u8be6\u60c5\u9875_15-768x1750.webp 768w, https:\/\/ac-truck.com\/wp-content\/uploads\/2025\/12\/\u6e05\u969c\u8f66\u8be6\u60c5\u9875_15-674x1536.webp 674w, https:\/\/ac-truck.com\/wp-content\/uploads\/2025\/12\/\u6e05\u969c\u8f66\u8be6\u60c5\u9875_15-5x12.webp 5w, https:\/\/ac-truck.com\/wp-content\/uploads\/2025\/12\/\u6e05\u969c\u8f66\u8be6\u60c5\u9875_15-600x1367.webp 600w, https:\/\/ac-truck.com\/wp-content\/uploads\/2025\/12\/\u6e05\u969c\u8f66\u8be6\u60c5\u9875_15-150x342.webp 150w\" alt=\"\" width=\"1234\" height=\"2812\" \/><img loading=\"lazy\" decoding=\"async\" class=\"aligncenter wp-image-6472\" src=\"https:\/\/ac-truck.com\/wp-content\/uploads\/2025\/12\/%E6%B8%85%E9%9A%9C%E8%BD%A6%E8%AF%A6%E6%83%85%E9%A1%B5_16.webp\" sizes=\"(max-width: 1234px) 100vw, 1234px\" srcset=\"https:\/\/ac-truck.com\/wp-content\/uploads\/2025\/12\/\u6e05\u969c\u8f66\u8be6\u60c5\u9875_16.webp 790w, https:\/\/ac-truck.com\/wp-content\/uploads\/2025\/12\/\u6e05\u969c\u8f66\u8be6\u60c5\u9875_16-98x300.webp 98w, https:\/\/ac-truck.com\/wp-content\/uploads\/2025\/12\/\u6e05\u969c\u8f66\u8be6\u60c5\u9875_16-334x1024.webp 334w, https:\/\/ac-truck.com\/wp-content\/uploads\/2025\/12\/\u6e05\u969c\u8f66\u8be6\u60c5\u9875_16-768x2356.webp 768w, https:\/\/ac-truck.com\/wp-content\/uploads\/2025\/12\/\u6e05\u969c\u8f66\u8be6\u60c5\u9875_16-501x1536.webp 501w, https:\/\/ac-truck.com\/wp-content\/uploads\/2025\/12\/\u6e05\u969c\u8f66\u8be6\u60c5\u9875_16-4x12.webp 4w, https:\/\/ac-truck.com\/wp-content\/uploads\/2025\/12\/\u6e05\u969c\u8f66\u8be6\u60c5\u9875_16-600x1841.webp 600w, https:\/\/ac-truck.com\/wp-content\/uploads\/2025\/12\/\u6e05\u969c\u8f66\u8be6\u60c5\u9875_16-150x460.webp 150w\" alt=\"\" width=\"1234\" height=\"3786\" \/><\/p>\n<p><strong>1. Prepara\u00e7\u00e3o dos materiais da subestrutura, da estrutura do p\u00f3rtico e do bra\u00e7o de reboque<\/strong><br \/>\n<strong>2. Prepara\u00e7\u00e3o de materiais para leito plano<\/strong><br \/>\n<strong>3.\u00ba Prepara\u00e7\u00e3o e produ\u00e7\u00e3o de prote\u00e7\u00f5es laterais, guarda-lamas e materiais acess\u00f3rios.<\/strong><br \/>\n<strong>4. Soldadura de estrutura plana e p\u00f3rtico<\/strong><br \/>\n<strong>5. Montagem do subchassis, bra\u00e7o de suspens\u00e3o traseiro e acess\u00f3rios<\/strong><br \/>\n<strong>6. Instala\u00e7\u00e3o da superestrutura da plataforma plana<\/strong><br \/>\n<strong>7. Pintura de todo o ve\u00edculo<\/strong><br \/>\n<strong>8. Conclus\u00e3o da produ\u00e7\u00e3o do ve\u00edculo<\/strong><\/p>\n<h1 style=\"text-align: center;\">CEN\u00c1RIOS DE APLICA\u00c7\u00c3O<\/h1>\n<p><img loading=\"lazy\" decoding=\"async\" class=\"aligncenter wp-image-6473\" src=\"https:\/\/ac-truck.com\/wp-content\/uploads\/2025\/12\/%E6%B8%85%E9%9A%9C%E8%BD%A6%E8%AF%A6%E6%83%85%E9%A1%B5_18.webp\" sizes=\"(max-width: 1234px) 100vw, 1234px\" srcset=\"https:\/\/ac-truck.com\/wp-content\/uploads\/2025\/12\/\u6e05\u969c\u8f66\u8be6\u60c5\u9875_18.webp 790w, https:\/\/ac-truck.com\/wp-content\/uploads\/2025\/12\/\u6e05\u969c\u8f66\u8be6\u60c5\u9875_18-156x300.webp 156w, https:\/\/ac-truck.com\/wp-content\/uploads\/2025\/12\/\u6e05\u969c\u8f66\u8be6\u60c5\u9875_18-532x1024.webp 532w, https:\/\/ac-truck.com\/wp-content\/uploads\/2025\/12\/\u6e05\u969c\u8f66\u8be6\u60c5\u9875_18-768x1478.webp 768w, https:\/\/ac-truck.com\/wp-content\/uploads\/2025\/12\/\u6e05\u969c\u8f66\u8be6\u60c5\u9875_18-6x12.webp 6w, https:\/\/ac-truck.com\/wp-content\/uploads\/2025\/12\/\u6e05\u969c\u8f66\u8be6\u60c5\u9875_18-600x1154.webp 600w, https:\/\/ac-truck.com\/wp-content\/uploads\/2025\/12\/\u6e05\u969c\u8f66\u8be6\u60c5\u9875_18-150x289.webp 150w\" alt=\"\" width=\"1234\" height=\"2374\" \/><\/p>\n<h1 style=\"text-align: center;\">EMBALAMENTO E TRANSPORTE<\/h1>\n<p><img loading=\"lazy\" decoding=\"async\" class=\"aligncenter wp-image-6474\" src=\"https:\/\/ac-truck.com\/wp-content\/uploads\/2025\/12\/%E6%B8%85%E9%9A%9C%E8%BD%A6%E8%AF%A6%E6%83%85%E9%A1%B5_20.webp\" sizes=\"(max-width: 1234px) 100vw, 1234px\" srcset=\"https:\/\/ac-truck.com\/wp-content\/uploads\/2025\/12\/\u6e05\u969c\u8f66\u8be6\u60c5\u9875_20.webp 790w, https:\/\/ac-truck.com\/wp-content\/uploads\/2025\/12\/\u6e05\u969c\u8f66\u8be6\u60c5\u9875_20-144x300.webp 144w, https:\/\/ac-truck.com\/wp-content\/uploads\/2025\/12\/\u6e05\u969c\u8f66\u8be6\u60c5\u9875_20-490x1024.webp 490w, https:\/\/ac-truck.com\/wp-content\/uploads\/2025\/12\/\u6e05\u969c\u8f66\u8be6\u60c5\u9875_20-768x1604.webp 768w, https:\/\/ac-truck.com\/wp-content\/uploads\/2025\/12\/\u6e05\u969c\u8f66\u8be6\u60c5\u9875_20-735x1536.webp 735w, https:\/\/ac-truck.com\/wp-content\/uploads\/2025\/12\/\u6e05\u969c\u8f66\u8be6\u60c5\u9875_20-6x12.webp 6w, https:\/\/ac-truck.com\/wp-content\/uploads\/2025\/12\/\u6e05\u969c\u8f66\u8be6\u60c5\u9875_20-600x1253.webp 600w, https:\/\/ac-truck.com\/wp-content\/uploads\/2025\/12\/\u6e05\u969c\u8f66\u8be6\u60c5\u9875_20-150x313.webp 150w\" alt=\"\" width=\"1234\" height=\"2577\" \/><\/p>","protected":false},"excerpt":{"rendered":"<p>PRODUCT PARAMETERS 4T Tow truck ISUZU project Descriptions Specifications General Overall dimensions(mm) 5995\u00d72300\u00d72300 curb weight(Kg) 2800 Total mass(Kg) 6900 Body<\/p>","protected":false},"featured_media":6565,"template":"","meta":[],"product_brand":[213],"product_cat":[174],"product_tag":[253,254,337],"class_list":{"0":"post-6562","1":"product","2":"type-product","3":"status-publish","4":"has-post-thumbnail","6":"product_brand-isuzu","7":"product_cat-tow-trucks","8":"product_tag-car-recovery","9":"product_tag-rollback-truck","10":"product_tag-wrecker-truck","12":"first","13":"instock","14":"shipping-taxable","15":"product-type-simple"},"_links":{"self":[{"href":"https:\/\/ac-truck.com\/pt\/wp-json\/wp\/v2\/product\/6562","targetHints":{"allow":["GET"]}}],"collection":[{"href":"https:\/\/ac-truck.com\/pt\/wp-json\/wp\/v2\/product"}],"about":[{"href":"https:\/\/ac-truck.com\/pt\/wp-json\/wp\/v2\/types\/product"}],"version-history":[{"count":1,"href":"https:\/\/ac-truck.com\/pt\/wp-json\/wp\/v2\/product\/6562\/revisions"}],"predecessor-version":[{"id":6571,"href":"https:\/\/ac-truck.com\/pt\/wp-json\/wp\/v2\/product\/6562\/revisions\/6571"}],"wp:featuredmedia":[{"embeddable":true,"href":"https:\/\/ac-truck.com\/pt\/wp-json\/wp\/v2\/media\/6565"}],"wp:attachment":[{"href":"https:\/\/ac-truck.com\/pt\/wp-json\/wp\/v2\/media?parent=6562"}],"wp:term":[{"taxonomy":"product_brand","embeddable":true,"href":"https:\/\/ac-truck.com\/pt\/wp-json\/wp\/v2\/product_brand?post=6562"},{"taxonomy":"product_cat","embeddable":true,"href":"https:\/\/ac-truck.com\/pt\/wp-json\/wp\/v2\/product_cat?post=6562"},{"taxonomy":"product_tag","embeddable":true,"href":"https:\/\/ac-truck.com\/pt\/wp-json\/wp\/v2\/product_tag?post=6562"}],"curies":[{"name":"wp","href":"https:\/\/api.w.org\/{rel}","templated":true}]}}