{"id":6661,"date":"2025-12-11T17:13:57","date_gmt":"2025-12-11T09:13:57","guid":{"rendered":"https:\/\/ac-truck.com\/?post_type=product&#038;p=6661"},"modified":"2025-12-11T17:13:58","modified_gmt":"2025-12-11T09:13:58","slug":"15000-liters-water-truck-shacman","status":"publish","type":"product","link":"https:\/\/ac-truck.com\/pt\/15000-liters-water-truck-shacman.html","title":{"rendered":"Caminh\u00e3o Pipa de 15.000 litros SHACMAN"},"content":{"rendered":"<p><img fetchpriority=\"high\" decoding=\"async\" class=\"aligncenter wp-image-6662\" src=\"https:\/\/ac-truck.com\/wp-content\/uploads\/2025\/12\/\u4ea7\u54c1\u6d77\u62a5_01-16.webp\" alt=\"\" width=\"1234\" height=\"1610\" srcset=\"https:\/\/ac-truck.com\/wp-content\/uploads\/2025\/12\/\u4ea7\u54c1\u6d77\u62a5_01-16.webp 790w, https:\/\/ac-truck.com\/wp-content\/uploads\/2025\/12\/\u4ea7\u54c1\u6d77\u62a5_01-16-230x300.webp 230w, https:\/\/ac-truck.com\/wp-content\/uploads\/2025\/12\/\u4ea7\u54c1\u6d77\u62a5_01-16-785x1024.webp 785w, https:\/\/ac-truck.com\/wp-content\/uploads\/2025\/12\/\u4ea7\u54c1\u6d77\u62a5_01-16-768x1002.webp 768w, https:\/\/ac-truck.com\/wp-content\/uploads\/2025\/12\/\u4ea7\u54c1\u6d77\u62a5_01-16-9x12.webp 9w, https:\/\/ac-truck.com\/wp-content\/uploads\/2025\/12\/\u4ea7\u54c1\u6d77\u62a5_01-16-600x783.webp 600w, https:\/\/ac-truck.com\/wp-content\/uploads\/2025\/12\/\u4ea7\u54c1\u6d77\u62a5_01-16-150x196.webp 150w\" sizes=\"(max-width: 1234px) 100vw, 1234px\" \/><\/p>\n<h1 style=\"text-align: center;\">PAR\u00c2METROS DO PRODUTO<\/h1>\n<p><img decoding=\"async\" class=\"aligncenter wp-image-6663\" src=\"https:\/\/ac-truck.com\/wp-content\/uploads\/2025\/12\/\u4ea7\u54c1\u6d77\u62a5_03-16.webp\" alt=\"\" width=\"1234\" height=\"486\" srcset=\"https:\/\/ac-truck.com\/wp-content\/uploads\/2025\/12\/\u4ea7\u54c1\u6d77\u62a5_03-16.webp 790w, https:\/\/ac-truck.com\/wp-content\/uploads\/2025\/12\/\u4ea7\u54c1\u6d77\u62a5_03-16-300x118.webp 300w, https:\/\/ac-truck.com\/wp-content\/uploads\/2025\/12\/\u4ea7\u54c1\u6d77\u62a5_03-16-768x302.webp 768w, https:\/\/ac-truck.com\/wp-content\/uploads\/2025\/12\/\u4ea7\u54c1\u6d77\u62a5_03-16-18x7.webp 18w, https:\/\/ac-truck.com\/wp-content\/uploads\/2025\/12\/\u4ea7\u54c1\u6d77\u62a5_03-16-600x236.webp 600w, https:\/\/ac-truck.com\/wp-content\/uploads\/2025\/12\/\u4ea7\u54c1\u6d77\u62a5_03-16-150x59.webp 150w\" sizes=\"(max-width: 1234px) 100vw, 1234px\" \/><\/p>\n<h2 style=\"text-align: center;\">Caminh\u00e3o Pipa de 15.000 litros SHACMAN<\/h2>\n<table>\n<tbody>\n<tr>\n<td width=\"86\"><strong>projeto<\/strong><\/td>\n<td width=\"296\"><strong>Descri\u00e7\u00f5es<\/strong><\/td>\n<td width=\"317\"><strong>Especifica\u00e7\u00f5es<\/strong><\/td>\n<\/tr>\n<tr>\n<td rowspan=\"4\" width=\"86\"><strong>B\u00e1sico<\/strong><\/td>\n<td width=\"296\"><strong>Dimens\u00f5es gerais (mm)<\/strong><\/td>\n<td width=\"317\"><strong>7880\u00d72500\u00d73280<\/strong><\/td>\n<\/tr>\n<tr>\n<td width=\"296\"><strong>peso bruto (kg)<\/strong><\/td>\n<td width=\"317\"><strong>6780<\/strong><\/td>\n<\/tr>\n<tr>\n<td width=\"296\"><strong>Capacidade de carga (Kg)<\/strong><\/td>\n<td width=\"317\"><strong>11090<\/strong><\/td>\n<\/tr>\n<tr>\n<td width=\"296\"><strong>Massa total (Kg)<\/strong><\/td>\n<td width=\"317\"><strong>18000<\/strong><\/td>\n<\/tr>\n<tr>\n<td rowspan=\"4\" width=\"86\"><strong>Corpo<\/strong><\/td>\n<td width=\"296\"><strong>Volume do dep\u00f3sito (m\u00b3)<\/strong><\/td>\n<td width=\"317\"><strong>15<\/strong><\/td>\n<\/tr>\n<tr>\n<td width=\"296\"><strong>Material do tanque<\/strong><\/td>\n<td width=\"317\"><strong>Q235\/carbon steel<\/strong><\/td>\n<\/tr>\n<tr>\n<td width=\"296\"><strong>Espessura do tanque (mm)<\/strong><\/td>\n<td width=\"317\"><strong>4<\/strong><\/td>\n<\/tr>\n<tr>\n<td width=\"296\"><strong>modelo de bomba de \u00e1gua<\/strong><\/td>\n<td width=\"317\"><strong>65QZ60\/90N(S)<\/strong><\/td>\n<\/tr>\n<tr>\n<td rowspan=\"7\" width=\"86\"><strong>Chassis<\/strong><\/p>\n<p>&nbsp;<\/td>\n<td width=\"296\"><strong>Marca do chassi<\/strong><\/td>\n<td width=\"317\"><strong>SHACMAN<\/strong><\/td>\n<\/tr>\n<tr>\n<td width=\"296\"><strong>Formul\u00e1rio do motorista<\/strong><\/td>\n<td width=\"317\"><strong>4*2<\/strong><\/td>\n<\/tr>\n<tr>\n<td width=\"296\"><strong>Volante<\/strong><\/td>\n<td width=\"317\"><strong>Dire\u00e7\u00e3o \u00e0 esquerda<\/strong><\/td>\n<\/tr>\n<tr>\n<td width=\"296\"><strong>Marca e modelo do motor<\/strong><\/td>\n<td width=\"317\"><strong>WP4.6NQ220E61A<\/strong><\/td>\n<\/tr>\n<tr>\n<td width=\"296\"><strong>Padr\u00f5es de emiss\u00e3o<\/strong><\/td>\n<td width=\"317\"><strong>Euro 6<\/strong><\/td>\n<\/tr>\n<tr>\n<td width=\"296\"><strong>Tipo de combust\u00edvel<\/strong><\/td>\n<td width=\"317\"><strong>Diesel<\/strong><\/td>\n<\/tr>\n<tr>\n<td width=\"296\"><strong>Caixa de engrenagens<\/strong><\/td>\n<td width=\"317\"><strong>8-speed gearbox<\/strong><\/td>\n<\/tr>\n<\/tbody>\n<\/table>\n<h1 style=\"text-align: center;\">VANTAGENS DO VE\u00cdCULO<\/h1>\n<h4 style=\"text-align: center;\">TAMANHO DO DEP\u00d3SITO PERSONALIZ\u00c1VEL<\/h4>\n<p style=\"text-align: center;\"><img decoding=\"async\" class=\"aligncenter wp-image-6575\" src=\"https:\/\/ac-truck.com\/wp-content\/uploads\/2025\/12\/%E6%B4%92%E6%B0%B4%E8%BD%A6%E8%AF%A6%E6%83%85%E9%A1%B5_05.webp\" sizes=\"(max-width: 1234px) 100vw, 1234px\" srcset=\"https:\/\/ac-truck.com\/wp-content\/uploads\/2025\/12\/\u6d12\u6c34\u8f66\u8be6\u60c5\u9875_05.webp 790w, https:\/\/ac-truck.com\/wp-content\/uploads\/2025\/12\/\u6d12\u6c34\u8f66\u8be6\u60c5\u9875_05-300x185.webp 300w, https:\/\/ac-truck.com\/wp-content\/uploads\/2025\/12\/\u6d12\u6c34\u8f66\u8be6\u60c5\u9875_05-768x472.webp 768w, https:\/\/ac-truck.com\/wp-content\/uploads\/2025\/12\/\u6d12\u6c34\u8f66\u8be6\u60c5\u9875_05-18x12.webp 18w, https:\/\/ac-truck.com\/wp-content\/uploads\/2025\/12\/\u6d12\u6c34\u8f66\u8be6\u60c5\u9875_05-600x369.webp 600w, https:\/\/ac-truck.com\/wp-content\/uploads\/2025\/12\/\u6d12\u6c34\u8f66\u8be6\u60c5\u9875_05-150x92.webp 150w\" alt=\"\" width=\"1234\" height=\"759\" \/><\/p>\n<h1 style=\"text-align: center;\">ESTRUTURA PRINCIPAL DO DEP\u00d3SITO<\/h1>\n<p><img loading=\"lazy\" decoding=\"async\" class=\"aligncenter wp-image-6576\" src=\"https:\/\/ac-truck.com\/wp-content\/uploads\/2025\/12\/%E6%B4%92%E6%B0%B4%E8%BD%A6%E8%AF%A6%E6%83%85%E9%A1%B5_07.webp\" sizes=\"(max-width: 1234px) 100vw, 1234px\" srcset=\"https:\/\/ac-truck.com\/wp-content\/uploads\/2025\/12\/\u6d12\u6c34\u8f66\u8be6\u60c5\u9875_07.webp 790w, https:\/\/ac-truck.com\/wp-content\/uploads\/2025\/12\/\u6d12\u6c34\u8f66\u8be6\u60c5\u9875_07-272x300.webp 272w, https:\/\/ac-truck.com\/wp-content\/uploads\/2025\/12\/\u6d12\u6c34\u8f66\u8be6\u60c5\u9875_07-768x846.webp 768w, https:\/\/ac-truck.com\/wp-content\/uploads\/2025\/12\/\u6d12\u6c34\u8f66\u8be6\u60c5\u9875_07-11x12.webp 11w, https:\/\/ac-truck.com\/wp-content\/uploads\/2025\/12\/\u6d12\u6c34\u8f66\u8be6\u60c5\u9875_07-600x661.webp 600w, https:\/\/ac-truck.com\/wp-content\/uploads\/2025\/12\/\u6d12\u6c34\u8f66\u8be6\u60c5\u9875_07-150x165.webp 150w\" alt=\"\" width=\"1234\" height=\"1359\" \/><\/p>\n<p><strong>1. Constru\u00e7\u00e3o do tanque: O corpo do tanque \u00e9 feito de a\u00e7o carbono ou a\u00e7o inoxid\u00e1vel de alta qualidade, moldado num \u00fanico processo de conforma\u00e7\u00e3o por rolos e depois soldado para evitar fugas.<\/strong><br \/>\n<strong>2.\u00ba Escada: Esta escada permite alcan\u00e7ar o topo do tanque.<\/strong><br \/>\n<strong>3. Porta de enchimento: Esta porta de enchimento permite observar o conte\u00fado do tanque e adicionar \u00e1gua.<\/strong><br \/>\n<strong>4.\u00ba Tubo de medi\u00e7\u00e3o: Este tubo permite verificar a quantidade de l\u00edquido no interior do tanque.<\/strong><\/p>\n<h1 style=\"text-align: center;\">CONFIGURA\u00c7\u00c3O PADR\u00c3O<\/h1>\n<p><img loading=\"lazy\" decoding=\"async\" class=\"aligncenter wp-image-6577\" src=\"https:\/\/ac-truck.com\/wp-content\/uploads\/2025\/12\/%E6%B4%92%E6%B0%B4%E8%BD%A6%E8%AF%A6%E6%83%85%E9%A1%B5_09.webp\" sizes=\"(max-width: 1234px) 100vw, 1234px\" srcset=\"https:\/\/ac-truck.com\/wp-content\/uploads\/2025\/12\/\u6d12\u6c34\u8f66\u8be6\u60c5\u9875_09.webp 790w, https:\/\/ac-truck.com\/wp-content\/uploads\/2025\/12\/\u6d12\u6c34\u8f66\u8be6\u60c5\u9875_09-134x300.webp 134w, https:\/\/ac-truck.com\/wp-content\/uploads\/2025\/12\/\u6d12\u6c34\u8f66\u8be6\u60c5\u9875_09-457x1024.webp 457w, https:\/\/ac-truck.com\/wp-content\/uploads\/2025\/12\/\u6d12\u6c34\u8f66\u8be6\u60c5\u9875_09-768x1721.webp 768w, https:\/\/ac-truck.com\/wp-content\/uploads\/2025\/12\/\u6d12\u6c34\u8f66\u8be6\u60c5\u9875_09-686x1536.webp 686w, https:\/\/ac-truck.com\/wp-content\/uploads\/2025\/12\/\u6d12\u6c34\u8f66\u8be6\u60c5\u9875_09-5x12.webp 5w, https:\/\/ac-truck.com\/wp-content\/uploads\/2025\/12\/\u6d12\u6c34\u8f66\u8be6\u60c5\u9875_09-600x1344.webp 600w, https:\/\/ac-truck.com\/wp-content\/uploads\/2025\/12\/\u6d12\u6c34\u8f66\u8be6\u60c5\u9875_09-150x336.webp 150w\" alt=\"\" width=\"1234\" height=\"2765\" \/><\/p>\n<p><strong>1. V\u00e1lvula de quatro vias e tr\u00eas vias: Abra-a quando adicionar \u00e1gua. Quando a alavanca estiver paralela \u00e0 tubagem, esta estar\u00e1 aberta; quando estiver perpendicular, estar\u00e1 fechada.<\/strong><br \/>\n<strong>2. Entrada de \u00e1gua: Pode ser utilizada para captar \u00e1gua de uma fonte externa pr\u00f3xima e tamb\u00e9m como sa\u00edda de drenagem por gravidade.<\/strong><br \/>\n<strong>3. Liga\u00e7\u00e3o da mangueira: Ligue uma mangueira exterior para drenagem pressurizada; tamb\u00e9m pode ser utilizada para entrada de \u00e1gua.<\/strong><br \/>\n<strong>4. V\u00e1lvula de esfera de grande di\u00e2metro: Aumenta o caudal de \u00e1gua na tubagem.<\/strong><br \/>\n<strong>5. Dispositivo frontal de pulveriza\u00e7\u00e3o de \u00e1gua: Utilizado para aspergir \u00e1gua na estrada de forma a reduzir o p\u00f3.<\/strong><br \/>\n<strong>6. Dispositivo de pulveriza\u00e7\u00e3o de \u00e1gua traseiro: O \u00e2ngulo de funcionamento pode ser ajustado conforme necess\u00e1rio.<\/strong><br \/>\n<strong>7.\u00ba Dispositivo de pulveriza\u00e7\u00e3o lateral de \u00e1gua: A \u00e1gua nebulizada pulverizada pelo bocal tem uma \u00e1rea ampla e dispersa.<\/strong><br \/>\n<strong>8.\u00ba Dispositivo de pulveriza\u00e7\u00e3o de \u00e1gua de alta press\u00e3o: Pode ser ajustado em v\u00e1rios modos de pulveriza\u00e7\u00e3o, como colunar, semelhante a chuva e semelhante a n\u00e9voa.<\/strong><br \/>\n<strong>9. Aspersor de posi\u00e7\u00e3o elevada: O aspersor de posi\u00e7\u00e3o elevada pode proporcionar uma pulveriza\u00e7\u00e3o mais uniforme e uma \u00e1rea de cobertura mais ampla.<\/strong><\/p>\n<h1 style=\"text-align: center;\">EXIBI\u00c7\u00c3O DO ESTADO DE FUNCIONAMENTO<\/h1>\n<p><img loading=\"lazy\" decoding=\"async\" class=\"aligncenter wp-image-6578\" src=\"https:\/\/ac-truck.com\/wp-content\/uploads\/2025\/12\/%E6%B4%92%E6%B0%B4%E8%BD%A6%E8%AF%A6%E6%83%85%E9%A1%B5_11.webp\" sizes=\"(max-width: 1234px) 100vw, 1234px\" srcset=\"https:\/\/ac-truck.com\/wp-content\/uploads\/2025\/12\/\u6d12\u6c34\u8f66\u8be6\u60c5\u9875_11.webp 790w, https:\/\/ac-truck.com\/wp-content\/uploads\/2025\/12\/\u6d12\u6c34\u8f66\u8be6\u60c5\u9875_11-106x300.webp 106w, https:\/\/ac-truck.com\/wp-content\/uploads\/2025\/12\/\u6d12\u6c34\u8f66\u8be6\u60c5\u9875_11-363x1024.webp 363w, https:\/\/ac-truck.com\/wp-content\/uploads\/2025\/12\/\u6d12\u6c34\u8f66\u8be6\u60c5\u9875_11-768x2166.webp 768w, https:\/\/ac-truck.com\/wp-content\/uploads\/2025\/12\/\u6d12\u6c34\u8f66\u8be6\u60c5\u9875_11-545x1536.webp 545w, https:\/\/ac-truck.com\/wp-content\/uploads\/2025\/12\/\u6d12\u6c34\u8f66\u8be6\u60c5\u9875_11-726x2048.webp 726w, https:\/\/ac-truck.com\/wp-content\/uploads\/2025\/12\/\u6d12\u6c34\u8f66\u8be6\u60c5\u9875_11-4x12.webp 4w, https:\/\/ac-truck.com\/wp-content\/uploads\/2025\/12\/\u6d12\u6c34\u8f66\u8be6\u60c5\u9875_11-600x1692.webp 600w, https:\/\/ac-truck.com\/wp-content\/uploads\/2025\/12\/\u6d12\u6c34\u8f66\u8be6\u60c5\u9875_11-150x423.webp 150w\" alt=\"\" width=\"1234\" height=\"3480\" \/><\/p>\n<p><strong>1. Dispositivo universal de descarga frontal<\/strong><br \/>\n<strong>2. Dispositivo de aspers\u00e3o traseira em forma de leque<\/strong><br \/>\n<strong>3. Pulveriza\u00e7\u00e3o lateral (dispositivo)<\/strong><br \/>\n<strong>4. Pistola de \u00e1gua de alta press\u00e3o montada na parte traseira<\/strong><br \/>\n<strong>5. Aspersor de posi\u00e7\u00e3o alta<\/strong><\/p>\n<h1 style=\"text-align: center;\">PROCESSO DE PRODU\u00c7\u00c3O<\/h1>\n<p><img loading=\"lazy\" decoding=\"async\" class=\"aligncenter wp-image-6579\" src=\"https:\/\/ac-truck.com\/wp-content\/uploads\/2025\/12\/%E6%B4%92%E6%B0%B4%E8%BD%A6%E8%AF%A6%E6%83%85%E9%A1%B5_13.webp\" sizes=\"(max-width: 1234px) 100vw, 1234px\" srcset=\"https:\/\/ac-truck.com\/wp-content\/uploads\/2025\/12\/\u6d12\u6c34\u8f66\u8be6\u60c5\u9875_13.webp 790w, https:\/\/ac-truck.com\/wp-content\/uploads\/2025\/12\/\u6d12\u6c34\u8f66\u8be6\u60c5\u9875_13-121x300.webp 121w, https:\/\/ac-truck.com\/wp-content\/uploads\/2025\/12\/\u6d12\u6c34\u8f66\u8be6\u60c5\u9875_13-412x1024.webp 412w, https:\/\/ac-truck.com\/wp-content\/uploads\/2025\/12\/\u6d12\u6c34\u8f66\u8be6\u60c5\u9875_13-768x1908.webp 768w, https:\/\/ac-truck.com\/wp-content\/uploads\/2025\/12\/\u6d12\u6c34\u8f66\u8be6\u60c5\u9875_13-618x1536.webp 618w, https:\/\/ac-truck.com\/wp-content\/uploads\/2025\/12\/\u6d12\u6c34\u8f66\u8be6\u60c5\u9875_13-5x12.webp 5w, https:\/\/ac-truck.com\/wp-content\/uploads\/2025\/12\/\u6d12\u6c34\u8f66\u8be6\u60c5\u9875_13-600x1491.webp 600w, https:\/\/ac-truck.com\/wp-content\/uploads\/2025\/12\/\u6d12\u6c34\u8f66\u8be6\u60c5\u9875_13-150x373.webp 150w\" alt=\"\" width=\"1234\" height=\"3066\" \/><img loading=\"lazy\" decoding=\"async\" class=\"aligncenter wp-image-6580\" src=\"https:\/\/ac-truck.com\/wp-content\/uploads\/2025\/12\/%E6%B4%92%E6%B0%B4%E8%BD%A6%E8%AF%A6%E6%83%85%E9%A1%B5_14.webp\" sizes=\"(max-width: 1234px) 100vw, 1234px\" srcset=\"https:\/\/ac-truck.com\/wp-content\/uploads\/2025\/12\/\u6d12\u6c34\u8f66\u8be6\u60c5\u9875_14.webp 790w, https:\/\/ac-truck.com\/wp-content\/uploads\/2025\/12\/\u6d12\u6c34\u8f66\u8be6\u60c5\u9875_14-120x300.webp 120w, https:\/\/ac-truck.com\/wp-content\/uploads\/2025\/12\/\u6d12\u6c34\u8f66\u8be6\u60c5\u9875_14-409x1024.webp 409w, https:\/\/ac-truck.com\/wp-content\/uploads\/2025\/12\/\u6d12\u6c34\u8f66\u8be6\u60c5\u9875_14-768x1921.webp 768w, https:\/\/ac-truck.com\/wp-content\/uploads\/2025\/12\/\u6d12\u6c34\u8f66\u8be6\u60c5\u9875_14-614x1536.webp 614w, https:\/\/ac-truck.com\/wp-content\/uploads\/2025\/12\/\u6d12\u6c34\u8f66\u8be6\u60c5\u9875_14-5x12.webp 5w, https:\/\/ac-truck.com\/wp-content\/uploads\/2025\/12\/\u6d12\u6c34\u8f66\u8be6\u60c5\u9875_14-600x1501.webp 600w, https:\/\/ac-truck.com\/wp-content\/uploads\/2025\/12\/\u6d12\u6c34\u8f66\u8be6\u60c5\u9875_14-150x375.webp 150w\" alt=\"\" width=\"1234\" height=\"3087\" \/><\/p>\n<p><strong>1. Prepara\u00e7\u00e3o dos materiais do tanque<\/strong><br \/>\n<strong>2. Os materiais do tanque entram no equipamento<\/strong><br \/>\n<strong>3. Rolamento do tanque conclu\u00eddo<\/strong><br \/>\n<strong>4. Tratamento de tamponamento do tanque<\/strong><br \/>\n<strong>5.\u00ba Tratamento anticorrosivo do tanque com tinta.<\/strong><br \/>\n<strong>6. Montagem do chassis e da tubagem<\/strong><br \/>\n<strong>7. Montagem do dep\u00f3sito e do chassis<\/strong><br \/>\n<strong>8. Montagem do ve\u00edculo conclu\u00edda<\/strong><\/p>\n<h1 style=\"text-align: center;\">CEN\u00c1RIOS DE APLICA\u00c7\u00c3O<\/h1>\n<p><img loading=\"lazy\" decoding=\"async\" class=\"aligncenter wp-image-6581\" src=\"https:\/\/ac-truck.com\/wp-content\/uploads\/2025\/12\/%E6%B4%92%E6%B0%B4%E8%BD%A6%E8%AF%A6%E6%83%85%E9%A1%B5_16.webp\" sizes=\"(max-width: 1234px) 100vw, 1234px\" srcset=\"https:\/\/ac-truck.com\/wp-content\/uploads\/2025\/12\/\u6d12\u6c34\u8f66\u8be6\u60c5\u9875_16.webp 790w, https:\/\/ac-truck.com\/wp-content\/uploads\/2025\/12\/\u6d12\u6c34\u8f66\u8be6\u60c5\u9875_16-156x300.webp 156w, https:\/\/ac-truck.com\/wp-content\/uploads\/2025\/12\/\u6d12\u6c34\u8f66\u8be6\u60c5\u9875_16-534x1024.webp 534w, https:\/\/ac-truck.com\/wp-content\/uploads\/2025\/12\/\u6d12\u6c34\u8f66\u8be6\u60c5\u9875_16-768x1474.webp 768w, https:\/\/ac-truck.com\/wp-content\/uploads\/2025\/12\/\u6d12\u6c34\u8f66\u8be6\u60c5\u9875_16-6x12.webp 6w, https:\/\/ac-truck.com\/wp-content\/uploads\/2025\/12\/\u6d12\u6c34\u8f66\u8be6\u60c5\u9875_16-600x1151.webp 600w, https:\/\/ac-truck.com\/wp-content\/uploads\/2025\/12\/\u6d12\u6c34\u8f66\u8be6\u60c5\u9875_16-150x288.webp 150w\" alt=\"\" width=\"1234\" height=\"2368\" \/><\/p>\n<h1 style=\"text-align: center;\">EMBALAMENTO E TRANSPORTE<\/h1>\n<p><img loading=\"lazy\" decoding=\"async\" class=\"aligncenter wp-image-6582\" src=\"https:\/\/ac-truck.com\/wp-content\/uploads\/2025\/12\/%E6%B4%92%E6%B0%B4%E8%BD%A6%E8%AF%A6%E6%83%85%E9%A1%B5_18.webp\" sizes=\"(max-width: 1234px) 100vw, 1234px\" srcset=\"https:\/\/ac-truck.com\/wp-content\/uploads\/2025\/12\/\u6d12\u6c34\u8f66\u8be6\u60c5\u9875_18.webp 790w, https:\/\/ac-truck.com\/wp-content\/uploads\/2025\/12\/\u6d12\u6c34\u8f66\u8be6\u60c5\u9875_18-142x300.webp 142w, https:\/\/ac-truck.com\/wp-content\/uploads\/2025\/12\/\u6d12\u6c34\u8f66\u8be6\u60c5\u9875_18-484x1024.webp 484w, https:\/\/ac-truck.com\/wp-content\/uploads\/2025\/12\/\u6d12\u6c34\u8f66\u8be6\u60c5\u9875_18-768x1625.webp 768w, https:\/\/ac-truck.com\/wp-content\/uploads\/2025\/12\/\u6d12\u6c34\u8f66\u8be6\u60c5\u9875_18-726x1536.webp 726w, https:\/\/ac-truck.com\/wp-content\/uploads\/2025\/12\/\u6d12\u6c34\u8f66\u8be6\u60c5\u9875_18-6x12.webp 6w, https:\/\/ac-truck.com\/wp-content\/uploads\/2025\/12\/\u6d12\u6c34\u8f66\u8be6\u60c5\u9875_18-600x1270.webp 600w, https:\/\/ac-truck.com\/wp-content\/uploads\/2025\/12\/\u6d12\u6c34\u8f66\u8be6\u60c5\u9875_18-150x317.webp 150w\" alt=\"\" width=\"1234\" height=\"2612\" \/><\/p>","protected":false},"excerpt":{"rendered":"<p>PRODUCT PARAMETERS 15000 Liters Water Truck SHACMAN project Descriptions Specifications Basic *Overall dimensions(mm) 7880\u00d72500\u00d73280 curb weight(Kg) 6780 Loading capacity(Kg) 11090<\/p>","protected":false},"featured_media":6664,"template":"","meta":[],"product_brand":[247],"product_cat":[191],"product_tag":[214,216,219,252],"class_list":{"0":"post-6661","1":"product","2":"type-product","3":"status-publish","4":"has-post-thumbnail","6":"product_brand-shacman","7":"product_cat-water-trucks","8":"product_tag-water-truck","9":"product_tag-water-tanker-truck","10":"product_tag-sprinkler-truck","11":"product_tag-15000l","13":"first","14":"instock","15":"shipping-taxable","16":"product-type-simple"},"_links":{"self":[{"href":"https:\/\/ac-truck.com\/pt\/wp-json\/wp\/v2\/product\/6661","targetHints":{"allow":["GET"]}}],"collection":[{"href":"https:\/\/ac-truck.com\/pt\/wp-json\/wp\/v2\/product"}],"about":[{"href":"https:\/\/ac-truck.com\/pt\/wp-json\/wp\/v2\/types\/product"}],"version-history":[{"count":1,"href":"https:\/\/ac-truck.com\/pt\/wp-json\/wp\/v2\/product\/6661\/revisions"}],"predecessor-version":[{"id":6670,"href":"https:\/\/ac-truck.com\/pt\/wp-json\/wp\/v2\/product\/6661\/revisions\/6670"}],"wp:featuredmedia":[{"embeddable":true,"href":"https:\/\/ac-truck.com\/pt\/wp-json\/wp\/v2\/media\/6664"}],"wp:attachment":[{"href":"https:\/\/ac-truck.com\/pt\/wp-json\/wp\/v2\/media?parent=6661"}],"wp:term":[{"taxonomy":"product_brand","embeddable":true,"href":"https:\/\/ac-truck.com\/pt\/wp-json\/wp\/v2\/product_brand?post=6661"},{"taxonomy":"product_cat","embeddable":true,"href":"https:\/\/ac-truck.com\/pt\/wp-json\/wp\/v2\/product_cat?post=6661"},{"taxonomy":"product_tag","embeddable":true,"href":"https:\/\/ac-truck.com\/pt\/wp-json\/wp\/v2\/product_tag?post=6661"}],"curies":[{"name":"wp","href":"https:\/\/api.w.org\/{rel}","templated":true}]}}