{"id":6692,"date":"2025-12-22T11:45:11","date_gmt":"2025-12-22T03:45:11","guid":{"rendered":"https:\/\/ac-truck.com\/?post_type=product&#038;p=6692"},"modified":"2025-12-22T17:11:03","modified_gmt":"2025-12-22T09:11:03","slug":"16m%c2%b3-street-sweeper-truck-foton","status":"publish","type":"product","link":"https:\/\/ac-truck.com\/pt\/16m%C2%B3-street-sweeper-truck-foton.html","title":{"rendered":"Cami\u00e3o varredor de ruas Foton de 16m\u00b3"},"content":{"rendered":"<p><img fetchpriority=\"high\" decoding=\"async\" class=\"aligncenter wp-image-6693\" src=\"https:\/\/ac-truck.com\/wp-content\/uploads\/2025\/12\/\u6d17\u626b\u8f66\u8be6\u60c5\u9875_01.webp\" alt=\"\" width=\"1234\" height=\"1621\" srcset=\"https:\/\/ac-truck.com\/wp-content\/uploads\/2025\/12\/\u6d17\u626b\u8f66\u8be6\u60c5\u9875_01.webp 790w, https:\/\/ac-truck.com\/wp-content\/uploads\/2025\/12\/\u6d17\u626b\u8f66\u8be6\u60c5\u9875_01-228x300.webp 228w, https:\/\/ac-truck.com\/wp-content\/uploads\/2025\/12\/\u6d17\u626b\u8f66\u8be6\u60c5\u9875_01-779x1024.webp 779w, https:\/\/ac-truck.com\/wp-content\/uploads\/2025\/12\/\u6d17\u626b\u8f66\u8be6\u60c5\u9875_01-768x1009.webp 768w, https:\/\/ac-truck.com\/wp-content\/uploads\/2025\/12\/\u6d17\u626b\u8f66\u8be6\u60c5\u9875_01-9x12.webp 9w, https:\/\/ac-truck.com\/wp-content\/uploads\/2025\/12\/\u6d17\u626b\u8f66\u8be6\u60c5\u9875_01-600x788.webp 600w, https:\/\/ac-truck.com\/wp-content\/uploads\/2025\/12\/\u6d17\u626b\u8f66\u8be6\u60c5\u9875_01-150x197.webp 150w\" sizes=\"(max-width: 1234px) 100vw, 1234px\" \/><\/p>\n<h1 style=\"text-align: center;\">PAR\u00c2METROS DO PRODUTO<\/h1>\n<p><img decoding=\"async\" class=\"aligncenter wp-image-6694\" src=\"https:\/\/ac-truck.com\/wp-content\/uploads\/2025\/12\/\u6d17\u626b\u8f66\u8be6\u60c5\u9875_03.webp\" alt=\"\" width=\"1234\" height=\"475\" srcset=\"https:\/\/ac-truck.com\/wp-content\/uploads\/2025\/12\/\u6d17\u626b\u8f66\u8be6\u60c5\u9875_03.webp 790w, https:\/\/ac-truck.com\/wp-content\/uploads\/2025\/12\/\u6d17\u626b\u8f66\u8be6\u60c5\u9875_03-300x115.webp 300w, https:\/\/ac-truck.com\/wp-content\/uploads\/2025\/12\/\u6d17\u626b\u8f66\u8be6\u60c5\u9875_03-768x296.webp 768w, https:\/\/ac-truck.com\/wp-content\/uploads\/2025\/12\/\u6d17\u626b\u8f66\u8be6\u60c5\u9875_03-18x7.webp 18w, https:\/\/ac-truck.com\/wp-content\/uploads\/2025\/12\/\u6d17\u626b\u8f66\u8be6\u60c5\u9875_03-600x231.webp 600w, https:\/\/ac-truck.com\/wp-content\/uploads\/2025\/12\/\u6d17\u626b\u8f66\u8be6\u60c5\u9875_03-150x58.webp 150w\" sizes=\"(max-width: 1234px) 100vw, 1234px\" \/><\/p>\n<h2 style=\"text-align: center;\">16m\u00b3 Street Sweeper Truck HOWO<\/h2>\n<p>&nbsp;<\/p>\n<table>\n<tbody>\n<tr>\n<td width=\"86\"><strong>projeto<\/strong><\/td>\n<td width=\"315\"><strong>Descri\u00e7\u00f5es<\/strong><\/td>\n<td width=\"285\"><strong>Especifica\u00e7\u00f5es<\/strong><\/td>\n<\/tr>\n<tr>\n<td rowspan=\"8\" width=\"86\"><strong>General<\/strong><\/td>\n<td width=\"315\"><strong>Dimens\u00f5es totais (mm)<\/strong><\/td>\n<td width=\"285\"><strong>8660\u00d72500\u00d73180<\/strong><\/td>\n<\/tr>\n<tr>\n<td width=\"315\"><strong>peso bruto (kg)<\/strong><\/td>\n<td width=\"285\"><strong>11600<\/strong><\/td>\n<\/tr>\n<tr>\n<td width=\"315\"><strong>Capacidade de carga (Kg)<\/strong><\/td>\n<td width=\"285\"><strong>6270<\/strong><\/td>\n<\/tr>\n<tr>\n<td width=\"315\"><strong>Massa total (Kg)<\/strong><\/td>\n<td width=\"285\"><strong>18000<\/strong><\/td>\n<\/tr>\n<tr>\n<td width=\"315\"><strong>Capacidade m\u00e1xima de varredura (m\u00b2\/h)<\/strong><\/td>\n<td width=\"285\"><strong>56000<\/strong><\/td>\n<\/tr>\n<tr>\n<td width=\"315\"><strong>Volume do tanque de lixo (m\u00b3)<\/strong><\/td>\n<td width=\"285\"><strong>7<\/strong><\/td>\n<\/tr>\n<tr>\n<td width=\"315\"><strong>Volume do dep\u00f3sito de \u00e1gua (m\u00b3)<\/strong><\/td>\n<td width=\"285\"><strong>9<\/strong><\/td>\n<\/tr>\n<tr>\n<td width=\"315\"><strong>Material do tanque<\/strong><\/td>\n<td width=\"285\"><strong>A\u00e7o inoxid\u00e1vel<\/strong><\/td>\n<\/tr>\n<tr>\n<td rowspan=\"6\" width=\"86\"><strong>Chassis<\/strong><\/p>\n<p>&nbsp;<\/td>\n<td width=\"315\"><strong>Marca do chassi<\/strong><\/td>\n<td width=\"285\"><strong>F\u00d3TON<\/strong><\/td>\n<\/tr>\n<tr>\n<td width=\"315\"><strong>Formul\u00e1rio de unidade<\/strong><\/td>\n<td width=\"285\"><strong>4*2<\/strong><\/td>\n<\/tr>\n<tr>\n<td width=\"315\"><strong>Volante<\/strong><\/td>\n<td width=\"285\"><strong>Dire\u00e7\u00e3o \u00e0 esquerda<\/strong><\/td>\n<\/tr>\n<tr>\n<td width=\"315\"><strong>Marca e modelo do motor<\/strong><\/td>\n<td width=\"285\"><strong>Yuchai Power\/YCS04200-68<\/strong><\/td>\n<\/tr>\n<tr>\n<td width=\"315\"><strong>Pot\u00eancia m\u00e1xima do motor (kW)<\/strong><\/td>\n<td width=\"285\"><strong>147<\/strong><\/td>\n<\/tr>\n<tr>\n<td width=\"315\"><strong>Caixa de engrenagens<\/strong><\/td>\n<td width=\"285\"><strong>8 speed forward 2 reverse<\/strong><\/td>\n<\/tr>\n<\/tbody>\n<\/table>\n<h1 style=\"text-align: center;\">VANTAGENS DO VE\u00cdCULO<\/h1>\n<h4 style=\"text-align: center;\">SELE\u00c7\u00c3O DO VOLUME DA CAIXA<\/h4>\n<p><img decoding=\"async\" class=\"aligncenter wp-image-6695\" src=\"https:\/\/ac-truck.com\/wp-content\/uploads\/2025\/12\/\u6d17\u626b\u8f66\u8be6\u60c5\u9875_05.webp\" alt=\"\" width=\"1234\" height=\"1493\" srcset=\"https:\/\/ac-truck.com\/wp-content\/uploads\/2025\/12\/\u6d17\u626b\u8f66\u8be6\u60c5\u9875_05.webp 790w, https:\/\/ac-truck.com\/wp-content\/uploads\/2025\/12\/\u6d17\u626b\u8f66\u8be6\u60c5\u9875_05-248x300.webp 248w, https:\/\/ac-truck.com\/wp-content\/uploads\/2025\/12\/\u6d17\u626b\u8f66\u8be6\u60c5\u9875_05-768x929.webp 768w, https:\/\/ac-truck.com\/wp-content\/uploads\/2025\/12\/\u6d17\u626b\u8f66\u8be6\u60c5\u9875_05-10x12.webp 10w, https:\/\/ac-truck.com\/wp-content\/uploads\/2025\/12\/\u6d17\u626b\u8f66\u8be6\u60c5\u9875_05-600x726.webp 600w, https:\/\/ac-truck.com\/wp-content\/uploads\/2025\/12\/\u6d17\u626b\u8f66\u8be6\u60c5\u9875_05-150x182.webp 150w\" sizes=\"(max-width: 1234px) 100vw, 1234px\" \/><\/p>\n<h1 style=\"text-align: center;\">SELE\u00c7\u00c3O RIGOROSA DE MATERIAIS<\/h1>\n<p><img loading=\"lazy\" decoding=\"async\" class=\"aligncenter wp-image-6696\" src=\"https:\/\/ac-truck.com\/wp-content\/uploads\/2025\/12\/\u6d17\u626b\u8f66\u8be6\u60c5\u9875_07.webp\" alt=\"\" width=\"1234\" height=\"2624\" srcset=\"https:\/\/ac-truck.com\/wp-content\/uploads\/2025\/12\/\u6d17\u626b\u8f66\u8be6\u60c5\u9875_07.webp 790w, https:\/\/ac-truck.com\/wp-content\/uploads\/2025\/12\/\u6d17\u626b\u8f66\u8be6\u60c5\u9875_07-141x300.webp 141w, https:\/\/ac-truck.com\/wp-content\/uploads\/2025\/12\/\u6d17\u626b\u8f66\u8be6\u60c5\u9875_07-482x1024.webp 482w, https:\/\/ac-truck.com\/wp-content\/uploads\/2025\/12\/\u6d17\u626b\u8f66\u8be6\u60c5\u9875_07-768x1633.webp 768w, https:\/\/ac-truck.com\/wp-content\/uploads\/2025\/12\/\u6d17\u626b\u8f66\u8be6\u60c5\u9875_07-722x1536.webp 722w, https:\/\/ac-truck.com\/wp-content\/uploads\/2025\/12\/\u6d17\u626b\u8f66\u8be6\u60c5\u9875_07-6x12.webp 6w, https:\/\/ac-truck.com\/wp-content\/uploads\/2025\/12\/\u6d17\u626b\u8f66\u8be6\u60c5\u9875_07-600x1276.webp 600w, https:\/\/ac-truck.com\/wp-content\/uploads\/2025\/12\/\u6d17\u626b\u8f66\u8be6\u60c5\u9875_07-150x319.webp 150w\" sizes=\"(max-width: 1234px) 100vw, 1234px\" \/><\/p>\n<p><strong>Estrutura retangular ondulada em a\u00e7o inoxid\u00e1vel. Componentes el\u00e9tricos.<\/strong><br \/>\n<strong>Motor auxiliar<\/strong><br \/>\n<strong>Bomba de \u00e1gua de alta press\u00e3o Componentes hidr\u00e1ulicos<\/strong><br \/>\n<strong>Ventilador especial de alta efici\u00eancia<\/strong><\/p>\n<h1 style=\"text-align: center;\">DESIGN PROFISSIONAL<\/h1>\n<p><img loading=\"lazy\" decoding=\"async\" class=\"aligncenter wp-image-6697\" src=\"https:\/\/ac-truck.com\/wp-content\/uploads\/2025\/12\/\u6d17\u626b\u8f66\u8be6\u60c5\u9875_09.webp\" alt=\"\" width=\"1234\" height=\"1062\" srcset=\"https:\/\/ac-truck.com\/wp-content\/uploads\/2025\/12\/\u6d17\u626b\u8f66\u8be6\u60c5\u9875_09.webp 790w, https:\/\/ac-truck.com\/wp-content\/uploads\/2025\/12\/\u6d17\u626b\u8f66\u8be6\u60c5\u9875_09-300x258.webp 300w, https:\/\/ac-truck.com\/wp-content\/uploads\/2025\/12\/\u6d17\u626b\u8f66\u8be6\u60c5\u9875_09-768x661.webp 768w, https:\/\/ac-truck.com\/wp-content\/uploads\/2025\/12\/\u6d17\u626b\u8f66\u8be6\u60c5\u9875_09-14x12.webp 14w, https:\/\/ac-truck.com\/wp-content\/uploads\/2025\/12\/\u6d17\u626b\u8f66\u8be6\u60c5\u9875_09-600x516.webp 600w, https:\/\/ac-truck.com\/wp-content\/uploads\/2025\/12\/\u6d17\u626b\u8f66\u8be6\u60c5\u9875_09-150x129.webp 150w\" sizes=\"(max-width: 1234px) 100vw, 1234px\" \/><\/p>\n<p><strong>1. Dual &#8211; tank split design: The clean water tank and the garbage bin arearranged separately.<\/strong><br \/>\n<strong>2.\u00ba Dispositivo de descarga de esgoto: Durante o funcionamento, o esgoto pode ser descarregado atrav\u00e9s do dispositivo de descarga de esgoto.<\/strong><br \/>\n<strong>3. Dual -cylinder configuration: The garbage bin uses a dual &#8211; cylinder self.unloading system for discharging.<\/strong><br \/>\n<strong>4. High &#8211; pressure water spraying device: Meanwhile, a high &#8211; flow high -pressure water spraying system is installed in the bin, which can quicklywash away the garbage.<\/strong><\/p>\n<h1 style=\"text-align: center;\">UM VE\u00cdCULO COM M\u00daLTIPLAS FUN\u00c7\u00d5ES<\/h1>\n<p><img loading=\"lazy\" decoding=\"async\" class=\"aligncenter wp-image-6698\" src=\"https:\/\/ac-truck.com\/wp-content\/uploads\/2025\/12\/\u6d17\u626b\u8f66\u8be6\u60c5\u9875_11.webp\" alt=\"\" width=\"1234\" height=\"1656\" srcset=\"https:\/\/ac-truck.com\/wp-content\/uploads\/2025\/12\/\u6d17\u626b\u8f66\u8be6\u60c5\u9875_11.webp 790w, https:\/\/ac-truck.com\/wp-content\/uploads\/2025\/12\/\u6d17\u626b\u8f66\u8be6\u60c5\u9875_11-224x300.webp 224w, https:\/\/ac-truck.com\/wp-content\/uploads\/2025\/12\/\u6d17\u626b\u8f66\u8be6\u60c5\u9875_11-763x1024.webp 763w, https:\/\/ac-truck.com\/wp-content\/uploads\/2025\/12\/\u6d17\u626b\u8f66\u8be6\u60c5\u9875_11-768x1030.webp 768w, https:\/\/ac-truck.com\/wp-content\/uploads\/2025\/12\/\u6d17\u626b\u8f66\u8be6\u60c5\u9875_11-9x12.webp 9w, https:\/\/ac-truck.com\/wp-content\/uploads\/2025\/12\/\u6d17\u626b\u8f66\u8be6\u60c5\u9875_11-600x805.webp 600w, https:\/\/ac-truck.com\/wp-content\/uploads\/2025\/12\/\u6d17\u626b\u8f66\u8be6\u60c5\u9875_11-150x201.webp 150w\" sizes=\"(max-width: 1234px) 100vw, 1234px\" \/><\/p>\n<p><strong>varrimento de ruas<\/strong><br \/>\n<strong>descarga frontal<\/strong><br \/>\n<strong>pulveriza\u00e7\u00e3o lateral<\/strong><br \/>\n<strong>pulveriza\u00e7\u00e3o frontal<\/strong><br \/>\n<strong>pulveriza\u00e7\u00e3o traseira<\/strong><\/p>\n<p><img loading=\"lazy\" decoding=\"async\" class=\"aligncenter wp-image-6699\" src=\"https:\/\/ac-truck.com\/wp-content\/uploads\/2025\/12\/\u6d17\u626b\u8f66\u8be6\u60c5\u9875_13.webp\" alt=\"\" width=\"1234\" height=\"806\" srcset=\"https:\/\/ac-truck.com\/wp-content\/uploads\/2025\/12\/\u6d17\u626b\u8f66\u8be6\u60c5\u9875_13.webp 790w, https:\/\/ac-truck.com\/wp-content\/uploads\/2025\/12\/\u6d17\u626b\u8f66\u8be6\u60c5\u9875_13-300x196.webp 300w, https:\/\/ac-truck.com\/wp-content\/uploads\/2025\/12\/\u6d17\u626b\u8f66\u8be6\u60c5\u9875_13-768x502.webp 768w, https:\/\/ac-truck.com\/wp-content\/uploads\/2025\/12\/\u6d17\u626b\u8f66\u8be6\u60c5\u9875_13-18x12.webp 18w, https:\/\/ac-truck.com\/wp-content\/uploads\/2025\/12\/\u6d17\u626b\u8f66\u8be6\u60c5\u9875_13-600x392.webp 600w, https:\/\/ac-truck.com\/wp-content\/uploads\/2025\/12\/\u6d17\u626b\u8f66\u8be6\u60c5\u9875_13-150x98.webp 150w\" sizes=\"(max-width: 1234px) 100vw, 1234px\" \/><\/p>\n<p><strong>It is equipped with a high &#8211; pressure water gun, which can clean the deadcorners of road hygiene, &#8220;psoriasis&#8221; (illegal small advertisements) and thevehicle itself.<\/strong><\/p>\n<p><img loading=\"lazy\" decoding=\"async\" class=\"aligncenter wp-image-6700\" src=\"https:\/\/ac-truck.com\/wp-content\/uploads\/2025\/12\/\u6d17\u626b\u8f66\u8be6\u60c5\u9875_15.webp\" alt=\"\" width=\"1234\" height=\"803\" srcset=\"https:\/\/ac-truck.com\/wp-content\/uploads\/2025\/12\/\u6d17\u626b\u8f66\u8be6\u60c5\u9875_15.webp 790w, https:\/\/ac-truck.com\/wp-content\/uploads\/2025\/12\/\u6d17\u626b\u8f66\u8be6\u60c5\u9875_15-300x195.webp 300w, https:\/\/ac-truck.com\/wp-content\/uploads\/2025\/12\/\u6d17\u626b\u8f66\u8be6\u60c5\u9875_15-768x500.webp 768w, https:\/\/ac-truck.com\/wp-content\/uploads\/2025\/12\/\u6d17\u626b\u8f66\u8be6\u60c5\u9875_15-18x12.webp 18w, https:\/\/ac-truck.com\/wp-content\/uploads\/2025\/12\/\u6d17\u626b\u8f66\u8be6\u60c5\u9875_15-600x390.webp 600w, https:\/\/ac-truck.com\/wp-content\/uploads\/2025\/12\/\u6d17\u626b\u8f66\u8be6\u60c5\u9875_15-150x98.webp 150w\" sizes=\"(max-width: 1234px) 100vw, 1234px\" \/><\/p>\n<p><strong>The operation structure is arranged with &#8220;two centrally- positionedsweeping discs + a centrally-positioned wide suction nozzle + an internal-ly-installed high -pressure main spray bar + left and right high &#8211; pressureside spray bars&#8221;<\/strong><\/p>\n<h1 style=\"text-align: center;\">SEGURO, INTELIGENTE E F\u00c1CIL DE OPERAR<\/h1>\n<p><img loading=\"lazy\" decoding=\"async\" class=\"aligncenter wp-image-6701\" src=\"https:\/\/ac-truck.com\/wp-content\/uploads\/2025\/12\/\u6d17\u626b\u8f66\u8be6\u60c5\u9875_17.webp\" alt=\"\" width=\"1234\" height=\"915\" srcset=\"https:\/\/ac-truck.com\/wp-content\/uploads\/2025\/12\/\u6d17\u626b\u8f66\u8be6\u60c5\u9875_17.webp 790w, https:\/\/ac-truck.com\/wp-content\/uploads\/2025\/12\/\u6d17\u626b\u8f66\u8be6\u60c5\u9875_17-300x223.webp 300w, https:\/\/ac-truck.com\/wp-content\/uploads\/2025\/12\/\u6d17\u626b\u8f66\u8be6\u60c5\u9875_17-768x570.webp 768w, https:\/\/ac-truck.com\/wp-content\/uploads\/2025\/12\/\u6d17\u626b\u8f66\u8be6\u60c5\u9875_17-16x12.webp 16w, https:\/\/ac-truck.com\/wp-content\/uploads\/2025\/12\/\u6d17\u626b\u8f66\u8be6\u60c5\u9875_17-600x445.webp 600w, https:\/\/ac-truck.com\/wp-content\/uploads\/2025\/12\/\u6d17\u626b\u8f66\u8be6\u60c5\u9875_17-150x111.webp 150w\" sizes=\"(max-width: 1234px) 100vw, 1234px\" \/><\/p>\n<p><strong>1. Barramento CAN de ecr\u00e3 inteligente<\/strong><br \/>\n<strong>2. Indica\u00e7\u00e3o inteligente do estado do reservat\u00f3rio de \u00e1gua<\/strong><br \/>\n<strong>3. Sensor de falta de \u00e1gua<\/strong><br \/>\n<strong>4. Sistema de monitoriza\u00e7\u00e3o de vis\u00e3o traseira<\/strong><\/p>\n<h1 style=\"text-align: center;\">PROCESSO DE PRODU\u00c7\u00c3O<\/h1>\n<p><img loading=\"lazy\" decoding=\"async\" class=\"aligncenter wp-image-6702\" src=\"https:\/\/ac-truck.com\/wp-content\/uploads\/2025\/12\/\u6d17\u626b\u8f66\u8be6\u60c5\u9875_19.webp\" alt=\"\" width=\"1234\" height=\"2249\" srcset=\"https:\/\/ac-truck.com\/wp-content\/uploads\/2025\/12\/\u6d17\u626b\u8f66\u8be6\u60c5\u9875_19.webp 790w, https:\/\/ac-truck.com\/wp-content\/uploads\/2025\/12\/\u6d17\u626b\u8f66\u8be6\u60c5\u9875_19-165x300.webp 165w, https:\/\/ac-truck.com\/wp-content\/uploads\/2025\/12\/\u6d17\u626b\u8f66\u8be6\u60c5\u9875_19-562x1024.webp 562w, https:\/\/ac-truck.com\/wp-content\/uploads\/2025\/12\/\u6d17\u626b\u8f66\u8be6\u60c5\u9875_19-768x1400.webp 768w, https:\/\/ac-truck.com\/wp-content\/uploads\/2025\/12\/\u6d17\u626b\u8f66\u8be6\u60c5\u9875_19-7x12.webp 7w, https:\/\/ac-truck.com\/wp-content\/uploads\/2025\/12\/\u6d17\u626b\u8f66\u8be6\u60c5\u9875_19-600x1094.webp 600w, https:\/\/ac-truck.com\/wp-content\/uploads\/2025\/12\/\u6d17\u626b\u8f66\u8be6\u60c5\u9875_19-150x273.webp 150w\" sizes=\"(max-width: 1234px) 100vw, 1234px\" \/> <img loading=\"lazy\" decoding=\"async\" class=\"aligncenter wp-image-6703\" src=\"https:\/\/ac-truck.com\/wp-content\/uploads\/2025\/12\/\u6d17\u626b\u8f66\u8be6\u60c5\u9875_20.webp\" alt=\"\" width=\"1234\" height=\"3038\" srcset=\"https:\/\/ac-truck.com\/wp-content\/uploads\/2025\/12\/\u6d17\u626b\u8f66\u8be6\u60c5\u9875_20.webp 790w, https:\/\/ac-truck.com\/wp-content\/uploads\/2025\/12\/\u6d17\u626b\u8f66\u8be6\u60c5\u9875_20-122x300.webp 122w, https:\/\/ac-truck.com\/wp-content\/uploads\/2025\/12\/\u6d17\u626b\u8f66\u8be6\u60c5\u9875_20-416x1024.webp 416w, https:\/\/ac-truck.com\/wp-content\/uploads\/2025\/12\/\u6d17\u626b\u8f66\u8be6\u60c5\u9875_20-768x1891.webp 768w, https:\/\/ac-truck.com\/wp-content\/uploads\/2025\/12\/\u6d17\u626b\u8f66\u8be6\u60c5\u9875_20-624x1536.webp 624w, https:\/\/ac-truck.com\/wp-content\/uploads\/2025\/12\/\u6d17\u626b\u8f66\u8be6\u60c5\u9875_20-5x12.webp 5w, https:\/\/ac-truck.com\/wp-content\/uploads\/2025\/12\/\u6d17\u626b\u8f66\u8be6\u60c5\u9875_20-600x1477.webp 600w, https:\/\/ac-truck.com\/wp-content\/uploads\/2025\/12\/\u6d17\u626b\u8f66\u8be6\u60c5\u9875_20-150x369.webp 150w\" sizes=\"(max-width: 1234px) 100vw, 1234px\" \/><\/p>\n<p><strong>1. Desenho do produto<\/strong><br \/>\n<strong>2. Prepara\u00e7\u00e3o do material<\/strong><br \/>\n<strong>3. Fabrica\u00e7\u00e3o de carro\u00e7arias de caixas<\/strong><br \/>\n<strong>4. Instala\u00e7\u00e3o dos componentes<\/strong><br \/>\n<strong>5. Montagem do ve\u00edculo<\/strong><br \/>\n<strong>6. Teste de cami\u00f5es 7. Inspe\u00e7\u00e3o de produtos<\/strong><\/p>\n<h1 style=\"text-align: center;\">CEN\u00c1RIOS DE APLICA\u00c7\u00c3O<\/h1>\n<p><img loading=\"lazy\" decoding=\"async\" class=\"aligncenter wp-image-6704\" src=\"https:\/\/ac-truck.com\/wp-content\/uploads\/2025\/12\/\u6d17\u626b\u8f66\u8be6\u60c5\u9875_22.webp\" alt=\"\" width=\"1234\" height=\"2366\" srcset=\"https:\/\/ac-truck.com\/wp-content\/uploads\/2025\/12\/\u6d17\u626b\u8f66\u8be6\u60c5\u9875_22.webp 790w, https:\/\/ac-truck.com\/wp-content\/uploads\/2025\/12\/\u6d17\u626b\u8f66\u8be6\u60c5\u9875_22-156x300.webp 156w, https:\/\/ac-truck.com\/wp-content\/uploads\/2025\/12\/\u6d17\u626b\u8f66\u8be6\u60c5\u9875_22-534x1024.webp 534w, https:\/\/ac-truck.com\/wp-content\/uploads\/2025\/12\/\u6d17\u626b\u8f66\u8be6\u60c5\u9875_22-768x1473.webp 768w, https:\/\/ac-truck.com\/wp-content\/uploads\/2025\/12\/\u6d17\u626b\u8f66\u8be6\u60c5\u9875_22-6x12.webp 6w, https:\/\/ac-truck.com\/wp-content\/uploads\/2025\/12\/\u6d17\u626b\u8f66\u8be6\u60c5\u9875_22-600x1151.webp 600w, https:\/\/ac-truck.com\/wp-content\/uploads\/2025\/12\/\u6d17\u626b\u8f66\u8be6\u60c5\u9875_22-150x288.webp 150w\" sizes=\"(max-width: 1234px) 100vw, 1234px\" \/><\/p>\n<h1 style=\"text-align: center;\">EMBALAMENTO E TRANSPORTE<\/h1>\n<p><img loading=\"lazy\" decoding=\"async\" class=\"aligncenter wp-image-6705\" src=\"https:\/\/ac-truck.com\/wp-content\/uploads\/2025\/12\/\u6d17\u626b\u8f66\u8be6\u60c5\u9875_24.webp\" alt=\"\" width=\"1234\" height=\"2609\" srcset=\"https:\/\/ac-truck.com\/wp-content\/uploads\/2025\/12\/\u6d17\u626b\u8f66\u8be6\u60c5\u9875_24.webp 790w, https:\/\/ac-truck.com\/wp-content\/uploads\/2025\/12\/\u6d17\u626b\u8f66\u8be6\u60c5\u9875_24-142x300.webp 142w, https:\/\/ac-truck.com\/wp-content\/uploads\/2025\/12\/\u6d17\u626b\u8f66\u8be6\u60c5\u9875_24-484x1024.webp 484w, https:\/\/ac-truck.com\/wp-content\/uploads\/2025\/12\/\u6d17\u626b\u8f66\u8be6\u60c5\u9875_24-768x1623.webp 768w, https:\/\/ac-truck.com\/wp-content\/uploads\/2025\/12\/\u6d17\u626b\u8f66\u8be6\u60c5\u9875_24-727x1536.webp 727w, https:\/\/ac-truck.com\/wp-content\/uploads\/2025\/12\/\u6d17\u626b\u8f66\u8be6\u60c5\u9875_24-6x12.webp 6w, https:\/\/ac-truck.com\/wp-content\/uploads\/2025\/12\/\u6d17\u626b\u8f66\u8be6\u60c5\u9875_24-600x1268.webp 600w, https:\/\/ac-truck.com\/wp-content\/uploads\/2025\/12\/\u6d17\u626b\u8f66\u8be6\u60c5\u9875_24-150x317.webp 150w\" sizes=\"(max-width: 1234px) 100vw, 1234px\" \/><\/p>","protected":false},"excerpt":{"rendered":"<p>PRODUCT PARAMETERS 16m\u00b3 Street Sweeper Truck HOWO &nbsp; project Descriptions Specifications General Overall dimensions(mm) 8660\u00d72500\u00d73180 curb weight(Kg) 11600 Loading capacity(Kg)<\/p>","protected":false},"featured_media":6706,"template":"","meta":[],"product_brand":[217,220],"product_cat":[193],"product_tag":[224,307,341],"class_list":{"0":"post-6692","1":"product","2":"type-product","3":"status-publish","4":"has-post-thumbnail","6":"product_brand-sinotruk","7":"product_brand-howo","8":"product_cat-road-sweeper","9":"product_tag-truck-mounted-sweepers","10":"product_tag-16m","11":"product_tag-street-sweeping-truck","13":"first","14":"instock","15":"shipping-taxable","16":"product-type-simple"},"_links":{"self":[{"href":"https:\/\/ac-truck.com\/pt\/wp-json\/wp\/v2\/product\/6692","targetHints":{"allow":["GET"]}}],"collection":[{"href":"https:\/\/ac-truck.com\/pt\/wp-json\/wp\/v2\/product"}],"about":[{"href":"https:\/\/ac-truck.com\/pt\/wp-json\/wp\/v2\/types\/product"}],"version-history":[{"count":2,"href":"https:\/\/ac-truck.com\/pt\/wp-json\/wp\/v2\/product\/6692\/revisions"}],"predecessor-version":[{"id":6813,"href":"https:\/\/ac-truck.com\/pt\/wp-json\/wp\/v2\/product\/6692\/revisions\/6813"}],"wp:featuredmedia":[{"embeddable":true,"href":"https:\/\/ac-truck.com\/pt\/wp-json\/wp\/v2\/media\/6706"}],"wp:attachment":[{"href":"https:\/\/ac-truck.com\/pt\/wp-json\/wp\/v2\/media?parent=6692"}],"wp:term":[{"taxonomy":"product_brand","embeddable":true,"href":"https:\/\/ac-truck.com\/pt\/wp-json\/wp\/v2\/product_brand?post=6692"},{"taxonomy":"product_cat","embeddable":true,"href":"https:\/\/ac-truck.com\/pt\/wp-json\/wp\/v2\/product_cat?post=6692"},{"taxonomy":"product_tag","embeddable":true,"href":"https:\/\/ac-truck.com\/pt\/wp-json\/wp\/v2\/product_tag?post=6692"}],"curies":[{"name":"wp","href":"https:\/\/api.w.org\/{rel}","templated":true}]}}