{"id":6822,"date":"2025-12-23T13:30:36","date_gmt":"2025-12-23T05:30:36","guid":{"rendered":"https:\/\/ac-truck.com\/?post_type=product&#038;p=6822"},"modified":"2025-12-23T13:30:36","modified_gmt":"2025-12-23T05:30:36","slug":"14500l-milk-tank-truck-isuzu","status":"publish","type":"product","link":"https:\/\/ac-truck.com\/pt\/14500l-milk-tank-truck-isuzu.html","title":{"rendered":"Cami\u00e3o cisterna de leite ISUZU de 14.500 litros"},"content":{"rendered":"<p><img fetchpriority=\"high\" decoding=\"async\" class=\"aligncenter wp-image-6823\" src=\"https:\/\/ac-truck.com\/wp-content\/uploads\/2025\/12\/\u9c9c\u5976\u8fd0\u8f93\u8f66\u8be6\u60c5\u9875_01.webp\" alt=\"\" width=\"1234\" height=\"1601\" srcset=\"https:\/\/ac-truck.com\/wp-content\/uploads\/2025\/12\/\u9c9c\u5976\u8fd0\u8f93\u8f66\u8be6\u60c5\u9875_01.webp 790w, https:\/\/ac-truck.com\/wp-content\/uploads\/2025\/12\/\u9c9c\u5976\u8fd0\u8f93\u8f66\u8be6\u60c5\u9875_01-231x300.webp 231w, https:\/\/ac-truck.com\/wp-content\/uploads\/2025\/12\/\u9c9c\u5976\u8fd0\u8f93\u8f66\u8be6\u60c5\u9875_01-768x996.webp 768w, https:\/\/ac-truck.com\/wp-content\/uploads\/2025\/12\/\u9c9c\u5976\u8fd0\u8f93\u8f66\u8be6\u60c5\u9875_01-9x12.webp 9w, https:\/\/ac-truck.com\/wp-content\/uploads\/2025\/12\/\u9c9c\u5976\u8fd0\u8f93\u8f66\u8be6\u60c5\u9875_01-600x778.webp 600w, https:\/\/ac-truck.com\/wp-content\/uploads\/2025\/12\/\u9c9c\u5976\u8fd0\u8f93\u8f66\u8be6\u60c5\u9875_01-150x195.webp 150w\" sizes=\"(max-width: 1234px) 100vw, 1234px\" \/><\/p>\n<h1 style=\"text-align: center;\">PAR\u00c2METROS DO PRODUTO<\/h1>\n<p><img decoding=\"async\" class=\"aligncenter wp-image-6824\" src=\"https:\/\/ac-truck.com\/wp-content\/uploads\/2025\/12\/\u9c9c\u5976\u8fd0\u8f93\u8f66\u8be6\u60c5\u9875_03.webp\" alt=\"\" width=\"1234\" height=\"484\" srcset=\"https:\/\/ac-truck.com\/wp-content\/uploads\/2025\/12\/\u9c9c\u5976\u8fd0\u8f93\u8f66\u8be6\u60c5\u9875_03.webp 790w, https:\/\/ac-truck.com\/wp-content\/uploads\/2025\/12\/\u9c9c\u5976\u8fd0\u8f93\u8f66\u8be6\u60c5\u9875_03-300x118.webp 300w, https:\/\/ac-truck.com\/wp-content\/uploads\/2025\/12\/\u9c9c\u5976\u8fd0\u8f93\u8f66\u8be6\u60c5\u9875_03-768x301.webp 768w, https:\/\/ac-truck.com\/wp-content\/uploads\/2025\/12\/\u9c9c\u5976\u8fd0\u8f93\u8f66\u8be6\u60c5\u9875_03-18x7.webp 18w, https:\/\/ac-truck.com\/wp-content\/uploads\/2025\/12\/\u9c9c\u5976\u8fd0\u8f93\u8f66\u8be6\u60c5\u9875_03-600x235.webp 600w, https:\/\/ac-truck.com\/wp-content\/uploads\/2025\/12\/\u9c9c\u5976\u8fd0\u8f93\u8f66\u8be6\u60c5\u9875_03-150x59.webp 150w\" sizes=\"(max-width: 1234px) 100vw, 1234px\" \/><\/p>\n<h2 style=\"text-align: center;\">Cami\u00e3o cisterna de leite ISUZU de 14.500 litros<\/h2>\n<p>&nbsp;<\/p>\n<table>\n<tbody>\n<tr>\n<td width=\"86\"><strong>projeto<\/strong><\/td>\n<td width=\"296\"><strong>Descri\u00e7\u00f5es<\/strong><\/td>\n<td width=\"317\"><strong>Especifica\u00e7\u00f5es<\/strong><\/td>\n<\/tr>\n<tr>\n<td rowspan=\"4\" width=\"86\"><strong>General<\/strong><\/td>\n<td width=\"296\"><strong>Dimens\u00f5es totais (mm)<\/strong><\/td>\n<td width=\"317\"><strong>8990*2550*3650<\/strong><\/td>\n<\/tr>\n<tr>\n<td width=\"296\"><strong>peso bruto (kg)<\/strong><\/td>\n<td width=\"317\"><strong>10900<\/strong><\/td>\n<\/tr>\n<tr>\n<td width=\"296\"><strong>Capacidade de carga (Kg)<\/strong><\/td>\n<td width=\"317\"><strong>14100<\/strong><\/td>\n<\/tr>\n<tr>\n<td width=\"296\"><strong>Massa total (Kg)<\/strong><\/td>\n<td width=\"317\"><strong>25000<\/strong><\/td>\n<\/tr>\n<tr>\n<td rowspan=\"3\" width=\"86\"><strong>Corpo<\/strong><\/td>\n<td width=\"296\"><strong>Volume do dep\u00f3sito (m\u00b3)<\/strong><\/td>\n<td width=\"317\"><strong>14.5<\/strong><\/td>\n<\/tr>\n<tr>\n<td width=\"296\"><strong>Material do tanque<\/strong><\/td>\n<td width=\"317\"><strong>SUS304-2B<\/strong><\/td>\n<\/tr>\n<tr>\n<td width=\"296\"><strong>Temperature control performance<\/strong><\/td>\n<td width=\"317\"><strong>Temperature not exceeding 2\u2103 in 24 hours<\/strong><\/td>\n<\/tr>\n<tr>\n<td rowspan=\"7\" width=\"86\"><strong>Chassis<\/strong><\/p>\n<p>&nbsp;<\/td>\n<td width=\"296\"><strong>Marca do chassi<\/strong><\/td>\n<td width=\"317\"><strong>ISUZU<\/strong><\/td>\n<\/tr>\n<tr>\n<td width=\"296\"><strong>Formul\u00e1rio do motorista<\/strong><\/td>\n<td width=\"317\"><strong>6*4<\/strong><\/td>\n<\/tr>\n<tr>\n<td width=\"296\"><strong>Volante<\/strong><\/td>\n<td width=\"317\"><strong>Dire\u00e7\u00e3o \u00e0 esquerda<\/strong><\/td>\n<\/tr>\n<tr>\n<td width=\"296\"><strong>Marca e modelo do motor<\/strong><\/td>\n<td width=\"317\"><strong>6UZ1-TCG61<\/strong><\/td>\n<\/tr>\n<tr>\n<td width=\"296\"><strong>Pot\u00eancia m\u00e1xima do motor (kW)<\/strong><\/td>\n<td width=\"317\"><strong>279<\/strong><\/td>\n<\/tr>\n<tr>\n<td width=\"296\"><strong>Padr\u00f5es de emiss\u00e3o<\/strong><\/td>\n<td width=\"317\"><strong>Euro 6<\/strong><\/td>\n<\/tr>\n<tr>\n<td width=\"296\"><strong>Caixa de engrenagens<\/strong><\/td>\n<td width=\"317\"><strong>Caixa de velocidades de 12 velocidades<\/strong><\/td>\n<\/tr>\n<\/tbody>\n<\/table>\n<h1 style=\"text-align: center;\">VANTAGENS DO VE\u00cdCULO<\/h1>\n<h5 style=\"text-align: center;\">PROCESSO DE PRODU\u00c7\u00c3O DE TANQUES<\/h5>\n<p><img decoding=\"async\" class=\"aligncenter wp-image-6825\" src=\"https:\/\/ac-truck.com\/wp-content\/uploads\/2025\/12\/\u9c9c\u5976\u8fd0\u8f93\u8f66\u8be6\u60c5\u9875_05.webp\" alt=\"\" width=\"1234\" height=\"2607\" srcset=\"https:\/\/ac-truck.com\/wp-content\/uploads\/2025\/12\/\u9c9c\u5976\u8fd0\u8f93\u8f66\u8be6\u60c5\u9875_05.webp 790w, https:\/\/ac-truck.com\/wp-content\/uploads\/2025\/12\/\u9c9c\u5976\u8fd0\u8f93\u8f66\u8be6\u60c5\u9875_05-142x300.webp 142w, https:\/\/ac-truck.com\/wp-content\/uploads\/2025\/12\/\u9c9c\u5976\u8fd0\u8f93\u8f66\u8be6\u60c5\u9875_05-485x1024.webp 485w, https:\/\/ac-truck.com\/wp-content\/uploads\/2025\/12\/\u9c9c\u5976\u8fd0\u8f93\u8f66\u8be6\u60c5\u9875_05-768x1623.webp 768w, https:\/\/ac-truck.com\/wp-content\/uploads\/2025\/12\/\u9c9c\u5976\u8fd0\u8f93\u8f66\u8be6\u60c5\u9875_05-727x1536.webp 727w, https:\/\/ac-truck.com\/wp-content\/uploads\/2025\/12\/\u9c9c\u5976\u8fd0\u8f93\u8f66\u8be6\u60c5\u9875_05-6x12.webp 6w, https:\/\/ac-truck.com\/wp-content\/uploads\/2025\/12\/\u9c9c\u5976\u8fd0\u8f93\u8f66\u8be6\u60c5\u9875_05-600x1268.webp 600w, https:\/\/ac-truck.com\/wp-content\/uploads\/2025\/12\/\u9c9c\u5976\u8fd0\u8f93\u8f66\u8be6\u60c5\u9875_05-150x317.webp 150w\" sizes=\"(max-width: 1234px) 100vw, 1234px\" \/><\/p>\n<p><strong>1. Tecnologia de Moldagem Integrada: O tanque \u00e9 fabricado em a\u00e7o inoxid\u00e1vel de alta resist\u00eancia e moldado numa \u00fanica etapa por m\u00e1quinas de laminagem de chapas de grandes dimens\u00f5es, m\u00e1quinas de soldadura autom\u00e1ticas e outros equipamentos. Com menos soldaduras, fica liso e plano, reduzindo significativamente os \u00e2ngulos mortos sanit\u00e1rios.<\/strong><br \/>\n<strong>2.\u00ba Processo Avan\u00e7ado de Passiva\u00e7\u00e3o: A pel\u00edcula de passiva\u00e7\u00e3o \u00e9 altamente est\u00e1vel. Forma uma pel\u00edcula de \u00f3xido na superf\u00edcie do a\u00e7o inoxid\u00e1vel para evitar a ferrugem do dep\u00f3sito. Pode suportar pequenos atritos durante o transporte e os impactos da limpeza, prolongando assim a vida \u00fatil do dep\u00f3sito.<\/strong><br \/>\n<strong>3. Multi &#8211; layer Insulation Structure Design:The &#8220;polyurethane integral foaming&#8221; process is adopted. With excellentthermal insulation performance, it ensures that the milk remains in therefrigerated state of0 -4\u00b0C throughout the whole process, maximizingfreshness.<\/strong><br \/>\n<strong>4. CIP System Integrated Design:Pipelines and interfaces for ClP cleaning balls are pre &#8211; installed in theproduction process. This ensures 360 _degree spray coverage withoutdead angles,enabling automatic and high -standard cleaning and disin-fection, and preventing cross -contamination between batches.<\/strong><\/p>\n<h1 style=\"text-align: center;\">PROJETO ESTRUTURAL E SEGURAN\u00c7A<\/h1>\n<p><img loading=\"lazy\" decoding=\"async\" class=\"aligncenter wp-image-6826\" src=\"https:\/\/ac-truck.com\/wp-content\/uploads\/2025\/12\/\u9c9c\u5976\u8fd0\u8f93\u8f66\u8be6\u60c5\u9875_07.webp\" alt=\"\" width=\"1234\" height=\"1036\" srcset=\"https:\/\/ac-truck.com\/wp-content\/uploads\/2025\/12\/\u9c9c\u5976\u8fd0\u8f93\u8f66\u8be6\u60c5\u9875_07.webp 790w, https:\/\/ac-truck.com\/wp-content\/uploads\/2025\/12\/\u9c9c\u5976\u8fd0\u8f93\u8f66\u8be6\u60c5\u9875_07-300x252.webp 300w, https:\/\/ac-truck.com\/wp-content\/uploads\/2025\/12\/\u9c9c\u5976\u8fd0\u8f93\u8f66\u8be6\u60c5\u9875_07-768x645.webp 768w, https:\/\/ac-truck.com\/wp-content\/uploads\/2025\/12\/\u9c9c\u5976\u8fd0\u8f93\u8f66\u8be6\u60c5\u9875_07-14x12.webp 14w, https:\/\/ac-truck.com\/wp-content\/uploads\/2025\/12\/\u9c9c\u5976\u8fd0\u8f93\u8f66\u8be6\u60c5\u9875_07-600x504.webp 600w, https:\/\/ac-truck.com\/wp-content\/uploads\/2025\/12\/\u9c9c\u5976\u8fd0\u8f93\u8f66\u8be6\u60c5\u9875_07-150x126.webp 150w\" sizes=\"(max-width: 1234px) 100vw, 1234px\" \/><\/p>\n<p><strong>1.High -strength steel: While ensuring load &#8211; bearing capacity and rigidi-ty, it reduces the self &#8211; weight.<\/strong><br \/>\n<strong>2. Hydro &#8211; formed head: lt is formed in one piece without welds,avoidingstress concentration issues. The structural strength is increased by morethan 30% compared to the spliced -type.<\/strong><br \/>\n<strong>3. Soldadura autom\u00e1tica por rob\u00f4: apresenta uma elevada precis\u00e3o e estabilidade de soldadura, aumentando a resist\u00eancia estrutural e o desempenho de veda\u00e7\u00e3o.<\/strong><br \/>\n<strong>4.Tank stiffeners: They strengthen the tank&#8217;s rigidity while maintainingthe advantage of light weight.<\/strong><\/p>\n<h1 style=\"text-align: center;\">DESIGN DE BAIXO CENTRO DE GRAVIDADE E ESTABILIDADE<\/h1>\n<p><img loading=\"lazy\" decoding=\"async\" class=\"aligncenter wp-image-6827\" src=\"https:\/\/ac-truck.com\/wp-content\/uploads\/2025\/12\/\u9c9c\u5976\u8fd0\u8f93\u8f66\u8be6\u60c5\u9875_09.webp\" alt=\"\" width=\"1234\" height=\"2371\" srcset=\"https:\/\/ac-truck.com\/wp-content\/uploads\/2025\/12\/\u9c9c\u5976\u8fd0\u8f93\u8f66\u8be6\u60c5\u9875_09.webp 790w, https:\/\/ac-truck.com\/wp-content\/uploads\/2025\/12\/\u9c9c\u5976\u8fd0\u8f93\u8f66\u8be6\u60c5\u9875_09-156x300.webp 156w, https:\/\/ac-truck.com\/wp-content\/uploads\/2025\/12\/\u9c9c\u5976\u8fd0\u8f93\u8f66\u8be6\u60c5\u9875_09-533x1024.webp 533w, https:\/\/ac-truck.com\/wp-content\/uploads\/2025\/12\/\u9c9c\u5976\u8fd0\u8f93\u8f66\u8be6\u60c5\u9875_09-768x1476.webp 768w, https:\/\/ac-truck.com\/wp-content\/uploads\/2025\/12\/\u9c9c\u5976\u8fd0\u8f93\u8f66\u8be6\u60c5\u9875_09-6x12.webp 6w, https:\/\/ac-truck.com\/wp-content\/uploads\/2025\/12\/\u9c9c\u5976\u8fd0\u8f93\u8f66\u8be6\u60c5\u9875_09-600x1153.webp 600w, https:\/\/ac-truck.com\/wp-content\/uploads\/2025\/12\/\u9c9c\u5976\u8fd0\u8f93\u8f66\u8be6\u60c5\u9875_09-150x288.webp 150w\" sizes=\"(max-width: 1234px) 100vw, 1234px\" \/><\/p>\n<p><strong>1.Oval &#8211; shaped tank design: Through the design of an oval cross &#8211; sec-tion, the center of gravity is lowered, the force distribution is optimized,and the space is utilized more effectively, enhancing the driving stabilityand safety of the vehicle.<\/strong><br \/>\n<strong>2.\u00ba Design compartimentado: Permite o transporte independente de v\u00e1rios lotes, ajusta a capacidade de transporte de forma flex\u00edvel e garante a qualidade est\u00e1vel do leite fresco.<\/strong><br \/>\n<strong>3. Anti &#8211; wave plates: With the reasonable layout of anti &#8211; wave platesinside the tank, it effectively suppresses the violent sloshing of freshmilk during transportation, balancing the stability, light weight, and hy-giene of the tank.<\/strong><\/p>\n<h1 style=\"text-align: center;\">DESIGN MODULAR E PADRONIZADO<\/h1>\n<p><img loading=\"lazy\" decoding=\"async\" class=\"aligncenter wp-image-6828\" src=\"https:\/\/ac-truck.com\/wp-content\/uploads\/2025\/12\/\u9c9c\u5976\u8fd0\u8f93\u8f66\u8be6\u60c5\u9875_11.webp\" alt=\"\" width=\"1234\" height=\"1593\" srcset=\"https:\/\/ac-truck.com\/wp-content\/uploads\/2025\/12\/\u9c9c\u5976\u8fd0\u8f93\u8f66\u8be6\u60c5\u9875_11.webp 790w, https:\/\/ac-truck.com\/wp-content\/uploads\/2025\/12\/\u9c9c\u5976\u8fd0\u8f93\u8f66\u8be6\u60c5\u9875_11-232x300.webp 232w, https:\/\/ac-truck.com\/wp-content\/uploads\/2025\/12\/\u9c9c\u5976\u8fd0\u8f93\u8f66\u8be6\u60c5\u9875_11-768x992.webp 768w, https:\/\/ac-truck.com\/wp-content\/uploads\/2025\/12\/\u9c9c\u5976\u8fd0\u8f93\u8f66\u8be6\u60c5\u9875_11-9x12.webp 9w, https:\/\/ac-truck.com\/wp-content\/uploads\/2025\/12\/\u9c9c\u5976\u8fd0\u8f93\u8f66\u8be6\u60c5\u9875_11-600x775.webp 600w, https:\/\/ac-truck.com\/wp-content\/uploads\/2025\/12\/\u9c9c\u5976\u8fd0\u8f93\u8f66\u8be6\u60c5\u9875_11-150x194.webp 150w\" sizes=\"(max-width: 1234px) 100vw, 1234px\" \/><\/p>\n<p><strong>1. Interbloqueio de seguran\u00e7a integrado: Controla as permiss\u00f5es de opera\u00e7\u00e3o, protege contra riscos de fugas e salvaguarda a seguran\u00e7a do pessoal.<\/strong><br \/>\n<strong>2. Anti &#8211; slip walkway on the upper platform: Features strong anti &#8211; slipperformance, load -bearing capacity and durability, and is suitable forsafety protection.<\/strong><\/p>\n<h1 style=\"text-align: center;\">EFICIENTE E HIGI\u00c9NICO<br \/>\nSISTEMA DE CARGA E DESCARGA<\/h1>\n<p><img loading=\"lazy\" decoding=\"async\" class=\"aligncenter wp-image-6829\" src=\"https:\/\/ac-truck.com\/wp-content\/uploads\/2025\/12\/\u9c9c\u5976\u8fd0\u8f93\u8f66\u8be6\u60c5\u9875_13.webp\" alt=\"\" width=\"1234\" height=\"1368\" srcset=\"https:\/\/ac-truck.com\/wp-content\/uploads\/2025\/12\/\u9c9c\u5976\u8fd0\u8f93\u8f66\u8be6\u60c5\u9875_13.webp 790w, https:\/\/ac-truck.com\/wp-content\/uploads\/2025\/12\/\u9c9c\u5976\u8fd0\u8f93\u8f66\u8be6\u60c5\u9875_13-271x300.webp 271w, https:\/\/ac-truck.com\/wp-content\/uploads\/2025\/12\/\u9c9c\u5976\u8fd0\u8f93\u8f66\u8be6\u60c5\u9875_13-768x852.webp 768w, https:\/\/ac-truck.com\/wp-content\/uploads\/2025\/12\/\u9c9c\u5976\u8fd0\u8f93\u8f66\u8be6\u60c5\u9875_13-11x12.webp 11w, https:\/\/ac-truck.com\/wp-content\/uploads\/2025\/12\/\u9c9c\u5976\u8fd0\u8f93\u8f66\u8be6\u60c5\u9875_13-600x665.webp 600w, https:\/\/ac-truck.com\/wp-content\/uploads\/2025\/12\/\u9c9c\u5976\u8fd0\u8f93\u8f66\u8be6\u60c5\u9875_13-150x166.webp 150w\" sizes=\"(max-width: 1234px) 100vw, 1234px\" \/><\/p>\n<p><strong>1. Entrada de leite: Adota um design de boca alargada de grande di\u00e2metro, com uma borda guia anti-derramamento, o que facilita a liga\u00e7\u00e3o r\u00e1pida do equipamento de ordenha na explora\u00e7\u00e3o e reduz as perdas por salpicos durante a alimenta\u00e7\u00e3o.<\/strong><br \/>\n<strong>2.\u00ba Sa\u00edda de leite: utiliza um canal de descarga inclinado, equipado com uma junta de liga\u00e7\u00e3o r\u00e1pida de grande di\u00e2metro, e a velocidade de carregamento \u00e9 20% mais r\u00e1pida do que a das interfaces comuns.<\/strong><br \/>\n<strong>3.\u00ba Design da tremonha de leite: A tremonha tem uma forma de funil, com fun\u00e7\u00f5es de transi\u00e7\u00e3o e tamponamento, sendo adequada para filtra\u00e7\u00e3o e purifica\u00e7\u00e3o.<\/strong><br \/>\n<strong>4. Loading and unloading nozzles: Standardized quick -connect jointsare adopted, which are leak -proof, loss &#8211; free, hygienic and leave no res-idue.<\/strong><\/p>\n<h1 style=\"text-align: center;\">PROCESSO DE PRODU\u00c7\u00c3O<\/h1>\n<p><img loading=\"lazy\" decoding=\"async\" class=\"aligncenter wp-image-6830\" src=\"https:\/\/ac-truck.com\/wp-content\/uploads\/2025\/12\/\u9c9c\u5976\u8fd0\u8f93\u8f66\u8be6\u60c5\u9875_15.webp\" alt=\"\" width=\"1234\" height=\"2998\" srcset=\"https:\/\/ac-truck.com\/wp-content\/uploads\/2025\/12\/\u9c9c\u5976\u8fd0\u8f93\u8f66\u8be6\u60c5\u9875_15.webp 790w, https:\/\/ac-truck.com\/wp-content\/uploads\/2025\/12\/\u9c9c\u5976\u8fd0\u8f93\u8f66\u8be6\u60c5\u9875_15-124x300.webp 124w, https:\/\/ac-truck.com\/wp-content\/uploads\/2025\/12\/\u9c9c\u5976\u8fd0\u8f93\u8f66\u8be6\u60c5\u9875_15-422x1024.webp 422w, https:\/\/ac-truck.com\/wp-content\/uploads\/2025\/12\/\u9c9c\u5976\u8fd0\u8f93\u8f66\u8be6\u60c5\u9875_15-768x1866.webp 768w, https:\/\/ac-truck.com\/wp-content\/uploads\/2025\/12\/\u9c9c\u5976\u8fd0\u8f93\u8f66\u8be6\u60c5\u9875_15-632x1536.webp 632w, https:\/\/ac-truck.com\/wp-content\/uploads\/2025\/12\/\u9c9c\u5976\u8fd0\u8f93\u8f66\u8be6\u60c5\u9875_15-5x12.webp 5w, https:\/\/ac-truck.com\/wp-content\/uploads\/2025\/12\/\u9c9c\u5976\u8fd0\u8f93\u8f66\u8be6\u60c5\u9875_15-600x1457.webp 600w, https:\/\/ac-truck.com\/wp-content\/uploads\/2025\/12\/\u9c9c\u5976\u8fd0\u8f93\u8f66\u8be6\u60c5\u9875_15-150x364.webp 150w\" sizes=\"(max-width: 1234px) 100vw, 1234px\" \/> <img loading=\"lazy\" decoding=\"async\" class=\"aligncenter wp-image-6831\" src=\"https:\/\/ac-truck.com\/wp-content\/uploads\/2025\/12\/\u9c9c\u5976\u8fd0\u8f93\u8f66\u8be6\u60c5\u9875_16.webp\" alt=\"\" width=\"1234\" height=\"2968\" srcset=\"https:\/\/ac-truck.com\/wp-content\/uploads\/2025\/12\/\u9c9c\u5976\u8fd0\u8f93\u8f66\u8be6\u60c5\u9875_16.webp 790w, https:\/\/ac-truck.com\/wp-content\/uploads\/2025\/12\/\u9c9c\u5976\u8fd0\u8f93\u8f66\u8be6\u60c5\u9875_16-125x300.webp 125w, https:\/\/ac-truck.com\/wp-content\/uploads\/2025\/12\/\u9c9c\u5976\u8fd0\u8f93\u8f66\u8be6\u60c5\u9875_16-426x1024.webp 426w, https:\/\/ac-truck.com\/wp-content\/uploads\/2025\/12\/\u9c9c\u5976\u8fd0\u8f93\u8f66\u8be6\u60c5\u9875_16-768x1847.webp 768w, https:\/\/ac-truck.com\/wp-content\/uploads\/2025\/12\/\u9c9c\u5976\u8fd0\u8f93\u8f66\u8be6\u60c5\u9875_16-639x1536.webp 639w, https:\/\/ac-truck.com\/wp-content\/uploads\/2025\/12\/\u9c9c\u5976\u8fd0\u8f93\u8f66\u8be6\u60c5\u9875_16-5x12.webp 5w, https:\/\/ac-truck.com\/wp-content\/uploads\/2025\/12\/\u9c9c\u5976\u8fd0\u8f93\u8f66\u8be6\u60c5\u9875_16-600x1443.webp 600w, https:\/\/ac-truck.com\/wp-content\/uploads\/2025\/12\/\u9c9c\u5976\u8fd0\u8f93\u8f66\u8be6\u60c5\u9875_16-150x361.webp 150w\" sizes=\"(max-width: 1234px) 100vw, 1234px\" \/><\/p>\n<p><strong>1. Prepara\u00e7\u00e3o dos materiais para a laminagem do tanque<\/strong><br \/>\n<strong>2. Moldagem integral do corpo do tanque<\/strong><br \/>\n<strong>3. Soldadura e conforma\u00e7\u00e3o robotizada<\/strong><br \/>\n<strong>4. Envolvimento completo com material isolante de alta densidade<\/strong><br \/>\n<strong>5. Cobertura total da camada protetora exterior de a\u00e7o inoxid\u00e1vel<\/strong><br \/>\n<strong>6. Soldadura de acess\u00f3rios para ve\u00edculos<\/strong><br \/>\n<strong>7. Montagem geral do ve\u00edculo<\/strong><br \/>\n<strong>8.\u00ba Conclus\u00e3o de toda a produ\u00e7\u00e3o do ve\u00edculo.<\/strong><\/p>\n<h1 style=\"text-align: center;\">CEN\u00c1RIOS DE APLICA\u00c7\u00c3O<\/h1>\n<p><img loading=\"lazy\" decoding=\"async\" class=\"aligncenter wp-image-6832\" src=\"https:\/\/ac-truck.com\/wp-content\/uploads\/2025\/12\/\u9c9c\u5976\u8fd0\u8f93\u8f66\u8be6\u60c5\u9875_18.webp\" alt=\"\" width=\"1234\" height=\"2449\" srcset=\"https:\/\/ac-truck.com\/wp-content\/uploads\/2025\/12\/\u9c9c\u5976\u8fd0\u8f93\u8f66\u8be6\u60c5\u9875_18.webp 790w, https:\/\/ac-truck.com\/wp-content\/uploads\/2025\/12\/\u9c9c\u5976\u8fd0\u8f93\u8f66\u8be6\u60c5\u9875_18-151x300.webp 151w, https:\/\/ac-truck.com\/wp-content\/uploads\/2025\/12\/\u9c9c\u5976\u8fd0\u8f93\u8f66\u8be6\u60c5\u9875_18-516x1024.webp 516w, https:\/\/ac-truck.com\/wp-content\/uploads\/2025\/12\/\u9c9c\u5976\u8fd0\u8f93\u8f66\u8be6\u60c5\u9875_18-768x1524.webp 768w, https:\/\/ac-truck.com\/wp-content\/uploads\/2025\/12\/\u9c9c\u5976\u8fd0\u8f93\u8f66\u8be6\u60c5\u9875_18-774x1536.webp 774w, https:\/\/ac-truck.com\/wp-content\/uploads\/2025\/12\/\u9c9c\u5976\u8fd0\u8f93\u8f66\u8be6\u60c5\u9875_18-6x12.webp 6w, https:\/\/ac-truck.com\/wp-content\/uploads\/2025\/12\/\u9c9c\u5976\u8fd0\u8f93\u8f66\u8be6\u60c5\u9875_18-600x1191.webp 600w, https:\/\/ac-truck.com\/wp-content\/uploads\/2025\/12\/\u9c9c\u5976\u8fd0\u8f93\u8f66\u8be6\u60c5\u9875_18-150x298.webp 150w\" sizes=\"(max-width: 1234px) 100vw, 1234px\" \/><\/p>\n<h1 style=\"text-align: center;\">EMBALAMENTO E TRANSPORTE<\/h1>\n<p><img loading=\"lazy\" decoding=\"async\" class=\"aligncenter wp-image-6833\" src=\"https:\/\/ac-truck.com\/wp-content\/uploads\/2025\/12\/\u9c9c\u5976\u8fd0\u8f93\u8f66\u8be6\u60c5\u9875_20.webp\" alt=\"\" width=\"1234\" height=\"2349\" srcset=\"https:\/\/ac-truck.com\/wp-content\/uploads\/2025\/12\/\u9c9c\u5976\u8fd0\u8f93\u8f66\u8be6\u60c5\u9875_20.webp 790w, https:\/\/ac-truck.com\/wp-content\/uploads\/2025\/12\/\u9c9c\u5976\u8fd0\u8f93\u8f66\u8be6\u60c5\u9875_20-158x300.webp 158w, https:\/\/ac-truck.com\/wp-content\/uploads\/2025\/12\/\u9c9c\u5976\u8fd0\u8f93\u8f66\u8be6\u60c5\u9875_20-538x1024.webp 538w, https:\/\/ac-truck.com\/wp-content\/uploads\/2025\/12\/\u9c9c\u5976\u8fd0\u8f93\u8f66\u8be6\u60c5\u9875_20-768x1462.webp 768w, https:\/\/ac-truck.com\/wp-content\/uploads\/2025\/12\/\u9c9c\u5976\u8fd0\u8f93\u8f66\u8be6\u60c5\u9875_20-6x12.webp 6w, https:\/\/ac-truck.com\/wp-content\/uploads\/2025\/12\/\u9c9c\u5976\u8fd0\u8f93\u8f66\u8be6\u60c5\u9875_20-600x1142.webp 600w, https:\/\/ac-truck.com\/wp-content\/uploads\/2025\/12\/\u9c9c\u5976\u8fd0\u8f93\u8f66\u8be6\u60c5\u9875_20-150x286.webp 150w\" sizes=\"(max-width: 1234px) 100vw, 1234px\" \/><\/p>","protected":false},"excerpt":{"rendered":"<p>PRODUCT PARAMETERS 14500L Milk Tank Truck ISUZU &nbsp; project Descriptions Specifications General Overall dimensions(mm) 8990*2550*3650 curb weight(Kg) 10900 Loading capacity(Kg)<\/p>","protected":false},"featured_media":6834,"template":"","meta":[],"product_brand":[213],"product_cat":[345],"product_tag":[346,347,348,349],"class_list":{"0":"post-6822","1":"product","2":"type-product","3":"status-publish","4":"has-post-thumbnail","6":"product_brand-isuzu","7":"product_cat-milk-tank-trucks","8":"product_tag-milk-tank-truck","9":"product_tag-milk-transport-truck","10":"product_tag-milk-collection-truck","11":"product_tag-14-5m","13":"first","14":"instock","15":"shipping-taxable","16":"product-type-simple"},"_links":{"self":[{"href":"https:\/\/ac-truck.com\/pt\/wp-json\/wp\/v2\/product\/6822","targetHints":{"allow":["GET"]}}],"collection":[{"href":"https:\/\/ac-truck.com\/pt\/wp-json\/wp\/v2\/product"}],"about":[{"href":"https:\/\/ac-truck.com\/pt\/wp-json\/wp\/v2\/types\/product"}],"version-history":[{"count":1,"href":"https:\/\/ac-truck.com\/pt\/wp-json\/wp\/v2\/product\/6822\/revisions"}],"predecessor-version":[{"id":6840,"href":"https:\/\/ac-truck.com\/pt\/wp-json\/wp\/v2\/product\/6822\/revisions\/6840"}],"wp:featuredmedia":[{"embeddable":true,"href":"https:\/\/ac-truck.com\/pt\/wp-json\/wp\/v2\/media\/6834"}],"wp:attachment":[{"href":"https:\/\/ac-truck.com\/pt\/wp-json\/wp\/v2\/media?parent=6822"}],"wp:term":[{"taxonomy":"product_brand","embeddable":true,"href":"https:\/\/ac-truck.com\/pt\/wp-json\/wp\/v2\/product_brand?post=6822"},{"taxonomy":"product_cat","embeddable":true,"href":"https:\/\/ac-truck.com\/pt\/wp-json\/wp\/v2\/product_cat?post=6822"},{"taxonomy":"product_tag","embeddable":true,"href":"https:\/\/ac-truck.com\/pt\/wp-json\/wp\/v2\/product_tag?post=6822"}],"curies":[{"name":"wp","href":"https:\/\/api.w.org\/{rel}","templated":true}]}}