{"id":6871,"date":"2025-12-23T14:32:13","date_gmt":"2025-12-23T06:32:13","guid":{"rendered":"https:\/\/ac-truck.com\/?post_type=product&#038;p=6871"},"modified":"2025-12-23T16:07:39","modified_gmt":"2025-12-23T08:07:39","slug":"33000l-milk-transport-semi-trailer","status":"publish","type":"product","link":"https:\/\/ac-truck.com\/pt\/33000l-milk-transport-semi-trailer.html","title":{"rendered":"Semirreboque para transporte de leite com capacidade para 33.000 litros"},"content":{"rendered":"<h2><img fetchpriority=\"high\" decoding=\"async\" class=\"aligncenter wp-image-6925\" src=\"https:\/\/ac-truck.com\/wp-content\/uploads\/2025\/12\/\u4ea7\u54c1\u6d77\u62a5_01-36.webp\" alt=\"\" width=\"1234\" height=\"1600\" srcset=\"https:\/\/ac-truck.com\/wp-content\/uploads\/2025\/12\/\u4ea7\u54c1\u6d77\u62a5_01-36.webp 790w, https:\/\/ac-truck.com\/wp-content\/uploads\/2025\/12\/\u4ea7\u54c1\u6d77\u62a5_01-36-231x300.webp 231w, https:\/\/ac-truck.com\/wp-content\/uploads\/2025\/12\/\u4ea7\u54c1\u6d77\u62a5_01-36-768x995.webp 768w, https:\/\/ac-truck.com\/wp-content\/uploads\/2025\/12\/\u4ea7\u54c1\u6d77\u62a5_01-36-9x12.webp 9w, https:\/\/ac-truck.com\/wp-content\/uploads\/2025\/12\/\u4ea7\u54c1\u6d77\u62a5_01-36-600x778.webp 600w, https:\/\/ac-truck.com\/wp-content\/uploads\/2025\/12\/\u4ea7\u54c1\u6d77\u62a5_01-36-150x194.webp 150w\" sizes=\"(max-width: 1234px) 100vw, 1234px\" \/><\/h2>\n<h1 style=\"text-align: center;\">PAR\u00c2METROS DO PRODUTO<\/h1>\n<h2><img decoding=\"async\" class=\"aligncenter wp-image-6926\" src=\"https:\/\/ac-truck.com\/wp-content\/uploads\/2025\/12\/\u4ea7\u54c1\u6d77\u62a5_03-36.webp\" alt=\"\" width=\"1234\" height=\"484\" srcset=\"https:\/\/ac-truck.com\/wp-content\/uploads\/2025\/12\/\u4ea7\u54c1\u6d77\u62a5_03-36.webp 790w, https:\/\/ac-truck.com\/wp-content\/uploads\/2025\/12\/\u4ea7\u54c1\u6d77\u62a5_03-36-300x118.webp 300w, https:\/\/ac-truck.com\/wp-content\/uploads\/2025\/12\/\u4ea7\u54c1\u6d77\u62a5_03-36-768x301.webp 768w, https:\/\/ac-truck.com\/wp-content\/uploads\/2025\/12\/\u4ea7\u54c1\u6d77\u62a5_03-36-18x7.webp 18w, https:\/\/ac-truck.com\/wp-content\/uploads\/2025\/12\/\u4ea7\u54c1\u6d77\u62a5_03-36-600x235.webp 600w, https:\/\/ac-truck.com\/wp-content\/uploads\/2025\/12\/\u4ea7\u54c1\u6d77\u62a5_03-36-150x59.webp 150w\" sizes=\"(max-width: 1234px) 100vw, 1234px\" \/><\/h2>\n<h2 style=\"text-align: center;\">Semirreboque para transporte de leite com capacidade para 33.000 litros<\/h2>\n<p>&nbsp;<\/p>\n<table>\n<tbody>\n<tr>\n<td width=\"86\"><strong>projeto<\/strong><\/td>\n<td width=\"296\"><strong>Descri\u00e7\u00f5es<\/strong><\/td>\n<td width=\"317\"><strong>Especifica\u00e7\u00f5es<\/strong><\/td>\n<\/tr>\n<tr>\n<td rowspan=\"4\" width=\"86\"><strong>General\u00a0<\/strong><\/td>\n<td width=\"296\"><strong>Dimens\u00f5es totais (mm)<\/strong><\/td>\n<td width=\"317\"><strong>10550*2500*3650<\/strong><\/td>\n<\/tr>\n<tr>\n<td width=\"296\"><strong>peso bruto (kg)<\/strong><\/td>\n<td width=\"317\"><strong>7800<\/strong><\/td>\n<\/tr>\n<tr>\n<td width=\"296\"><strong>Capacidade de carga (Kg)<\/strong><\/td>\n<td width=\"317\"><strong>33000<\/strong><\/td>\n<\/tr>\n<tr>\n<td width=\"296\"><strong>Massa total (Kg)<\/strong><\/td>\n<td width=\"317\"><strong>25000<\/strong><\/td>\n<\/tr>\n<tr>\n<td rowspan=\"4\" width=\"86\"><strong>Corpo<\/strong><\/td>\n<td width=\"296\"><strong>Volume do dep\u00f3sito (m\u00b3)<\/strong><\/td>\n<td width=\"317\"><strong>40800<\/strong><\/td>\n<\/tr>\n<tr>\n<td width=\"296\"><strong>Tank dimensions(mm)<\/strong><\/td>\n<td width=\"317\"><strong>10210*2500*2060<\/strong><\/td>\n<\/tr>\n<tr>\n<td width=\"296\"><strong>Material do tanque<\/strong><\/td>\n<td width=\"317\"><strong>SUS304-2B<\/strong><\/td>\n<\/tr>\n<tr>\n<td width=\"296\"><strong>Temperature control performance<\/strong><\/td>\n<td width=\"317\"><strong>Temperature not exceeding 2\u2103 in 24 hours<\/strong><\/td>\n<\/tr>\n<tr>\n<td rowspan=\"3\" width=\"86\"><strong>Chassis<\/strong><\/td>\n<td width=\"296\"><strong>Axle(T)<\/strong><\/td>\n<td width=\"317\"><strong>3*10<\/strong><\/td>\n<\/tr>\n<tr>\n<td width=\"296\"><strong>Brake pads(T)<\/strong><\/td>\n<td width=\"317\"><strong>16<\/strong><\/td>\n<\/tr>\n<tr>\n<td width=\"296\"><strong>Tamanho das rodas e dos pneus<\/strong><\/td>\n<td width=\"317\"><strong>12\/(12R22.5)tubeless tires<\/strong><\/td>\n<\/tr>\n<\/tbody>\n<\/table>\n<h1 style=\"text-align: center;\">VANTAGENS DO VE\u00cdCULO<\/h1>\n<h5 style=\"text-align: center;\">PROCESSO DE PRODU\u00c7\u00c3O DE TANQUES<\/h5>\n<p><img decoding=\"async\" class=\"aligncenter wp-image-6825\" src=\"https:\/\/ac-truck.com\/wp-content\/uploads\/2025\/12\/%E9%B2%9C%E5%A5%B6%E8%BF%90%E8%BE%93%E8%BD%A6%E8%AF%A6%E6%83%85%E9%A1%B5_05.webp\" sizes=\"(max-width: 1234px) 100vw, 1234px\" srcset=\"https:\/\/ac-truck.com\/wp-content\/uploads\/2025\/12\/\u9c9c\u5976\u8fd0\u8f93\u8f66\u8be6\u60c5\u9875_05.webp 790w, https:\/\/ac-truck.com\/wp-content\/uploads\/2025\/12\/\u9c9c\u5976\u8fd0\u8f93\u8f66\u8be6\u60c5\u9875_05-142x300.webp 142w, https:\/\/ac-truck.com\/wp-content\/uploads\/2025\/12\/\u9c9c\u5976\u8fd0\u8f93\u8f66\u8be6\u60c5\u9875_05-485x1024.webp 485w, https:\/\/ac-truck.com\/wp-content\/uploads\/2025\/12\/\u9c9c\u5976\u8fd0\u8f93\u8f66\u8be6\u60c5\u9875_05-768x1623.webp 768w, https:\/\/ac-truck.com\/wp-content\/uploads\/2025\/12\/\u9c9c\u5976\u8fd0\u8f93\u8f66\u8be6\u60c5\u9875_05-727x1536.webp 727w, https:\/\/ac-truck.com\/wp-content\/uploads\/2025\/12\/\u9c9c\u5976\u8fd0\u8f93\u8f66\u8be6\u60c5\u9875_05-6x12.webp 6w, https:\/\/ac-truck.com\/wp-content\/uploads\/2025\/12\/\u9c9c\u5976\u8fd0\u8f93\u8f66\u8be6\u60c5\u9875_05-600x1268.webp 600w, https:\/\/ac-truck.com\/wp-content\/uploads\/2025\/12\/\u9c9c\u5976\u8fd0\u8f93\u8f66\u8be6\u60c5\u9875_05-150x317.webp 150w\" alt=\"\" width=\"1234\" height=\"2607\" \/><\/p>\n<p><strong>1. Tecnologia de Moldagem Integrada: O tanque \u00e9 fabricado em a\u00e7o inoxid\u00e1vel de alta resist\u00eancia e moldado numa \u00fanica etapa por m\u00e1quinas de laminagem de chapas de grandes dimens\u00f5es, m\u00e1quinas de soldadura autom\u00e1ticas e outros equipamentos. Com menos soldaduras, fica liso e plano, reduzindo significativamente os \u00e2ngulos mortos sanit\u00e1rios.<\/strong><br \/>\n<strong>2.\u00ba Processo Avan\u00e7ado de Passiva\u00e7\u00e3o: A pel\u00edcula de passiva\u00e7\u00e3o \u00e9 altamente est\u00e1vel. Forma uma pel\u00edcula de \u00f3xido na superf\u00edcie do a\u00e7o inoxid\u00e1vel para evitar a ferrugem do dep\u00f3sito. Pode suportar pequenos atritos durante o transporte e os impactos da limpeza, prolongando assim a vida \u00fatil do dep\u00f3sito.<\/strong><br \/>\n<strong>3.\u00ba Design de estrutura de isolamento multicamadas: \u00c9 adotado o processo de \"espuma integral de poliuretano\". Com um excelente desempenho de isolamento t\u00e9rmico, garante que o leite se mant\u00e9m refrigerado entre 0 e 4 \u00b0C durante todo o processo, maximizando a frescura.<\/strong><br \/>\n<strong>4.\u00ba Projeto Integrado do Sistema CIP: As tubagens e interfaces para as esferas de limpeza CIP s\u00e3o pr\u00e9-instaladas no processo de produ\u00e7\u00e3o. Isto garante uma cobertura de pulveriza\u00e7\u00e3o de 360 \u200b\u200bgraus sem \u00e2ngulos mortos, permitindo uma limpeza e desinfe\u00e7\u00e3o autom\u00e1ticas e de alto padr\u00e3o, al\u00e9m de prevenir a contamina\u00e7\u00e3o cruzada entre lotes.<\/strong><\/p>\n<h1 style=\"text-align: center;\">PROJETO ESTRUTURAL E SEGURAN\u00c7A<\/h1>\n<p><img loading=\"lazy\" decoding=\"async\" class=\"aligncenter wp-image-6826\" src=\"https:\/\/ac-truck.com\/wp-content\/uploads\/2025\/12\/%E9%B2%9C%E5%A5%B6%E8%BF%90%E8%BE%93%E8%BD%A6%E8%AF%A6%E6%83%85%E9%A1%B5_07.webp\" sizes=\"(max-width: 1234px) 100vw, 1234px\" srcset=\"https:\/\/ac-truck.com\/wp-content\/uploads\/2025\/12\/\u9c9c\u5976\u8fd0\u8f93\u8f66\u8be6\u60c5\u9875_07.webp 790w, https:\/\/ac-truck.com\/wp-content\/uploads\/2025\/12\/\u9c9c\u5976\u8fd0\u8f93\u8f66\u8be6\u60c5\u9875_07-300x252.webp 300w, https:\/\/ac-truck.com\/wp-content\/uploads\/2025\/12\/\u9c9c\u5976\u8fd0\u8f93\u8f66\u8be6\u60c5\u9875_07-768x645.webp 768w, https:\/\/ac-truck.com\/wp-content\/uploads\/2025\/12\/\u9c9c\u5976\u8fd0\u8f93\u8f66\u8be6\u60c5\u9875_07-14x12.webp 14w, https:\/\/ac-truck.com\/wp-content\/uploads\/2025\/12\/\u9c9c\u5976\u8fd0\u8f93\u8f66\u8be6\u60c5\u9875_07-600x504.webp 600w, https:\/\/ac-truck.com\/wp-content\/uploads\/2025\/12\/\u9c9c\u5976\u8fd0\u8f93\u8f66\u8be6\u60c5\u9875_07-150x126.webp 150w\" alt=\"\" width=\"1234\" height=\"1036\" \/><\/p>\n<p><strong>1. A\u00e7o de alta resist\u00eancia: Ao mesmo tempo que garante a capacidade de carga e rigidez, reduz o peso pr\u00f3prio.<\/strong><br \/>\n<strong>2. Cabe\u00e7ote hidroformado: \u00c9 formado numa s\u00f3 pe\u00e7a, sem soldaduras, evitando problemas de concentra\u00e7\u00e3o de tens\u00f5es. A resist\u00eancia estrutural \u00e9 aumentada em mais de 30% em compara\u00e7\u00e3o com o tipo emendado.<\/strong><br \/>\n<strong>3. Soldadura autom\u00e1tica por rob\u00f4: apresenta uma elevada precis\u00e3o e estabilidade de soldadura, aumentando a resist\u00eancia estrutural e o desempenho de veda\u00e7\u00e3o.<\/strong><br \/>\n<strong>4.\u00ba Refor\u00e7os do tanque: Aumentam a rigidez do tanque, mantendo a vantagem da leveza.<\/strong><\/p>\n<h1 style=\"text-align: center;\">DESIGN DE BAIXO CENTRO DE GRAVIDADE E ESTABILIDADE<\/h1>\n<p><img loading=\"lazy\" decoding=\"async\" class=\"aligncenter wp-image-6827\" src=\"https:\/\/ac-truck.com\/wp-content\/uploads\/2025\/12\/%E9%B2%9C%E5%A5%B6%E8%BF%90%E8%BE%93%E8%BD%A6%E8%AF%A6%E6%83%85%E9%A1%B5_09.webp\" sizes=\"(max-width: 1234px) 100vw, 1234px\" srcset=\"https:\/\/ac-truck.com\/wp-content\/uploads\/2025\/12\/\u9c9c\u5976\u8fd0\u8f93\u8f66\u8be6\u60c5\u9875_09.webp 790w, https:\/\/ac-truck.com\/wp-content\/uploads\/2025\/12\/\u9c9c\u5976\u8fd0\u8f93\u8f66\u8be6\u60c5\u9875_09-156x300.webp 156w, https:\/\/ac-truck.com\/wp-content\/uploads\/2025\/12\/\u9c9c\u5976\u8fd0\u8f93\u8f66\u8be6\u60c5\u9875_09-533x1024.webp 533w, https:\/\/ac-truck.com\/wp-content\/uploads\/2025\/12\/\u9c9c\u5976\u8fd0\u8f93\u8f66\u8be6\u60c5\u9875_09-768x1476.webp 768w, https:\/\/ac-truck.com\/wp-content\/uploads\/2025\/12\/\u9c9c\u5976\u8fd0\u8f93\u8f66\u8be6\u60c5\u9875_09-6x12.webp 6w, https:\/\/ac-truck.com\/wp-content\/uploads\/2025\/12\/\u9c9c\u5976\u8fd0\u8f93\u8f66\u8be6\u60c5\u9875_09-600x1153.webp 600w, https:\/\/ac-truck.com\/wp-content\/uploads\/2025\/12\/\u9c9c\u5976\u8fd0\u8f93\u8f66\u8be6\u60c5\u9875_09-150x288.webp 150w\" alt=\"\" width=\"1234\" height=\"2371\" \/><\/p>\n<p><strong>1. Design do dep\u00f3sito em formato oval: Atrav\u00e9s do design de uma sec\u00e7\u00e3o transversal oval, o centro de gravidade \u00e9 rebaixado, a distribui\u00e7\u00e3o de for\u00e7a \u00e9 otimizada e o espa\u00e7o \u00e9 utilizado de forma mais eficaz, aumentando a estabilidade e a seguran\u00e7a do ve\u00edculo.<\/strong><br \/>\n<strong>2.\u00ba Design compartimentado: Permite o transporte independente de v\u00e1rios lotes, ajusta a capacidade de transporte de forma flex\u00edvel e garante a qualidade est\u00e1vel do leite fresco.<\/strong><br \/>\n<strong>3.\u00ba Placas anti-ondas: Com a disposi\u00e7\u00e3o adequada das placas anti-ondas no interior do tanque, suprime-se eficazmente o movimento brusco do leite fresco durante o transporte, equilibrando a estabilidade, a leveza e a higiene do tanque.<\/strong><\/p>\n<h1 style=\"text-align: center;\">DESIGN MODULAR E PADRONIZADO<\/h1>\n<p><img loading=\"lazy\" decoding=\"async\" class=\"aligncenter wp-image-6828\" src=\"https:\/\/ac-truck.com\/wp-content\/uploads\/2025\/12\/%E9%B2%9C%E5%A5%B6%E8%BF%90%E8%BE%93%E8%BD%A6%E8%AF%A6%E6%83%85%E9%A1%B5_11.webp\" sizes=\"(max-width: 1234px) 100vw, 1234px\" srcset=\"https:\/\/ac-truck.com\/wp-content\/uploads\/2025\/12\/\u9c9c\u5976\u8fd0\u8f93\u8f66\u8be6\u60c5\u9875_11.webp 790w, https:\/\/ac-truck.com\/wp-content\/uploads\/2025\/12\/\u9c9c\u5976\u8fd0\u8f93\u8f66\u8be6\u60c5\u9875_11-232x300.webp 232w, https:\/\/ac-truck.com\/wp-content\/uploads\/2025\/12\/\u9c9c\u5976\u8fd0\u8f93\u8f66\u8be6\u60c5\u9875_11-768x992.webp 768w, https:\/\/ac-truck.com\/wp-content\/uploads\/2025\/12\/\u9c9c\u5976\u8fd0\u8f93\u8f66\u8be6\u60c5\u9875_11-9x12.webp 9w, https:\/\/ac-truck.com\/wp-content\/uploads\/2025\/12\/\u9c9c\u5976\u8fd0\u8f93\u8f66\u8be6\u60c5\u9875_11-600x775.webp 600w, https:\/\/ac-truck.com\/wp-content\/uploads\/2025\/12\/\u9c9c\u5976\u8fd0\u8f93\u8f66\u8be6\u60c5\u9875_11-150x194.webp 150w\" alt=\"\" width=\"1234\" height=\"1593\" \/><\/p>\n<p><strong>1. Interbloqueio de seguran\u00e7a integrado: Controla as permiss\u00f5es de opera\u00e7\u00e3o, protege contra riscos de fugas e salvaguarda a seguran\u00e7a do pessoal.<\/strong><br \/>\n<strong>2. Passarela antiderrapante na plataforma superior: Apresenta um forte desempenho antiderrapante, capacidade de carga e durabilidade, sendo adequada para prote\u00e7\u00e3o de seguran\u00e7a.<\/strong><\/p>\n<h1 style=\"text-align: center;\">EFICIENTE E HIGI\u00c9NICO<br \/>\nSISTEMA DE CARGA E DESCARGA<\/h1>\n<p><img loading=\"lazy\" decoding=\"async\" class=\"aligncenter wp-image-6829\" src=\"https:\/\/ac-truck.com\/wp-content\/uploads\/2025\/12\/%E9%B2%9C%E5%A5%B6%E8%BF%90%E8%BE%93%E8%BD%A6%E8%AF%A6%E6%83%85%E9%A1%B5_13.webp\" sizes=\"(max-width: 1234px) 100vw, 1234px\" srcset=\"https:\/\/ac-truck.com\/wp-content\/uploads\/2025\/12\/\u9c9c\u5976\u8fd0\u8f93\u8f66\u8be6\u60c5\u9875_13.webp 790w, https:\/\/ac-truck.com\/wp-content\/uploads\/2025\/12\/\u9c9c\u5976\u8fd0\u8f93\u8f66\u8be6\u60c5\u9875_13-271x300.webp 271w, https:\/\/ac-truck.com\/wp-content\/uploads\/2025\/12\/\u9c9c\u5976\u8fd0\u8f93\u8f66\u8be6\u60c5\u9875_13-768x852.webp 768w, https:\/\/ac-truck.com\/wp-content\/uploads\/2025\/12\/\u9c9c\u5976\u8fd0\u8f93\u8f66\u8be6\u60c5\u9875_13-11x12.webp 11w, https:\/\/ac-truck.com\/wp-content\/uploads\/2025\/12\/\u9c9c\u5976\u8fd0\u8f93\u8f66\u8be6\u60c5\u9875_13-600x665.webp 600w, https:\/\/ac-truck.com\/wp-content\/uploads\/2025\/12\/\u9c9c\u5976\u8fd0\u8f93\u8f66\u8be6\u60c5\u9875_13-150x166.webp 150w\" alt=\"\" width=\"1234\" height=\"1368\" \/><\/p>\n<p><strong>1. Entrada de leite: Adota um design de boca alargada de grande di\u00e2metro, com uma borda guia anti-derramamento, o que facilita a liga\u00e7\u00e3o r\u00e1pida do equipamento de ordenha na explora\u00e7\u00e3o e reduz as perdas por salpicos durante a alimenta\u00e7\u00e3o.<\/strong><br \/>\n<strong>2.\u00ba Sa\u00edda de leite: utiliza um canal de descarga inclinado, equipado com uma junta de liga\u00e7\u00e3o r\u00e1pida de grande di\u00e2metro, e a velocidade de carregamento \u00e9 20% mais r\u00e1pida do que a das interfaces comuns.<\/strong><br \/>\n<strong>3.\u00ba Design da tremonha de leite: A tremonha tem uma forma de funil, com fun\u00e7\u00f5es de transi\u00e7\u00e3o e tamponamento, sendo adequada para filtra\u00e7\u00e3o e purifica\u00e7\u00e3o.<\/strong><br \/>\n<strong>4. Bicos de carga e descarga: S\u00e3o adotadas juntas de liga\u00e7\u00e3o r\u00e1pida normalizadas, que s\u00e3o \u00e0 prova de fugas, sem perdas, higi\u00e9nicas e n\u00e3o deixam res\u00edduos.<\/strong><\/p>\n<h1 style=\"text-align: center;\">PROCESSO DE PRODU\u00c7\u00c3O<\/h1>\n<p><img loading=\"lazy\" decoding=\"async\" class=\"aligncenter wp-image-6830\" src=\"https:\/\/ac-truck.com\/wp-content\/uploads\/2025\/12\/%E9%B2%9C%E5%A5%B6%E8%BF%90%E8%BE%93%E8%BD%A6%E8%AF%A6%E6%83%85%E9%A1%B5_15.webp\" sizes=\"(max-width: 1234px) 100vw, 1234px\" srcset=\"https:\/\/ac-truck.com\/wp-content\/uploads\/2025\/12\/\u9c9c\u5976\u8fd0\u8f93\u8f66\u8be6\u60c5\u9875_15.webp 790w, https:\/\/ac-truck.com\/wp-content\/uploads\/2025\/12\/\u9c9c\u5976\u8fd0\u8f93\u8f66\u8be6\u60c5\u9875_15-124x300.webp 124w, https:\/\/ac-truck.com\/wp-content\/uploads\/2025\/12\/\u9c9c\u5976\u8fd0\u8f93\u8f66\u8be6\u60c5\u9875_15-422x1024.webp 422w, https:\/\/ac-truck.com\/wp-content\/uploads\/2025\/12\/\u9c9c\u5976\u8fd0\u8f93\u8f66\u8be6\u60c5\u9875_15-768x1866.webp 768w, https:\/\/ac-truck.com\/wp-content\/uploads\/2025\/12\/\u9c9c\u5976\u8fd0\u8f93\u8f66\u8be6\u60c5\u9875_15-632x1536.webp 632w, https:\/\/ac-truck.com\/wp-content\/uploads\/2025\/12\/\u9c9c\u5976\u8fd0\u8f93\u8f66\u8be6\u60c5\u9875_15-5x12.webp 5w, https:\/\/ac-truck.com\/wp-content\/uploads\/2025\/12\/\u9c9c\u5976\u8fd0\u8f93\u8f66\u8be6\u60c5\u9875_15-600x1457.webp 600w, https:\/\/ac-truck.com\/wp-content\/uploads\/2025\/12\/\u9c9c\u5976\u8fd0\u8f93\u8f66\u8be6\u60c5\u9875_15-150x364.webp 150w\" alt=\"\" width=\"1234\" height=\"2998\" \/><img loading=\"lazy\" decoding=\"async\" class=\"aligncenter wp-image-6831\" src=\"https:\/\/ac-truck.com\/wp-content\/uploads\/2025\/12\/%E9%B2%9C%E5%A5%B6%E8%BF%90%E8%BE%93%E8%BD%A6%E8%AF%A6%E6%83%85%E9%A1%B5_16.webp\" sizes=\"(max-width: 1234px) 100vw, 1234px\" srcset=\"https:\/\/ac-truck.com\/wp-content\/uploads\/2025\/12\/\u9c9c\u5976\u8fd0\u8f93\u8f66\u8be6\u60c5\u9875_16.webp 790w, https:\/\/ac-truck.com\/wp-content\/uploads\/2025\/12\/\u9c9c\u5976\u8fd0\u8f93\u8f66\u8be6\u60c5\u9875_16-125x300.webp 125w, https:\/\/ac-truck.com\/wp-content\/uploads\/2025\/12\/\u9c9c\u5976\u8fd0\u8f93\u8f66\u8be6\u60c5\u9875_16-426x1024.webp 426w, https:\/\/ac-truck.com\/wp-content\/uploads\/2025\/12\/\u9c9c\u5976\u8fd0\u8f93\u8f66\u8be6\u60c5\u9875_16-768x1847.webp 768w, https:\/\/ac-truck.com\/wp-content\/uploads\/2025\/12\/\u9c9c\u5976\u8fd0\u8f93\u8f66\u8be6\u60c5\u9875_16-639x1536.webp 639w, https:\/\/ac-truck.com\/wp-content\/uploads\/2025\/12\/\u9c9c\u5976\u8fd0\u8f93\u8f66\u8be6\u60c5\u9875_16-5x12.webp 5w, https:\/\/ac-truck.com\/wp-content\/uploads\/2025\/12\/\u9c9c\u5976\u8fd0\u8f93\u8f66\u8be6\u60c5\u9875_16-600x1443.webp 600w, https:\/\/ac-truck.com\/wp-content\/uploads\/2025\/12\/\u9c9c\u5976\u8fd0\u8f93\u8f66\u8be6\u60c5\u9875_16-150x361.webp 150w\" alt=\"\" width=\"1234\" height=\"2968\" \/><\/p>\n<p><strong>1. Prepara\u00e7\u00e3o dos materiais para a laminagem do tanque<\/strong><br \/>\n<strong>2. Moldagem integral do corpo do tanque<\/strong><br \/>\n<strong>3. Soldadura e conforma\u00e7\u00e3o robotizada<\/strong><br \/>\n<strong>4. Envolvimento completo com material isolante de alta densidade<\/strong><br \/>\n<strong>5. Cobertura total da camada protetora exterior de a\u00e7o inoxid\u00e1vel<\/strong><br \/>\n<strong>6. Soldadura de acess\u00f3rios para ve\u00edculos<\/strong><br \/>\n<strong>7. Montagem geral do ve\u00edculo<\/strong><br \/>\n<strong>8.\u00ba Conclus\u00e3o de toda a produ\u00e7\u00e3o do ve\u00edculo.<\/strong><\/p>\n<h1 style=\"text-align: center;\">CEN\u00c1RIOS DE APLICA\u00c7\u00c3O<\/h1>\n<p><img loading=\"lazy\" decoding=\"async\" class=\"aligncenter wp-image-6832\" src=\"https:\/\/ac-truck.com\/wp-content\/uploads\/2025\/12\/%E9%B2%9C%E5%A5%B6%E8%BF%90%E8%BE%93%E8%BD%A6%E8%AF%A6%E6%83%85%E9%A1%B5_18.webp\" sizes=\"(max-width: 1234px) 100vw, 1234px\" srcset=\"https:\/\/ac-truck.com\/wp-content\/uploads\/2025\/12\/\u9c9c\u5976\u8fd0\u8f93\u8f66\u8be6\u60c5\u9875_18.webp 790w, https:\/\/ac-truck.com\/wp-content\/uploads\/2025\/12\/\u9c9c\u5976\u8fd0\u8f93\u8f66\u8be6\u60c5\u9875_18-151x300.webp 151w, https:\/\/ac-truck.com\/wp-content\/uploads\/2025\/12\/\u9c9c\u5976\u8fd0\u8f93\u8f66\u8be6\u60c5\u9875_18-516x1024.webp 516w, https:\/\/ac-truck.com\/wp-content\/uploads\/2025\/12\/\u9c9c\u5976\u8fd0\u8f93\u8f66\u8be6\u60c5\u9875_18-768x1524.webp 768w, https:\/\/ac-truck.com\/wp-content\/uploads\/2025\/12\/\u9c9c\u5976\u8fd0\u8f93\u8f66\u8be6\u60c5\u9875_18-774x1536.webp 774w, https:\/\/ac-truck.com\/wp-content\/uploads\/2025\/12\/\u9c9c\u5976\u8fd0\u8f93\u8f66\u8be6\u60c5\u9875_18-6x12.webp 6w, https:\/\/ac-truck.com\/wp-content\/uploads\/2025\/12\/\u9c9c\u5976\u8fd0\u8f93\u8f66\u8be6\u60c5\u9875_18-600x1191.webp 600w, https:\/\/ac-truck.com\/wp-content\/uploads\/2025\/12\/\u9c9c\u5976\u8fd0\u8f93\u8f66\u8be6\u60c5\u9875_18-150x298.webp 150w\" alt=\"\" width=\"1234\" height=\"2449\" \/><\/p>\n<h1 style=\"text-align: center;\">EMBALAMENTO E TRANSPORTE<\/h1>\n<p><img loading=\"lazy\" decoding=\"async\" class=\"aligncenter wp-image-6833\" src=\"https:\/\/ac-truck.com\/wp-content\/uploads\/2025\/12\/%E9%B2%9C%E5%A5%B6%E8%BF%90%E8%BE%93%E8%BD%A6%E8%AF%A6%E6%83%85%E9%A1%B5_20.webp\" sizes=\"(max-width: 1234px) 100vw, 1234px\" srcset=\"https:\/\/ac-truck.com\/wp-content\/uploads\/2025\/12\/\u9c9c\u5976\u8fd0\u8f93\u8f66\u8be6\u60c5\u9875_20.webp 790w, https:\/\/ac-truck.com\/wp-content\/uploads\/2025\/12\/\u9c9c\u5976\u8fd0\u8f93\u8f66\u8be6\u60c5\u9875_20-158x300.webp 158w, https:\/\/ac-truck.com\/wp-content\/uploads\/2025\/12\/\u9c9c\u5976\u8fd0\u8f93\u8f66\u8be6\u60c5\u9875_20-538x1024.webp 538w, https:\/\/ac-truck.com\/wp-content\/uploads\/2025\/12\/\u9c9c\u5976\u8fd0\u8f93\u8f66\u8be6\u60c5\u9875_20-768x1462.webp 768w, https:\/\/ac-truck.com\/wp-content\/uploads\/2025\/12\/\u9c9c\u5976\u8fd0\u8f93\u8f66\u8be6\u60c5\u9875_20-6x12.webp 6w, https:\/\/ac-truck.com\/wp-content\/uploads\/2025\/12\/\u9c9c\u5976\u8fd0\u8f93\u8f66\u8be6\u60c5\u9875_20-600x1142.webp 600w, https:\/\/ac-truck.com\/wp-content\/uploads\/2025\/12\/\u9c9c\u5976\u8fd0\u8f93\u8f66\u8be6\u60c5\u9875_20-150x286.webp 150w\" alt=\"\" width=\"1234\" height=\"2349\" \/><\/p>","protected":false},"excerpt":{"rendered":"<p>PRODUCT PARAMETERS 33000L Milk Transport Semi-Trailer &nbsp; project Descriptions Specifications General\u00a0 Overall dimensions(mm) 10550*2500*3650 curb weight(Kg) 7800 Loading capacity(Kg) 33000<\/p>","protected":false},"featured_media":6927,"template":"","meta":[],"product_brand":[352],"product_cat":[345],"product_tag":[346,347,348,353],"class_list":{"0":"post-6871","1":"product","2":"type-product","3":"status-publish","4":"has-post-thumbnail","6":"product_brand-semi-trailer","7":"product_cat-milk-tank-trucks","8":"product_tag-milk-tank-truck","9":"product_tag-milk-transport-truck","10":"product_tag-milk-collection-truck","11":"product_tag-33m","13":"first","14":"instock","15":"shipping-taxable","16":"product-type-simple"},"_links":{"self":[{"href":"https:\/\/ac-truck.com\/pt\/wp-json\/wp\/v2\/product\/6871","targetHints":{"allow":["GET"]}}],"collection":[{"href":"https:\/\/ac-truck.com\/pt\/wp-json\/wp\/v2\/product"}],"about":[{"href":"https:\/\/ac-truck.com\/pt\/wp-json\/wp\/v2\/types\/product"}],"version-history":[{"count":3,"href":"https:\/\/ac-truck.com\/pt\/wp-json\/wp\/v2\/product\/6871\/revisions"}],"predecessor-version":[{"id":6933,"href":"https:\/\/ac-truck.com\/pt\/wp-json\/wp\/v2\/product\/6871\/revisions\/6933"}],"wp:featuredmedia":[{"embeddable":true,"href":"https:\/\/ac-truck.com\/pt\/wp-json\/wp\/v2\/media\/6927"}],"wp:attachment":[{"href":"https:\/\/ac-truck.com\/pt\/wp-json\/wp\/v2\/media?parent=6871"}],"wp:term":[{"taxonomy":"product_brand","embeddable":true,"href":"https:\/\/ac-truck.com\/pt\/wp-json\/wp\/v2\/product_brand?post=6871"},{"taxonomy":"product_cat","embeddable":true,"href":"https:\/\/ac-truck.com\/pt\/wp-json\/wp\/v2\/product_cat?post=6871"},{"taxonomy":"product_tag","embeddable":true,"href":"https:\/\/ac-truck.com\/pt\/wp-json\/wp\/v2\/product_tag?post=6871"}],"curies":[{"name":"wp","href":"https:\/\/api.w.org\/{rel}","templated":true}]}}