{"id":6963,"date":"2025-12-26T10:08:20","date_gmt":"2025-12-26T02:08:20","guid":{"rendered":"https:\/\/ac-truck.com\/?post_type=product&#038;p=6963"},"modified":"2026-04-08T14:39:42","modified_gmt":"2026-04-08T06:39:42","slug":"22m%c2%b3-hookloader-garbage-truck-isuzu","status":"publish","type":"product","link":"https:\/\/ac-truck.com\/pt\/22m%C2%B3-hookloader-garbage-truck-isuzu.html","title":{"rendered":"Cami\u00e3o de recolha de lixo ISUZU com gancho de 22m\u00b3"},"content":{"rendered":"<div style=\"width: 1920px;\" class=\"wp-video\"><!--[if lt IE 9]><script>document.createElement('video');<\/script><![endif]-->\n<video class=\"wp-video-shortcode\" id=\"video-6963-1\" width=\"1920\" height=\"1080\" preload=\"metadata\" controls=\"controls\"><source type=\"video\/mp4\" src=\"https:\/\/ac-truck.com\/wp-content\/uploads\/2025\/12\/\u538b\u7f29\u65e0\u6c34\u5370.mp4?_=1\" \/><a href=\"https:\/\/ac-truck.com\/wp-content\/uploads\/2025\/12\/\u538b\u7f29\u65e0\u6c34\u5370.mp4\">https:\/\/ac-truck.com\/wp-content\/uploads\/2025\/12\/\u538b\u7f29\u65e0\u6c34\u5370.mp4<\/a><\/video><\/div>\n<p><img fetchpriority=\"high\" decoding=\"async\" class=\"aligncenter wp-image-6968\" src=\"https:\/\/ac-truck.com\/wp-content\/uploads\/2025\/12\/\u4ea7\u54c1\u6d77\u62a5_01-39.webp\" alt=\"\" width=\"1234\" height=\"1617\" srcset=\"https:\/\/ac-truck.com\/wp-content\/uploads\/2025\/12\/\u4ea7\u54c1\u6d77\u62a5_01-39.webp 790w, https:\/\/ac-truck.com\/wp-content\/uploads\/2025\/12\/\u4ea7\u54c1\u6d77\u62a5_01-39-229x300.webp 229w, https:\/\/ac-truck.com\/wp-content\/uploads\/2025\/12\/\u4ea7\u54c1\u6d77\u62a5_01-39-782x1024.webp 782w, https:\/\/ac-truck.com\/wp-content\/uploads\/2025\/12\/\u4ea7\u54c1\u6d77\u62a5_01-39-768x1006.webp 768w, https:\/\/ac-truck.com\/wp-content\/uploads\/2025\/12\/\u4ea7\u54c1\u6d77\u62a5_01-39-9x12.webp 9w, https:\/\/ac-truck.com\/wp-content\/uploads\/2025\/12\/\u4ea7\u54c1\u6d77\u62a5_01-39-600x786.webp 600w, https:\/\/ac-truck.com\/wp-content\/uploads\/2025\/12\/\u4ea7\u54c1\u6d77\u62a5_01-39-150x197.webp 150w\" sizes=\"(max-width: 1234px) 100vw, 1234px\" \/><\/p>\n<h1 style=\"text-align: center;\">PAR\u00c2METROS DO PRODUTO<\/h1>\n<p><img decoding=\"async\" class=\"aligncenter wp-image-6969\" src=\"https:\/\/ac-truck.com\/wp-content\/uploads\/2025\/12\/\u4ea7\u54c1\u6d77\u62a5_03-39.webp\" alt=\"\" width=\"1234\" height=\"480\" srcset=\"https:\/\/ac-truck.com\/wp-content\/uploads\/2025\/12\/\u4ea7\u54c1\u6d77\u62a5_03-39.webp 790w, https:\/\/ac-truck.com\/wp-content\/uploads\/2025\/12\/\u4ea7\u54c1\u6d77\u62a5_03-39-300x117.webp 300w, https:\/\/ac-truck.com\/wp-content\/uploads\/2025\/12\/\u4ea7\u54c1\u6d77\u62a5_03-39-768x298.webp 768w, https:\/\/ac-truck.com\/wp-content\/uploads\/2025\/12\/\u4ea7\u54c1\u6d77\u62a5_03-39-18x7.webp 18w, https:\/\/ac-truck.com\/wp-content\/uploads\/2025\/12\/\u4ea7\u54c1\u6d77\u62a5_03-39-600x233.webp 600w, https:\/\/ac-truck.com\/wp-content\/uploads\/2025\/12\/\u4ea7\u54c1\u6d77\u62a5_03-39-150x58.webp 150w\" sizes=\"(max-width: 1234px) 100vw, 1234px\" \/><\/p>\n<h2 style=\"text-align: center;\">Cami\u00e3o de recolha de lixo ISUZU com gancho de 22m\u00b3<\/h2>\n<p>&nbsp;<\/p>\n<table>\n<tbody>\n<tr>\n<td width=\"127\"><strong>projeto<\/strong><\/td>\n<td width=\"269\"><strong>Descri\u00e7\u00f5es<\/strong><\/td>\n<td width=\"303\"><strong>\u00a0\u00a0\u00a0 Especifica\u00e7\u00f5es<\/strong><\/td>\n<\/tr>\n<tr>\n<td rowspan=\"4\" width=\"127\"><strong>General\u00a0<\/strong><\/td>\n<td width=\"269\"><strong>Dimens\u00f5es totais (mm)<\/strong><\/td>\n<td width=\"303\"><strong>9500\u00d72500\u00d73500<\/strong><\/td>\n<\/tr>\n<tr>\n<td width=\"269\"><strong>peso bruto (kg)<\/strong><\/td>\n<td width=\"303\"><strong>13200<\/strong><\/td>\n<\/tr>\n<tr>\n<td width=\"269\"><strong>Capacidade de carga (Kg)<\/strong><\/td>\n<td width=\"303\"><strong>11490<\/strong><\/td>\n<\/tr>\n<tr>\n<td width=\"269\"><strong>Massa total (Kg)<\/strong><\/td>\n<td width=\"303\"><strong>25000<\/strong><\/td>\n<\/tr>\n<tr>\n<td rowspan=\"3\" width=\"127\"><strong>Superestrutura<\/strong><\/td>\n<td width=\"269\"><strong>Capacidade de eleva\u00e7\u00e3o (toneladas)<\/strong><\/td>\n<td width=\"303\"><strong>18-22<\/strong><\/td>\n<\/tr>\n<tr>\n<td width=\"269\"><strong>Volume correspondente do contentor de lixo (m\u00b3)<\/strong><\/td>\n<td width=\"303\"><strong>22<\/strong><\/td>\n<\/tr>\n<tr>\n<td width=\"269\"><strong>Material do bra\u00e7o do gancho<\/strong><\/td>\n<td width=\"303\"><strong>A\u00e7o de alta resist\u00eancia Q40, Q50<\/strong><\/td>\n<\/tr>\n<tr>\n<td rowspan=\"7\" width=\"127\"><strong>Chassis<\/strong><\/p>\n<p>&nbsp;<\/td>\n<td width=\"269\"><strong>Marca do chassi<\/strong><\/td>\n<td width=\"303\"><strong>ISUZU<\/strong><\/td>\n<\/tr>\n<tr>\n<td width=\"269\"><strong>Formul\u00e1rio do motorista<\/strong><\/td>\n<td width=\"303\"><strong>6*4<\/strong><\/td>\n<\/tr>\n<tr>\n<td width=\"269\"><strong>Volante<\/strong><\/td>\n<td width=\"303\"><strong>Dire\u00e7\u00e3o \u00e0 esquerda<\/strong><\/td>\n<\/tr>\n<tr>\n<td width=\"269\"><strong>Dist\u00e2ncia entre eixos (mm)<\/strong><\/td>\n<td width=\"303\"><strong>4600+1370<\/strong><\/td>\n<\/tr>\n<tr>\n<td width=\"269\"><strong>Pot\u00eancia m\u00e1xima do motor (kW)<\/strong><\/td>\n<td width=\"303\"><strong>279<\/strong><\/td>\n<\/tr>\n<tr>\n<td width=\"269\"><strong>Padr\u00f5es de emiss\u00e3o<\/strong><\/td>\n<td width=\"303\"><strong>Euro 6<\/strong><\/td>\n<\/tr>\n<tr>\n<td width=\"269\"><strong>Caixa de engrenagens<\/strong><\/td>\n<td width=\"303\"><strong>Caixa de velocidades de 12 velocidades<\/strong><\/td>\n<\/tr>\n<\/tbody>\n<\/table>\n<h1 style=\"text-align: center;\">VANTAGENS DO VE\u00cdCULO<\/h1>\n<h5 style=\"text-align: center;\">ELEVADA CAPACIDADE DE CARGA<\/h5>\n<p style=\"text-align: center;\"><img decoding=\"async\" class=\"aligncenter wp-image-6937\" src=\"https:\/\/ac-truck.com\/wp-content\/uploads\/2025\/12\/%E9%92%A9%E8%87%82%E5%9E%83%E5%9C%BE%E8%BD%A6%E8%AF%A6%E6%83%85%E9%A1%B5_05.webp\" sizes=\"(max-width: 1234px) 100vw, 1234px\" srcset=\"https:\/\/ac-truck.com\/wp-content\/uploads\/2025\/12\/\u94a9\u81c2\u5783\u573e\u8f66\u8be6\u60c5\u9875_05.webp 790w, https:\/\/ac-truck.com\/wp-content\/uploads\/2025\/12\/\u94a9\u81c2\u5783\u573e\u8f66\u8be6\u60c5\u9875_05-300x216.webp 300w, https:\/\/ac-truck.com\/wp-content\/uploads\/2025\/12\/\u94a9\u81c2\u5783\u573e\u8f66\u8be6\u60c5\u9875_05-768x554.webp 768w, https:\/\/ac-truck.com\/wp-content\/uploads\/2025\/12\/\u94a9\u81c2\u5783\u573e\u8f66\u8be6\u60c5\u9875_05-18x12.webp 18w, https:\/\/ac-truck.com\/wp-content\/uploads\/2025\/12\/\u94a9\u81c2\u5783\u573e\u8f66\u8be6\u60c5\u9875_05-600x433.webp 600w, https:\/\/ac-truck.com\/wp-content\/uploads\/2025\/12\/\u94a9\u81c2\u5783\u573e\u8f66\u8be6\u60c5\u9875_05-150x108.webp 150w\" alt=\"\" width=\"1234\" height=\"890\" \/><\/p>\n<h1 style=\"text-align: center;\">COMPONENTES PRINCIPAIS DO BRA\u00c7O DO GANCHO<\/h1>\n<p><img loading=\"lazy\" decoding=\"async\" class=\"aligncenter wp-image-6938\" src=\"https:\/\/ac-truck.com\/wp-content\/uploads\/2025\/12\/%E9%92%A9%E8%87%82%E5%9E%83%E5%9C%BE%E8%BD%A6%E8%AF%A6%E6%83%85%E9%A1%B5_07.webp\" sizes=\"(max-width: 1234px) 100vw, 1234px\" srcset=\"https:\/\/ac-truck.com\/wp-content\/uploads\/2025\/12\/\u94a9\u81c2\u5783\u573e\u8f66\u8be6\u60c5\u9875_07.webp 790w, https:\/\/ac-truck.com\/wp-content\/uploads\/2025\/12\/\u94a9\u81c2\u5783\u573e\u8f66\u8be6\u60c5\u9875_07-183x300.webp 183w, https:\/\/ac-truck.com\/wp-content\/uploads\/2025\/12\/\u94a9\u81c2\u5783\u573e\u8f66\u8be6\u60c5\u9875_07-626x1024.webp 626w, https:\/\/ac-truck.com\/wp-content\/uploads\/2025\/12\/\u94a9\u81c2\u5783\u573e\u8f66\u8be6\u60c5\u9875_07-768x1257.webp 768w, https:\/\/ac-truck.com\/wp-content\/uploads\/2025\/12\/\u94a9\u81c2\u5783\u573e\u8f66\u8be6\u60c5\u9875_07-7x12.webp 7w, https:\/\/ac-truck.com\/wp-content\/uploads\/2025\/12\/\u94a9\u81c2\u5783\u573e\u8f66\u8be6\u60c5\u9875_07-600x982.webp 600w, https:\/\/ac-truck.com\/wp-content\/uploads\/2025\/12\/\u94a9\u81c2\u5783\u573e\u8f66\u8be6\u60c5\u9875_07-150x246.webp 150w\" alt=\"\" width=\"1234\" height=\"2020\" \/><\/p>\n<p><strong>1. Gancho \u2013 corpo principal do bra\u00e7o (bra\u00e7o principal + bra\u00e7o telesc\u00f3pico + gancho): Engata, levanta e recolhe o contentor de lixo diretamente. O bra\u00e7o telesc\u00f3pico adapta-se a recipientes de diferentes comprimentos.<\/strong><br \/>\n<strong>2. Cilindro hidr\u00e1ulico principal: Fornece energia hidr\u00e1ulica para a rota\u00e7\u00e3o e extens\u00e3o do bra\u00e7o do gancho e controla a velocidade e a for\u00e7a das a\u00e7\u00f5es.<\/strong><br \/>\n<strong>3. Mecanismo de bloqueio: Bloqueia o contentor ap\u00f3s o engate para evitar que se solte durante o transporte; \u00e9 fixado de forma articulada durante o descarregamento.<\/strong><br \/>\n<strong>4. Estrutura de prote\u00e7\u00e3o contra capotamento: Liga o bra\u00e7o de gancho \u00e0 estrutura auxiliar, possibilita o i\u00e7amento e o descarregamento e suporta o momento de tombamento.<\/strong><br \/>\n<strong>5. Estrutura auxiliar: Suporta o mecanismo de gancho e bra\u00e7o e o recipiente, e distribui o peso para a viga do chassis.<\/strong><\/p>\n<h1 style=\"text-align: center;\">SISTEMA E MONTAGEM HIDR\u00c1ULICA<\/h1>\n<p><img loading=\"lazy\" decoding=\"async\" class=\"aligncenter wp-image-6939\" src=\"https:\/\/ac-truck.com\/wp-content\/uploads\/2025\/12\/%E9%92%A9%E8%87%82%E5%9E%83%E5%9C%BE%E8%BD%A6%E8%AF%A6%E6%83%85%E9%A1%B5_09.webp\" sizes=\"(max-width: 1234px) 100vw, 1234px\" srcset=\"https:\/\/ac-truck.com\/wp-content\/uploads\/2025\/12\/\u94a9\u81c2\u5783\u573e\u8f66\u8be6\u60c5\u9875_09.webp 790w, https:\/\/ac-truck.com\/wp-content\/uploads\/2025\/12\/\u94a9\u81c2\u5783\u573e\u8f66\u8be6\u60c5\u9875_09-170x300.webp 170w, https:\/\/ac-truck.com\/wp-content\/uploads\/2025\/12\/\u94a9\u81c2\u5783\u573e\u8f66\u8be6\u60c5\u9875_09-581x1024.webp 581w, https:\/\/ac-truck.com\/wp-content\/uploads\/2025\/12\/\u94a9\u81c2\u5783\u573e\u8f66\u8be6\u60c5\u9875_09-768x1354.webp 768w, https:\/\/ac-truck.com\/wp-content\/uploads\/2025\/12\/\u94a9\u81c2\u5783\u573e\u8f66\u8be6\u60c5\u9875_09-7x12.webp 7w, https:\/\/ac-truck.com\/wp-content\/uploads\/2025\/12\/\u94a9\u81c2\u5783\u573e\u8f66\u8be6\u60c5\u9875_09-600x1058.webp 600w, https:\/\/ac-truck.com\/wp-content\/uploads\/2025\/12\/\u94a9\u81c2\u5783\u573e\u8f66\u8be6\u60c5\u9875_09-150x264.webp 150w\" alt=\"\" width=\"1234\" height=\"2176\" \/><\/p>\n<p><strong>1. Tomada de for\u00e7a (TDF)<\/strong><br \/>\n<strong>2. Bomba de \u00f3leo hidr\u00e1ulico<\/strong><br \/>\n<strong>3. Dep\u00f3sito de \u00f3leo hidr\u00e1ulico<\/strong><br \/>\n<strong>4. Cilindro de eleva\u00e7\u00e3o principal<\/strong><br \/>\n<strong>5. Cilindro telesc\u00f3pico incorporado<\/strong><br \/>\n<strong>6. Cilindro de bloqueio<\/strong><br \/>\n<strong>7. V\u00e1lvula hidr\u00e1ulica de m\u00faltiplas vias<\/strong><br \/>\n<strong>8. Man\u00f3metro hidr\u00e1ulico<\/strong><br \/>\n<strong>9. V\u00e1lvula de equil\u00edbrio<\/strong><br \/>\n<strong>10. Tubo de \u00f3leo hidr\u00e1ulico<\/strong><\/p>\n<h1 style=\"text-align: center;\">SIMPLES E INTELIGENTE DE OPERAR<\/h1>\n<p><img loading=\"lazy\" decoding=\"async\" class=\"aligncenter wp-image-6940\" src=\"https:\/\/ac-truck.com\/wp-content\/uploads\/2025\/12\/%E9%92%A9%E8%87%82%E5%9E%83%E5%9C%BE%E8%BD%A6%E8%AF%A6%E6%83%85%E9%A1%B5_11.webp\" sizes=\"(max-width: 1234px) 100vw, 1234px\" srcset=\"https:\/\/ac-truck.com\/wp-content\/uploads\/2025\/12\/\u94a9\u81c2\u5783\u573e\u8f66\u8be6\u60c5\u9875_11.webp 790w, https:\/\/ac-truck.com\/wp-content\/uploads\/2025\/12\/\u94a9\u81c2\u5783\u573e\u8f66\u8be6\u60c5\u9875_11-300x120.webp 300w, https:\/\/ac-truck.com\/wp-content\/uploads\/2025\/12\/\u94a9\u81c2\u5783\u573e\u8f66\u8be6\u60c5\u9875_11-768x306.webp 768w, https:\/\/ac-truck.com\/wp-content\/uploads\/2025\/12\/\u94a9\u81c2\u5783\u573e\u8f66\u8be6\u60c5\u9875_11-18x7.webp 18w, https:\/\/ac-truck.com\/wp-content\/uploads\/2025\/12\/\u94a9\u81c2\u5783\u573e\u8f66\u8be6\u60c5\u9875_11-600x239.webp 600w, https:\/\/ac-truck.com\/wp-content\/uploads\/2025\/12\/\u94a9\u81c2\u5783\u573e\u8f66\u8be6\u60c5\u9875_11-150x60.webp 150w\" alt=\"\" width=\"1234\" height=\"492\" \/><\/p>\n<p><strong>1. Controlo remoto: Permite a opera\u00e7\u00e3o remota por uma \u00fanica pessoa.<\/strong><br \/>\n<strong>2. Alavanca de opera\u00e7\u00e3o manual: Combinada com o retorno ao ponto morto e o sistema de encravamento de seguran\u00e7a para garantir uma opera\u00e7\u00e3o precisa e segura.<\/strong><\/p>\n<h1 style=\"text-align: center;\">CORRESPOND\u00caNCIA DE RECIPIENTES<\/h1>\n<p><img loading=\"lazy\" decoding=\"async\" class=\"aligncenter wp-image-6941\" src=\"https:\/\/ac-truck.com\/wp-content\/uploads\/2025\/12\/%E9%92%A9%E8%87%82%E5%9E%83%E5%9C%BE%E8%BD%A6%E8%AF%A6%E6%83%85%E9%A1%B5_13.webp\" sizes=\"(max-width: 1234px) 100vw, 1234px\" srcset=\"https:\/\/ac-truck.com\/wp-content\/uploads\/2025\/12\/\u94a9\u81c2\u5783\u573e\u8f66\u8be6\u60c5\u9875_13.webp 790w, https:\/\/ac-truck.com\/wp-content\/uploads\/2025\/12\/\u94a9\u81c2\u5783\u573e\u8f66\u8be6\u60c5\u9875_13-268x300.webp 268w, https:\/\/ac-truck.com\/wp-content\/uploads\/2025\/12\/\u94a9\u81c2\u5783\u573e\u8f66\u8be6\u60c5\u9875_13-768x860.webp 768w, https:\/\/ac-truck.com\/wp-content\/uploads\/2025\/12\/\u94a9\u81c2\u5783\u573e\u8f66\u8be6\u60c5\u9875_13-11x12.webp 11w, https:\/\/ac-truck.com\/wp-content\/uploads\/2025\/12\/\u94a9\u81c2\u5783\u573e\u8f66\u8be6\u60c5\u9875_13-600x672.webp 600w, https:\/\/ac-truck.com\/wp-content\/uploads\/2025\/12\/\u94a9\u81c2\u5783\u573e\u8f66\u8be6\u60c5\u9875_13-150x168.webp 150w\" alt=\"\" width=\"1234\" height=\"1382\" \/><\/p>\n<p><strong>1. Lixeira dom\u00e9stica<\/strong><br \/>\n<strong>2. Esta\u00e7\u00e3o m\u00f3vel de res\u00edduos<\/strong><br \/>\n<strong>3. Contentor de res\u00edduos de constru\u00e7\u00e3o<\/strong><br \/>\n<strong>4. Lixeira para lamas<\/strong><br \/>\n<strong>5. Lona \u2013 papeleira coberta<\/strong><br \/>\n<strong>6. Asa \u2013 abertura da lixeira<\/strong><\/p>\n<h1 style=\"text-align: center;\">PROCESSO DE PRODU\u00c7\u00c3O<\/h1>\n<p><img loading=\"lazy\" decoding=\"async\" class=\"aligncenter wp-image-6942\" src=\"https:\/\/ac-truck.com\/wp-content\/uploads\/2025\/12\/%E9%92%A9%E8%87%82%E5%9E%83%E5%9C%BE%E8%BD%A6%E8%AF%A6%E6%83%85%E9%A1%B5_15.webp\" sizes=\"(max-width: 1234px) 100vw, 1234px\" srcset=\"https:\/\/ac-truck.com\/wp-content\/uploads\/2025\/12\/\u94a9\u81c2\u5783\u573e\u8f66\u8be6\u60c5\u9875_15.webp 790w, https:\/\/ac-truck.com\/wp-content\/uploads\/2025\/12\/\u94a9\u81c2\u5783\u573e\u8f66\u8be6\u60c5\u9875_15-123x300.webp 123w, https:\/\/ac-truck.com\/wp-content\/uploads\/2025\/12\/\u94a9\u81c2\u5783\u573e\u8f66\u8be6\u60c5\u9875_15-418x1024.webp 418w, https:\/\/ac-truck.com\/wp-content\/uploads\/2025\/12\/\u94a9\u81c2\u5783\u573e\u8f66\u8be6\u60c5\u9875_15-768x1879.webp 768w, https:\/\/ac-truck.com\/wp-content\/uploads\/2025\/12\/\u94a9\u81c2\u5783\u573e\u8f66\u8be6\u60c5\u9875_15-628x1536.webp 628w, https:\/\/ac-truck.com\/wp-content\/uploads\/2025\/12\/\u94a9\u81c2\u5783\u573e\u8f66\u8be6\u60c5\u9875_15-5x12.webp 5w, https:\/\/ac-truck.com\/wp-content\/uploads\/2025\/12\/\u94a9\u81c2\u5783\u573e\u8f66\u8be6\u60c5\u9875_15-600x1468.webp 600w, https:\/\/ac-truck.com\/wp-content\/uploads\/2025\/12\/\u94a9\u81c2\u5783\u573e\u8f66\u8be6\u60c5\u9875_15-150x367.webp 150w\" alt=\"\" width=\"1234\" height=\"3019\" \/><img loading=\"lazy\" decoding=\"async\" class=\"aligncenter wp-image-6943\" src=\"https:\/\/ac-truck.com\/wp-content\/uploads\/2025\/12\/%E9%92%A9%E8%87%82%E5%9E%83%E5%9C%BE%E8%BD%A6%E8%AF%A6%E6%83%85%E9%A1%B5_16.webp\" sizes=\"(max-width: 1234px) 100vw, 1234px\" srcset=\"https:\/\/ac-truck.com\/wp-content\/uploads\/2025\/12\/\u94a9\u81c2\u5783\u573e\u8f66\u8be6\u60c5\u9875_16.webp 790w, https:\/\/ac-truck.com\/wp-content\/uploads\/2025\/12\/\u94a9\u81c2\u5783\u573e\u8f66\u8be6\u60c5\u9875_16-163x300.webp 163w, https:\/\/ac-truck.com\/wp-content\/uploads\/2025\/12\/\u94a9\u81c2\u5783\u573e\u8f66\u8be6\u60c5\u9875_16-556x1024.webp 556w, https:\/\/ac-truck.com\/wp-content\/uploads\/2025\/12\/\u94a9\u81c2\u5783\u573e\u8f66\u8be6\u60c5\u9875_16-768x1415.webp 768w, https:\/\/ac-truck.com\/wp-content\/uploads\/2025\/12\/\u94a9\u81c2\u5783\u573e\u8f66\u8be6\u60c5\u9875_16-7x12.webp 7w, https:\/\/ac-truck.com\/wp-content\/uploads\/2025\/12\/\u94a9\u81c2\u5783\u573e\u8f66\u8be6\u60c5\u9875_16-600x1106.webp 600w, https:\/\/ac-truck.com\/wp-content\/uploads\/2025\/12\/\u94a9\u81c2\u5783\u573e\u8f66\u8be6\u60c5\u9875_16-150x276.webp 150w\" alt=\"\" width=\"1234\" height=\"2274\" \/><\/p>\n<p><strong>1. Corte de produ\u00e7\u00e3o<\/strong><br \/>\n<strong>2. Fabrico de estruturas auxiliares<\/strong><br \/>\n<strong>3. Conjunto do corpo principal do gancho-bra\u00e7o<\/strong><br \/>\n<strong>4. Montagem de componentes hidr\u00e1ulicos<\/strong><br \/>\n<strong>5. Instala\u00e7\u00e3o da estrutura auxiliar<\/strong><br \/>\n<strong>6. Mecanismo de gancho-bra\u00e7o e conjunto do cilindro<\/strong><br \/>\n<strong>7. Conclus\u00e3o da instala\u00e7\u00e3o da superestrutura do ve\u00edculo<\/strong><\/p>\n<h1 style=\"text-align: center;\">CEN\u00c1RIOS DE APLICA\u00c7\u00c3O<\/h1>\n<p><img loading=\"lazy\" decoding=\"async\" class=\"aligncenter wp-image-6944\" src=\"https:\/\/ac-truck.com\/wp-content\/uploads\/2025\/12\/%E9%92%A9%E8%87%82%E5%9E%83%E5%9C%BE%E8%BD%A6%E8%AF%A6%E6%83%85%E9%A1%B5_18.webp\" sizes=\"(max-width: 1234px) 100vw, 1234px\" srcset=\"https:\/\/ac-truck.com\/wp-content\/uploads\/2025\/12\/\u94a9\u81c2\u5783\u573e\u8f66\u8be6\u60c5\u9875_18.webp 790w, https:\/\/ac-truck.com\/wp-content\/uploads\/2025\/12\/\u94a9\u81c2\u5783\u573e\u8f66\u8be6\u60c5\u9875_18-156x300.webp 156w, https:\/\/ac-truck.com\/wp-content\/uploads\/2025\/12\/\u94a9\u81c2\u5783\u573e\u8f66\u8be6\u60c5\u9875_18-532x1024.webp 532w, https:\/\/ac-truck.com\/wp-content\/uploads\/2025\/12\/\u94a9\u81c2\u5783\u573e\u8f66\u8be6\u60c5\u9875_18-768x1478.webp 768w, https:\/\/ac-truck.com\/wp-content\/uploads\/2025\/12\/\u94a9\u81c2\u5783\u573e\u8f66\u8be6\u60c5\u9875_18-6x12.webp 6w, https:\/\/ac-truck.com\/wp-content\/uploads\/2025\/12\/\u94a9\u81c2\u5783\u573e\u8f66\u8be6\u60c5\u9875_18-600x1154.webp 600w, https:\/\/ac-truck.com\/wp-content\/uploads\/2025\/12\/\u94a9\u81c2\u5783\u573e\u8f66\u8be6\u60c5\u9875_18-150x289.webp 150w\" alt=\"\" width=\"1234\" height=\"2374\" \/><\/p>\n<h1 style=\"text-align: center;\">EMBALAMENTO E TRANSPORTE<\/h1>\n<p><img loading=\"lazy\" decoding=\"async\" class=\"aligncenter wp-image-6945\" src=\"https:\/\/ac-truck.com\/wp-content\/uploads\/2025\/12\/%E9%92%A9%E8%87%82%E5%9E%83%E5%9C%BE%E8%BD%A6%E8%AF%A6%E6%83%85%E9%A1%B5_20.webp\" sizes=\"(max-width: 1234px) 100vw, 1234px\" srcset=\"https:\/\/ac-truck.com\/wp-content\/uploads\/2025\/12\/\u94a9\u81c2\u5783\u573e\u8f66\u8be6\u60c5\u9875_20.webp 790w, https:\/\/ac-truck.com\/wp-content\/uploads\/2025\/12\/\u94a9\u81c2\u5783\u573e\u8f66\u8be6\u60c5\u9875_20-168x300.webp 168w, https:\/\/ac-truck.com\/wp-content\/uploads\/2025\/12\/\u94a9\u81c2\u5783\u573e\u8f66\u8be6\u60c5\u9875_20-573x1024.webp 573w, https:\/\/ac-truck.com\/wp-content\/uploads\/2025\/12\/\u94a9\u81c2\u5783\u573e\u8f66\u8be6\u60c5\u9875_20-768x1373.webp 768w, https:\/\/ac-truck.com\/wp-content\/uploads\/2025\/12\/\u94a9\u81c2\u5783\u573e\u8f66\u8be6\u60c5\u9875_20-7x12.webp 7w, https:\/\/ac-truck.com\/wp-content\/uploads\/2025\/12\/\u94a9\u81c2\u5783\u573e\u8f66\u8be6\u60c5\u9875_20-600x1072.webp 600w, https:\/\/ac-truck.com\/wp-content\/uploads\/2025\/12\/\u94a9\u81c2\u5783\u573e\u8f66\u8be6\u60c5\u9875_20-150x268.webp 150w\" alt=\"\" width=\"1234\" height=\"2206\" \/><\/p>","protected":false},"excerpt":{"rendered":"<p>PRODUCT PARAMETERS 22m\u00b3 Hookloader Garbage Truck ISUZU &nbsp; project Descriptions \u00a0\u00a0\u00a0 Specifications General\u00a0 Overall dimensions(mm) 9500\u00d72500\u00d73500 curb weight(Kg) 13200 Loading<\/p>","protected":false},"featured_media":6970,"template":"","meta":[],"product_brand":[213],"product_cat":[192],"product_tag":[200,204,344,355],"class_list":{"0":"post-6963","1":"product","2":"type-product","3":"status-publish","4":"has-post-thumbnail","6":"product_brand-isuzu","7":"product_cat-garbage-trucks","8":"product_tag-hookloader","9":"product_tag-skiploader","10":"product_tag-22m","11":"product_tag-hooklifts","13":"first","14":"instock","15":"shipping-taxable","16":"product-type-simple"},"_links":{"self":[{"href":"https:\/\/ac-truck.com\/pt\/wp-json\/wp\/v2\/product\/6963","targetHints":{"allow":["GET"]}}],"collection":[{"href":"https:\/\/ac-truck.com\/pt\/wp-json\/wp\/v2\/product"}],"about":[{"href":"https:\/\/ac-truck.com\/pt\/wp-json\/wp\/v2\/types\/product"}],"version-history":[{"count":2,"href":"https:\/\/ac-truck.com\/pt\/wp-json\/wp\/v2\/product\/6963\/revisions"}],"predecessor-version":[{"id":7921,"href":"https:\/\/ac-truck.com\/pt\/wp-json\/wp\/v2\/product\/6963\/revisions\/7921"}],"wp:featuredmedia":[{"embeddable":true,"href":"https:\/\/ac-truck.com\/pt\/wp-json\/wp\/v2\/media\/6970"}],"wp:attachment":[{"href":"https:\/\/ac-truck.com\/pt\/wp-json\/wp\/v2\/media?parent=6963"}],"wp:term":[{"taxonomy":"product_brand","embeddable":true,"href":"https:\/\/ac-truck.com\/pt\/wp-json\/wp\/v2\/product_brand?post=6963"},{"taxonomy":"product_cat","embeddable":true,"href":"https:\/\/ac-truck.com\/pt\/wp-json\/wp\/v2\/product_cat?post=6963"},{"taxonomy":"product_tag","embeddable":true,"href":"https:\/\/ac-truck.com\/pt\/wp-json\/wp\/v2\/product_tag?post=6963"}],"curies":[{"name":"wp","href":"https:\/\/api.w.org\/{rel}","templated":true}]}}