{"id":7054,"date":"2026-01-06T16:12:40","date_gmt":"2026-01-06T08:12:40","guid":{"rendered":"https:\/\/ac-truck.com\/?post_type=product&#038;p=7054"},"modified":"2026-01-06T16:12:41","modified_gmt":"2026-01-06T08:12:41","slug":"13t-towing-truck-foton","status":"publish","type":"product","link":"https:\/\/ac-truck.com\/pt\/13t-towing-truck-foton.html","title":{"rendered":"Cami\u00e3o de reboque 13T FOTON"},"content":{"rendered":"<p><img fetchpriority=\"high\" decoding=\"async\" class=\"aligncenter wp-image-7055\" src=\"https:\/\/ac-truck.com\/wp-content\/uploads\/2026\/01\/\u4ea7\u54c1\u6d77\u62a5_01.webp\" alt=\"\" width=\"1234\" height=\"1620\" srcset=\"https:\/\/ac-truck.com\/wp-content\/uploads\/2026\/01\/\u4ea7\u54c1\u6d77\u62a5_01.webp 790w, https:\/\/ac-truck.com\/wp-content\/uploads\/2026\/01\/\u4ea7\u54c1\u6d77\u62a5_01-229x300.webp 229w, https:\/\/ac-truck.com\/wp-content\/uploads\/2026\/01\/\u4ea7\u54c1\u6d77\u62a5_01-780x1024.webp 780w, https:\/\/ac-truck.com\/wp-content\/uploads\/2026\/01\/\u4ea7\u54c1\u6d77\u62a5_01-768x1008.webp 768w, https:\/\/ac-truck.com\/wp-content\/uploads\/2026\/01\/\u4ea7\u54c1\u6d77\u62a5_01-9x12.webp 9w, https:\/\/ac-truck.com\/wp-content\/uploads\/2026\/01\/\u4ea7\u54c1\u6d77\u62a5_01-600x788.webp 600w, https:\/\/ac-truck.com\/wp-content\/uploads\/2026\/01\/\u4ea7\u54c1\u6d77\u62a5_01-150x197.webp 150w\" sizes=\"(max-width: 1234px) 100vw, 1234px\" \/><\/p>\n<h1 style=\"text-align: center;\">PAR\u00c2METROS DO PRODUTO<\/h1>\n<p><img decoding=\"async\" class=\"aligncenter wp-image-7056\" src=\"https:\/\/ac-truck.com\/wp-content\/uploads\/2026\/01\/\u4ea7\u54c1\u6d77\u62a5_03.webp\" alt=\"\" width=\"1234\" height=\"476\" srcset=\"https:\/\/ac-truck.com\/wp-content\/uploads\/2026\/01\/\u4ea7\u54c1\u6d77\u62a5_03.webp 790w, https:\/\/ac-truck.com\/wp-content\/uploads\/2026\/01\/\u4ea7\u54c1\u6d77\u62a5_03-300x116.webp 300w, https:\/\/ac-truck.com\/wp-content\/uploads\/2026\/01\/\u4ea7\u54c1\u6d77\u62a5_03-768x297.webp 768w, https:\/\/ac-truck.com\/wp-content\/uploads\/2026\/01\/\u4ea7\u54c1\u6d77\u62a5_03-18x7.webp 18w, https:\/\/ac-truck.com\/wp-content\/uploads\/2026\/01\/\u4ea7\u54c1\u6d77\u62a5_03-600x232.webp 600w, https:\/\/ac-truck.com\/wp-content\/uploads\/2026\/01\/\u4ea7\u54c1\u6d77\u62a5_03-150x58.webp 150w\" sizes=\"(max-width: 1234px) 100vw, 1234px\" \/><\/p>\n<h2 style=\"text-align: center;\">Cami\u00e3o de reboque 13T FOTON<\/h2>\n<table>\n<tbody>\n<tr>\n<td width=\"79\"><strong>projeto<\/strong><\/td>\n<td colspan=\"2\" width=\"319\"><strong>Descri\u00e7\u00f5es<\/strong><\/td>\n<td width=\"288\"><strong>Especifica\u00e7\u00f5es<\/strong><\/td>\n<\/tr>\n<tr>\n<td rowspan=\"3\" width=\"79\"><strong>B\u00e1sico<\/strong><\/td>\n<td colspan=\"2\" width=\"319\"><strong>Dimens\u00f5es totais (mm)<\/strong><\/td>\n<td width=\"288\"><strong>8850\u00d72550\u00d72870<\/strong><\/td>\n<\/tr>\n<tr>\n<td colspan=\"2\" width=\"319\"><strong>peso bruto (kg)<\/strong><\/td>\n<td width=\"288\"><strong>13250<\/strong><\/td>\n<\/tr>\n<tr>\n<td colspan=\"2\" width=\"319\"><strong>Massa total (Kg)<\/strong><\/td>\n<td width=\"288\"><strong>18000<\/strong><\/td>\n<\/tr>\n<tr>\n<td rowspan=\"5\" width=\"79\"><strong>Corpo<\/strong><\/td>\n<td colspan=\"2\" width=\"319\"><strong>Capacidade m\u00e1xima de reboque (kg)<\/strong><\/td>\n<td width=\"288\"><strong>20000<\/strong><\/td>\n<\/tr>\n<tr>\n<td rowspan=\"2\" width=\"69\"><strong>Sistema de eleva\u00e7\u00e3o traseira<\/strong><\/td>\n<td width=\"250\"><strong>Capacidade m\u00e1xima de eleva\u00e7\u00e3o (kg)<\/strong><\/td>\n<td width=\"288\"><strong>13000<\/strong><\/td>\n<\/tr>\n<tr>\n<td width=\"250\"><strong>Capacidade m\u00e1xima de eleva\u00e7\u00e3o quando totalmente estendido (kg)<\/strong><\/td>\n<td width=\"288\"><strong>6000<\/strong><\/td>\n<\/tr>\n<tr>\n<td rowspan=\"2\" width=\"69\"><strong>Sistema de grua<\/strong><\/td>\n<td width=\"250\"><strong>Capacidade m\u00e1xima de eleva\u00e7\u00e3o (kg)<\/strong><\/td>\n<td width=\"288\"><strong>13000<\/strong><\/td>\n<\/tr>\n<tr>\n<td width=\"250\"><strong>Altura m\u00e1xima de eleva\u00e7\u00e3o (mm)<\/strong><\/td>\n<td width=\"288\"><strong>4800<\/strong><\/td>\n<\/tr>\n<tr>\n<td rowspan=\"7\" width=\"79\"><strong>Chassis<\/strong><\/p>\n<p>&nbsp;<\/td>\n<td colspan=\"2\" width=\"319\"><strong>Marca do chassi<\/strong><\/td>\n<td width=\"288\"><strong>F\u00d3TON<\/strong><\/td>\n<\/tr>\n<tr>\n<td colspan=\"2\" width=\"319\"><strong>Formul\u00e1rio de unidade<\/strong><\/td>\n<td width=\"288\"><strong>4\u00d72<\/strong><\/td>\n<\/tr>\n<tr>\n<td colspan=\"2\" width=\"319\"><strong>Volante<\/strong><\/td>\n<td width=\"288\"><strong>Dire\u00e7\u00e3o \u00e0 esquerda<\/strong><\/td>\n<\/tr>\n<tr>\n<td colspan=\"2\" width=\"319\"><strong>Marca e modelo do motor<\/strong><\/td>\n<td width=\"288\"><strong>Cummins\/F4.5NS6B220<\/strong><\/td>\n<\/tr>\n<tr>\n<td colspan=\"2\" width=\"319\"><strong>Pot\u00eancia m\u00e1xima do motor (kW)<\/strong><\/td>\n<td width=\"288\"><strong>162<\/strong><\/td>\n<\/tr>\n<tr>\n<td colspan=\"2\" width=\"319\"><strong>Padr\u00f5es de emiss\u00e3o<\/strong><\/td>\n<td width=\"288\"><strong>Euro 5<\/strong><\/td>\n<\/tr>\n<tr>\n<td colspan=\"2\" width=\"319\"><strong>Caixa de engrenagens<\/strong><\/td>\n<td width=\"288\"><strong>6-speed manual<\/strong><\/td>\n<\/tr>\n<\/tbody>\n<\/table>\n<h1 style=\"text-align: center;\">VANTAGENS DO VE\u00cdCULO<\/h1>\n<h5 style=\"text-align: center;\">CAPACIDADE DE REBOQUE PARA TODAS AS TONELADAS<\/h5>\n<p><img decoding=\"async\" class=\"aligncenter wp-image-7057\" src=\"https:\/\/ac-truck.com\/wp-content\/uploads\/2026\/01\/\u91cd\u578b\u6e05\u969c\u8f66\u8be6\u60c5\u9875_05.webp\" alt=\"\" width=\"1234\" height=\"1715\" srcset=\"https:\/\/ac-truck.com\/wp-content\/uploads\/2026\/01\/\u91cd\u578b\u6e05\u969c\u8f66\u8be6\u60c5\u9875_05.webp 790w, https:\/\/ac-truck.com\/wp-content\/uploads\/2026\/01\/\u91cd\u578b\u6e05\u969c\u8f66\u8be6\u60c5\u9875_05-216x300.webp 216w, https:\/\/ac-truck.com\/wp-content\/uploads\/2026\/01\/\u91cd\u578b\u6e05\u969c\u8f66\u8be6\u60c5\u9875_05-737x1024.webp 737w, https:\/\/ac-truck.com\/wp-content\/uploads\/2026\/01\/\u91cd\u578b\u6e05\u969c\u8f66\u8be6\u60c5\u9875_05-768x1067.webp 768w, https:\/\/ac-truck.com\/wp-content\/uploads\/2026\/01\/\u91cd\u578b\u6e05\u969c\u8f66\u8be6\u60c5\u9875_05-9x12.webp 9w, https:\/\/ac-truck.com\/wp-content\/uploads\/2026\/01\/\u91cd\u578b\u6e05\u969c\u8f66\u8be6\u60c5\u9875_05-600x834.webp 600w, https:\/\/ac-truck.com\/wp-content\/uploads\/2026\/01\/\u91cd\u578b\u6e05\u969c\u8f66\u8be6\u60c5\u9875_05-150x208.webp 150w\" sizes=\"(max-width: 1234px) 100vw, 1234px\" \/> <img loading=\"lazy\" decoding=\"async\" class=\"aligncenter wp-image-7058\" src=\"https:\/\/ac-truck.com\/wp-content\/uploads\/2026\/01\/\u91cd\u578b\u6e05\u969c\u8f66\u8be6\u60c5\u9875_06.webp\" alt=\"\" width=\"1234\" height=\"2990\" srcset=\"https:\/\/ac-truck.com\/wp-content\/uploads\/2026\/01\/\u91cd\u578b\u6e05\u969c\u8f66\u8be6\u60c5\u9875_06.webp 790w, https:\/\/ac-truck.com\/wp-content\/uploads\/2026\/01\/\u91cd\u578b\u6e05\u969c\u8f66\u8be6\u60c5\u9875_06-124x300.webp 124w, https:\/\/ac-truck.com\/wp-content\/uploads\/2026\/01\/\u91cd\u578b\u6e05\u969c\u8f66\u8be6\u60c5\u9875_06-423x1024.webp 423w, https:\/\/ac-truck.com\/wp-content\/uploads\/2026\/01\/\u91cd\u578b\u6e05\u969c\u8f66\u8be6\u60c5\u9875_06-768x1861.webp 768w, https:\/\/ac-truck.com\/wp-content\/uploads\/2026\/01\/\u91cd\u578b\u6e05\u969c\u8f66\u8be6\u60c5\u9875_06-634x1536.webp 634w, https:\/\/ac-truck.com\/wp-content\/uploads\/2026\/01\/\u91cd\u578b\u6e05\u969c\u8f66\u8be6\u60c5\u9875_06-5x12.webp 5w, https:\/\/ac-truck.com\/wp-content\/uploads\/2026\/01\/\u91cd\u578b\u6e05\u969c\u8f66\u8be6\u60c5\u9875_06-600x1454.webp 600w, https:\/\/ac-truck.com\/wp-content\/uploads\/2026\/01\/\u91cd\u578b\u6e05\u969c\u8f66\u8be6\u60c5\u9875_06-150x363.webp 150w\" sizes=\"(max-width: 1234px) 100vw, 1234px\" \/><\/p>\n<p>1. Main and auxiliary telescopic arms: They do not deform or bend underheavy loads. With a multi -section telescopic design, they have a wider operating radius, capable of handling situations such as heavy &#8211; vehicle roll-overs, fallinginto ditches, and long-distance towing. They can providedirect support.<br \/>\n2. High &#8211; load &#8211; bearing rear support arm: lt is integrally forged with in-creased thickness and width. lt supports multi &#8211; gear telescoping and multi-angle flipping (0 -90\u00b0), and is suitable for heavy &#8211; duty vehicles with differ-ent wheelbases and various fault postures (wheel &#8211; locked, rolled &#8211; over,axle &#8211; broken).it can realize the overall vehicle lifting and transportation.<br \/>\n3. Large &#8211; tonnage hydraulic winch: High -strength wear -resistant steel -core ropes are selected. lt comes with a brake self &#8211; locking and slow &#8211; low-ering function. it does not slip or roll backward during heavy- load towing,and is suitable for extreme working conditions ofemergency towing ofheavy &#8211; duty vehicles.<\/p>\n<h1 style=\"text-align: center;\">N\u00daCLEO DE APOIO \u00c0 SEGURAN\u00c7A<\/h1>\n<p><img loading=\"lazy\" decoding=\"async\" class=\"aligncenter wp-image-7059\" src=\"https:\/\/ac-truck.com\/wp-content\/uploads\/2026\/01\/\u91cd\u578b\u6e05\u969c\u8f66\u8be6\u60c5\u9875_08.webp\" alt=\"\" width=\"1234\" height=\"3800\" srcset=\"https:\/\/ac-truck.com\/wp-content\/uploads\/2026\/01\/\u91cd\u578b\u6e05\u969c\u8f66\u8be6\u60c5\u9875_08.webp 790w, https:\/\/ac-truck.com\/wp-content\/uploads\/2026\/01\/\u91cd\u578b\u6e05\u969c\u8f66\u8be6\u60c5\u9875_08-97x300.webp 97w, https:\/\/ac-truck.com\/wp-content\/uploads\/2026\/01\/\u91cd\u578b\u6e05\u969c\u8f66\u8be6\u60c5\u9875_08-768x2365.webp 768w, https:\/\/ac-truck.com\/wp-content\/uploads\/2026\/01\/\u91cd\u578b\u6e05\u969c\u8f66\u8be6\u60c5\u9875_08-499x1536.webp 499w, https:\/\/ac-truck.com\/wp-content\/uploads\/2026\/01\/\u91cd\u578b\u6e05\u969c\u8f66\u8be6\u60c5\u9875_08-665x2048.webp 665w, https:\/\/ac-truck.com\/wp-content\/uploads\/2026\/01\/\u91cd\u578b\u6e05\u969c\u8f66\u8be6\u60c5\u9875_08-4x12.webp 4w, https:\/\/ac-truck.com\/wp-content\/uploads\/2026\/01\/\u91cd\u578b\u6e05\u969c\u8f66\u8be6\u60c5\u9875_08-600x1848.webp 600w, https:\/\/ac-truck.com\/wp-content\/uploads\/2026\/01\/\u91cd\u578b\u6e05\u969c\u8f66\u8be6\u60c5\u9875_08-150x462.webp 150w\" sizes=\"(max-width: 1234px) 100vw, 1234px\" \/><\/p>\n<p>1.Heavy &#8211; duty special chassis<br \/>\n2. Estabilizadores hidr\u00e1ulicos dianteiros e traseiros<br \/>\n3. Strong &#8211; support hydraulic front outrigger<br \/>\n4. Estabilizador traseiro hidr\u00e1ulico de suporte refor\u00e7ado<\/p>\n<h1 style=\"text-align: center;\">\u041e\u0421\u041d\u041e\u0412\u041d\u0410\u042f \u0413\u0418\u0414\u0420\u0410\u0412\u041b\u0418\u0427\u0415\u0421\u041a\u0410\u042f \u0421\u0418\u0421\u0422\u0415\u041c\u0410<\/h1>\n<p><img loading=\"lazy\" decoding=\"async\" class=\"aligncenter wp-image-7060\" src=\"https:\/\/ac-truck.com\/wp-content\/uploads\/2026\/01\/\u91cd\u578b\u6e05\u969c\u8f66\u8be6\u60c5\u9875_10.webp\" alt=\"\" width=\"1234\" height=\"3012\" srcset=\"https:\/\/ac-truck.com\/wp-content\/uploads\/2026\/01\/\u91cd\u578b\u6e05\u969c\u8f66\u8be6\u60c5\u9875_10.webp 790w, https:\/\/ac-truck.com\/wp-content\/uploads\/2026\/01\/\u91cd\u578b\u6e05\u969c\u8f66\u8be6\u60c5\u9875_10-123x300.webp 123w, https:\/\/ac-truck.com\/wp-content\/uploads\/2026\/01\/\u91cd\u578b\u6e05\u969c\u8f66\u8be6\u60c5\u9875_10-420x1024.webp 420w, https:\/\/ac-truck.com\/wp-content\/uploads\/2026\/01\/\u91cd\u578b\u6e05\u969c\u8f66\u8be6\u60c5\u9875_10-768x1874.webp 768w, https:\/\/ac-truck.com\/wp-content\/uploads\/2026\/01\/\u91cd\u578b\u6e05\u969c\u8f66\u8be6\u60c5\u9875_10-629x1536.webp 629w, https:\/\/ac-truck.com\/wp-content\/uploads\/2026\/01\/\u91cd\u578b\u6e05\u969c\u8f66\u8be6\u60c5\u9875_10-5x12.webp 5w, https:\/\/ac-truck.com\/wp-content\/uploads\/2026\/01\/\u91cd\u578b\u6e05\u969c\u8f66\u8be6\u60c5\u9875_10-600x1464.webp 600w, https:\/\/ac-truck.com\/wp-content\/uploads\/2026\/01\/\u91cd\u578b\u6e05\u969c\u8f66\u8be6\u60c5\u9875_10-150x366.webp 150w\" sizes=\"(max-width: 1234px) 100vw, 1234px\" \/><\/p>\n<p>1. Large &#8211; capacity hydraulic oil tank<br \/>\n2. High &#8211; pressure sealed pipeline<br \/>\n3. High &#8211; pressure multi &#8211; way reversing valve<br \/>\n4. Cilindro hidr\u00e1ulico com grande di\u00e2metro interior<br \/>\n5. Cilindro hidr\u00e1ulico do bra\u00e7o de suporte traseiro<br \/>\n6. Motor rotativo hidr\u00e1ulico<\/p>\n<h1 style=\"text-align: center;\">FERRAMENTAS PARA FINS ESPECIAIS<\/h1>\n<p><img loading=\"lazy\" decoding=\"async\" class=\"aligncenter wp-image-7061\" src=\"https:\/\/ac-truck.com\/wp-content\/uploads\/2026\/01\/\u91cd\u578b\u6e05\u969c\u8f66\u8be6\u60c5\u9875_12.webp\" alt=\"\" width=\"1234\" height=\"675\" srcset=\"https:\/\/ac-truck.com\/wp-content\/uploads\/2026\/01\/\u91cd\u578b\u6e05\u969c\u8f66\u8be6\u60c5\u9875_12.webp 790w, https:\/\/ac-truck.com\/wp-content\/uploads\/2026\/01\/\u91cd\u578b\u6e05\u969c\u8f66\u8be6\u60c5\u9875_12-300x164.webp 300w, https:\/\/ac-truck.com\/wp-content\/uploads\/2026\/01\/\u91cd\u578b\u6e05\u969c\u8f66\u8be6\u60c5\u9875_12-768x420.webp 768w, https:\/\/ac-truck.com\/wp-content\/uploads\/2026\/01\/\u91cd\u578b\u6e05\u969c\u8f66\u8be6\u60c5\u9875_12-18x10.webp 18w, https:\/\/ac-truck.com\/wp-content\/uploads\/2026\/01\/\u91cd\u578b\u6e05\u969c\u8f66\u8be6\u60c5\u9875_12-600x328.webp 600w, https:\/\/ac-truck.com\/wp-content\/uploads\/2026\/01\/\u91cd\u578b\u6e05\u969c\u8f66\u8be6\u60c5\u9875_12-150x82.webp 150w\" sizes=\"(max-width: 1234px) 100vw, 1234px\" \/><\/p>\n<h1 style=\"text-align: center;\">PROCESSO DE PRODU\u00c7\u00c3O<\/h1>\n<p><img loading=\"lazy\" decoding=\"async\" class=\"aligncenter wp-image-7062\" src=\"https:\/\/ac-truck.com\/wp-content\/uploads\/2026\/01\/\u91cd\u578b\u6e05\u969c\u8f66\u8be6\u60c5\u9875_14-scaled.webp\" alt=\"\" width=\"1234\" height=\"4212\" srcset=\"https:\/\/ac-truck.com\/wp-content\/uploads\/2026\/01\/\u91cd\u578b\u6e05\u969c\u8f66\u8be6\u60c5\u9875_14-scaled.webp 750w, https:\/\/ac-truck.com\/wp-content\/uploads\/2026\/01\/\u91cd\u578b\u6e05\u969c\u8f66\u8be6\u60c5\u9875_14-88x300.webp 88w, https:\/\/ac-truck.com\/wp-content\/uploads\/2026\/01\/\u91cd\u578b\u6e05\u969c\u8f66\u8be6\u60c5\u9875_14-300x1024.webp 300w, https:\/\/ac-truck.com\/wp-content\/uploads\/2026\/01\/\u91cd\u578b\u6e05\u969c\u8f66\u8be6\u60c5\u9875_14-768x2620.webp 768w, https:\/\/ac-truck.com\/wp-content\/uploads\/2026\/01\/\u91cd\u578b\u6e05\u969c\u8f66\u8be6\u60c5\u9875_14-450x1536.webp 450w, https:\/\/ac-truck.com\/wp-content\/uploads\/2026\/01\/\u91cd\u578b\u6e05\u969c\u8f66\u8be6\u60c5\u9875_14-600x2047.webp 600w, https:\/\/ac-truck.com\/wp-content\/uploads\/2026\/01\/\u91cd\u578b\u6e05\u969c\u8f66\u8be6\u60c5\u9875_14-150x512.webp 150w\" sizes=\"(max-width: 1234px) 100vw, 1234px\" \/><\/p>\n<p>1. Os componentes estruturais s\u00e3o tratados com pintura electrofor\u00e9tica.<br \/>\n2. The carriage, main and auxiliary arms are pre &#8211; assembled after elec trophoresis.<br \/>\n3.\u00ba O carro, os bra\u00e7os principal e auxiliar s\u00e3o montados ap\u00f3s a secagem da pintura.<br \/>\n4. Instale os acess\u00f3rios e os detalhes de controlo.<br \/>\n5. A montagem geral do ve\u00edculo est\u00e1 conclu\u00edda.<\/p>\n<h1 style=\"text-align: center;\">CEN\u00c1RIOS DE APLICA\u00c7\u00c3O<\/h1>\n<p><img loading=\"lazy\" decoding=\"async\" class=\"aligncenter wp-image-7063\" src=\"https:\/\/ac-truck.com\/wp-content\/uploads\/2026\/01\/\u91cd\u578b\u6e05\u969c\u8f66\u8be6\u60c5\u9875_16.webp\" alt=\"\" width=\"1234\" height=\"2368\" srcset=\"https:\/\/ac-truck.com\/wp-content\/uploads\/2026\/01\/\u91cd\u578b\u6e05\u969c\u8f66\u8be6\u60c5\u9875_16.webp 790w, https:\/\/ac-truck.com\/wp-content\/uploads\/2026\/01\/\u91cd\u578b\u6e05\u969c\u8f66\u8be6\u60c5\u9875_16-156x300.webp 156w, https:\/\/ac-truck.com\/wp-content\/uploads\/2026\/01\/\u91cd\u578b\u6e05\u969c\u8f66\u8be6\u60c5\u9875_16-534x1024.webp 534w, https:\/\/ac-truck.com\/wp-content\/uploads\/2026\/01\/\u91cd\u578b\u6e05\u969c\u8f66\u8be6\u60c5\u9875_16-768x1474.webp 768w, https:\/\/ac-truck.com\/wp-content\/uploads\/2026\/01\/\u91cd\u578b\u6e05\u969c\u8f66\u8be6\u60c5\u9875_16-6x12.webp 6w, https:\/\/ac-truck.com\/wp-content\/uploads\/2026\/01\/\u91cd\u578b\u6e05\u969c\u8f66\u8be6\u60c5\u9875_16-600x1151.webp 600w, https:\/\/ac-truck.com\/wp-content\/uploads\/2026\/01\/\u91cd\u578b\u6e05\u969c\u8f66\u8be6\u60c5\u9875_16-150x288.webp 150w\" sizes=\"(max-width: 1234px) 100vw, 1234px\" \/><\/p>\n<h1 style=\"text-align: center;\">EMBALAMENTO E TRANSPORTE<\/h1>\n<p><img loading=\"lazy\" decoding=\"async\" class=\"aligncenter wp-image-7064\" src=\"https:\/\/ac-truck.com\/wp-content\/uploads\/2026\/01\/\u91cd\u578b\u6e05\u969c\u8f66\u8be6\u60c5\u9875_18.webp\" alt=\"\" width=\"1234\" height=\"2598\" srcset=\"https:\/\/ac-truck.com\/wp-content\/uploads\/2026\/01\/\u91cd\u578b\u6e05\u969c\u8f66\u8be6\u60c5\u9875_18.webp 790w, https:\/\/ac-truck.com\/wp-content\/uploads\/2026\/01\/\u91cd\u578b\u6e05\u969c\u8f66\u8be6\u60c5\u9875_18-143x300.webp 143w, https:\/\/ac-truck.com\/wp-content\/uploads\/2026\/01\/\u91cd\u578b\u6e05\u969c\u8f66\u8be6\u60c5\u9875_18-486x1024.webp 486w, https:\/\/ac-truck.com\/wp-content\/uploads\/2026\/01\/\u91cd\u578b\u6e05\u969c\u8f66\u8be6\u60c5\u9875_18-768x1617.webp 768w, https:\/\/ac-truck.com\/wp-content\/uploads\/2026\/01\/\u91cd\u578b\u6e05\u969c\u8f66\u8be6\u60c5\u9875_18-730x1536.webp 730w, https:\/\/ac-truck.com\/wp-content\/uploads\/2026\/01\/\u91cd\u578b\u6e05\u969c\u8f66\u8be6\u60c5\u9875_18-6x12.webp 6w, https:\/\/ac-truck.com\/wp-content\/uploads\/2026\/01\/\u91cd\u578b\u6e05\u969c\u8f66\u8be6\u60c5\u9875_18-600x1263.webp 600w, https:\/\/ac-truck.com\/wp-content\/uploads\/2026\/01\/\u91cd\u578b\u6e05\u969c\u8f66\u8be6\u60c5\u9875_18-150x316.webp 150w\" sizes=\"(max-width: 1234px) 100vw, 1234px\" \/><\/p>","protected":false},"excerpt":{"rendered":"<p>PRODUCT PARAMETERS 13T Towing Truck FOTON project Descriptions Specifications Basic Overall dimensions(mm) 8850\u00d72550\u00d72870 curb weight(Kg) 13250 Total mass(Kg) 18000 Body<\/p>","protected":false},"featured_media":7065,"template":"","meta":[],"product_brand":[234],"product_cat":[174],"product_tag":[337,357,358],"class_list":{"0":"post-7054","1":"product","2":"type-product","3":"status-publish","4":"has-post-thumbnail","6":"product_brand-foton","7":"product_cat-tow-trucks","8":"product_tag-wrecker-truck","9":"product_tag-towing","10":"product_tag-13t","12":"first","13":"instock","14":"shipping-taxable","15":"product-type-simple"},"_links":{"self":[{"href":"https:\/\/ac-truck.com\/pt\/wp-json\/wp\/v2\/product\/7054","targetHints":{"allow":["GET"]}}],"collection":[{"href":"https:\/\/ac-truck.com\/pt\/wp-json\/wp\/v2\/product"}],"about":[{"href":"https:\/\/ac-truck.com\/pt\/wp-json\/wp\/v2\/types\/product"}],"version-history":[{"count":1,"href":"https:\/\/ac-truck.com\/pt\/wp-json\/wp\/v2\/product\/7054\/revisions"}],"predecessor-version":[{"id":7071,"href":"https:\/\/ac-truck.com\/pt\/wp-json\/wp\/v2\/product\/7054\/revisions\/7071"}],"wp:featuredmedia":[{"embeddable":true,"href":"https:\/\/ac-truck.com\/pt\/wp-json\/wp\/v2\/media\/7065"}],"wp:attachment":[{"href":"https:\/\/ac-truck.com\/pt\/wp-json\/wp\/v2\/media?parent=7054"}],"wp:term":[{"taxonomy":"product_brand","embeddable":true,"href":"https:\/\/ac-truck.com\/pt\/wp-json\/wp\/v2\/product_brand?post=7054"},{"taxonomy":"product_cat","embeddable":true,"href":"https:\/\/ac-truck.com\/pt\/wp-json\/wp\/v2\/product_cat?post=7054"},{"taxonomy":"product_tag","embeddable":true,"href":"https:\/\/ac-truck.com\/pt\/wp-json\/wp\/v2\/product_tag?post=7054"}],"curies":[{"name":"wp","href":"https:\/\/api.w.org\/{rel}","templated":true}]}}