{"id":7132,"date":"2026-01-07T10:45:37","date_gmt":"2026-01-07T02:45:37","guid":{"rendered":"https:\/\/ac-truck.com\/?post_type=product&#038;p=7132"},"modified":"2026-01-07T10:45:37","modified_gmt":"2026-01-07T02:45:37","slug":"20t-heavy-towing-truck-howo","status":"publish","type":"product","link":"https:\/\/ac-truck.com\/pt\/20t-heavy-towing-truck-howo.html","title":{"rendered":"Cami\u00e3o de reboque pesado de 20 toneladas HOWO"},"content":{"rendered":"<p><img fetchpriority=\"high\" decoding=\"async\" class=\"aligncenter wp-image-7133\" src=\"https:\/\/ac-truck.com\/wp-content\/uploads\/2026\/01\/\u4ea7\u54c1\u6d77\u62a5_01-7.webp\" alt=\"\" width=\"1234\" height=\"1620\" srcset=\"https:\/\/ac-truck.com\/wp-content\/uploads\/2026\/01\/\u4ea7\u54c1\u6d77\u62a5_01-7.webp 790w, https:\/\/ac-truck.com\/wp-content\/uploads\/2026\/01\/\u4ea7\u54c1\u6d77\u62a5_01-7-229x300.webp 229w, https:\/\/ac-truck.com\/wp-content\/uploads\/2026\/01\/\u4ea7\u54c1\u6d77\u62a5_01-7-780x1024.webp 780w, https:\/\/ac-truck.com\/wp-content\/uploads\/2026\/01\/\u4ea7\u54c1\u6d77\u62a5_01-7-768x1008.webp 768w, https:\/\/ac-truck.com\/wp-content\/uploads\/2026\/01\/\u4ea7\u54c1\u6d77\u62a5_01-7-9x12.webp 9w, https:\/\/ac-truck.com\/wp-content\/uploads\/2026\/01\/\u4ea7\u54c1\u6d77\u62a5_01-7-600x788.webp 600w, https:\/\/ac-truck.com\/wp-content\/uploads\/2026\/01\/\u4ea7\u54c1\u6d77\u62a5_01-7-150x197.webp 150w\" sizes=\"(max-width: 1234px) 100vw, 1234px\" \/><\/p>\n<h1 style=\"text-align: center;\">PAR\u00c2METROS DO PRODUTO<\/h1>\n<p><img decoding=\"async\" class=\"aligncenter wp-image-7134\" src=\"https:\/\/ac-truck.com\/wp-content\/uploads\/2026\/01\/\u4ea7\u54c1\u6d77\u62a5_03-7.webp\" alt=\"\" width=\"1234\" height=\"476\" srcset=\"https:\/\/ac-truck.com\/wp-content\/uploads\/2026\/01\/\u4ea7\u54c1\u6d77\u62a5_03-7.webp 790w, https:\/\/ac-truck.com\/wp-content\/uploads\/2026\/01\/\u4ea7\u54c1\u6d77\u62a5_03-7-300x116.webp 300w, https:\/\/ac-truck.com\/wp-content\/uploads\/2026\/01\/\u4ea7\u54c1\u6d77\u62a5_03-7-768x297.webp 768w, https:\/\/ac-truck.com\/wp-content\/uploads\/2026\/01\/\u4ea7\u54c1\u6d77\u62a5_03-7-18x7.webp 18w, https:\/\/ac-truck.com\/wp-content\/uploads\/2026\/01\/\u4ea7\u54c1\u6d77\u62a5_03-7-600x232.webp 600w, https:\/\/ac-truck.com\/wp-content\/uploads\/2026\/01\/\u4ea7\u54c1\u6d77\u62a5_03-7-150x58.webp 150w\" sizes=\"(max-width: 1234px) 100vw, 1234px\" \/><\/p>\n<h2 style=\"text-align: center;\">Cami\u00e3o de reboque pesado de 20 toneladas HOWO<\/h2>\n<table>\n<tbody>\n<tr>\n<td width=\"79\"><strong>projeto<\/strong><\/td>\n<td colspan=\"2\" width=\"319\"><strong>Descri\u00e7\u00f5es<\/strong><\/td>\n<td width=\"288\"><strong>Especifica\u00e7\u00f5es<\/strong><\/td>\n<\/tr>\n<tr>\n<td rowspan=\"3\" width=\"79\"><strong>B\u00e1sico<\/strong><\/td>\n<td colspan=\"2\" width=\"319\"><strong>Dimens\u00f5es totais (mm)<\/strong><\/td>\n<td width=\"288\"><strong>10580\u00d72550\u00d73120<\/strong><\/td>\n<\/tr>\n<tr>\n<td colspan=\"2\" width=\"319\"><strong>peso bruto (kg)<\/strong><\/td>\n<td width=\"288\"><strong>21000<\/strong><\/td>\n<\/tr>\n<tr>\n<td colspan=\"2\" width=\"319\"><strong>Massa total (Kg)<\/strong><\/td>\n<td width=\"288\"><strong>25000<\/strong><\/td>\n<\/tr>\n<tr>\n<td rowspan=\"5\" width=\"79\"><strong>Corpo<\/strong><\/td>\n<td colspan=\"2\" width=\"319\"><strong>Capacidade m\u00e1xima de reboque (kg)<\/strong><\/td>\n<td width=\"288\"><strong>33000<\/strong><\/td>\n<\/tr>\n<tr>\n<td rowspan=\"2\" width=\"69\"><strong>Sistema de eleva\u00e7\u00e3o traseira<\/strong><\/td>\n<td width=\"250\"><strong>Capacidade m\u00e1xima de eleva\u00e7\u00e3o (kg)<\/strong><\/td>\n<td width=\"288\"><strong>25000<\/strong><\/td>\n<\/tr>\n<tr>\n<td width=\"250\"><strong>Capacidade m\u00e1xima de eleva\u00e7\u00e3o quando totalmente estendido (kg)<\/strong><\/td>\n<td width=\"288\"><strong>8800<\/strong><\/td>\n<\/tr>\n<tr>\n<td rowspan=\"2\" width=\"69\"><strong>Sistema de grua<\/strong><\/td>\n<td width=\"250\"><strong>Capacidade m\u00e1xima de eleva\u00e7\u00e3o (kg)<\/strong><\/td>\n<td width=\"288\"><strong>20000<\/strong><\/td>\n<\/tr>\n<tr>\n<td width=\"250\"><strong>Altura m\u00e1xima de eleva\u00e7\u00e3o (mm)<\/strong><\/td>\n<td width=\"288\"><strong>6700<\/strong><\/td>\n<\/tr>\n<tr>\n<td rowspan=\"7\" width=\"79\"><strong>Chassis<\/strong><\/p>\n<p>&nbsp;<\/td>\n<td colspan=\"2\" width=\"319\"><strong>Marca do chassi<\/strong><\/td>\n<td width=\"288\"><strong>COMO<\/strong><\/td>\n<\/tr>\n<tr>\n<td colspan=\"2\" width=\"319\"><strong>Formul\u00e1rio de unidade<\/strong><\/td>\n<td width=\"288\"><strong>6\u00d74<\/strong><\/td>\n<\/tr>\n<tr>\n<td colspan=\"2\" width=\"319\"><strong>Volante<\/strong><\/td>\n<td width=\"288\"><strong>Dire\u00e7\u00e3o \u00e0 esquerda<\/strong><\/td>\n<\/tr>\n<tr>\n<td colspan=\"2\" width=\"319\"><strong>Marca e modelo do motor<\/strong><\/td>\n<td width=\"288\"><strong>Sinotruk\/MC07H.35-60<\/strong><\/td>\n<\/tr>\n<tr>\n<td colspan=\"2\" width=\"319\"><strong>Pot\u00eancia m\u00e1xima do motor (kW)<\/strong><\/td>\n<td width=\"288\"><strong>257<\/strong><\/td>\n<\/tr>\n<tr>\n<td colspan=\"2\" width=\"319\"><strong>Padr\u00f5es de emiss\u00e3o<\/strong><\/td>\n<td width=\"288\"><strong>Euro 5<\/strong><\/td>\n<\/tr>\n<tr>\n<td colspan=\"2\" width=\"319\"><strong>Caixa de engrenagens<\/strong><\/td>\n<td width=\"288\"><strong>HOWO10-speed manual<\/strong><\/td>\n<\/tr>\n<\/tbody>\n<\/table>\n<h1 style=\"text-align: center;\">VANTAGENS DO VE\u00cdCULO<\/h1>\n<h5 style=\"text-align: center;\">CAPACIDADE DE REBOQUE PARA TODAS AS TONELADAS<\/h5>\n<p><img decoding=\"async\" class=\"aligncenter wp-image-7057\" src=\"https:\/\/ac-truck.com\/wp-content\/uploads\/2026\/01\/%E9%87%8D%E5%9E%8B%E6%B8%85%E9%9A%9C%E8%BD%A6%E8%AF%A6%E6%83%85%E9%A1%B5_05.webp\" sizes=\"(max-width: 1234px) 100vw, 1234px\" srcset=\"https:\/\/ac-truck.com\/wp-content\/uploads\/2026\/01\/\u91cd\u578b\u6e05\u969c\u8f66\u8be6\u60c5\u9875_05.webp 790w, https:\/\/ac-truck.com\/wp-content\/uploads\/2026\/01\/\u91cd\u578b\u6e05\u969c\u8f66\u8be6\u60c5\u9875_05-216x300.webp 216w, https:\/\/ac-truck.com\/wp-content\/uploads\/2026\/01\/\u91cd\u578b\u6e05\u969c\u8f66\u8be6\u60c5\u9875_05-737x1024.webp 737w, https:\/\/ac-truck.com\/wp-content\/uploads\/2026\/01\/\u91cd\u578b\u6e05\u969c\u8f66\u8be6\u60c5\u9875_05-768x1067.webp 768w, https:\/\/ac-truck.com\/wp-content\/uploads\/2026\/01\/\u91cd\u578b\u6e05\u969c\u8f66\u8be6\u60c5\u9875_05-9x12.webp 9w, https:\/\/ac-truck.com\/wp-content\/uploads\/2026\/01\/\u91cd\u578b\u6e05\u969c\u8f66\u8be6\u60c5\u9875_05-600x834.webp 600w, https:\/\/ac-truck.com\/wp-content\/uploads\/2026\/01\/\u91cd\u578b\u6e05\u969c\u8f66\u8be6\u60c5\u9875_05-150x208.webp 150w\" alt=\"\" width=\"1234\" height=\"1715\" \/><img loading=\"lazy\" decoding=\"async\" class=\"aligncenter wp-image-7058\" src=\"https:\/\/ac-truck.com\/wp-content\/uploads\/2026\/01\/%E9%87%8D%E5%9E%8B%E6%B8%85%E9%9A%9C%E8%BD%A6%E8%AF%A6%E6%83%85%E9%A1%B5_06.webp\" sizes=\"(max-width: 1234px) 100vw, 1234px\" srcset=\"https:\/\/ac-truck.com\/wp-content\/uploads\/2026\/01\/\u91cd\u578b\u6e05\u969c\u8f66\u8be6\u60c5\u9875_06.webp 790w, https:\/\/ac-truck.com\/wp-content\/uploads\/2026\/01\/\u91cd\u578b\u6e05\u969c\u8f66\u8be6\u60c5\u9875_06-124x300.webp 124w, https:\/\/ac-truck.com\/wp-content\/uploads\/2026\/01\/\u91cd\u578b\u6e05\u969c\u8f66\u8be6\u60c5\u9875_06-423x1024.webp 423w, https:\/\/ac-truck.com\/wp-content\/uploads\/2026\/01\/\u91cd\u578b\u6e05\u969c\u8f66\u8be6\u60c5\u9875_06-768x1861.webp 768w, https:\/\/ac-truck.com\/wp-content\/uploads\/2026\/01\/\u91cd\u578b\u6e05\u969c\u8f66\u8be6\u60c5\u9875_06-634x1536.webp 634w, https:\/\/ac-truck.com\/wp-content\/uploads\/2026\/01\/\u91cd\u578b\u6e05\u969c\u8f66\u8be6\u60c5\u9875_06-5x12.webp 5w, https:\/\/ac-truck.com\/wp-content\/uploads\/2026\/01\/\u91cd\u578b\u6e05\u969c\u8f66\u8be6\u60c5\u9875_06-600x1454.webp 600w, https:\/\/ac-truck.com\/wp-content\/uploads\/2026\/01\/\u91cd\u578b\u6e05\u969c\u8f66\u8be6\u60c5\u9875_06-150x363.webp 150w\" alt=\"\" width=\"1234\" height=\"2990\" \/><\/p>\n<p>1. Bra\u00e7os telesc\u00f3picos principais e auxiliares: N\u00e3o se deformam nem dobram sob cargas pesadas. Com um design telesc\u00f3pico de m\u00faltiplas sec\u00e7\u00f5es, possuem um raio de a\u00e7\u00e3o mais amplo, capaz de lidar com situa\u00e7\u00f5es como capotamento de ve\u00edculos pesados, queda em valas e reboque de longa dist\u00e2ncia. Podem fornecer suporte direto.<br \/>\n2. Bra\u00e7o de suporte traseiro de elevada capacidade de carga: forjado integralmente com espessura e largura aumentadas, suporta movimento telesc\u00f3pico em m\u00faltiplas posi\u00e7\u00f5es e inclina\u00e7\u00e3o em m\u00faltiplos \u00e2ngulos (0-90\u00b0), sendo adequado para ve\u00edculos pesados \u200b\u200bcom diferentes dist\u00e2ncias entre eixos e diversas situa\u00e7\u00f5es de falha (roda bloqueada, capotamento, eixo partido). Permite o levantamento e transporte completo do ve\u00edculo.<br \/>\n3.\u00ba Guincho hidr\u00e1ulico de grande tonelagem: S\u00e3o selecionados cabos de a\u00e7o de alta resist\u00eancia e com n\u00facleo resistente ao desgaste. Possui trav\u00e3o com bloqueio autom\u00e1tico e fun\u00e7\u00e3o de descida lenta. N\u00e3o desliza nem recua durante o reboque de cargas pesadas e \u00e9 adequado para condi\u00e7\u00f5es extremas de reboque de emerg\u00eancia de ve\u00edculos pesados.<\/p>\n<h1 style=\"text-align: center;\">N\u00daCLEO DE APOIO \u00c0 SEGURAN\u00c7A<\/h1>\n<p><img loading=\"lazy\" decoding=\"async\" class=\"aligncenter wp-image-7059\" src=\"https:\/\/ac-truck.com\/wp-content\/uploads\/2026\/01\/%E9%87%8D%E5%9E%8B%E6%B8%85%E9%9A%9C%E8%BD%A6%E8%AF%A6%E6%83%85%E9%A1%B5_08.webp\" sizes=\"(max-width: 1234px) 100vw, 1234px\" srcset=\"https:\/\/ac-truck.com\/wp-content\/uploads\/2026\/01\/\u91cd\u578b\u6e05\u969c\u8f66\u8be6\u60c5\u9875_08.webp 790w, https:\/\/ac-truck.com\/wp-content\/uploads\/2026\/01\/\u91cd\u578b\u6e05\u969c\u8f66\u8be6\u60c5\u9875_08-97x300.webp 97w, https:\/\/ac-truck.com\/wp-content\/uploads\/2026\/01\/\u91cd\u578b\u6e05\u969c\u8f66\u8be6\u60c5\u9875_08-768x2365.webp 768w, https:\/\/ac-truck.com\/wp-content\/uploads\/2026\/01\/\u91cd\u578b\u6e05\u969c\u8f66\u8be6\u60c5\u9875_08-499x1536.webp 499w, https:\/\/ac-truck.com\/wp-content\/uploads\/2026\/01\/\u91cd\u578b\u6e05\u969c\u8f66\u8be6\u60c5\u9875_08-665x2048.webp 665w, https:\/\/ac-truck.com\/wp-content\/uploads\/2026\/01\/\u91cd\u578b\u6e05\u969c\u8f66\u8be6\u60c5\u9875_08-4x12.webp 4w, https:\/\/ac-truck.com\/wp-content\/uploads\/2026\/01\/\u91cd\u578b\u6e05\u969c\u8f66\u8be6\u60c5\u9875_08-600x1848.webp 600w, https:\/\/ac-truck.com\/wp-content\/uploads\/2026\/01\/\u91cd\u578b\u6e05\u969c\u8f66\u8be6\u60c5\u9875_08-150x462.webp 150w\" alt=\"\" width=\"1234\" height=\"3800\" \/><\/p>\n<p>1. Chassis especial refor\u00e7ado<br \/>\n2. Estabilizadores hidr\u00e1ulicos dianteiros e traseiros<br \/>\n3. Suporte hidr\u00e1ulico robusto para estabilizadores dianteiros<br \/>\n4. Estabilizador traseiro hidr\u00e1ulico de suporte refor\u00e7ado<\/p>\n<h1 style=\"text-align: center;\">\u041e\u0421\u041d\u041e\u0412\u041d\u0410\u042f \u0413\u0418\u0414\u0420\u0410\u0412\u041b\u0418\u0427\u0415\u0421\u041a\u0410\u042f \u0421\u0418\u0421\u0422\u0415\u041c\u0410<\/h1>\n<p><img loading=\"lazy\" decoding=\"async\" class=\"aligncenter wp-image-7060\" src=\"https:\/\/ac-truck.com\/wp-content\/uploads\/2026\/01\/%E9%87%8D%E5%9E%8B%E6%B8%85%E9%9A%9C%E8%BD%A6%E8%AF%A6%E6%83%85%E9%A1%B5_10.webp\" sizes=\"(max-width: 1234px) 100vw, 1234px\" srcset=\"https:\/\/ac-truck.com\/wp-content\/uploads\/2026\/01\/\u91cd\u578b\u6e05\u969c\u8f66\u8be6\u60c5\u9875_10.webp 790w, https:\/\/ac-truck.com\/wp-content\/uploads\/2026\/01\/\u91cd\u578b\u6e05\u969c\u8f66\u8be6\u60c5\u9875_10-123x300.webp 123w, https:\/\/ac-truck.com\/wp-content\/uploads\/2026\/01\/\u91cd\u578b\u6e05\u969c\u8f66\u8be6\u60c5\u9875_10-420x1024.webp 420w, https:\/\/ac-truck.com\/wp-content\/uploads\/2026\/01\/\u91cd\u578b\u6e05\u969c\u8f66\u8be6\u60c5\u9875_10-768x1874.webp 768w, https:\/\/ac-truck.com\/wp-content\/uploads\/2026\/01\/\u91cd\u578b\u6e05\u969c\u8f66\u8be6\u60c5\u9875_10-629x1536.webp 629w, https:\/\/ac-truck.com\/wp-content\/uploads\/2026\/01\/\u91cd\u578b\u6e05\u969c\u8f66\u8be6\u60c5\u9875_10-5x12.webp 5w, https:\/\/ac-truck.com\/wp-content\/uploads\/2026\/01\/\u91cd\u578b\u6e05\u969c\u8f66\u8be6\u60c5\u9875_10-600x1464.webp 600w, https:\/\/ac-truck.com\/wp-content\/uploads\/2026\/01\/\u91cd\u578b\u6e05\u969c\u8f66\u8be6\u60c5\u9875_10-150x366.webp 150w\" alt=\"\" width=\"1234\" height=\"3012\" \/><\/p>\n<p>1. Dep\u00f3sito de \u00f3leo hidr\u00e1ulico de grande capacidade<br \/>\n2. Tubagem selada de alta press\u00e3o<br \/>\n3. V\u00e1lvula reversora multivias de alta press\u00e3o<br \/>\n4. Cilindro hidr\u00e1ulico com grande di\u00e2metro interior<br \/>\n5. Cilindro hidr\u00e1ulico do bra\u00e7o de suporte traseiro<br \/>\n6. Motor rotativo hidr\u00e1ulico<\/p>\n<h1 style=\"text-align: center;\">FERRAMENTAS PARA FINS ESPECIAIS<\/h1>\n<p><img loading=\"lazy\" decoding=\"async\" class=\"aligncenter wp-image-7061\" src=\"https:\/\/ac-truck.com\/wp-content\/uploads\/2026\/01\/%E9%87%8D%E5%9E%8B%E6%B8%85%E9%9A%9C%E8%BD%A6%E8%AF%A6%E6%83%85%E9%A1%B5_12.webp\" sizes=\"(max-width: 1234px) 100vw, 1234px\" srcset=\"https:\/\/ac-truck.com\/wp-content\/uploads\/2026\/01\/\u91cd\u578b\u6e05\u969c\u8f66\u8be6\u60c5\u9875_12.webp 790w, https:\/\/ac-truck.com\/wp-content\/uploads\/2026\/01\/\u91cd\u578b\u6e05\u969c\u8f66\u8be6\u60c5\u9875_12-300x164.webp 300w, https:\/\/ac-truck.com\/wp-content\/uploads\/2026\/01\/\u91cd\u578b\u6e05\u969c\u8f66\u8be6\u60c5\u9875_12-768x420.webp 768w, https:\/\/ac-truck.com\/wp-content\/uploads\/2026\/01\/\u91cd\u578b\u6e05\u969c\u8f66\u8be6\u60c5\u9875_12-18x10.webp 18w, https:\/\/ac-truck.com\/wp-content\/uploads\/2026\/01\/\u91cd\u578b\u6e05\u969c\u8f66\u8be6\u60c5\u9875_12-600x328.webp 600w, https:\/\/ac-truck.com\/wp-content\/uploads\/2026\/01\/\u91cd\u578b\u6e05\u969c\u8f66\u8be6\u60c5\u9875_12-150x82.webp 150w\" alt=\"\" width=\"1234\" height=\"675\" \/><\/p>\n<h1 style=\"text-align: center;\">PROCESSO DE PRODU\u00c7\u00c3O<\/h1>\n<p><img loading=\"lazy\" decoding=\"async\" class=\"aligncenter wp-image-7062\" src=\"https:\/\/ac-truck.com\/wp-content\/uploads\/2026\/01\/%E9%87%8D%E5%9E%8B%E6%B8%85%E9%9A%9C%E8%BD%A6%E8%AF%A6%E6%83%85%E9%A1%B5_14-scaled.webp\" sizes=\"(max-width: 1234px) 100vw, 1234px\" srcset=\"https:\/\/ac-truck.com\/wp-content\/uploads\/2026\/01\/\u91cd\u578b\u6e05\u969c\u8f66\u8be6\u60c5\u9875_14-scaled.webp 750w, https:\/\/ac-truck.com\/wp-content\/uploads\/2026\/01\/\u91cd\u578b\u6e05\u969c\u8f66\u8be6\u60c5\u9875_14-88x300.webp 88w, https:\/\/ac-truck.com\/wp-content\/uploads\/2026\/01\/\u91cd\u578b\u6e05\u969c\u8f66\u8be6\u60c5\u9875_14-300x1024.webp 300w, https:\/\/ac-truck.com\/wp-content\/uploads\/2026\/01\/\u91cd\u578b\u6e05\u969c\u8f66\u8be6\u60c5\u9875_14-768x2620.webp 768w, https:\/\/ac-truck.com\/wp-content\/uploads\/2026\/01\/\u91cd\u578b\u6e05\u969c\u8f66\u8be6\u60c5\u9875_14-450x1536.webp 450w, https:\/\/ac-truck.com\/wp-content\/uploads\/2026\/01\/\u91cd\u578b\u6e05\u969c\u8f66\u8be6\u60c5\u9875_14-600x2047.webp 600w, https:\/\/ac-truck.com\/wp-content\/uploads\/2026\/01\/\u91cd\u578b\u6e05\u969c\u8f66\u8be6\u60c5\u9875_14-150x512.webp 150w\" alt=\"\" width=\"1234\" height=\"4212\" \/><\/p>\n<p>1. Os componentes estruturais s\u00e3o tratados com pintura electrofor\u00e9tica.<br \/>\n2.\u00ba O carro, os bra\u00e7os principal e auxiliar s\u00e3o pr\u00e9-montados ap\u00f3s a eletroforese.<br \/>\n3.\u00ba O carro, os bra\u00e7os principal e auxiliar s\u00e3o montados ap\u00f3s a secagem da pintura.<br \/>\n4. Instale os acess\u00f3rios e os detalhes de controlo.<br \/>\n5. A montagem geral do ve\u00edculo est\u00e1 conclu\u00edda.<\/p>\n<h1 style=\"text-align: center;\">CEN\u00c1RIOS DE APLICA\u00c7\u00c3O<\/h1>\n<p><img loading=\"lazy\" decoding=\"async\" class=\"aligncenter wp-image-7063\" src=\"https:\/\/ac-truck.com\/wp-content\/uploads\/2026\/01\/%E9%87%8D%E5%9E%8B%E6%B8%85%E9%9A%9C%E8%BD%A6%E8%AF%A6%E6%83%85%E9%A1%B5_16.webp\" sizes=\"(max-width: 1234px) 100vw, 1234px\" srcset=\"https:\/\/ac-truck.com\/wp-content\/uploads\/2026\/01\/\u91cd\u578b\u6e05\u969c\u8f66\u8be6\u60c5\u9875_16.webp 790w, https:\/\/ac-truck.com\/wp-content\/uploads\/2026\/01\/\u91cd\u578b\u6e05\u969c\u8f66\u8be6\u60c5\u9875_16-156x300.webp 156w, https:\/\/ac-truck.com\/wp-content\/uploads\/2026\/01\/\u91cd\u578b\u6e05\u969c\u8f66\u8be6\u60c5\u9875_16-534x1024.webp 534w, https:\/\/ac-truck.com\/wp-content\/uploads\/2026\/01\/\u91cd\u578b\u6e05\u969c\u8f66\u8be6\u60c5\u9875_16-768x1474.webp 768w, https:\/\/ac-truck.com\/wp-content\/uploads\/2026\/01\/\u91cd\u578b\u6e05\u969c\u8f66\u8be6\u60c5\u9875_16-6x12.webp 6w, https:\/\/ac-truck.com\/wp-content\/uploads\/2026\/01\/\u91cd\u578b\u6e05\u969c\u8f66\u8be6\u60c5\u9875_16-600x1151.webp 600w, https:\/\/ac-truck.com\/wp-content\/uploads\/2026\/01\/\u91cd\u578b\u6e05\u969c\u8f66\u8be6\u60c5\u9875_16-150x288.webp 150w\" alt=\"\" width=\"1234\" height=\"2368\" \/><\/p>\n<h1 style=\"text-align: center;\">EMBALAMENTO E TRANSPORTE<\/h1>\n<p><img loading=\"lazy\" decoding=\"async\" class=\"aligncenter wp-image-7064\" src=\"https:\/\/ac-truck.com\/wp-content\/uploads\/2026\/01\/%E9%87%8D%E5%9E%8B%E6%B8%85%E9%9A%9C%E8%BD%A6%E8%AF%A6%E6%83%85%E9%A1%B5_18.webp\" sizes=\"(max-width: 1234px) 100vw, 1234px\" srcset=\"https:\/\/ac-truck.com\/wp-content\/uploads\/2026\/01\/\u91cd\u578b\u6e05\u969c\u8f66\u8be6\u60c5\u9875_18.webp 790w, https:\/\/ac-truck.com\/wp-content\/uploads\/2026\/01\/\u91cd\u578b\u6e05\u969c\u8f66\u8be6\u60c5\u9875_18-143x300.webp 143w, https:\/\/ac-truck.com\/wp-content\/uploads\/2026\/01\/\u91cd\u578b\u6e05\u969c\u8f66\u8be6\u60c5\u9875_18-486x1024.webp 486w, https:\/\/ac-truck.com\/wp-content\/uploads\/2026\/01\/\u91cd\u578b\u6e05\u969c\u8f66\u8be6\u60c5\u9875_18-768x1617.webp 768w, https:\/\/ac-truck.com\/wp-content\/uploads\/2026\/01\/\u91cd\u578b\u6e05\u969c\u8f66\u8be6\u60c5\u9875_18-730x1536.webp 730w, https:\/\/ac-truck.com\/wp-content\/uploads\/2026\/01\/\u91cd\u578b\u6e05\u969c\u8f66\u8be6\u60c5\u9875_18-6x12.webp 6w, https:\/\/ac-truck.com\/wp-content\/uploads\/2026\/01\/\u91cd\u578b\u6e05\u969c\u8f66\u8be6\u60c5\u9875_18-600x1263.webp 600w, https:\/\/ac-truck.com\/wp-content\/uploads\/2026\/01\/\u91cd\u578b\u6e05\u969c\u8f66\u8be6\u60c5\u9875_18-150x316.webp 150w\" alt=\"\" width=\"1234\" height=\"2598\" \/><\/p>","protected":false},"excerpt":{"rendered":"<p>PRODUCT PARAMETERS 20T Heavy Towing Truck HOWO project Descriptions Specifications Basic Overall dimensions(mm) 10580\u00d72550\u00d73120 curb weight(Kg) 21000 Total mass(Kg) 25000<\/p>","protected":false},"featured_media":7135,"template":"","meta":[],"product_brand":[217,220],"product_cat":[174],"product_tag":[360,361,364],"class_list":{"0":"post-7132","1":"product","2":"type-product","3":"status-publish","4":"has-post-thumbnail","6":"product_brand-sinotruk","7":"product_brand-howo","8":"product_cat-tow-trucks","9":"product_tag-heavy-towing-truck","10":"product_tag-towing-truck","11":"product_tag-20t","13":"first","14":"instock","15":"shipping-taxable","16":"product-type-simple"},"_links":{"self":[{"href":"https:\/\/ac-truck.com\/pt\/wp-json\/wp\/v2\/product\/7132","targetHints":{"allow":["GET"]}}],"collection":[{"href":"https:\/\/ac-truck.com\/pt\/wp-json\/wp\/v2\/product"}],"about":[{"href":"https:\/\/ac-truck.com\/pt\/wp-json\/wp\/v2\/types\/product"}],"version-history":[{"count":1,"href":"https:\/\/ac-truck.com\/pt\/wp-json\/wp\/v2\/product\/7132\/revisions"}],"predecessor-version":[{"id":7141,"href":"https:\/\/ac-truck.com\/pt\/wp-json\/wp\/v2\/product\/7132\/revisions\/7141"}],"wp:featuredmedia":[{"embeddable":true,"href":"https:\/\/ac-truck.com\/pt\/wp-json\/wp\/v2\/media\/7135"}],"wp:attachment":[{"href":"https:\/\/ac-truck.com\/pt\/wp-json\/wp\/v2\/media?parent=7132"}],"wp:term":[{"taxonomy":"product_brand","embeddable":true,"href":"https:\/\/ac-truck.com\/pt\/wp-json\/wp\/v2\/product_brand?post=7132"},{"taxonomy":"product_cat","embeddable":true,"href":"https:\/\/ac-truck.com\/pt\/wp-json\/wp\/v2\/product_cat?post=7132"},{"taxonomy":"product_tag","embeddable":true,"href":"https:\/\/ac-truck.com\/pt\/wp-json\/wp\/v2\/product_tag?post=7132"}],"curies":[{"name":"wp","href":"https:\/\/api.w.org\/{rel}","templated":true}]}}