{"id":7194,"date":"2026-01-07T16:14:18","date_gmt":"2026-01-07T08:14:18","guid":{"rendered":"https:\/\/ac-truck.com\/?post_type=product&#038;p=7194"},"modified":"2026-01-07T16:14:19","modified_gmt":"2026-01-07T08:14:19","slug":"6-8m-chick-transport-truck-dongfeng","status":"publish","type":"product","link":"https:\/\/ac-truck.com\/pt\/6-8m-chick-transport-truck-dongfeng.html","title":{"rendered":"Cami\u00e3o de transporte de pintos DongFeng de 6,8 m"},"content":{"rendered":"<p><img fetchpriority=\"high\" decoding=\"async\" class=\"aligncenter wp-image-7195\" src=\"https:\/\/ac-truck.com\/wp-content\/uploads\/2026\/01\/1\u4ea7\u54c1\u6d77\u62a5_01-1.webp\" alt=\"\" width=\"1234\" height=\"1617\" srcset=\"https:\/\/ac-truck.com\/wp-content\/uploads\/2026\/01\/1\u4ea7\u54c1\u6d77\u62a5_01-1.webp 790w, https:\/\/ac-truck.com\/wp-content\/uploads\/2026\/01\/1\u4ea7\u54c1\u6d77\u62a5_01-1-229x300.webp 229w, https:\/\/ac-truck.com\/wp-content\/uploads\/2026\/01\/1\u4ea7\u54c1\u6d77\u62a5_01-1-782x1024.webp 782w, https:\/\/ac-truck.com\/wp-content\/uploads\/2026\/01\/1\u4ea7\u54c1\u6d77\u62a5_01-1-768x1006.webp 768w, https:\/\/ac-truck.com\/wp-content\/uploads\/2026\/01\/1\u4ea7\u54c1\u6d77\u62a5_01-1-9x12.webp 9w, https:\/\/ac-truck.com\/wp-content\/uploads\/2026\/01\/1\u4ea7\u54c1\u6d77\u62a5_01-1-600x786.webp 600w, https:\/\/ac-truck.com\/wp-content\/uploads\/2026\/01\/1\u4ea7\u54c1\u6d77\u62a5_01-1-150x197.webp 150w\" sizes=\"(max-width: 1234px) 100vw, 1234px\" \/><\/p>\n<h1 style=\"text-align: center;\">PAR\u00c2METROS DO PRODUTO<\/h1>\n<p><img decoding=\"async\" class=\"aligncenter wp-image-7196\" src=\"https:\/\/ac-truck.com\/wp-content\/uploads\/2026\/01\/1\u4ea7\u54c1\u6d77\u62a5_03-1.webp\" alt=\"\" width=\"1234\" height=\"495\" srcset=\"https:\/\/ac-truck.com\/wp-content\/uploads\/2026\/01\/1\u4ea7\u54c1\u6d77\u62a5_03-1.webp 790w, https:\/\/ac-truck.com\/wp-content\/uploads\/2026\/01\/1\u4ea7\u54c1\u6d77\u62a5_03-1-300x120.webp 300w, https:\/\/ac-truck.com\/wp-content\/uploads\/2026\/01\/1\u4ea7\u54c1\u6d77\u62a5_03-1-768x308.webp 768w, https:\/\/ac-truck.com\/wp-content\/uploads\/2026\/01\/1\u4ea7\u54c1\u6d77\u62a5_03-1-18x7.webp 18w, https:\/\/ac-truck.com\/wp-content\/uploads\/2026\/01\/1\u4ea7\u54c1\u6d77\u62a5_03-1-600x241.webp 600w, https:\/\/ac-truck.com\/wp-content\/uploads\/2026\/01\/1\u4ea7\u54c1\u6d77\u62a5_03-1-150x60.webp 150w\" sizes=\"(max-width: 1234px) 100vw, 1234px\" \/><\/p>\n<h2 style=\"text-align: center;\">Cami\u00e3o de transporte de pintos DongFeng de 6,8 m<\/h2>\n<p><strong>\u00a0<\/strong><\/p>\n<table>\n<tbody>\n<tr>\n<td width=\"114\"><strong>projeto<\/strong><\/td>\n<td width=\"290\"><strong>Descri\u00e7\u00f5es<\/strong><\/td>\n<td width=\"295\"><strong>Especifica\u00e7\u00f5es<\/strong><\/td>\n<\/tr>\n<tr>\n<td rowspan=\"4\" width=\"114\"><strong>General<\/strong><\/td>\n<td width=\"290\"><strong>Dimens\u00f5es totais (mm)<\/strong><\/td>\n<td width=\"295\"><strong>8995*2550*3980<\/strong><\/td>\n<\/tr>\n<tr>\n<td width=\"290\"><strong>peso bruto (kg)<\/strong><\/td>\n<td width=\"295\"><strong>9050<\/strong><\/td>\n<\/tr>\n<tr>\n<td width=\"290\"><strong>Capacidade de carga (Kg)<\/strong><\/td>\n<td width=\"295\"><strong>8755<\/strong><\/td>\n<\/tr>\n<tr>\n<td width=\"290\"><strong>Massa total (Kg)<\/strong><\/td>\n<td width=\"295\"><strong>18000<\/strong><\/td>\n<\/tr>\n<tr>\n<td rowspan=\"2\" width=\"114\"><strong>Caixa refrigerada<\/strong><\/td>\n<td width=\"290\"><strong>Dimens\u00f5es da caixa de carga (mm)<\/strong><\/td>\n<td width=\"295\"><strong>6800*2410*2590<\/strong><\/td>\n<\/tr>\n<tr>\n<td width=\"290\"><strong>Volume da caixa (m\u00b3)<\/strong><\/td>\n<td width=\"295\"><strong>42<\/strong><\/td>\n<\/tr>\n<tr>\n<td width=\"114\"><strong>Unidade de refrigera\u00e7\u00e3o<\/strong><\/td>\n<td width=\"290\"><strong>Marca de geladeira<\/strong><\/td>\n<td width=\"295\"><strong>Unidades Thermo King<\/strong><\/td>\n<\/tr>\n<tr>\n<td rowspan=\"7\" width=\"114\"><strong>Chassis<\/strong><\/p>\n<p>&nbsp;<\/td>\n<td width=\"290\"><strong>Marca do chassi<\/strong><\/td>\n<td width=\"295\"><strong>Dong Feng<\/strong><\/td>\n<\/tr>\n<tr>\n<td width=\"290\"><strong>Formul\u00e1rio do motorista<\/strong><\/td>\n<td width=\"295\"><strong>4*2<\/strong><\/td>\n<\/tr>\n<tr>\n<td width=\"290\"><strong>Volante<\/strong><\/td>\n<td width=\"295\"><strong>Dire\u00e7\u00e3o \u00e0 direita<\/strong><\/td>\n<\/tr>\n<tr>\n<td width=\"290\"><strong>Marca e modelo do motor<\/strong><\/td>\n<td width=\"295\"><strong>\u00a0B190 33<\/strong><\/td>\n<\/tr>\n<tr>\n<td width=\"290\"><strong>Pot\u00eancia m\u00e1xima do motor (kW)<\/strong><\/td>\n<td width=\"295\"><strong>140<\/strong><\/td>\n<\/tr>\n<tr>\n<td width=\"290\"><strong>Padr\u00f5es de emiss\u00e3o<\/strong><\/td>\n<td width=\"295\"><strong>Euro 2<\/strong><\/td>\n<\/tr>\n<tr>\n<td width=\"290\"><strong>Caixa de engrenagens<\/strong><\/td>\n<td width=\"295\"><strong>8-speed automatic<\/strong><\/td>\n<\/tr>\n<\/tbody>\n<\/table>\n<h1 style=\"text-align: center;\">VANTAGENS DO VE\u00cdCULO<\/h1>\n<h2 style=\"text-align: center;\">EXPOSITOR DE CAIXA<\/h2>\n<p><img decoding=\"async\" class=\"aligncenter wp-image-7165\" src=\"https:\/\/ac-truck.com\/wp-content\/uploads\/2026\/01\/%E9%9B%8F%E7%A6%BD%E8%BF%90%E8%BE%93%E8%BD%A6%E8%AF%A6%E6%83%85%E9%A1%B5_05.webp\" sizes=\"(max-width: 1234px) 100vw, 1234px\" srcset=\"https:\/\/ac-truck.com\/wp-content\/uploads\/2026\/01\/\u96cf\u79bd\u8fd0\u8f93\u8f66\u8be6\u60c5\u9875_05.webp 790w, https:\/\/ac-truck.com\/wp-content\/uploads\/2026\/01\/\u96cf\u79bd\u8fd0\u8f93\u8f66\u8be6\u60c5\u9875_05-300x262.webp 300w, https:\/\/ac-truck.com\/wp-content\/uploads\/2026\/01\/\u96cf\u79bd\u8fd0\u8f93\u8f66\u8be6\u60c5\u9875_05-768x671.webp 768w, https:\/\/ac-truck.com\/wp-content\/uploads\/2026\/01\/\u96cf\u79bd\u8fd0\u8f93\u8f66\u8be6\u60c5\u9875_05-14x12.webp 14w, https:\/\/ac-truck.com\/wp-content\/uploads\/2026\/01\/\u96cf\u79bd\u8fd0\u8f93\u8f66\u8be6\u60c5\u9875_05-600x524.webp 600w, https:\/\/ac-truck.com\/wp-content\/uploads\/2026\/01\/\u96cf\u79bd\u8fd0\u8f93\u8f66\u8be6\u60c5\u9875_05-150x131.webp 150w\" alt=\"\" width=\"1234\" height=\"1078\" \/><\/p>\n<p>1. A parede \u00e9 constitu\u00edda por material isolante de poliuretano com uma densidade de 42 kg\/m\u00b3, sendo mais espessa.<br \/>\n2.\u00ba \u00c9 colado com adesivo estrutural e curado atrav\u00e9s de um processo de v\u00e1cuo para garantir uma maior ader\u00eancia.<br \/>\n3. A porta vem com vedantes de borracha incorporados, atendendo \u00e0s normas dos frigor\u00edficos.<\/p>\n<h1 style=\"text-align: center;\">EXPOSI\u00c7\u00c3O INTERNA DA CAIXA<\/h1>\n<p><img loading=\"lazy\" decoding=\"async\" class=\"aligncenter wp-image-7166\" src=\"https:\/\/ac-truck.com\/wp-content\/uploads\/2026\/01\/%E9%9B%8F%E7%A6%BD%E8%BF%90%E8%BE%93%E8%BD%A6%E8%AF%A6%E6%83%85%E9%A1%B5_07.webp\" sizes=\"(max-width: 1234px) 100vw, 1234px\" srcset=\"https:\/\/ac-truck.com\/wp-content\/uploads\/2026\/01\/\u96cf\u79bd\u8fd0\u8f93\u8f66\u8be6\u60c5\u9875_07.webp 790w, https:\/\/ac-truck.com\/wp-content\/uploads\/2026\/01\/\u96cf\u79bd\u8fd0\u8f93\u8f66\u8be6\u60c5\u9875_07-188x300.webp 188w, https:\/\/ac-truck.com\/wp-content\/uploads\/2026\/01\/\u96cf\u79bd\u8fd0\u8f93\u8f66\u8be6\u60c5\u9875_07-641x1024.webp 641w, https:\/\/ac-truck.com\/wp-content\/uploads\/2026\/01\/\u96cf\u79bd\u8fd0\u8f93\u8f66\u8be6\u60c5\u9875_07-768x1227.webp 768w, https:\/\/ac-truck.com\/wp-content\/uploads\/2026\/01\/\u96cf\u79bd\u8fd0\u8f93\u8f66\u8be6\u60c5\u9875_07-8x12.webp 8w, https:\/\/ac-truck.com\/wp-content\/uploads\/2026\/01\/\u96cf\u79bd\u8fd0\u8f93\u8f66\u8be6\u60c5\u9875_07-600x958.webp 600w, https:\/\/ac-truck.com\/wp-content\/uploads\/2026\/01\/\u96cf\u79bd\u8fd0\u8f93\u8f66\u8be6\u60c5\u9875_07-150x240.webp 150w\" alt=\"\" width=\"1234\" height=\"1971\" \/><\/p>\n<p>Sistema de carregamento por camadas: Carris guia em liga de alum\u00ednio + divis\u00f3rias elev\u00e1veis, concebidos para acomodar mercadorias e facilitar o carregamento e descarregamento.<br \/>\nPiso de pl\u00e1stico antiderrapante e altamente resistente \u00e0 humidade<\/p>\n<h1 style=\"text-align: center;\">SISTEMA DE VENTILA\u00c7\u00c3O<\/h1>\n<p><img loading=\"lazy\" decoding=\"async\" class=\"aligncenter wp-image-7167\" src=\"https:\/\/ac-truck.com\/wp-content\/uploads\/2026\/01\/%E9%9B%8F%E7%A6%BD%E8%BF%90%E8%BE%93%E8%BD%A6%E8%AF%A6%E6%83%85%E9%A1%B5_09.webp\" sizes=\"(max-width: 1234px) 100vw, 1234px\" srcset=\"https:\/\/ac-truck.com\/wp-content\/uploads\/2026\/01\/\u96cf\u79bd\u8fd0\u8f93\u8f66\u8be6\u60c5\u9875_09.webp 790w, https:\/\/ac-truck.com\/wp-content\/uploads\/2026\/01\/\u96cf\u79bd\u8fd0\u8f93\u8f66\u8be6\u60c5\u9875_09-184x300.webp 184w, https:\/\/ac-truck.com\/wp-content\/uploads\/2026\/01\/\u96cf\u79bd\u8fd0\u8f93\u8f66\u8be6\u60c5\u9875_09-629x1024.webp 629w, https:\/\/ac-truck.com\/wp-content\/uploads\/2026\/01\/\u96cf\u79bd\u8fd0\u8f93\u8f66\u8be6\u60c5\u9875_09-768x1251.webp 768w, https:\/\/ac-truck.com\/wp-content\/uploads\/2026\/01\/\u96cf\u79bd\u8fd0\u8f93\u8f66\u8be6\u60c5\u9875_09-7x12.webp 7w, https:\/\/ac-truck.com\/wp-content\/uploads\/2026\/01\/\u96cf\u79bd\u8fd0\u8f93\u8f66\u8be6\u60c5\u9875_09-600x977.webp 600w, https:\/\/ac-truck.com\/wp-content\/uploads\/2026\/01\/\u96cf\u79bd\u8fd0\u8f93\u8f66\u8be6\u60c5\u9875_09-150x244.webp 150w\" alt=\"\" width=\"1234\" height=\"2010\" \/><img loading=\"lazy\" decoding=\"async\" class=\"aligncenter wp-image-7168\" src=\"https:\/\/ac-truck.com\/wp-content\/uploads\/2026\/01\/%E9%9B%8F%E7%A6%BD%E8%BF%90%E8%BE%93%E8%BD%A6%E8%AF%A6%E6%83%85%E9%A1%B5_10.webp\" sizes=\"(max-width: 1234px) 100vw, 1234px\" srcset=\"https:\/\/ac-truck.com\/wp-content\/uploads\/2026\/01\/\u96cf\u79bd\u8fd0\u8f93\u8f66\u8be6\u60c5\u9875_10.webp 790w, https:\/\/ac-truck.com\/wp-content\/uploads\/2026\/01\/\u96cf\u79bd\u8fd0\u8f93\u8f66\u8be6\u60c5\u9875_10-235x300.webp 235w, https:\/\/ac-truck.com\/wp-content\/uploads\/2026\/01\/\u96cf\u79bd\u8fd0\u8f93\u8f66\u8be6\u60c5\u9875_10-768x982.webp 768w, https:\/\/ac-truck.com\/wp-content\/uploads\/2026\/01\/\u96cf\u79bd\u8fd0\u8f93\u8f66\u8be6\u60c5\u9875_10-9x12.webp 9w, https:\/\/ac-truck.com\/wp-content\/uploads\/2026\/01\/\u96cf\u79bd\u8fd0\u8f93\u8f66\u8be6\u60c5\u9875_10-600x767.webp 600w, https:\/\/ac-truck.com\/wp-content\/uploads\/2026\/01\/\u96cf\u79bd\u8fd0\u8f93\u8f66\u8be6\u60c5\u9875_10-150x192.webp 150w\" alt=\"\" width=\"1234\" height=\"1578\" \/><\/p>\n<p>Sistema de ventila\u00e7\u00e3o: Equipado com defletores de ar superiores, ventiladores silenciosos de alta velocidade em ambos os lados e estrutura de ventila\u00e7\u00e3o em t\u00fanel frontal-traseira, proporcionando 8 a 10 renova\u00e7\u00f5es de ar por hora para manter o ar fresco no interior e evitar a acumula\u00e7\u00e3o de gases nocivos.<\/p>\n<h1 style=\"text-align: center;\">SISTEMA DE CONTROLO DE TEMPERATURA<\/h1>\n<p><img loading=\"lazy\" decoding=\"async\" class=\"aligncenter wp-image-7169\" src=\"https:\/\/ac-truck.com\/wp-content\/uploads\/2026\/01\/%E9%9B%8F%E7%A6%BD%E8%BF%90%E8%BE%93%E8%BD%A6%E8%AF%A6%E6%83%85%E9%A1%B5_12.webp\" sizes=\"(max-width: 1234px) 100vw, 1234px\" srcset=\"https:\/\/ac-truck.com\/wp-content\/uploads\/2026\/01\/\u96cf\u79bd\u8fd0\u8f93\u8f66\u8be6\u60c5\u9875_12.webp 790w, https:\/\/ac-truck.com\/wp-content\/uploads\/2026\/01\/\u96cf\u79bd\u8fd0\u8f93\u8f66\u8be6\u60c5\u9875_12-300x121.webp 300w, https:\/\/ac-truck.com\/wp-content\/uploads\/2026\/01\/\u96cf\u79bd\u8fd0\u8f93\u8f66\u8be6\u60c5\u9875_12-768x309.webp 768w, https:\/\/ac-truck.com\/wp-content\/uploads\/2026\/01\/\u96cf\u79bd\u8fd0\u8f93\u8f66\u8be6\u60c5\u9875_12-18x7.webp 18w, https:\/\/ac-truck.com\/wp-content\/uploads\/2026\/01\/\u96cf\u79bd\u8fd0\u8f93\u8f66\u8be6\u60c5\u9875_12-600x242.webp 600w, https:\/\/ac-truck.com\/wp-content\/uploads\/2026\/01\/\u96cf\u79bd\u8fd0\u8f93\u8f66\u8be6\u60c5\u9875_12-150x60.webp 150w\" alt=\"\" width=\"1234\" height=\"497\" \/><\/p>\n<p>1. Radiador de grande capacidade fabricado com tubos de a\u00e7o inoxid\u00e1vel<br \/>\n2. Amortecedor a g\u00e1s aquecido<br \/>\nModo de aquecimento: Alimentado por recircula\u00e7\u00e3o de gases de escape de cami\u00f5es ou queimador a diesel independente.<\/p>\n<p><img loading=\"lazy\" decoding=\"async\" class=\"aligncenter wp-image-7170\" src=\"https:\/\/ac-truck.com\/wp-content\/uploads\/2026\/01\/%E9%9B%8F%E7%A6%BD%E8%BF%90%E8%BE%93%E8%BD%A6%E8%AF%A6%E6%83%85%E9%A1%B5_14.webp\" sizes=\"(max-width: 1234px) 100vw, 1234px\" srcset=\"https:\/\/ac-truck.com\/wp-content\/uploads\/2026\/01\/\u96cf\u79bd\u8fd0\u8f93\u8f66\u8be6\u60c5\u9875_14.webp 790w, https:\/\/ac-truck.com\/wp-content\/uploads\/2026\/01\/\u96cf\u79bd\u8fd0\u8f93\u8f66\u8be6\u60c5\u9875_14-300x226.webp 300w, https:\/\/ac-truck.com\/wp-content\/uploads\/2026\/01\/\u96cf\u79bd\u8fd0\u8f93\u8f66\u8be6\u60c5\u9875_14-768x579.webp 768w, https:\/\/ac-truck.com\/wp-content\/uploads\/2026\/01\/\u96cf\u79bd\u8fd0\u8f93\u8f66\u8be6\u60c5\u9875_14-16x12.webp 16w, https:\/\/ac-truck.com\/wp-content\/uploads\/2026\/01\/\u96cf\u79bd\u8fd0\u8f93\u8f66\u8be6\u60c5\u9875_14-600x453.webp 600w, https:\/\/ac-truck.com\/wp-content\/uploads\/2026\/01\/\u96cf\u79bd\u8fd0\u8f93\u8f66\u8be6\u60c5\u9875_14-150x113.webp 150w\" alt=\"\" width=\"1234\" height=\"931\" \/><\/p>\n<h1 style=\"text-align: center;\">SISTEMA DE UMIDIFICA\u00c7\u00c3O<\/h1>\n<p><img loading=\"lazy\" decoding=\"async\" class=\"aligncenter wp-image-7171\" src=\"https:\/\/ac-truck.com\/wp-content\/uploads\/2026\/01\/%E9%9B%8F%E7%A6%BD%E8%BF%90%E8%BE%93%E8%BD%A6%E8%AF%A6%E6%83%85%E9%A1%B5_16.webp\" sizes=\"(max-width: 1234px) 100vw, 1234px\" srcset=\"https:\/\/ac-truck.com\/wp-content\/uploads\/2026\/01\/\u96cf\u79bd\u8fd0\u8f93\u8f66\u8be6\u60c5\u9875_16.webp 790w, https:\/\/ac-truck.com\/wp-content\/uploads\/2026\/01\/\u96cf\u79bd\u8fd0\u8f93\u8f66\u8be6\u60c5\u9875_16-300x191.webp 300w, https:\/\/ac-truck.com\/wp-content\/uploads\/2026\/01\/\u96cf\u79bd\u8fd0\u8f93\u8f66\u8be6\u60c5\u9875_16-768x489.webp 768w, https:\/\/ac-truck.com\/wp-content\/uploads\/2026\/01\/\u96cf\u79bd\u8fd0\u8f93\u8f66\u8be6\u60c5\u9875_16-18x12.webp 18w, https:\/\/ac-truck.com\/wp-content\/uploads\/2026\/01\/\u96cf\u79bd\u8fd0\u8f93\u8f66\u8be6\u60c5\u9875_16-600x382.webp 600w, https:\/\/ac-truck.com\/wp-content\/uploads\/2026\/01\/\u96cf\u79bd\u8fd0\u8f93\u8f66\u8be6\u60c5\u9875_16-150x96.webp 150w\" alt=\"\" width=\"1234\" height=\"786\" \/><\/p>\n<p>1. Bicos de humidifica\u00e7\u00e3o: O sistema de humidifica\u00e7\u00e3o utiliza bicos de alta press\u00e3o com sistema antigotejamento, reduzindo eficazmente o consumo de \u00e1gua e evitando o desperd\u00edcio.<br \/>\n2. V\u00e1lvulas de Humidifica\u00e7\u00e3o: S\u00e3o utilizados componentes pneum\u00e1ticos e hidr\u00e1ulicos de alta qualidade para garantir um funcionamento est\u00e1vel e seguro durante todo o transporte.<br \/>\n3. Filtro: Sistema de filtragem integrado com sensor de caudal no dep\u00f3sito de \u00e1gua para monitoriza\u00e7\u00e3o em tempo real do caudal de \u00e1gua.<br \/>\n4. Reservat\u00f3rio de \u00c1gua Pressurizado: Reservat\u00f3rios de humidifica\u00e7\u00e3o opcionais com capacidades de 150L e 300L, constru\u00eddos em a\u00e7o inoxid\u00e1vel e alum\u00ednio para maior resist\u00eancia \u00e0 corros\u00e3o e durabilidade.<\/p>\n<h2 style=\"text-align: center;\">OPERA\u00c7\u00c3O MAIS SIMPLES E INTELIGENTE<\/h2>\n<p><img loading=\"lazy\" decoding=\"async\" class=\"aligncenter wp-image-7172\" src=\"https:\/\/ac-truck.com\/wp-content\/uploads\/2026\/01\/%E9%9B%8F%E7%A6%BD%E8%BF%90%E8%BE%93%E8%BD%A6%E8%AF%A6%E6%83%85%E9%A1%B5_18.webp\" sizes=\"(max-width: 1234px) 100vw, 1234px\" srcset=\"https:\/\/ac-truck.com\/wp-content\/uploads\/2026\/01\/\u96cf\u79bd\u8fd0\u8f93\u8f66\u8be6\u60c5\u9875_18.webp 790w, https:\/\/ac-truck.com\/wp-content\/uploads\/2026\/01\/\u96cf\u79bd\u8fd0\u8f93\u8f66\u8be6\u60c5\u9875_18-291x300.webp 291w, https:\/\/ac-truck.com\/wp-content\/uploads\/2026\/01\/\u96cf\u79bd\u8fd0\u8f93\u8f66\u8be6\u60c5\u9875_18-768x792.webp 768w, https:\/\/ac-truck.com\/wp-content\/uploads\/2026\/01\/\u96cf\u79bd\u8fd0\u8f93\u8f66\u8be6\u60c5\u9875_18-12x12.webp 12w, https:\/\/ac-truck.com\/wp-content\/uploads\/2026\/01\/\u96cf\u79bd\u8fd0\u8f93\u8f66\u8be6\u60c5\u9875_18-600x619.webp 600w, https:\/\/ac-truck.com\/wp-content\/uploads\/2026\/01\/\u96cf\u79bd\u8fd0\u8f93\u8f66\u8be6\u60c5\u9875_18-150x155.webp 150w\" alt=\"\" width=\"1234\" height=\"1273\" \/><\/p>\n<p>1. Sistema de monitoriza\u00e7\u00e3o<br \/>\n2. Sensor de temperatura e humidade<br \/>\n3. Interruptor de controlo independente do ventilador<\/p>\n<h1 style=\"text-align: center;\">PROCESSO DE PRODU\u00c7\u00c3O<\/h1>\n<p><img loading=\"lazy\" decoding=\"async\" class=\"aligncenter wp-image-7173\" src=\"https:\/\/ac-truck.com\/wp-content\/uploads\/2026\/01\/%E9%9B%8F%E7%A6%BD%E8%BF%90%E8%BE%93%E8%BD%A6%E8%AF%A6%E6%83%85%E9%A1%B5_20.webp\" sizes=\"(max-width: 1234px) 100vw, 1234px\" srcset=\"https:\/\/ac-truck.com\/wp-content\/uploads\/2026\/01\/\u96cf\u79bd\u8fd0\u8f93\u8f66\u8be6\u60c5\u9875_20.webp 790w, https:\/\/ac-truck.com\/wp-content\/uploads\/2026\/01\/\u96cf\u79bd\u8fd0\u8f93\u8f66\u8be6\u60c5\u9875_20-108x300.webp 108w, https:\/\/ac-truck.com\/wp-content\/uploads\/2026\/01\/\u96cf\u79bd\u8fd0\u8f93\u8f66\u8be6\u60c5\u9875_20-369x1024.webp 369w, https:\/\/ac-truck.com\/wp-content\/uploads\/2026\/01\/\u96cf\u79bd\u8fd0\u8f93\u8f66\u8be6\u60c5\u9875_20-768x2132.webp 768w, https:\/\/ac-truck.com\/wp-content\/uploads\/2026\/01\/\u96cf\u79bd\u8fd0\u8f93\u8f66\u8be6\u60c5\u9875_20-553x1536.webp 553w, https:\/\/ac-truck.com\/wp-content\/uploads\/2026\/01\/\u96cf\u79bd\u8fd0\u8f93\u8f66\u8be6\u60c5\u9875_20-738x2048.webp 738w, https:\/\/ac-truck.com\/wp-content\/uploads\/2026\/01\/\u96cf\u79bd\u8fd0\u8f93\u8f66\u8be6\u60c5\u9875_20-4x12.webp 4w, https:\/\/ac-truck.com\/wp-content\/uploads\/2026\/01\/\u96cf\u79bd\u8fd0\u8f93\u8f66\u8be6\u60c5\u9875_20-600x1666.webp 600w, https:\/\/ac-truck.com\/wp-content\/uploads\/2026\/01\/\u96cf\u79bd\u8fd0\u8f93\u8f66\u8be6\u60c5\u9875_20-150x416.webp 150w\" alt=\"\" width=\"1234\" height=\"3426\" \/><img loading=\"lazy\" decoding=\"async\" class=\"aligncenter wp-image-7174\" src=\"https:\/\/ac-truck.com\/wp-content\/uploads\/2026\/01\/%E9%9B%8F%E7%A6%BD%E8%BF%90%E8%BE%93%E8%BD%A6%E8%AF%A6%E6%83%85%E9%A1%B5_21.webp\" sizes=\"(max-width: 1234px) 100vw, 1234px\" srcset=\"https:\/\/ac-truck.com\/wp-content\/uploads\/2026\/01\/\u96cf\u79bd\u8fd0\u8f93\u8f66\u8be6\u60c5\u9875_21.webp 790w, https:\/\/ac-truck.com\/wp-content\/uploads\/2026\/01\/\u96cf\u79bd\u8fd0\u8f93\u8f66\u8be6\u60c5\u9875_21-143x300.webp 143w, https:\/\/ac-truck.com\/wp-content\/uploads\/2026\/01\/\u96cf\u79bd\u8fd0\u8f93\u8f66\u8be6\u60c5\u9875_21-487x1024.webp 487w, https:\/\/ac-truck.com\/wp-content\/uploads\/2026\/01\/\u96cf\u79bd\u8fd0\u8f93\u8f66\u8be6\u60c5\u9875_21-768x1616.webp 768w, https:\/\/ac-truck.com\/wp-content\/uploads\/2026\/01\/\u96cf\u79bd\u8fd0\u8f93\u8f66\u8be6\u60c5\u9875_21-730x1536.webp 730w, https:\/\/ac-truck.com\/wp-content\/uploads\/2026\/01\/\u96cf\u79bd\u8fd0\u8f93\u8f66\u8be6\u60c5\u9875_21-6x12.webp 6w, https:\/\/ac-truck.com\/wp-content\/uploads\/2026\/01\/\u96cf\u79bd\u8fd0\u8f93\u8f66\u8be6\u60c5\u9875_21-600x1262.webp 600w, https:\/\/ac-truck.com\/wp-content\/uploads\/2026\/01\/\u96cf\u79bd\u8fd0\u8f93\u8f66\u8be6\u60c5\u9875_21-150x316.webp 150w\" alt=\"\" width=\"1234\" height=\"2596\" \/><\/p>\n<p>1. Produ\u00e7\u00e3o da estrutura interna da caixa de carga<br \/>\n2. Produ\u00e7\u00e3o de pain\u00e9is para caixas de carga<br \/>\n3. Montagem dos pain\u00e9is da carro\u00e7aria do ve\u00edculo<br \/>\n4. Fabrico da caixa de carga conclu\u00edda<br \/>\n5. Instala\u00e7\u00e3o de componentes internos (estruturas em a\u00e7o inoxid\u00e1vel\/ar condicionado)<br \/>\n6. Caixa de carga completa montada no chassis<br \/>\n7. Montagem completa do ve\u00edculo conclu\u00edda<\/p>\n<h1 style=\"text-align: center;\">CEN\u00c1RIOS DE APLICA\u00c7\u00c3O<\/h1>\n<p><img loading=\"lazy\" decoding=\"async\" class=\"aligncenter wp-image-7175\" src=\"https:\/\/ac-truck.com\/wp-content\/uploads\/2026\/01\/%E9%9B%8F%E7%A6%BD%E8%BF%90%E8%BE%93%E8%BD%A6%E8%AF%A6%E6%83%85%E9%A1%B5_23.webp\" sizes=\"(max-width: 1234px) 100vw, 1234px\" srcset=\"https:\/\/ac-truck.com\/wp-content\/uploads\/2026\/01\/\u96cf\u79bd\u8fd0\u8f93\u8f66\u8be6\u60c5\u9875_23.webp 790w, https:\/\/ac-truck.com\/wp-content\/uploads\/2026\/01\/\u96cf\u79bd\u8fd0\u8f93\u8f66\u8be6\u60c5\u9875_23-204x300.webp 204w, https:\/\/ac-truck.com\/wp-content\/uploads\/2026\/01\/\u96cf\u79bd\u8fd0\u8f93\u8f66\u8be6\u60c5\u9875_23-697x1024.webp 697w, https:\/\/ac-truck.com\/wp-content\/uploads\/2026\/01\/\u96cf\u79bd\u8fd0\u8f93\u8f66\u8be6\u60c5\u9875_23-768x1128.webp 768w, https:\/\/ac-truck.com\/wp-content\/uploads\/2026\/01\/\u96cf\u79bd\u8fd0\u8f93\u8f66\u8be6\u60c5\u9875_23-8x12.webp 8w, https:\/\/ac-truck.com\/wp-content\/uploads\/2026\/01\/\u96cf\u79bd\u8fd0\u8f93\u8f66\u8be6\u60c5\u9875_23-600x881.webp 600w, https:\/\/ac-truck.com\/wp-content\/uploads\/2026\/01\/\u96cf\u79bd\u8fd0\u8f93\u8f66\u8be6\u60c5\u9875_23-150x220.webp 150w\" alt=\"\" width=\"1234\" height=\"1812\" \/><\/p>\n<h1 style=\"text-align: center;\">EMBALAMENTO E TRANSPORTE<\/h1>\n<p><img loading=\"lazy\" decoding=\"async\" class=\"aligncenter wp-image-7176\" src=\"https:\/\/ac-truck.com\/wp-content\/uploads\/2026\/01\/%E9%9B%8F%E7%A6%BD%E8%BF%90%E8%BE%93%E8%BD%A6%E8%AF%A6%E6%83%85%E9%A1%B5_25.webp\" sizes=\"(max-width: 1234px) 100vw, 1234px\" srcset=\"https:\/\/ac-truck.com\/wp-content\/uploads\/2026\/01\/\u96cf\u79bd\u8fd0\u8f93\u8f66\u8be6\u60c5\u9875_25.webp 790w, https:\/\/ac-truck.com\/wp-content\/uploads\/2026\/01\/\u96cf\u79bd\u8fd0\u8f93\u8f66\u8be6\u60c5\u9875_25-215x300.webp 215w, https:\/\/ac-truck.com\/wp-content\/uploads\/2026\/01\/\u96cf\u79bd\u8fd0\u8f93\u8f66\u8be6\u60c5\u9875_25-734x1024.webp 734w, https:\/\/ac-truck.com\/wp-content\/uploads\/2026\/01\/\u96cf\u79bd\u8fd0\u8f93\u8f66\u8be6\u60c5\u9875_25-768x1071.webp 768w, https:\/\/ac-truck.com\/wp-content\/uploads\/2026\/01\/\u96cf\u79bd\u8fd0\u8f93\u8f66\u8be6\u60c5\u9875_25-9x12.webp 9w, https:\/\/ac-truck.com\/wp-content\/uploads\/2026\/01\/\u96cf\u79bd\u8fd0\u8f93\u8f66\u8be6\u60c5\u9875_25-600x837.webp 600w, https:\/\/ac-truck.com\/wp-content\/uploads\/2026\/01\/\u96cf\u79bd\u8fd0\u8f93\u8f66\u8be6\u60c5\u9875_25-150x209.webp 150w\" alt=\"\" width=\"1234\" height=\"1721\" \/><\/p>","protected":false},"excerpt":{"rendered":"<p>PRODUCT PARAMETERS 6.8m Chick Transport Truck DongFeng \u00a0 project Descriptions Specifications General Overall dimensions(mm) 8995*2550*3980 curb weight(Kg) 9050 Loading capacity(Kg)<\/p>","protected":false},"featured_media":7197,"template":"","meta":[],"product_brand":[228],"product_cat":[177],"product_tag":[365,366,367],"class_list":{"0":"post-7194","1":"product","2":"type-product","3":"status-publish","4":"has-post-thumbnail","6":"product_brand-dongfeng","7":"product_cat-box-trucks","8":"product_tag-day-old-chick-transport-truck","9":"product_tag-live-chick-transport-truck","10":"product_tag-chick-delivery-truck","12":"first","13":"instock","14":"shipping-taxable","15":"product-type-simple"},"_links":{"self":[{"href":"https:\/\/ac-truck.com\/pt\/wp-json\/wp\/v2\/product\/7194","targetHints":{"allow":["GET"]}}],"collection":[{"href":"https:\/\/ac-truck.com\/pt\/wp-json\/wp\/v2\/product"}],"about":[{"href":"https:\/\/ac-truck.com\/pt\/wp-json\/wp\/v2\/types\/product"}],"version-history":[{"count":1,"href":"https:\/\/ac-truck.com\/pt\/wp-json\/wp\/v2\/product\/7194\/revisions"}],"predecessor-version":[{"id":7203,"href":"https:\/\/ac-truck.com\/pt\/wp-json\/wp\/v2\/product\/7194\/revisions\/7203"}],"wp:featuredmedia":[{"embeddable":true,"href":"https:\/\/ac-truck.com\/pt\/wp-json\/wp\/v2\/media\/7197"}],"wp:attachment":[{"href":"https:\/\/ac-truck.com\/pt\/wp-json\/wp\/v2\/media?parent=7194"}],"wp:term":[{"taxonomy":"product_brand","embeddable":true,"href":"https:\/\/ac-truck.com\/pt\/wp-json\/wp\/v2\/product_brand?post=7194"},{"taxonomy":"product_cat","embeddable":true,"href":"https:\/\/ac-truck.com\/pt\/wp-json\/wp\/v2\/product_cat?post=7194"},{"taxonomy":"product_tag","embeddable":true,"href":"https:\/\/ac-truck.com\/pt\/wp-json\/wp\/v2\/product_tag?post=7194"}],"curies":[{"name":"wp","href":"https:\/\/api.w.org\/{rel}","templated":true}]}}