{"id":7267,"date":"2026-01-20T15:41:09","date_gmt":"2026-01-20T07:41:09","guid":{"rendered":"https:\/\/ac-truck.com\/?post_type=product&#038;p=7267"},"modified":"2026-01-20T15:41:09","modified_gmt":"2026-01-20T07:41:09","slug":"sewer-jetting-vacuum-truck-32000l-howo","status":"publish","type":"product","link":"https:\/\/ac-truck.com\/pt\/sewer-jetting-vacuum-truck-32000l-howo.html","title":{"rendered":"Cami\u00e3o de Decapagem a V\u00e1cuo para Limpeza de Esgotos 32000L HOWO"},"content":{"rendered":"<p><img fetchpriority=\"high\" decoding=\"async\" class=\"aligncenter wp-image-7268\" src=\"https:\/\/ac-truck.com\/wp-content\/uploads\/2026\/01\/\u6e05\u6d17\u5438\u6c61\u8f66\u8be6\u60c5\u9875_01.jpg\" alt=\"\" width=\"1234\" height=\"1609\" srcset=\"https:\/\/ac-truck.com\/wp-content\/uploads\/2026\/01\/\u6e05\u6d17\u5438\u6c61\u8f66\u8be6\u60c5\u9875_01.jpg 790w, https:\/\/ac-truck.com\/wp-content\/uploads\/2026\/01\/\u6e05\u6d17\u5438\u6c61\u8f66\u8be6\u60c5\u9875_01-230x300.jpg 230w, https:\/\/ac-truck.com\/wp-content\/uploads\/2026\/01\/\u6e05\u6d17\u5438\u6c61\u8f66\u8be6\u60c5\u9875_01-785x1024.jpg 785w, https:\/\/ac-truck.com\/wp-content\/uploads\/2026\/01\/\u6e05\u6d17\u5438\u6c61\u8f66\u8be6\u60c5\u9875_01-768x1001.jpg 768w, https:\/\/ac-truck.com\/wp-content\/uploads\/2026\/01\/\u6e05\u6d17\u5438\u6c61\u8f66\u8be6\u60c5\u9875_01-9x12.jpg 9w, https:\/\/ac-truck.com\/wp-content\/uploads\/2026\/01\/\u6e05\u6d17\u5438\u6c61\u8f66\u8be6\u60c5\u9875_01-600x782.jpg 600w, https:\/\/ac-truck.com\/wp-content\/uploads\/2026\/01\/\u6e05\u6d17\u5438\u6c61\u8f66\u8be6\u60c5\u9875_01-150x196.jpg 150w\" sizes=\"(max-width: 1234px) 100vw, 1234px\" \/><\/p>\n<h1 style=\"text-align: center;\">PAR\u00c2METROS DO PRODUTO<\/h1>\n<p><img decoding=\"async\" class=\"aligncenter wp-image-7269\" src=\"https:\/\/ac-truck.com\/wp-content\/uploads\/2026\/01\/\u6e05\u6d17\u5438\u6c61\u8f66\u8be6\u60c5\u9875_03.jpg\" alt=\"\" width=\"1234\" height=\"484\" srcset=\"https:\/\/ac-truck.com\/wp-content\/uploads\/2026\/01\/\u6e05\u6d17\u5438\u6c61\u8f66\u8be6\u60c5\u9875_03.jpg 790w, https:\/\/ac-truck.com\/wp-content\/uploads\/2026\/01\/\u6e05\u6d17\u5438\u6c61\u8f66\u8be6\u60c5\u9875_03-300x118.jpg 300w, https:\/\/ac-truck.com\/wp-content\/uploads\/2026\/01\/\u6e05\u6d17\u5438\u6c61\u8f66\u8be6\u60c5\u9875_03-768x301.jpg 768w, https:\/\/ac-truck.com\/wp-content\/uploads\/2026\/01\/\u6e05\u6d17\u5438\u6c61\u8f66\u8be6\u60c5\u9875_03-18x7.jpg 18w, https:\/\/ac-truck.com\/wp-content\/uploads\/2026\/01\/\u6e05\u6d17\u5438\u6c61\u8f66\u8be6\u60c5\u9875_03-600x235.jpg 600w, https:\/\/ac-truck.com\/wp-content\/uploads\/2026\/01\/\u6e05\u6d17\u5438\u6c61\u8f66\u8be6\u60c5\u9875_03-150x59.jpg 150w\" sizes=\"(max-width: 1234px) 100vw, 1234px\" \/><\/p>\n<h2 style=\"text-align: center;\">Cami\u00e3o de Decapagem a V\u00e1cuo para Limpeza de Esgotos 32000L HOWO<\/h2>\n<table>\n<tbody>\n<tr>\n<td width=\"79\"><strong>projeto<\/strong><\/td>\n<td width=\"319\"><strong>Descri\u00e7\u00f5es<\/strong><\/td>\n<td width=\"288\"><strong>Especifica\u00e7\u00f5es<\/strong><\/td>\n<\/tr>\n<tr>\n<td rowspan=\"4\" width=\"79\"><strong>B\u00e1sico<\/strong><\/td>\n<td width=\"319\"><strong>Dimens\u00f5es totais (mm)<\/strong><\/td>\n<td width=\"288\"><strong>12060\u00d72550\u00d73990<\/strong><\/td>\n<\/tr>\n<tr>\n<td width=\"319\"><strong>peso bruto (kg)<\/strong><\/td>\n<td width=\"288\"><strong>20485<\/strong><\/td>\n<\/tr>\n<tr>\n<td width=\"319\"><strong>Capacidade de carga (Kg)<\/strong><\/td>\n<td width=\"288\"><strong>10320<\/strong><\/td>\n<\/tr>\n<tr>\n<td width=\"319\"><strong>Massa total (Kg)<\/strong><\/td>\n<td width=\"288\"><strong>31000<\/strong><\/td>\n<\/tr>\n<tr>\n<td rowspan=\"5\" width=\"79\"><strong>Corpo<\/strong><\/td>\n<td width=\"319\"><strong>Volume total do tanque (L)<\/strong><\/td>\n<td width=\"288\"><strong>32000<\/strong><\/td>\n<\/tr>\n<tr>\n<td width=\"319\"><strong>Capacidade do reservat\u00f3rio de \u00e1gua limpa (L)<\/strong><\/td>\n<td width=\"288\"><strong>8000<\/strong><\/td>\n<\/tr>\n<tr>\n<td width=\"319\"><strong>Volume do dep\u00f3sito de aspira\u00e7\u00e3o (L)<\/strong><\/td>\n<td width=\"288\"><strong>24000<\/strong><\/td>\n<\/tr>\n<tr>\n<td width=\"319\"><strong>Material do tanque<\/strong><\/td>\n<td width=\"288\"><strong>A\u00e7o carbono Q235<\/strong><\/td>\n<\/tr>\n<tr>\n<td width=\"319\"><strong>Espessura do tanque (mm)<\/strong><\/td>\n<td width=\"288\"><strong>8<\/strong><\/td>\n<\/tr>\n<tr>\n<td rowspan=\"6\" width=\"79\"><strong>Chassis<\/strong><\/p>\n<p>&nbsp;<\/td>\n<td width=\"319\"><strong>Marca do chassi<\/strong><\/td>\n<td width=\"288\"><strong>COMO<\/strong><\/td>\n<\/tr>\n<tr>\n<td width=\"319\"><strong>Formul\u00e1rio de unidade<\/strong><\/td>\n<td width=\"288\"><strong>8*4<\/strong><\/td>\n<\/tr>\n<tr>\n<td width=\"319\"><strong>Volante<\/strong><\/td>\n<td width=\"288\"><strong>Dire\u00e7\u00e3o \u00e0 esquerda<\/strong><\/td>\n<\/tr>\n<tr>\n<td width=\"319\"><strong>Pot\u00eancia m\u00e1xima do motor (kW)<\/strong><\/td>\n<td width=\"288\"><strong>319<\/strong><\/td>\n<\/tr>\n<tr>\n<td width=\"319\"><strong>Padr\u00f5es de emiss\u00e3o<\/strong><\/td>\n<td width=\"288\"><strong>Euro 6<\/strong><\/td>\n<\/tr>\n<tr>\n<td width=\"319\"><strong>Caixa de engrenagens<\/strong><\/td>\n<td width=\"288\"><strong>12-speed manual transmission<\/strong><\/td>\n<\/tr>\n<\/tbody>\n<\/table>\n<h1 style=\"text-align: center;\"><strong>VANTAGENS DO VE\u00cdCULO<\/strong><\/h1>\n<h5 style=\"text-align: center;\">CAPACIDADES POTENTES DE ASPIRA\u00c7\u00c3O E DRENAGEM DE ESGOTOS<\/h5>\n<p><img decoding=\"async\" class=\"aligncenter wp-image-7253\" src=\"https:\/\/ac-truck.com\/wp-content\/uploads\/2026\/01\/%E6%B8%85%E6%B4%97%E5%90%B8%E6%B1%A1%E8%BD%A6%E8%AF%A6%E6%83%85%E9%A1%B5_05.webp\" sizes=\"(max-width: 1234px) 100vw, 1234px\" srcset=\"https:\/\/ac-truck.com\/wp-content\/uploads\/2026\/01\/\u6e05\u6d17\u5438\u6c61\u8f66\u8be6\u60c5\u9875_05.webp 790w, https:\/\/ac-truck.com\/wp-content\/uploads\/2026\/01\/\u6e05\u6d17\u5438\u6c61\u8f66\u8be6\u60c5\u9875_05-99x300.webp 99w, https:\/\/ac-truck.com\/wp-content\/uploads\/2026\/01\/\u6e05\u6d17\u5438\u6c61\u8f66\u8be6\u60c5\u9875_05-338x1024.webp 338w, https:\/\/ac-truck.com\/wp-content\/uploads\/2026\/01\/\u6e05\u6d17\u5438\u6c61\u8f66\u8be6\u60c5\u9875_05-768x2329.webp 768w, https:\/\/ac-truck.com\/wp-content\/uploads\/2026\/01\/\u6e05\u6d17\u5438\u6c61\u8f66\u8be6\u60c5\u9875_05-506x1536.webp 506w, https:\/\/ac-truck.com\/wp-content\/uploads\/2026\/01\/\u6e05\u6d17\u5438\u6c61\u8f66\u8be6\u60c5\u9875_05-675x2048.webp 675w, https:\/\/ac-truck.com\/wp-content\/uploads\/2026\/01\/\u6e05\u6d17\u5438\u6c61\u8f66\u8be6\u60c5\u9875_05-4x12.webp 4w, https:\/\/ac-truck.com\/wp-content\/uploads\/2026\/01\/\u6e05\u6d17\u5438\u6c61\u8f66\u8be6\u60c5\u9875_05-600x1820.webp 600w, https:\/\/ac-truck.com\/wp-content\/uploads\/2026\/01\/\u6e05\u6d17\u5438\u6c61\u8f66\u8be6\u60c5\u9875_05-150x455.webp 150w\" alt=\"\" width=\"1234\" height=\"3743\" \/><\/p>\n<p><strong>1. Bomba de v\u00e1cuo de ciclo de \u00e1gua: Apresenta um baixo consumo e uma elevada efici\u00eancia, com um poder de suc\u00e7\u00e3o forte e est\u00e1vel.<\/strong><br \/>\n<strong>2.\u00ba M\u00faltiplas portas de aspira\u00e7\u00e3o: Com v\u00e1rias portas de aspira\u00e7\u00e3o simult\u00e2neas, a efici\u00eancia de funcionamento \u00e9 duplicada.<\/strong><br \/>\n<strong>3. Porta de descarga hidr\u00e1ulica na parte traseira do tanque: Auxiliada por energia hidr\u00e1ulica, a descarga \u00e9 r\u00e1pida e completa.<\/strong><br \/>\n<strong>4. Porta de drenagem com v\u00e1lvula de esfera na parte inferior do tanque: Controlada por uma v\u00e1lvula de esfera, oferece uma drenagem conveniente e evita fugas.<\/strong><br \/>\n<strong>5.\u00ba Tubo de aspira\u00e7\u00e3o de esgoto: \u00c9 flex\u00edvel e dur\u00e1vel, adequado para condi\u00e7\u00f5es de trabalho complexas.<\/strong><\/p>\n<h1 style=\"text-align: center;\">CONFIGURA\u00c7\u00c3O DE LIMPEZA DE ALTA PRESS\u00c3O<\/h1>\n<p><img loading=\"lazy\" decoding=\"async\" class=\"aligncenter wp-image-7254\" src=\"https:\/\/ac-truck.com\/wp-content\/uploads\/2026\/01\/%E6%B8%85%E6%B4%97%E5%90%B8%E6%B1%A1%E8%BD%A6%E8%AF%A6%E6%83%85%E9%A1%B5_07.webp\" sizes=\"(max-width: 1234px) 100vw, 1234px\" srcset=\"https:\/\/ac-truck.com\/wp-content\/uploads\/2026\/01\/\u6e05\u6d17\u5438\u6c61\u8f66\u8be6\u60c5\u9875_07.webp 790w, https:\/\/ac-truck.com\/wp-content\/uploads\/2026\/01\/\u6e05\u6d17\u5438\u6c61\u8f66\u8be6\u60c5\u9875_07-134x300.webp 134w, https:\/\/ac-truck.com\/wp-content\/uploads\/2026\/01\/\u6e05\u6d17\u5438\u6c61\u8f66\u8be6\u60c5\u9875_07-457x1024.webp 457w, https:\/\/ac-truck.com\/wp-content\/uploads\/2026\/01\/\u6e05\u6d17\u5438\u6c61\u8f66\u8be6\u60c5\u9875_07-768x1723.webp 768w, https:\/\/ac-truck.com\/wp-content\/uploads\/2026\/01\/\u6e05\u6d17\u5438\u6c61\u8f66\u8be6\u60c5\u9875_07-685x1536.webp 685w, https:\/\/ac-truck.com\/wp-content\/uploads\/2026\/01\/\u6e05\u6d17\u5438\u6c61\u8f66\u8be6\u60c5\u9875_07-5x12.webp 5w, https:\/\/ac-truck.com\/wp-content\/uploads\/2026\/01\/\u6e05\u6d17\u5438\u6c61\u8f66\u8be6\u60c5\u9875_07-600x1346.webp 600w, https:\/\/ac-truck.com\/wp-content\/uploads\/2026\/01\/\u6e05\u6d17\u5438\u6c61\u8f66\u8be6\u60c5\u9875_07-150x336.webp 150w\" alt=\"\" width=\"1234\" height=\"2768\" \/><\/p>\n<p><strong>1. Bomba de alta press\u00e3o: Com alta press\u00e3o e um desempenho potente, permite uma dragagem eficiente e com economia de m\u00e3o-de-obra.<\/strong><br \/>\n<strong>2. Bomba de \u00eambolo: Resistente a alta press\u00e3o e desgaste, est\u00e1vel em funcionamento e dur\u00e1vel em utiliza\u00e7\u00e3o.<\/strong><br \/>\n<strong>3. Reservat\u00f3rio de \u00e1gua circulante: Fornece \u00e1gua em circula\u00e7\u00e3o, o que \u00e9 pr\u00e1tico para a conserva\u00e7\u00e3o de \u00e1gua e redu\u00e7\u00e3o do consumo de energia.<\/strong><br \/>\n<strong>4. Entradas de \u00e1gua em ambos os lados do reservat\u00f3rio: Com entradas de \u00e1gua em ambos os lados, o reabastecimento de \u00e1gua \u00e9 r\u00e1pido e pr\u00e1tico.<\/strong><br \/>\n<strong>5. Entrada e sa\u00edda de \u00e1gua limpa: A entrada e a sa\u00edda est\u00e3o desimpedidas, tornando a opera\u00e7\u00e3o simples e sem preocupa\u00e7\u00f5es.<\/strong><\/p>\n<h1 style=\"text-align: center;\">DEP\u00d3SITO DE ARMAZENAMENTO DE ALTA RESIST\u00caNCIA<\/h1>\n<p><img loading=\"lazy\" decoding=\"async\" class=\"aligncenter wp-image-7255\" src=\"https:\/\/ac-truck.com\/wp-content\/uploads\/2026\/01\/%E6%B8%85%E6%B4%97%E5%90%B8%E6%B1%A1%E8%BD%A6%E8%AF%A6%E6%83%85%E9%A1%B5_09.webp\" sizes=\"(max-width: 1234px) 100vw, 1234px\" srcset=\"https:\/\/ac-truck.com\/wp-content\/uploads\/2026\/01\/\u6e05\u6d17\u5438\u6c61\u8f66\u8be6\u60c5\u9875_09.webp 790w, https:\/\/ac-truck.com\/wp-content\/uploads\/2026\/01\/\u6e05\u6d17\u5438\u6c61\u8f66\u8be6\u60c5\u9875_09-145x300.webp 145w, https:\/\/ac-truck.com\/wp-content\/uploads\/2026\/01\/\u6e05\u6d17\u5438\u6c61\u8f66\u8be6\u60c5\u9875_09-493x1024.webp 493w, https:\/\/ac-truck.com\/wp-content\/uploads\/2026\/01\/\u6e05\u6d17\u5438\u6c61\u8f66\u8be6\u60c5\u9875_09-768x1594.webp 768w, https:\/\/ac-truck.com\/wp-content\/uploads\/2026\/01\/\u6e05\u6d17\u5438\u6c61\u8f66\u8be6\u60c5\u9875_09-740x1536.webp 740w, https:\/\/ac-truck.com\/wp-content\/uploads\/2026\/01\/\u6e05\u6d17\u5438\u6c61\u8f66\u8be6\u60c5\u9875_09-6x12.webp 6w, https:\/\/ac-truck.com\/wp-content\/uploads\/2026\/01\/\u6e05\u6d17\u5438\u6c61\u8f66\u8be6\u60c5\u9875_09-600x1246.webp 600w, https:\/\/ac-truck.com\/wp-content\/uploads\/2026\/01\/\u6e05\u6d17\u5438\u6c61\u8f66\u8be6\u60c5\u9875_09-150x311.webp 150w\" alt=\"\" width=\"1234\" height=\"2562\" \/><\/p>\n<p><strong>1. Tanque de armazenamento de alta resist\u00eancia: \u00c9 resistente \u00e0 press\u00e3o e \u00e0 corros\u00e3o, robusto, dur\u00e1vel e capaz de suportar condi\u00e7\u00f5es adversas.<\/strong><br \/>\n<strong>2.\u00ba Interliga\u00e7\u00e3o entre o tanque de \u00e1gua limpa e o tanque de esgoto: O fluxo entre os tanques \u00e9 suave, o que permite poupar \u00e1gua, \u00e9 eficiente e conveniente.<\/strong><br \/>\n<strong>3. Dispositivo de bloqueio: Bloqueia firmemente e proporciona uma veda\u00e7\u00e3o fi\u00e1vel para evitar fugas.<\/strong><\/p>\n<h1 style=\"text-align: center;\">OUTROS DETALHES<\/h1>\n<p><img loading=\"lazy\" decoding=\"async\" class=\"aligncenter wp-image-7256\" src=\"https:\/\/ac-truck.com\/wp-content\/uploads\/2026\/01\/%E6%B8%85%E6%B4%97%E5%90%B8%E6%B1%A1%E8%BD%A6%E8%AF%A6%E6%83%85%E9%A1%B5_11.webp\" sizes=\"(max-width: 1234px) 100vw, 1234px\" srcset=\"https:\/\/ac-truck.com\/wp-content\/uploads\/2026\/01\/\u6e05\u6d17\u5438\u6c61\u8f66\u8be6\u60c5\u9875_11.webp 790w, https:\/\/ac-truck.com\/wp-content\/uploads\/2026\/01\/\u6e05\u6d17\u5438\u6c61\u8f66\u8be6\u60c5\u9875_11-167x300.webp 167w, https:\/\/ac-truck.com\/wp-content\/uploads\/2026\/01\/\u6e05\u6d17\u5438\u6c61\u8f66\u8be6\u60c5\u9875_11-570x1024.webp 570w, https:\/\/ac-truck.com\/wp-content\/uploads\/2026\/01\/\u6e05\u6d17\u5438\u6c61\u8f66\u8be6\u60c5\u9875_11-768x1380.webp 768w, https:\/\/ac-truck.com\/wp-content\/uploads\/2026\/01\/\u6e05\u6d17\u5438\u6c61\u8f66\u8be6\u60c5\u9875_11-7x12.webp 7w, https:\/\/ac-truck.com\/wp-content\/uploads\/2026\/01\/\u6e05\u6d17\u5438\u6c61\u8f66\u8be6\u60c5\u9875_11-600x1078.webp 600w, https:\/\/ac-truck.com\/wp-content\/uploads\/2026\/01\/\u6e05\u6d17\u5438\u6c61\u8f66\u8be6\u60c5\u9875_11-150x270.webp 150w\" alt=\"\" width=\"1234\" height=\"2218\" \/><\/p>\n<p><strong>1.180 carretel<\/strong><br \/>\n<strong>2. Esgoto vis\u00edvel \u2013 tubo de volume<\/strong><br \/>\n<strong>3. Escada<\/strong><br \/>\n<strong>4. Caixa de ferramentas<\/strong><br \/>\n<strong>5. Haste de opera\u00e7\u00e3o manual<\/strong><br \/>\n<strong>6. Man\u00f3metro de grande porte<\/strong><br \/>\n<strong>7. Defletor de polui\u00e7\u00e3o<\/strong><br \/>\n<strong>8. Dispositivo para lavagem das m\u00e3os<\/strong><\/p>\n<h1 style=\"text-align: center;\">PROCESSO DE PRODU\u00c7\u00c3O<\/h1>\n<p><img loading=\"lazy\" decoding=\"async\" class=\"aligncenter wp-image-7257\" src=\"https:\/\/ac-truck.com\/wp-content\/uploads\/2026\/01\/%E6%B8%85%E6%B4%97%E5%90%B8%E6%B1%A1%E8%BD%A6%E8%AF%A6%E6%83%85%E9%A1%B5_13.webp\" sizes=\"(max-width: 1234px) 100vw, 1234px\" srcset=\"https:\/\/ac-truck.com\/wp-content\/uploads\/2026\/01\/\u6e05\u6d17\u5438\u6c61\u8f66\u8be6\u60c5\u9875_13.webp 790w, https:\/\/ac-truck.com\/wp-content\/uploads\/2026\/01\/\u6e05\u6d17\u5438\u6c61\u8f66\u8be6\u60c5\u9875_13-93x300.webp 93w, https:\/\/ac-truck.com\/wp-content\/uploads\/2026\/01\/\u6e05\u6d17\u5438\u6c61\u8f66\u8be6\u60c5\u9875_13-316x1024.webp 316w, https:\/\/ac-truck.com\/wp-content\/uploads\/2026\/01\/\u6e05\u6d17\u5438\u6c61\u8f66\u8be6\u60c5\u9875_13-768x2485.webp 768w, https:\/\/ac-truck.com\/wp-content\/uploads\/2026\/01\/\u6e05\u6d17\u5438\u6c61\u8f66\u8be6\u60c5\u9875_13-475x1536.webp 475w, https:\/\/ac-truck.com\/wp-content\/uploads\/2026\/01\/\u6e05\u6d17\u5438\u6c61\u8f66\u8be6\u60c5\u9875_13-633x2048.webp 633w, https:\/\/ac-truck.com\/wp-content\/uploads\/2026\/01\/\u6e05\u6d17\u5438\u6c61\u8f66\u8be6\u60c5\u9875_13-4x12.webp 4w, https:\/\/ac-truck.com\/wp-content\/uploads\/2026\/01\/\u6e05\u6d17\u5438\u6c61\u8f66\u8be6\u60c5\u9875_13-600x1941.webp 600w, https:\/\/ac-truck.com\/wp-content\/uploads\/2026\/01\/\u6e05\u6d17\u5438\u6c61\u8f66\u8be6\u60c5\u9875_13-150x485.webp 150w\" alt=\"\" width=\"1234\" height=\"3993\" \/><\/p>\n<p><strong>1. Lamina\u00e7\u00e3o de chapas para forma\u00e7\u00e3o de tanques<\/strong><br \/>\n<strong>2. Soldadura do tanque<\/strong><br \/>\n<strong>3. Soldadura detalhada do corpo do tanque<\/strong><br \/>\n<strong>4. Montagem da carro\u00e7aria do tanque no chassis<\/strong><br \/>\n<strong>5. Tratamento anticorrosivo por pulveriza\u00e7\u00e3o na estrutura do tanque<\/strong><br \/>\n<strong>6. Conclus\u00e3o da instala\u00e7\u00e3o da parte superior da carro\u00e7aria do ve\u00edculo.<\/strong><\/p>\n<h1 style=\"text-align: center;\">CEN\u00c1RIOS DE APLICA\u00c7\u00c3O<\/h1>\n<p><img loading=\"lazy\" decoding=\"async\" class=\"aligncenter wp-image-7258\" src=\"https:\/\/ac-truck.com\/wp-content\/uploads\/2026\/01\/%E6%B8%85%E6%B4%97%E5%90%B8%E6%B1%A1%E8%BD%A6%E8%AF%A6%E6%83%85%E9%A1%B5_15.webp\" sizes=\"(max-width: 1234px) 100vw, 1234px\" srcset=\"https:\/\/ac-truck.com\/wp-content\/uploads\/2026\/01\/\u6e05\u6d17\u5438\u6c61\u8f66\u8be6\u60c5\u9875_15.webp 790w, https:\/\/ac-truck.com\/wp-content\/uploads\/2026\/01\/\u6e05\u6d17\u5438\u6c61\u8f66\u8be6\u60c5\u9875_15-162x300.webp 162w, https:\/\/ac-truck.com\/wp-content\/uploads\/2026\/01\/\u6e05\u6d17\u5438\u6c61\u8f66\u8be6\u60c5\u9875_15-554x1024.webp 554w, https:\/\/ac-truck.com\/wp-content\/uploads\/2026\/01\/\u6e05\u6d17\u5438\u6c61\u8f66\u8be6\u60c5\u9875_15-768x1419.webp 768w, https:\/\/ac-truck.com\/wp-content\/uploads\/2026\/01\/\u6e05\u6d17\u5438\u6c61\u8f66\u8be6\u60c5\u9875_15-6x12.webp 6w, https:\/\/ac-truck.com\/wp-content\/uploads\/2026\/01\/\u6e05\u6d17\u5438\u6c61\u8f66\u8be6\u60c5\u9875_15-600x1109.webp 600w, https:\/\/ac-truck.com\/wp-content\/uploads\/2026\/01\/\u6e05\u6d17\u5438\u6c61\u8f66\u8be6\u60c5\u9875_15-150x277.webp 150w\" alt=\"\" width=\"1234\" height=\"2281\" \/><\/p>\n<h1 style=\"text-align: center;\">EMBALAMENTO E TRANSPORTE<\/h1>\n<p><img loading=\"lazy\" decoding=\"async\" class=\"aligncenter wp-image-7259\" src=\"https:\/\/ac-truck.com\/wp-content\/uploads\/2026\/01\/%E6%B8%85%E6%B4%97%E5%90%B8%E6%B1%A1%E8%BD%A6%E8%AF%A6%E6%83%85%E9%A1%B5_17.webp\" sizes=\"(max-width: 1234px) 100vw, 1234px\" srcset=\"https:\/\/ac-truck.com\/wp-content\/uploads\/2026\/01\/\u6e05\u6d17\u5438\u6c61\u8f66\u8be6\u60c5\u9875_17.webp 790w, https:\/\/ac-truck.com\/wp-content\/uploads\/2026\/01\/\u6e05\u6d17\u5438\u6c61\u8f66\u8be6\u60c5\u9875_17-120x300.webp 120w, https:\/\/ac-truck.com\/wp-content\/uploads\/2026\/01\/\u6e05\u6d17\u5438\u6c61\u8f66\u8be6\u60c5\u9875_17-409x1024.webp 409w, https:\/\/ac-truck.com\/wp-content\/uploads\/2026\/01\/\u6e05\u6d17\u5438\u6c61\u8f66\u8be6\u60c5\u9875_17-768x1921.webp 768w, https:\/\/ac-truck.com\/wp-content\/uploads\/2026\/01\/\u6e05\u6d17\u5438\u6c61\u8f66\u8be6\u60c5\u9875_17-614x1536.webp 614w, https:\/\/ac-truck.com\/wp-content\/uploads\/2026\/01\/\u6e05\u6d17\u5438\u6c61\u8f66\u8be6\u60c5\u9875_17-5x12.webp 5w, https:\/\/ac-truck.com\/wp-content\/uploads\/2026\/01\/\u6e05\u6d17\u5438\u6c61\u8f66\u8be6\u60c5\u9875_17-600x1501.webp 600w, https:\/\/ac-truck.com\/wp-content\/uploads\/2026\/01\/\u6e05\u6d17\u5438\u6c61\u8f66\u8be6\u60c5\u9875_17-150x375.webp 150w\" alt=\"\" width=\"1234\" height=\"3087\" \/><\/p>","protected":false},"excerpt":{"rendered":"<p>PRODUCT PARAMETERS Sewer Jetting Vacuum Truck 32000L HOWO project Descriptions Specifications Basic Overall dimensions(mm) 12060\u00d72550\u00d73990 curb weight(Kg) 20485 Loading capacity(Kg)<\/p>","protected":false},"featured_media":7270,"template":"","meta":[],"product_brand":[217,220],"product_cat":[194],"product_tag":[230,368,369],"class_list":{"0":"post-7267","1":"product","2":"type-product","3":"status-publish","4":"has-post-thumbnail","6":"product_brand-sinotruk","7":"product_brand-howo","8":"product_cat-septic-trucks","9":"product_tag-sewer-cleaning-truck","10":"product_tag-sewer-jetter-truck","11":"product_tag-sewer-jetting-vacuum-truck","13":"first","14":"instock","15":"shipping-taxable","16":"product-type-simple"},"_links":{"self":[{"href":"https:\/\/ac-truck.com\/pt\/wp-json\/wp\/v2\/product\/7267","targetHints":{"allow":["GET"]}}],"collection":[{"href":"https:\/\/ac-truck.com\/pt\/wp-json\/wp\/v2\/product"}],"about":[{"href":"https:\/\/ac-truck.com\/pt\/wp-json\/wp\/v2\/types\/product"}],"version-history":[{"count":1,"href":"https:\/\/ac-truck.com\/pt\/wp-json\/wp\/v2\/product\/7267\/revisions"}],"predecessor-version":[{"id":7276,"href":"https:\/\/ac-truck.com\/pt\/wp-json\/wp\/v2\/product\/7267\/revisions\/7276"}],"wp:featuredmedia":[{"embeddable":true,"href":"https:\/\/ac-truck.com\/pt\/wp-json\/wp\/v2\/media\/7270"}],"wp:attachment":[{"href":"https:\/\/ac-truck.com\/pt\/wp-json\/wp\/v2\/media?parent=7267"}],"wp:term":[{"taxonomy":"product_brand","embeddable":true,"href":"https:\/\/ac-truck.com\/pt\/wp-json\/wp\/v2\/product_brand?post=7267"},{"taxonomy":"product_cat","embeddable":true,"href":"https:\/\/ac-truck.com\/pt\/wp-json\/wp\/v2\/product_cat?post=7267"},{"taxonomy":"product_tag","embeddable":true,"href":"https:\/\/ac-truck.com\/pt\/wp-json\/wp\/v2\/product_tag?post=7267"}],"curies":[{"name":"wp","href":"https:\/\/api.w.org\/{rel}","templated":true}]}}