{"id":7591,"date":"2026-01-24T12:10:50","date_gmt":"2026-01-24T04:10:50","guid":{"rendered":"https:\/\/ac-truck.com\/?post_type=product&#038;p=7591"},"modified":"2026-01-24T12:10:51","modified_gmt":"2026-01-24T04:10:51","slug":"bitumen-sprayer-truck-8000l-shacman","status":"publish","type":"product","link":"https:\/\/ac-truck.com\/pt\/bitumen-sprayer-truck-8000l-shacman.html","title":{"rendered":"Cami\u00e3o pulverizador de betume 8000L SHACMAN"},"content":{"rendered":"<p><img fetchpriority=\"high\" decoding=\"async\" class=\"aligncenter wp-image-7592\" src=\"https:\/\/ac-truck.com\/wp-content\/uploads\/2026\/01\/1\u4ea7\u54c1\u6d77\u62a5_01-14.webp\" alt=\"\" width=\"1234\" height=\"1610\" srcset=\"https:\/\/ac-truck.com\/wp-content\/uploads\/2026\/01\/1\u4ea7\u54c1\u6d77\u62a5_01-14.webp 790w, https:\/\/ac-truck.com\/wp-content\/uploads\/2026\/01\/1\u4ea7\u54c1\u6d77\u62a5_01-14-230x300.webp 230w, https:\/\/ac-truck.com\/wp-content\/uploads\/2026\/01\/1\u4ea7\u54c1\u6d77\u62a5_01-14-785x1024.webp 785w, https:\/\/ac-truck.com\/wp-content\/uploads\/2026\/01\/1\u4ea7\u54c1\u6d77\u62a5_01-14-768x1002.webp 768w, https:\/\/ac-truck.com\/wp-content\/uploads\/2026\/01\/1\u4ea7\u54c1\u6d77\u62a5_01-14-9x12.webp 9w, https:\/\/ac-truck.com\/wp-content\/uploads\/2026\/01\/1\u4ea7\u54c1\u6d77\u62a5_01-14-600x783.webp 600w, https:\/\/ac-truck.com\/wp-content\/uploads\/2026\/01\/1\u4ea7\u54c1\u6d77\u62a5_01-14-150x196.webp 150w\" sizes=\"(max-width: 1234px) 100vw, 1234px\" \/><\/p>\n<h1 style=\"text-align: center;\">PAR\u00c2METROS DO PRODUTO<\/h1>\n<p><img decoding=\"async\" class=\"aligncenter wp-image-7593\" src=\"https:\/\/ac-truck.com\/wp-content\/uploads\/2026\/01\/1\u4ea7\u54c1\u6d77\u62a5_03-15.webp\" alt=\"\" width=\"1234\" height=\"486\" srcset=\"https:\/\/ac-truck.com\/wp-content\/uploads\/2026\/01\/1\u4ea7\u54c1\u6d77\u62a5_03-15.webp 790w, https:\/\/ac-truck.com\/wp-content\/uploads\/2026\/01\/1\u4ea7\u54c1\u6d77\u62a5_03-15-300x118.webp 300w, https:\/\/ac-truck.com\/wp-content\/uploads\/2026\/01\/1\u4ea7\u54c1\u6d77\u62a5_03-15-768x302.webp 768w, https:\/\/ac-truck.com\/wp-content\/uploads\/2026\/01\/1\u4ea7\u54c1\u6d77\u62a5_03-15-18x7.webp 18w, https:\/\/ac-truck.com\/wp-content\/uploads\/2026\/01\/1\u4ea7\u54c1\u6d77\u62a5_03-15-600x236.webp 600w, https:\/\/ac-truck.com\/wp-content\/uploads\/2026\/01\/1\u4ea7\u54c1\u6d77\u62a5_03-15-150x59.webp 150w\" sizes=\"(max-width: 1234px) 100vw, 1234px\" \/><\/p>\n<h2 style=\"text-align: center;\">Cami\u00e3o pulverizador de betume 8000L SHACMAN<\/h2>\n<table>\n<tbody>\n<tr>\n<td width=\"79\"><strong>projeto<\/strong><\/td>\n<td width=\"319\"><strong>Descri\u00e7\u00f5es<\/strong><\/td>\n<td width=\"288\"><strong>Especifica\u00e7\u00f5es<\/strong><\/td>\n<\/tr>\n<tr>\n<td rowspan=\"4\" width=\"79\"><strong>B\u00e1sico<\/strong><\/td>\n<td width=\"319\"><strong>Dimens\u00f5es totais (mm)<\/strong><\/td>\n<td width=\"288\"><strong>7380\u00d72350\u00d72680<\/strong><\/td>\n<\/tr>\n<tr>\n<td width=\"319\"><strong>peso bruto (kg)<\/strong><\/td>\n<td width=\"288\"><strong>6520<\/strong><\/td>\n<\/tr>\n<tr>\n<td width=\"319\"><strong>Capacidade de carga (Kg)<\/strong><\/td>\n<td width=\"288\"><strong>4550<\/strong><\/td>\n<\/tr>\n<tr>\n<td width=\"319\"><strong>Massa total (Kg)<\/strong><\/td>\n<td width=\"288\"><strong>11200<\/strong><\/td>\n<\/tr>\n<tr>\n<td rowspan=\"3\" width=\"79\"><strong>Corpo<\/strong><\/td>\n<td width=\"319\"><strong>Volume total (L)<\/strong><\/td>\n<td width=\"288\"><strong>8000<\/strong><\/td>\n<\/tr>\n<tr>\n<td width=\"319\"><strong>Material do tanque<\/strong><\/td>\n<td width=\"288\"><strong>Q235<\/strong><\/td>\n<\/tr>\n<tr>\n<td width=\"319\"><strong>Sistema de controlo<\/strong><\/td>\n<td width=\"288\"><strong>sistema de controlo PLC<\/strong><\/td>\n<\/tr>\n<tr>\n<td rowspan=\"8\" width=\"79\"><strong>Chassis<\/strong><\/p>\n<p>&nbsp;<\/td>\n<td width=\"319\"><strong>Marca do chassi<\/strong><\/td>\n<td width=\"288\"><strong>Shacman<\/strong><\/td>\n<\/tr>\n<tr>\n<td width=\"319\"><strong>Formul\u00e1rio de unidade<\/strong><\/td>\n<td width=\"288\"><strong>4*2<\/strong><\/td>\n<\/tr>\n<tr>\n<td width=\"319\"><strong>Volante<\/strong><\/td>\n<td width=\"288\"><strong>Dire\u00e7\u00e3o \u00e0 esquerda<\/strong><\/td>\n<\/tr>\n<tr>\n<td width=\"319\"><strong>Marca e modelo do motor<\/strong><\/td>\n<td width=\"288\"><strong>WP3NQ160E61<\/strong><\/td>\n<\/tr>\n<tr>\n<td width=\"319\"><strong>Pot\u00eancia m\u00e1xima do motor (kW)<\/strong><\/td>\n<td width=\"288\"><strong>118<\/strong><\/td>\n<\/tr>\n<tr>\n<td width=\"319\"><strong>Padr\u00f5es de emiss\u00e3o<\/strong><\/td>\n<td width=\"288\"><strong>Euro 6<\/strong><\/td>\n<\/tr>\n<tr>\n<td width=\"319\"><strong>Caixa de engrenagens<\/strong><\/td>\n<td width=\"288\"><strong>Fast 8 speed forward 1 reverse<\/strong><\/td>\n<\/tr>\n<tr>\n<td width=\"319\"><strong>Eixo dianteiro\/traseiro(s)<\/strong><\/td>\n<td width=\"288\"><strong>4\/7.2<\/strong><\/td>\n<\/tr>\n<\/tbody>\n<\/table>\n<h1 style=\"text-align: center;\">VANTAGENS DO VE\u00cdCULO<\/h1>\n<h5 style=\"text-align: center;\">SISTEMA DE ESPALHAMENTO INTELIGENTE E PRECISO<\/h5>\n<p><img decoding=\"async\" class=\"aligncenter wp-image-7560\" src=\"https:\/\/ac-truck.com\/wp-content\/uploads\/2026\/01\/%E6%B2%A5%E9%9D%92%E6%B4%92%E5%B8%83%E8%BD%A6%E8%AF%A6%E6%83%85%E9%A1%B5_05.webp\" sizes=\"(max-width: 1234px) 100vw, 1234px\" srcset=\"https:\/\/ac-truck.com\/wp-content\/uploads\/2026\/01\/\u6ca5\u9752\u6d12\u5e03\u8f66\u8be6\u60c5\u9875_05.webp 790w, https:\/\/ac-truck.com\/wp-content\/uploads\/2026\/01\/\u6ca5\u9752\u6d12\u5e03\u8f66\u8be6\u60c5\u9875_05-169x300.webp 169w, https:\/\/ac-truck.com\/wp-content\/uploads\/2026\/01\/\u6ca5\u9752\u6d12\u5e03\u8f66\u8be6\u60c5\u9875_05-578x1024.webp 578w, https:\/\/ac-truck.com\/wp-content\/uploads\/2026\/01\/\u6ca5\u9752\u6d12\u5e03\u8f66\u8be6\u60c5\u9875_05-768x1360.webp 768w, https:\/\/ac-truck.com\/wp-content\/uploads\/2026\/01\/\u6ca5\u9752\u6d12\u5e03\u8f66\u8be6\u60c5\u9875_05-7x12.webp 7w, https:\/\/ac-truck.com\/wp-content\/uploads\/2026\/01\/\u6ca5\u9752\u6d12\u5e03\u8f66\u8be6\u60c5\u9875_05-600x1063.webp 600w, https:\/\/ac-truck.com\/wp-content\/uploads\/2026\/01\/\u6ca5\u9752\u6d12\u5e03\u8f66\u8be6\u60c5\u9875_05-150x266.webp 150w\" alt=\"\" width=\"1234\" height=\"2185\" \/><\/p>\n<p><img loading=\"lazy\" decoding=\"async\" class=\"aligncenter wp-image-7561\" src=\"https:\/\/ac-truck.com\/wp-content\/uploads\/2026\/01\/%E6%B2%A5%E9%9D%92%E6%B4%92%E5%B8%83%E8%BD%A6%E8%AF%A6%E6%83%85%E9%A1%B5_06.webp\" sizes=\"(max-width: 1234px) 100vw, 1234px\" srcset=\"https:\/\/ac-truck.com\/wp-content\/uploads\/2026\/01\/\u6ca5\u9752\u6d12\u5e03\u8f66\u8be6\u60c5\u9875_06.webp 790w, https:\/\/ac-truck.com\/wp-content\/uploads\/2026\/01\/\u6ca5\u9752\u6d12\u5e03\u8f66\u8be6\u60c5\u9875_06-154x300.webp 154w, https:\/\/ac-truck.com\/wp-content\/uploads\/2026\/01\/\u6ca5\u9752\u6d12\u5e03\u8f66\u8be6\u60c5\u9875_06-527x1024.webp 527w, https:\/\/ac-truck.com\/wp-content\/uploads\/2026\/01\/\u6ca5\u9752\u6d12\u5e03\u8f66\u8be6\u60c5\u9875_06-768x1493.webp 768w, https:\/\/ac-truck.com\/wp-content\/uploads\/2026\/01\/\u6ca5\u9752\u6d12\u5e03\u8f66\u8be6\u60c5\u9875_06-6x12.webp 6w, https:\/\/ac-truck.com\/wp-content\/uploads\/2026\/01\/\u6ca5\u9752\u6d12\u5e03\u8f66\u8be6\u60c5\u9875_06-600x1167.webp 600w, https:\/\/ac-truck.com\/wp-content\/uploads\/2026\/01\/\u6ca5\u9752\u6d12\u5e03\u8f66\u8be6\u60c5\u9875_06-150x292.webp 150w\" alt=\"\" width=\"1234\" height=\"2399\" \/><\/p>\n<p><strong>1. Bomba de asfalto: Resistente a altas temperaturas e \u00e0 abras\u00e3o, transporta de forma est\u00e1vel asfalto de elevada viscosidade.<\/strong><br \/>\n<strong>2.\u00ba Dep\u00f3sito de \u00f3leo hidr\u00e1ulico: Armazena o \u00f3leo e dissipa o calor para garantir o funcionamento limpo do sistema hidr\u00e1ulico.<\/strong><br \/>\n<strong>3. Tubos de \u00f3leo hidr\u00e1ulico: Resistentes \u00e0 press\u00e3o e \u00e0 corros\u00e3o, transmitem a energia hidr\u00e1ulica de forma eficiente e sem fugas.<\/strong><br \/>\n<strong>4. Filtro de \u00f3leo hidr\u00e1ulico: Filtra as impurezas para prolongar a vida \u00fatil.<\/strong><br \/>\n<strong>vida \u00fatil dos componentes hidr\u00e1ulicos.<\/strong><br \/>\n<strong>5. V\u00e1lvulas hidr\u00e1ulicas: Respondam de forma r\u00e1pida e precisa, regulando o sentido do fluxo e a press\u00e3o do \u00f3leo hidr\u00e1ulico.<\/strong><br \/>\n<strong>6. V\u00e1lvula de esfera pneum\u00e1tica: Acionada por ar, abre e fecha rapidamente e \u00e9 adequada para controlo autom\u00e1tico.<\/strong><br \/>\n<strong>7. Man\u00f3metro: Apresenta a press\u00e3o de forma intuitiva, facilitando a monitoriza\u00e7\u00e3o e o ajuste da press\u00e3o no sistema pneum\u00e1tico.<\/strong><strong>sistema IC.<\/strong><br \/>\n<strong>8. V\u00e1lvula de contrapress\u00e3o: Estabiliza a press\u00e3o e previne\u00a0<\/strong><strong>refluxo, garantindo uma distribui\u00e7\u00e3o uniforme e est\u00e1vel do asfalto,<\/strong><br \/>\n<strong>9. Filtro de asfalto: Remove as impurezas para evitar falhas de entupimento nos bicos e tubagens.<\/strong><br \/>\n<strong>10. Tubagem de asfalto: Resistente a altas temperaturas e com boa ader\u00eancia, reduz a resist\u00eancia e os res\u00edduos durante o transporte do asfalto.<\/strong><br \/>\n<strong>11. Conjunto de bicos em a\u00e7o inoxid\u00e1vel: Resistente \u00e0 corros\u00e3o e \u00e0 abras\u00e3o, possui um \u00e2ngulo de pulveriza\u00e7\u00e3o preciso e uma \u00e1rea de cobertura uniforme.<\/strong><br \/>\n<strong>12. Unidade de controlo central: Permite o controlo inteligente das juntas, possibilitando opera\u00e7\u00f5es de espalhamento precisas e eficientes.<\/strong><\/p>\n<h2 style=\"text-align: center;\">SISTEMA DE AQUECIMENTO COM CONTROLO INTELIGENTE DA TEMPERATURA<\/h2>\n<p><img loading=\"lazy\" decoding=\"async\" class=\"aligncenter wp-image-7562\" src=\"https:\/\/ac-truck.com\/wp-content\/uploads\/2026\/01\/%E6%B2%A5%E9%9D%92%E6%B4%92%E5%B8%83%E8%BD%A6%E8%AF%A6%E6%83%85%E9%A1%B5_08.webp\" sizes=\"(max-width: 1234px) 100vw, 1234px\" srcset=\"https:\/\/ac-truck.com\/wp-content\/uploads\/2026\/01\/\u6ca5\u9752\u6d12\u5e03\u8f66\u8be6\u60c5\u9875_08.webp 790w, https:\/\/ac-truck.com\/wp-content\/uploads\/2026\/01\/\u6ca5\u9752\u6d12\u5e03\u8f66\u8be6\u60c5\u9875_08-131x300.webp 131w, https:\/\/ac-truck.com\/wp-content\/uploads\/2026\/01\/\u6ca5\u9752\u6d12\u5e03\u8f66\u8be6\u60c5\u9875_08-446x1024.webp 446w, https:\/\/ac-truck.com\/wp-content\/uploads\/2026\/01\/\u6ca5\u9752\u6d12\u5e03\u8f66\u8be6\u60c5\u9875_08-768x1762.webp 768w, https:\/\/ac-truck.com\/wp-content\/uploads\/2026\/01\/\u6ca5\u9752\u6d12\u5e03\u8f66\u8be6\u60c5\u9875_08-670x1536.webp 670w, https:\/\/ac-truck.com\/wp-content\/uploads\/2026\/01\/\u6ca5\u9752\u6d12\u5e03\u8f66\u8be6\u60c5\u9875_08-5x12.webp 5w, https:\/\/ac-truck.com\/wp-content\/uploads\/2026\/01\/\u6ca5\u9752\u6d12\u5e03\u8f66\u8be6\u60c5\u9875_08-600x1376.webp 600w, https:\/\/ac-truck.com\/wp-content\/uploads\/2026\/01\/\u6ca5\u9752\u6d12\u5e03\u8f66\u8be6\u60c5\u9875_08-150x344.webp 150w\" alt=\"\" width=\"1234\" height=\"2830\" \/><\/p>\n<p><strong>1. Aquecedor a diesel: Possui uma forte adaptabilidade a diferentes tipos de combust\u00edvel, aquecimento r\u00e1pido e pot\u00eancia suficiente.<\/strong><br \/>\n<strong>2. Bomba de \u00f3leo termocondutor: Funciona de forma est\u00e1vel para garantir uma circula\u00e7\u00e3o eficiente do \u00f3leo termocondutor.<\/strong><br \/>\n<strong>3. Filtro de \u00f3leo condutor de calor: Filtra as impurezas para proteger os componentes principais do sistema.<\/strong><br \/>\n<strong>4. V\u00e1lvula de tr\u00eas vias para \u00f3leo termocondutor: Permite alternar de forma flex\u00edvel entre os modos de aquecimento e de conserva\u00e7\u00e3o do calor.<\/strong><br \/>\n<strong>5. Aparelho de aquecimento el\u00e9trico: \u00c9 limpo e n\u00e3o poluente, com um controlo preciso da temperatura, adequado para pr\u00e9-aquecimento auxiliar.<\/strong><br \/>\n<strong>6. Serpentina de aquecimento no dep\u00f3sito: Permite uma troca de calor uniforme, evitando a carboniza\u00e7\u00e3o localizada do asfalto a altas temperaturas.<\/strong><br \/>\n<strong>7.\u00ba Camada de isolamento t\u00e9rmico do tanque de asfalto: Possui um bom desempenho de isolamento t\u00e9rmico, reduzindo a dissipa\u00e7\u00e3o de calor e diminuindo o consumo de energia.<\/strong><\/p>\n<h1 style=\"text-align: center;\">PROJETO DE OPERA\u00c7\u00c3O ORIENTADO PARA O SER HUMANO<\/h1>\n<p><img loading=\"lazy\" decoding=\"async\" class=\"aligncenter wp-image-7563\" src=\"https:\/\/ac-truck.com\/wp-content\/uploads\/2026\/01\/%E6%B2%A5%E9%9D%92%E6%B4%92%E5%B8%83%E8%BD%A6%E8%AF%A6%E6%83%85%E9%A1%B5_10.webp\" sizes=\"(max-width: 1234px) 100vw, 1234px\" srcset=\"https:\/\/ac-truck.com\/wp-content\/uploads\/2026\/01\/\u6ca5\u9752\u6d12\u5e03\u8f66\u8be6\u60c5\u9875_10.webp 790w, https:\/\/ac-truck.com\/wp-content\/uploads\/2026\/01\/\u6ca5\u9752\u6d12\u5e03\u8f66\u8be6\u60c5\u9875_10-217x300.webp 217w, https:\/\/ac-truck.com\/wp-content\/uploads\/2026\/01\/\u6ca5\u9752\u6d12\u5e03\u8f66\u8be6\u60c5\u9875_10-741x1024.webp 741w, https:\/\/ac-truck.com\/wp-content\/uploads\/2026\/01\/\u6ca5\u9752\u6d12\u5e03\u8f66\u8be6\u60c5\u9875_10-768x1062.webp 768w, https:\/\/ac-truck.com\/wp-content\/uploads\/2026\/01\/\u6ca5\u9752\u6d12\u5e03\u8f66\u8be6\u60c5\u9875_10-9x12.webp 9w, https:\/\/ac-truck.com\/wp-content\/uploads\/2026\/01\/\u6ca5\u9752\u6d12\u5e03\u8f66\u8be6\u60c5\u9875_10-600x829.webp 600w, https:\/\/ac-truck.com\/wp-content\/uploads\/2026\/01\/\u6ca5\u9752\u6d12\u5e03\u8f66\u8be6\u60c5\u9875_10-150x207.webp 150w\" alt=\"\" width=\"1234\" height=\"1706\" \/><\/p>\n<p><strong>1. Ecr\u00e3 t\u00e1til inteligente: Oferece uma intera\u00e7\u00e3o homem-m\u00e1quina conveniente, com uma configura\u00e7\u00e3o e monitoriza\u00e7\u00e3o intuitiva de par\u00e2metros.<\/strong><br \/>\n<strong>2. Consola de opera\u00e7\u00e3o manual: Oferece funcionalidades flex\u00edveis de emerg\u00eancia e de ajuste fino, adaptando-se a cen\u00e1rios de constru\u00e7\u00e3o complexos.<\/strong><br \/>\n<strong>3. Sensor de n\u00edvel de l\u00edquido com esfera flutuante: Possui indu\u00e7\u00e3o sens\u00edvel e est\u00e1vel, refletindo com precis\u00e3o a quantidade restante de asfalto.<\/strong><br \/>\n<strong>4. Ponteiro de dete\u00e7\u00e3o do n\u00edvel do l\u00edquido: O indicador mec\u00e2nico \u00e9 n\u00edtido e o n\u00edvel do l\u00edquido pode ser verificado mesmo com o aparelho desligado.<\/strong><br \/>\n<strong>5. V\u00e1lvula de esfera de descarga: Abre e fecha suavemente com uma boa veda\u00e7\u00e3o, evitando fugas de asfalto.<\/strong><\/p>\n<h1 style=\"text-align: center;\">CORPO DO DEP\u00d3SITO DUR\u00c1VEL E RESISTENTE \u00c0 CORROS\u00c3O<\/h1>\n<p><img loading=\"lazy\" decoding=\"async\" class=\"aligncenter wp-image-7564\" src=\"https:\/\/ac-truck.com\/wp-content\/uploads\/2026\/01\/%E6%B2%A5%E9%9D%92%E6%B4%92%E5%B8%83%E8%BD%A6%E8%AF%A6%E6%83%85%E9%A1%B5_12.webp\" sizes=\"(max-width: 1234px) 100vw, 1234px\" srcset=\"https:\/\/ac-truck.com\/wp-content\/uploads\/2026\/01\/\u6ca5\u9752\u6d12\u5e03\u8f66\u8be6\u60c5\u9875_12.webp 790w, https:\/\/ac-truck.com\/wp-content\/uploads\/2026\/01\/\u6ca5\u9752\u6d12\u5e03\u8f66\u8be6\u60c5\u9875_12-300x173.webp 300w, https:\/\/ac-truck.com\/wp-content\/uploads\/2026\/01\/\u6ca5\u9752\u6d12\u5e03\u8f66\u8be6\u60c5\u9875_12-768x443.webp 768w, https:\/\/ac-truck.com\/wp-content\/uploads\/2026\/01\/\u6ca5\u9752\u6d12\u5e03\u8f66\u8be6\u60c5\u9875_12-18x10.webp 18w, https:\/\/ac-truck.com\/wp-content\/uploads\/2026\/01\/\u6ca5\u9752\u6d12\u5e03\u8f66\u8be6\u60c5\u9875_12-600x346.webp 600w, https:\/\/ac-truck.com\/wp-content\/uploads\/2026\/01\/\u6ca5\u9752\u6d12\u5e03\u8f66\u8be6\u60c5\u9875_12-150x87.webp 150w\" alt=\"\" width=\"1234\" height=\"712\" \/><\/p>\n<p><strong>A\u00e7o carbono resistente ao desgaste com revestimento anticorrosivo de dupla camada.<\/strong><\/p>\n<h1 style=\"text-align: center;\">PROCESSO DE PRODU\u00c7\u00c3O<\/h1>\n<p><img loading=\"lazy\" decoding=\"async\" class=\"aligncenter wp-image-7565\" src=\"https:\/\/ac-truck.com\/wp-content\/uploads\/2026\/01\/%E6%B2%A5%E9%9D%92%E6%B4%92%E5%B8%83%E8%BD%A6%E8%AF%A6%E6%83%85%E9%A1%B5_14.webp\" sizes=\"(max-width: 1234px) 100vw, 1234px\" srcset=\"https:\/\/ac-truck.com\/wp-content\/uploads\/2026\/01\/\u6ca5\u9752\u6d12\u5e03\u8f66\u8be6\u60c5\u9875_14.webp 790w, https:\/\/ac-truck.com\/wp-content\/uploads\/2026\/01\/\u6ca5\u9752\u6d12\u5e03\u8f66\u8be6\u60c5\u9875_14-163x300.webp 163w, https:\/\/ac-truck.com\/wp-content\/uploads\/2026\/01\/\u6ca5\u9752\u6d12\u5e03\u8f66\u8be6\u60c5\u9875_14-555x1024.webp 555w, https:\/\/ac-truck.com\/wp-content\/uploads\/2026\/01\/\u6ca5\u9752\u6d12\u5e03\u8f66\u8be6\u60c5\u9875_14-768x1417.webp 768w, https:\/\/ac-truck.com\/wp-content\/uploads\/2026\/01\/\u6ca5\u9752\u6d12\u5e03\u8f66\u8be6\u60c5\u9875_14-7x12.webp 7w, https:\/\/ac-truck.com\/wp-content\/uploads\/2026\/01\/\u6ca5\u9752\u6d12\u5e03\u8f66\u8be6\u60c5\u9875_14-600x1107.webp 600w, https:\/\/ac-truck.com\/wp-content\/uploads\/2026\/01\/\u6ca5\u9752\u6d12\u5e03\u8f66\u8be6\u60c5\u9875_14-150x277.webp 150w\" alt=\"\" width=\"1234\" height=\"2277\" \/><img loading=\"lazy\" decoding=\"async\" class=\"aligncenter wp-image-7566\" src=\"https:\/\/ac-truck.com\/wp-content\/uploads\/2026\/01\/%E6%B2%A5%E9%9D%92%E6%B4%92%E5%B8%83%E8%BD%A6%E8%AF%A6%E6%83%85%E9%A1%B5_15.webp\" sizes=\"(max-width: 1234px) 100vw, 1234px\" srcset=\"https:\/\/ac-truck.com\/wp-content\/uploads\/2026\/01\/\u6ca5\u9752\u6d12\u5e03\u8f66\u8be6\u60c5\u9875_15.webp 790w, https:\/\/ac-truck.com\/wp-content\/uploads\/2026\/01\/\u6ca5\u9752\u6d12\u5e03\u8f66\u8be6\u60c5\u9875_15-119x300.webp 119w, https:\/\/ac-truck.com\/wp-content\/uploads\/2026\/01\/\u6ca5\u9752\u6d12\u5e03\u8f66\u8be6\u60c5\u9875_15-407x1024.webp 407w, https:\/\/ac-truck.com\/wp-content\/uploads\/2026\/01\/\u6ca5\u9752\u6d12\u5e03\u8f66\u8be6\u60c5\u9875_15-768x1931.webp 768w, https:\/\/ac-truck.com\/wp-content\/uploads\/2026\/01\/\u6ca5\u9752\u6d12\u5e03\u8f66\u8be6\u60c5\u9875_15-611x1536.webp 611w, https:\/\/ac-truck.com\/wp-content\/uploads\/2026\/01\/\u6ca5\u9752\u6d12\u5e03\u8f66\u8be6\u60c5\u9875_15-5x12.webp 5w, https:\/\/ac-truck.com\/wp-content\/uploads\/2026\/01\/\u6ca5\u9752\u6d12\u5e03\u8f66\u8be6\u60c5\u9875_15-600x1508.webp 600w, https:\/\/ac-truck.com\/wp-content\/uploads\/2026\/01\/\u6ca5\u9752\u6d12\u5e03\u8f66\u8be6\u60c5\u9875_15-150x377.webp 150w\" alt=\"\" width=\"1234\" height=\"3102\" \/><\/p>\n<p><strong>1. Produ\u00e7\u00e3o inicial e alimenta\u00e7\u00e3o<\/strong><br \/>\n<strong>2. Moldagem inicial do corpo do tanque<\/strong><br \/>\n<strong>3. Cabe\u00e7a do corpo do tanque<\/strong><br \/>\n<strong>4. Montagem da carro\u00e7aria do tanque no chassis<\/strong><br \/>\n<strong>5.\u00ba Instala\u00e7\u00e3o de acess\u00f3rios como bicos de distribui\u00e7\u00e3o no chassis. 6. Instala\u00e7\u00e3o da unidade de controlo central.<\/strong><br \/>\n<strong>7. A parte superior do ve\u00edculo est\u00e1 conclu\u00edda e a montagem detalhada est\u00e1 em curso.<\/strong><\/p>\n<h1 style=\"text-align: center;\">CEN\u00c1RIOS DE APLICA\u00c7\u00c3O<\/h1>\n<p><img loading=\"lazy\" decoding=\"async\" class=\"aligncenter wp-image-7567\" src=\"https:\/\/ac-truck.com\/wp-content\/uploads\/2026\/01\/%E6%B2%A5%E9%9D%92%E6%B4%92%E5%B8%83%E8%BD%A6%E8%AF%A6%E6%83%85%E9%A1%B5_17.webp\" sizes=\"(max-width: 1234px) 100vw, 1234px\" srcset=\"https:\/\/ac-truck.com\/wp-content\/uploads\/2026\/01\/\u6ca5\u9752\u6d12\u5e03\u8f66\u8be6\u60c5\u9875_17.webp 790w, https:\/\/ac-truck.com\/wp-content\/uploads\/2026\/01\/\u6ca5\u9752\u6d12\u5e03\u8f66\u8be6\u60c5\u9875_17-167x300.webp 167w, https:\/\/ac-truck.com\/wp-content\/uploads\/2026\/01\/\u6ca5\u9752\u6d12\u5e03\u8f66\u8be6\u60c5\u9875_17-570x1024.webp 570w, https:\/\/ac-truck.com\/wp-content\/uploads\/2026\/01\/\u6ca5\u9752\u6d12\u5e03\u8f66\u8be6\u60c5\u9875_17-768x1379.webp 768w, https:\/\/ac-truck.com\/wp-content\/uploads\/2026\/01\/\u6ca5\u9752\u6d12\u5e03\u8f66\u8be6\u60c5\u9875_17-7x12.webp 7w, https:\/\/ac-truck.com\/wp-content\/uploads\/2026\/01\/\u6ca5\u9752\u6d12\u5e03\u8f66\u8be6\u60c5\u9875_17-600x1078.webp 600w, https:\/\/ac-truck.com\/wp-content\/uploads\/2026\/01\/\u6ca5\u9752\u6d12\u5e03\u8f66\u8be6\u60c5\u9875_17-150x269.webp 150w\" alt=\"\" width=\"1234\" height=\"2217\" \/><\/p>\n<h1 style=\"text-align: center;\">EMBALAMENTO E TRANSPORTE<\/h1>\n<p><img loading=\"lazy\" decoding=\"async\" class=\"aligncenter wp-image-7568\" src=\"https:\/\/ac-truck.com\/wp-content\/uploads\/2026\/01\/%E6%B2%A5%E9%9D%92%E6%B4%92%E5%B8%83%E8%BD%A6%E8%AF%A6%E6%83%85%E9%A1%B5_19.webp\" sizes=\"(max-width: 1234px) 100vw, 1234px\" srcset=\"https:\/\/ac-truck.com\/wp-content\/uploads\/2026\/01\/\u6ca5\u9752\u6d12\u5e03\u8f66\u8be6\u60c5\u9875_19.webp 790w, https:\/\/ac-truck.com\/wp-content\/uploads\/2026\/01\/\u6ca5\u9752\u6d12\u5e03\u8f66\u8be6\u60c5\u9875_19-212x300.webp 212w, https:\/\/ac-truck.com\/wp-content\/uploads\/2026\/01\/\u6ca5\u9752\u6d12\u5e03\u8f66\u8be6\u60c5\u9875_19-724x1024.webp 724w, https:\/\/ac-truck.com\/wp-content\/uploads\/2026\/01\/\u6ca5\u9752\u6d12\u5e03\u8f66\u8be6\u60c5\u9875_19-768x1086.webp 768w, https:\/\/ac-truck.com\/wp-content\/uploads\/2026\/01\/\u6ca5\u9752\u6d12\u5e03\u8f66\u8be6\u60c5\u9875_19-8x12.webp 8w, https:\/\/ac-truck.com\/wp-content\/uploads\/2026\/01\/\u6ca5\u9752\u6d12\u5e03\u8f66\u8be6\u60c5\u9875_19-600x848.webp 600w, https:\/\/ac-truck.com\/wp-content\/uploads\/2026\/01\/\u6ca5\u9752\u6d12\u5e03\u8f66\u8be6\u60c5\u9875_19-150x212.webp 150w\" alt=\"\" width=\"1234\" height=\"1745\" \/><\/p>","protected":false},"excerpt":{"rendered":"<p>PRODUCT PARAMETERS Bitumen Sprayer Truck 8000L SHACMAN project Descriptions Specifications Basic Overall dimensions(mm) 7380\u00d72350\u00d72680 curb weight(Kg) 6520 Loading capacity(Kg) 4550<\/p>","protected":false},"featured_media":7594,"template":"","meta":[],"product_brand":[247],"product_cat":[375],"product_tag":[316,376,377,378],"class_list":{"0":"post-7591","1":"product","2":"type-product","3":"status-publish","4":"has-post-thumbnail","6":"product_brand-shacman","7":"product_cat-road-machinery","8":"product_tag-8000l","9":"product_tag-asphalt-distributor","10":"product_tag-bitumen-distributor-truck","11":"product_tag-bitumen-sprayer-truck","13":"first","14":"instock","15":"shipping-taxable","16":"product-type-simple"},"_links":{"self":[{"href":"https:\/\/ac-truck.com\/pt\/wp-json\/wp\/v2\/product\/7591","targetHints":{"allow":["GET"]}}],"collection":[{"href":"https:\/\/ac-truck.com\/pt\/wp-json\/wp\/v2\/product"}],"about":[{"href":"https:\/\/ac-truck.com\/pt\/wp-json\/wp\/v2\/types\/product"}],"version-history":[{"count":1,"href":"https:\/\/ac-truck.com\/pt\/wp-json\/wp\/v2\/product\/7591\/revisions"}],"predecessor-version":[{"id":7600,"href":"https:\/\/ac-truck.com\/pt\/wp-json\/wp\/v2\/product\/7591\/revisions\/7600"}],"wp:featuredmedia":[{"embeddable":true,"href":"https:\/\/ac-truck.com\/pt\/wp-json\/wp\/v2\/media\/7594"}],"wp:attachment":[{"href":"https:\/\/ac-truck.com\/pt\/wp-json\/wp\/v2\/media?parent=7591"}],"wp:term":[{"taxonomy":"product_brand","embeddable":true,"href":"https:\/\/ac-truck.com\/pt\/wp-json\/wp\/v2\/product_brand?post=7591"},{"taxonomy":"product_cat","embeddable":true,"href":"https:\/\/ac-truck.com\/pt\/wp-json\/wp\/v2\/product_cat?post=7591"},{"taxonomy":"product_tag","embeddable":true,"href":"https:\/\/ac-truck.com\/pt\/wp-json\/wp\/v2\/product_tag?post=7591"}],"curies":[{"name":"wp","href":"https:\/\/api.w.org\/{rel}","templated":true}]}}