{"id":7679,"date":"2026-01-27T16:37:31","date_gmt":"2026-01-27T08:37:31","guid":{"rendered":"https:\/\/ac-truck.com\/?post_type=product&#038;p=7679"},"modified":"2026-04-08T14:33:27","modified_gmt":"2026-04-08T06:33:27","slug":"skip-loader-truck-4m%c2%b3-isuzu","status":"publish","type":"product","link":"https:\/\/ac-truck.com\/pt\/skip-loader-truck-4m%C2%B3-isuzu.html","title":{"rendered":"Cami\u00e3o Basculante ISUZU 4m\u00b3"},"content":{"rendered":"<div style=\"width: 1920px;\" class=\"wp-video\"><!--[if lt IE 9]><script>document.createElement('video');<\/script><![endif]-->\n<video class=\"wp-video-shortcode\" id=\"video-7679-1\" width=\"1920\" height=\"1080\" preload=\"metadata\" controls=\"controls\"><source type=\"video\/mp4\" src=\"https:\/\/ac-truck.com\/wp-content\/uploads\/2025\/12\/\u538b\u7f29\u65e0\u6c34\u5370.mp4?_=1\" \/><a href=\"https:\/\/ac-truck.com\/wp-content\/uploads\/2025\/12\/\u538b\u7f29\u65e0\u6c34\u5370.mp4\">https:\/\/ac-truck.com\/wp-content\/uploads\/2025\/12\/\u538b\u7f29\u65e0\u6c34\u5370.mp4<\/a><\/video><\/div>\n<p><img fetchpriority=\"high\" decoding=\"async\" class=\"aligncenter wp-image-7680\" src=\"https:\/\/ac-truck.com\/wp-content\/uploads\/2026\/01\/\u4ea7\u54c1\u6d77\u62a5_01-20.webp\" alt=\"\" width=\"1234\" height=\"1604\" srcset=\"https:\/\/ac-truck.com\/wp-content\/uploads\/2026\/01\/\u4ea7\u54c1\u6d77\u62a5_01-20.webp 790w, https:\/\/ac-truck.com\/wp-content\/uploads\/2026\/01\/\u4ea7\u54c1\u6d77\u62a5_01-20-231x300.webp 231w, https:\/\/ac-truck.com\/wp-content\/uploads\/2026\/01\/\u4ea7\u54c1\u6d77\u62a5_01-20-788x1024.webp 788w, https:\/\/ac-truck.com\/wp-content\/uploads\/2026\/01\/\u4ea7\u54c1\u6d77\u62a5_01-20-768x998.webp 768w, https:\/\/ac-truck.com\/wp-content\/uploads\/2026\/01\/\u4ea7\u54c1\u6d77\u62a5_01-20-9x12.webp 9w, https:\/\/ac-truck.com\/wp-content\/uploads\/2026\/01\/\u4ea7\u54c1\u6d77\u62a5_01-20-600x780.webp 600w, https:\/\/ac-truck.com\/wp-content\/uploads\/2026\/01\/\u4ea7\u54c1\u6d77\u62a5_01-20-150x195.webp 150w\" sizes=\"(max-width: 1234px) 100vw, 1234px\" \/><\/p>\n<h1 style=\"text-align: center;\">PAR\u00c2METROS DO PRODUTO<\/h1>\n<p><img decoding=\"async\" class=\"aligncenter wp-image-7681\" src=\"https:\/\/ac-truck.com\/wp-content\/uploads\/2026\/01\/\u4ea7\u54c1\u6d77\u62a5_03-20.webp\" alt=\"\" width=\"1234\" height=\"489\" srcset=\"https:\/\/ac-truck.com\/wp-content\/uploads\/2026\/01\/\u4ea7\u54c1\u6d77\u62a5_03-20.webp 790w, https:\/\/ac-truck.com\/wp-content\/uploads\/2026\/01\/\u4ea7\u54c1\u6d77\u62a5_03-20-300x119.webp 300w, https:\/\/ac-truck.com\/wp-content\/uploads\/2026\/01\/\u4ea7\u54c1\u6d77\u62a5_03-20-768x304.webp 768w, https:\/\/ac-truck.com\/wp-content\/uploads\/2026\/01\/\u4ea7\u54c1\u6d77\u62a5_03-20-18x7.webp 18w, https:\/\/ac-truck.com\/wp-content\/uploads\/2026\/01\/\u4ea7\u54c1\u6d77\u62a5_03-20-600x238.webp 600w, https:\/\/ac-truck.com\/wp-content\/uploads\/2026\/01\/\u4ea7\u54c1\u6d77\u62a5_03-20-150x59.webp 150w\" sizes=\"(max-width: 1234px) 100vw, 1234px\" \/><\/p>\n<h2 style=\"text-align: center;\">Cami\u00e3o Basculante ISUZU 4m\u00b3<\/h2>\n<table>\n<tbody>\n<tr>\n<td width=\"126\"><strong>projeto<\/strong><\/td>\n<td width=\"269\"><strong>Descri\u00e7\u00f5es<\/strong><\/td>\n<td width=\"303\"><strong>Especifica\u00e7\u00f5es<\/strong><\/td>\n<\/tr>\n<tr>\n<td rowspan=\"7\" width=\"126\"><strong>General\u00a0<\/strong><\/td>\n<td width=\"269\"><strong>Dimens\u00f5es totais (mm)<\/strong><\/td>\n<td width=\"303\"><strong>5990\u00d72000\u00d72900<\/strong><\/td>\n<\/tr>\n<tr>\n<td width=\"269\"><strong>peso bruto (kg)<\/strong><\/td>\n<td width=\"303\"><strong>3500<\/strong><\/td>\n<\/tr>\n<tr>\n<td width=\"269\"><strong>Capacidade de carga (Kg)<\/strong><\/td>\n<td width=\"303\"><strong>3370<\/strong><\/td>\n<\/tr>\n<tr>\n<td width=\"269\"><strong>Massa total (Kg)<\/strong><\/td>\n<td width=\"303\"><strong>7300<\/strong><\/td>\n<\/tr>\n<tr>\n<td width=\"269\"><strong>Volume do contentor de lixo (m\u00b3)<\/strong><\/td>\n<td width=\"303\"><strong>4<\/strong><\/td>\n<\/tr>\n<tr>\n<td width=\"269\"><strong>Material do contentor de lixo<\/strong><\/td>\n<td width=\"303\"><strong>A\u00e7o carbono Q235<\/strong><\/td>\n<\/tr>\n<tr>\n<td width=\"269\"><strong>Contentor para lixo (mm)<\/strong><\/td>\n<td width=\"303\"><strong>A lateral mede 3 mm e a base 5 mm.<\/strong><\/td>\n<\/tr>\n<tr>\n<td rowspan=\"8\" width=\"126\"><strong>Chassis<\/strong><\/p>\n<p>&nbsp;<\/p>\n<p>&nbsp;<\/td>\n<td width=\"269\"><strong>Marca do chassi<\/strong><\/td>\n<td width=\"303\"><strong>ISUZU<\/strong><\/td>\n<\/tr>\n<tr>\n<td width=\"269\"><strong>Formul\u00e1rio do motorista<\/strong><\/td>\n<td width=\"303\"><strong>4*2<\/strong><\/td>\n<\/tr>\n<tr>\n<td width=\"269\"><strong>Volante<\/strong><\/td>\n<td width=\"303\"><strong>Dire\u00e7\u00e3o \u00e0 esquerda<\/strong><\/td>\n<\/tr>\n<tr>\n<td width=\"269\"><strong>Marca e modelo do motor<\/strong><\/td>\n<td width=\"303\"><strong>4KB1-TCG60<\/strong><\/td>\n<\/tr>\n<tr>\n<td width=\"269\"><strong>Pot\u00eancia m\u00e1xima do motor (kW)<\/strong><\/td>\n<td width=\"303\"><strong>96<\/strong><\/td>\n<\/tr>\n<tr>\n<td width=\"269\"><strong>Padr\u00f5es de emiss\u00e3o<\/strong><\/td>\n<td width=\"303\"><strong>Euro 6<\/strong><\/td>\n<\/tr>\n<tr>\n<td width=\"269\"><strong>Caixa de engrenagens<\/strong><\/td>\n<td width=\"303\"><strong>5-speed gearbox<\/strong><\/td>\n<\/tr>\n<tr>\n<td width=\"269\"><strong>Eixo dianteiro\/traseiro(s)<\/strong><\/td>\n<td width=\"303\"><strong>2.5\/4.8<\/strong><\/td>\n<\/tr>\n<\/tbody>\n<\/table>\n<h1 style=\"text-align: center;\">VANTAGENS DO VE\u00cdCULO<\/h1>\n<h4 style=\"text-align: center;\">ESTRUTURA DE BRA\u00c7O OSCILANTE DE ALTA RESIST\u00caNCIA<\/h4>\n<p><img decoding=\"async\" class=\"aligncenter wp-image-7644\" src=\"https:\/\/ac-truck.com\/wp-content\/uploads\/2026\/01\/%E6%91%86%E8%87%82%E5%9E%83%E5%9C%BE%E8%BD%A6%E8%AF%A6%E6%83%85%E9%A1%B5_05.webp\" sizes=\"(max-width: 1234px) 100vw, 1234px\" srcset=\"https:\/\/ac-truck.com\/wp-content\/uploads\/2026\/01\/\u6446\u81c2\u5783\u573e\u8f66\u8be6\u60c5\u9875_05.webp 790w, https:\/\/ac-truck.com\/wp-content\/uploads\/2026\/01\/\u6446\u81c2\u5783\u573e\u8f66\u8be6\u60c5\u9875_05-300x300.webp 300w, https:\/\/ac-truck.com\/wp-content\/uploads\/2026\/01\/\u6446\u81c2\u5783\u573e\u8f66\u8be6\u60c5\u9875_05-150x150.webp 150w, https:\/\/ac-truck.com\/wp-content\/uploads\/2026\/01\/\u6446\u81c2\u5783\u573e\u8f66\u8be6\u60c5\u9875_05-768x768.webp 768w, https:\/\/ac-truck.com\/wp-content\/uploads\/2026\/01\/\u6446\u81c2\u5783\u573e\u8f66\u8be6\u60c5\u9875_05-12x12.webp 12w, https:\/\/ac-truck.com\/wp-content\/uploads\/2026\/01\/\u6446\u81c2\u5783\u573e\u8f66\u8be6\u60c5\u9875_05-600x600.webp 600w\" alt=\"\" width=\"1234\" height=\"1234\" \/><\/p>\n<h1 style=\"text-align: center;\">DETALHES DO PROCESSO<\/h1>\n<p><img loading=\"lazy\" decoding=\"async\" class=\"aligncenter wp-image-7645\" src=\"https:\/\/ac-truck.com\/wp-content\/uploads\/2026\/01\/%E6%91%86%E8%87%82%E5%9E%83%E5%9C%BE%E8%BD%A6%E8%AF%A6%E6%83%85%E9%A1%B5_07.webp\" sizes=\"(max-width: 1234px) 100vw, 1234px\" srcset=\"https:\/\/ac-truck.com\/wp-content\/uploads\/2026\/01\/\u6446\u81c2\u5783\u573e\u8f66\u8be6\u60c5\u9875_07.webp 790w, https:\/\/ac-truck.com\/wp-content\/uploads\/2026\/01\/\u6446\u81c2\u5783\u573e\u8f66\u8be6\u60c5\u9875_07-246x300.webp 246w, https:\/\/ac-truck.com\/wp-content\/uploads\/2026\/01\/\u6446\u81c2\u5783\u573e\u8f66\u8be6\u60c5\u9875_07-768x935.webp 768w, https:\/\/ac-truck.com\/wp-content\/uploads\/2026\/01\/\u6446\u81c2\u5783\u573e\u8f66\u8be6\u60c5\u9875_07-10x12.webp 10w, https:\/\/ac-truck.com\/wp-content\/uploads\/2026\/01\/\u6446\u81c2\u5783\u573e\u8f66\u8be6\u60c5\u9875_07-600x731.webp 600w, https:\/\/ac-truck.com\/wp-content\/uploads\/2026\/01\/\u6446\u81c2\u5783\u573e\u8f66\u8be6\u60c5\u9875_07-150x183.webp 150w\" alt=\"\" width=\"1234\" height=\"1503\" \/><\/p>\n<p><strong>1. O bra\u00e7o principal \u00e9 fabricado em a\u00e7o de alta resist\u00eancia, com um design integrado, refor\u00e7ado, espesso e fortalecido, garantindo que n\u00e3o se deforma nem se parte.<\/strong><br \/>\n<strong>2.\u00ba Para o cilindro hidr\u00e1ulico do bra\u00e7o principal, a placa de apoio \u00e9 soldada com refor\u00e7o e fortalecimento em a\u00e7o.<\/strong><br \/>\n<strong>3. O suporte principal do cilindro hidr\u00e1ulico foi refor\u00e7ado e refor\u00e7ado para garantir um suporte est\u00e1vel.<\/strong><br \/>\n<strong>4. Os cilindros hidr\u00e1ulicos principais operam com um sistema de cilindro duplo. O di\u00e2metro do cilindro foi aumentado, proporcionando uma for\u00e7a de eleva\u00e7\u00e3o mais potente.<\/strong><br \/>\n<strong>5.Na parte traseira do ve\u00edculo existem dois estabilizadores hidr\u00e1ulicos, que proporcionam um apoio est\u00e1vel e possuem uma elevada resist\u00eancia.<\/strong><br \/>\n<strong>6. Os p\u00e9s dos estabilizadores laterais est\u00e3o equipados com bicos de lubrifica\u00e7\u00e3o e podem adaptar-se automaticamente ao solo, possuindo uma grande \u00e1rea de contacto.<\/strong><br \/>\n<strong>7. Os olhais de eleva\u00e7\u00e3o em a\u00e7o-liga do bra\u00e7o principal s\u00e3o altamente resistentes ao desgaste, com um design de soldadura passante, resultando numa elevada resist\u00eancia.<\/strong><br \/>\n<strong>8.\u00ba A corrente refor\u00e7ada com orif\u00edcios grandes e pequenos e os an\u00e9is de eleva\u00e7\u00e3o n\u00e3o se soltam nem deformam facilmente.<\/strong><\/p>\n<h1 style=\"text-align: center;\">Papeleiras em diversas especifica\u00e7\u00f5es<\/h1>\n<p><img loading=\"lazy\" decoding=\"async\" class=\"aligncenter wp-image-7646\" src=\"https:\/\/ac-truck.com\/wp-content\/uploads\/2026\/01\/%E6%91%86%E8%87%82%E5%9E%83%E5%9C%BE%E8%BD%A6%E8%AF%A6%E6%83%85%E9%A1%B5_09.webp\" sizes=\"(max-width: 1234px) 100vw, 1234px\" srcset=\"https:\/\/ac-truck.com\/wp-content\/uploads\/2026\/01\/\u6446\u81c2\u5783\u573e\u8f66\u8be6\u60c5\u9875_09.webp 790w, https:\/\/ac-truck.com\/wp-content\/uploads\/2026\/01\/\u6446\u81c2\u5783\u573e\u8f66\u8be6\u60c5\u9875_09-116x300.webp 116w, https:\/\/ac-truck.com\/wp-content\/uploads\/2026\/01\/\u6446\u81c2\u5783\u573e\u8f66\u8be6\u60c5\u9875_09-397x1024.webp 397w, https:\/\/ac-truck.com\/wp-content\/uploads\/2026\/01\/\u6446\u81c2\u5783\u573e\u8f66\u8be6\u60c5\u9875_09-768x1979.webp 768w, https:\/\/ac-truck.com\/wp-content\/uploads\/2026\/01\/\u6446\u81c2\u5783\u573e\u8f66\u8be6\u60c5\u9875_09-596x1536.webp 596w, https:\/\/ac-truck.com\/wp-content\/uploads\/2026\/01\/\u6446\u81c2\u5783\u573e\u8f66\u8be6\u60c5\u9875_09-5x12.webp 5w, https:\/\/ac-truck.com\/wp-content\/uploads\/2026\/01\/\u6446\u81c2\u5783\u573e\u8f66\u8be6\u60c5\u9875_09-600x1546.webp 600w, https:\/\/ac-truck.com\/wp-content\/uploads\/2026\/01\/\u6446\u81c2\u5783\u573e\u8f66\u8be6\u60c5\u9875_09-150x387.webp 150w\" alt=\"\" width=\"1234\" height=\"3180\" \/><\/p>\n<p><strong>1. Papeleira em forma de barco: Com a parte superior aberta, \u00e9 colocada no ch\u00e3o para recolher o lixo.<\/strong><br \/>\n<strong>2.\u00ba Papeleira quadrada: Opcionalmente equipada com tampa, \u00e9 colocada num fosso para recolher o lixo.<\/strong><br \/>\n<strong>3.\u00ba Papeleira selada: Com uma janela de carregamento superior, \u00e9 colocada no ch\u00e3o para recolher o lixo.<\/strong><\/p>\n<h1 style=\"text-align: center;\">SISTEMA HIDR\u00c1ULICO DE ELEVADA EFICI\u00caNCIA<\/h1>\n<p><img loading=\"lazy\" decoding=\"async\" class=\"aligncenter wp-image-7647\" src=\"https:\/\/ac-truck.com\/wp-content\/uploads\/2026\/01\/%E6%91%86%E8%87%82%E5%9E%83%E5%9C%BE%E8%BD%A6%E8%AF%A6%E6%83%85%E9%A1%B5_11.webp\" sizes=\"(max-width: 1234px) 100vw, 1234px\" srcset=\"https:\/\/ac-truck.com\/wp-content\/uploads\/2026\/01\/\u6446\u81c2\u5783\u573e\u8f66\u8be6\u60c5\u9875_11.webp 790w, https:\/\/ac-truck.com\/wp-content\/uploads\/2026\/01\/\u6446\u81c2\u5783\u573e\u8f66\u8be6\u60c5\u9875_11-193x300.webp 193w, https:\/\/ac-truck.com\/wp-content\/uploads\/2026\/01\/\u6446\u81c2\u5783\u573e\u8f66\u8be6\u60c5\u9875_11-659x1024.webp 659w, https:\/\/ac-truck.com\/wp-content\/uploads\/2026\/01\/\u6446\u81c2\u5783\u573e\u8f66\u8be6\u60c5\u9875_11-768x1193.webp 768w, https:\/\/ac-truck.com\/wp-content\/uploads\/2026\/01\/\u6446\u81c2\u5783\u573e\u8f66\u8be6\u60c5\u9875_11-8x12.webp 8w, https:\/\/ac-truck.com\/wp-content\/uploads\/2026\/01\/\u6446\u81c2\u5783\u573e\u8f66\u8be6\u60c5\u9875_11-600x932.webp 600w, https:\/\/ac-truck.com\/wp-content\/uploads\/2026\/01\/\u6446\u81c2\u5783\u573e\u8f66\u8be6\u60c5\u9875_11-150x233.webp 150w\" alt=\"\" width=\"1234\" height=\"1917\" \/><\/p>\n<p><strong>1. Dep\u00f3sito de \u00f3leo hidr\u00e1ulico<\/strong><br \/>\n<strong>2. Bomba de \u00f3leo hidr\u00e1ulico<\/strong><br \/>\n<strong>3. Cilindro hidr\u00e1ulico<\/strong><br \/>\n<strong>4. V\u00e1lvula hidr\u00e1ulica de controlo multivias<\/strong><br \/>\n<strong>5. V\u00e1lvula de equil\u00edbrio CAMINH\u00c3O<\/strong><br \/>\n<strong>6. Man\u00f3metro hidr\u00e1ulico<\/strong><br \/>\n<strong>7. Tubo de \u00f3leo hidr\u00e1ulico<\/strong><\/p>\n<h1 style=\"text-align: center;\">PROCESSO DE PRODU\u00c7\u00c3O<\/h1>\n<p><img loading=\"lazy\" decoding=\"async\" class=\"aligncenter wp-image-7648\" src=\"https:\/\/ac-truck.com\/wp-content\/uploads\/2026\/01\/%E6%91%86%E8%87%82%E5%9E%83%E5%9C%BE%E8%BD%A6%E8%AF%A6%E6%83%85%E9%A1%B5_13.webp\" sizes=\"(max-width: 1234px) 100vw, 1234px\" srcset=\"https:\/\/ac-truck.com\/wp-content\/uploads\/2026\/01\/\u6446\u81c2\u5783\u573e\u8f66\u8be6\u60c5\u9875_13.webp 790w, https:\/\/ac-truck.com\/wp-content\/uploads\/2026\/01\/\u6446\u81c2\u5783\u573e\u8f66\u8be6\u60c5\u9875_13-186x300.webp 186w, https:\/\/ac-truck.com\/wp-content\/uploads\/2026\/01\/\u6446\u81c2\u5783\u573e\u8f66\u8be6\u60c5\u9875_13-635x1024.webp 635w, https:\/\/ac-truck.com\/wp-content\/uploads\/2026\/01\/\u6446\u81c2\u5783\u573e\u8f66\u8be6\u60c5\u9875_13-768x1238.webp 768w, https:\/\/ac-truck.com\/wp-content\/uploads\/2026\/01\/\u6446\u81c2\u5783\u573e\u8f66\u8be6\u60c5\u9875_13-7x12.webp 7w, https:\/\/ac-truck.com\/wp-content\/uploads\/2026\/01\/\u6446\u81c2\u5783\u573e\u8f66\u8be6\u60c5\u9875_13-600x967.webp 600w, https:\/\/ac-truck.com\/wp-content\/uploads\/2026\/01\/\u6446\u81c2\u5783\u573e\u8f66\u8be6\u60c5\u9875_13-150x242.webp 150w\" alt=\"\" width=\"1234\" height=\"1988\" \/><img loading=\"lazy\" decoding=\"async\" class=\"aligncenter wp-image-7649\" src=\"https:\/\/ac-truck.com\/wp-content\/uploads\/2026\/01\/%E6%91%86%E8%87%82%E5%9E%83%E5%9C%BE%E8%BD%A6%E8%AF%A6%E6%83%85%E9%A1%B5_14.webp\" sizes=\"(max-width: 1234px) 100vw, 1234px\" srcset=\"https:\/\/ac-truck.com\/wp-content\/uploads\/2026\/01\/\u6446\u81c2\u5783\u573e\u8f66\u8be6\u60c5\u9875_14.webp 790w, https:\/\/ac-truck.com\/wp-content\/uploads\/2026\/01\/\u6446\u81c2\u5783\u573e\u8f66\u8be6\u60c5\u9875_14-179x300.webp 179w, https:\/\/ac-truck.com\/wp-content\/uploads\/2026\/01\/\u6446\u81c2\u5783\u573e\u8f66\u8be6\u60c5\u9875_14-612x1024.webp 612w, https:\/\/ac-truck.com\/wp-content\/uploads\/2026\/01\/\u6446\u81c2\u5783\u573e\u8f66\u8be6\u60c5\u9875_14-768x1284.webp 768w, https:\/\/ac-truck.com\/wp-content\/uploads\/2026\/01\/\u6446\u81c2\u5783\u573e\u8f66\u8be6\u60c5\u9875_14-7x12.webp 7w, https:\/\/ac-truck.com\/wp-content\/uploads\/2026\/01\/\u6446\u81c2\u5783\u573e\u8f66\u8be6\u60c5\u9875_14-600x1003.webp 600w, https:\/\/ac-truck.com\/wp-content\/uploads\/2026\/01\/\u6446\u81c2\u5783\u573e\u8f66\u8be6\u60c5\u9875_14-150x251.webp 150w\" alt=\"\" width=\"1234\" height=\"2063\" \/><\/p>\n<p><strong>1. Corte de material de a\u00e7o para estampagem<\/strong><br \/>\n<strong>2. Estampagem e conforma\u00e7\u00e3o de componentes<\/strong><br \/>\n<strong>3. Soldadura e montagem da estrutura do ve\u00edculo<\/strong><br \/>\n<strong>4. Pr\u00e9-instala\u00e7\u00e3o do sistema hidr\u00e1ulico<\/strong><br \/>\n<strong>5. Pintura anticorrosiva da carro\u00e7aria do ve\u00edculo<\/strong><br \/>\n<strong>6. Conclus\u00e3o da instala\u00e7\u00e3o da superestrutura do ve\u00edculo<\/strong><\/p>\n<h1 style=\"text-align: center;\">CEN\u00c1RIOS DE APLICA\u00c7\u00c3O<\/h1>\n<p><img loading=\"lazy\" decoding=\"async\" class=\"aligncenter wp-image-7650\" src=\"https:\/\/ac-truck.com\/wp-content\/uploads\/2026\/01\/%E6%91%86%E8%87%82%E5%9E%83%E5%9C%BE%E8%BD%A6%E8%AF%A6%E6%83%85%E9%A1%B5_16.webp\" sizes=\"(max-width: 1234px) 100vw, 1234px\" srcset=\"https:\/\/ac-truck.com\/wp-content\/uploads\/2026\/01\/\u6446\u81c2\u5783\u573e\u8f66\u8be6\u60c5\u9875_16.webp 790w, https:\/\/ac-truck.com\/wp-content\/uploads\/2026\/01\/\u6446\u81c2\u5783\u573e\u8f66\u8be6\u60c5\u9875_16-220x300.webp 220w, https:\/\/ac-truck.com\/wp-content\/uploads\/2026\/01\/\u6446\u81c2\u5783\u573e\u8f66\u8be6\u60c5\u9875_16-751x1024.webp 751w, https:\/\/ac-truck.com\/wp-content\/uploads\/2026\/01\/\u6446\u81c2\u5783\u573e\u8f66\u8be6\u60c5\u9875_16-768x1047.webp 768w, https:\/\/ac-truck.com\/wp-content\/uploads\/2026\/01\/\u6446\u81c2\u5783\u573e\u8f66\u8be6\u60c5\u9875_16-9x12.webp 9w, https:\/\/ac-truck.com\/wp-content\/uploads\/2026\/01\/\u6446\u81c2\u5783\u573e\u8f66\u8be6\u60c5\u9875_16-600x818.webp 600w, https:\/\/ac-truck.com\/wp-content\/uploads\/2026\/01\/\u6446\u81c2\u5783\u573e\u8f66\u8be6\u60c5\u9875_16-150x204.webp 150w\" alt=\"\" width=\"1234\" height=\"1682\" \/><\/p>\n<h1 style=\"text-align: center;\">EMBALAMENTO E TRANSPORTE<\/h1>\n<p><img loading=\"lazy\" decoding=\"async\" class=\"aligncenter wp-image-7651\" src=\"https:\/\/ac-truck.com\/wp-content\/uploads\/2026\/01\/%E6%91%86%E8%87%82%E5%9E%83%E5%9C%BE%E8%BD%A6%E8%AF%A6%E6%83%85%E9%A1%B5_18.webp\" sizes=\"(max-width: 1234px) 100vw, 1234px\" srcset=\"https:\/\/ac-truck.com\/wp-content\/uploads\/2026\/01\/\u6446\u81c2\u5783\u573e\u8f66\u8be6\u60c5\u9875_18.webp 790w, https:\/\/ac-truck.com\/wp-content\/uploads\/2026\/01\/\u6446\u81c2\u5783\u573e\u8f66\u8be6\u60c5\u9875_18-157x300.webp 157w, https:\/\/ac-truck.com\/wp-content\/uploads\/2026\/01\/\u6446\u81c2\u5783\u573e\u8f66\u8be6\u60c5\u9875_18-537x1024.webp 537w, https:\/\/ac-truck.com\/wp-content\/uploads\/2026\/01\/\u6446\u81c2\u5783\u573e\u8f66\u8be6\u60c5\u9875_18-768x1465.webp 768w, https:\/\/ac-truck.com\/wp-content\/uploads\/2026\/01\/\u6446\u81c2\u5783\u573e\u8f66\u8be6\u60c5\u9875_18-6x12.webp 6w, https:\/\/ac-truck.com\/wp-content\/uploads\/2026\/01\/\u6446\u81c2\u5783\u573e\u8f66\u8be6\u60c5\u9875_18-600x1145.webp 600w, https:\/\/ac-truck.com\/wp-content\/uploads\/2026\/01\/\u6446\u81c2\u5783\u573e\u8f66\u8be6\u60c5\u9875_18-150x286.webp 150w\" alt=\"\" width=\"1234\" height=\"2354\" \/><\/p>","protected":false},"excerpt":{"rendered":"<p>PRODUCT PARAMETERS Skip Loader Truck 4m\u00b3 ISUZU project Descriptions Specifications General\u00a0 Overall dimensions(mm) 5990\u00d72000\u00d72900 curb weight(Kg) 3500 Loading capacity(Kg) 3370<\/p>","protected":false},"featured_media":7682,"template":"","meta":[],"product_brand":[213],"product_cat":[192],"product_tag":[379,380,381],"class_list":{"0":"post-7679","1":"product","2":"type-product","3":"status-publish","4":"has-post-thumbnail","6":"product_brand-isuzu","7":"product_cat-garbage-trucks","8":"product_tag-skip-loader-truck","9":"product_tag-skip-loader","10":"product_tag-skip-truck","12":"first","13":"instock","14":"shipping-taxable","15":"product-type-simple"},"_links":{"self":[{"href":"https:\/\/ac-truck.com\/pt\/wp-json\/wp\/v2\/product\/7679","targetHints":{"allow":["GET"]}}],"collection":[{"href":"https:\/\/ac-truck.com\/pt\/wp-json\/wp\/v2\/product"}],"about":[{"href":"https:\/\/ac-truck.com\/pt\/wp-json\/wp\/v2\/types\/product"}],"version-history":[{"count":2,"href":"https:\/\/ac-truck.com\/pt\/wp-json\/wp\/v2\/product\/7679\/revisions"}],"predecessor-version":[{"id":7909,"href":"https:\/\/ac-truck.com\/pt\/wp-json\/wp\/v2\/product\/7679\/revisions\/7909"}],"wp:featuredmedia":[{"embeddable":true,"href":"https:\/\/ac-truck.com\/pt\/wp-json\/wp\/v2\/media\/7682"}],"wp:attachment":[{"href":"https:\/\/ac-truck.com\/pt\/wp-json\/wp\/v2\/media?parent=7679"}],"wp:term":[{"taxonomy":"product_brand","embeddable":true,"href":"https:\/\/ac-truck.com\/pt\/wp-json\/wp\/v2\/product_brand?post=7679"},{"taxonomy":"product_cat","embeddable":true,"href":"https:\/\/ac-truck.com\/pt\/wp-json\/wp\/v2\/product_cat?post=7679"},{"taxonomy":"product_tag","embeddable":true,"href":"https:\/\/ac-truck.com\/pt\/wp-json\/wp\/v2\/product_tag?post=7679"}],"curies":[{"name":"wp","href":"https:\/\/api.w.org\/{rel}","templated":true}]}}