{"id":7768,"date":"2026-02-07T17:49:05","date_gmt":"2026-02-07T09:49:05","guid":{"rendered":"https:\/\/ac-truck.com\/?post_type=product&#038;p=7768"},"modified":"2026-02-07T17:49:05","modified_gmt":"2026-02-07T09:49:05","slug":"bulk-feed-semi-trailer-50m%c2%b3","status":"publish","type":"product","link":"https:\/\/ac-truck.com\/pt\/bulk-feed-semi-trailer-50m%C2%B3.html","title":{"rendered":"Semirreboque para Transporte de Ra\u00e7\u00e3o a Granel 50 m\u00b3"},"content":{"rendered":"<p><img fetchpriority=\"high\" decoding=\"async\" class=\"aligncenter wp-image-7769\" src=\"https:\/\/ac-truck.com\/wp-content\/uploads\/2026\/02\/\u4ea7\u54c1\u6d77\u62a5_01-4.webp\" alt=\"\" width=\"1234\" height=\"1645\" srcset=\"https:\/\/ac-truck.com\/wp-content\/uploads\/2026\/02\/\u4ea7\u54c1\u6d77\u62a5_01-4.webp 790w, https:\/\/ac-truck.com\/wp-content\/uploads\/2026\/02\/\u4ea7\u54c1\u6d77\u62a5_01-4-225x300.webp 225w, https:\/\/ac-truck.com\/wp-content\/uploads\/2026\/02\/\u4ea7\u54c1\u6d77\u62a5_01-4-768x1024.webp 768w, https:\/\/ac-truck.com\/wp-content\/uploads\/2026\/02\/\u4ea7\u54c1\u6d77\u62a5_01-4-9x12.webp 9w, https:\/\/ac-truck.com\/wp-content\/uploads\/2026\/02\/\u4ea7\u54c1\u6d77\u62a5_01-4-600x800.webp 600w, https:\/\/ac-truck.com\/wp-content\/uploads\/2026\/02\/\u4ea7\u54c1\u6d77\u62a5_01-4-150x200.webp 150w\" sizes=\"(max-width: 1234px) 100vw, 1234px\" \/><\/p>\n<h1 style=\"text-align: center;\">PAR\u00c2METROS DO PRODUTO<\/h1>\n<p><img decoding=\"async\" class=\"aligncenter wp-image-7770\" src=\"https:\/\/ac-truck.com\/wp-content\/uploads\/2026\/02\/\u4ea7\u54c1\u6d77\u62a5_03-4.webp\" alt=\"\" width=\"1234\" height=\"489\" srcset=\"https:\/\/ac-truck.com\/wp-content\/uploads\/2026\/02\/\u4ea7\u54c1\u6d77\u62a5_03-4.webp 790w, https:\/\/ac-truck.com\/wp-content\/uploads\/2026\/02\/\u4ea7\u54c1\u6d77\u62a5_03-4-300x119.webp 300w, https:\/\/ac-truck.com\/wp-content\/uploads\/2026\/02\/\u4ea7\u54c1\u6d77\u62a5_03-4-768x304.webp 768w, https:\/\/ac-truck.com\/wp-content\/uploads\/2026\/02\/\u4ea7\u54c1\u6d77\u62a5_03-4-18x7.webp 18w, https:\/\/ac-truck.com\/wp-content\/uploads\/2026\/02\/\u4ea7\u54c1\u6d77\u62a5_03-4-600x238.webp 600w, https:\/\/ac-truck.com\/wp-content\/uploads\/2026\/02\/\u4ea7\u54c1\u6d77\u62a5_03-4-150x59.webp 150w\" sizes=\"(max-width: 1234px) 100vw, 1234px\" \/><\/p>\n<h2 style=\"text-align: center;\">Semirreboque para Transporte de Ra\u00e7\u00e3o a Granel 50 m\u00b3<\/h2>\n<table>\n<tbody>\n<tr>\n<td width=\"79\"><strong>projeto<\/strong><\/td>\n<td width=\"319\"><strong>Descri\u00e7\u00f5es<\/strong><\/td>\n<td width=\"288\"><strong>Especifica\u00e7\u00f5es<\/strong><\/td>\n<\/tr>\n<tr>\n<td rowspan=\"4\" width=\"79\"><strong>B\u00e1sico<\/strong><\/td>\n<td width=\"319\"><strong>Dimens\u00f5es totais (mm)<\/strong><\/td>\n<td width=\"288\"><strong>12000\u00d72550\u00d73950<\/strong><\/td>\n<\/tr>\n<tr>\n<td width=\"319\"><strong>peso bruto (kg)<\/strong><\/td>\n<td width=\"288\"><strong>11400<\/strong><\/td>\n<\/tr>\n<tr>\n<td width=\"319\"><strong>Capacidade de carga (Kg)<\/strong><\/td>\n<td width=\"288\"><strong>28600<\/strong><\/td>\n<\/tr>\n<tr>\n<td width=\"319\"><strong>Massa total (Kg)<\/strong><\/td>\n<td width=\"288\"><strong>40000<\/strong><\/td>\n<\/tr>\n<tr>\n<td rowspan=\"4\" width=\"79\"><strong>Corpo<\/strong><\/td>\n<td width=\"319\"><strong>Dimens\u00f5es do tanque (mm)<\/strong><\/td>\n<td width=\"288\"><strong>11000\u00d72550\u00d72640<\/strong><\/td>\n<\/tr>\n<tr>\n<td width=\"319\"><strong>Volume do tanque (m\u00b3)<\/strong><\/td>\n<td width=\"288\"><strong>50<\/strong><\/td>\n<\/tr>\n<tr>\n<td width=\"319\"><strong>Material do corpo do tanque<\/strong><\/td>\n<td width=\"288\"><strong>aluminum alloy<\/strong><\/td>\n<\/tr>\n<tr>\n<td width=\"319\"><strong>Espessura do tanque (mm)<\/strong><\/td>\n<td width=\"288\"><strong>5<\/strong><\/td>\n<\/tr>\n<tr>\n<td width=\"79\"><strong>Chassis<\/strong><\/p>\n<p>&nbsp;<\/td>\n<td width=\"319\"><strong>Marca do chassi<\/strong><\/td>\n<td width=\"288\"><strong>Howo<\/strong><\/td>\n<\/tr>\n<\/tbody>\n<\/table>\n<h1 style=\"text-align: center;\">VANTAGENS DO VE\u00cdCULO<\/h1>\n<h4 style=\"text-align: center;\">Processo de Fabrico do Corpo do Tanque<\/h4>\n<p><img decoding=\"async\" class=\"aligncenter wp-image-7712\" src=\"https:\/\/ac-truck.com\/wp-content\/uploads\/2026\/02\/%E9%A5%B2%E6%96%99%E8%BF%90%E8%BE%93%E8%BD%A6%E8%AF%A6%E6%83%85%E9%A1%B5_05.webp\" sizes=\"(max-width: 1234px) 100vw, 1234px\" srcset=\"https:\/\/ac-truck.com\/wp-content\/uploads\/2026\/02\/\u9972\u6599\u8fd0\u8f93\u8f66\u8be6\u60c5\u9875_05.webp 790w, https:\/\/ac-truck.com\/wp-content\/uploads\/2026\/02\/\u9972\u6599\u8fd0\u8f93\u8f66\u8be6\u60c5\u9875_05-255x300.webp 255w, https:\/\/ac-truck.com\/wp-content\/uploads\/2026\/02\/\u9972\u6599\u8fd0\u8f93\u8f66\u8be6\u60c5\u9875_05-768x904.webp 768w, https:\/\/ac-truck.com\/wp-content\/uploads\/2026\/02\/\u9972\u6599\u8fd0\u8f93\u8f66\u8be6\u60c5\u9875_05-10x12.webp 10w, https:\/\/ac-truck.com\/wp-content\/uploads\/2026\/02\/\u9972\u6599\u8fd0\u8f93\u8f66\u8be6\u60c5\u9875_05-600x706.webp 600w, https:\/\/ac-truck.com\/wp-content\/uploads\/2026\/02\/\u9972\u6599\u8fd0\u8f93\u8f66\u8be6\u60c5\u9875_05-150x177.webp 150w\" alt=\"\" width=\"1234\" height=\"1453\" \/><img loading=\"lazy\" decoding=\"async\" class=\"aligncenter wp-image-7713\" src=\"https:\/\/ac-truck.com\/wp-content\/uploads\/2026\/02\/%E9%A5%B2%E6%96%99%E8%BF%90%E8%BE%93%E8%BD%A6%E8%AF%A6%E6%83%85%E9%A1%B5_06.webp\" sizes=\"(max-width: 1234px) 100vw, 1234px\" srcset=\"https:\/\/ac-truck.com\/wp-content\/uploads\/2026\/02\/\u9972\u6599\u8fd0\u8f93\u8f66\u8be6\u60c5\u9875_06.webp 790w, https:\/\/ac-truck.com\/wp-content\/uploads\/2026\/02\/\u9972\u6599\u8fd0\u8f93\u8f66\u8be6\u60c5\u9875_06-262x300.webp 262w, https:\/\/ac-truck.com\/wp-content\/uploads\/2026\/02\/\u9972\u6599\u8fd0\u8f93\u8f66\u8be6\u60c5\u9875_06-768x879.webp 768w, https:\/\/ac-truck.com\/wp-content\/uploads\/2026\/02\/\u9972\u6599\u8fd0\u8f93\u8f66\u8be6\u60c5\u9875_06-10x12.webp 10w, https:\/\/ac-truck.com\/wp-content\/uploads\/2026\/02\/\u9972\u6599\u8fd0\u8f93\u8f66\u8be6\u60c5\u9875_06-600x687.webp 600w, https:\/\/ac-truck.com\/wp-content\/uploads\/2026\/02\/\u9972\u6599\u8fd0\u8f93\u8f66\u8be6\u60c5\u9875_06-150x172.webp 150w\" alt=\"\" width=\"1234\" height=\"1412\" \/><\/p>\n<p><strong>1\/2\/3. Sele\u00e7\u00e3o de materiais: O corpo do tanque \u00e9 fabricado principalmente com chapas de a\u00e7o carbono de alta resist\u00eancia e qualidade (como o Q345) ou chapas galvanizadas. A capacidade anticorrosiva e de prote\u00e7\u00e3o contra a ferrugem das chapas galvanizadas \u00e9 muito superior \u00e0 das chapas de a\u00e7o comuns pintadas. Este material previne eficazmente que a ra\u00e7\u00e3o absorva humidade e corroa o corpo do tanque, prolongando a sua vida \u00fatil \u2014 sendo, por isso, especialmente adequado para ambientes h\u00famidos. Processo de pintura: O corpo do tanque adopta geralmente o processo de pintura electrofor\u00e9tica a forno, caracterizado por uma elevada ader\u00eancia da tinta e grande durabilidade.<\/strong><br \/>\n<strong>4\/5. Processo de conforma\u00e7\u00e3o: A sec\u00e7\u00e3o transversal do corpo do tanque adopta, predominantemente, o design do tipo \"quadrado-circular\" ou \"poligonal\". Este design assegura o volume efetivo, aumenta a resist\u00eancia estrutural e facilita a concentra\u00e7\u00e3o do material em dire\u00e7\u00e3o \u00e0 sa\u00edda do transportador helicoidal (rosca de descarga) sob a a\u00e7\u00e3o da gravidade, reduzindo os res\u00edduos.<\/strong><br \/>\n<strong>6\/7. Tratamento de alisamento: As soldaduras no interior do tanque s\u00e3o polidas para ficarem planas, e a parede interior \u00e9 alisada para reduzir a ader\u00eancia do material \u00e0 parede e a forma\u00e7\u00e3o de res\u00edduos.<\/strong><br \/>\n<strong>8.\u00ba Desenho dos compartimentos: O processo de compartimenta\u00e7\u00e3o \u00e9 consolidado, permitindo a divis\u00e3o em 2 a 4 compartimentos independentes, conforme a necessidade. As divis\u00f3rias s\u00e3o soldadas firmemente ao corpo do tanque para garantir que os materiais de cada compartimento n\u00e3o se misturam.<\/strong><br \/>\n<strong>9\/10. Design antiacumula\u00e7\u00e3o: A liga\u00e7\u00e3o entre a base do corpo do tanque e as placas laterais adota uma transi\u00e7\u00e3o em arco para evitar pontos mortos e auxiliar o fluxo da ra\u00e7\u00e3o.<\/strong><\/p>\n<h1 style=\"text-align: center;\">Processo do Sistema de Transporte<\/h1>\n<p><img loading=\"lazy\" decoding=\"async\" class=\"aligncenter wp-image-7714\" src=\"https:\/\/ac-truck.com\/wp-content\/uploads\/2026\/02\/%E9%A5%B2%E6%96%99%E8%BF%90%E8%BE%93%E8%BD%A6%E8%AF%A6%E6%83%85%E9%A1%B5_08.webp\" sizes=\"(max-width: 1234px) 100vw, 1234px\" srcset=\"https:\/\/ac-truck.com\/wp-content\/uploads\/2026\/02\/\u9972\u6599\u8fd0\u8f93\u8f66\u8be6\u60c5\u9875_08.webp 790w, https:\/\/ac-truck.com\/wp-content\/uploads\/2026\/02\/\u9972\u6599\u8fd0\u8f93\u8f66\u8be6\u60c5\u9875_08-260x300.webp 260w, https:\/\/ac-truck.com\/wp-content\/uploads\/2026\/02\/\u9972\u6599\u8fd0\u8f93\u8f66\u8be6\u60c5\u9875_08-768x885.webp 768w, https:\/\/ac-truck.com\/wp-content\/uploads\/2026\/02\/\u9972\u6599\u8fd0\u8f93\u8f66\u8be6\u60c5\u9875_08-10x12.webp 10w, https:\/\/ac-truck.com\/wp-content\/uploads\/2026\/02\/\u9972\u6599\u8fd0\u8f93\u8f66\u8be6\u60c5\u9875_08-600x691.webp 600w, https:\/\/ac-truck.com\/wp-content\/uploads\/2026\/02\/\u9972\u6599\u8fd0\u8f93\u8f66\u8be6\u60c5\u9875_08-150x173.webp 150w\" alt=\"\" width=\"1234\" height=\"1421\" \/><img loading=\"lazy\" decoding=\"async\" class=\"aligncenter wp-image-7715\" src=\"https:\/\/ac-truck.com\/wp-content\/uploads\/2026\/02\/%E9%A5%B2%E6%96%99%E8%BF%90%E8%BE%93%E8%BD%A6%E8%AF%A6%E6%83%85%E9%A1%B5_09.webp\" sizes=\"(max-width: 1234px) 100vw, 1234px\" srcset=\"https:\/\/ac-truck.com\/wp-content\/uploads\/2026\/02\/\u9972\u6599\u8fd0\u8f93\u8f66\u8be6\u60c5\u9875_09.webp 790w, https:\/\/ac-truck.com\/wp-content\/uploads\/2026\/02\/\u9972\u6599\u8fd0\u8f93\u8f66\u8be6\u60c5\u9875_09-159x300.webp 159w, https:\/\/ac-truck.com\/wp-content\/uploads\/2026\/02\/\u9972\u6599\u8fd0\u8f93\u8f66\u8be6\u60c5\u9875_09-544x1024.webp 544w, https:\/\/ac-truck.com\/wp-content\/uploads\/2026\/02\/\u9972\u6599\u8fd0\u8f93\u8f66\u8be6\u60c5\u9875_09-768x1446.webp 768w, https:\/\/ac-truck.com\/wp-content\/uploads\/2026\/02\/\u9972\u6599\u8fd0\u8f93\u8f66\u8be6\u60c5\u9875_09-6x12.webp 6w, https:\/\/ac-truck.com\/wp-content\/uploads\/2026\/02\/\u9972\u6599\u8fd0\u8f93\u8f66\u8be6\u60c5\u9875_09-600x1129.webp 600w, https:\/\/ac-truck.com\/wp-content\/uploads\/2026\/02\/\u9972\u6599\u8fd0\u8f93\u8f66\u8be6\u60c5\u9875_09-150x282.webp 150w\" alt=\"\" width=\"1234\" height=\"2323\" \/><\/p>\n<p><strong>Utilizando principalmente o transporte por rosca helicoidal:<\/strong><br \/>\n<strong>1.As p\u00e1s da rosca s\u00e3o fabricadas em a\u00e7o ligado de alta resist\u00eancia, apresentando uma excelente resist\u00eancia ao desgaste. A folga entre as p\u00e1s e a parede do tubo \u00e9 devidamente controlada para assegurar a efici\u00eancia do transporte, evitando, simultaneamente, a extrus\u00e3o excessiva e danos nos materiais granulares.<\/strong><br \/>\n<strong>2. Processo de veda\u00e7\u00e3o multicamadas: Em pontos-chave, como os rolamentos da rosca transportadora e as flanges de liga\u00e7\u00e3o, s\u00e3o utilizados m\u00faltiplos retentores ou vedantes combinados para evitar que a fuga de \u00f3leo hidr\u00e1ulico contamine a ra\u00e7\u00e3o e para impedir a entrada de p\u00f3, que provocaria o desgaste dos componentes.<\/strong><\/p>\n<h1 style=\"text-align: center;\">Sistema de Controlo Hidr\u00e1ulico-Eletr\u00f3nico<\/h1>\n<p><img loading=\"lazy\" decoding=\"async\" class=\"aligncenter wp-image-7716\" src=\"https:\/\/ac-truck.com\/wp-content\/uploads\/2026\/02\/%E9%A5%B2%E6%96%99%E8%BF%90%E8%BE%93%E8%BD%A6%E8%AF%A6%E6%83%85%E9%A1%B5_11.webp\" sizes=\"(max-width: 1234px) 100vw, 1234px\" srcset=\"https:\/\/ac-truck.com\/wp-content\/uploads\/2026\/02\/\u9972\u6599\u8fd0\u8f93\u8f66\u8be6\u60c5\u9875_11.webp 790w, https:\/\/ac-truck.com\/wp-content\/uploads\/2026\/02\/\u9972\u6599\u8fd0\u8f93\u8f66\u8be6\u60c5\u9875_11-277x300.webp 277w, https:\/\/ac-truck.com\/wp-content\/uploads\/2026\/02\/\u9972\u6599\u8fd0\u8f93\u8f66\u8be6\u60c5\u9875_11-768x832.webp 768w, https:\/\/ac-truck.com\/wp-content\/uploads\/2026\/02\/\u9972\u6599\u8fd0\u8f93\u8f66\u8be6\u60c5\u9875_11-11x12.webp 11w, https:\/\/ac-truck.com\/wp-content\/uploads\/2026\/02\/\u9972\u6599\u8fd0\u8f93\u8f66\u8be6\u60c5\u9875_11-600x650.webp 600w, https:\/\/ac-truck.com\/wp-content\/uploads\/2026\/02\/\u9972\u6599\u8fd0\u8f93\u8f66\u8be6\u60c5\u9875_11-150x163.webp 150w\" alt=\"\" width=\"1234\" height=\"1337\" \/><img loading=\"lazy\" decoding=\"async\" class=\"aligncenter wp-image-7717\" src=\"https:\/\/ac-truck.com\/wp-content\/uploads\/2026\/02\/%E9%A5%B2%E6%96%99%E8%BF%90%E8%BE%93%E8%BD%A6%E8%AF%A6%E6%83%85%E9%A1%B5_12.webp\" sizes=\"(max-width: 1234px) 100vw, 1234px\" srcset=\"https:\/\/ac-truck.com\/wp-content\/uploads\/2026\/02\/\u9972\u6599\u8fd0\u8f93\u8f66\u8be6\u60c5\u9875_12.webp 790w, https:\/\/ac-truck.com\/wp-content\/uploads\/2026\/02\/\u9972\u6599\u8fd0\u8f93\u8f66\u8be6\u60c5\u9875_12-276x300.webp 276w, https:\/\/ac-truck.com\/wp-content\/uploads\/2026\/02\/\u9972\u6599\u8fd0\u8f93\u8f66\u8be6\u60c5\u9875_12-768x836.webp 768w, https:\/\/ac-truck.com\/wp-content\/uploads\/2026\/02\/\u9972\u6599\u8fd0\u8f93\u8f66\u8be6\u60c5\u9875_12-11x12.webp 11w, https:\/\/ac-truck.com\/wp-content\/uploads\/2026\/02\/\u9972\u6599\u8fd0\u8f93\u8f66\u8be6\u60c5\u9875_12-600x653.webp 600w, https:\/\/ac-truck.com\/wp-content\/uploads\/2026\/02\/\u9972\u6599\u8fd0\u8f93\u8f66\u8be6\u60c5\u9875_12-150x163.webp 150w\" alt=\"\" width=\"1234\" height=\"1343\" \/><\/p>\n<p><strong>1. Dep\u00f3sito de \u00f3leo hidr\u00e1ulico: Armazena o \u00f3leo para o sistema hidr\u00e1ulico.<\/strong><br \/>\n<strong>2.\u00ba Medidor de n\u00edvel de \u00f3leo: Apresenta o n\u00edvel de \u00f3leo no dep\u00f3sito em tempo real.<\/strong><br \/>\n<strong>3. Bomba hidr\u00e1ulica: Fornece pot\u00eancia ao sistema hidr\u00e1ulico.<\/strong><br \/>\n<strong>4. Motor hidr\u00e1ulico: Converte energia hidr\u00e1ulica em energia mec\u00e2nica.<\/strong><br \/>\n<strong>5. V\u00e1lvula hidr\u00e1ulica multivias: Controla o acionamento e a dire\u00e7\u00e3o do circuito de \u00f3leo hidr\u00e1ulico.<\/strong><br \/>\n<strong>6. Radiador: Arrefece o \u00f3leo hidr\u00e1ulico para garantir o funcionamento do sistema.<\/strong><br \/>\n<strong>7. Motor da rosca: Aciona a rosca para transportar a ra\u00e7\u00e3o.<\/strong><br \/>\n<strong>8. Motor da rosca transportadora: Auxilia a rosca no transporte da alimenta\u00e7\u00e3o.<\/strong><br \/>\n<strong>9. Motor de rota\u00e7\u00e3o: Aciona o mecanismo para realizar a a\u00e7\u00e3o de descarga rotativa.<\/strong><br \/>\n<strong>10. Rosca sem-fim e engrenagem sem-fim de 360 \u200b\u200bgraus: Permite o ajuste de rota\u00e7\u00e3o de 360 \u200b\u200bgraus do mecanismo.<\/strong><br \/>\n<strong>11. V\u00e1lvula de controlo de caudal: Ajusta com precis\u00e3o o caudal do \u00f3leo hidr\u00e1ulico.<\/strong><br \/>\n<strong>12. Alavanca de opera\u00e7\u00e3o manual: Controla manualmente as a\u00e7\u00f5es do sistema hidr\u00e1ulico.<\/strong><\/p>\n<h1 style=\"text-align: center;\">PROCESSO DE PRODU\u00c7\u00c3O<\/h1>\n<p><img loading=\"lazy\" decoding=\"async\" class=\"aligncenter wp-image-7718\" src=\"https:\/\/ac-truck.com\/wp-content\/uploads\/2026\/02\/%E9%A5%B2%E6%96%99%E8%BF%90%E8%BE%93%E8%BD%A6%E8%AF%A6%E6%83%85%E9%A1%B5_14.webp\" sizes=\"(max-width: 1234px) 100vw, 1234px\" srcset=\"https:\/\/ac-truck.com\/wp-content\/uploads\/2026\/02\/\u9972\u6599\u8fd0\u8f93\u8f66\u8be6\u60c5\u9875_14.webp 790w, https:\/\/ac-truck.com\/wp-content\/uploads\/2026\/02\/\u9972\u6599\u8fd0\u8f93\u8f66\u8be6\u60c5\u9875_14-160x300.webp 160w, https:\/\/ac-truck.com\/wp-content\/uploads\/2026\/02\/\u9972\u6599\u8fd0\u8f93\u8f66\u8be6\u60c5\u9875_14-546x1024.webp 546w, https:\/\/ac-truck.com\/wp-content\/uploads\/2026\/02\/\u9972\u6599\u8fd0\u8f93\u8f66\u8be6\u60c5\u9875_14-768x1441.webp 768w, https:\/\/ac-truck.com\/wp-content\/uploads\/2026\/02\/\u9972\u6599\u8fd0\u8f93\u8f66\u8be6\u60c5\u9875_14-6x12.webp 6w, https:\/\/ac-truck.com\/wp-content\/uploads\/2026\/02\/\u9972\u6599\u8fd0\u8f93\u8f66\u8be6\u60c5\u9875_14-600x1126.webp 600w, https:\/\/ac-truck.com\/wp-content\/uploads\/2026\/02\/\u9972\u6599\u8fd0\u8f93\u8f66\u8be6\u60c5\u9875_14-150x281.webp 150w\" alt=\"\" width=\"1234\" height=\"2315\" \/><img loading=\"lazy\" decoding=\"async\" class=\"aligncenter wp-image-7719\" src=\"https:\/\/ac-truck.com\/wp-content\/uploads\/2026\/02\/%E9%A5%B2%E6%96%99%E8%BF%90%E8%BE%93%E8%BD%A6%E8%AF%A6%E6%83%85%E9%A1%B5_15.webp\" sizes=\"(max-width: 1234px) 100vw, 1234px\" srcset=\"https:\/\/ac-truck.com\/wp-content\/uploads\/2026\/02\/\u9972\u6599\u8fd0\u8f93\u8f66\u8be6\u60c5\u9875_15.webp 790w, https:\/\/ac-truck.com\/wp-content\/uploads\/2026\/02\/\u9972\u6599\u8fd0\u8f93\u8f66\u8be6\u60c5\u9875_15-160x300.webp 160w, https:\/\/ac-truck.com\/wp-content\/uploads\/2026\/02\/\u9972\u6599\u8fd0\u8f93\u8f66\u8be6\u60c5\u9875_15-547x1024.webp 547w, https:\/\/ac-truck.com\/wp-content\/uploads\/2026\/02\/\u9972\u6599\u8fd0\u8f93\u8f66\u8be6\u60c5\u9875_15-768x1439.webp 768w, https:\/\/ac-truck.com\/wp-content\/uploads\/2026\/02\/\u9972\u6599\u8fd0\u8f93\u8f66\u8be6\u60c5\u9875_15-6x12.webp 6w, https:\/\/ac-truck.com\/wp-content\/uploads\/2026\/02\/\u9972\u6599\u8fd0\u8f93\u8f66\u8be6\u60c5\u9875_15-600x1124.webp 600w, https:\/\/ac-truck.com\/wp-content\/uploads\/2026\/02\/\u9972\u6599\u8fd0\u8f93\u8f66\u8be6\u60c5\u9875_15-150x281.webp 150w\" alt=\"\" width=\"1234\" height=\"2312\" \/><\/p>\n<p><strong>1. Projeto de desenho preliminar<\/strong><br \/>\n<strong>2. Prepara\u00e7\u00e3o dos materiais antes da produ\u00e7\u00e3o<\/strong><br \/>\n<strong>3. Soldadura do corpo do tanque<\/strong><br \/>\n<strong>4. Montagem da carro\u00e7aria do tanque no chassis<\/strong><br \/>\n<strong>5. Pr\u00e9-tratamento anticorrosivo e de preven\u00e7\u00e3o da ferrugem<\/strong><br \/>\n<strong>6. Conclus\u00e3o da pintura de toda a superestrutura do ve\u00edculo.<\/strong><\/p>\n<h1 style=\"text-align: center;\">CEN\u00c1RIOS DE APLICA\u00c7\u00c3O<\/h1>\n<p><img loading=\"lazy\" decoding=\"async\" class=\"aligncenter wp-image-7720\" src=\"https:\/\/ac-truck.com\/wp-content\/uploads\/2026\/02\/%E9%A5%B2%E6%96%99%E8%BF%90%E8%BE%93%E8%BD%A6%E8%AF%A6%E6%83%85%E9%A1%B5_17.webp\" sizes=\"(max-width: 1234px) 100vw, 1234px\" srcset=\"https:\/\/ac-truck.com\/wp-content\/uploads\/2026\/02\/\u9972\u6599\u8fd0\u8f93\u8f66\u8be6\u60c5\u9875_17.webp 790w, https:\/\/ac-truck.com\/wp-content\/uploads\/2026\/02\/\u9972\u6599\u8fd0\u8f93\u8f66\u8be6\u60c5\u9875_17-157x300.webp 157w, https:\/\/ac-truck.com\/wp-content\/uploads\/2026\/02\/\u9972\u6599\u8fd0\u8f93\u8f66\u8be6\u60c5\u9875_17-535x1024.webp 535w, https:\/\/ac-truck.com\/wp-content\/uploads\/2026\/02\/\u9972\u6599\u8fd0\u8f93\u8f66\u8be6\u60c5\u9875_17-768x1470.webp 768w, https:\/\/ac-truck.com\/wp-content\/uploads\/2026\/02\/\u9972\u6599\u8fd0\u8f93\u8f66\u8be6\u60c5\u9875_17-6x12.webp 6w, https:\/\/ac-truck.com\/wp-content\/uploads\/2026\/02\/\u9972\u6599\u8fd0\u8f93\u8f66\u8be6\u60c5\u9875_17-600x1148.webp 600w, https:\/\/ac-truck.com\/wp-content\/uploads\/2026\/02\/\u9972\u6599\u8fd0\u8f93\u8f66\u8be6\u60c5\u9875_17-150x287.webp 150w\" alt=\"\" width=\"1234\" height=\"2362\" \/><\/p>\n<h1 style=\"text-align: center;\">EMBALAMENTO E TRANSPORTE<\/h1>\n<p><img loading=\"lazy\" decoding=\"async\" class=\"aligncenter wp-image-7721\" src=\"https:\/\/ac-truck.com\/wp-content\/uploads\/2026\/02\/%E9%A5%B2%E6%96%99%E8%BF%90%E8%BE%93%E8%BD%A6%E8%AF%A6%E6%83%85%E9%A1%B5_19.webp\" sizes=\"(max-width: 1234px) 100vw, 1234px\" srcset=\"https:\/\/ac-truck.com\/wp-content\/uploads\/2026\/02\/\u9972\u6599\u8fd0\u8f93\u8f66\u8be6\u60c5\u9875_19.webp 790w, https:\/\/ac-truck.com\/wp-content\/uploads\/2026\/02\/\u9972\u6599\u8fd0\u8f93\u8f66\u8be6\u60c5\u9875_19-143x300.webp 143w, https:\/\/ac-truck.com\/wp-content\/uploads\/2026\/02\/\u9972\u6599\u8fd0\u8f93\u8f66\u8be6\u60c5\u9875_19-489x1024.webp 489w, https:\/\/ac-truck.com\/wp-content\/uploads\/2026\/02\/\u9972\u6599\u8fd0\u8f93\u8f66\u8be6\u60c5\u9875_19-768x1609.webp 768w, https:\/\/ac-truck.com\/wp-content\/uploads\/2026\/02\/\u9972\u6599\u8fd0\u8f93\u8f66\u8be6\u60c5\u9875_19-733x1536.webp 733w, https:\/\/ac-truck.com\/wp-content\/uploads\/2026\/02\/\u9972\u6599\u8fd0\u8f93\u8f66\u8be6\u60c5\u9875_19-6x12.webp 6w, https:\/\/ac-truck.com\/wp-content\/uploads\/2026\/02\/\u9972\u6599\u8fd0\u8f93\u8f66\u8be6\u60c5\u9875_19-600x1257.webp 600w, https:\/\/ac-truck.com\/wp-content\/uploads\/2026\/02\/\u9972\u6599\u8fd0\u8f93\u8f66\u8be6\u60c5\u9875_19-150x314.webp 150w\" alt=\"\" width=\"1234\" height=\"2585\" \/><\/p>","protected":false},"excerpt":{"rendered":"<p>PRODUCT PARAMETERS Bulk Feed Semi-trailer 50m\u00b3 project Descriptions Specifications Basic Overall dimensions(mm) 12000\u00d72550\u00d73950 curb weight(Kg) 11400 Loading capacity(Kg) 28600 Total<\/p>","protected":false},"featured_media":7771,"template":"","meta":[],"product_brand":[352],"product_cat":[179],"product_tag":[],"class_list":{"0":"post-7768","1":"product","2":"type-product","3":"status-publish","4":"has-post-thumbnail","6":"product_brand-semi-trailer","7":"product_cat-bulk-feed-trucks","9":"first","10":"instock","11":"shipping-taxable","12":"product-type-simple"},"_links":{"self":[{"href":"https:\/\/ac-truck.com\/pt\/wp-json\/wp\/v2\/product\/7768","targetHints":{"allow":["GET"]}}],"collection":[{"href":"https:\/\/ac-truck.com\/pt\/wp-json\/wp\/v2\/product"}],"about":[{"href":"https:\/\/ac-truck.com\/pt\/wp-json\/wp\/v2\/types\/product"}],"version-history":[{"count":1,"href":"https:\/\/ac-truck.com\/pt\/wp-json\/wp\/v2\/product\/7768\/revisions"}],"predecessor-version":[{"id":7777,"href":"https:\/\/ac-truck.com\/pt\/wp-json\/wp\/v2\/product\/7768\/revisions\/7777"}],"wp:featuredmedia":[{"embeddable":true,"href":"https:\/\/ac-truck.com\/pt\/wp-json\/wp\/v2\/media\/7771"}],"wp:attachment":[{"href":"https:\/\/ac-truck.com\/pt\/wp-json\/wp\/v2\/media?parent=7768"}],"wp:term":[{"taxonomy":"product_brand","embeddable":true,"href":"https:\/\/ac-truck.com\/pt\/wp-json\/wp\/v2\/product_brand?post=7768"},{"taxonomy":"product_cat","embeddable":true,"href":"https:\/\/ac-truck.com\/pt\/wp-json\/wp\/v2\/product_cat?post=7768"},{"taxonomy":"product_tag","embeddable":true,"href":"https:\/\/ac-truck.com\/pt\/wp-json\/wp\/v2\/product_tag?post=7768"}],"curies":[{"name":"wp","href":"https:\/\/api.w.org\/{rel}","templated":true}]}}