{"id":7858,"date":"2026-03-16T16:50:41","date_gmt":"2026-03-16T08:50:41","guid":{"rendered":"https:\/\/ac-truck.com\/?post_type=product&#038;p=7858"},"modified":"2026-03-16T16:50:42","modified_gmt":"2026-03-16T08:50:42","slug":"chipsealer-shacman-8x4","status":"publish","type":"product","link":"https:\/\/ac-truck.com\/pt\/chipsealer-shacman-8x4.html","title":{"rendered":"Seladora de Asfalto SHACMAN 8\u00d74"},"content":{"rendered":"<p><img fetchpriority=\"high\" decoding=\"async\" class=\"aligncenter wp-image-7859\" src=\"https:\/\/ac-truck.com\/wp-content\/uploads\/2026\/03\/\u4ea7\u54c1\u6d77\u62a5_01-1.webp\" alt=\"\" width=\"1234\" height=\"1542\" srcset=\"https:\/\/ac-truck.com\/wp-content\/uploads\/2026\/03\/\u4ea7\u54c1\u6d77\u62a5_01-1.webp 790w, https:\/\/ac-truck.com\/wp-content\/uploads\/2026\/03\/\u4ea7\u54c1\u6d77\u62a5_01-1-240x300.webp 240w, https:\/\/ac-truck.com\/wp-content\/uploads\/2026\/03\/\u4ea7\u54c1\u6d77\u62a5_01-1-768x960.webp 768w, https:\/\/ac-truck.com\/wp-content\/uploads\/2026\/03\/\u4ea7\u54c1\u6d77\u62a5_01-1-10x12.webp 10w, https:\/\/ac-truck.com\/wp-content\/uploads\/2026\/03\/\u4ea7\u54c1\u6d77\u62a5_01-1-600x750.webp 600w, https:\/\/ac-truck.com\/wp-content\/uploads\/2026\/03\/\u4ea7\u54c1\u6d77\u62a5_01-1-150x187.webp 150w\" sizes=\"(max-width: 1234px) 100vw, 1234px\" \/><\/p>\n<h1 style=\"text-align: center;\">PAR\u00c2METROS DO PRODUTO<\/h1>\n<p><img decoding=\"async\" class=\"aligncenter wp-image-7860\" src=\"https:\/\/ac-truck.com\/wp-content\/uploads\/2026\/03\/\u4ea7\u54c1\u6d77\u62a5_03-1.webp\" alt=\"\" width=\"1234\" height=\"489\" srcset=\"https:\/\/ac-truck.com\/wp-content\/uploads\/2026\/03\/\u4ea7\u54c1\u6d77\u62a5_03-1.webp 790w, https:\/\/ac-truck.com\/wp-content\/uploads\/2026\/03\/\u4ea7\u54c1\u6d77\u62a5_03-1-300x119.webp 300w, https:\/\/ac-truck.com\/wp-content\/uploads\/2026\/03\/\u4ea7\u54c1\u6d77\u62a5_03-1-768x304.webp 768w, https:\/\/ac-truck.com\/wp-content\/uploads\/2026\/03\/\u4ea7\u54c1\u6d77\u62a5_03-1-18x7.webp 18w, https:\/\/ac-truck.com\/wp-content\/uploads\/2026\/03\/\u4ea7\u54c1\u6d77\u62a5_03-1-600x238.webp 600w, https:\/\/ac-truck.com\/wp-content\/uploads\/2026\/03\/\u4ea7\u54c1\u6d77\u62a5_03-1-150x59.webp 150w\" sizes=\"(max-width: 1234px) 100vw, 1234px\" \/><\/p>\n<h1 style=\"text-align: center;\">VANTAGENS DO VE\u00cdCULO<\/h1>\n<h2 style=\"text-align: center;\">Seladora de Asfalto SHACMAN 8\u00d74<\/h2>\n<table>\n<tbody>\n<tr>\n<td width=\"79\"><strong>projeto<\/strong><\/td>\n<td width=\"319\"><strong>Descri\u00e7\u00f5es<\/strong><\/td>\n<td width=\"288\"><strong>Especifica\u00e7\u00f5es<\/strong><\/td>\n<\/tr>\n<tr>\n<td rowspan=\"4\" width=\"79\"><strong>B\u00e1sico<\/strong><\/td>\n<td width=\"319\"><strong>Dimens\u00f5es totais (mm)<\/strong><\/td>\n<td width=\"288\"><strong>11880*2550*3850<\/strong><\/td>\n<\/tr>\n<tr>\n<td width=\"319\"><strong>peso bruto (kg)<\/strong><\/td>\n<td width=\"288\"><strong>21280<\/strong><\/td>\n<\/tr>\n<tr>\n<td width=\"319\"><strong>Capacidade de carga (Kg)<\/strong><\/td>\n<td width=\"288\"><strong>9590<\/strong><\/td>\n<\/tr>\n<tr>\n<td width=\"319\"><strong>Massa total (Kg)<\/strong><\/td>\n<td width=\"288\"><strong>31000<\/strong><\/td>\n<\/tr>\n<tr>\n<td rowspan=\"4\" width=\"79\"><strong>Corpo<\/strong><\/td>\n<td width=\"319\"><strong>Volume do tanque de asfalto (m\u00b3)<\/strong><\/td>\n<td width=\"288\"><strong>11<\/strong><\/td>\n<\/tr>\n<tr>\n<td width=\"319\"><strong>Capacidade do contentor de pedras (m\u00b3)<\/strong><\/td>\n<td width=\"288\"><strong>15<\/strong><\/td>\n<\/tr>\n<tr>\n<td width=\"319\"><strong>Material do tanque<\/strong><\/td>\n<td width=\"288\"><strong>Q235carbon steel<\/strong><\/td>\n<\/tr>\n<tr>\n<td width=\"319\"><strong>Pele de tanque<\/strong><\/td>\n<td width=\"288\"><strong>A\u00e7o inoxid\u00e1vel (1 mm)<\/strong><\/td>\n<\/tr>\n<tr>\n<td rowspan=\"7\" width=\"79\"><strong>Chassis<\/strong><\/p>\n<p>&nbsp;<\/td>\n<td width=\"319\"><strong>Marca do chassi<\/strong><\/td>\n<td width=\"288\"><strong>SHACMAN<\/strong><\/td>\n<\/tr>\n<tr>\n<td width=\"319\"><strong>Formul\u00e1rio de unidade<\/strong><\/td>\n<td width=\"288\"><strong>8*4<\/strong><\/td>\n<\/tr>\n<tr>\n<td width=\"319\"><strong>Volante<\/strong><\/td>\n<td width=\"288\"><strong>Dire\u00e7\u00e3o \u00e0 esquerda<\/strong><\/td>\n<\/tr>\n<tr>\n<td width=\"319\"><strong>Marca e modelo do motor<\/strong><\/td>\n<td width=\"288\"><strong>WP10H375E62<\/strong><\/td>\n<\/tr>\n<tr>\n<td width=\"319\"><strong>Pot\u00eancia m\u00e1xima do motor (kW)<\/strong><\/td>\n<td width=\"288\"><strong>276<\/strong><\/td>\n<\/tr>\n<tr>\n<td width=\"319\"><strong>Norma de emiss\u00e3o do motor<\/strong><\/td>\n<td width=\"288\"><strong>Euro 6<\/strong><\/td>\n<\/tr>\n<tr>\n<td width=\"319\"><strong>Caixa de engrenagens<\/strong><\/td>\n<td width=\"288\"><strong>12-Speed Manual<\/strong><\/td>\n<\/tr>\n<\/tbody>\n<\/table>\n<h1 style=\"text-align: center;\">Sistema de Espalhamento de Asfalto<\/h1>\n<p><img decoding=\"async\" class=\"aligncenter wp-image-7835\" src=\"https:\/\/ac-truck.com\/wp-content\/uploads\/2026\/03\/%E5%90%8C%E6%AD%A5%E7%A2%8E%E7%9F%B3%E5%B0%81%E5%B1%82%E8%AF%A6%E6%83%85%E9%A1%B5_05.webp\" sizes=\"(max-width: 1234px) 100vw, 1234px\" srcset=\"https:\/\/ac-truck.com\/wp-content\/uploads\/2026\/03\/\u540c\u6b65\u788e\u77f3\u5c01\u5c42\u8be6\u60c5\u9875_05.webp 790w, https:\/\/ac-truck.com\/wp-content\/uploads\/2026\/03\/\u540c\u6b65\u788e\u77f3\u5c01\u5c42\u8be6\u60c5\u9875_05-110x300.webp 110w, https:\/\/ac-truck.com\/wp-content\/uploads\/2026\/03\/\u540c\u6b65\u788e\u77f3\u5c01\u5c42\u8be6\u60c5\u9875_05-374x1024.webp 374w, https:\/\/ac-truck.com\/wp-content\/uploads\/2026\/03\/\u540c\u6b65\u788e\u77f3\u5c01\u5c42\u8be6\u60c5\u9875_05-768x2104.webp 768w, https:\/\/ac-truck.com\/wp-content\/uploads\/2026\/03\/\u540c\u6b65\u788e\u77f3\u5c01\u5c42\u8be6\u60c5\u9875_05-561x1536.webp 561w, https:\/\/ac-truck.com\/wp-content\/uploads\/2026\/03\/\u540c\u6b65\u788e\u77f3\u5c01\u5c42\u8be6\u60c5\u9875_05-748x2048.webp 748w, https:\/\/ac-truck.com\/wp-content\/uploads\/2026\/03\/\u540c\u6b65\u788e\u77f3\u5c01\u5c42\u8be6\u60c5\u9875_05-4x12.webp 4w, https:\/\/ac-truck.com\/wp-content\/uploads\/2026\/03\/\u540c\u6b65\u788e\u77f3\u5c01\u5c42\u8be6\u60c5\u9875_05-600x1644.webp 600w, https:\/\/ac-truck.com\/wp-content\/uploads\/2026\/03\/\u540c\u6b65\u788e\u77f3\u5c01\u5c42\u8be6\u60c5\u9875_05-150x411.webp 150w\" alt=\"\" width=\"1234\" height=\"3380\" \/><\/p>\n<p><strong>1. Bomba de asfalto: Resistente \u00e0 abras\u00e3o e \u00e0 press\u00e3o, \u00e9 capaz de transportar asfalto de forma est\u00e1vel e eficiente, sem fugas.<\/strong><br \/>\n<strong>2.\u00ba Dispositivo de espalhamento de asfalto: A largura de espalhamento \u00e9 ajust\u00e1vel e a descarga do material \u00e9 uniforme e precisa, garantindo um revestimento de selagem rodovi\u00e1ria de alta qualidade.<\/strong><br \/>\n<strong>3. Aquecedor: Capaz de elevar a temperatura de forma r\u00e1pida e uniforme, conta com um controlo t\u00e9rmico est\u00e1vel para garantir que a viscosidade do asfalto durante a execu\u00e7\u00e3o cumpre as normas estabelecidas.<\/strong><br \/>\n<strong>4.\u00ba Sa\u00edda de \u00f3leo de aquecimento: Com um caudal est\u00e1vel, o \u00f3leo t\u00e9rmico circula de forma fluida, resultando num bom efeito de aquecimento.<\/strong><br \/>\n<strong>5. Entrada e sa\u00edda da bomba de asfalto: S\u00e3o anti-entupimento e resistentes \u00e0 abras\u00e3o, apresentando uma boa fluidez e garantindo o transporte suave do asfalto, sem obstru\u00e7\u00f5es.<\/strong><br \/>\n<strong>6. Sensor de temperatura: Apresenta uma resposta sens\u00edvel e uma medi\u00e7\u00e3o precisa da temperatura, fornecendo dados fi\u00e1veis \u200b\u200bpara o controlo da temperatura de constru\u00e7\u00e3o.<\/strong><\/p>\n<h1 style=\"text-align: center;\">Sistema de Espalhamento de Agregados<\/h1>\n<p><img loading=\"lazy\" decoding=\"async\" class=\"aligncenter wp-image-7836\" src=\"https:\/\/ac-truck.com\/wp-content\/uploads\/2026\/03\/%E5%90%8C%E6%AD%A5%E7%A2%8E%E7%9F%B3%E5%B0%81%E5%B1%82%E8%AF%A6%E6%83%85%E9%A1%B5_07.webp\" sizes=\"(max-width: 1234px) 100vw, 1234px\" srcset=\"https:\/\/ac-truck.com\/wp-content\/uploads\/2026\/03\/\u540c\u6b65\u788e\u77f3\u5c01\u5c42\u8be6\u60c5\u9875_07.webp 790w, https:\/\/ac-truck.com\/wp-content\/uploads\/2026\/03\/\u540c\u6b65\u788e\u77f3\u5c01\u5c42\u8be6\u60c5\u9875_07-214x300.webp 214w, https:\/\/ac-truck.com\/wp-content\/uploads\/2026\/03\/\u540c\u6b65\u788e\u77f3\u5c01\u5c42\u8be6\u60c5\u9875_07-731x1024.webp 731w, https:\/\/ac-truck.com\/wp-content\/uploads\/2026\/03\/\u540c\u6b65\u788e\u77f3\u5c01\u5c42\u8be6\u60c5\u9875_07-768x1076.webp 768w, https:\/\/ac-truck.com\/wp-content\/uploads\/2026\/03\/\u540c\u6b65\u788e\u77f3\u5c01\u5c42\u8be6\u60c5\u9875_07-9x12.webp 9w, https:\/\/ac-truck.com\/wp-content\/uploads\/2026\/03\/\u540c\u6b65\u788e\u77f3\u5c01\u5c42\u8be6\u60c5\u9875_07-600x841.webp 600w, https:\/\/ac-truck.com\/wp-content\/uploads\/2026\/03\/\u540c\u6b65\u788e\u77f3\u5c01\u5c42\u8be6\u60c5\u9875_07-150x210.webp 150w\" alt=\"\" width=\"1234\" height=\"1729\" \/><\/p>\n<p><strong>1. Sa\u00edda de espalhamento de pedras: Apresenta uma descarga uniforme de material e uma largura ajust\u00e1vel, garantindo um elevado n\u00edvel de nivelamento no espalhamento das pedras.<\/strong><br \/>\n<strong>2. Sa\u00edda de descarga de cascalho: \u00c9 anti-entupimento e resistente \u00e0 abras\u00e3o, com um fluxo suave do material, garantindo uma boa continuidade na distribui\u00e7\u00e3o do cascalho.<\/strong><\/p>\n<h1 style=\"text-align: center;\">Estrutura do BIN<\/h1>\n<p><img loading=\"lazy\" decoding=\"async\" class=\"aligncenter wp-image-7837\" src=\"https:\/\/ac-truck.com\/wp-content\/uploads\/2026\/03\/%E5%90%8C%E6%AD%A5%E7%A2%8E%E7%9F%B3%E5%B0%81%E5%B1%82%E8%AF%A6%E6%83%85%E9%A1%B5_09.webp\" sizes=\"(max-width: 1234px) 100vw, 1234px\" srcset=\"https:\/\/ac-truck.com\/wp-content\/uploads\/2026\/03\/\u540c\u6b65\u788e\u77f3\u5c01\u5c42\u8be6\u60c5\u9875_09.webp 790w, https:\/\/ac-truck.com\/wp-content\/uploads\/2026\/03\/\u540c\u6b65\u788e\u77f3\u5c01\u5c42\u8be6\u60c5\u9875_09-217x300.webp 217w, https:\/\/ac-truck.com\/wp-content\/uploads\/2026\/03\/\u540c\u6b65\u788e\u77f3\u5c01\u5c42\u8be6\u60c5\u9875_09-740x1024.webp 740w, https:\/\/ac-truck.com\/wp-content\/uploads\/2026\/03\/\u540c\u6b65\u788e\u77f3\u5c01\u5c42\u8be6\u60c5\u9875_09-768x1063.webp 768w, https:\/\/ac-truck.com\/wp-content\/uploads\/2026\/03\/\u540c\u6b65\u788e\u77f3\u5c01\u5c42\u8be6\u60c5\u9875_09-9x12.webp 9w, https:\/\/ac-truck.com\/wp-content\/uploads\/2026\/03\/\u540c\u6b65\u788e\u77f3\u5c01\u5c42\u8be6\u60c5\u9875_09-600x830.webp 600w, https:\/\/ac-truck.com\/wp-content\/uploads\/2026\/03\/\u540c\u6b65\u788e\u77f3\u5c01\u5c42\u8be6\u60c5\u9875_09-150x208.webp 150w\" alt=\"\" width=\"1234\" height=\"1707\" \/><\/p>\n<p><strong>1. Tanque de asfalto: Apresenta um bom desempenho de conserva\u00e7\u00e3o t\u00e9rmica e \u00e9 resistente \u00e0 corros\u00e3o, garantindo eficazmente a temperatura de armazenamento e a pureza do asfalto.<\/strong><br \/>\n<strong>2. Tanque de Cascalho: Possui uma estrutura robusta, \u00e9 anti-entupimento e dur\u00e1vel, garantindo o armazenamento e o descarregamento de cascalho de forma fluida e eficiente.<\/strong><\/p>\n<h1 style=\"text-align: center;\">Sistema de Controlo<\/h1>\n<p><img loading=\"lazy\" decoding=\"async\" class=\"aligncenter wp-image-7838\" src=\"https:\/\/ac-truck.com\/wp-content\/uploads\/2026\/03\/%E5%90%8C%E6%AD%A5%E7%A2%8E%E7%9F%B3%E5%B0%81%E5%B1%82%E8%AF%A6%E6%83%85%E9%A1%B5_11.webp\" sizes=\"(max-width: 1234px) 100vw, 1234px\" srcset=\"https:\/\/ac-truck.com\/wp-content\/uploads\/2026\/03\/\u540c\u6b65\u788e\u77f3\u5c01\u5c42\u8be6\u60c5\u9875_11.webp 790w, https:\/\/ac-truck.com\/wp-content\/uploads\/2026\/03\/\u540c\u6b65\u788e\u77f3\u5c01\u5c42\u8be6\u60c5\u9875_11-300x213.webp 300w, https:\/\/ac-truck.com\/wp-content\/uploads\/2026\/03\/\u540c\u6b65\u788e\u77f3\u5c01\u5c42\u8be6\u60c5\u9875_11-768x546.webp 768w, https:\/\/ac-truck.com\/wp-content\/uploads\/2026\/03\/\u540c\u6b65\u788e\u77f3\u5c01\u5c42\u8be6\u60c5\u9875_11-18x12.webp 18w, https:\/\/ac-truck.com\/wp-content\/uploads\/2026\/03\/\u540c\u6b65\u788e\u77f3\u5c01\u5c42\u8be6\u60c5\u9875_11-600x427.webp 600w, https:\/\/ac-truck.com\/wp-content\/uploads\/2026\/03\/\u540c\u6b65\u788e\u77f3\u5c01\u5c42\u8be6\u60c5\u9875_11-150x107.webp 150w\" alt=\"\" width=\"1234\" height=\"878\" \/><\/p>\n<p><strong>O grande ecr\u00e3 de visualiza\u00e7\u00e3o na cabine e os bot\u00f5es de opera\u00e7\u00e3o: apresentam uma visualiza\u00e7\u00e3o n\u00edtida e dados abrangentes, tornando os par\u00e2metros de constru\u00e7\u00e3o claramente vis\u00edveis. A sua disposi\u00e7\u00e3o \u00e9 l\u00f3gica e a resposta ao toque \u00e9 altamente sens\u00edvel, permitindo uma opera\u00e7\u00e3o de constru\u00e7\u00e3o conveniente e eficiente.<\/strong><\/p>\n<h1 style=\"text-align: center;\">CEN\u00c1RIOS DE APLICA\u00c7\u00c3O<\/h1>\n<p><img loading=\"lazy\" decoding=\"async\" class=\"aligncenter wp-image-7839\" src=\"https:\/\/ac-truck.com\/wp-content\/uploads\/2026\/03\/%E5%90%8C%E6%AD%A5%E7%A2%8E%E7%9F%B3%E5%B0%81%E5%B1%82%E8%AF%A6%E6%83%85%E9%A1%B5_15.webp\" sizes=\"(max-width: 1234px) 100vw, 1234px\" srcset=\"https:\/\/ac-truck.com\/wp-content\/uploads\/2026\/03\/\u540c\u6b65\u788e\u77f3\u5c01\u5c42\u8be6\u60c5\u9875_15.webp 790w, https:\/\/ac-truck.com\/wp-content\/uploads\/2026\/03\/\u540c\u6b65\u788e\u77f3\u5c01\u5c42\u8be6\u60c5\u9875_15-120x300.webp 120w, https:\/\/ac-truck.com\/wp-content\/uploads\/2026\/03\/\u540c\u6b65\u788e\u77f3\u5c01\u5c42\u8be6\u60c5\u9875_15-411x1024.webp 411w, https:\/\/ac-truck.com\/wp-content\/uploads\/2026\/03\/\u540c\u6b65\u788e\u77f3\u5c01\u5c42\u8be6\u60c5\u9875_15-768x1912.webp 768w, https:\/\/ac-truck.com\/wp-content\/uploads\/2026\/03\/\u540c\u6b65\u788e\u77f3\u5c01\u5c42\u8be6\u60c5\u9875_15-617x1536.webp 617w, https:\/\/ac-truck.com\/wp-content\/uploads\/2026\/03\/\u540c\u6b65\u788e\u77f3\u5c01\u5c42\u8be6\u60c5\u9875_15-5x12.webp 5w, https:\/\/ac-truck.com\/wp-content\/uploads\/2026\/03\/\u540c\u6b65\u788e\u77f3\u5c01\u5c42\u8be6\u60c5\u9875_15-600x1494.webp 600w, https:\/\/ac-truck.com\/wp-content\/uploads\/2026\/03\/\u540c\u6b65\u788e\u77f3\u5c01\u5c42\u8be6\u60c5\u9875_15-150x373.webp 150w\" alt=\"\" width=\"1234\" height=\"3073\" \/><\/p>\n<h1 style=\"text-align: center;\">EMBALAMENTO E TRANSPORTE<\/h1>\n<p><img loading=\"lazy\" decoding=\"async\" class=\"aligncenter wp-image-7840\" src=\"https:\/\/ac-truck.com\/wp-content\/uploads\/2026\/03\/%E5%90%8C%E6%AD%A5%E7%A2%8E%E7%9F%B3%E5%B0%81%E5%B1%82%E8%AF%A6%E6%83%85%E9%A1%B5_17.webp\" sizes=\"(max-width: 1234px) 100vw, 1234px\" srcset=\"https:\/\/ac-truck.com\/wp-content\/uploads\/2026\/03\/\u540c\u6b65\u788e\u77f3\u5c01\u5c42\u8be6\u60c5\u9875_17.webp 790w, https:\/\/ac-truck.com\/wp-content\/uploads\/2026\/03\/\u540c\u6b65\u788e\u77f3\u5c01\u5c42\u8be6\u60c5\u9875_17-196x300.webp 196w, https:\/\/ac-truck.com\/wp-content\/uploads\/2026\/03\/\u540c\u6b65\u788e\u77f3\u5c01\u5c42\u8be6\u60c5\u9875_17-668x1024.webp 668w, https:\/\/ac-truck.com\/wp-content\/uploads\/2026\/03\/\u540c\u6b65\u788e\u77f3\u5c01\u5c42\u8be6\u60c5\u9875_17-768x1177.webp 768w, https:\/\/ac-truck.com\/wp-content\/uploads\/2026\/03\/\u540c\u6b65\u788e\u77f3\u5c01\u5c42\u8be6\u60c5\u9875_17-8x12.webp 8w, https:\/\/ac-truck.com\/wp-content\/uploads\/2026\/03\/\u540c\u6b65\u788e\u77f3\u5c01\u5c42\u8be6\u60c5\u9875_17-600x920.webp 600w, https:\/\/ac-truck.com\/wp-content\/uploads\/2026\/03\/\u540c\u6b65\u788e\u77f3\u5c01\u5c42\u8be6\u60c5\u9875_17-150x230.webp 150w\" alt=\"\" width=\"1234\" height=\"1892\" \/><\/p>","protected":false},"excerpt":{"rendered":"<p>PRODUCT PARAMETERS VEHICLE ADVANTAGES Chipsealer SHACMAN 8&#215;4 project Descriptions Specifications Basic Overall dimensions(mm) 11880*2550*3850 curb weight(Kg) 21280 Loading capacity(Kg) 9590<\/p>","protected":false},"featured_media":7861,"template":"","meta":[],"product_brand":[247],"product_cat":[375],"product_tag":[383,384,385],"class_list":{"0":"post-7858","1":"product","2":"type-product","3":"status-publish","4":"has-post-thumbnail","6":"product_brand-shacman","7":"product_cat-road-machinery","8":"product_tag-chipsealer","9":"product_tag-synchronous-chip-sealer","10":"product_tag-chip-seal-truck","12":"first","13":"instock","14":"shipping-taxable","15":"product-type-simple"},"_links":{"self":[{"href":"https:\/\/ac-truck.com\/pt\/wp-json\/wp\/v2\/product\/7858","targetHints":{"allow":["GET"]}}],"collection":[{"href":"https:\/\/ac-truck.com\/pt\/wp-json\/wp\/v2\/product"}],"about":[{"href":"https:\/\/ac-truck.com\/pt\/wp-json\/wp\/v2\/types\/product"}],"version-history":[{"count":1,"href":"https:\/\/ac-truck.com\/pt\/wp-json\/wp\/v2\/product\/7858\/revisions"}],"predecessor-version":[{"id":7867,"href":"https:\/\/ac-truck.com\/pt\/wp-json\/wp\/v2\/product\/7858\/revisions\/7867"}],"wp:featuredmedia":[{"embeddable":true,"href":"https:\/\/ac-truck.com\/pt\/wp-json\/wp\/v2\/media\/7861"}],"wp:attachment":[{"href":"https:\/\/ac-truck.com\/pt\/wp-json\/wp\/v2\/media?parent=7858"}],"wp:term":[{"taxonomy":"product_brand","embeddable":true,"href":"https:\/\/ac-truck.com\/pt\/wp-json\/wp\/v2\/product_brand?post=7858"},{"taxonomy":"product_cat","embeddable":true,"href":"https:\/\/ac-truck.com\/pt\/wp-json\/wp\/v2\/product_cat?post=7858"},{"taxonomy":"product_tag","embeddable":true,"href":"https:\/\/ac-truck.com\/pt\/wp-json\/wp\/v2\/product_tag?post=7858"}],"curies":[{"name":"wp","href":"https:\/\/api.w.org\/{rel}","templated":true}]}}